{"id":18106,"date":"2022-02-17T07:30:29","date_gmt":"2022-02-17T06:30:29","guid":{"rendered":"https:\/\/www.schramas.com\/?post_type=product&#038;p=18106"},"modified":"2026-04-16T17:41:30","modified_gmt":"2026-04-16T15:41:30","slug":"malus-domestica-pommier-golden-delicious-pot-de-5-litres","status":"publish","type":"product","link":"https:\/\/www.schramas.com\/fr\/boutique\/malus-domestica-pommier-golden-delicious-pot-de-5-litres\/","title":{"rendered":"Pommier Malus domestica 'Golden delicious', pot de 5 litres"},"content":{"rendered":"<p>Le <strong>Malus domestica 'Golden Delicious'<\/strong> est un pommier classique connu pour ses pommes reconnaissables, d'un jaune vif et d'une d\u00e9licieuse saveur sucr\u00e9e. Particuli\u00e8rement appr\u00e9ci\u00e9e pour sa chair croquante et juteuse et son ar\u00f4me doux, cette pomme est particuli\u00e8rement appr\u00e9ci\u00e9e des enfants. Le pommier 'Golden Delicious' fleurit au printemps et produit des pommes jaune d'or de taille moyenne, pr\u00eates \u00e0 \u00eatre cueillies \u00e0 partir d'octobre.<\/p>\n<h3>Caract\u00e9ristiques :<\/h3>\n<ul>\n<li><strong>Fruits et ar\u00f4mes<\/strong>La pomme \"Golden Delicious\" a une saveur douce et sucr\u00e9e, id\u00e9ale pour la consommation fra\u00eeche. Sa chair jaune p\u00e2le est croquante et juteuse, ce qui en fait un choix populaire dans de nombreux foyers.<\/li>\n<li><strong>Stockage<\/strong>: Au frais, les pommes se conservent longtemps et gardent leur saveur et leur texture.<\/li>\n<li><strong>Autopollinisation<\/strong>Cet arbre est en partie autogame, mais un pollinisateur proche tel que 'Elstar', 'James Grieve', 'Alkmene' ou 'Benoni' fournira une r\u00e9colte plus riche.<\/li>\n<\/ul>\n<h3>Entretien et pose :<\/h3>\n<ul>\n<li><strong>Localisation<\/strong>La vari\u00e9t\u00e9 'Golden Delicious' aime un endroit chaud et abrit\u00e9 o\u00f9 l'arbre peut bien s\u00e9cher par soufflage afin de r\u00e9duire le risque de maladies. La vari\u00e9t\u00e9 a besoin d'un emplacement ensoleill\u00e9 pour une croissance et une maturation optimales des fruits.<\/li>\n<li><strong>Maintenance<\/strong>Taille : Il est important de tailler l'arbre chaque ann\u00e9e pour assurer une bonne circulation de l'air et favoriser la fructification. Bien que l'arbre soit quelque peu sensible aux maladies fongiques, un bon emplacement contribuera largement \u00e0 les pr\u00e9venir.<\/li>\n<\/ul>","protected":false},"excerpt":{"rendered":"<p>Malus domestica &#039;Golden d\u00e9licieux&#039;<\/p>\n<p>Vari\u00e9t\u00e9 de pomme tr\u00e8s populaire pour tous les climats.<\/p>\n<p>Go\u00fbt : frais et doux.<\/p>\n<p>Couleur du fruit : vert-jaune .<\/p>\n<p>Hauteur maximale : 2,5 \u00e0 3 m\u00e8tres<\/p>\n<p>convient aussi bien pour les terrasses que pour les terrains en plein air<\/p>\n<p>Hauteur de livraison avec pot : 80 cm-100 cm<\/p>\n<p>Taille du pot : 5 litres.<\/p>\n<p>&nbsp;<\/p>","protected":false},"featured_media":20359,"template":"","meta":{"_joinchat":[]},"product_brand":[],"product_cat":[20,262,233,803],"product_tag":[569,584,2174,352,2173,1124,1354,351,316,2170],"class_list":{"0":"post-18106","1":"product","2":"type-product","3":"status-publish","4":"has-post-thumbnail","6":"product_cat-appels","7":"product_cat-bomen-struiken","8":"product_cat-fruitbomen","9":"product_cat-herfst","10":"product_tag-appel","11":"product_tag-fris-zoet","12":"product_tag-gedeeltelijk-zelfbestuivend","13":"product_tag-geent","14":"product_tag-herfstpluk","15":"product_tag-knapperig","16":"product_tag-onderhoudsvriendelijk","17":"product_tag-winterhard","18":"product_tag-zelfbestuivend","19":"product_tag-zoete-appel","20":"pa_bloeimaanden-maart","21":"pa_bloeimaanden-april","22":"pa_groeihoogte-200-300-cm","23":"pa_pot-met-pot","25":"first","26":"instock","27":"taxable","28":"shipping-taxable","29":"purchasable","30":"product-type-simple"},"yoast_head":"<!-- This site is optimized with the Yoast SEO plugin v24.2 - https:\/\/yoast.com\/wordpress\/plugins\/seo\/ -->\n<title>Malus domestica &#039;Golden delicious&#039; appelboom, 5 liter pot kopen | Planten eenvoudig online bestellen | Schramas.com<\/title>\n<meta name=\"robots\" content=\"index, follow, max-snippet:-1, max-image-preview:large, max-video-preview:-1\" \/>\n<link rel=\"canonical\" href=\"https:\/\/www.schramas.com\/fr\/boutique\/malus-domestica-pommier-golden-delicious-pot-de-5-litres\/\" \/>\n<meta property=\"og:locale\" content=\"fr_FR\" \/>\n<meta property=\"og:type\" content=\"article\" \/>\n<meta property=\"og:title\" content=\"Malus domestica &#039;Golden delicious&#039; appelboom, 5 liter pot kopen | Planten eenvoudig online bestellen | Schramas.com\" \/>\n<meta property=\"og:description\" content=\"Malus domestica &#039;Golden delicious&#039;  Zeer populaire appelsoort voor alle klimaten.  Smaak: fris- zoet.  Kleur vrucht: groengeel .  Hoogte max: 2,5 tot 3 meter  geschikt voor zowel patio als volle grond  Leverhoogte incl. pot:80 cm-100cm  Pot maat: 5 liter.  &nbsp;\" \/>\n<meta property=\"og:url\" content=\"https:\/\/www.schramas.com\/fr\/boutique\/malus-domestica-pommier-golden-delicious-pot-de-5-litres\/\" \/>\n<meta property=\"og:site_name\" content=\"Planten eenvoudig online bestellen | Schramas.com\" \/>\n<meta property=\"article:publisher\" content=\"https:\/\/www.facebook.com\/Schramascom-106872874153195\/\" \/>\n<meta property=\"article:modified_time\" content=\"2026-04-16T15:41:30+00:00\" \/>\n<meta property=\"og:image\" content=\"http:\/\/www.schramas.com\/wp-content\/uploads\/2022\/02\/delicious-sfeer.jpg\" \/>\n\t<meta property=\"og:image:width\" content=\"1200\" \/>\n\t<meta property=\"og:image:height\" content=\"1200\" \/>\n\t<meta property=\"og:image:type\" content=\"image\/jpeg\" \/>\n<meta name=\"twitter:card\" content=\"summary_large_image\" \/>\n<meta name=\"twitter:label1\" content=\"Dur\u00e9e de lecture estim\u00e9e\" \/>\n\t<meta name=\"twitter:data1\" content=\"1 minute\" \/>\n<script type=\"application\/ld+json\" class=\"yoast-schema-graph\">{\"@context\":\"https:\/\/schema.org\",\"@graph\":[{\"@type\":[\"WebPage\",\"ItemPage\"],\"@id\":\"https:\/\/www.schramas.com\/winkel\/malus-domestica-golden-delicious-appelboom-5-liter-pot\/\",\"url\":\"https:\/\/www.schramas.com\/winkel\/malus-domestica-golden-delicious-appelboom-5-liter-pot\/\",\"name\":\"Malus domestica 'Golden delicious' appelboom, 5 liter pot kopen | Planten eenvoudig online bestellen | Schramas.com\",\"isPartOf\":{\"@id\":\"https:\/\/www.schramas.com\/#website\"},\"primaryImageOfPage\":{\"@id\":\"https:\/\/www.schramas.com\/winkel\/malus-domestica-golden-delicious-appelboom-5-liter-pot\/#primaryimage\"},\"image\":{\"@id\":\"https:\/\/www.schramas.com\/winkel\/malus-domestica-golden-delicious-appelboom-5-liter-pot\/#primaryimage\"},\"thumbnailUrl\":\"https:\/\/www.schramas.com\/wp-content\/uploads\/2022\/02\/delicious-sfeer.jpg\",\"datePublished\":\"2022-02-17T06:30:29+00:00\",\"dateModified\":\"2026-04-16T15:41:30+00:00\",\"breadcrumb\":{\"@id\":\"https:\/\/www.schramas.com\/winkel\/malus-domestica-golden-delicious-appelboom-5-liter-pot\/#breadcrumb\"},\"inLanguage\":\"fr-FR\",\"potentialAction\":[{\"@type\":\"ReadAction\",\"target\":[\"https:\/\/www.schramas.com\/winkel\/malus-domestica-golden-delicious-appelboom-5-liter-pot\/\"]}]},{\"@type\":\"ImageObject\",\"inLanguage\":\"fr-FR\",\"@id\":\"https:\/\/www.schramas.com\/winkel\/malus-domestica-golden-delicious-appelboom-5-liter-pot\/#primaryimage\",\"url\":\"https:\/\/www.schramas.com\/wp-content\/uploads\/2022\/02\/delicious-sfeer.jpg\",\"contentUrl\":\"https:\/\/www.schramas.com\/wp-content\/uploads\/2022\/02\/delicious-sfeer.jpg\",\"width\":1200,\"height\":1200},{\"@type\":\"BreadcrumbList\",\"@id\":\"https:\/\/www.schramas.com\/winkel\/malus-domestica-golden-delicious-appelboom-5-liter-pot\/#breadcrumb\",\"itemListElement\":[{\"@type\":\"ListItem\",\"position\":1,\"name\":\"Product\",\"item\":\"https:\/\/www.schramas.com\/assortiment\/\"},{\"@type\":\"ListItem\",\"position\":2,\"name\":\"Bomen &amp; Struiken\",\"item\":\"https:\/\/www.schramas.com\/product-category\/bomen-struiken\/\"},{\"@type\":\"ListItem\",\"position\":3,\"name\":\"Fruitbomen\",\"item\":\"https:\/\/www.schramas.com\/product-category\/bomen-struiken\/fruitbomen\/\"},{\"@type\":\"ListItem\",\"position\":4,\"name\":\"Appels\",\"item\":\"https:\/\/www.schramas.com\/product-category\/bomen-struiken\/fruitbomen\/appels\/\"},{\"@type\":\"ListItem\",\"position\":5,\"name\":\"Malus domestica &#8216;Golden delicious&#8217; appelboom, 5 liter pot\"}]},{\"@type\":\"WebSite\",\"@id\":\"https:\/\/www.schramas.com\/#website\",\"url\":\"https:\/\/www.schramas.com\/\",\"name\":\"Schramas.com | Tuinplanten eenvoudig online bestellen | Direct van onze Kwekerij\",\"description\":\"\",\"alternateName\":\"Schramas.com - Alle planten direct van de kweker\",\"potentialAction\":[{\"@type\":\"SearchAction\",\"target\":{\"@type\":\"EntryPoint\",\"urlTemplate\":\"https:\/\/www.schramas.com\/?s={search_term_string}\"},\"query-input\":{\"@type\":\"PropertyValueSpecification\",\"valueRequired\":true,\"valueName\":\"search_term_string\"}}],\"inLanguage\":\"fr-FR\"}]}<\/script>\n<!-- \/ Yoast SEO plugin. -->","yoast_head_json":{"title":"Achetez Pommier Malus domestica &#039;Golden Delicious&#039;, pot de 5 litres | Commandez facilement des plantes en ligne | Schramas.com","robots":{"index":"index","follow":"follow","max-snippet":"max-snippet:-1","max-image-preview":"max-image-preview:large","max-video-preview":"max-video-preview:-1"},"canonical":"https:\/\/www.schramas.com\/fr\/boutique\/malus-domestica-pommier-golden-delicious-pot-de-5-litres\/","og_locale":"fr_FR","og_type":"article","og_title":"Malus domestica 'Golden delicious' appelboom, 5 liter pot kopen | Planten eenvoudig online bestellen | Schramas.com","og_description":"Malus domestica 'Golden delicious'  Zeer populaire appelsoort voor alle klimaten.  Smaak: fris- zoet.  Kleur vrucht: groengeel .  Hoogte max: 2,5 tot 3 meter  geschikt voor zowel patio als volle grond  Leverhoogte incl. pot:80 cm-100cm  Pot maat: 5 liter.  &nbsp;","og_url":"https:\/\/www.schramas.com\/fr\/boutique\/malus-domestica-pommier-golden-delicious-pot-de-5-litres\/","og_site_name":"Planten eenvoudig online bestellen | Schramas.com","article_publisher":"https:\/\/www.facebook.com\/Schramascom-106872874153195\/","article_modified_time":"2026-04-16T15:41:30+00:00","og_image":[{"width":1200,"height":1200,"url":"http:\/\/www.schramas.com\/wp-content\/uploads\/2022\/02\/delicious-sfeer.jpg","type":"image\/jpeg"}],"twitter_card":"summary_large_image","twitter_misc":{"Dur\u00e9e de lecture estim\u00e9e":"1 minute"},"schema":{"@context":"https:\/\/schema.org","@graph":[{"@type":["WebPage","ItemPage"],"@id":"https:\/\/www.schramas.com\/winkel\/malus-domestica-golden-delicious-appelboom-5-liter-pot\/","url":"https:\/\/www.schramas.com\/winkel\/malus-domestica-golden-delicious-appelboom-5-liter-pot\/","name":"Achetez Pommier Malus domestica &#039;Golden Delicious&#039;, pot de 5 litres | Commandez facilement des plantes en ligne | Schramas.com","isPartOf":{"@id":"https:\/\/www.schramas.com\/#website"},"primaryImageOfPage":{"@id":"https:\/\/www.schramas.com\/winkel\/malus-domestica-golden-delicious-appelboom-5-liter-pot\/#primaryimage"},"image":{"@id":"https:\/\/www.schramas.com\/winkel\/malus-domestica-golden-delicious-appelboom-5-liter-pot\/#primaryimage"},"thumbnailUrl":"https:\/\/www.schramas.com\/wp-content\/uploads\/2022\/02\/delicious-sfeer.jpg","datePublished":"2022-02-17T06:30:29+00:00","dateModified":"2026-04-16T15:41:30+00:00","breadcrumb":{"@id":"https:\/\/www.schramas.com\/winkel\/malus-domestica-golden-delicious-appelboom-5-liter-pot\/#breadcrumb"},"inLanguage":"fr-FR","potentialAction":[{"@type":"ReadAction","target":["https:\/\/www.schramas.com\/winkel\/malus-domestica-golden-delicious-appelboom-5-liter-pot\/"]}]},{"@type":"ImageObject","inLanguage":"fr-FR","@id":"https:\/\/www.schramas.com\/winkel\/malus-domestica-golden-delicious-appelboom-5-liter-pot\/#primaryimage","url":"https:\/\/www.schramas.com\/wp-content\/uploads\/2022\/02\/delicious-sfeer.jpg","contentUrl":"https:\/\/www.schramas.com\/wp-content\/uploads\/2022\/02\/delicious-sfeer.jpg","width":1200,"height":1200},{"@type":"BreadcrumbList","@id":"https:\/\/www.schramas.com\/winkel\/malus-domestica-golden-delicious-appelboom-5-liter-pot\/#breadcrumb","itemListElement":[{"@type":"ListItem","position":1,"name":"Product","item":"https:\/\/www.schramas.com\/assortiment\/"},{"@type":"ListItem","position":2,"name":"Bomen &amp; Struiken","item":"https:\/\/www.schramas.com\/product-category\/bomen-struiken\/"},{"@type":"ListItem","position":3,"name":"Fruitbomen","item":"https:\/\/www.schramas.com\/product-category\/bomen-struiken\/fruitbomen\/"},{"@type":"ListItem","position":4,"name":"Appels","item":"https:\/\/www.schramas.com\/product-category\/bomen-struiken\/fruitbomen\/appels\/"},{"@type":"ListItem","position":5,"name":"Malus domestica &#8216;Golden delicious&#8217; appelboom, 5 liter pot"}]},{"@type":"WebSite","@id":"https:\/\/www.schramas.com\/#website","url":"https:\/\/www.schramas.com\/","name":"Schramas.com | Plantes de jardin faciles \u00e0 commander en ligne | En direct de notre p\u00e9pini\u00e8re","description":"","alternateName":"Schramas.com - Alle planten direct van de kweker","potentialAction":[{"@type":"SearchAction","target":{"@type":"EntryPoint","urlTemplate":"https:\/\/www.schramas.com\/?s={search_term_string}"},"query-input":{"@type":"PropertyValueSpecification","valueRequired":true,"valueName":"search_term_string"}}],"inLanguage":"fr-FR"}]}},"_links":{"self":[{"href":"https:\/\/www.schramas.com\/fr\/wp-json\/wp\/v2\/product\/18106","targetHints":{"allow":["GET"]}}],"collection":[{"href":"https:\/\/www.schramas.com\/fr\/wp-json\/wp\/v2\/product"}],"about":[{"href":"https:\/\/www.schramas.com\/fr\/wp-json\/wp\/v2\/types\/product"}],"version-history":[{"count":1,"href":"https:\/\/www.schramas.com\/fr\/wp-json\/wp\/v2\/product\/18106\/revisions"}],"predecessor-version":[{"id":44980,"href":"https:\/\/www.schramas.com\/fr\/wp-json\/wp\/v2\/product\/18106\/revisions\/44980"}],"wp:featuredmedia":[{"embeddable":true,"href":"https:\/\/www.schramas.com\/fr\/wp-json\/wp\/v2\/media\/20359"}],"wp:attachment":[{"href":"https:\/\/www.schramas.com\/fr\/wp-json\/wp\/v2\/media?parent=18106"}],"wp:term":[{"taxonomy":"product_brand","embeddable":true,"href":"https:\/\/www.schramas.com\/fr\/wp-json\/wp\/v2\/product_brand?post=18106"},{"taxonomy":"product_cat","embeddable":true,"href":"https:\/\/www.schramas.com\/fr\/wp-json\/wp\/v2\/product_cat?post=18106"},{"taxonomy":"product_tag","embeddable":true,"href":"https:\/\/www.schramas.com\/fr\/wp-json\/wp\/v2\/product_tag?post=18106"}],"curies":[{"name":"wp","href":"https:\/\/api.w.org\/{rel}","templated":true}]}}