{"id":18144,"date":"2022-02-19T14:04:49","date_gmt":"2022-02-19T13:04:49","guid":{"rendered":"https:\/\/www.schramas.com\/?post_type=product&#038;p=18144"},"modified":"2026-04-28T23:47:51","modified_gmt":"2026-04-28T21:47:51","slug":"prunus-avium-sylvia-cerisier-gisela-5-porte-greffe-pot-de-5-litres","status":"publish","type":"product","link":"https:\/\/www.schramas.com\/fr\/boutique\/prunus-avium-sylvia-cerisier-gisela-5-porte-greffe-pot-de-5-litres\/","title":{"rendered":"Prunus avium 'Sylvia' cerisier, porte-greffe Gisela 5, pot de 5 litres"},"content":{"rendered":"<p>Cherry Sylvia est une grosse cerise douce et ferme qui s'autof\u00e9conde, mais pour une plus grande r\u00e9colte de fruits, la pollinisation crois\u00e9e est recommand\u00e9e. L'arbre a de belles fleurs rose clair. Ce cerisier est cultiv\u00e9 sur un porte-greffe Gisela 5\u00ae. En pleine terre, le porte-greffe permet au cerisier d'atteindre une hauteur de 3,5 m\u00e8tres. De plus, gr\u00e2ce au porte-greffe, l'arbre peut commencer \u00e0 porter des fruits d\u00e8s la deuxi\u00e8me ann\u00e9e.<\/p>","protected":false},"excerpt":{"rendered":"<p>Prunus Avium 'Sylvia'<\/p>\n<p>Porte-greffe : Gisela 5<\/p>\n<p>Go\u00fbt : doux<\/p>\n<p>Couleur du fruit : rouge<\/p>\n<p>Hauteur maximale : environ 3,5-4,5 m\u00e8tres en terrain d\u00e9couvert<\/p>\n<p>Hauteur de livraison : environ 80-120 cm<\/p>\n<p>Fourni dans un pot de 5 litres.<\/p>\n<p>Autof\u00e9condation, mais pour plus de fruits, nous recommandons la pollinisation crois\u00e9e.<\/p>","protected":false},"featured_media":20973,"template":"","meta":{"_joinchat":[]},"product_brand":[],"product_cat":[262,233,22],"product_tag":[352,575,312,585,351,328],"class_list":{"0":"post-18144","1":"product","2":"type-product","3":"status-publish","4":"has-post-thumbnail","6":"product_cat-bomen-struiken","7":"product_cat-fruitbomen","8":"product_cat-kersen","9":"product_tag-geent","10":"product_tag-kers","11":"product_tag-steenvrucht","12":"product_tag-sylvia","13":"product_tag-winterhard","14":"product_tag-zoet","15":"pa_bloeimaanden-april","16":"pa_bloeimaanden-mei","17":"pa_ewd_uwcf_colors-rood-2","18":"pa_groeihoogte-300-cm","19":"pa_pot-5-liter-pot","21":"first","22":"instock","23":"taxable","24":"shipping-taxable","25":"purchasable","26":"product-type-simple"},"yoast_head":"<!-- This site is optimized with the Yoast SEO plugin v24.2 - https:\/\/yoast.com\/wordpress\/plugins\/seo\/ -->\n<title>Prunus avium &#039;Sylvia&#039; kersenboom, Gisela 5 onderstam, 5 liter pot kopen | Planten eenvoudig online bestellen | Schramas.com<\/title>\n<meta name=\"robots\" content=\"index, follow, max-snippet:-1, max-image-preview:large, max-video-preview:-1\" \/>\n<link rel=\"canonical\" href=\"https:\/\/www.schramas.com\/fr\/boutique\/prunus-avium-sylvia-cerisier-gisela-5-porte-greffe-pot-de-5-litres\/\" \/>\n<meta property=\"og:locale\" content=\"fr_FR\" \/>\n<meta property=\"og:type\" content=\"article\" \/>\n<meta property=\"og:title\" content=\"Prunus avium &#039;Sylvia&#039; kersenboom, Gisela 5 onderstam, 5 liter pot kopen | Planten eenvoudig online bestellen | Schramas.com\" \/>\n<meta property=\"og:description\" content=\"Prunus Avium &#039;Sylvia&#039;  Onderstam: Gisela 5\u00ae  Smaak: zoet  Kleur vrucht: rood  Hoogte maximaal: ca. 3,5-4,5 meter in de volle grond  Leverhoogte: ca. 80-120 cm  Geleverd in een 5 liter pot.  Zelfbestuivend maar voor meer fruit adviseren wij kruisbestuiving\" \/>\n<meta property=\"og:url\" content=\"https:\/\/www.schramas.com\/fr\/boutique\/prunus-avium-sylvia-cerisier-gisela-5-porte-greffe-pot-de-5-litres\/\" \/>\n<meta property=\"og:site_name\" content=\"Planten eenvoudig online bestellen | Schramas.com\" \/>\n<meta property=\"article:publisher\" content=\"https:\/\/www.facebook.com\/Schramascom-106872874153195\/\" \/>\n<meta property=\"article:modified_time\" content=\"2026-04-28T21:47:51+00:00\" \/>\n<meta property=\"og:image\" content=\"https:\/\/www.schramas.com\/wp-content\/uploads\/2022\/02\/sylvia-sfeer4.jpg\" \/>\n\t<meta property=\"og:image:width\" content=\"1200\" \/>\n\t<meta property=\"og:image:height\" content=\"1200\" \/>\n\t<meta property=\"og:image:type\" content=\"image\/jpeg\" \/>\n<meta name=\"twitter:card\" content=\"summary_large_image\" \/>\n<script type=\"application\/ld+json\" class=\"yoast-schema-graph\">{\"@context\":\"https:\/\/schema.org\",\"@graph\":[{\"@type\":[\"WebPage\",\"ItemPage\"],\"@id\":\"https:\/\/www.schramas.com\/en\/shop\/prunus-avium-sylvia-cherry-tree-gisela-5-rootstock-5-litre-pot\/\",\"url\":\"https:\/\/www.schramas.com\/en\/shop\/prunus-avium-sylvia-cherry-tree-gisela-5-rootstock-5-litre-pot\/\",\"name\":\"Prunus avium 'Sylvia' kersenboom, Gisela 5 onderstam, 5 liter pot kopen | Planten eenvoudig online bestellen | Schramas.com\",\"isPartOf\":{\"@id\":\"https:\/\/www.schramas.com\/#website\"},\"primaryImageOfPage\":{\"@id\":\"https:\/\/www.schramas.com\/en\/shop\/prunus-avium-sylvia-cherry-tree-gisela-5-rootstock-5-litre-pot\/#primaryimage\"},\"image\":{\"@id\":\"https:\/\/www.schramas.com\/en\/shop\/prunus-avium-sylvia-cherry-tree-gisela-5-rootstock-5-litre-pot\/#primaryimage\"},\"thumbnailUrl\":\"https:\/\/www.schramas.com\/wp-content\/uploads\/2022\/02\/sylvia-sfeer4.jpg\",\"datePublished\":\"2022-02-19T13:04:49+00:00\",\"dateModified\":\"2026-04-28T21:47:51+00:00\",\"breadcrumb\":{\"@id\":\"https:\/\/www.schramas.com\/en\/shop\/prunus-avium-sylvia-cherry-tree-gisela-5-rootstock-5-litre-pot\/#breadcrumb\"},\"inLanguage\":\"fr-FR\",\"potentialAction\":[{\"@type\":\"ReadAction\",\"target\":[\"https:\/\/www.schramas.com\/en\/shop\/prunus-avium-sylvia-cherry-tree-gisela-5-rootstock-5-litre-pot\/\"]}]},{\"@type\":\"ImageObject\",\"inLanguage\":\"fr-FR\",\"@id\":\"https:\/\/www.schramas.com\/en\/shop\/prunus-avium-sylvia-cherry-tree-gisela-5-rootstock-5-litre-pot\/#primaryimage\",\"url\":\"https:\/\/www.schramas.com\/wp-content\/uploads\/2022\/02\/sylvia-sfeer4.jpg\",\"contentUrl\":\"https:\/\/www.schramas.com\/wp-content\/uploads\/2022\/02\/sylvia-sfeer4.jpg\",\"width\":1200,\"height\":1200},{\"@type\":\"BreadcrumbList\",\"@id\":\"https:\/\/www.schramas.com\/en\/shop\/prunus-avium-sylvia-cherry-tree-gisela-5-rootstock-5-litre-pot\/#breadcrumb\",\"itemListElement\":[{\"@type\":\"ListItem\",\"position\":1,\"name\":\"Product\",\"item\":\"https:\/\/www.schramas.com\/assortiment\/\"},{\"@type\":\"ListItem\",\"position\":2,\"name\":\"Bomen &amp; Struiken\",\"item\":\"https:\/\/www.schramas.com\/product-category\/bomen-struiken\/\"},{\"@type\":\"ListItem\",\"position\":3,\"name\":\"Fruitbomen\",\"item\":\"https:\/\/www.schramas.com\/product-category\/bomen-struiken\/fruitbomen\/\"},{\"@type\":\"ListItem\",\"position\":4,\"name\":\"Kersen\",\"item\":\"https:\/\/www.schramas.com\/product-category\/bomen-struiken\/fruitbomen\/kersen\/\"},{\"@type\":\"ListItem\",\"position\":5,\"name\":\"Prunus avium &#8216;Sylvia&#8217; kersenboom, Gisela 5 onderstam, 5 liter pot\"}]},{\"@type\":\"WebSite\",\"@id\":\"https:\/\/www.schramas.com\/#website\",\"url\":\"https:\/\/www.schramas.com\/\",\"name\":\"Schramas.com | Tuinplanten eenvoudig online bestellen | Direct van onze Kwekerij\",\"description\":\"\",\"alternateName\":\"Schramas.com - Alle planten direct van de kweker\",\"potentialAction\":[{\"@type\":\"SearchAction\",\"target\":{\"@type\":\"EntryPoint\",\"urlTemplate\":\"https:\/\/www.schramas.com\/?s={search_term_string}\"},\"query-input\":{\"@type\":\"PropertyValueSpecification\",\"valueRequired\":true,\"valueName\":\"search_term_string\"}}],\"inLanguage\":\"fr-FR\"}]}<\/script>\n<!-- \/ Yoast SEO plugin. -->","yoast_head_json":{"title":"Acheter Prunus avium 'Sylvia' cerisier, porte-greffe Gisela 5, pot de 5 litres | Acheter des plantes facilement en ligne | Schramas.com","robots":{"index":"index","follow":"follow","max-snippet":"max-snippet:-1","max-image-preview":"max-image-preview:large","max-video-preview":"max-video-preview:-1"},"canonical":"https:\/\/www.schramas.com\/fr\/boutique\/prunus-avium-sylvia-cerisier-gisela-5-porte-greffe-pot-de-5-litres\/","og_locale":"fr_FR","og_type":"article","og_title":"Prunus avium 'Sylvia' kersenboom, Gisela 5 onderstam, 5 liter pot kopen | Planten eenvoudig online bestellen | Schramas.com","og_description":"Prunus Avium 'Sylvia'  Onderstam: Gisela 5\u00ae  Smaak: zoet  Kleur vrucht: rood  Hoogte maximaal: ca. 3,5-4,5 meter in de volle grond  Leverhoogte: ca. 80-120 cm  Geleverd in een 5 liter pot.  Zelfbestuivend maar voor meer fruit adviseren wij kruisbestuiving","og_url":"https:\/\/www.schramas.com\/fr\/boutique\/prunus-avium-sylvia-cerisier-gisela-5-porte-greffe-pot-de-5-litres\/","og_site_name":"Planten eenvoudig online bestellen | Schramas.com","article_publisher":"https:\/\/www.facebook.com\/Schramascom-106872874153195\/","article_modified_time":"2026-04-28T21:47:51+00:00","og_image":[{"width":1200,"height":1200,"url":"https:\/\/www.schramas.com\/wp-content\/uploads\/2022\/02\/sylvia-sfeer4.jpg","type":"image\/jpeg"}],"twitter_card":"summary_large_image","schema":{"@context":"https:\/\/schema.org","@graph":[{"@type":["WebPage","ItemPage"],"@id":"https:\/\/www.schramas.com\/en\/shop\/prunus-avium-sylvia-cherry-tree-gisela-5-rootstock-5-litre-pot\/","url":"https:\/\/www.schramas.com\/en\/shop\/prunus-avium-sylvia-cherry-tree-gisela-5-rootstock-5-litre-pot\/","name":"Acheter Prunus avium 'Sylvia' cerisier, porte-greffe Gisela 5, pot de 5 litres | Acheter des plantes facilement en ligne | Schramas.com","isPartOf":{"@id":"https:\/\/www.schramas.com\/#website"},"primaryImageOfPage":{"@id":"https:\/\/www.schramas.com\/en\/shop\/prunus-avium-sylvia-cherry-tree-gisela-5-rootstock-5-litre-pot\/#primaryimage"},"image":{"@id":"https:\/\/www.schramas.com\/en\/shop\/prunus-avium-sylvia-cherry-tree-gisela-5-rootstock-5-litre-pot\/#primaryimage"},"thumbnailUrl":"https:\/\/www.schramas.com\/wp-content\/uploads\/2022\/02\/sylvia-sfeer4.jpg","datePublished":"2022-02-19T13:04:49+00:00","dateModified":"2026-04-28T21:47:51+00:00","breadcrumb":{"@id":"https:\/\/www.schramas.com\/en\/shop\/prunus-avium-sylvia-cherry-tree-gisela-5-rootstock-5-litre-pot\/#breadcrumb"},"inLanguage":"fr-FR","potentialAction":[{"@type":"ReadAction","target":["https:\/\/www.schramas.com\/en\/shop\/prunus-avium-sylvia-cherry-tree-gisela-5-rootstock-5-litre-pot\/"]}]},{"@type":"ImageObject","inLanguage":"fr-FR","@id":"https:\/\/www.schramas.com\/en\/shop\/prunus-avium-sylvia-cherry-tree-gisela-5-rootstock-5-litre-pot\/#primaryimage","url":"https:\/\/www.schramas.com\/wp-content\/uploads\/2022\/02\/sylvia-sfeer4.jpg","contentUrl":"https:\/\/www.schramas.com\/wp-content\/uploads\/2022\/02\/sylvia-sfeer4.jpg","width":1200,"height":1200},{"@type":"BreadcrumbList","@id":"https:\/\/www.schramas.com\/en\/shop\/prunus-avium-sylvia-cherry-tree-gisela-5-rootstock-5-litre-pot\/#breadcrumb","itemListElement":[{"@type":"ListItem","position":1,"name":"Product","item":"https:\/\/www.schramas.com\/assortiment\/"},{"@type":"ListItem","position":2,"name":"Bomen &amp; Struiken","item":"https:\/\/www.schramas.com\/product-category\/bomen-struiken\/"},{"@type":"ListItem","position":3,"name":"Fruitbomen","item":"https:\/\/www.schramas.com\/product-category\/bomen-struiken\/fruitbomen\/"},{"@type":"ListItem","position":4,"name":"Kersen","item":"https:\/\/www.schramas.com\/product-category\/bomen-struiken\/fruitbomen\/kersen\/"},{"@type":"ListItem","position":5,"name":"Prunus avium &#8216;Sylvia&#8217; kersenboom, Gisela 5 onderstam, 5 liter pot"}]},{"@type":"WebSite","@id":"https:\/\/www.schramas.com\/#website","url":"https:\/\/www.schramas.com\/","name":"Schramas.com | Plantes de jardin faciles \u00e0 commander en ligne | En direct de notre p\u00e9pini\u00e8re","description":"","alternateName":"Schramas.com - Alle planten direct van de kweker","potentialAction":[{"@type":"SearchAction","target":{"@type":"EntryPoint","urlTemplate":"https:\/\/www.schramas.com\/?s={search_term_string}"},"query-input":{"@type":"PropertyValueSpecification","valueRequired":true,"valueName":"search_term_string"}}],"inLanguage":"fr-FR"}]}},"_links":{"self":[{"href":"https:\/\/www.schramas.com\/fr\/wp-json\/wp\/v2\/product\/18144","targetHints":{"allow":["GET"]}}],"collection":[{"href":"https:\/\/www.schramas.com\/fr\/wp-json\/wp\/v2\/product"}],"about":[{"href":"https:\/\/www.schramas.com\/fr\/wp-json\/wp\/v2\/types\/product"}],"version-history":[{"count":0,"href":"https:\/\/www.schramas.com\/fr\/wp-json\/wp\/v2\/product\/18144\/revisions"}],"wp:featuredmedia":[{"embeddable":true,"href":"https:\/\/www.schramas.com\/fr\/wp-json\/wp\/v2\/media\/20973"}],"wp:attachment":[{"href":"https:\/\/www.schramas.com\/fr\/wp-json\/wp\/v2\/media?parent=18144"}],"wp:term":[{"taxonomy":"product_brand","embeddable":true,"href":"https:\/\/www.schramas.com\/fr\/wp-json\/wp\/v2\/product_brand?post=18144"},{"taxonomy":"product_cat","embeddable":true,"href":"https:\/\/www.schramas.com\/fr\/wp-json\/wp\/v2\/product_cat?post=18144"},{"taxonomy":"product_tag","embeddable":true,"href":"https:\/\/www.schramas.com\/fr\/wp-json\/wp\/v2\/product_tag?post=18144"}],"curies":[{"name":"wp","href":"https:\/\/api.w.org\/{rel}","templated":true}]}}