{"id":18233,"date":"2022-02-24T13:55:04","date_gmt":"2022-02-24T12:55:04","guid":{"rendered":"https:\/\/www.schramas.com\/?post_type=product&#038;p=18233"},"modified":"2026-05-12T14:37:47","modified_gmt":"2026-05-12T12:37:47","slug":"punica-granatum-akko-grenade-comme-carotte-pot-2l","status":"publish","type":"product","link":"https:\/\/www.schramas.com\/fr\/boutique\/punica-granatum-akko-grenade-comme-carotte-pot-2l\/","title":{"rendered":"Punica granatum 'Acco', grenade, pot de 2 litres"},"content":{"rendered":"<p>La grenade pousse d&#039;un buisson \u00e0 un arbre et fleurit presque tout l&#039;\u00e9t\u00e9. En raison de sa r\u00e9sistance hivernale limit\u00e9e, il est pr\u00e9f\u00e9rable de conserver cet arbre fruitier comme plante en pot qui vous prot\u00e8ge du gel en hiver.<\/p>\n<p>La grenade doit son nom aux d\u00e9licieux fruits qui tombent au sol lorsqu'ils sont m\u00fbrs et \u00e9clatent.<\/p>\n<p>Cette grenade a une hauteur d'environ 40 cm.<\/p>\n<p>Pousse rapidement pour devenir un arbuste ou un arbre de taille importante dans de bonnes conditions.<\/p>\n<p>R\u00e9sistant jusqu'\u00e0 -15 degr\u00e9s Celsius<\/p>","protected":false},"excerpt":{"rendered":"<p>Punica granatum 'Akko', grenade.<\/p>\n<p>Go\u00fbt : doux<\/p>\n<p>Fruit : fruit rond, tr\u00e8s color\u00e9, de taille moyenne. Maturit\u00e9 pr\u00e9coce, en septembre.<\/p>\n<p>Hauteur maximale : environ 1,5-2 m\u00e8tres<\/p>\n<p>Autopollinisation<\/p>\n<p>R\u00e9sistant jusqu'\u00e0 -15C<\/p>\n<p>Hauteur de livraison, pot compris : environ 30 cm<\/p>\n<p>Taille du pot : 2 litres<\/p>\n<p>Convient principalement comme plante en bac<\/p>","protected":false},"featured_media":41217,"template":"","meta":{"_joinchat":[]},"product_brand":[],"product_cat":[262,233,234,47],"product_tag":[713,712,656,351,316],"class_list":{"0":"post-18233","1":"product","2":"type-product","3":"status-publish","4":"has-post-thumbnail","6":"product_cat-bomen-struiken","7":"product_cat-fruitbomen","8":"product_cat-fruitstruiken","9":"product_cat-granaatappels","10":"product_tag-granaatappel","11":"product_tag-punica","12":"product_tag-vitamine","13":"product_tag-winterhard","14":"product_tag-zelfbestuivend","15":"pa_bloeimaanden-juli","16":"pa_bloeimaanden-augustus","17":"pa_ewd_uwcf_colors-oranje","18":"pa_ewd_uwcf_colors-rood-2","19":"pa_groeihoogte-200-300-cm","20":"pa_pot-9-cm-pot","22":"first","23":"instock","24":"taxable","25":"shipping-taxable","26":"purchasable","27":"product-type-simple"},"yoast_head":"<!-- This site is optimized with the Yoast SEO plugin v24.2 - https:\/\/yoast.com\/wordpress\/plugins\/seo\/ -->\n<title>Punica granatum &#039;Acco&#039;, granaatappel, 2 liter pot kopen | Planten eenvoudig online bestellen | Schramas.com<\/title>\n<meta name=\"robots\" content=\"index, follow, max-snippet:-1, max-image-preview:large, max-video-preview:-1\" \/>\n<link rel=\"canonical\" href=\"https:\/\/www.schramas.com\/fr\/boutique\/punica-granatum-akko-grenade-comme-carotte-pot-2l\/\" \/>\n<meta property=\"og:locale\" content=\"fr_FR\" \/>\n<meta property=\"og:type\" content=\"article\" \/>\n<meta property=\"og:title\" content=\"Punica granatum &#039;Acco&#039;, granaatappel, 2 liter pot kopen | Planten eenvoudig online bestellen | Schramas.com\" \/>\n<meta property=\"og:description\" content=\"Punica granatum &#039;Akko&#039;, granaatappel.  Smaak: zoet  Vrucht: ronde, zeer kleurrijke\u00a0 vrucht van gemiddeld grote. Rijpt vroeg, in september.  Hoogte max: circa 1,5-2 meter  Zelfbestuivend  Winterhard tot -15C  Leverhoogte incl. pot: circa 30 cm  Potmaat: 2 liter  Voornamelijk geschikt als kuipplant\" \/>\n<meta property=\"og:url\" content=\"https:\/\/www.schramas.com\/fr\/boutique\/punica-granatum-akko-grenade-comme-carotte-pot-2l\/\" \/>\n<meta property=\"og:site_name\" content=\"Planten eenvoudig online bestellen | Schramas.com\" \/>\n<meta property=\"article:publisher\" content=\"https:\/\/www.facebook.com\/Schramascom-106872874153195\/\" \/>\n<meta property=\"article:modified_time\" content=\"2026-05-12T12:37:47+00:00\" \/>\n<meta property=\"og:image\" content=\"http:\/\/www.schramas.com\/wp-content\/uploads\/2022\/02\/Punica-Granatum-acco-sfeer.jpg\" \/>\n\t<meta property=\"og:image:width\" content=\"1200\" \/>\n\t<meta property=\"og:image:height\" content=\"1200\" \/>\n\t<meta property=\"og:image:type\" content=\"image\/jpeg\" \/>\n<meta name=\"twitter:card\" content=\"summary_large_image\" \/>\n<meta name=\"twitter:label1\" content=\"Dur\u00e9e de lecture estim\u00e9e\" \/>\n\t<meta name=\"twitter:data1\" content=\"1 minute\" \/>\n<script type=\"application\/ld+json\" class=\"yoast-schema-graph\">{\"@context\":\"https:\/\/schema.org\",\"@graph\":[{\"@type\":[\"WebPage\",\"ItemPage\"],\"@id\":\"https:\/\/www.schramas.com\/winkel\/punica-granatum-akko-granaatappel-als-wortelgoed-2l-pot\/\",\"url\":\"https:\/\/www.schramas.com\/winkel\/punica-granatum-akko-granaatappel-als-wortelgoed-2l-pot\/\",\"name\":\"Punica granatum 'Acco', granaatappel, 2 liter pot kopen | Planten eenvoudig online bestellen | Schramas.com\",\"isPartOf\":{\"@id\":\"https:\/\/www.schramas.com\/#website\"},\"primaryImageOfPage\":{\"@id\":\"https:\/\/www.schramas.com\/winkel\/punica-granatum-akko-granaatappel-als-wortelgoed-2l-pot\/#primaryimage\"},\"image\":{\"@id\":\"https:\/\/www.schramas.com\/winkel\/punica-granatum-akko-granaatappel-als-wortelgoed-2l-pot\/#primaryimage\"},\"thumbnailUrl\":\"https:\/\/www.schramas.com\/wp-content\/uploads\/2022\/02\/Punica-Granatum-acco-sfeer.jpg\",\"datePublished\":\"2022-02-24T12:55:04+00:00\",\"dateModified\":\"2026-05-12T12:37:47+00:00\",\"breadcrumb\":{\"@id\":\"https:\/\/www.schramas.com\/winkel\/punica-granatum-akko-granaatappel-als-wortelgoed-2l-pot\/#breadcrumb\"},\"inLanguage\":\"fr-FR\",\"potentialAction\":[{\"@type\":\"ReadAction\",\"target\":[\"https:\/\/www.schramas.com\/winkel\/punica-granatum-akko-granaatappel-als-wortelgoed-2l-pot\/\"]}]},{\"@type\":\"ImageObject\",\"inLanguage\":\"fr-FR\",\"@id\":\"https:\/\/www.schramas.com\/winkel\/punica-granatum-akko-granaatappel-als-wortelgoed-2l-pot\/#primaryimage\",\"url\":\"https:\/\/www.schramas.com\/wp-content\/uploads\/2022\/02\/Punica-Granatum-acco-sfeer.jpg\",\"contentUrl\":\"https:\/\/www.schramas.com\/wp-content\/uploads\/2022\/02\/Punica-Granatum-acco-sfeer.jpg\",\"width\":1200,\"height\":1200},{\"@type\":\"BreadcrumbList\",\"@id\":\"https:\/\/www.schramas.com\/winkel\/punica-granatum-akko-granaatappel-als-wortelgoed-2l-pot\/#breadcrumb\",\"itemListElement\":[{\"@type\":\"ListItem\",\"position\":1,\"name\":\"Product\",\"item\":\"https:\/\/www.schramas.com\/assortiment\/\"},{\"@type\":\"ListItem\",\"position\":2,\"name\":\"Bomen &amp; Struiken\",\"item\":\"https:\/\/www.schramas.com\/product-category\/bomen-struiken\/\"},{\"@type\":\"ListItem\",\"position\":3,\"name\":\"Fruitstruiken\",\"item\":\"https:\/\/www.schramas.com\/de\/produktkategorie\/baume-und-straucher\/obststraucher\/\"},{\"@type\":\"ListItem\",\"position\":4,\"name\":\"Granaatappels\",\"item\":\"https:\/\/www.schramas.com\/product-category\/bomen-struiken\/fruitstruiken\/granaatappels\/\"},{\"@type\":\"ListItem\",\"position\":5,\"name\":\"Punica granatum &#8216;Acco&#8217;, granaatappel, 2 liter pot\"}]},{\"@type\":\"WebSite\",\"@id\":\"https:\/\/www.schramas.com\/#website\",\"url\":\"https:\/\/www.schramas.com\/\",\"name\":\"Schramas.com | Tuinplanten eenvoudig online bestellen | Direct van onze Kwekerij\",\"description\":\"\",\"alternateName\":\"Schramas.com - Alle planten direct van de kweker\",\"potentialAction\":[{\"@type\":\"SearchAction\",\"target\":{\"@type\":\"EntryPoint\",\"urlTemplate\":\"https:\/\/www.schramas.com\/?s={search_term_string}\"},\"query-input\":{\"@type\":\"PropertyValueSpecification\",\"valueRequired\":true,\"valueName\":\"search_term_string\"}}],\"inLanguage\":\"fr-FR\"}]}<\/script>\n<!-- \/ Yoast SEO plugin. -->","yoast_head_json":{"title":"Punica granatum 'Acco', grenade, acheter pot de 2 litres | Acheter des plantes en ligne | Schramas.com","robots":{"index":"index","follow":"follow","max-snippet":"max-snippet:-1","max-image-preview":"max-image-preview:large","max-video-preview":"max-video-preview:-1"},"canonical":"https:\/\/www.schramas.com\/fr\/boutique\/punica-granatum-akko-grenade-comme-carotte-pot-2l\/","og_locale":"fr_FR","og_type":"article","og_title":"Punica granatum 'Acco', granaatappel, 2 liter pot kopen | Planten eenvoudig online bestellen | Schramas.com","og_description":"Punica granatum 'Akko', granaatappel.  Smaak: zoet  Vrucht: ronde, zeer kleurrijke\u00a0 vrucht van gemiddeld grote. Rijpt vroeg, in september.  Hoogte max: circa 1,5-2 meter  Zelfbestuivend  Winterhard tot -15C  Leverhoogte incl. pot: circa 30 cm  Potmaat: 2 liter  Voornamelijk geschikt als kuipplant","og_url":"https:\/\/www.schramas.com\/fr\/boutique\/punica-granatum-akko-grenade-comme-carotte-pot-2l\/","og_site_name":"Planten eenvoudig online bestellen | Schramas.com","article_publisher":"https:\/\/www.facebook.com\/Schramascom-106872874153195\/","article_modified_time":"2026-05-12T12:37:47+00:00","og_image":[{"width":1200,"height":1200,"url":"http:\/\/www.schramas.com\/wp-content\/uploads\/2022\/02\/Punica-Granatum-acco-sfeer.jpg","type":"image\/jpeg"}],"twitter_card":"summary_large_image","twitter_misc":{"Dur\u00e9e de lecture estim\u00e9e":"1 minute"},"schema":{"@context":"https:\/\/schema.org","@graph":[{"@type":["WebPage","ItemPage"],"@id":"https:\/\/www.schramas.com\/winkel\/punica-granatum-akko-granaatappel-als-wortelgoed-2l-pot\/","url":"https:\/\/www.schramas.com\/winkel\/punica-granatum-akko-granaatappel-als-wortelgoed-2l-pot\/","name":"Punica granatum 'Acco', grenade, acheter pot de 2 litres | Acheter des plantes en ligne | Schramas.com","isPartOf":{"@id":"https:\/\/www.schramas.com\/#website"},"primaryImageOfPage":{"@id":"https:\/\/www.schramas.com\/winkel\/punica-granatum-akko-granaatappel-als-wortelgoed-2l-pot\/#primaryimage"},"image":{"@id":"https:\/\/www.schramas.com\/winkel\/punica-granatum-akko-granaatappel-als-wortelgoed-2l-pot\/#primaryimage"},"thumbnailUrl":"https:\/\/www.schramas.com\/wp-content\/uploads\/2022\/02\/Punica-Granatum-acco-sfeer.jpg","datePublished":"2022-02-24T12:55:04+00:00","dateModified":"2026-05-12T12:37:47+00:00","breadcrumb":{"@id":"https:\/\/www.schramas.com\/winkel\/punica-granatum-akko-granaatappel-als-wortelgoed-2l-pot\/#breadcrumb"},"inLanguage":"fr-FR","potentialAction":[{"@type":"ReadAction","target":["https:\/\/www.schramas.com\/winkel\/punica-granatum-akko-granaatappel-als-wortelgoed-2l-pot\/"]}]},{"@type":"ImageObject","inLanguage":"fr-FR","@id":"https:\/\/www.schramas.com\/winkel\/punica-granatum-akko-granaatappel-als-wortelgoed-2l-pot\/#primaryimage","url":"https:\/\/www.schramas.com\/wp-content\/uploads\/2022\/02\/Punica-Granatum-acco-sfeer.jpg","contentUrl":"https:\/\/www.schramas.com\/wp-content\/uploads\/2022\/02\/Punica-Granatum-acco-sfeer.jpg","width":1200,"height":1200},{"@type":"BreadcrumbList","@id":"https:\/\/www.schramas.com\/winkel\/punica-granatum-akko-granaatappel-als-wortelgoed-2l-pot\/#breadcrumb","itemListElement":[{"@type":"ListItem","position":1,"name":"Product","item":"https:\/\/www.schramas.com\/assortiment\/"},{"@type":"ListItem","position":2,"name":"Bomen &amp; Struiken","item":"https:\/\/www.schramas.com\/product-category\/bomen-struiken\/"},{"@type":"ListItem","position":3,"name":"Fruitstruiken","item":"https:\/\/www.schramas.com\/de\/produktkategorie\/baume-und-straucher\/obststraucher\/"},{"@type":"ListItem","position":4,"name":"Granaatappels","item":"https:\/\/www.schramas.com\/product-category\/bomen-struiken\/fruitstruiken\/granaatappels\/"},{"@type":"ListItem","position":5,"name":"Punica granatum &#8216;Acco&#8217;, granaatappel, 2 liter pot"}]},{"@type":"WebSite","@id":"https:\/\/www.schramas.com\/#website","url":"https:\/\/www.schramas.com\/","name":"Schramas.com | Plantes de jardin faciles \u00e0 commander en ligne | En direct de notre p\u00e9pini\u00e8re","description":"","alternateName":"Schramas.com - Alle planten direct van de kweker","potentialAction":[{"@type":"SearchAction","target":{"@type":"EntryPoint","urlTemplate":"https:\/\/www.schramas.com\/?s={search_term_string}"},"query-input":{"@type":"PropertyValueSpecification","valueRequired":true,"valueName":"search_term_string"}}],"inLanguage":"fr-FR"}]}},"_links":{"self":[{"href":"https:\/\/www.schramas.com\/fr\/wp-json\/wp\/v2\/product\/18233","targetHints":{"allow":["GET"]}}],"collection":[{"href":"https:\/\/www.schramas.com\/fr\/wp-json\/wp\/v2\/product"}],"about":[{"href":"https:\/\/www.schramas.com\/fr\/wp-json\/wp\/v2\/types\/product"}],"version-history":[{"count":1,"href":"https:\/\/www.schramas.com\/fr\/wp-json\/wp\/v2\/product\/18233\/revisions"}],"predecessor-version":[{"id":45392,"href":"https:\/\/www.schramas.com\/fr\/wp-json\/wp\/v2\/product\/18233\/revisions\/45392"}],"wp:featuredmedia":[{"embeddable":true,"href":"https:\/\/www.schramas.com\/fr\/wp-json\/wp\/v2\/media\/41217"}],"wp:attachment":[{"href":"https:\/\/www.schramas.com\/fr\/wp-json\/wp\/v2\/media?parent=18233"}],"wp:term":[{"taxonomy":"product_brand","embeddable":true,"href":"https:\/\/www.schramas.com\/fr\/wp-json\/wp\/v2\/product_brand?post=18233"},{"taxonomy":"product_cat","embeddable":true,"href":"https:\/\/www.schramas.com\/fr\/wp-json\/wp\/v2\/product_cat?post=18233"},{"taxonomy":"product_tag","embeddable":true,"href":"https:\/\/www.schramas.com\/fr\/wp-json\/wp\/v2\/product_tag?post=18233"}],"curies":[{"name":"wp","href":"https:\/\/api.w.org\/{rel}","templated":true}]}}