{"id":18239,"date":"2022-02-24T14:26:23","date_gmt":"2022-02-24T13:26:23","guid":{"rendered":"https:\/\/www.schramas.com\/?post_type=product&#038;p=18239"},"modified":"2026-04-29T21:35:30","modified_gmt":"2026-04-29T19:35:30","slug":"prunus-armeniaca-luizet-abricot-racine-davril-en-pot-de-5l","status":"publish","type":"product","link":"https:\/\/www.schramas.com\/fr\/boutique\/prunus-armeniaca-luizet-abricot-racine-davril-en-pot-de-5l\/","title":{"rendered":"Prunus armeniaca 'Luizet' abricot, pot de 5 litres"},"content":{"rendered":"<p>Prunus Armeniaca 'Luizet' est un abricotier dont les fruits sont gros, sucr\u00e9s et d'un beau jaune orang\u00e9.<\/p>\n<p>Autof\u00e9condation et fertilit\u00e9, fleurs l\u00e9g\u00e8rement plus longues que les autres abricots, avec des fleurs \u00e9toil\u00e9es rose p\u00e2le.<\/p>\n<p>En raison de la floraison pr\u00e9coce des abricots, il est conseill\u00e9 de prot\u00e9ger les fleurs des gel\u00e9es nocturnes et de planter l'arbre dans un endroit abrit\u00e9 et ensoleill\u00e9.<\/p>\n<p>Cet abricot vous est pr\u00e9sent\u00e9 par schramas.com avec une hauteur de plante de 80-100cm.<\/p>\n<p>Rustique, tol\u00e8re la s\u00e9cheresse et attire les abeilles et les papillons.<\/p>","protected":false},"excerpt":{"rendered":"<p>Prunus Armeniaca 'Luizet', abricot<\/p>\n<p>Abricot<\/p>\n<p>Go\u00fbt : fruits doux et juteux avec un ar\u00f4me fin<\/p>\n<p>P\u00e9riode de fructification : ao\u00fbt<\/p>\n<p>Couleur du fruit : orange, ovale et rond, l\u00e9g\u00e8rement poilu<\/p>\n<p>Hauteur maximale : environ 3 \u00e0 5 m en pleine terre, selon la taille et le porte-greffe.<\/p>\n<p>Autopollinisation<\/p>\n<p>Hauteur de livraison avec le pot : environ 80-100 cm avec le pot<\/p>\n<p>Taille du pot : fourni en tant que porte-greffe et \u00e0 partir d'avril dans un pot de 5 litres.<\/p>\n<p>Convient aussi bien pour les terrasses que pour les espaces verts (dans un endroit abrit\u00e9 et ensoleill\u00e9).<\/p>","protected":false},"featured_media":20229,"template":"","meta":{"_joinchat":[]},"product_brand":[],"product_cat":[21,262,233,761],"product_tag":[309,327,719,312,351,316,328],"class_list":{"0":"post-18239","1":"product","2":"type-product","3":"status-publish","4":"has-post-thumbnail","6":"product_cat-abrikozen","7":"product_cat-bomen-struiken","8":"product_cat-fruitbomen","9":"product_cat-lente","10":"product_tag-abrikoos","11":"product_tag-goldrich","12":"product_tag-oranje-geel","13":"product_tag-steenvrucht","14":"product_tag-winterhard","15":"product_tag-zelfbestuivend","16":"product_tag-zoet","17":"pa_bloeimaanden-maart","18":"pa_ewd_uwcf_colors-oranje","19":"pa_groeihoogte-300-cm","20":"pa_pot-5-liter-pot","22":"first","23":"instock","24":"downloadable","25":"taxable","26":"shipping-taxable","27":"purchasable","28":"product-type-simple"},"yoast_head":"<!-- This site is optimized with the Yoast SEO plugin v24.2 - https:\/\/yoast.com\/wordpress\/plugins\/seo\/ -->\n<title>Prunus armeniaca &#039;Luizet&#039; abrikoos, 5 liter pot kopen | Planten eenvoudig online bestellen | Schramas.com<\/title>\n<meta name=\"robots\" content=\"index, follow, max-snippet:-1, max-image-preview:large, max-video-preview:-1\" \/>\n<link rel=\"canonical\" href=\"https:\/\/www.schramas.com\/fr\/boutique\/prunus-armeniaca-luizet-abricot-racine-davril-en-pot-de-5l\/\" \/>\n<meta property=\"og:locale\" content=\"fr_FR\" \/>\n<meta property=\"og:type\" content=\"article\" \/>\n<meta property=\"og:title\" content=\"Prunus armeniaca &#039;Luizet&#039; abrikoos, 5 liter pot kopen | Planten eenvoudig online bestellen | Schramas.com\" \/>\n<meta property=\"og:description\" content=\"Prunus Armeniaca &#039;Luizet&#039;, abrikoos  Abrikoos  Smaak: zachte sappige vruchten met een fijn aroma  Vruchtperiode: augustus  Kleur vrucht: oranje, rond ovaal, licht behaard  Hoogte max: ca. 3 -5 meter in volle grond afhankelijk van snoei en onderstam  Zelfbestuivend  Leverhoogte incl. pot: ca. 80-100 cm incl pot  Potmaat: geleverd als wortelgoed en vanaf april in forse 5 liter pot.  Geschikt voor zowel patio als volle grond (op beschutte en zonnige plek)\" \/>\n<meta property=\"og:url\" content=\"https:\/\/www.schramas.com\/fr\/boutique\/prunus-armeniaca-luizet-abricot-racine-davril-en-pot-de-5l\/\" \/>\n<meta property=\"og:site_name\" content=\"Planten eenvoudig online bestellen | Schramas.com\" \/>\n<meta property=\"article:publisher\" content=\"https:\/\/www.facebook.com\/Schramascom-106872874153195\/\" \/>\n<meta property=\"article:modified_time\" content=\"2026-04-29T19:35:30+00:00\" \/>\n<meta property=\"og:image\" content=\"http:\/\/www.schramas.com\/wp-content\/uploads\/2022\/02\/prunus-armeniaca-luizet-sfeer.jpg\" \/>\n\t<meta property=\"og:image:width\" content=\"1200\" \/>\n\t<meta property=\"og:image:height\" content=\"1200\" \/>\n\t<meta property=\"og:image:type\" content=\"image\/jpeg\" \/>\n<meta name=\"twitter:card\" content=\"summary_large_image\" \/>\n<meta name=\"twitter:label1\" content=\"Dur\u00e9e de lecture estim\u00e9e\" \/>\n\t<meta name=\"twitter:data1\" content=\"1 minute\" \/>\n<script type=\"application\/ld+json\" class=\"yoast-schema-graph\">{\"@context\":\"https:\/\/schema.org\",\"@graph\":[{\"@type\":[\"WebPage\",\"ItemPage\"],\"@id\":\"https:\/\/www.schramas.com\/winkel\/prunus-armeniaca-luizet-abrikoos-wortelgoed-vanaf-april-in-5l-pot\/\",\"url\":\"https:\/\/www.schramas.com\/winkel\/prunus-armeniaca-luizet-abrikoos-wortelgoed-vanaf-april-in-5l-pot\/\",\"name\":\"Prunus armeniaca 'Luizet' abrikoos, 5 liter pot kopen | Planten eenvoudig online bestellen | Schramas.com\",\"isPartOf\":{\"@id\":\"https:\/\/www.schramas.com\/#website\"},\"primaryImageOfPage\":{\"@id\":\"https:\/\/www.schramas.com\/winkel\/prunus-armeniaca-luizet-abrikoos-wortelgoed-vanaf-april-in-5l-pot\/#primaryimage\"},\"image\":{\"@id\":\"https:\/\/www.schramas.com\/winkel\/prunus-armeniaca-luizet-abrikoos-wortelgoed-vanaf-april-in-5l-pot\/#primaryimage\"},\"thumbnailUrl\":\"https:\/\/www.schramas.com\/wp-content\/uploads\/2022\/02\/prunus-armeniaca-luizet-sfeer.jpg\",\"datePublished\":\"2022-02-24T13:26:23+00:00\",\"dateModified\":\"2026-04-29T19:35:30+00:00\",\"breadcrumb\":{\"@id\":\"https:\/\/www.schramas.com\/winkel\/prunus-armeniaca-luizet-abrikoos-wortelgoed-vanaf-april-in-5l-pot\/#breadcrumb\"},\"inLanguage\":\"fr-FR\",\"potentialAction\":[{\"@type\":\"ReadAction\",\"target\":[\"https:\/\/www.schramas.com\/winkel\/prunus-armeniaca-luizet-abrikoos-wortelgoed-vanaf-april-in-5l-pot\/\"]}]},{\"@type\":\"ImageObject\",\"inLanguage\":\"fr-FR\",\"@id\":\"https:\/\/www.schramas.com\/winkel\/prunus-armeniaca-luizet-abrikoos-wortelgoed-vanaf-april-in-5l-pot\/#primaryimage\",\"url\":\"https:\/\/www.schramas.com\/wp-content\/uploads\/2022\/02\/prunus-armeniaca-luizet-sfeer.jpg\",\"contentUrl\":\"https:\/\/www.schramas.com\/wp-content\/uploads\/2022\/02\/prunus-armeniaca-luizet-sfeer.jpg\",\"width\":1200,\"height\":1200},{\"@type\":\"BreadcrumbList\",\"@id\":\"https:\/\/www.schramas.com\/winkel\/prunus-armeniaca-luizet-abrikoos-wortelgoed-vanaf-april-in-5l-pot\/#breadcrumb\",\"itemListElement\":[{\"@type\":\"ListItem\",\"position\":1,\"name\":\"Product\",\"item\":\"https:\/\/www.schramas.com\/assortiment\/\"},{\"@type\":\"ListItem\",\"position\":2,\"name\":\"Bomen &amp; Struiken\",\"item\":\"https:\/\/www.schramas.com\/product-category\/bomen-struiken\/\"},{\"@type\":\"ListItem\",\"position\":3,\"name\":\"Fruitbomen\",\"item\":\"https:\/\/www.schramas.com\/product-category\/bomen-struiken\/fruitbomen\/\"},{\"@type\":\"ListItem\",\"position\":4,\"name\":\"Prunus armeniaca &#8216;Luizet&#8217; abrikoos, 5 liter pot\"}]},{\"@type\":\"WebSite\",\"@id\":\"https:\/\/www.schramas.com\/#website\",\"url\":\"https:\/\/www.schramas.com\/\",\"name\":\"Schramas.com | Tuinplanten eenvoudig online bestellen | Direct van onze Kwekerij\",\"description\":\"\",\"alternateName\":\"Schramas.com - Alle planten direct van de kweker\",\"potentialAction\":[{\"@type\":\"SearchAction\",\"target\":{\"@type\":\"EntryPoint\",\"urlTemplate\":\"https:\/\/www.schramas.com\/?s={search_term_string}\"},\"query-input\":{\"@type\":\"PropertyValueSpecification\",\"valueRequired\":true,\"valueName\":\"search_term_string\"}}],\"inLanguage\":\"fr-FR\"}]}<\/script>\n<!-- \/ Yoast SEO plugin. -->","yoast_head_json":{"title":"Acheter Prunus armeniaca 'Luizet' abricot, pot de 5 litres | Plantes faciles en ligne | Schramas.com","robots":{"index":"index","follow":"follow","max-snippet":"max-snippet:-1","max-image-preview":"max-image-preview:large","max-video-preview":"max-video-preview:-1"},"canonical":"https:\/\/www.schramas.com\/fr\/boutique\/prunus-armeniaca-luizet-abricot-racine-davril-en-pot-de-5l\/","og_locale":"fr_FR","og_type":"article","og_title":"Prunus armeniaca 'Luizet' abrikoos, 5 liter pot kopen | Planten eenvoudig online bestellen | Schramas.com","og_description":"Prunus Armeniaca 'Luizet', abrikoos  Abrikoos  Smaak: zachte sappige vruchten met een fijn aroma  Vruchtperiode: augustus  Kleur vrucht: oranje, rond ovaal, licht behaard  Hoogte max: ca. 3 -5 meter in volle grond afhankelijk van snoei en onderstam  Zelfbestuivend  Leverhoogte incl. pot: ca. 80-100 cm incl pot  Potmaat: geleverd als wortelgoed en vanaf april in forse 5 liter pot.  Geschikt voor zowel patio als volle grond (op beschutte en zonnige plek)","og_url":"https:\/\/www.schramas.com\/fr\/boutique\/prunus-armeniaca-luizet-abricot-racine-davril-en-pot-de-5l\/","og_site_name":"Planten eenvoudig online bestellen | Schramas.com","article_publisher":"https:\/\/www.facebook.com\/Schramascom-106872874153195\/","article_modified_time":"2026-04-29T19:35:30+00:00","og_image":[{"width":1200,"height":1200,"url":"http:\/\/www.schramas.com\/wp-content\/uploads\/2022\/02\/prunus-armeniaca-luizet-sfeer.jpg","type":"image\/jpeg"}],"twitter_card":"summary_large_image","twitter_misc":{"Dur\u00e9e de lecture estim\u00e9e":"1 minute"},"schema":{"@context":"https:\/\/schema.org","@graph":[{"@type":["WebPage","ItemPage"],"@id":"https:\/\/www.schramas.com\/winkel\/prunus-armeniaca-luizet-abrikoos-wortelgoed-vanaf-april-in-5l-pot\/","url":"https:\/\/www.schramas.com\/winkel\/prunus-armeniaca-luizet-abrikoos-wortelgoed-vanaf-april-in-5l-pot\/","name":"Acheter Prunus armeniaca 'Luizet' abricot, pot de 5 litres | Plantes faciles en ligne | Schramas.com","isPartOf":{"@id":"https:\/\/www.schramas.com\/#website"},"primaryImageOfPage":{"@id":"https:\/\/www.schramas.com\/winkel\/prunus-armeniaca-luizet-abrikoos-wortelgoed-vanaf-april-in-5l-pot\/#primaryimage"},"image":{"@id":"https:\/\/www.schramas.com\/winkel\/prunus-armeniaca-luizet-abrikoos-wortelgoed-vanaf-april-in-5l-pot\/#primaryimage"},"thumbnailUrl":"https:\/\/www.schramas.com\/wp-content\/uploads\/2022\/02\/prunus-armeniaca-luizet-sfeer.jpg","datePublished":"2022-02-24T13:26:23+00:00","dateModified":"2026-04-29T19:35:30+00:00","breadcrumb":{"@id":"https:\/\/www.schramas.com\/winkel\/prunus-armeniaca-luizet-abrikoos-wortelgoed-vanaf-april-in-5l-pot\/#breadcrumb"},"inLanguage":"fr-FR","potentialAction":[{"@type":"ReadAction","target":["https:\/\/www.schramas.com\/winkel\/prunus-armeniaca-luizet-abrikoos-wortelgoed-vanaf-april-in-5l-pot\/"]}]},{"@type":"ImageObject","inLanguage":"fr-FR","@id":"https:\/\/www.schramas.com\/winkel\/prunus-armeniaca-luizet-abrikoos-wortelgoed-vanaf-april-in-5l-pot\/#primaryimage","url":"https:\/\/www.schramas.com\/wp-content\/uploads\/2022\/02\/prunus-armeniaca-luizet-sfeer.jpg","contentUrl":"https:\/\/www.schramas.com\/wp-content\/uploads\/2022\/02\/prunus-armeniaca-luizet-sfeer.jpg","width":1200,"height":1200},{"@type":"BreadcrumbList","@id":"https:\/\/www.schramas.com\/winkel\/prunus-armeniaca-luizet-abrikoos-wortelgoed-vanaf-april-in-5l-pot\/#breadcrumb","itemListElement":[{"@type":"ListItem","position":1,"name":"Product","item":"https:\/\/www.schramas.com\/assortiment\/"},{"@type":"ListItem","position":2,"name":"Bomen &amp; Struiken","item":"https:\/\/www.schramas.com\/product-category\/bomen-struiken\/"},{"@type":"ListItem","position":3,"name":"Fruitbomen","item":"https:\/\/www.schramas.com\/product-category\/bomen-struiken\/fruitbomen\/"},{"@type":"ListItem","position":4,"name":"Prunus armeniaca &#8216;Luizet&#8217; abrikoos, 5 liter pot"}]},{"@type":"WebSite","@id":"https:\/\/www.schramas.com\/#website","url":"https:\/\/www.schramas.com\/","name":"Schramas.com | Plantes de jardin faciles \u00e0 commander en ligne | En direct de notre p\u00e9pini\u00e8re","description":"","alternateName":"Schramas.com - Alle planten direct van de kweker","potentialAction":[{"@type":"SearchAction","target":{"@type":"EntryPoint","urlTemplate":"https:\/\/www.schramas.com\/?s={search_term_string}"},"query-input":{"@type":"PropertyValueSpecification","valueRequired":true,"valueName":"search_term_string"}}],"inLanguage":"fr-FR"}]}},"_links":{"self":[{"href":"https:\/\/www.schramas.com\/fr\/wp-json\/wp\/v2\/product\/18239","targetHints":{"allow":["GET"]}}],"collection":[{"href":"https:\/\/www.schramas.com\/fr\/wp-json\/wp\/v2\/product"}],"about":[{"href":"https:\/\/www.schramas.com\/fr\/wp-json\/wp\/v2\/types\/product"}],"version-history":[{"count":1,"href":"https:\/\/www.schramas.com\/fr\/wp-json\/wp\/v2\/product\/18239\/revisions"}],"predecessor-version":[{"id":52819,"href":"https:\/\/www.schramas.com\/fr\/wp-json\/wp\/v2\/product\/18239\/revisions\/52819"}],"wp:featuredmedia":[{"embeddable":true,"href":"https:\/\/www.schramas.com\/fr\/wp-json\/wp\/v2\/media\/20229"}],"wp:attachment":[{"href":"https:\/\/www.schramas.com\/fr\/wp-json\/wp\/v2\/media?parent=18239"}],"wp:term":[{"taxonomy":"product_brand","embeddable":true,"href":"https:\/\/www.schramas.com\/fr\/wp-json\/wp\/v2\/product_brand?post=18239"},{"taxonomy":"product_cat","embeddable":true,"href":"https:\/\/www.schramas.com\/fr\/wp-json\/wp\/v2\/product_cat?post=18239"},{"taxonomy":"product_tag","embeddable":true,"href":"https:\/\/www.schramas.com\/fr\/wp-json\/wp\/v2\/product_tag?post=18239"}],"curies":[{"name":"wp","href":"https:\/\/api.w.org\/{rel}","templated":true}]}}