{"id":19638,"date":"2022-07-05T11:46:16","date_gmt":"2022-07-05T09:46:16","guid":{"rendered":"https:\/\/www.schramas.com\/?post_type=product&#038;p=19638"},"modified":"2026-03-26T16:34:54","modified_gmt":"2026-03-26T15:34:54","slug":"prunus-laurocerasus-rotundifolia-pot-de-2-litres","status":"publish","type":"product","link":"https:\/\/www.schramas.com\/fr\/boutique\/prunus-laurocerasus-rotundifolia-pot-de-2-litres\/","title":{"rendered":"Prunus laurocerasus 'Rotundifolia' Pot de 2 litres"},"content":{"rendered":"<p>Le Prunus laurocerasus 'Rotundifolia', ou laurier-cerise, est une plante \u00e0 forte croissance qui convient particuli\u00e8rement bien \u00e0 la cr\u00e9ation d'une haie dense. Cette haie aura alors un bel aspect, produisant de belles fleurs blanches pendant la floraison et portant ensuite des baies bleu fonc\u00e9.<\/p>","protected":false},"excerpt":{"rendered":"<p>Prunus laurocerasus 'Rotundifolia'<\/p>\n<p>Convient aussi bien pour les terrasses que pour les terrains en plein air.<\/p>\n<p>Inflorescence : fleurs blanches<\/p>\n<p>P\u00e9riode de floraison : mai, juin<\/p>\n<p>Hauteur de livraison avec pot : 40+ cm<\/p>\n<p>Hauteur maximale : environ 400 cm<\/p>","protected":false},"featured_media":19787,"template":"","meta":{"_joinchat":[]},"product_brand":[],"product_cat":[262,303,762,305],"product_tag":[603,499,855,856,857,351,520],"class_list":{"0":"post-19638","1":"product","2":"type-product","3":"status-publish","4":"has-post-thumbnail","6":"product_cat-bomen-struiken","7":"product_cat-groenblijvende-heesters","8":"product_cat-hagen","9":"product_cat-planten-heesters","10":"product_tag-bessen","11":"product_tag-groenblijvend","12":"product_tag-haag","13":"product_tag-laurier","14":"product_tag-laurierkers","15":"product_tag-winterhard","16":"product_tag-wit","17":"pa_bloeimaanden-mei","18":"pa_bloeimaanden-juni","19":"pa_ewd_uwcf_colors-groen-2","20":"pa_ewd_uwcf_colors-mixed","21":"pa_ewd_uwcf_colors-wit","22":"pa_groeihoogte-300-cm","23":"pa_pot-zonder-pot","25":"first","26":"outofstock","27":"taxable","28":"shipping-taxable","29":"purchasable","30":"product-type-simple"},"yoast_head":"<!-- This site is optimized with the Yoast SEO plugin v24.2 - https:\/\/yoast.com\/wordpress\/plugins\/seo\/ -->\n<title>Prunus laurocerasus &#039;Rotundifolia&#039; 2 liter pot kopen | Planten eenvoudig online bestellen | Schramas.com<\/title>\n<meta name=\"robots\" content=\"index, follow, max-snippet:-1, max-image-preview:large, max-video-preview:-1\" \/>\n<link rel=\"canonical\" href=\"https:\/\/www.schramas.com\/fr\/boutique\/prunus-laurocerasus-rotundifolia-pot-de-2-litres\/\" \/>\n<meta property=\"og:locale\" content=\"fr_FR\" \/>\n<meta property=\"og:type\" content=\"article\" \/>\n<meta property=\"og:title\" content=\"Prunus laurocerasus &#039;Rotundifolia&#039; 2 liter pot kopen | Planten eenvoudig online bestellen | Schramas.com\" \/>\n<meta property=\"og:description\" content=\"Prunus laurocerasus &#039;Rotundifolia&#039;  Geschikt voor zowel patio als volle grond.  Bloeiwijze: witte bloemetjes  Bloeitijd: mei, juni  Leverhoogte incl. pot: 40+ cm  Max. hoogte: circa 400 cm\" \/>\n<meta property=\"og:url\" content=\"https:\/\/www.schramas.com\/fr\/boutique\/prunus-laurocerasus-rotundifolia-pot-de-2-litres\/\" \/>\n<meta property=\"og:site_name\" content=\"Planten eenvoudig online bestellen | Schramas.com\" \/>\n<meta property=\"article:publisher\" content=\"https:\/\/www.facebook.com\/Schramascom-106872874153195\/\" \/>\n<meta property=\"article:modified_time\" content=\"2026-03-26T15:34:54+00:00\" \/>\n<meta property=\"og:image\" content=\"https:\/\/www.schramas.com\/wp-content\/uploads\/2022\/07\/rotundifolia-sfeer.jpg\" \/>\n\t<meta property=\"og:image:width\" content=\"1200\" \/>\n\t<meta property=\"og:image:height\" content=\"1200\" \/>\n\t<meta property=\"og:image:type\" content=\"image\/jpeg\" \/>\n<meta name=\"twitter:card\" content=\"summary_large_image\" \/>\n<meta name=\"twitter:label1\" content=\"Dur\u00e9e de lecture estim\u00e9e\" \/>\n\t<meta name=\"twitter:data1\" content=\"1 minute\" \/>\n<script type=\"application\/ld+json\" class=\"yoast-schema-graph\">{\"@context\":\"https:\/\/schema.org\",\"@graph\":[{\"@type\":[\"WebPage\",\"ItemPage\"],\"@id\":\"https:\/\/www.schramas.com\/winkel\/prunus-laurocerasus-rotundifolia-2-liter-pot\/\",\"url\":\"https:\/\/www.schramas.com\/winkel\/prunus-laurocerasus-rotundifolia-2-liter-pot\/\",\"name\":\"Prunus laurocerasus 'Rotundifolia' 2 liter pot kopen | Planten eenvoudig online bestellen | Schramas.com\",\"isPartOf\":{\"@id\":\"https:\/\/www.schramas.com\/#website\"},\"primaryImageOfPage\":{\"@id\":\"https:\/\/www.schramas.com\/winkel\/prunus-laurocerasus-rotundifolia-2-liter-pot\/#primaryimage\"},\"image\":{\"@id\":\"https:\/\/www.schramas.com\/winkel\/prunus-laurocerasus-rotundifolia-2-liter-pot\/#primaryimage\"},\"thumbnailUrl\":\"https:\/\/www.schramas.com\/wp-content\/uploads\/2022\/07\/rotundifolia-sfeer.jpg\",\"datePublished\":\"2022-07-05T09:46:16+00:00\",\"dateModified\":\"2026-03-26T15:34:54+00:00\",\"breadcrumb\":{\"@id\":\"https:\/\/www.schramas.com\/winkel\/prunus-laurocerasus-rotundifolia-2-liter-pot\/#breadcrumb\"},\"inLanguage\":\"fr-FR\",\"potentialAction\":[{\"@type\":\"ReadAction\",\"target\":[\"https:\/\/www.schramas.com\/winkel\/prunus-laurocerasus-rotundifolia-2-liter-pot\/\"]}]},{\"@type\":\"ImageObject\",\"inLanguage\":\"fr-FR\",\"@id\":\"https:\/\/www.schramas.com\/winkel\/prunus-laurocerasus-rotundifolia-2-liter-pot\/#primaryimage\",\"url\":\"https:\/\/www.schramas.com\/wp-content\/uploads\/2022\/07\/rotundifolia-sfeer.jpg\",\"contentUrl\":\"https:\/\/www.schramas.com\/wp-content\/uploads\/2022\/07\/rotundifolia-sfeer.jpg\",\"width\":1200,\"height\":1200},{\"@type\":\"BreadcrumbList\",\"@id\":\"https:\/\/www.schramas.com\/winkel\/prunus-laurocerasus-rotundifolia-2-liter-pot\/#breadcrumb\",\"itemListElement\":[{\"@type\":\"ListItem\",\"position\":1,\"name\":\"Product\",\"item\":\"https:\/\/www.schramas.com\/assortiment\/\"},{\"@type\":\"ListItem\",\"position\":2,\"name\":\"Bomen &amp; Struiken\",\"item\":\"https:\/\/www.schramas.com\/product-category\/bomen-struiken\/\"},{\"@type\":\"ListItem\",\"position\":3,\"name\":\"Prunus laurocerasus &#8216;Rotundifolia&#8217; 2 liter pot\"}]},{\"@type\":\"WebSite\",\"@id\":\"https:\/\/www.schramas.com\/#website\",\"url\":\"https:\/\/www.schramas.com\/\",\"name\":\"Schramas.com | Tuinplanten eenvoudig online bestellen | Direct van onze Kwekerij\",\"description\":\"\",\"alternateName\":\"Schramas.com - Alle planten direct van de kweker\",\"potentialAction\":[{\"@type\":\"SearchAction\",\"target\":{\"@type\":\"EntryPoint\",\"urlTemplate\":\"https:\/\/www.schramas.com\/?s={search_term_string}\"},\"query-input\":{\"@type\":\"PropertyValueSpecification\",\"valueRequired\":true,\"valueName\":\"search_term_string\"}}],\"inLanguage\":\"fr-FR\"}]}<\/script>\n<!-- \/ Yoast SEO plugin. -->","yoast_head_json":{"title":"Acheter Prunus laurocerasus 'Rotundifolia' pot de 2 litres | Plantes commande en ligne facile | Schramas.com","robots":{"index":"index","follow":"follow","max-snippet":"max-snippet:-1","max-image-preview":"max-image-preview:large","max-video-preview":"max-video-preview:-1"},"canonical":"https:\/\/www.schramas.com\/fr\/boutique\/prunus-laurocerasus-rotundifolia-pot-de-2-litres\/","og_locale":"fr_FR","og_type":"article","og_title":"Prunus laurocerasus 'Rotundifolia' 2 liter pot kopen | Planten eenvoudig online bestellen | Schramas.com","og_description":"Prunus laurocerasus 'Rotundifolia'  Geschikt voor zowel patio als volle grond.  Bloeiwijze: witte bloemetjes  Bloeitijd: mei, juni  Leverhoogte incl. pot: 40+ cm  Max. hoogte: circa 400 cm","og_url":"https:\/\/www.schramas.com\/fr\/boutique\/prunus-laurocerasus-rotundifolia-pot-de-2-litres\/","og_site_name":"Planten eenvoudig online bestellen | Schramas.com","article_publisher":"https:\/\/www.facebook.com\/Schramascom-106872874153195\/","article_modified_time":"2026-03-26T15:34:54+00:00","og_image":[{"width":1200,"height":1200,"url":"https:\/\/www.schramas.com\/wp-content\/uploads\/2022\/07\/rotundifolia-sfeer.jpg","type":"image\/jpeg"}],"twitter_card":"summary_large_image","twitter_misc":{"Dur\u00e9e de lecture estim\u00e9e":"1 minute"},"schema":{"@context":"https:\/\/schema.org","@graph":[{"@type":["WebPage","ItemPage"],"@id":"https:\/\/www.schramas.com\/winkel\/prunus-laurocerasus-rotundifolia-2-liter-pot\/","url":"https:\/\/www.schramas.com\/winkel\/prunus-laurocerasus-rotundifolia-2-liter-pot\/","name":"Acheter Prunus laurocerasus 'Rotundifolia' pot de 2 litres | Plantes commande en ligne facile | Schramas.com","isPartOf":{"@id":"https:\/\/www.schramas.com\/#website"},"primaryImageOfPage":{"@id":"https:\/\/www.schramas.com\/winkel\/prunus-laurocerasus-rotundifolia-2-liter-pot\/#primaryimage"},"image":{"@id":"https:\/\/www.schramas.com\/winkel\/prunus-laurocerasus-rotundifolia-2-liter-pot\/#primaryimage"},"thumbnailUrl":"https:\/\/www.schramas.com\/wp-content\/uploads\/2022\/07\/rotundifolia-sfeer.jpg","datePublished":"2022-07-05T09:46:16+00:00","dateModified":"2026-03-26T15:34:54+00:00","breadcrumb":{"@id":"https:\/\/www.schramas.com\/winkel\/prunus-laurocerasus-rotundifolia-2-liter-pot\/#breadcrumb"},"inLanguage":"fr-FR","potentialAction":[{"@type":"ReadAction","target":["https:\/\/www.schramas.com\/winkel\/prunus-laurocerasus-rotundifolia-2-liter-pot\/"]}]},{"@type":"ImageObject","inLanguage":"fr-FR","@id":"https:\/\/www.schramas.com\/winkel\/prunus-laurocerasus-rotundifolia-2-liter-pot\/#primaryimage","url":"https:\/\/www.schramas.com\/wp-content\/uploads\/2022\/07\/rotundifolia-sfeer.jpg","contentUrl":"https:\/\/www.schramas.com\/wp-content\/uploads\/2022\/07\/rotundifolia-sfeer.jpg","width":1200,"height":1200},{"@type":"BreadcrumbList","@id":"https:\/\/www.schramas.com\/winkel\/prunus-laurocerasus-rotundifolia-2-liter-pot\/#breadcrumb","itemListElement":[{"@type":"ListItem","position":1,"name":"Product","item":"https:\/\/www.schramas.com\/assortiment\/"},{"@type":"ListItem","position":2,"name":"Bomen &amp; Struiken","item":"https:\/\/www.schramas.com\/product-category\/bomen-struiken\/"},{"@type":"ListItem","position":3,"name":"Prunus laurocerasus &#8216;Rotundifolia&#8217; 2 liter pot"}]},{"@type":"WebSite","@id":"https:\/\/www.schramas.com\/#website","url":"https:\/\/www.schramas.com\/","name":"Schramas.com | Plantes de jardin faciles \u00e0 commander en ligne | En direct de notre p\u00e9pini\u00e8re","description":"","alternateName":"Schramas.com - Alle planten direct van de kweker","potentialAction":[{"@type":"SearchAction","target":{"@type":"EntryPoint","urlTemplate":"https:\/\/www.schramas.com\/?s={search_term_string}"},"query-input":{"@type":"PropertyValueSpecification","valueRequired":true,"valueName":"search_term_string"}}],"inLanguage":"fr-FR"}]}},"_links":{"self":[{"href":"https:\/\/www.schramas.com\/fr\/wp-json\/wp\/v2\/product\/19638","targetHints":{"allow":["GET"]}}],"collection":[{"href":"https:\/\/www.schramas.com\/fr\/wp-json\/wp\/v2\/product"}],"about":[{"href":"https:\/\/www.schramas.com\/fr\/wp-json\/wp\/v2\/types\/product"}],"version-history":[{"count":0,"href":"https:\/\/www.schramas.com\/fr\/wp-json\/wp\/v2\/product\/19638\/revisions"}],"wp:featuredmedia":[{"embeddable":true,"href":"https:\/\/www.schramas.com\/fr\/wp-json\/wp\/v2\/media\/19787"}],"wp:attachment":[{"href":"https:\/\/www.schramas.com\/fr\/wp-json\/wp\/v2\/media?parent=19638"}],"wp:term":[{"taxonomy":"product_brand","embeddable":true,"href":"https:\/\/www.schramas.com\/fr\/wp-json\/wp\/v2\/product_brand?post=19638"},{"taxonomy":"product_cat","embeddable":true,"href":"https:\/\/www.schramas.com\/fr\/wp-json\/wp\/v2\/product_cat?post=19638"},{"taxonomy":"product_tag","embeddable":true,"href":"https:\/\/www.schramas.com\/fr\/wp-json\/wp\/v2\/product_tag?post=19638"}],"curies":[{"name":"wp","href":"https:\/\/api.w.org\/{rel}","templated":true}]}}