{"id":19769,"date":"2022-07-07T16:50:39","date_gmt":"2022-07-07T14:50:39","guid":{"rendered":"https:\/\/www.schramas.com\/?post_type=product&#038;p=19769"},"modified":"2026-03-26T16:34:57","modified_gmt":"2026-03-26T15:34:57","slug":"set-de-4-coniferes-thuja-occ-emerald-%e2%86%95-pot-de-50cm-2-litres","status":"publish","type":"product","link":"https:\/\/www.schramas.com\/fr\/boutique\/set-de-4-coniferes-thuja-occ-emerald-%e2%86%95-pot-de-50cm-2-litres\/","title":{"rendered":"Lot de 4 conif\u00e8res - Thuja occ. 'Emerald' - H 50cm - Pot de 2 litres"},"content":{"rendered":"<p>Arbre \u00e0 vie occidental ou conif\u00e8re Thuja occidentalis 'Emerald'.<\/p>\n<p>Thuja occidentalis 'Emerald' est un beau conif\u00e8re de haie au port dense et compact. Thuja occidentalis 'Emerald' pousse relativement lentement pour un conif\u00e8re de haie. Thuja occidentalis 'Emerald' mesure environ 400 cm de haut et son feuillage est vert frais. Comme tous les conif\u00e8res de haies, il est rustique. Conif\u00e8re pyramidal \u00e9troit. Hauteur 3 - 4 m, largeur jusqu'\u00e0 1 m. V\u00e9g\u00e9tation compacte. Feuillage vert fonc\u00e9. Tol\u00e8re bien la taille, peut \u00eatre utilis\u00e9 comme plante de haie. Emplacement lumineux. Sol riche en humus.<\/p>","protected":false},"excerpt":{"rendered":"<p>Thuja occidentalis 'Emerald' conif\u00e8re<\/p>\n<p>Convient aussi bien pour les terrasses que pour les terrains en plein air.<\/p>\n<p>P\u00e9riode de floraison : printemps<\/p>\n<p>Hauteur de livraison avec pot : 50+ cm<\/p>\n<p>Hauteur maximale : environ 400 cm<\/p>","protected":false},"featured_media":19770,"template":"","meta":{"_joinchat":[]},"product_brand":[],"product_cat":[762,867,1012,305],"product_tag":[],"class_list":{"0":"post-19769","1":"product","2":"type-product","3":"status-publish","4":"has-post-thumbnail","6":"product_cat-hagen","7":"product_cat-pakket-deals","8":"product_cat-overige-deals","9":"product_cat-planten-heesters","10":"pa_bloeimaanden-juni","11":"pa_bloeimaanden-augustus","12":"pa_ewd_uwcf_colors-groen-2","13":"pa_groeihoogte-300-cm","14":"pa_pot-zonder-pot","16":"first","17":"instock","18":"taxable","19":"shipping-taxable","20":"purchasable","21":"product-type-simple"},"yoast_head":"<!-- This site is optimized with the Yoast SEO plugin v24.2 - https:\/\/yoast.com\/wordpress\/plugins\/seo\/ -->\n<title>Set van 4 coniferen - Thuja occ. &#039;Smaragd&#039; - H 50cm - 2 liter pot kopen | Planten eenvoudig online bestellen | Schramas.com<\/title>\n<meta name=\"robots\" content=\"index, follow, max-snippet:-1, max-image-preview:large, max-video-preview:-1\" \/>\n<link rel=\"canonical\" href=\"https:\/\/www.schramas.com\/fr\/boutique\/set-de-4-coniferes-thuja-occ-emerald-\u2195-pot-de-50cm-2-litres\/\" \/>\n<meta property=\"og:locale\" content=\"fr_FR\" \/>\n<meta property=\"og:type\" content=\"article\" \/>\n<meta property=\"og:title\" content=\"Set van 4 coniferen - Thuja occ. &#039;Smaragd&#039; - H 50cm - 2 liter pot kopen | Planten eenvoudig online bestellen | Schramas.com\" \/>\n<meta property=\"og:description\" content=\"Thuja occidentalis \u2018Smaragd\u2019 conifeer  Geschikt voor zowel patio als volle grond.  Bloeitijd: Voorjaar  Leverhoogte incl. pot: 50+ cm  Max. hoogte: circa 400 cm\" \/>\n<meta property=\"og:url\" content=\"https:\/\/www.schramas.com\/fr\/boutique\/set-de-4-coniferes-thuja-occ-emerald-\u2195-pot-de-50cm-2-litres\/\" \/>\n<meta property=\"og:site_name\" content=\"Planten eenvoudig online bestellen | Schramas.com\" \/>\n<meta property=\"article:publisher\" content=\"https:\/\/www.facebook.com\/Schramascom-106872874153195\/\" \/>\n<meta property=\"article:modified_time\" content=\"2026-03-26T15:34:57+00:00\" \/>\n<meta property=\"og:image\" content=\"https:\/\/www.schramas.com\/wp-content\/uploads\/2022\/07\/Thuja-occidentalis-smaragd-pakketdeal.jpg\" \/>\n\t<meta property=\"og:image:width\" content=\"1200\" \/>\n\t<meta property=\"og:image:height\" content=\"1200\" \/>\n\t<meta property=\"og:image:type\" content=\"image\/jpeg\" \/>\n<meta name=\"twitter:card\" content=\"summary_large_image\" \/>\n<script type=\"application\/ld+json\" class=\"yoast-schema-graph\">{\"@context\":\"https:\/\/schema.org\",\"@graph\":[{\"@type\":[\"WebPage\",\"ItemPage\"],\"@id\":\"https:\/\/www.schramas.com\/winkel\/set-van-4-coniferen-thuja-occ-smaragd-%e2%86%95-50cm-2-liter-pot\/\",\"url\":\"https:\/\/www.schramas.com\/winkel\/set-van-4-coniferen-thuja-occ-smaragd-%e2%86%95-50cm-2-liter-pot\/\",\"name\":\"Set van 4 coniferen - Thuja occ. 'Smaragd' - H 50cm - 2 liter pot kopen | Planten eenvoudig online bestellen | Schramas.com\",\"isPartOf\":{\"@id\":\"https:\/\/www.schramas.com\/#website\"},\"primaryImageOfPage\":{\"@id\":\"https:\/\/www.schramas.com\/winkel\/set-van-4-coniferen-thuja-occ-smaragd-%e2%86%95-50cm-2-liter-pot\/#primaryimage\"},\"image\":{\"@id\":\"https:\/\/www.schramas.com\/winkel\/set-van-4-coniferen-thuja-occ-smaragd-%e2%86%95-50cm-2-liter-pot\/#primaryimage\"},\"thumbnailUrl\":\"https:\/\/www.schramas.com\/wp-content\/uploads\/2022\/07\/Thuja-occidentalis-smaragd-pakketdeal.jpg\",\"datePublished\":\"2022-07-07T14:50:39+00:00\",\"dateModified\":\"2026-03-26T15:34:57+00:00\",\"breadcrumb\":{\"@id\":\"https:\/\/www.schramas.com\/winkel\/set-van-4-coniferen-thuja-occ-smaragd-%e2%86%95-50cm-2-liter-pot\/#breadcrumb\"},\"inLanguage\":\"fr-FR\",\"potentialAction\":[{\"@type\":\"ReadAction\",\"target\":[\"https:\/\/www.schramas.com\/winkel\/set-van-4-coniferen-thuja-occ-smaragd-%e2%86%95-50cm-2-liter-pot\/\"]}]},{\"@type\":\"ImageObject\",\"inLanguage\":\"fr-FR\",\"@id\":\"https:\/\/www.schramas.com\/winkel\/set-van-4-coniferen-thuja-occ-smaragd-%e2%86%95-50cm-2-liter-pot\/#primaryimage\",\"url\":\"https:\/\/www.schramas.com\/wp-content\/uploads\/2022\/07\/Thuja-occidentalis-smaragd-pakketdeal.jpg\",\"contentUrl\":\"https:\/\/www.schramas.com\/wp-content\/uploads\/2022\/07\/Thuja-occidentalis-smaragd-pakketdeal.jpg\",\"width\":1200,\"height\":1200},{\"@type\":\"BreadcrumbList\",\"@id\":\"https:\/\/www.schramas.com\/winkel\/set-van-4-coniferen-thuja-occ-smaragd-%e2%86%95-50cm-2-liter-pot\/#breadcrumb\",\"itemListElement\":[{\"@type\":\"ListItem\",\"position\":1,\"name\":\"Product\",\"item\":\"https:\/\/www.schramas.com\/assortiment\/\"},{\"@type\":\"ListItem\",\"position\":2,\"name\":\"Tuinplanten\",\"item\":\"https:\/\/www.schramas.com\/product-category\/planten-heesters\/\"},{\"@type\":\"ListItem\",\"position\":3,\"name\":\"Hagen\",\"item\":\"https:\/\/www.schramas.com\/product-category\/planten-heesters\/hagen\/\"},{\"@type\":\"ListItem\",\"position\":4,\"name\":\"Set van 4 coniferen &#8211; Thuja occ. &#8216;Smaragd&#8217; &#8211; H 50cm &#8211; 2 liter pot\"}]},{\"@type\":\"WebSite\",\"@id\":\"https:\/\/www.schramas.com\/#website\",\"url\":\"https:\/\/www.schramas.com\/\",\"name\":\"Schramas.com | Tuinplanten eenvoudig online bestellen | Direct van onze Kwekerij\",\"description\":\"\",\"alternateName\":\"Schramas.com - Alle planten direct van de kweker\",\"potentialAction\":[{\"@type\":\"SearchAction\",\"target\":{\"@type\":\"EntryPoint\",\"urlTemplate\":\"https:\/\/www.schramas.com\/?s={search_term_string}\"},\"query-input\":{\"@type\":\"PropertyValueSpecification\",\"valueRequired\":true,\"valueName\":\"search_term_string\"}}],\"inLanguage\":\"fr-FR\"}]}<\/script>\n<!-- \/ Yoast SEO plugin. -->","yoast_head_json":{"title":"Lot de 4 conif\u00e8res - Thuja occ. 'Emerald' - H 50cm - acheter pot 2 litres | Acheter des plantes facilement en ligne | Schramas.com","robots":{"index":"index","follow":"follow","max-snippet":"max-snippet:-1","max-image-preview":"max-image-preview:large","max-video-preview":"max-video-preview:-1"},"canonical":"https:\/\/www.schramas.com\/fr\/boutique\/set-de-4-coniferes-thuja-occ-emerald-\u2195-pot-de-50cm-2-litres\/","og_locale":"fr_FR","og_type":"article","og_title":"Set van 4 coniferen - Thuja occ. 'Smaragd' - H 50cm - 2 liter pot kopen | Planten eenvoudig online bestellen | Schramas.com","og_description":"Thuja occidentalis \u2018Smaragd\u2019 conifeer  Geschikt voor zowel patio als volle grond.  Bloeitijd: Voorjaar  Leverhoogte incl. pot: 50+ cm  Max. hoogte: circa 400 cm","og_url":"https:\/\/www.schramas.com\/fr\/boutique\/set-de-4-coniferes-thuja-occ-emerald-\u2195-pot-de-50cm-2-litres\/","og_site_name":"Planten eenvoudig online bestellen | Schramas.com","article_publisher":"https:\/\/www.facebook.com\/Schramascom-106872874153195\/","article_modified_time":"2026-03-26T15:34:57+00:00","og_image":[{"width":1200,"height":1200,"url":"https:\/\/www.schramas.com\/wp-content\/uploads\/2022\/07\/Thuja-occidentalis-smaragd-pakketdeal.jpg","type":"image\/jpeg"}],"twitter_card":"summary_large_image","schema":{"@context":"https:\/\/schema.org","@graph":[{"@type":["WebPage","ItemPage"],"@id":"https:\/\/www.schramas.com\/winkel\/set-van-4-coniferen-thuja-occ-smaragd-%e2%86%95-50cm-2-liter-pot\/","url":"https:\/\/www.schramas.com\/winkel\/set-van-4-coniferen-thuja-occ-smaragd-%e2%86%95-50cm-2-liter-pot\/","name":"Lot de 4 conif\u00e8res - Thuja occ. 'Emerald' - H 50cm - acheter pot 2 litres | Acheter des plantes facilement en ligne | Schramas.com","isPartOf":{"@id":"https:\/\/www.schramas.com\/#website"},"primaryImageOfPage":{"@id":"https:\/\/www.schramas.com\/winkel\/set-van-4-coniferen-thuja-occ-smaragd-%e2%86%95-50cm-2-liter-pot\/#primaryimage"},"image":{"@id":"https:\/\/www.schramas.com\/winkel\/set-van-4-coniferen-thuja-occ-smaragd-%e2%86%95-50cm-2-liter-pot\/#primaryimage"},"thumbnailUrl":"https:\/\/www.schramas.com\/wp-content\/uploads\/2022\/07\/Thuja-occidentalis-smaragd-pakketdeal.jpg","datePublished":"2022-07-07T14:50:39+00:00","dateModified":"2026-03-26T15:34:57+00:00","breadcrumb":{"@id":"https:\/\/www.schramas.com\/winkel\/set-van-4-coniferen-thuja-occ-smaragd-%e2%86%95-50cm-2-liter-pot\/#breadcrumb"},"inLanguage":"fr-FR","potentialAction":[{"@type":"ReadAction","target":["https:\/\/www.schramas.com\/winkel\/set-van-4-coniferen-thuja-occ-smaragd-%e2%86%95-50cm-2-liter-pot\/"]}]},{"@type":"ImageObject","inLanguage":"fr-FR","@id":"https:\/\/www.schramas.com\/winkel\/set-van-4-coniferen-thuja-occ-smaragd-%e2%86%95-50cm-2-liter-pot\/#primaryimage","url":"https:\/\/www.schramas.com\/wp-content\/uploads\/2022\/07\/Thuja-occidentalis-smaragd-pakketdeal.jpg","contentUrl":"https:\/\/www.schramas.com\/wp-content\/uploads\/2022\/07\/Thuja-occidentalis-smaragd-pakketdeal.jpg","width":1200,"height":1200},{"@type":"BreadcrumbList","@id":"https:\/\/www.schramas.com\/winkel\/set-van-4-coniferen-thuja-occ-smaragd-%e2%86%95-50cm-2-liter-pot\/#breadcrumb","itemListElement":[{"@type":"ListItem","position":1,"name":"Product","item":"https:\/\/www.schramas.com\/assortiment\/"},{"@type":"ListItem","position":2,"name":"Tuinplanten","item":"https:\/\/www.schramas.com\/product-category\/planten-heesters\/"},{"@type":"ListItem","position":3,"name":"Hagen","item":"https:\/\/www.schramas.com\/product-category\/planten-heesters\/hagen\/"},{"@type":"ListItem","position":4,"name":"Set van 4 coniferen &#8211; Thuja occ. &#8216;Smaragd&#8217; &#8211; H 50cm &#8211; 2 liter pot"}]},{"@type":"WebSite","@id":"https:\/\/www.schramas.com\/#website","url":"https:\/\/www.schramas.com\/","name":"Schramas.com | Plantes de jardin faciles \u00e0 commander en ligne | En direct de notre p\u00e9pini\u00e8re","description":"","alternateName":"Schramas.com - Alle planten direct van de kweker","potentialAction":[{"@type":"SearchAction","target":{"@type":"EntryPoint","urlTemplate":"https:\/\/www.schramas.com\/?s={search_term_string}"},"query-input":{"@type":"PropertyValueSpecification","valueRequired":true,"valueName":"search_term_string"}}],"inLanguage":"fr-FR"}]}},"_links":{"self":[{"href":"https:\/\/www.schramas.com\/fr\/wp-json\/wp\/v2\/product\/19769","targetHints":{"allow":["GET"]}}],"collection":[{"href":"https:\/\/www.schramas.com\/fr\/wp-json\/wp\/v2\/product"}],"about":[{"href":"https:\/\/www.schramas.com\/fr\/wp-json\/wp\/v2\/types\/product"}],"version-history":[{"count":1,"href":"https:\/\/www.schramas.com\/fr\/wp-json\/wp\/v2\/product\/19769\/revisions"}],"predecessor-version":[{"id":46756,"href":"https:\/\/www.schramas.com\/fr\/wp-json\/wp\/v2\/product\/19769\/revisions\/46756"}],"wp:featuredmedia":[{"embeddable":true,"href":"https:\/\/www.schramas.com\/fr\/wp-json\/wp\/v2\/media\/19770"}],"wp:attachment":[{"href":"https:\/\/www.schramas.com\/fr\/wp-json\/wp\/v2\/media?parent=19769"}],"wp:term":[{"taxonomy":"product_brand","embeddable":true,"href":"https:\/\/www.schramas.com\/fr\/wp-json\/wp\/v2\/product_brand?post=19769"},{"taxonomy":"product_cat","embeddable":true,"href":"https:\/\/www.schramas.com\/fr\/wp-json\/wp\/v2\/product_cat?post=19769"},{"taxonomy":"product_tag","embeddable":true,"href":"https:\/\/www.schramas.com\/fr\/wp-json\/wp\/v2\/product_tag?post=19769"}],"curies":[{"name":"wp","href":"https:\/\/api.w.org\/{rel}","templated":true}]}}