{"id":19868,"date":"2022-07-14T10:43:25","date_gmt":"2022-07-14T08:43:25","guid":{"rendered":"https:\/\/www.schramas.com\/?post_type=product&#038;p=19868"},"modified":"2026-03-26T16:35:01","modified_gmt":"2026-03-26T15:35:01","slug":"vaccinium-vitis-idaea-koralle-foxberry-pot-de-2-litres","status":"publish","type":"product","link":"https:\/\/www.schramas.com\/fr\/boutique\/vaccinium-vitis-idaea-koralle-foxberry-pot-de-2-litres\/","title":{"rendered":"Vaccinium vitis-idaea 'Koralle' foxberry, pot de 2 litres"},"content":{"rendered":"<p>Vaccinium vitis-idaea 'Koralle' est une digitale dont les petites baies blanches deviennent de plus en plus rouge\u00e2tres \u00e0 mesure qu'elle m\u00fbrit. Cet arbuste fleurit avec des grappes de fleurs blanches et est id\u00e9al comme couvre-sol. En hiver, cette digitale conserve ses feuilles et r\u00e9siste au gel. A partir de septembre, les baies sont comestibles et sont principalement utilis\u00e9es dans les pur\u00e9es de fruits et les confitures. Il s'agit d'une plante \u00e0 haute valeur ornementale et elle est donc aussi largement utilis\u00e9e comme plante de conteneur.<\/p>\n<p>&nbsp;<\/p>","protected":false},"excerpt":{"rendered":"<p>Vaccinium vitis-idaea 'Koralle' renardier<\/p>\n<p>Go\u00fbt : aromatique acidul\u00e9 acide ou amer<\/p>\n<p>Couleur du fruit : rouge<\/p>\n<p>Hauteur : 10 - 30 cm<\/p>\n<p>Convient aussi bien pour les terrasses que pour les terrains en plein air<\/p>\n<p>Hardy.<\/p>\n<p>Hauteur de livraison, pot compris : 30 cm<\/p>\n<p>Taille du pot : 2 litres<\/p>","protected":false},"featured_media":19996,"template":"","meta":{"_joinchat":[]},"product_brand":[],"product_cat":[40,301,262,234,300,229,305],"product_tag":[603,659,906,484,658,351],"class_list":{"0":"post-19868","1":"product","2":"type-product","3":"status-publish","4":"has-post-thumbnail","6":"product_cat-blauwe-bessen","7":"product_cat-bodembedekkers","8":"product_cat-bomen-struiken","9":"product_cat-fruitstruiken","10":"product_cat-heesters","11":"product_cat-sierheesters","12":"product_cat-planten-heesters","13":"product_tag-bessen","14":"product_tag-bodembedekker","15":"product_tag-koralle","16":"product_tag-struik","17":"product_tag-vossenbes","18":"product_tag-winterhard","19":"pa_bloeimaanden-mei","20":"pa_bloeimaanden-juni","21":"pa_bloeimaanden-juli","22":"pa_ewd_uwcf_colors-mixed","23":"pa_ewd_uwcf_colors-rood-2","24":"pa_ewd_uwcf_colors-wit","25":"pa_groeihoogte-30-60-cm","26":"pa_pot-zonder-pot","28":"first","29":"outofstock","30":"taxable","31":"shipping-taxable","32":"purchasable","33":"product-type-simple"},"yoast_head":"<!-- This site is optimized with the Yoast SEO plugin v24.2 - https:\/\/yoast.com\/wordpress\/plugins\/seo\/ -->\n<title>Vaccinium vitis-idaea &#039;Koralle&#039; vossenbes, 2 liter pot kopen | Planten eenvoudig online bestellen | Schramas.com<\/title>\n<meta name=\"robots\" content=\"index, follow, max-snippet:-1, max-image-preview:large, max-video-preview:-1\" \/>\n<link rel=\"canonical\" href=\"https:\/\/www.schramas.com\/fr\/boutique\/vaccinium-vitis-idaea-koralle-foxberry-pot-de-2-litres\/\" \/>\n<meta property=\"og:locale\" content=\"fr_FR\" \/>\n<meta property=\"og:type\" content=\"article\" \/>\n<meta property=\"og:title\" content=\"Vaccinium vitis-idaea &#039;Koralle&#039; vossenbes, 2 liter pot kopen | Planten eenvoudig online bestellen | Schramas.com\" \/>\n<meta property=\"og:description\" content=\"Vaccinium vitis-idaea \u2018Koralle\u2019 vossenbes  Smaak: aromatisch wrang zuur of bitter  Kleur vrucht: rood  Hoogte: 10 - 30 cm  Geschikt voor zowel patio als volle grond  Winterhard.  Leverhoogte incl. pot: 30 cm  Pot maat: 2 liter\" \/>\n<meta property=\"og:url\" content=\"https:\/\/www.schramas.com\/fr\/boutique\/vaccinium-vitis-idaea-koralle-foxberry-pot-de-2-litres\/\" \/>\n<meta property=\"og:site_name\" content=\"Planten eenvoudig online bestellen | Schramas.com\" \/>\n<meta property=\"article:publisher\" content=\"https:\/\/www.facebook.com\/Schramascom-106872874153195\/\" \/>\n<meta property=\"article:modified_time\" content=\"2026-03-26T15:35:01+00:00\" \/>\n<meta property=\"og:image\" content=\"https:\/\/www.schramas.com\/wp-content\/uploads\/2022\/07\/vaccinium-koralle-sfeer.jpg\" \/>\n\t<meta property=\"og:image:width\" content=\"1200\" \/>\n\t<meta property=\"og:image:height\" content=\"1200\" \/>\n\t<meta property=\"og:image:type\" content=\"image\/jpeg\" \/>\n<meta name=\"twitter:card\" content=\"summary_large_image\" \/>\n<meta name=\"twitter:label1\" content=\"Dur\u00e9e de lecture estim\u00e9e\" \/>\n\t<meta name=\"twitter:data1\" content=\"1 minute\" \/>\n<script type=\"application\/ld+json\" class=\"yoast-schema-graph\">{\"@context\":\"https:\/\/schema.org\",\"@graph\":[{\"@type\":[\"WebPage\",\"ItemPage\"],\"@id\":\"https:\/\/www.schramas.com\/winkel\/vaccinium-vitis-idaea-koralle-vossenbes-2-liter-pot\/\",\"url\":\"https:\/\/www.schramas.com\/winkel\/vaccinium-vitis-idaea-koralle-vossenbes-2-liter-pot\/\",\"name\":\"Vaccinium vitis-idaea 'Koralle' vossenbes, 2 liter pot kopen | Planten eenvoudig online bestellen | Schramas.com\",\"isPartOf\":{\"@id\":\"https:\/\/www.schramas.com\/#website\"},\"primaryImageOfPage\":{\"@id\":\"https:\/\/www.schramas.com\/winkel\/vaccinium-vitis-idaea-koralle-vossenbes-2-liter-pot\/#primaryimage\"},\"image\":{\"@id\":\"https:\/\/www.schramas.com\/winkel\/vaccinium-vitis-idaea-koralle-vossenbes-2-liter-pot\/#primaryimage\"},\"thumbnailUrl\":\"https:\/\/www.schramas.com\/wp-content\/uploads\/2022\/07\/vaccinium-koralle-sfeer.jpg\",\"datePublished\":\"2022-07-14T08:43:25+00:00\",\"dateModified\":\"2026-03-26T15:35:01+00:00\",\"breadcrumb\":{\"@id\":\"https:\/\/www.schramas.com\/winkel\/vaccinium-vitis-idaea-koralle-vossenbes-2-liter-pot\/#breadcrumb\"},\"inLanguage\":\"fr-FR\",\"potentialAction\":[{\"@type\":\"ReadAction\",\"target\":[\"https:\/\/www.schramas.com\/winkel\/vaccinium-vitis-idaea-koralle-vossenbes-2-liter-pot\/\"]}]},{\"@type\":\"ImageObject\",\"inLanguage\":\"fr-FR\",\"@id\":\"https:\/\/www.schramas.com\/winkel\/vaccinium-vitis-idaea-koralle-vossenbes-2-liter-pot\/#primaryimage\",\"url\":\"https:\/\/www.schramas.com\/wp-content\/uploads\/2022\/07\/vaccinium-koralle-sfeer.jpg\",\"contentUrl\":\"https:\/\/www.schramas.com\/wp-content\/uploads\/2022\/07\/vaccinium-koralle-sfeer.jpg\",\"width\":1200,\"height\":1200},{\"@type\":\"BreadcrumbList\",\"@id\":\"https:\/\/www.schramas.com\/winkel\/vaccinium-vitis-idaea-koralle-vossenbes-2-liter-pot\/#breadcrumb\",\"itemListElement\":[{\"@type\":\"ListItem\",\"position\":1,\"name\":\"Product\",\"item\":\"https:\/\/www.schramas.com\/assortiment\/\"},{\"@type\":\"ListItem\",\"position\":2,\"name\":\"Bomen &amp; Struiken\",\"item\":\"https:\/\/www.schramas.com\/product-category\/bomen-struiken\/\"},{\"@type\":\"ListItem\",\"position\":3,\"name\":\"Vaccinium vitis-idaea &#8216;Koralle&#8217; vossenbes, 2 liter pot\"}]},{\"@type\":\"WebSite\",\"@id\":\"https:\/\/www.schramas.com\/#website\",\"url\":\"https:\/\/www.schramas.com\/\",\"name\":\"Schramas.com | Tuinplanten eenvoudig online bestellen | Direct van onze Kwekerij\",\"description\":\"\",\"alternateName\":\"Schramas.com - Alle planten direct van de kweker\",\"potentialAction\":[{\"@type\":\"SearchAction\",\"target\":{\"@type\":\"EntryPoint\",\"urlTemplate\":\"https:\/\/www.schramas.com\/?s={search_term_string}\"},\"query-input\":{\"@type\":\"PropertyValueSpecification\",\"valueRequired\":true,\"valueName\":\"search_term_string\"}}],\"inLanguage\":\"fr-FR\"}]}<\/script>\n<!-- \/ Yoast SEO plugin. -->","yoast_head_json":{"title":"Vaccinium vitis-idaea 'Koralle' digitale, acheter pot de 2 litres | Acheter des plantes en ligne | Schramas.com","robots":{"index":"index","follow":"follow","max-snippet":"max-snippet:-1","max-image-preview":"max-image-preview:large","max-video-preview":"max-video-preview:-1"},"canonical":"https:\/\/www.schramas.com\/fr\/boutique\/vaccinium-vitis-idaea-koralle-foxberry-pot-de-2-litres\/","og_locale":"fr_FR","og_type":"article","og_title":"Vaccinium vitis-idaea 'Koralle' vossenbes, 2 liter pot kopen | Planten eenvoudig online bestellen | Schramas.com","og_description":"Vaccinium vitis-idaea \u2018Koralle\u2019 vossenbes  Smaak: aromatisch wrang zuur of bitter  Kleur vrucht: rood  Hoogte: 10 - 30 cm  Geschikt voor zowel patio als volle grond  Winterhard.  Leverhoogte incl. pot: 30 cm  Pot maat: 2 liter","og_url":"https:\/\/www.schramas.com\/fr\/boutique\/vaccinium-vitis-idaea-koralle-foxberry-pot-de-2-litres\/","og_site_name":"Planten eenvoudig online bestellen | Schramas.com","article_publisher":"https:\/\/www.facebook.com\/Schramascom-106872874153195\/","article_modified_time":"2026-03-26T15:35:01+00:00","og_image":[{"width":1200,"height":1200,"url":"https:\/\/www.schramas.com\/wp-content\/uploads\/2022\/07\/vaccinium-koralle-sfeer.jpg","type":"image\/jpeg"}],"twitter_card":"summary_large_image","twitter_misc":{"Dur\u00e9e de lecture estim\u00e9e":"1 minute"},"schema":{"@context":"https:\/\/schema.org","@graph":[{"@type":["WebPage","ItemPage"],"@id":"https:\/\/www.schramas.com\/winkel\/vaccinium-vitis-idaea-koralle-vossenbes-2-liter-pot\/","url":"https:\/\/www.schramas.com\/winkel\/vaccinium-vitis-idaea-koralle-vossenbes-2-liter-pot\/","name":"Vaccinium vitis-idaea 'Koralle' digitale, acheter pot de 2 litres | Acheter des plantes en ligne | Schramas.com","isPartOf":{"@id":"https:\/\/www.schramas.com\/#website"},"primaryImageOfPage":{"@id":"https:\/\/www.schramas.com\/winkel\/vaccinium-vitis-idaea-koralle-vossenbes-2-liter-pot\/#primaryimage"},"image":{"@id":"https:\/\/www.schramas.com\/winkel\/vaccinium-vitis-idaea-koralle-vossenbes-2-liter-pot\/#primaryimage"},"thumbnailUrl":"https:\/\/www.schramas.com\/wp-content\/uploads\/2022\/07\/vaccinium-koralle-sfeer.jpg","datePublished":"2022-07-14T08:43:25+00:00","dateModified":"2026-03-26T15:35:01+00:00","breadcrumb":{"@id":"https:\/\/www.schramas.com\/winkel\/vaccinium-vitis-idaea-koralle-vossenbes-2-liter-pot\/#breadcrumb"},"inLanguage":"fr-FR","potentialAction":[{"@type":"ReadAction","target":["https:\/\/www.schramas.com\/winkel\/vaccinium-vitis-idaea-koralle-vossenbes-2-liter-pot\/"]}]},{"@type":"ImageObject","inLanguage":"fr-FR","@id":"https:\/\/www.schramas.com\/winkel\/vaccinium-vitis-idaea-koralle-vossenbes-2-liter-pot\/#primaryimage","url":"https:\/\/www.schramas.com\/wp-content\/uploads\/2022\/07\/vaccinium-koralle-sfeer.jpg","contentUrl":"https:\/\/www.schramas.com\/wp-content\/uploads\/2022\/07\/vaccinium-koralle-sfeer.jpg","width":1200,"height":1200},{"@type":"BreadcrumbList","@id":"https:\/\/www.schramas.com\/winkel\/vaccinium-vitis-idaea-koralle-vossenbes-2-liter-pot\/#breadcrumb","itemListElement":[{"@type":"ListItem","position":1,"name":"Product","item":"https:\/\/www.schramas.com\/assortiment\/"},{"@type":"ListItem","position":2,"name":"Bomen &amp; Struiken","item":"https:\/\/www.schramas.com\/product-category\/bomen-struiken\/"},{"@type":"ListItem","position":3,"name":"Vaccinium vitis-idaea &#8216;Koralle&#8217; vossenbes, 2 liter pot"}]},{"@type":"WebSite","@id":"https:\/\/www.schramas.com\/#website","url":"https:\/\/www.schramas.com\/","name":"Schramas.com | Plantes de jardin faciles \u00e0 commander en ligne | En direct de notre p\u00e9pini\u00e8re","description":"","alternateName":"Schramas.com - Alle planten direct van de kweker","potentialAction":[{"@type":"SearchAction","target":{"@type":"EntryPoint","urlTemplate":"https:\/\/www.schramas.com\/?s={search_term_string}"},"query-input":{"@type":"PropertyValueSpecification","valueRequired":true,"valueName":"search_term_string"}}],"inLanguage":"fr-FR"}]}},"_links":{"self":[{"href":"https:\/\/www.schramas.com\/fr\/wp-json\/wp\/v2\/product\/19868","targetHints":{"allow":["GET"]}}],"collection":[{"href":"https:\/\/www.schramas.com\/fr\/wp-json\/wp\/v2\/product"}],"about":[{"href":"https:\/\/www.schramas.com\/fr\/wp-json\/wp\/v2\/types\/product"}],"version-history":[{"count":0,"href":"https:\/\/www.schramas.com\/fr\/wp-json\/wp\/v2\/product\/19868\/revisions"}],"wp:featuredmedia":[{"embeddable":true,"href":"https:\/\/www.schramas.com\/fr\/wp-json\/wp\/v2\/media\/19996"}],"wp:attachment":[{"href":"https:\/\/www.schramas.com\/fr\/wp-json\/wp\/v2\/media?parent=19868"}],"wp:term":[{"taxonomy":"product_brand","embeddable":true,"href":"https:\/\/www.schramas.com\/fr\/wp-json\/wp\/v2\/product_brand?post=19868"},{"taxonomy":"product_cat","embeddable":true,"href":"https:\/\/www.schramas.com\/fr\/wp-json\/wp\/v2\/product_cat?post=19868"},{"taxonomy":"product_tag","embeddable":true,"href":"https:\/\/www.schramas.com\/fr\/wp-json\/wp\/v2\/product_tag?post=19868"}],"curies":[{"name":"wp","href":"https:\/\/api.w.org\/{rel}","templated":true}]}}