{"id":19884,"date":"2022-07-14T16:43:36","date_gmt":"2022-07-14T14:43:36","guid":{"rendered":"https:\/\/www.schramas.com\/?post_type=product&#038;p=19884"},"modified":"2026-03-26T16:35:03","modified_gmt":"2026-03-26T15:35:03","slug":"spiraea-chamaedryfolia-reine-des-pres-pot-de-2-litres","status":"publish","type":"product","link":"https:\/\/www.schramas.com\/fr\/boutique\/spiraea-chamaedryfolia-reine-des-pres-pot-de-2-litres\/","title":{"rendered":"Spiraea 'Chamaedryfolia' reine des pr\u00e9s, pot de 2 litres"},"content":{"rendered":"<p>La Spir\u00e9e &#039;Chamaedryfolia&#039; est un bel arbuste ornemental, en raison de ses fleurs blanches ou roses qui s&#039;\u00e9panouissent abondamment et elle est \u00e9galement utilis\u00e9e comme plante de haie ou de bordure car elle est robuste et facile d&#039;entretien. Spiraea chamaedryfolia est un arbuste qui atteint une hauteur de 1 \u00e0 1,5 m\u00e8tres. Les branches sont brun\u00e2tres ou brun rouge\u00e2tre. Les fleurs blanches d&#039;un diam\u00e8tre de 6 \u00e0 9 mm poussent en grappes en forme d&#039;\u00e9pi.<\/p>","protected":false},"excerpt":{"rendered":"<p>Spir\u00e9e &#039;Chamaedryfolia&#039;<\/p>\n<p>Convient aussi bien pour les terrasses que pour les terrains en plein air.<\/p>\n<p>Inflorescence : Fleurs blanches<\/p>\n<p>P\u00e9riode de floraison : mai, juin, juillet<\/p>\n<p>Hauteur de livraison avec pot : 30+ cm<\/p>\n<p>Hauteur maximale : environ 150 cm<\/p>","protected":false},"featured_media":20001,"template":"","meta":{"_joinchat":[]},"product_brand":[],"product_cat":[302,300,229,305],"product_tag":[917,916,536,495,915,520],"class_list":{"0":"post-19884","1":"product","2":"type-product","3":"status-publish","4":"has-post-thumbnail","6":"product_cat-bladverliezende-heesters","7":"product_cat-heesters","8":"product_cat-sierheesters","9":"product_cat-planten-heesters","10":"product_tag-gebergte","11":"product_tag-helling","12":"product_tag-roze","13":"product_tag-sierheester","14":"product_tag-spierstruik","15":"product_tag-wit","16":"pa_bloeimaanden-mei","17":"pa_bloeimaanden-juni","18":"pa_bloeimaanden-juli","19":"pa_ewd_uwcf_colors-groen-2","20":"pa_ewd_uwcf_colors-rood-2","21":"pa_ewd_uwcf_colors-wit","22":"pa_groeihoogte-60-150-cm","23":"pa_pot-zonder-pot","25":"first","26":"outofstock","27":"taxable","28":"shipping-taxable","29":"purchasable","30":"product-type-simple"},"yoast_head":"<!-- This site is optimized with the Yoast SEO plugin v24.2 - https:\/\/yoast.com\/wordpress\/plugins\/seo\/ -->\n<title>Spiraea &#039;Chamaedryfolia&#039; moerasspirea, 2 liter pot kopen | Planten eenvoudig online bestellen | Schramas.com<\/title>\n<meta name=\"robots\" content=\"index, follow, max-snippet:-1, max-image-preview:large, max-video-preview:-1\" \/>\n<link rel=\"canonical\" href=\"https:\/\/www.schramas.com\/fr\/boutique\/spiraea-chamaedryfolia-reine-des-pres-pot-de-2-litres\/\" \/>\n<meta property=\"og:locale\" content=\"fr_FR\" \/>\n<meta property=\"og:type\" content=\"article\" \/>\n<meta property=\"og:title\" content=\"Spiraea &#039;Chamaedryfolia&#039; moerasspirea, 2 liter pot kopen | Planten eenvoudig online bestellen | Schramas.com\" \/>\n<meta property=\"og:description\" content=\"Spiraea &#039;Chamaedryfolia&#039;  Geschikt voor zowel patio als volle grond.  Bloeiwijze: Witte bloemen  Bloeitijd: mei, juni, juli  Leverhoogte incl. pot: 30+ cm  Max. hoogte: circa 150 cm\" \/>\n<meta property=\"og:url\" content=\"https:\/\/www.schramas.com\/fr\/boutique\/spiraea-chamaedryfolia-reine-des-pres-pot-de-2-litres\/\" \/>\n<meta property=\"og:site_name\" content=\"Planten eenvoudig online bestellen | Schramas.com\" \/>\n<meta property=\"article:publisher\" content=\"https:\/\/www.facebook.com\/Schramascom-106872874153195\/\" \/>\n<meta property=\"article:modified_time\" content=\"2026-03-26T15:35:03+00:00\" \/>\n<meta property=\"og:image\" content=\"https:\/\/www.schramas.com\/wp-content\/uploads\/2022\/07\/chamadryfolia.jpg\" \/>\n\t<meta property=\"og:image:width\" content=\"1200\" \/>\n\t<meta property=\"og:image:height\" content=\"1200\" \/>\n\t<meta property=\"og:image:type\" content=\"image\/jpeg\" \/>\n<meta name=\"twitter:card\" content=\"summary_large_image\" \/>\n<meta name=\"twitter:label1\" content=\"Dur\u00e9e de lecture estim\u00e9e\" \/>\n\t<meta name=\"twitter:data1\" content=\"1 minute\" \/>\n<script type=\"application\/ld+json\" class=\"yoast-schema-graph\">{\"@context\":\"https:\/\/schema.org\",\"@graph\":[{\"@type\":[\"WebPage\",\"ItemPage\"],\"@id\":\"https:\/\/www.schramas.com\/winkel\/spiraea-chamaedryfolia-moerasspirea-2-liter-pot\/\",\"url\":\"https:\/\/www.schramas.com\/winkel\/spiraea-chamaedryfolia-moerasspirea-2-liter-pot\/\",\"name\":\"Spiraea 'Chamaedryfolia' moerasspirea, 2 liter pot kopen | Planten eenvoudig online bestellen | Schramas.com\",\"isPartOf\":{\"@id\":\"https:\/\/www.schramas.com\/#website\"},\"primaryImageOfPage\":{\"@id\":\"https:\/\/www.schramas.com\/winkel\/spiraea-chamaedryfolia-moerasspirea-2-liter-pot\/#primaryimage\"},\"image\":{\"@id\":\"https:\/\/www.schramas.com\/winkel\/spiraea-chamaedryfolia-moerasspirea-2-liter-pot\/#primaryimage\"},\"thumbnailUrl\":\"https:\/\/www.schramas.com\/wp-content\/uploads\/2022\/07\/chamadryfolia.jpg\",\"datePublished\":\"2022-07-14T14:43:36+00:00\",\"dateModified\":\"2026-03-26T15:35:03+00:00\",\"breadcrumb\":{\"@id\":\"https:\/\/www.schramas.com\/winkel\/spiraea-chamaedryfolia-moerasspirea-2-liter-pot\/#breadcrumb\"},\"inLanguage\":\"fr-FR\",\"potentialAction\":[{\"@type\":\"ReadAction\",\"target\":[\"https:\/\/www.schramas.com\/winkel\/spiraea-chamaedryfolia-moerasspirea-2-liter-pot\/\"]}]},{\"@type\":\"ImageObject\",\"inLanguage\":\"fr-FR\",\"@id\":\"https:\/\/www.schramas.com\/winkel\/spiraea-chamaedryfolia-moerasspirea-2-liter-pot\/#primaryimage\",\"url\":\"https:\/\/www.schramas.com\/wp-content\/uploads\/2022\/07\/chamadryfolia.jpg\",\"contentUrl\":\"https:\/\/www.schramas.com\/wp-content\/uploads\/2022\/07\/chamadryfolia.jpg\",\"width\":1200,\"height\":1200},{\"@type\":\"BreadcrumbList\",\"@id\":\"https:\/\/www.schramas.com\/winkel\/spiraea-chamaedryfolia-moerasspirea-2-liter-pot\/#breadcrumb\",\"itemListElement\":[{\"@type\":\"ListItem\",\"position\":1,\"name\":\"Product\",\"item\":\"https:\/\/www.schramas.com\/assortiment\/\"},{\"@type\":\"ListItem\",\"position\":2,\"name\":\"Tuinplanten\",\"item\":\"https:\/\/www.schramas.com\/product-category\/planten-heesters\/\"},{\"@type\":\"ListItem\",\"position\":3,\"name\":\"Spiraea &#8216;Chamaedryfolia&#8217; moerasspirea, 2 liter pot\"}]},{\"@type\":\"WebSite\",\"@id\":\"https:\/\/www.schramas.com\/#website\",\"url\":\"https:\/\/www.schramas.com\/\",\"name\":\"Schramas.com | Tuinplanten eenvoudig online bestellen | Direct van onze Kwekerij\",\"description\":\"\",\"alternateName\":\"Schramas.com - Alle planten direct van de kweker\",\"potentialAction\":[{\"@type\":\"SearchAction\",\"target\":{\"@type\":\"EntryPoint\",\"urlTemplate\":\"https:\/\/www.schramas.com\/?s={search_term_string}\"},\"query-input\":{\"@type\":\"PropertyValueSpecification\",\"valueRequired\":true,\"valueName\":\"search_term_string\"}}],\"inLanguage\":\"fr-FR\"}]}<\/script>\n<!-- \/ Yoast SEO plugin. -->","yoast_head_json":{"title":"Achetez Spir\u00e9e &#039;Chamaedryfolia&#039; reine des pr\u00e9s, pot de 2 litres | Commandez facilement des plantes en ligne | Schramas.com","robots":{"index":"index","follow":"follow","max-snippet":"max-snippet:-1","max-image-preview":"max-image-preview:large","max-video-preview":"max-video-preview:-1"},"canonical":"https:\/\/www.schramas.com\/fr\/boutique\/spiraea-chamaedryfolia-reine-des-pres-pot-de-2-litres\/","og_locale":"fr_FR","og_type":"article","og_title":"Spiraea 'Chamaedryfolia' moerasspirea, 2 liter pot kopen | Planten eenvoudig online bestellen | Schramas.com","og_description":"Spiraea 'Chamaedryfolia'  Geschikt voor zowel patio als volle grond.  Bloeiwijze: Witte bloemen  Bloeitijd: mei, juni, juli  Leverhoogte incl. pot: 30+ cm  Max. hoogte: circa 150 cm","og_url":"https:\/\/www.schramas.com\/fr\/boutique\/spiraea-chamaedryfolia-reine-des-pres-pot-de-2-litres\/","og_site_name":"Planten eenvoudig online bestellen | Schramas.com","article_publisher":"https:\/\/www.facebook.com\/Schramascom-106872874153195\/","article_modified_time":"2026-03-26T15:35:03+00:00","og_image":[{"width":1200,"height":1200,"url":"https:\/\/www.schramas.com\/wp-content\/uploads\/2022\/07\/chamadryfolia.jpg","type":"image\/jpeg"}],"twitter_card":"summary_large_image","twitter_misc":{"Dur\u00e9e de lecture estim\u00e9e":"1 minute"},"schema":{"@context":"https:\/\/schema.org","@graph":[{"@type":["WebPage","ItemPage"],"@id":"https:\/\/www.schramas.com\/winkel\/spiraea-chamaedryfolia-moerasspirea-2-liter-pot\/","url":"https:\/\/www.schramas.com\/winkel\/spiraea-chamaedryfolia-moerasspirea-2-liter-pot\/","name":"Achetez Spir\u00e9e &#039;Chamaedryfolia&#039; reine des pr\u00e9s, pot de 2 litres | Commandez facilement des plantes en ligne | Schramas.com","isPartOf":{"@id":"https:\/\/www.schramas.com\/#website"},"primaryImageOfPage":{"@id":"https:\/\/www.schramas.com\/winkel\/spiraea-chamaedryfolia-moerasspirea-2-liter-pot\/#primaryimage"},"image":{"@id":"https:\/\/www.schramas.com\/winkel\/spiraea-chamaedryfolia-moerasspirea-2-liter-pot\/#primaryimage"},"thumbnailUrl":"https:\/\/www.schramas.com\/wp-content\/uploads\/2022\/07\/chamadryfolia.jpg","datePublished":"2022-07-14T14:43:36+00:00","dateModified":"2026-03-26T15:35:03+00:00","breadcrumb":{"@id":"https:\/\/www.schramas.com\/winkel\/spiraea-chamaedryfolia-moerasspirea-2-liter-pot\/#breadcrumb"},"inLanguage":"fr-FR","potentialAction":[{"@type":"ReadAction","target":["https:\/\/www.schramas.com\/winkel\/spiraea-chamaedryfolia-moerasspirea-2-liter-pot\/"]}]},{"@type":"ImageObject","inLanguage":"fr-FR","@id":"https:\/\/www.schramas.com\/winkel\/spiraea-chamaedryfolia-moerasspirea-2-liter-pot\/#primaryimage","url":"https:\/\/www.schramas.com\/wp-content\/uploads\/2022\/07\/chamadryfolia.jpg","contentUrl":"https:\/\/www.schramas.com\/wp-content\/uploads\/2022\/07\/chamadryfolia.jpg","width":1200,"height":1200},{"@type":"BreadcrumbList","@id":"https:\/\/www.schramas.com\/winkel\/spiraea-chamaedryfolia-moerasspirea-2-liter-pot\/#breadcrumb","itemListElement":[{"@type":"ListItem","position":1,"name":"Product","item":"https:\/\/www.schramas.com\/assortiment\/"},{"@type":"ListItem","position":2,"name":"Tuinplanten","item":"https:\/\/www.schramas.com\/product-category\/planten-heesters\/"},{"@type":"ListItem","position":3,"name":"Spiraea &#8216;Chamaedryfolia&#8217; moerasspirea, 2 liter pot"}]},{"@type":"WebSite","@id":"https:\/\/www.schramas.com\/#website","url":"https:\/\/www.schramas.com\/","name":"Schramas.com | Plantes de jardin faciles \u00e0 commander en ligne | En direct de notre p\u00e9pini\u00e8re","description":"","alternateName":"Schramas.com - Alle planten direct van de kweker","potentialAction":[{"@type":"SearchAction","target":{"@type":"EntryPoint","urlTemplate":"https:\/\/www.schramas.com\/?s={search_term_string}"},"query-input":{"@type":"PropertyValueSpecification","valueRequired":true,"valueName":"search_term_string"}}],"inLanguage":"fr-FR"}]}},"_links":{"self":[{"href":"https:\/\/www.schramas.com\/fr\/wp-json\/wp\/v2\/product\/19884","targetHints":{"allow":["GET"]}}],"collection":[{"href":"https:\/\/www.schramas.com\/fr\/wp-json\/wp\/v2\/product"}],"about":[{"href":"https:\/\/www.schramas.com\/fr\/wp-json\/wp\/v2\/types\/product"}],"version-history":[{"count":0,"href":"https:\/\/www.schramas.com\/fr\/wp-json\/wp\/v2\/product\/19884\/revisions"}],"wp:featuredmedia":[{"embeddable":true,"href":"https:\/\/www.schramas.com\/fr\/wp-json\/wp\/v2\/media\/20001"}],"wp:attachment":[{"href":"https:\/\/www.schramas.com\/fr\/wp-json\/wp\/v2\/media?parent=19884"}],"wp:term":[{"taxonomy":"product_brand","embeddable":true,"href":"https:\/\/www.schramas.com\/fr\/wp-json\/wp\/v2\/product_brand?post=19884"},{"taxonomy":"product_cat","embeddable":true,"href":"https:\/\/www.schramas.com\/fr\/wp-json\/wp\/v2\/product_cat?post=19884"},{"taxonomy":"product_tag","embeddable":true,"href":"https:\/\/www.schramas.com\/fr\/wp-json\/wp\/v2\/product_tag?post=19884"}],"curies":[{"name":"wp","href":"https:\/\/api.w.org\/{rel}","templated":true}]}}