{"id":20392,"date":"2022-09-08T09:00:12","date_gmt":"2022-09-08T07:00:12","guid":{"rendered":"https:\/\/www.schramas.com\/?post_type=product&#038;p=20392"},"modified":"2026-04-20T18:57:53","modified_gmt":"2026-04-20T16:57:53","slug":"lot-de-3-arbres-fruitiers-1-pomme-1-poire-1-prune-hauteur-100cm-pot-5-litres-mix-d","status":"publish","type":"product","link":"https:\/\/www.schramas.com\/fr\/boutique\/lot-de-3-arbres-fruitiers-1-pomme-1-poire-1-prune-hauteur-100cm-pot-5-litres-mix-d\/","title":{"rendered":"Lot de 3 arbres fruitiers - 1 Pomme, 1 Poire, 1 Prune - Hauteur +100cm - Pot de 5 litres - M\u00e9lange D"},"content":{"rendered":"<p>Ces arbres fruitiers \u00e9tant cultiv\u00e9s en pot, ils peuvent \u00eatre plant\u00e9s ou rempot\u00e9s toute l\u2019ann\u00e9e.<\/p>\n<p>&nbsp;<\/p>\n<p><b>Vari\u00e9t\u00e9 de pomme : Elstar<\/b><\/p>\n<p>Bien s\u00fbr, nous connaissons tous \u00ab Elstar \u00bb ! C\u2019est toujours l\u2019une des vari\u00e9t\u00e9s de pommes les plus vendues en magasin. C&#039;est une pomme juteuse et croustillante \u00e0 la chair blanche et cr\u00e9meuse. Son ar\u00f4me et son go\u00fbt : frais et merveilleusement sucr\u00e9. La plupart des pommes Elstar sont vert-jaune avec une teinte rouge vif. Cette pomme vous est propos\u00e9e par schramas.com dans un pot de 5 litres avec une hauteur de plante d&#039;environ 80 cm.<\/p>\n<p><strong>Sp\u00e9cifications du produit<\/strong><\/p>\n<ul>\n<li>Malus domestica 'Elstar'<\/li>\n<li>Vari\u00e9t\u00e9 de pomme tr\u00e8s populaire.<\/li>\n<li>Go\u00fbt : frais et doux.<\/li>\n<li>Couleur du fruit : vert-jaune avec une pointe de rouge vif.<\/li>\n<li>Hauteur maximale : 2,5 \u00e0 3 m\u00e8tres<\/li>\n<\/ul>\n<p>&nbsp;<\/p>\n<p><b>Vari\u00e9t\u00e9 de poire : Conf\u00e9rence<\/b><\/p>\n<p>La Conf\u00e9rence est la poire la plus connue gr\u00e2ce \u00e0 ses poires sucr\u00e9es et fermes qui se conservent longtemps. Le poirier Conf\u00e9rence procure un grand plaisir tout au long de l'ann\u00e9e. Au printemps, il produit de nombreuses fleurs blanches et en automne, de nombreux fruits.<\/p>\n<p><strong>Sp\u00e9cifications du produit<\/strong><\/p>\n<ul>\n<li>Pyrus communis 'Conf\u00e9rence<\/li>\n<li>Go\u00fbt : doux<\/li>\n<li>Couleur du fruit : vert<\/li>\n<li>Hauteur maximale : 3 \u00e0 5 m\u00e8tres selon la taille et le type de porte-greffe.<\/li>\n<\/ul>\n<p>&nbsp;<\/p>\n<p><b>Vari\u00e9t\u00e9 de prune : Opale<\/b><\/p>\n<p>R\u00e9colte pr\u00e9coce, riche en fruits. Le Prunus domestica &#039;Opal&#039; produit de petits fruits de couleur violette sur fond jaune-rouge. Peut \u00eatre r\u00e9colt\u00e9 \u00e0 partir de d\u00e9but ao\u00fbt.<\/p>\n<p><strong>Sp\u00e9cifications du produit<\/strong><\/p>\n<ul>\n<li>Prunus domestica &#039;Opale&#039;<\/li>\n<li>Go\u00fbt : doux<\/li>\n<li>Couleur du fruit : bleu violet<\/li>\n<li>Hauteur maximale : 3-5 m\u00e8tres en pleine terre et selon le type de porte-greffe<\/li>\n<li><\/li>\n<\/ul>","protected":false},"excerpt":{"rendered":"<p>Pomme : Malus domestica &#039;Elstar&#039;<\/p>\n<p>Poire : Pyrus communis &#039;Conf\u00e9rence&#039;<\/p>\n<p>Prune : Prunus domestica &#039;Opal&#039;<\/p>\n<p>Hauteur de livraison, pot compris : environ 100 cm<\/p>\n<p>Taille du pot : 5 litres<\/p>\n<p>Convient aussi bien pour les terrasses que pour les terrains en plein air<\/p>","protected":false},"featured_media":20473,"template":"","meta":{"_joinchat":[]},"product_brand":[],"product_cat":[262,1011,233,867],"product_tag":[588,582,944,879],"class_list":{"0":"post-20392","1":"product","2":"type-product","3":"status-publish","4":"has-post-thumbnail","6":"product_cat-bomen-struiken","7":"product_cat-fruit-deals","8":"product_cat-fruitbomen","9":"product_cat-pakket-deals","10":"product_tag-conference","11":"product_tag-elstar","12":"product_tag-opal","13":"product_tag-pakketdeal","15":"first","16":"instock","17":"taxable","18":"shipping-taxable","19":"purchasable","20":"product-type-simple"},"yoast_head":"<!-- This site is optimized with the Yoast SEO plugin v24.2 - https:\/\/yoast.com\/wordpress\/plugins\/seo\/ -->\n<title>Set van 3 fruitbomen - 1 Appel, 1 Peer, 1 Pruim - Hoogte +100cm - 5 Liter pot - Mix D kopen | Planten eenvoudig online bestellen | Schramas.com<\/title>\n<meta name=\"robots\" content=\"index, follow, max-snippet:-1, max-image-preview:large, max-video-preview:-1\" \/>\n<link rel=\"canonical\" href=\"https:\/\/www.schramas.com\/fr\/boutique\/lot-de-3-arbres-fruitiers-1-pomme-1-poire-1-prune-hauteur-100cm-pot-5-litres-mix-d\/\" \/>\n<meta property=\"og:locale\" content=\"fr_FR\" \/>\n<meta property=\"og:type\" content=\"article\" \/>\n<meta property=\"og:title\" content=\"Set van 3 fruitbomen - 1 Appel, 1 Peer, 1 Pruim - Hoogte +100cm - 5 Liter pot - Mix D kopen | Planten eenvoudig online bestellen | Schramas.com\" \/>\n<meta property=\"og:description\" content=\"Appel: Malus domestica \u2018Elstar\u2019  Peer: Pyrus communis \u2018Conference\u2019  Pruim: Prunus domestica \u2018Opal\u2019  Leverhoogte incl. pot: ca. 100 cm  Potmaat: 5 liter  Geschikt voor zowel patio als volle grond\" \/>\n<meta property=\"og:url\" content=\"https:\/\/www.schramas.com\/fr\/boutique\/lot-de-3-arbres-fruitiers-1-pomme-1-poire-1-prune-hauteur-100cm-pot-5-litres-mix-d\/\" \/>\n<meta property=\"og:site_name\" content=\"Planten eenvoudig online bestellen | Schramas.com\" \/>\n<meta property=\"article:publisher\" content=\"https:\/\/www.facebook.com\/Schramascom-106872874153195\/\" \/>\n<meta property=\"article:modified_time\" content=\"2026-04-20T16:57:53+00:00\" \/>\n<meta property=\"og:image\" content=\"http:\/\/www.schramas.com\/wp-content\/uploads\/2022\/09\/Pakketdeal-fruitbomen-set-3-5L-D.jpg\" \/>\n\t<meta property=\"og:image:width\" content=\"1200\" \/>\n\t<meta property=\"og:image:height\" content=\"1200\" \/>\n\t<meta property=\"og:image:type\" content=\"image\/jpeg\" \/>\n<meta name=\"twitter:card\" content=\"summary_large_image\" \/>\n<meta name=\"twitter:label1\" content=\"Dur\u00e9e de lecture estim\u00e9e\" \/>\n\t<meta name=\"twitter:data1\" content=\"1 minute\" \/>\n<script type=\"application\/ld+json\" class=\"yoast-schema-graph\">{\"@context\":\"https:\/\/schema.org\",\"@graph\":[{\"@type\":[\"WebPage\",\"ItemPage\"],\"@id\":\"https:\/\/www.schramas.com\/winkel\/set-van-3-fruitbomen-1-appel-1-peer-1-pruim-hoogte-100cm-5-liter-pot-mix-d\/\",\"url\":\"https:\/\/www.schramas.com\/winkel\/set-van-3-fruitbomen-1-appel-1-peer-1-pruim-hoogte-100cm-5-liter-pot-mix-d\/\",\"name\":\"Set van 3 fruitbomen - 1 Appel, 1 Peer, 1 Pruim - Hoogte +100cm - 5 Liter pot - Mix D kopen | Planten eenvoudig online bestellen | Schramas.com\",\"isPartOf\":{\"@id\":\"https:\/\/www.schramas.com\/#website\"},\"primaryImageOfPage\":{\"@id\":\"https:\/\/www.schramas.com\/winkel\/set-van-3-fruitbomen-1-appel-1-peer-1-pruim-hoogte-100cm-5-liter-pot-mix-d\/#primaryimage\"},\"image\":{\"@id\":\"https:\/\/www.schramas.com\/winkel\/set-van-3-fruitbomen-1-appel-1-peer-1-pruim-hoogte-100cm-5-liter-pot-mix-d\/#primaryimage\"},\"thumbnailUrl\":\"https:\/\/www.schramas.com\/wp-content\/uploads\/2022\/09\/Pakketdeal-fruitbomen-set-3-5L-D.jpg\",\"datePublished\":\"2022-09-08T07:00:12+00:00\",\"dateModified\":\"2026-04-20T16:57:53+00:00\",\"breadcrumb\":{\"@id\":\"https:\/\/www.schramas.com\/winkel\/set-van-3-fruitbomen-1-appel-1-peer-1-pruim-hoogte-100cm-5-liter-pot-mix-d\/#breadcrumb\"},\"inLanguage\":\"fr-FR\",\"potentialAction\":[{\"@type\":\"ReadAction\",\"target\":[\"https:\/\/www.schramas.com\/winkel\/set-van-3-fruitbomen-1-appel-1-peer-1-pruim-hoogte-100cm-5-liter-pot-mix-d\/\"]}]},{\"@type\":\"ImageObject\",\"inLanguage\":\"fr-FR\",\"@id\":\"https:\/\/www.schramas.com\/winkel\/set-van-3-fruitbomen-1-appel-1-peer-1-pruim-hoogte-100cm-5-liter-pot-mix-d\/#primaryimage\",\"url\":\"https:\/\/www.schramas.com\/wp-content\/uploads\/2022\/09\/Pakketdeal-fruitbomen-set-3-5L-D.jpg\",\"contentUrl\":\"https:\/\/www.schramas.com\/wp-content\/uploads\/2022\/09\/Pakketdeal-fruitbomen-set-3-5L-D.jpg\",\"width\":1200,\"height\":1200},{\"@type\":\"BreadcrumbList\",\"@id\":\"https:\/\/www.schramas.com\/winkel\/set-van-3-fruitbomen-1-appel-1-peer-1-pruim-hoogte-100cm-5-liter-pot-mix-d\/#breadcrumb\",\"itemListElement\":[{\"@type\":\"ListItem\",\"position\":1,\"name\":\"Product\",\"item\":\"https:\/\/www.schramas.com\/assortiment\/\"},{\"@type\":\"ListItem\",\"position\":2,\"name\":\"Pakketdeals\",\"item\":\"https:\/\/www.schramas.com\/product-category\/pakket-deals\/\"},{\"@type\":\"ListItem\",\"position\":3,\"name\":\"Set van 3 fruitbomen &#8211; 1 Appel, 1 Peer, 1 Pruim &#8211; Hoogte +100cm &#8211; 5 Liter pot &#8211; Mix D\"}]},{\"@type\":\"WebSite\",\"@id\":\"https:\/\/www.schramas.com\/#website\",\"url\":\"https:\/\/www.schramas.com\/\",\"name\":\"Schramas.com | Tuinplanten eenvoudig online bestellen | Direct van onze Kwekerij\",\"description\":\"\",\"alternateName\":\"Schramas.com - Alle planten direct van de kweker\",\"potentialAction\":[{\"@type\":\"SearchAction\",\"target\":{\"@type\":\"EntryPoint\",\"urlTemplate\":\"https:\/\/www.schramas.com\/?s={search_term_string}\"},\"query-input\":{\"@type\":\"PropertyValueSpecification\",\"valueRequired\":true,\"valueName\":\"search_term_string\"}}],\"inLanguage\":\"fr-FR\"}]}<\/script>\n<!-- \/ Yoast SEO plugin. -->","yoast_head_json":{"title":"Lot de 3 arbres fruitiers - 1 Pomme, 1 Poire, 1 Prune - Hauteur +100cm - Pot 5 Litres - Acheter Mix D | Commandez facilement des plantes en ligne | Schramas.com","robots":{"index":"index","follow":"follow","max-snippet":"max-snippet:-1","max-image-preview":"max-image-preview:large","max-video-preview":"max-video-preview:-1"},"canonical":"https:\/\/www.schramas.com\/fr\/boutique\/lot-de-3-arbres-fruitiers-1-pomme-1-poire-1-prune-hauteur-100cm-pot-5-litres-mix-d\/","og_locale":"fr_FR","og_type":"article","og_title":"Set van 3 fruitbomen - 1 Appel, 1 Peer, 1 Pruim - Hoogte +100cm - 5 Liter pot - Mix D kopen | Planten eenvoudig online bestellen | Schramas.com","og_description":"Appel: Malus domestica \u2018Elstar\u2019  Peer: Pyrus communis \u2018Conference\u2019  Pruim: Prunus domestica \u2018Opal\u2019  Leverhoogte incl. pot: ca. 100 cm  Potmaat: 5 liter  Geschikt voor zowel patio als volle grond","og_url":"https:\/\/www.schramas.com\/fr\/boutique\/lot-de-3-arbres-fruitiers-1-pomme-1-poire-1-prune-hauteur-100cm-pot-5-litres-mix-d\/","og_site_name":"Planten eenvoudig online bestellen | Schramas.com","article_publisher":"https:\/\/www.facebook.com\/Schramascom-106872874153195\/","article_modified_time":"2026-04-20T16:57:53+00:00","og_image":[{"width":1200,"height":1200,"url":"http:\/\/www.schramas.com\/wp-content\/uploads\/2022\/09\/Pakketdeal-fruitbomen-set-3-5L-D.jpg","type":"image\/jpeg"}],"twitter_card":"summary_large_image","twitter_misc":{"Dur\u00e9e de lecture estim\u00e9e":"1 minute"},"schema":{"@context":"https:\/\/schema.org","@graph":[{"@type":["WebPage","ItemPage"],"@id":"https:\/\/www.schramas.com\/winkel\/set-van-3-fruitbomen-1-appel-1-peer-1-pruim-hoogte-100cm-5-liter-pot-mix-d\/","url":"https:\/\/www.schramas.com\/winkel\/set-van-3-fruitbomen-1-appel-1-peer-1-pruim-hoogte-100cm-5-liter-pot-mix-d\/","name":"Lot de 3 arbres fruitiers - 1 Pomme, 1 Poire, 1 Prune - Hauteur +100cm - Pot 5 Litres - Acheter Mix D | Commandez facilement des plantes en ligne | Schramas.com","isPartOf":{"@id":"https:\/\/www.schramas.com\/#website"},"primaryImageOfPage":{"@id":"https:\/\/www.schramas.com\/winkel\/set-van-3-fruitbomen-1-appel-1-peer-1-pruim-hoogte-100cm-5-liter-pot-mix-d\/#primaryimage"},"image":{"@id":"https:\/\/www.schramas.com\/winkel\/set-van-3-fruitbomen-1-appel-1-peer-1-pruim-hoogte-100cm-5-liter-pot-mix-d\/#primaryimage"},"thumbnailUrl":"https:\/\/www.schramas.com\/wp-content\/uploads\/2022\/09\/Pakketdeal-fruitbomen-set-3-5L-D.jpg","datePublished":"2022-09-08T07:00:12+00:00","dateModified":"2026-04-20T16:57:53+00:00","breadcrumb":{"@id":"https:\/\/www.schramas.com\/winkel\/set-van-3-fruitbomen-1-appel-1-peer-1-pruim-hoogte-100cm-5-liter-pot-mix-d\/#breadcrumb"},"inLanguage":"fr-FR","potentialAction":[{"@type":"ReadAction","target":["https:\/\/www.schramas.com\/winkel\/set-van-3-fruitbomen-1-appel-1-peer-1-pruim-hoogte-100cm-5-liter-pot-mix-d\/"]}]},{"@type":"ImageObject","inLanguage":"fr-FR","@id":"https:\/\/www.schramas.com\/winkel\/set-van-3-fruitbomen-1-appel-1-peer-1-pruim-hoogte-100cm-5-liter-pot-mix-d\/#primaryimage","url":"https:\/\/www.schramas.com\/wp-content\/uploads\/2022\/09\/Pakketdeal-fruitbomen-set-3-5L-D.jpg","contentUrl":"https:\/\/www.schramas.com\/wp-content\/uploads\/2022\/09\/Pakketdeal-fruitbomen-set-3-5L-D.jpg","width":1200,"height":1200},{"@type":"BreadcrumbList","@id":"https:\/\/www.schramas.com\/winkel\/set-van-3-fruitbomen-1-appel-1-peer-1-pruim-hoogte-100cm-5-liter-pot-mix-d\/#breadcrumb","itemListElement":[{"@type":"ListItem","position":1,"name":"Product","item":"https:\/\/www.schramas.com\/assortiment\/"},{"@type":"ListItem","position":2,"name":"Pakketdeals","item":"https:\/\/www.schramas.com\/product-category\/pakket-deals\/"},{"@type":"ListItem","position":3,"name":"Set van 3 fruitbomen &#8211; 1 Appel, 1 Peer, 1 Pruim &#8211; Hoogte +100cm &#8211; 5 Liter pot &#8211; Mix D"}]},{"@type":"WebSite","@id":"https:\/\/www.schramas.com\/#website","url":"https:\/\/www.schramas.com\/","name":"Schramas.com | Plantes de jardin faciles \u00e0 commander en ligne | En direct de notre p\u00e9pini\u00e8re","description":"","alternateName":"Schramas.com - Alle planten direct van de kweker","potentialAction":[{"@type":"SearchAction","target":{"@type":"EntryPoint","urlTemplate":"https:\/\/www.schramas.com\/?s={search_term_string}"},"query-input":{"@type":"PropertyValueSpecification","valueRequired":true,"valueName":"search_term_string"}}],"inLanguage":"fr-FR"}]}},"_links":{"self":[{"href":"https:\/\/www.schramas.com\/fr\/wp-json\/wp\/v2\/product\/20392","targetHints":{"allow":["GET"]}}],"collection":[{"href":"https:\/\/www.schramas.com\/fr\/wp-json\/wp\/v2\/product"}],"about":[{"href":"https:\/\/www.schramas.com\/fr\/wp-json\/wp\/v2\/types\/product"}],"version-history":[{"count":1,"href":"https:\/\/www.schramas.com\/fr\/wp-json\/wp\/v2\/product\/20392\/revisions"}],"predecessor-version":[{"id":44855,"href":"https:\/\/www.schramas.com\/fr\/wp-json\/wp\/v2\/product\/20392\/revisions\/44855"}],"wp:featuredmedia":[{"embeddable":true,"href":"https:\/\/www.schramas.com\/fr\/wp-json\/wp\/v2\/media\/20473"}],"wp:attachment":[{"href":"https:\/\/www.schramas.com\/fr\/wp-json\/wp\/v2\/media?parent=20392"}],"wp:term":[{"taxonomy":"product_brand","embeddable":true,"href":"https:\/\/www.schramas.com\/fr\/wp-json\/wp\/v2\/product_brand?post=20392"},{"taxonomy":"product_cat","embeddable":true,"href":"https:\/\/www.schramas.com\/fr\/wp-json\/wp\/v2\/product_cat?post=20392"},{"taxonomy":"product_tag","embeddable":true,"href":"https:\/\/www.schramas.com\/fr\/wp-json\/wp\/v2\/product_tag?post=20392"}],"curies":[{"name":"wp","href":"https:\/\/api.w.org\/{rel}","templated":true}]}}