{"id":20419,"date":"2022-09-08T10:47:46","date_gmt":"2022-09-08T08:47:46","guid":{"rendered":"https:\/\/www.schramas.com\/?post_type=product&#038;p=20419"},"modified":"2026-03-26T16:35:10","modified_gmt":"2026-03-26T15:35:10","slug":"ensemble-de-2-plantes-dagrumes-citron-vert-hauteur-60cm-pot-de-2-litres","status":"publish","type":"product","link":"https:\/\/www.schramas.com\/fr\/boutique\/ensemble-de-2-plantes-dagrumes-citron-vert-hauteur-60cm-pot-de-2-litres\/","title":{"rendered":"Lot de 2 plantes d'agrumes - Lime &amp; Lemon - Hauteur +60cm - Pot de 2 litres"},"content":{"rendered":"<p>Comme ces Citrus sont cultiv\u00e9s en pots, ils peuvent \u00eatre plant\u00e9s ou rempot\u00e9s tout au long de l'ann\u00e9e.<\/p>\n<p>&nbsp;<\/p>\n<p><b>premi\u00e8re vari\u00e9t\u00e9 : Citrus auratifolia \"Lime\".<\/b><\/p>\n<p>Le Citrus auratifolia 'lime', \u00e9galement appel\u00e9 tilleul, d\u00e9gage un agr\u00e9able parfum sucr\u00e9 pendant la floraison sur le patio ou le balcon. C'est une plante facile \u00e0 cultiver et qui fructifie bien. Le tilleul doit \u00eatre trait\u00e9 comme une v\u00e9ritable plante en bac, c'est-\u00e0-dire qu'il doit \u00eatre rentr\u00e9 en hiver dans une serre ou dans une serre ext\u00e9rieure \u00e0 l'abri du gel. Dans une serre, cette plante fleurit presque toute l'ann\u00e9e. Elle peut \u00eatre taill\u00e9e en septembre, en laissant 1\/3 des pousses en place pour garder la plante pleine.<\/p>\n<p><strong>Sp\u00e9cifications du produit<\/strong><\/p>\n<ul>\n<li>Citrus auratifolia \"Lime\" (citron vert)<\/li>\n<li>Couleur du fruit : vert<\/li>\n<li>Hauteur maximale +\/_ 200 cm<\/li>\n<li>Plante en tube avec de belles feuilles<\/li>\n<li>Non rustique, sensible au gel.<\/li>\n<\/ul>\n<p>&nbsp;<\/p>\n<p><b>deuxi\u00e8me vari\u00e9t\u00e9 : Citrus limon \"Lemon plant<\/b><\/p>\n<p>Citrus limon 'Lemon', \u00e9galement appel\u00e9 citronnier, d\u00e9gage un agr\u00e9able parfum sucr\u00e9 pendant la floraison. C'est une plante facile qui donne de bons fruits. Le citronnier doit \u00eatre trait\u00e9 comme une v\u00e9ritable plante en bac, c'est-\u00e0-dire qu'il doit \u00eatre rentr\u00e9 en hiver dans une serre ou une serre ext\u00e9rieure hors gel. Dans une serre, cette plante fleurit presque toute l'ann\u00e9e. Vous pouvez la tailler en septembre en laissant 1\/3 des pousses en place pour que la plante soit bien remplie.<\/p>\n<p><strong>Sp\u00e9cifications du produit<\/strong><\/p>\n<ul>\n<li>Citrus limon 'Citron<\/li>\n<li>Citronnier.<\/li>\n<li>Couleur du fruit : jaune<\/li>\n<li>Hauteur maximale +\/_ 200 cm<\/li>\n<li>Plante \u00e0 tubercules aux feuilles parfum\u00e9es<\/li>\n<li>Non rustique, sensible au gel.<\/li>\n<li><\/li>\n<\/ul>","protected":false},"excerpt":{"rendered":"<p>Un : Citrus auratifolia \"Lime\" (citron vert)<\/p>\n<p>Deux : Citrus limon \"Citronnier<\/p>\n<p>Hauteur de livraison, pot compris : environ 60 cm<\/p>\n<p>Taille du pot : 2 litres<\/p>","protected":false},"featured_media":27105,"template":"","meta":{"_joinchat":[]},"product_brand":[],"product_cat":[262,946,1011,233,867],"product_tag":[948,782,832,879],"class_list":{"0":"post-20419","1":"product","2":"type-product","3":"status-publish","4":"has-post-thumbnail","6":"product_cat-bomen-struiken","7":"product_cat-citrus","8":"product_cat-fruit-deals","9":"product_cat-fruitbomen","10":"product_cat-pakket-deals","11":"product_tag-citroen","12":"product_tag-citrus","13":"product_tag-limoen","14":"product_tag-pakketdeal","16":"first","17":"outofstock","18":"taxable","19":"shipping-taxable","20":"purchasable","21":"product-type-simple"},"yoast_head":"<!-- This site is optimized with the Yoast SEO plugin v24.2 - https:\/\/yoast.com\/wordpress\/plugins\/seo\/ -->\n<title>Set van 2 Citrus planten- Limoen &amp; Citroen - Hoogte +60cm - 2 Liter pot kopen | Planten eenvoudig online bestellen | Schramas.com<\/title>\n<meta name=\"robots\" content=\"index, follow, max-snippet:-1, max-image-preview:large, max-video-preview:-1\" \/>\n<link rel=\"canonical\" href=\"https:\/\/www.schramas.com\/fr\/boutique\/ensemble-de-2-plantes-dagrumes-citron-vert-hauteur-60cm-pot-de-2-litres\/\" \/>\n<meta property=\"og:locale\" content=\"fr_FR\" \/>\n<meta property=\"og:type\" content=\"article\" \/>\n<meta property=\"og:title\" content=\"Set van 2 Citrus planten- Limoen &amp; Citroen - Hoogte +60cm - 2 Liter pot kopen | Planten eenvoudig online bestellen | Schramas.com\" \/>\n<meta property=\"og:description\" content=\"\u00c9\u00e9n: Citrus auratifolia \u2018Limoen\u2019  Twee: Citrus limon &#039;Citroenplant&#039;  Leverhoogte incl. pot: ca. 60 cm  Potmaat: 2 liter\" \/>\n<meta property=\"og:url\" content=\"https:\/\/www.schramas.com\/fr\/boutique\/ensemble-de-2-plantes-dagrumes-citron-vert-hauteur-60cm-pot-de-2-litres\/\" \/>\n<meta property=\"og:site_name\" content=\"Planten eenvoudig online bestellen | Schramas.com\" \/>\n<meta property=\"article:publisher\" content=\"https:\/\/www.facebook.com\/Schramascom-106872874153195\/\" \/>\n<meta property=\"article:modified_time\" content=\"2026-03-26T15:35:10+00:00\" \/>\n<meta property=\"og:image\" content=\"https:\/\/www.schramas.com\/wp-content\/uploads\/2022\/09\/Pakketdeal-set-Limoen-Citroen-2L.jpg\" \/>\n\t<meta property=\"og:image:width\" content=\"1600\" \/>\n\t<meta property=\"og:image:height\" content=\"1600\" \/>\n\t<meta property=\"og:image:type\" content=\"image\/jpeg\" \/>\n<meta name=\"twitter:card\" content=\"summary_large_image\" \/>\n<meta name=\"twitter:label1\" content=\"Dur\u00e9e de lecture estim\u00e9e\" \/>\n\t<meta name=\"twitter:data1\" content=\"2 minutes\" \/>\n<script type=\"application\/ld+json\" class=\"yoast-schema-graph\">{\"@context\":\"https:\/\/schema.org\",\"@graph\":[{\"@type\":[\"WebPage\",\"ItemPage\"],\"@id\":\"https:\/\/www.schramas.com\/winkel\/set-van-2-citrus-planten-limoen-citroen-hoogte-60cm-2-liter-pot\/\",\"url\":\"https:\/\/www.schramas.com\/winkel\/set-van-2-citrus-planten-limoen-citroen-hoogte-60cm-2-liter-pot\/\",\"name\":\"Set van 2 Citrus planten- Limoen &amp; Citroen - Hoogte +60cm - 2 Liter pot kopen | Planten eenvoudig online bestellen | Schramas.com\",\"isPartOf\":{\"@id\":\"https:\/\/www.schramas.com\/#website\"},\"primaryImageOfPage\":{\"@id\":\"https:\/\/www.schramas.com\/winkel\/set-van-2-citrus-planten-limoen-citroen-hoogte-60cm-2-liter-pot\/#primaryimage\"},\"image\":{\"@id\":\"https:\/\/www.schramas.com\/winkel\/set-van-2-citrus-planten-limoen-citroen-hoogte-60cm-2-liter-pot\/#primaryimage\"},\"thumbnailUrl\":\"https:\/\/www.schramas.com\/wp-content\/uploads\/2022\/09\/Pakketdeal-set-Limoen-Citroen-2L.jpg\",\"datePublished\":\"2022-09-08T08:47:46+00:00\",\"dateModified\":\"2026-03-26T15:35:10+00:00\",\"breadcrumb\":{\"@id\":\"https:\/\/www.schramas.com\/winkel\/set-van-2-citrus-planten-limoen-citroen-hoogte-60cm-2-liter-pot\/#breadcrumb\"},\"inLanguage\":\"fr-FR\",\"potentialAction\":[{\"@type\":\"ReadAction\",\"target\":[\"https:\/\/www.schramas.com\/winkel\/set-van-2-citrus-planten-limoen-citroen-hoogte-60cm-2-liter-pot\/\"]}]},{\"@type\":\"ImageObject\",\"inLanguage\":\"fr-FR\",\"@id\":\"https:\/\/www.schramas.com\/winkel\/set-van-2-citrus-planten-limoen-citroen-hoogte-60cm-2-liter-pot\/#primaryimage\",\"url\":\"https:\/\/www.schramas.com\/wp-content\/uploads\/2022\/09\/Pakketdeal-set-Limoen-Citroen-2L.jpg\",\"contentUrl\":\"https:\/\/www.schramas.com\/wp-content\/uploads\/2022\/09\/Pakketdeal-set-Limoen-Citroen-2L.jpg\",\"width\":1600,\"height\":1600},{\"@type\":\"BreadcrumbList\",\"@id\":\"https:\/\/www.schramas.com\/winkel\/set-van-2-citrus-planten-limoen-citroen-hoogte-60cm-2-liter-pot\/#breadcrumb\",\"itemListElement\":[{\"@type\":\"ListItem\",\"position\":1,\"name\":\"Product\",\"item\":\"https:\/\/www.schramas.com\/assortiment\/\"},{\"@type\":\"ListItem\",\"position\":2,\"name\":\"Pakketdeals\",\"item\":\"https:\/\/www.schramas.com\/product-category\/pakket-deals\/\"},{\"@type\":\"ListItem\",\"position\":3,\"name\":\"Set van 2 Citrus planten- Limoen &amp; Citroen &#8211; Hoogte +60cm &#8211; 2 Liter pot\"}]},{\"@type\":\"WebSite\",\"@id\":\"https:\/\/www.schramas.com\/#website\",\"url\":\"https:\/\/www.schramas.com\/\",\"name\":\"Schramas.com | Tuinplanten eenvoudig online bestellen | Direct van onze Kwekerij\",\"description\":\"\",\"alternateName\":\"Schramas.com - Alle planten direct van de kweker\",\"potentialAction\":[{\"@type\":\"SearchAction\",\"target\":{\"@type\":\"EntryPoint\",\"urlTemplate\":\"https:\/\/www.schramas.com\/?s={search_term_string}\"},\"query-input\":{\"@type\":\"PropertyValueSpecification\",\"valueRequired\":true,\"valueName\":\"search_term_string\"}}],\"inLanguage\":\"fr-FR\"}]}<\/script>\n<!-- \/ Yoast SEO plugin. -->","yoast_head_json":{"title":"Lot de 2 plantes Citrus - Lime &amp; Lemon - Hauteur +60cm - Acheter pot de 2 litres | Acheter des plantes facilement en ligne | Schramas.com","robots":{"index":"index","follow":"follow","max-snippet":"max-snippet:-1","max-image-preview":"max-image-preview:large","max-video-preview":"max-video-preview:-1"},"canonical":"https:\/\/www.schramas.com\/fr\/boutique\/ensemble-de-2-plantes-dagrumes-citron-vert-hauteur-60cm-pot-de-2-litres\/","og_locale":"fr_FR","og_type":"article","og_title":"Set van 2 Citrus planten- Limoen &amp; Citroen - Hoogte +60cm - 2 Liter pot kopen | Planten eenvoudig online bestellen | Schramas.com","og_description":"\u00c9\u00e9n: Citrus auratifolia \u2018Limoen\u2019  Twee: Citrus limon 'Citroenplant'  Leverhoogte incl. pot: ca. 60 cm  Potmaat: 2 liter","og_url":"https:\/\/www.schramas.com\/fr\/boutique\/ensemble-de-2-plantes-dagrumes-citron-vert-hauteur-60cm-pot-de-2-litres\/","og_site_name":"Planten eenvoudig online bestellen | Schramas.com","article_publisher":"https:\/\/www.facebook.com\/Schramascom-106872874153195\/","article_modified_time":"2026-03-26T15:35:10+00:00","og_image":[{"width":1600,"height":1600,"url":"https:\/\/www.schramas.com\/wp-content\/uploads\/2022\/09\/Pakketdeal-set-Limoen-Citroen-2L.jpg","type":"image\/jpeg"}],"twitter_card":"summary_large_image","twitter_misc":{"Dur\u00e9e de lecture estim\u00e9e":"2 minutes"},"schema":{"@context":"https:\/\/schema.org","@graph":[{"@type":["WebPage","ItemPage"],"@id":"https:\/\/www.schramas.com\/winkel\/set-van-2-citrus-planten-limoen-citroen-hoogte-60cm-2-liter-pot\/","url":"https:\/\/www.schramas.com\/winkel\/set-van-2-citrus-planten-limoen-citroen-hoogte-60cm-2-liter-pot\/","name":"Lot de 2 plantes Citrus - Lime &amp; Lemon - Hauteur +60cm - Acheter pot de 2 litres | Acheter des plantes facilement en ligne | Schramas.com","isPartOf":{"@id":"https:\/\/www.schramas.com\/#website"},"primaryImageOfPage":{"@id":"https:\/\/www.schramas.com\/winkel\/set-van-2-citrus-planten-limoen-citroen-hoogte-60cm-2-liter-pot\/#primaryimage"},"image":{"@id":"https:\/\/www.schramas.com\/winkel\/set-van-2-citrus-planten-limoen-citroen-hoogte-60cm-2-liter-pot\/#primaryimage"},"thumbnailUrl":"https:\/\/www.schramas.com\/wp-content\/uploads\/2022\/09\/Pakketdeal-set-Limoen-Citroen-2L.jpg","datePublished":"2022-09-08T08:47:46+00:00","dateModified":"2026-03-26T15:35:10+00:00","breadcrumb":{"@id":"https:\/\/www.schramas.com\/winkel\/set-van-2-citrus-planten-limoen-citroen-hoogte-60cm-2-liter-pot\/#breadcrumb"},"inLanguage":"fr-FR","potentialAction":[{"@type":"ReadAction","target":["https:\/\/www.schramas.com\/winkel\/set-van-2-citrus-planten-limoen-citroen-hoogte-60cm-2-liter-pot\/"]}]},{"@type":"ImageObject","inLanguage":"fr-FR","@id":"https:\/\/www.schramas.com\/winkel\/set-van-2-citrus-planten-limoen-citroen-hoogte-60cm-2-liter-pot\/#primaryimage","url":"https:\/\/www.schramas.com\/wp-content\/uploads\/2022\/09\/Pakketdeal-set-Limoen-Citroen-2L.jpg","contentUrl":"https:\/\/www.schramas.com\/wp-content\/uploads\/2022\/09\/Pakketdeal-set-Limoen-Citroen-2L.jpg","width":1600,"height":1600},{"@type":"BreadcrumbList","@id":"https:\/\/www.schramas.com\/winkel\/set-van-2-citrus-planten-limoen-citroen-hoogte-60cm-2-liter-pot\/#breadcrumb","itemListElement":[{"@type":"ListItem","position":1,"name":"Product","item":"https:\/\/www.schramas.com\/assortiment\/"},{"@type":"ListItem","position":2,"name":"Pakketdeals","item":"https:\/\/www.schramas.com\/product-category\/pakket-deals\/"},{"@type":"ListItem","position":3,"name":"Set van 2 Citrus planten- Limoen &amp; Citroen &#8211; Hoogte +60cm &#8211; 2 Liter pot"}]},{"@type":"WebSite","@id":"https:\/\/www.schramas.com\/#website","url":"https:\/\/www.schramas.com\/","name":"Schramas.com | Plantes de jardin faciles \u00e0 commander en ligne | En direct de notre p\u00e9pini\u00e8re","description":"","alternateName":"Schramas.com - Alle planten direct van de kweker","potentialAction":[{"@type":"SearchAction","target":{"@type":"EntryPoint","urlTemplate":"https:\/\/www.schramas.com\/?s={search_term_string}"},"query-input":{"@type":"PropertyValueSpecification","valueRequired":true,"valueName":"search_term_string"}}],"inLanguage":"fr-FR"}]}},"_links":{"self":[{"href":"https:\/\/www.schramas.com\/fr\/wp-json\/wp\/v2\/product\/20419","targetHints":{"allow":["GET"]}}],"collection":[{"href":"https:\/\/www.schramas.com\/fr\/wp-json\/wp\/v2\/product"}],"about":[{"href":"https:\/\/www.schramas.com\/fr\/wp-json\/wp\/v2\/types\/product"}],"version-history":[{"count":1,"href":"https:\/\/www.schramas.com\/fr\/wp-json\/wp\/v2\/product\/20419\/revisions"}],"predecessor-version":[{"id":38209,"href":"https:\/\/www.schramas.com\/fr\/wp-json\/wp\/v2\/product\/20419\/revisions\/38209"}],"wp:featuredmedia":[{"embeddable":true,"href":"https:\/\/www.schramas.com\/fr\/wp-json\/wp\/v2\/media\/27105"}],"wp:attachment":[{"href":"https:\/\/www.schramas.com\/fr\/wp-json\/wp\/v2\/media?parent=20419"}],"wp:term":[{"taxonomy":"product_brand","embeddable":true,"href":"https:\/\/www.schramas.com\/fr\/wp-json\/wp\/v2\/product_brand?post=20419"},{"taxonomy":"product_cat","embeddable":true,"href":"https:\/\/www.schramas.com\/fr\/wp-json\/wp\/v2\/product_cat?post=20419"},{"taxonomy":"product_tag","embeddable":true,"href":"https:\/\/www.schramas.com\/fr\/wp-json\/wp\/v2\/product_tag?post=20419"}],"curies":[{"name":"wp","href":"https:\/\/api.w.org\/{rel}","templated":true}]}}