{"id":20619,"date":"2022-09-22T16:02:30","date_gmt":"2022-09-22T14:02:30","guid":{"rendered":"https:\/\/www.schramas.com\/?post_type=product&#038;p=20619"},"modified":"2026-05-04T11:49:12","modified_gmt":"2026-05-04T09:49:12","slug":"citrus-auratifolia-mexican-lime-lime-plant-9-cm-pot","status":"publish","type":"product","link":"https:\/\/www.schramas.com\/fr\/boutique\/citrus-auratifolia-mexican-lime-lime-plant-9-cm-pot\/","title":{"rendered":"Citrus auratifolia 'Mexican lime' Plante de lime, pot de 9 cm"},"content":{"rendered":"<p id=\"tw-target-text\" class=\"tw-data-text tw-text-large tw-ta\" dir=\"ltr\" data-placeholder=\"Vertaling\"><span class=\"Y2IQFc\" lang=\"nl\">Les Citrus auratifolia 'Mexican lime' sont de taille moyenne et touffus, presque buissonnants, et les feuilles ont un ar\u00f4me caract\u00e9ristique lorsqu'elles sont \u00e9cras\u00e9es. Certaines s\u00e9lections sont tr\u00e8s orn\u00e9es, tandis que d'autres sont d\u00e9pourvues d'\u00e9pines. Le tilleul mexicain est sensible au froid. Les fleurs sont d'un blanc pur et odorantes. Les fruits sont petits, d'environ un pouce et demi de diam\u00e8tre, presque ronds, avec une peau fine, lisse et jaune verd\u00e2tre. La chair est jaune verd\u00e2tre, s\u00e9veuse et tr\u00e8s acide, avec une texture fine. Les limes mexicaines tombent de l'arbre une fois qu'elles ont atteint leur pleine maturit\u00e9, g\u00e9n\u00e9ralement \u00e0 l'automne ou au d\u00e9but de l'hiver.<\/span><\/p>","protected":false},"excerpt":{"rendered":"<p>Citrus auratifolia 'Mexican lime' (citron vert mexicain)<\/p>\n<p>Tilleul.<\/p>\n<p>Couleur du fruit : vert<\/p>\n<p>Hauteur maximale +\/_ 200 cm<\/p>\n<p>Plante \u00e0 tubercules \u00e0 la fleur merveilleusement parfum\u00e9e<\/p>\n<p>Non rustique, sensible au gel.<\/p>\n<p>Hauteur de livraison avec pot : +\/_ 40 cm<\/p>\n<p>Taille du pot : 9cm<\/p>","protected":false},"featured_media":20620,"template":"","meta":{"_joinchat":[]},"product_brand":[],"product_cat":[262,946,233,2391,294],"product_tag":[781,782,780,832,833,783,784],"class_list":{"0":"post-20619","1":"product","2":"type-product","3":"status-publish","4":"has-post-thumbnail","6":"product_cat-bomen-struiken","7":"product_cat-citrus","8":"product_cat-fruitbomen","9":"product_cat-mediterrane-en-exotische-fruitplanten","10":"product_cat-specials","11":"product_tag-citroenboom","12":"product_tag-citrus","13":"product_tag-geurende-bloem","14":"product_tag-limoen","15":"product_tag-limoenboom","16":"product_tag-niet-winterhard","17":"product_tag-vaste-plant","18":"pa_groeihoogte-10-30-cm","19":"pa_pot-105-cm-pot","21":"first","22":"instock","23":"taxable","24":"shipping-taxable","25":"purchasable","26":"product-type-simple"},"yoast_head":"<!-- This site is optimized with the Yoast SEO plugin v24.2 - https:\/\/yoast.com\/wordpress\/plugins\/seo\/ -->\n<title>Citrus auratifolia &#039;Mexican lime&#039; limoenplant, 9 cm pot kopen | Planten eenvoudig online bestellen | Schramas.com<\/title>\n<meta name=\"robots\" content=\"index, follow, max-snippet:-1, max-image-preview:large, max-video-preview:-1\" \/>\n<link rel=\"canonical\" href=\"https:\/\/www.schramas.com\/fr\/boutique\/citrus-auratifolia-mexican-lime-lime-plant-9-cm-pot\/\" \/>\n<meta property=\"og:locale\" content=\"fr_FR\" \/>\n<meta property=\"og:type\" content=\"article\" \/>\n<meta property=\"og:title\" content=\"Citrus auratifolia &#039;Mexican lime&#039; limoenplant, 9 cm pot kopen | Planten eenvoudig online bestellen | Schramas.com\" \/>\n<meta property=\"og:description\" content=\"Citrus auratifolia &#039;Mexican lime&#039;  Limoen boom.  Kleur vrucht: groen  Max. hoogte +\/_ 200 cm  Kuipplant heerlijk geurende bloem  Niet winterhard, vorst gevoelig.  Leverhoogte incl. pot: +\/_ 40 cm  Potmaat: 9cm\" \/>\n<meta property=\"og:url\" content=\"https:\/\/www.schramas.com\/fr\/boutique\/citrus-auratifolia-mexican-lime-lime-plant-9-cm-pot\/\" \/>\n<meta property=\"og:site_name\" content=\"Planten eenvoudig online bestellen | Schramas.com\" \/>\n<meta property=\"article:publisher\" content=\"https:\/\/www.facebook.com\/Schramascom-106872874153195\/\" \/>\n<meta property=\"article:modified_time\" content=\"2026-05-04T09:49:12+00:00\" \/>\n<meta property=\"og:image\" content=\"http:\/\/www.schramas.com\/wp-content\/uploads\/2022\/09\/Mexican-lime-9cm-sfeer.jpg\" \/>\n\t<meta property=\"og:image:width\" content=\"1200\" \/>\n\t<meta property=\"og:image:height\" content=\"1200\" \/>\n\t<meta property=\"og:image:type\" content=\"image\/jpeg\" \/>\n<meta name=\"twitter:card\" content=\"summary_large_image\" \/>\n<meta name=\"twitter:label1\" content=\"Dur\u00e9e de lecture estim\u00e9e\" \/>\n\t<meta name=\"twitter:data1\" content=\"1 minute\" \/>\n<script type=\"application\/ld+json\" class=\"yoast-schema-graph\">{\"@context\":\"https:\/\/schema.org\",\"@graph\":[{\"@type\":[\"WebPage\",\"ItemPage\"],\"@id\":\"https:\/\/www.schramas.com\/winkel\/citrus-auratifolia-mexican-lime-limoenplant-9-cm-pot\/\",\"url\":\"https:\/\/www.schramas.com\/winkel\/citrus-auratifolia-mexican-lime-limoenplant-9-cm-pot\/\",\"name\":\"Citrus auratifolia 'Mexican lime' limoenplant, 9 cm pot kopen | Planten eenvoudig online bestellen | Schramas.com\",\"isPartOf\":{\"@id\":\"https:\/\/www.schramas.com\/#website\"},\"primaryImageOfPage\":{\"@id\":\"https:\/\/www.schramas.com\/winkel\/citrus-auratifolia-mexican-lime-limoenplant-9-cm-pot\/#primaryimage\"},\"image\":{\"@id\":\"https:\/\/www.schramas.com\/winkel\/citrus-auratifolia-mexican-lime-limoenplant-9-cm-pot\/#primaryimage\"},\"thumbnailUrl\":\"https:\/\/www.schramas.com\/wp-content\/uploads\/2022\/09\/Mexican-lime-9cm-sfeer.jpg\",\"datePublished\":\"2022-09-22T14:02:30+00:00\",\"dateModified\":\"2026-05-04T09:49:12+00:00\",\"breadcrumb\":{\"@id\":\"https:\/\/www.schramas.com\/winkel\/citrus-auratifolia-mexican-lime-limoenplant-9-cm-pot\/#breadcrumb\"},\"inLanguage\":\"fr-FR\",\"potentialAction\":[{\"@type\":\"ReadAction\",\"target\":[\"https:\/\/www.schramas.com\/winkel\/citrus-auratifolia-mexican-lime-limoenplant-9-cm-pot\/\"]}]},{\"@type\":\"ImageObject\",\"inLanguage\":\"fr-FR\",\"@id\":\"https:\/\/www.schramas.com\/winkel\/citrus-auratifolia-mexican-lime-limoenplant-9-cm-pot\/#primaryimage\",\"url\":\"https:\/\/www.schramas.com\/wp-content\/uploads\/2022\/09\/Mexican-lime-9cm-sfeer.jpg\",\"contentUrl\":\"https:\/\/www.schramas.com\/wp-content\/uploads\/2022\/09\/Mexican-lime-9cm-sfeer.jpg\",\"width\":1200,\"height\":1200},{\"@type\":\"BreadcrumbList\",\"@id\":\"https:\/\/www.schramas.com\/winkel\/citrus-auratifolia-mexican-lime-limoenplant-9-cm-pot\/#breadcrumb\",\"itemListElement\":[{\"@type\":\"ListItem\",\"position\":1,\"name\":\"Product\",\"item\":\"https:\/\/www.schramas.com\/assortiment\/\"},{\"@type\":\"ListItem\",\"position\":2,\"name\":\"Bomen &amp; Struiken\",\"item\":\"https:\/\/www.schramas.com\/product-category\/bomen-struiken\/\"},{\"@type\":\"ListItem\",\"position\":3,\"name\":\"Fruitbomen\",\"item\":\"https:\/\/www.schramas.com\/product-category\/bomen-struiken\/fruitbomen\/\"},{\"@type\":\"ListItem\",\"position\":4,\"name\":\"Citrus\",\"item\":\"https:\/\/www.schramas.com\/product-category\/bomen-struiken\/fruitbomen\/citrus\/\"},{\"@type\":\"ListItem\",\"position\":5,\"name\":\"Citrus auratifolia &#8216;Mexican lime&#8217; limoenplant, 9 cm pot\"}]},{\"@type\":\"WebSite\",\"@id\":\"https:\/\/www.schramas.com\/#website\",\"url\":\"https:\/\/www.schramas.com\/\",\"name\":\"Schramas.com | Tuinplanten eenvoudig online bestellen | Direct van onze Kwekerij\",\"description\":\"\",\"alternateName\":\"Schramas.com - Alle planten direct van de kweker\",\"potentialAction\":[{\"@type\":\"SearchAction\",\"target\":{\"@type\":\"EntryPoint\",\"urlTemplate\":\"https:\/\/www.schramas.com\/?s={search_term_string}\"},\"query-input\":{\"@type\":\"PropertyValueSpecification\",\"valueRequired\":true,\"valueName\":\"search_term_string\"}}],\"inLanguage\":\"fr-FR\"}]}<\/script>\n<!-- \/ Yoast SEO plugin. -->","yoast_head_json":{"title":"Acheter Citrus auratifolia 'Mexican lime' plante de tilleul, pot de 9 cm | Acheter des plantes facilement en ligne | Schramas.com","robots":{"index":"index","follow":"follow","max-snippet":"max-snippet:-1","max-image-preview":"max-image-preview:large","max-video-preview":"max-video-preview:-1"},"canonical":"https:\/\/www.schramas.com\/fr\/boutique\/citrus-auratifolia-mexican-lime-lime-plant-9-cm-pot\/","og_locale":"fr_FR","og_type":"article","og_title":"Citrus auratifolia 'Mexican lime' limoenplant, 9 cm pot kopen | Planten eenvoudig online bestellen | Schramas.com","og_description":"Citrus auratifolia 'Mexican lime'  Limoen boom.  Kleur vrucht: groen  Max. hoogte +\/_ 200 cm  Kuipplant heerlijk geurende bloem  Niet winterhard, vorst gevoelig.  Leverhoogte incl. pot: +\/_ 40 cm  Potmaat: 9cm","og_url":"https:\/\/www.schramas.com\/fr\/boutique\/citrus-auratifolia-mexican-lime-lime-plant-9-cm-pot\/","og_site_name":"Planten eenvoudig online bestellen | Schramas.com","article_publisher":"https:\/\/www.facebook.com\/Schramascom-106872874153195\/","article_modified_time":"2026-05-04T09:49:12+00:00","og_image":[{"width":1200,"height":1200,"url":"http:\/\/www.schramas.com\/wp-content\/uploads\/2022\/09\/Mexican-lime-9cm-sfeer.jpg","type":"image\/jpeg"}],"twitter_card":"summary_large_image","twitter_misc":{"Dur\u00e9e de lecture estim\u00e9e":"1 minute"},"schema":{"@context":"https:\/\/schema.org","@graph":[{"@type":["WebPage","ItemPage"],"@id":"https:\/\/www.schramas.com\/winkel\/citrus-auratifolia-mexican-lime-limoenplant-9-cm-pot\/","url":"https:\/\/www.schramas.com\/winkel\/citrus-auratifolia-mexican-lime-limoenplant-9-cm-pot\/","name":"Acheter Citrus auratifolia 'Mexican lime' plante de tilleul, pot de 9 cm | Acheter des plantes facilement en ligne | Schramas.com","isPartOf":{"@id":"https:\/\/www.schramas.com\/#website"},"primaryImageOfPage":{"@id":"https:\/\/www.schramas.com\/winkel\/citrus-auratifolia-mexican-lime-limoenplant-9-cm-pot\/#primaryimage"},"image":{"@id":"https:\/\/www.schramas.com\/winkel\/citrus-auratifolia-mexican-lime-limoenplant-9-cm-pot\/#primaryimage"},"thumbnailUrl":"https:\/\/www.schramas.com\/wp-content\/uploads\/2022\/09\/Mexican-lime-9cm-sfeer.jpg","datePublished":"2022-09-22T14:02:30+00:00","dateModified":"2026-05-04T09:49:12+00:00","breadcrumb":{"@id":"https:\/\/www.schramas.com\/winkel\/citrus-auratifolia-mexican-lime-limoenplant-9-cm-pot\/#breadcrumb"},"inLanguage":"fr-FR","potentialAction":[{"@type":"ReadAction","target":["https:\/\/www.schramas.com\/winkel\/citrus-auratifolia-mexican-lime-limoenplant-9-cm-pot\/"]}]},{"@type":"ImageObject","inLanguage":"fr-FR","@id":"https:\/\/www.schramas.com\/winkel\/citrus-auratifolia-mexican-lime-limoenplant-9-cm-pot\/#primaryimage","url":"https:\/\/www.schramas.com\/wp-content\/uploads\/2022\/09\/Mexican-lime-9cm-sfeer.jpg","contentUrl":"https:\/\/www.schramas.com\/wp-content\/uploads\/2022\/09\/Mexican-lime-9cm-sfeer.jpg","width":1200,"height":1200},{"@type":"BreadcrumbList","@id":"https:\/\/www.schramas.com\/winkel\/citrus-auratifolia-mexican-lime-limoenplant-9-cm-pot\/#breadcrumb","itemListElement":[{"@type":"ListItem","position":1,"name":"Product","item":"https:\/\/www.schramas.com\/assortiment\/"},{"@type":"ListItem","position":2,"name":"Bomen &amp; Struiken","item":"https:\/\/www.schramas.com\/product-category\/bomen-struiken\/"},{"@type":"ListItem","position":3,"name":"Fruitbomen","item":"https:\/\/www.schramas.com\/product-category\/bomen-struiken\/fruitbomen\/"},{"@type":"ListItem","position":4,"name":"Citrus","item":"https:\/\/www.schramas.com\/product-category\/bomen-struiken\/fruitbomen\/citrus\/"},{"@type":"ListItem","position":5,"name":"Citrus auratifolia &#8216;Mexican lime&#8217; limoenplant, 9 cm pot"}]},{"@type":"WebSite","@id":"https:\/\/www.schramas.com\/#website","url":"https:\/\/www.schramas.com\/","name":"Schramas.com | Plantes de jardin faciles \u00e0 commander en ligne | En direct de notre p\u00e9pini\u00e8re","description":"","alternateName":"Schramas.com - Alle planten direct van de kweker","potentialAction":[{"@type":"SearchAction","target":{"@type":"EntryPoint","urlTemplate":"https:\/\/www.schramas.com\/?s={search_term_string}"},"query-input":{"@type":"PropertyValueSpecification","valueRequired":true,"valueName":"search_term_string"}}],"inLanguage":"fr-FR"}]}},"_links":{"self":[{"href":"https:\/\/www.schramas.com\/fr\/wp-json\/wp\/v2\/product\/20619","targetHints":{"allow":["GET"]}}],"collection":[{"href":"https:\/\/www.schramas.com\/fr\/wp-json\/wp\/v2\/product"}],"about":[{"href":"https:\/\/www.schramas.com\/fr\/wp-json\/wp\/v2\/types\/product"}],"version-history":[{"count":2,"href":"https:\/\/www.schramas.com\/fr\/wp-json\/wp\/v2\/product\/20619\/revisions"}],"predecessor-version":[{"id":46291,"href":"https:\/\/www.schramas.com\/fr\/wp-json\/wp\/v2\/product\/20619\/revisions\/46291"}],"wp:featuredmedia":[{"embeddable":true,"href":"https:\/\/www.schramas.com\/fr\/wp-json\/wp\/v2\/media\/20620"}],"wp:attachment":[{"href":"https:\/\/www.schramas.com\/fr\/wp-json\/wp\/v2\/media?parent=20619"}],"wp:term":[{"taxonomy":"product_brand","embeddable":true,"href":"https:\/\/www.schramas.com\/fr\/wp-json\/wp\/v2\/product_brand?post=20619"},{"taxonomy":"product_cat","embeddable":true,"href":"https:\/\/www.schramas.com\/fr\/wp-json\/wp\/v2\/product_cat?post=20619"},{"taxonomy":"product_tag","embeddable":true,"href":"https:\/\/www.schramas.com\/fr\/wp-json\/wp\/v2\/product_tag?post=20619"}],"curies":[{"name":"wp","href":"https:\/\/api.w.org\/{rel}","templated":true}]}}