{"id":20660,"date":"2022-09-27T14:14:41","date_gmt":"2022-09-27T12:14:41","guid":{"rendered":"https:\/\/www.schramas.com\/?post_type=product&#038;p=20660"},"modified":"2026-05-10T21:57:41","modified_gmt":"2026-05-10T19:57:41","slug":"prunus-persica-donut-pecher-sauvage-pot-de-5-litres","status":"publish","type":"product","link":"https:\/\/www.schramas.com\/fr\/boutique\/prunus-persica-donut-pecher-sauvage-pot-de-5-litres\/","title":{"rendered":"Prunus persica 'Donut' p\u00eacher sauvage, pot de 5 litres"},"content":{"rendered":"<p>La c\u00e9l\u00e8bre p\u00eache plate ou sauvage qui est \u00e9galement juteuse et sucr\u00e9e ! Ce p\u00eacher pousse \u00e9galement tr\u00e8s bien en Europe. Nous recommandons un emplacement chaud et abrit\u00e9 et de le prot\u00e9ger du gel la premi\u00e8re ann\u00e9e. La p\u00eache sauvage plate offre beaucoup de saveur et se conserve facilement pendant la d\u00e9gustation. Rien que pour la floraison, ce p\u00eacher est merveilleux \u00e0 avoir dans son jardin ! Le p\u00eacher fleurit tr\u00e8s t\u00f4t dans l'ann\u00e9e (f\u00e9vrier-mars) et il est alors important de prot\u00e9ger la fleur du gel.  Les p\u00eachers sont autogames et peuvent donc \u00eatre cultiv\u00e9s seuls.<\/p>","protected":false},"excerpt":{"rendered":"<p>Prunus persica 'Donut'<\/p>\n<p>Donut flat ou p\u00eache sauvage<\/p>\n<p>Go\u00fbt : doux.<\/p>\n<p>Couleur du fruit : jaune rouge.<\/p>\n<p>Convient aussi bien pour les terrasses que pour les terrains en plein air.<\/p>\n<p>autopollinisation<\/p>\n<p>Prot\u00e9ger du gel la premi\u00e8re ann\u00e9e.<\/p>\n<p>Hauteur de livraison avec pot : +\/_70 cm<\/p>\n<p>Taille du pot : 5 litres<\/p>","protected":false},"featured_media":20661,"template":"","meta":{"_joinchat":[]},"product_brand":[],"product_cat":[262,233,761,835,24],"product_tag":[700,352,701,702,351,316,328],"class_list":{"0":"post-20660","1":"product","2":"type-product","3":"status-publish","4":"has-post-thumbnail","6":"product_cat-bomen-struiken","7":"product_cat-fruitbomen","8":"product_cat-lente","9":"product_cat-hardlopers","10":"product_cat-perziken","11":"product_tag-donut","12":"product_tag-geent","13":"product_tag-platte-perzik","14":"product_tag-wilde-perzik","15":"product_tag-winterhard","16":"product_tag-zelfbestuivend","17":"product_tag-zoet","18":"pa_bloeimaanden-februari","19":"pa_bloeimaanden-maart","20":"pa_groeihoogte-300-cm","21":"pa_pot-met-pot","23":"first","24":"instock","25":"taxable","26":"shipping-taxable","27":"purchasable","28":"product-type-simple"},"yoast_head":"<!-- This site is optimized with the Yoast SEO plugin v24.2 - https:\/\/yoast.com\/wordpress\/plugins\/seo\/ -->\n<title>Prunus persica &#039;Donut&#039; wilde perzikboom, 5 liter pot kopen | Planten eenvoudig online bestellen | Schramas.com<\/title>\n<meta name=\"robots\" content=\"index, follow, max-snippet:-1, max-image-preview:large, max-video-preview:-1\" \/>\n<link rel=\"canonical\" href=\"https:\/\/www.schramas.com\/fr\/boutique\/prunus-persica-donut-pecher-sauvage-pot-de-5-litres\/\" \/>\n<meta property=\"og:locale\" content=\"fr_FR\" \/>\n<meta property=\"og:type\" content=\"article\" \/>\n<meta property=\"og:title\" content=\"Prunus persica &#039;Donut&#039; wilde perzikboom, 5 liter pot kopen | Planten eenvoudig online bestellen | Schramas.com\" \/>\n<meta property=\"og:description\" content=\"Prunus persica &#039;Donut&#039;  Donut platte of wilde perzik  Smaak: zoet.  Kleur vrucht: geel rood.  Geschikt voor zowel patio als volle grond.  zelf bestuivend  Eerste jaar beschermen tegen de vorst.  Leverhoogte incl. pot: +\/_70 cm  Pot maat: 5 liter\" \/>\n<meta property=\"og:url\" content=\"https:\/\/www.schramas.com\/fr\/boutique\/prunus-persica-donut-pecher-sauvage-pot-de-5-litres\/\" \/>\n<meta property=\"og:site_name\" content=\"Planten eenvoudig online bestellen | Schramas.com\" \/>\n<meta property=\"article:publisher\" content=\"https:\/\/www.facebook.com\/Schramascom-106872874153195\/\" \/>\n<meta property=\"article:modified_time\" content=\"2026-05-10T19:57:41+00:00\" \/>\n<meta property=\"og:image\" content=\"http:\/\/www.schramas.com\/wp-content\/uploads\/2022\/09\/Donut-5L-mooi-sfeer.jpg\" \/>\n\t<meta property=\"og:image:width\" content=\"1200\" \/>\n\t<meta property=\"og:image:height\" content=\"1200\" \/>\n\t<meta property=\"og:image:type\" content=\"image\/jpeg\" \/>\n<meta name=\"twitter:card\" content=\"summary_large_image\" \/>\n<meta name=\"twitter:label1\" content=\"Dur\u00e9e de lecture estim\u00e9e\" \/>\n\t<meta name=\"twitter:data1\" content=\"1 minute\" \/>\n<script type=\"application\/ld+json\" class=\"yoast-schema-graph\">{\"@context\":\"https:\/\/schema.org\",\"@graph\":[{\"@type\":[\"WebPage\",\"ItemPage\"],\"@id\":\"https:\/\/www.schramas.com\/winkel\/prunus-persica-donut-wilde-perzikboom-5-liter-pot\/\",\"url\":\"https:\/\/www.schramas.com\/winkel\/prunus-persica-donut-wilde-perzikboom-5-liter-pot\/\",\"name\":\"Prunus persica 'Donut' wilde perzikboom, 5 liter pot kopen | Planten eenvoudig online bestellen | Schramas.com\",\"isPartOf\":{\"@id\":\"https:\/\/www.schramas.com\/#website\"},\"primaryImageOfPage\":{\"@id\":\"https:\/\/www.schramas.com\/winkel\/prunus-persica-donut-wilde-perzikboom-5-liter-pot\/#primaryimage\"},\"image\":{\"@id\":\"https:\/\/www.schramas.com\/winkel\/prunus-persica-donut-wilde-perzikboom-5-liter-pot\/#primaryimage\"},\"thumbnailUrl\":\"https:\/\/www.schramas.com\/wp-content\/uploads\/2022\/09\/Donut-5L-mooi-sfeer.jpg\",\"datePublished\":\"2022-09-27T12:14:41+00:00\",\"dateModified\":\"2026-05-10T19:57:41+00:00\",\"breadcrumb\":{\"@id\":\"https:\/\/www.schramas.com\/winkel\/prunus-persica-donut-wilde-perzikboom-5-liter-pot\/#breadcrumb\"},\"inLanguage\":\"fr-FR\",\"potentialAction\":[{\"@type\":\"ReadAction\",\"target\":[\"https:\/\/www.schramas.com\/winkel\/prunus-persica-donut-wilde-perzikboom-5-liter-pot\/\"]}]},{\"@type\":\"ImageObject\",\"inLanguage\":\"fr-FR\",\"@id\":\"https:\/\/www.schramas.com\/winkel\/prunus-persica-donut-wilde-perzikboom-5-liter-pot\/#primaryimage\",\"url\":\"https:\/\/www.schramas.com\/wp-content\/uploads\/2022\/09\/Donut-5L-mooi-sfeer.jpg\",\"contentUrl\":\"https:\/\/www.schramas.com\/wp-content\/uploads\/2022\/09\/Donut-5L-mooi-sfeer.jpg\",\"width\":1200,\"height\":1200},{\"@type\":\"BreadcrumbList\",\"@id\":\"https:\/\/www.schramas.com\/winkel\/prunus-persica-donut-wilde-perzikboom-5-liter-pot\/#breadcrumb\",\"itemListElement\":[{\"@type\":\"ListItem\",\"position\":1,\"name\":\"Product\",\"item\":\"https:\/\/www.schramas.com\/assortiment\/\"},{\"@type\":\"ListItem\",\"position\":2,\"name\":\"Bomen &amp; Struiken\",\"item\":\"https:\/\/www.schramas.com\/product-category\/bomen-struiken\/\"},{\"@type\":\"ListItem\",\"position\":3,\"name\":\"Fruitbomen\",\"item\":\"https:\/\/www.schramas.com\/product-category\/bomen-struiken\/fruitbomen\/\"},{\"@type\":\"ListItem\",\"position\":4,\"name\":\"Perziken\",\"item\":\"https:\/\/www.schramas.com\/product-category\/bomen-struiken\/fruitbomen\/perziken\/\"},{\"@type\":\"ListItem\",\"position\":5,\"name\":\"Prunus persica &#8216;Donut&#8217; wilde perzikboom, 5 liter pot\"}]},{\"@type\":\"WebSite\",\"@id\":\"https:\/\/www.schramas.com\/#website\",\"url\":\"https:\/\/www.schramas.com\/\",\"name\":\"Schramas.com | Tuinplanten eenvoudig online bestellen | Direct van onze Kwekerij\",\"description\":\"\",\"alternateName\":\"Schramas.com - Alle planten direct van de kweker\",\"potentialAction\":[{\"@type\":\"SearchAction\",\"target\":{\"@type\":\"EntryPoint\",\"urlTemplate\":\"https:\/\/www.schramas.com\/?s={search_term_string}\"},\"query-input\":{\"@type\":\"PropertyValueSpecification\",\"valueRequired\":true,\"valueName\":\"search_term_string\"}}],\"inLanguage\":\"fr-FR\"}]}<\/script>\n<!-- \/ Yoast SEO plugin. -->","yoast_head_json":{"title":"Achetez Prunus persica p\u00eacher sauvage &#039;Donut&#039;, pot de 5 litres | Commandez facilement des plantes en ligne | Schramas.com","robots":{"index":"index","follow":"follow","max-snippet":"max-snippet:-1","max-image-preview":"max-image-preview:large","max-video-preview":"max-video-preview:-1"},"canonical":"https:\/\/www.schramas.com\/fr\/boutique\/prunus-persica-donut-pecher-sauvage-pot-de-5-litres\/","og_locale":"fr_FR","og_type":"article","og_title":"Prunus persica 'Donut' wilde perzikboom, 5 liter pot kopen | Planten eenvoudig online bestellen | Schramas.com","og_description":"Prunus persica 'Donut'  Donut platte of wilde perzik  Smaak: zoet.  Kleur vrucht: geel rood.  Geschikt voor zowel patio als volle grond.  zelf bestuivend  Eerste jaar beschermen tegen de vorst.  Leverhoogte incl. pot: +\/_70 cm  Pot maat: 5 liter","og_url":"https:\/\/www.schramas.com\/fr\/boutique\/prunus-persica-donut-pecher-sauvage-pot-de-5-litres\/","og_site_name":"Planten eenvoudig online bestellen | Schramas.com","article_publisher":"https:\/\/www.facebook.com\/Schramascom-106872874153195\/","article_modified_time":"2026-05-10T19:57:41+00:00","og_image":[{"width":1200,"height":1200,"url":"http:\/\/www.schramas.com\/wp-content\/uploads\/2022\/09\/Donut-5L-mooi-sfeer.jpg","type":"image\/jpeg"}],"twitter_card":"summary_large_image","twitter_misc":{"Dur\u00e9e de lecture estim\u00e9e":"1 minute"},"schema":{"@context":"https:\/\/schema.org","@graph":[{"@type":["WebPage","ItemPage"],"@id":"https:\/\/www.schramas.com\/winkel\/prunus-persica-donut-wilde-perzikboom-5-liter-pot\/","url":"https:\/\/www.schramas.com\/winkel\/prunus-persica-donut-wilde-perzikboom-5-liter-pot\/","name":"Achetez Prunus persica p\u00eacher sauvage &#039;Donut&#039;, pot de 5 litres | Commandez facilement des plantes en ligne | Schramas.com","isPartOf":{"@id":"https:\/\/www.schramas.com\/#website"},"primaryImageOfPage":{"@id":"https:\/\/www.schramas.com\/winkel\/prunus-persica-donut-wilde-perzikboom-5-liter-pot\/#primaryimage"},"image":{"@id":"https:\/\/www.schramas.com\/winkel\/prunus-persica-donut-wilde-perzikboom-5-liter-pot\/#primaryimage"},"thumbnailUrl":"https:\/\/www.schramas.com\/wp-content\/uploads\/2022\/09\/Donut-5L-mooi-sfeer.jpg","datePublished":"2022-09-27T12:14:41+00:00","dateModified":"2026-05-10T19:57:41+00:00","breadcrumb":{"@id":"https:\/\/www.schramas.com\/winkel\/prunus-persica-donut-wilde-perzikboom-5-liter-pot\/#breadcrumb"},"inLanguage":"fr-FR","potentialAction":[{"@type":"ReadAction","target":["https:\/\/www.schramas.com\/winkel\/prunus-persica-donut-wilde-perzikboom-5-liter-pot\/"]}]},{"@type":"ImageObject","inLanguage":"fr-FR","@id":"https:\/\/www.schramas.com\/winkel\/prunus-persica-donut-wilde-perzikboom-5-liter-pot\/#primaryimage","url":"https:\/\/www.schramas.com\/wp-content\/uploads\/2022\/09\/Donut-5L-mooi-sfeer.jpg","contentUrl":"https:\/\/www.schramas.com\/wp-content\/uploads\/2022\/09\/Donut-5L-mooi-sfeer.jpg","width":1200,"height":1200},{"@type":"BreadcrumbList","@id":"https:\/\/www.schramas.com\/winkel\/prunus-persica-donut-wilde-perzikboom-5-liter-pot\/#breadcrumb","itemListElement":[{"@type":"ListItem","position":1,"name":"Product","item":"https:\/\/www.schramas.com\/assortiment\/"},{"@type":"ListItem","position":2,"name":"Bomen &amp; Struiken","item":"https:\/\/www.schramas.com\/product-category\/bomen-struiken\/"},{"@type":"ListItem","position":3,"name":"Fruitbomen","item":"https:\/\/www.schramas.com\/product-category\/bomen-struiken\/fruitbomen\/"},{"@type":"ListItem","position":4,"name":"Perziken","item":"https:\/\/www.schramas.com\/product-category\/bomen-struiken\/fruitbomen\/perziken\/"},{"@type":"ListItem","position":5,"name":"Prunus persica &#8216;Donut&#8217; wilde perzikboom, 5 liter pot"}]},{"@type":"WebSite","@id":"https:\/\/www.schramas.com\/#website","url":"https:\/\/www.schramas.com\/","name":"Schramas.com | Plantes de jardin faciles \u00e0 commander en ligne | En direct de notre p\u00e9pini\u00e8re","description":"","alternateName":"Schramas.com - Alle planten direct van de kweker","potentialAction":[{"@type":"SearchAction","target":{"@type":"EntryPoint","urlTemplate":"https:\/\/www.schramas.com\/?s={search_term_string}"},"query-input":{"@type":"PropertyValueSpecification","valueRequired":true,"valueName":"search_term_string"}}],"inLanguage":"fr-FR"}]}},"_links":{"self":[{"href":"https:\/\/www.schramas.com\/fr\/wp-json\/wp\/v2\/product\/20660","targetHints":{"allow":["GET"]}}],"collection":[{"href":"https:\/\/www.schramas.com\/fr\/wp-json\/wp\/v2\/product"}],"about":[{"href":"https:\/\/www.schramas.com\/fr\/wp-json\/wp\/v2\/types\/product"}],"version-history":[{"count":1,"href":"https:\/\/www.schramas.com\/fr\/wp-json\/wp\/v2\/product\/20660\/revisions"}],"predecessor-version":[{"id":59123,"href":"https:\/\/www.schramas.com\/fr\/wp-json\/wp\/v2\/product\/20660\/revisions\/59123"}],"wp:featuredmedia":[{"embeddable":true,"href":"https:\/\/www.schramas.com\/fr\/wp-json\/wp\/v2\/media\/20661"}],"wp:attachment":[{"href":"https:\/\/www.schramas.com\/fr\/wp-json\/wp\/v2\/media?parent=20660"}],"wp:term":[{"taxonomy":"product_brand","embeddable":true,"href":"https:\/\/www.schramas.com\/fr\/wp-json\/wp\/v2\/product_brand?post=20660"},{"taxonomy":"product_cat","embeddable":true,"href":"https:\/\/www.schramas.com\/fr\/wp-json\/wp\/v2\/product_cat?post=20660"},{"taxonomy":"product_tag","embeddable":true,"href":"https:\/\/www.schramas.com\/fr\/wp-json\/wp\/v2\/product_tag?post=20660"}],"curies":[{"name":"wp","href":"https:\/\/api.w.org\/{rel}","templated":true}]}}