{"id":21220,"date":"2022-11-01T10:58:13","date_gmt":"2022-11-01T09:58:13","guid":{"rendered":"https:\/\/www.schramas.com\/?post_type=product&#038;p=21220"},"modified":"2026-03-26T16:35:23","modified_gmt":"2026-03-26T15:35:23","slug":"morus-illinois-murier-persistant-pot-2l","status":"publish","type":"product","link":"https:\/\/www.schramas.com\/fr\/boutique\/morus-illinois-murier-persistant-pot-2l\/","title":{"rendered":"Morus illinois 'Everbearing', M\u00fbrier pot de 2L"},"content":{"rendered":"<p>Ce m\u00fbrier a des feuilles \u00e9tonnamment grandes et des baies de m\u00fbrier violet fonc\u00e9 tr\u00e8s aromatiques. <span class=\"Y2IQFc\" lang=\"nl\">Et est l&#039;une des meilleures vari\u00e9t\u00e9s de m\u00fbrier, l&#039;Illinois Everbearing est appr\u00e9ci\u00e9e pour ses fruits longs et savoureux et sa longue saison de maturation, de la fin juin au d\u00e9but de l&#039;automne. Le fruit du m\u00fbrier ressemble \u00e0 une m\u00fbre et a un go\u00fbt d\u00e9licieux. Il peut \u00e9galement \u00eatre s\u00e9ch\u00e9 pour une d\u00e9licieuse collation hivernale. Les m\u00fbres sont r\u00e9sistantes aux ravageurs et aux maladies et forment un petit arbre attrayant avec de grandes feuilles tropicales vert fonc\u00e9. Le long de l\u2019ancienne Route de la Soie en Asie centrale, les m\u00fbriers sont largement cultiv\u00e9s pour leurs feuilles, qui servent \u00e0 nourrir les vers \u00e0 soie.<\/span><\/p>","protected":false},"excerpt":{"rendered":"<p>Morus illinois M\u00fbrier &#039;Everbearing&#039;<\/p>\n<p>Max. hauteur : environ 600-800 cm<\/p>\n<p>Hauteur du produit : +90cm<\/p>\n<p><span class=\"Y2IQFc\" lang=\"nl\">P\u00e9riode de maturation : juillet \u00e0 septembre<\/span><\/p>\n<p>Feuilles caduques<\/p>\n<p>Hardy<\/p>\n<p>Autopollinisation<\/p>\n<p>R\u00e9sistant aux maladies<\/p>\n<p>Livr\u00e9 dans un pot de 2L<\/p>","protected":false},"featured_media":21222,"template":"","meta":{"_joinchat":[]},"product_brand":[],"product_cat":[262,233,2391,999,805],"product_tag":[],"class_list":{"0":"post-21220","1":"product","2":"type-product","3":"status-publish","4":"has-post-thumbnail","6":"product_cat-bomen-struiken","7":"product_cat-fruitbomen","8":"product_cat-mediterrane-en-exotische-fruitplanten","9":"product_cat-moerbeien","10":"product_cat-winter","11":"pa_bloeimaanden-februari","12":"pa_bloeimaanden-maart","13":"pa_groeihoogte-200-300-cm","15":"first","16":"outofstock","17":"taxable","18":"shipping-taxable","19":"purchasable","20":"product-type-simple"},"yoast_head":"<!-- This site is optimized with the Yoast SEO plugin v24.2 - https:\/\/yoast.com\/wordpress\/plugins\/seo\/ -->\n<title>Morus illinois &#039;Everbearing&#039;, Moerbei 2L pot kopen | Planten eenvoudig online bestellen | Schramas.com<\/title>\n<meta name=\"robots\" content=\"index, follow, max-snippet:-1, max-image-preview:large, max-video-preview:-1\" \/>\n<link rel=\"canonical\" href=\"https:\/\/www.schramas.com\/fr\/boutique\/morus-illinois-murier-persistant-pot-2l\/\" \/>\n<meta property=\"og:locale\" content=\"fr_FR\" \/>\n<meta property=\"og:type\" content=\"article\" \/>\n<meta property=\"og:title\" content=\"Morus illinois &#039;Everbearing&#039;, Moerbei 2L pot kopen | Planten eenvoudig online bestellen | Schramas.com\" \/>\n<meta property=\"og:description\" content=\"Morus illinois \u2018Everbearing\u2019 Moerbei  Max. hoogte: ca. 600-800 cm  Product hoogte: +90cm  Rijpingstijd: juli tot september  Bladverliezend  Winterhard  Zelfbestuivend  Ziekteresistent  Geleverd in een 2L pot\" \/>\n<meta property=\"og:url\" content=\"https:\/\/www.schramas.com\/fr\/boutique\/morus-illinois-murier-persistant-pot-2l\/\" \/>\n<meta property=\"og:site_name\" content=\"Planten eenvoudig online bestellen | Schramas.com\" \/>\n<meta property=\"article:publisher\" content=\"https:\/\/www.facebook.com\/Schramascom-106872874153195\/\" \/>\n<meta property=\"article:modified_time\" content=\"2026-03-26T15:35:23+00:00\" \/>\n<meta property=\"og:image\" content=\"http:\/\/www.schramas.com\/wp-content\/uploads\/2022\/11\/Everbearing-sfeer.jpg\" \/>\n\t<meta property=\"og:image:width\" content=\"1200\" \/>\n\t<meta property=\"og:image:height\" content=\"1200\" \/>\n\t<meta property=\"og:image:type\" content=\"image\/jpeg\" \/>\n<meta name=\"twitter:card\" content=\"summary_large_image\" \/>\n<meta name=\"twitter:label1\" content=\"Dur\u00e9e de lecture estim\u00e9e\" \/>\n\t<meta name=\"twitter:data1\" content=\"1 minute\" \/>\n<script type=\"application\/ld+json\" class=\"yoast-schema-graph\">{\"@context\":\"https:\/\/schema.org\",\"@graph\":[{\"@type\":[\"WebPage\",\"ItemPage\"],\"@id\":\"https:\/\/www.schramas.com\/winkel\/morus-illinois-everbearing-moerbei-2l-pot\/\",\"url\":\"https:\/\/www.schramas.com\/winkel\/morus-illinois-everbearing-moerbei-2l-pot\/\",\"name\":\"Morus illinois 'Everbearing', Moerbei 2L pot kopen | Planten eenvoudig online bestellen | Schramas.com\",\"isPartOf\":{\"@id\":\"https:\/\/www.schramas.com\/#website\"},\"primaryImageOfPage\":{\"@id\":\"https:\/\/www.schramas.com\/winkel\/morus-illinois-everbearing-moerbei-2l-pot\/#primaryimage\"},\"image\":{\"@id\":\"https:\/\/www.schramas.com\/winkel\/morus-illinois-everbearing-moerbei-2l-pot\/#primaryimage\"},\"thumbnailUrl\":\"https:\/\/www.schramas.com\/wp-content\/uploads\/2022\/11\/Everbearing-sfeer.jpg\",\"datePublished\":\"2022-11-01T09:58:13+00:00\",\"dateModified\":\"2026-03-26T15:35:23+00:00\",\"breadcrumb\":{\"@id\":\"https:\/\/www.schramas.com\/winkel\/morus-illinois-everbearing-moerbei-2l-pot\/#breadcrumb\"},\"inLanguage\":\"fr-FR\",\"potentialAction\":[{\"@type\":\"ReadAction\",\"target\":[\"https:\/\/www.schramas.com\/winkel\/morus-illinois-everbearing-moerbei-2l-pot\/\"]}]},{\"@type\":\"ImageObject\",\"inLanguage\":\"fr-FR\",\"@id\":\"https:\/\/www.schramas.com\/winkel\/morus-illinois-everbearing-moerbei-2l-pot\/#primaryimage\",\"url\":\"https:\/\/www.schramas.com\/wp-content\/uploads\/2022\/11\/Everbearing-sfeer.jpg\",\"contentUrl\":\"https:\/\/www.schramas.com\/wp-content\/uploads\/2022\/11\/Everbearing-sfeer.jpg\",\"width\":1200,\"height\":1200},{\"@type\":\"BreadcrumbList\",\"@id\":\"https:\/\/www.schramas.com\/winkel\/morus-illinois-everbearing-moerbei-2l-pot\/#breadcrumb\",\"itemListElement\":[{\"@type\":\"ListItem\",\"position\":1,\"name\":\"Product\",\"item\":\"https:\/\/www.schramas.com\/assortiment\/\"},{\"@type\":\"ListItem\",\"position\":2,\"name\":\"Bomen &amp; Struiken\",\"item\":\"https:\/\/www.schramas.com\/product-category\/bomen-struiken\/\"},{\"@type\":\"ListItem\",\"position\":3,\"name\":\"Specials\",\"item\":\"https:\/\/www.schramas.com\/product-category\/bomen-struiken\/specials\/\"},{\"@type\":\"ListItem\",\"position\":4,\"name\":\"Mediterrane en Exotische Fruitplanten\",\"item\":\"https:\/\/www.schramas.com\/product-category\/bomen-struiken\/specials\/mediterrane-en-exotische-fruitplanten\/\"},{\"@type\":\"ListItem\",\"position\":5,\"name\":\"Morus illinois &#8216;Everbearing&#8217;, Moerbei 2L pot\"}]},{\"@type\":\"WebSite\",\"@id\":\"https:\/\/www.schramas.com\/#website\",\"url\":\"https:\/\/www.schramas.com\/\",\"name\":\"Schramas.com | Tuinplanten eenvoudig online bestellen | Direct van onze Kwekerij\",\"description\":\"\",\"alternateName\":\"Schramas.com - Alle planten direct van de kweker\",\"potentialAction\":[{\"@type\":\"SearchAction\",\"target\":{\"@type\":\"EntryPoint\",\"urlTemplate\":\"https:\/\/www.schramas.com\/?s={search_term_string}\"},\"query-input\":{\"@type\":\"PropertyValueSpecification\",\"valueRequired\":true,\"valueName\":\"search_term_string\"}}],\"inLanguage\":\"fr-FR\"}]}<\/script>\n<!-- \/ Yoast SEO plugin. -->","yoast_head_json":{"title":"Achetez Morus illinois &#039;Everbearing&#039;, M\u00fbrier pot 2L | Commandez facilement des plantes en ligne | Schramas.com","robots":{"index":"index","follow":"follow","max-snippet":"max-snippet:-1","max-image-preview":"max-image-preview:large","max-video-preview":"max-video-preview:-1"},"canonical":"https:\/\/www.schramas.com\/fr\/boutique\/morus-illinois-murier-persistant-pot-2l\/","og_locale":"fr_FR","og_type":"article","og_title":"Morus illinois 'Everbearing', Moerbei 2L pot kopen | Planten eenvoudig online bestellen | Schramas.com","og_description":"Morus illinois \u2018Everbearing\u2019 Moerbei  Max. hoogte: ca. 600-800 cm  Product hoogte: +90cm  Rijpingstijd: juli tot september  Bladverliezend  Winterhard  Zelfbestuivend  Ziekteresistent  Geleverd in een 2L pot","og_url":"https:\/\/www.schramas.com\/fr\/boutique\/morus-illinois-murier-persistant-pot-2l\/","og_site_name":"Planten eenvoudig online bestellen | Schramas.com","article_publisher":"https:\/\/www.facebook.com\/Schramascom-106872874153195\/","article_modified_time":"2026-03-26T15:35:23+00:00","og_image":[{"width":1200,"height":1200,"url":"http:\/\/www.schramas.com\/wp-content\/uploads\/2022\/11\/Everbearing-sfeer.jpg","type":"image\/jpeg"}],"twitter_card":"summary_large_image","twitter_misc":{"Dur\u00e9e de lecture estim\u00e9e":"1 minute"},"schema":{"@context":"https:\/\/schema.org","@graph":[{"@type":["WebPage","ItemPage"],"@id":"https:\/\/www.schramas.com\/winkel\/morus-illinois-everbearing-moerbei-2l-pot\/","url":"https:\/\/www.schramas.com\/winkel\/morus-illinois-everbearing-moerbei-2l-pot\/","name":"Achetez Morus illinois &#039;Everbearing&#039;, M\u00fbrier pot 2L | Commandez facilement des plantes en ligne | Schramas.com","isPartOf":{"@id":"https:\/\/www.schramas.com\/#website"},"primaryImageOfPage":{"@id":"https:\/\/www.schramas.com\/winkel\/morus-illinois-everbearing-moerbei-2l-pot\/#primaryimage"},"image":{"@id":"https:\/\/www.schramas.com\/winkel\/morus-illinois-everbearing-moerbei-2l-pot\/#primaryimage"},"thumbnailUrl":"https:\/\/www.schramas.com\/wp-content\/uploads\/2022\/11\/Everbearing-sfeer.jpg","datePublished":"2022-11-01T09:58:13+00:00","dateModified":"2026-03-26T15:35:23+00:00","breadcrumb":{"@id":"https:\/\/www.schramas.com\/winkel\/morus-illinois-everbearing-moerbei-2l-pot\/#breadcrumb"},"inLanguage":"fr-FR","potentialAction":[{"@type":"ReadAction","target":["https:\/\/www.schramas.com\/winkel\/morus-illinois-everbearing-moerbei-2l-pot\/"]}]},{"@type":"ImageObject","inLanguage":"fr-FR","@id":"https:\/\/www.schramas.com\/winkel\/morus-illinois-everbearing-moerbei-2l-pot\/#primaryimage","url":"https:\/\/www.schramas.com\/wp-content\/uploads\/2022\/11\/Everbearing-sfeer.jpg","contentUrl":"https:\/\/www.schramas.com\/wp-content\/uploads\/2022\/11\/Everbearing-sfeer.jpg","width":1200,"height":1200},{"@type":"BreadcrumbList","@id":"https:\/\/www.schramas.com\/winkel\/morus-illinois-everbearing-moerbei-2l-pot\/#breadcrumb","itemListElement":[{"@type":"ListItem","position":1,"name":"Product","item":"https:\/\/www.schramas.com\/assortiment\/"},{"@type":"ListItem","position":2,"name":"Bomen &amp; Struiken","item":"https:\/\/www.schramas.com\/product-category\/bomen-struiken\/"},{"@type":"ListItem","position":3,"name":"Specials","item":"https:\/\/www.schramas.com\/product-category\/bomen-struiken\/specials\/"},{"@type":"ListItem","position":4,"name":"Mediterrane en Exotische Fruitplanten","item":"https:\/\/www.schramas.com\/product-category\/bomen-struiken\/specials\/mediterrane-en-exotische-fruitplanten\/"},{"@type":"ListItem","position":5,"name":"Morus illinois &#8216;Everbearing&#8217;, Moerbei 2L pot"}]},{"@type":"WebSite","@id":"https:\/\/www.schramas.com\/#website","url":"https:\/\/www.schramas.com\/","name":"Schramas.com | Plantes de jardin faciles \u00e0 commander en ligne | En direct de notre p\u00e9pini\u00e8re","description":"","alternateName":"Schramas.com - Alle planten direct van de kweker","potentialAction":[{"@type":"SearchAction","target":{"@type":"EntryPoint","urlTemplate":"https:\/\/www.schramas.com\/?s={search_term_string}"},"query-input":{"@type":"PropertyValueSpecification","valueRequired":true,"valueName":"search_term_string"}}],"inLanguage":"fr-FR"}]}},"_links":{"self":[{"href":"https:\/\/www.schramas.com\/fr\/wp-json\/wp\/v2\/product\/21220","targetHints":{"allow":["GET"]}}],"collection":[{"href":"https:\/\/www.schramas.com\/fr\/wp-json\/wp\/v2\/product"}],"about":[{"href":"https:\/\/www.schramas.com\/fr\/wp-json\/wp\/v2\/types\/product"}],"version-history":[{"count":1,"href":"https:\/\/www.schramas.com\/fr\/wp-json\/wp\/v2\/product\/21220\/revisions"}],"predecessor-version":[{"id":46288,"href":"https:\/\/www.schramas.com\/fr\/wp-json\/wp\/v2\/product\/21220\/revisions\/46288"}],"wp:featuredmedia":[{"embeddable":true,"href":"https:\/\/www.schramas.com\/fr\/wp-json\/wp\/v2\/media\/21222"}],"wp:attachment":[{"href":"https:\/\/www.schramas.com\/fr\/wp-json\/wp\/v2\/media?parent=21220"}],"wp:term":[{"taxonomy":"product_brand","embeddable":true,"href":"https:\/\/www.schramas.com\/fr\/wp-json\/wp\/v2\/product_brand?post=21220"},{"taxonomy":"product_cat","embeddable":true,"href":"https:\/\/www.schramas.com\/fr\/wp-json\/wp\/v2\/product_cat?post=21220"},{"taxonomy":"product_tag","embeddable":true,"href":"https:\/\/www.schramas.com\/fr\/wp-json\/wp\/v2\/product_tag?post=21220"}],"curies":[{"name":"wp","href":"https:\/\/api.w.org\/{rel}","templated":true}]}}