{"id":21489,"date":"2022-11-24T16:10:33","date_gmt":"2022-11-24T15:10:33","guid":{"rendered":"https:\/\/www.schramas.com\/?post_type=product&#038;p=21489"},"modified":"2026-03-26T16:35:26","modified_gmt":"2026-03-26T15:35:26","slug":"rubus-idaeus-glen-ample-porte-greffe-de-framboise-rouge-10-pieces","status":"publish","type":"product","link":"https:\/\/www.schramas.com\/fr\/boutique\/rubus-idaeus-glen-ample-porte-greffe-de-framboise-rouge-10-pieces\/","title":{"rendered":"Rubus idaeus 'Glen Ample' framboise rouge, porte-greffe, 10 pi\u00e8ces"},"content":{"rendered":"<p>\u00cates-vous d\u00e9j\u00e0 choqu\u00e9 par le prix des framboises ? Pourquoi ne pas cultiver le v\u00f4tre\u00a0! Si vous fournissez \u00e0 cet arbuste un sol a\u00e9r\u00e9 et un bel emplacement mi-ombrag\u00e9\/ensoleill\u00e9, vous serez r\u00e9compens\u00e9 par de d\u00e9licieuses framboises sucr\u00e9es !<\/p>\n<p>&nbsp;<\/p>","protected":false},"excerpt":{"rendered":"<p>Rubus idaeus &#039;Glen Ample&#039;<\/p>\n<p>Framboise d'\u00e9t\u00e9<\/p>\n<p>Couleur du fruit : rouge<\/p>\n<p>Hauteur max : environ 150 cm en pleine terre<\/p>\n<p>Convient aussi bien pour les terrasses que pour les terrains en plein air<\/p>\n<p>Hauteur de livraison, racines comprises : +\/_50 cm<\/p>\n<p>Carottes<\/p>","protected":false},"featured_media":21490,"template":"","meta":{"_joinchat":[]},"product_brand":[],"product_cat":[42,234],"product_tag":[597,596,587,591,351,595],"class_list":{"0":"post-21489","1":"product","2":"type-product","3":"status-publish","4":"has-post-thumbnail","6":"product_cat-frambozen","7":"product_cat-fruitstruiken","8":"product_tag-framboos","9":"product_tag-glan-ample","10":"product_tag-rood","11":"product_tag-rubus","12":"product_tag-winterhard","13":"product_tag-zacht-fruit","14":"pa_bloeimaanden-april","15":"pa_groeihoogte-60-150-cm","16":"pa_pot-naaktwortelig","18":"first","19":"outofstock","20":"taxable","21":"shipping-taxable","22":"purchasable","23":"product-type-simple"},"yoast_head":"<!-- This site is optimized with the Yoast SEO plugin v24.2 - https:\/\/yoast.com\/wordpress\/plugins\/seo\/ -->\n<title>Rubus idaeus &#039;Glen Ample&#039; rode framboos, wortelgoed, 10 stuks kopen | Planten eenvoudig online bestellen | Schramas.com<\/title>\n<meta name=\"robots\" content=\"index, follow, max-snippet:-1, max-image-preview:large, max-video-preview:-1\" \/>\n<link rel=\"canonical\" href=\"https:\/\/www.schramas.com\/fr\/boutique\/rubus-idaeus-glen-ample-porte-greffe-de-framboise-rouge-10-pieces\/\" \/>\n<meta property=\"og:locale\" content=\"fr_FR\" \/>\n<meta property=\"og:type\" content=\"article\" \/>\n<meta property=\"og:title\" content=\"Rubus idaeus &#039;Glen Ample&#039; rode framboos, wortelgoed, 10 stuks kopen | Planten eenvoudig online bestellen | Schramas.com\" \/>\n<meta property=\"og:description\" content=\"Rubus idaeus &#039;Glen Ample&#039;  Zomerframboos  Kleur vrucht: rood  Hoogte max: circa 150 cm in de volle grond  Geschikt voor zowel patio als volle grond  Leverhoogte incl. wortels: +\/_50 cm  Wortelgoed\" \/>\n<meta property=\"og:url\" content=\"https:\/\/www.schramas.com\/fr\/boutique\/rubus-idaeus-glen-ample-porte-greffe-de-framboise-rouge-10-pieces\/\" \/>\n<meta property=\"og:site_name\" content=\"Planten eenvoudig online bestellen | Schramas.com\" \/>\n<meta property=\"article:publisher\" content=\"https:\/\/www.facebook.com\/Schramascom-106872874153195\/\" \/>\n<meta property=\"article:modified_time\" content=\"2026-03-26T15:35:26+00:00\" \/>\n<meta property=\"og:image\" content=\"https:\/\/www.schramas.com\/wp-content\/uploads\/2022\/11\/Glen-ample.jpg\" \/>\n\t<meta property=\"og:image:width\" content=\"1200\" \/>\n\t<meta property=\"og:image:height\" content=\"1200\" \/>\n\t<meta property=\"og:image:type\" content=\"image\/jpeg\" \/>\n<meta name=\"twitter:card\" content=\"summary_large_image\" \/>\n<meta name=\"twitter:label1\" content=\"Dur\u00e9e de lecture estim\u00e9e\" \/>\n\t<meta name=\"twitter:data1\" content=\"1 minute\" \/>\n<script type=\"application\/ld+json\" class=\"yoast-schema-graph\">{\"@context\":\"https:\/\/schema.org\",\"@graph\":[{\"@type\":[\"WebPage\",\"ItemPage\"],\"@id\":\"https:\/\/www.schramas.com\/winkel\/rubus-idaeus-glen-ample-rode-framboos-wortelgoed-10-stuks\/\",\"url\":\"https:\/\/www.schramas.com\/winkel\/rubus-idaeus-glen-ample-rode-framboos-wortelgoed-10-stuks\/\",\"name\":\"Rubus idaeus 'Glen Ample' rode framboos, wortelgoed, 10 stuks kopen | Planten eenvoudig online bestellen | Schramas.com\",\"isPartOf\":{\"@id\":\"https:\/\/www.schramas.com\/#website\"},\"primaryImageOfPage\":{\"@id\":\"https:\/\/www.schramas.com\/winkel\/rubus-idaeus-glen-ample-rode-framboos-wortelgoed-10-stuks\/#primaryimage\"},\"image\":{\"@id\":\"https:\/\/www.schramas.com\/winkel\/rubus-idaeus-glen-ample-rode-framboos-wortelgoed-10-stuks\/#primaryimage\"},\"thumbnailUrl\":\"https:\/\/www.schramas.com\/wp-content\/uploads\/2022\/11\/Glen-ample.jpg\",\"datePublished\":\"2022-11-24T15:10:33+00:00\",\"dateModified\":\"2026-03-26T15:35:26+00:00\",\"breadcrumb\":{\"@id\":\"https:\/\/www.schramas.com\/winkel\/rubus-idaeus-glen-ample-rode-framboos-wortelgoed-10-stuks\/#breadcrumb\"},\"inLanguage\":\"fr-FR\",\"potentialAction\":[{\"@type\":\"ReadAction\",\"target\":[\"https:\/\/www.schramas.com\/winkel\/rubus-idaeus-glen-ample-rode-framboos-wortelgoed-10-stuks\/\"]}]},{\"@type\":\"ImageObject\",\"inLanguage\":\"fr-FR\",\"@id\":\"https:\/\/www.schramas.com\/winkel\/rubus-idaeus-glen-ample-rode-framboos-wortelgoed-10-stuks\/#primaryimage\",\"url\":\"https:\/\/www.schramas.com\/wp-content\/uploads\/2022\/11\/Glen-ample.jpg\",\"contentUrl\":\"https:\/\/www.schramas.com\/wp-content\/uploads\/2022\/11\/Glen-ample.jpg\",\"width\":1200,\"height\":1200},{\"@type\":\"BreadcrumbList\",\"@id\":\"https:\/\/www.schramas.com\/winkel\/rubus-idaeus-glen-ample-rode-framboos-wortelgoed-10-stuks\/#breadcrumb\",\"itemListElement\":[{\"@type\":\"ListItem\",\"position\":1,\"name\":\"Product\",\"item\":\"https:\/\/www.schramas.com\/assortiment\/\"},{\"@type\":\"ListItem\",\"position\":2,\"name\":\"Bomen &amp; Struiken\",\"item\":\"https:\/\/www.schramas.com\/product-category\/bomen-struiken\/\"},{\"@type\":\"ListItem\",\"position\":3,\"name\":\"Fruitstruiken\",\"item\":\"https:\/\/www.schramas.com\/de\/produktkategorie\/baume-und-straucher\/obststraucher\/\"},{\"@type\":\"ListItem\",\"position\":4,\"name\":\"Frambozen\",\"item\":\"https:\/\/www.schramas.com\/product-category\/bomen-struiken\/fruitstruiken\/frambozen\/\"},{\"@type\":\"ListItem\",\"position\":5,\"name\":\"Rubus idaeus &#8216;Glen Ample&#8217; rode framboos, wortelgoed, 10 stuks\"}]},{\"@type\":\"WebSite\",\"@id\":\"https:\/\/www.schramas.com\/#website\",\"url\":\"https:\/\/www.schramas.com\/\",\"name\":\"Schramas.com | Tuinplanten eenvoudig online bestellen | Direct van onze Kwekerij\",\"description\":\"\",\"alternateName\":\"Schramas.com - Alle planten direct van de kweker\",\"potentialAction\":[{\"@type\":\"SearchAction\",\"target\":{\"@type\":\"EntryPoint\",\"urlTemplate\":\"https:\/\/www.schramas.com\/?s={search_term_string}\"},\"query-input\":{\"@type\":\"PropertyValueSpecification\",\"valueRequired\":true,\"valueName\":\"search_term_string\"}}],\"inLanguage\":\"fr-FR\"}]}<\/script>\n<!-- \/ Yoast SEO plugin. -->","yoast_head_json":{"title":"Achetez Rubus idaeus &#039;Glen Ample&#039; framboise rouge, porte-greffe, 10 pi\u00e8ces | Commandez facilement des plantes en ligne | Schramas.com","robots":{"index":"index","follow":"follow","max-snippet":"max-snippet:-1","max-image-preview":"max-image-preview:large","max-video-preview":"max-video-preview:-1"},"canonical":"https:\/\/www.schramas.com\/fr\/boutique\/rubus-idaeus-glen-ample-porte-greffe-de-framboise-rouge-10-pieces\/","og_locale":"fr_FR","og_type":"article","og_title":"Rubus idaeus 'Glen Ample' rode framboos, wortelgoed, 10 stuks kopen | Planten eenvoudig online bestellen | Schramas.com","og_description":"Rubus idaeus 'Glen Ample'  Zomerframboos  Kleur vrucht: rood  Hoogte max: circa 150 cm in de volle grond  Geschikt voor zowel patio als volle grond  Leverhoogte incl. wortels: +\/_50 cm  Wortelgoed","og_url":"https:\/\/www.schramas.com\/fr\/boutique\/rubus-idaeus-glen-ample-porte-greffe-de-framboise-rouge-10-pieces\/","og_site_name":"Planten eenvoudig online bestellen | Schramas.com","article_publisher":"https:\/\/www.facebook.com\/Schramascom-106872874153195\/","article_modified_time":"2026-03-26T15:35:26+00:00","og_image":[{"width":1200,"height":1200,"url":"https:\/\/www.schramas.com\/wp-content\/uploads\/2022\/11\/Glen-ample.jpg","type":"image\/jpeg"}],"twitter_card":"summary_large_image","twitter_misc":{"Dur\u00e9e de lecture estim\u00e9e":"1 minute"},"schema":{"@context":"https:\/\/schema.org","@graph":[{"@type":["WebPage","ItemPage"],"@id":"https:\/\/www.schramas.com\/winkel\/rubus-idaeus-glen-ample-rode-framboos-wortelgoed-10-stuks\/","url":"https:\/\/www.schramas.com\/winkel\/rubus-idaeus-glen-ample-rode-framboos-wortelgoed-10-stuks\/","name":"Achetez Rubus idaeus &#039;Glen Ample&#039; framboise rouge, porte-greffe, 10 pi\u00e8ces | Commandez facilement des plantes en ligne | Schramas.com","isPartOf":{"@id":"https:\/\/www.schramas.com\/#website"},"primaryImageOfPage":{"@id":"https:\/\/www.schramas.com\/winkel\/rubus-idaeus-glen-ample-rode-framboos-wortelgoed-10-stuks\/#primaryimage"},"image":{"@id":"https:\/\/www.schramas.com\/winkel\/rubus-idaeus-glen-ample-rode-framboos-wortelgoed-10-stuks\/#primaryimage"},"thumbnailUrl":"https:\/\/www.schramas.com\/wp-content\/uploads\/2022\/11\/Glen-ample.jpg","datePublished":"2022-11-24T15:10:33+00:00","dateModified":"2026-03-26T15:35:26+00:00","breadcrumb":{"@id":"https:\/\/www.schramas.com\/winkel\/rubus-idaeus-glen-ample-rode-framboos-wortelgoed-10-stuks\/#breadcrumb"},"inLanguage":"fr-FR","potentialAction":[{"@type":"ReadAction","target":["https:\/\/www.schramas.com\/winkel\/rubus-idaeus-glen-ample-rode-framboos-wortelgoed-10-stuks\/"]}]},{"@type":"ImageObject","inLanguage":"fr-FR","@id":"https:\/\/www.schramas.com\/winkel\/rubus-idaeus-glen-ample-rode-framboos-wortelgoed-10-stuks\/#primaryimage","url":"https:\/\/www.schramas.com\/wp-content\/uploads\/2022\/11\/Glen-ample.jpg","contentUrl":"https:\/\/www.schramas.com\/wp-content\/uploads\/2022\/11\/Glen-ample.jpg","width":1200,"height":1200},{"@type":"BreadcrumbList","@id":"https:\/\/www.schramas.com\/winkel\/rubus-idaeus-glen-ample-rode-framboos-wortelgoed-10-stuks\/#breadcrumb","itemListElement":[{"@type":"ListItem","position":1,"name":"Product","item":"https:\/\/www.schramas.com\/assortiment\/"},{"@type":"ListItem","position":2,"name":"Bomen &amp; Struiken","item":"https:\/\/www.schramas.com\/product-category\/bomen-struiken\/"},{"@type":"ListItem","position":3,"name":"Fruitstruiken","item":"https:\/\/www.schramas.com\/de\/produktkategorie\/baume-und-straucher\/obststraucher\/"},{"@type":"ListItem","position":4,"name":"Frambozen","item":"https:\/\/www.schramas.com\/product-category\/bomen-struiken\/fruitstruiken\/frambozen\/"},{"@type":"ListItem","position":5,"name":"Rubus idaeus &#8216;Glen Ample&#8217; rode framboos, wortelgoed, 10 stuks"}]},{"@type":"WebSite","@id":"https:\/\/www.schramas.com\/#website","url":"https:\/\/www.schramas.com\/","name":"Schramas.com | Plantes de jardin faciles \u00e0 commander en ligne | En direct de notre p\u00e9pini\u00e8re","description":"","alternateName":"Schramas.com - Alle planten direct van de kweker","potentialAction":[{"@type":"SearchAction","target":{"@type":"EntryPoint","urlTemplate":"https:\/\/www.schramas.com\/?s={search_term_string}"},"query-input":{"@type":"PropertyValueSpecification","valueRequired":true,"valueName":"search_term_string"}}],"inLanguage":"fr-FR"}]}},"_links":{"self":[{"href":"https:\/\/www.schramas.com\/fr\/wp-json\/wp\/v2\/product\/21489","targetHints":{"allow":["GET"]}}],"collection":[{"href":"https:\/\/www.schramas.com\/fr\/wp-json\/wp\/v2\/product"}],"about":[{"href":"https:\/\/www.schramas.com\/fr\/wp-json\/wp\/v2\/types\/product"}],"version-history":[{"count":0,"href":"https:\/\/www.schramas.com\/fr\/wp-json\/wp\/v2\/product\/21489\/revisions"}],"wp:featuredmedia":[{"embeddable":true,"href":"https:\/\/www.schramas.com\/fr\/wp-json\/wp\/v2\/media\/21490"}],"wp:attachment":[{"href":"https:\/\/www.schramas.com\/fr\/wp-json\/wp\/v2\/media?parent=21489"}],"wp:term":[{"taxonomy":"product_brand","embeddable":true,"href":"https:\/\/www.schramas.com\/fr\/wp-json\/wp\/v2\/product_brand?post=21489"},{"taxonomy":"product_cat","embeddable":true,"href":"https:\/\/www.schramas.com\/fr\/wp-json\/wp\/v2\/product_cat?post=21489"},{"taxonomy":"product_tag","embeddable":true,"href":"https:\/\/www.schramas.com\/fr\/wp-json\/wp\/v2\/product_tag?post=21489"}],"curies":[{"name":"wp","href":"https:\/\/api.w.org\/{rel}","templated":true}]}}