{"id":25423,"date":"2023-05-09T11:05:42","date_gmt":"2023-05-09T09:05:42","guid":{"rendered":"https:\/\/www.schramas.com\/?post_type=product&#038;p=25423"},"modified":"2026-03-26T16:35:36","modified_gmt":"2026-03-26T15:35:36","slug":"ziziphus-jujuba-giuggiolo-dattier-chinois-ou-dattier-rouge-pot-de-7-litres","status":"publish","type":"product","link":"https:\/\/www.schramas.com\/fr\/boutique\/ziziphus-jujuba-giuggiolo-dattier-chinois-ou-dattier-rouge-pot-de-7-litres\/","title":{"rendered":"Ziziphus jujuba 'Giuggiolo' Dattier chinois ou dattier rouge, pot de 3 litres"},"content":{"rendered":"<p>Ziziphus jujuba, \u00e9galement connu sous le nom de dattier chinois, est une plante polyvalente et r\u00e9sistante qui trouve sa place dans n'importe quel jardin. Il pr\u00e9sente une floraison remarquable et produit des fruits comestibles qui conviennent \u00e0 de nombreux usages. Voici quelques caract\u00e9ristiques cl\u00e9s de cet arbre inhabituel :<\/p>\n<ul>\n<li>Rustique : Le dattier de Chine est tr\u00e8s r\u00e9sistant au gel et peut \u00eatre plant\u00e9 en pleine terre, m\u00eame dans un sol argileux ou pauvre.<\/li>\n<li>Croissance lente : Bien que la croissance de l'arbre soit lente, il constitue un ajout magnifique et attrayant \u00e0 tout jardin. Le motif en zigzag de son port est particulier, surtout lorsque l'arbre a perdu ses feuilles en hiver.<\/li>\n<li>Fruits comestibles : Les fruits du dattier chinois mesurent environ 3 cm de diam\u00e8tre et ont une couleur brun-rouge\u00e2tre lorsqu'ils sont m\u00fbrs. Leur saveur sucr\u00e9e rappelle celle de la poire, du litchi et de la pomme. Les fruits peuvent \u00eatre utilis\u00e9s de diff\u00e9rentes mani\u00e8res : consomm\u00e9s frais, s\u00e9ch\u00e9s, cuits dans un pudding, dans un g\u00e2teau, dans une confiture ou comme ingr\u00e9dient dans la cuisine chinoise.<\/li>\n<li>Propri\u00e9t\u00e9s m\u00e9dicinales : En plus d'\u00eatre d\u00e9licieux, les fruits sont \u00e9galement utilis\u00e9s \u00e0 des fins m\u00e9dicinales depuis des si\u00e8cles. Par exemple, la consommation de ces fruits favoriserait la construction musculaire, l'endurance et l'\u00e9nergie, combattrait la fatigue, activerait la fonction h\u00e9patique et renforcerait la r\u00e9sistance du syst\u00e8me immunitaire.<\/li>\n<li>Floraison attrayante : en juin, l'arbre fleurit de petites fleurs de couleur cr\u00e8me qui s'autof\u00e9condent.<\/li>\n<li>Convient \u00e0 tous les jardins : Le dattier chinois n'est pas seulement rustique et polyvalent, il est \u00e9galement attrayant et convient \u00e0 tous les jardins, grands ou petits.<\/li>\n<\/ul>\n<p>En r\u00e9sum\u00e9, le Ziziphus jujuba est une plante sp\u00e9ciale qui a beaucoup \u00e0 offrir et qui est indispensable \u00e0 tout amateur de jardinage !<\/p>","protected":false},"excerpt":{"rendered":"<p>Ziziphus jujuba 'Giuggiolo'<\/p>\n<p>Fruit : jujube<\/p>\n<p>Go\u00fbt : doux<\/p>\n<p>Hauteur de livraison : environ 40 cm<\/p>\n<p>Hauteur de l'arbre : 400 \u00e0 600 cm<\/p>\n<p>Convient pour une utilisation \u00e0 l'int\u00e9rieur et \u00e0 l'ext\u00e9rieur de la maison<\/p>","protected":false},"featured_media":25424,"template":"","meta":{"_joinchat":[]},"product_brand":[],"product_cat":[262,233,2391,294],"product_tag":[1057,1056,1058,1061,1060,1059],"class_list":{"0":"post-25423","1":"product","2":"type-product","3":"status-publish","4":"has-post-thumbnail","6":"product_cat-bomen-struiken","7":"product_cat-fruitbomen","8":"product_cat-mediterrane-en-exotische-fruitplanten","9":"product_cat-specials","10":"product_tag-chinese","11":"product_tag-dadel","12":"product_tag-dadelboom","13":"product_tag-giuggiolo","14":"product_tag-jujube","15":"product_tag-ziziphus","16":"pa_bloeimaanden-maart","17":"pa_bloeimaanden-april","18":"pa_ewd_uwcf_colors-rood-2","19":"pa_groeihoogte-300-cm","20":"pa_pot-met-pot","22":"first","23":"outofstock","24":"featured","25":"taxable","26":"shipping-taxable","27":"purchasable","28":"product-type-simple"},"yoast_head":"<!-- This site is optimized with the Yoast SEO plugin v24.2 - https:\/\/yoast.com\/wordpress\/plugins\/seo\/ -->\n<title>Ziziphus jujuba &#039;Giuggiolo&#039; Chinese dadelboom of rode dadel, 3 liter pot kopen | Planten eenvoudig online bestellen | Schramas.com<\/title>\n<meta name=\"robots\" content=\"index, follow, max-snippet:-1, max-image-preview:large, max-video-preview:-1\" \/>\n<link rel=\"canonical\" href=\"https:\/\/www.schramas.com\/fr\/boutique\/ziziphus-jujuba-giuggiolo-dattier-chinois-ou-dattier-rouge-pot-de-7-litres\/\" \/>\n<meta property=\"og:locale\" content=\"fr_FR\" \/>\n<meta property=\"og:type\" content=\"article\" \/>\n<meta property=\"og:title\" content=\"Ziziphus jujuba &#039;Giuggiolo&#039; Chinese dadelboom of rode dadel, 3 liter pot kopen | Planten eenvoudig online bestellen | Schramas.com\" \/>\n<meta property=\"og:description\" content=\"Ziziphus jujuba &#039;Giuggiolo&#039;  Vrucht: jujube  Smaak: Zoet  Leverhoogte: ca. 40 cm  Hoogte boom: 400 tot 600 cm  Geschikt voor zowel patio\/binnenplaats als in volle grond\" \/>\n<meta property=\"og:url\" content=\"https:\/\/www.schramas.com\/fr\/boutique\/ziziphus-jujuba-giuggiolo-dattier-chinois-ou-dattier-rouge-pot-de-7-litres\/\" \/>\n<meta property=\"og:site_name\" content=\"Planten eenvoudig online bestellen | Schramas.com\" \/>\n<meta property=\"article:publisher\" content=\"https:\/\/www.facebook.com\/Schramascom-106872874153195\/\" \/>\n<meta property=\"article:modified_time\" content=\"2026-03-26T15:35:36+00:00\" \/>\n<meta property=\"og:image\" content=\"http:\/\/www.schramas.com\/wp-content\/uploads\/2023\/05\/Ziziphus-jujuba-Giuggiolo-7L.jpg\" \/>\n\t<meta property=\"og:image:width\" content=\"1600\" \/>\n\t<meta property=\"og:image:height\" content=\"1600\" \/>\n\t<meta property=\"og:image:type\" content=\"image\/jpeg\" \/>\n<meta name=\"twitter:card\" content=\"summary_large_image\" \/>\n<meta name=\"twitter:label1\" content=\"Dur\u00e9e de lecture estim\u00e9e\" \/>\n\t<meta name=\"twitter:data1\" content=\"1 minute\" \/>\n<script type=\"application\/ld+json\" class=\"yoast-schema-graph\">{\"@context\":\"https:\/\/schema.org\",\"@graph\":[{\"@type\":[\"WebPage\",\"ItemPage\"],\"@id\":\"https:\/\/www.schramas.com\/winkel\/ziziphus-jujuba-giuggiolo-chinese-dadelboom-of-rode-dadel-7-liter-pot\/\",\"url\":\"https:\/\/www.schramas.com\/winkel\/ziziphus-jujuba-giuggiolo-chinese-dadelboom-of-rode-dadel-7-liter-pot\/\",\"name\":\"Ziziphus jujuba 'Giuggiolo' Chinese dadelboom of rode dadel, 3 liter pot kopen | Planten eenvoudig online bestellen | Schramas.com\",\"isPartOf\":{\"@id\":\"https:\/\/www.schramas.com\/#website\"},\"primaryImageOfPage\":{\"@id\":\"https:\/\/www.schramas.com\/winkel\/ziziphus-jujuba-giuggiolo-chinese-dadelboom-of-rode-dadel-7-liter-pot\/#primaryimage\"},\"image\":{\"@id\":\"https:\/\/www.schramas.com\/winkel\/ziziphus-jujuba-giuggiolo-chinese-dadelboom-of-rode-dadel-7-liter-pot\/#primaryimage\"},\"thumbnailUrl\":\"https:\/\/www.schramas.com\/wp-content\/uploads\/2023\/05\/Ziziphus-jujuba-Giuggiolo-7L.jpg\",\"datePublished\":\"2023-05-09T09:05:42+00:00\",\"dateModified\":\"2026-03-26T15:35:36+00:00\",\"breadcrumb\":{\"@id\":\"https:\/\/www.schramas.com\/winkel\/ziziphus-jujuba-giuggiolo-chinese-dadelboom-of-rode-dadel-7-liter-pot\/#breadcrumb\"},\"inLanguage\":\"fr-FR\",\"potentialAction\":[{\"@type\":\"ReadAction\",\"target\":[\"https:\/\/www.schramas.com\/winkel\/ziziphus-jujuba-giuggiolo-chinese-dadelboom-of-rode-dadel-7-liter-pot\/\"]}]},{\"@type\":\"ImageObject\",\"inLanguage\":\"fr-FR\",\"@id\":\"https:\/\/www.schramas.com\/winkel\/ziziphus-jujuba-giuggiolo-chinese-dadelboom-of-rode-dadel-7-liter-pot\/#primaryimage\",\"url\":\"https:\/\/www.schramas.com\/wp-content\/uploads\/2023\/05\/Ziziphus-jujuba-Giuggiolo-7L.jpg\",\"contentUrl\":\"https:\/\/www.schramas.com\/wp-content\/uploads\/2023\/05\/Ziziphus-jujuba-Giuggiolo-7L.jpg\",\"width\":1600,\"height\":1600},{\"@type\":\"BreadcrumbList\",\"@id\":\"https:\/\/www.schramas.com\/winkel\/ziziphus-jujuba-giuggiolo-chinese-dadelboom-of-rode-dadel-7-liter-pot\/#breadcrumb\",\"itemListElement\":[{\"@type\":\"ListItem\",\"position\":1,\"name\":\"Product\",\"item\":\"https:\/\/www.schramas.com\/assortiment\/\"},{\"@type\":\"ListItem\",\"position\":2,\"name\":\"Bomen &amp; Struiken\",\"item\":\"https:\/\/www.schramas.com\/product-category\/bomen-struiken\/\"},{\"@type\":\"ListItem\",\"position\":3,\"name\":\"Ziziphus jujuba &#8216;Giuggiolo&#8217; Chinese dadelboom of rode dadel, 3 liter pot\"}]},{\"@type\":\"WebSite\",\"@id\":\"https:\/\/www.schramas.com\/#website\",\"url\":\"https:\/\/www.schramas.com\/\",\"name\":\"Schramas.com | Tuinplanten eenvoudig online bestellen | Direct van onze Kwekerij\",\"description\":\"\",\"alternateName\":\"Schramas.com - Alle planten direct van de kweker\",\"potentialAction\":[{\"@type\":\"SearchAction\",\"target\":{\"@type\":\"EntryPoint\",\"urlTemplate\":\"https:\/\/www.schramas.com\/?s={search_term_string}\"},\"query-input\":{\"@type\":\"PropertyValueSpecification\",\"valueRequired\":true,\"valueName\":\"search_term_string\"}}],\"inLanguage\":\"fr-FR\"}]}<\/script>\n<!-- \/ Yoast SEO plugin. -->","yoast_head_json":{"title":"Ziziphus jujuba 'Giuggiolo' Dattier chinois ou dattier rouge, achat pot 3 litres | Plantes commande en ligne facile | Schramas.com","robots":{"index":"index","follow":"follow","max-snippet":"max-snippet:-1","max-image-preview":"max-image-preview:large","max-video-preview":"max-video-preview:-1"},"canonical":"https:\/\/www.schramas.com\/fr\/boutique\/ziziphus-jujuba-giuggiolo-dattier-chinois-ou-dattier-rouge-pot-de-7-litres\/","og_locale":"fr_FR","og_type":"article","og_title":"Ziziphus jujuba 'Giuggiolo' Chinese dadelboom of rode dadel, 3 liter pot kopen | Planten eenvoudig online bestellen | Schramas.com","og_description":"Ziziphus jujuba 'Giuggiolo'  Vrucht: jujube  Smaak: Zoet  Leverhoogte: ca. 40 cm  Hoogte boom: 400 tot 600 cm  Geschikt voor zowel patio\/binnenplaats als in volle grond","og_url":"https:\/\/www.schramas.com\/fr\/boutique\/ziziphus-jujuba-giuggiolo-dattier-chinois-ou-dattier-rouge-pot-de-7-litres\/","og_site_name":"Planten eenvoudig online bestellen | Schramas.com","article_publisher":"https:\/\/www.facebook.com\/Schramascom-106872874153195\/","article_modified_time":"2026-03-26T15:35:36+00:00","og_image":[{"width":1600,"height":1600,"url":"http:\/\/www.schramas.com\/wp-content\/uploads\/2023\/05\/Ziziphus-jujuba-Giuggiolo-7L.jpg","type":"image\/jpeg"}],"twitter_card":"summary_large_image","twitter_misc":{"Dur\u00e9e de lecture estim\u00e9e":"1 minute"},"schema":{"@context":"https:\/\/schema.org","@graph":[{"@type":["WebPage","ItemPage"],"@id":"https:\/\/www.schramas.com\/winkel\/ziziphus-jujuba-giuggiolo-chinese-dadelboom-of-rode-dadel-7-liter-pot\/","url":"https:\/\/www.schramas.com\/winkel\/ziziphus-jujuba-giuggiolo-chinese-dadelboom-of-rode-dadel-7-liter-pot\/","name":"Ziziphus jujuba 'Giuggiolo' Dattier chinois ou dattier rouge, achat pot 3 litres | Plantes commande en ligne facile | Schramas.com","isPartOf":{"@id":"https:\/\/www.schramas.com\/#website"},"primaryImageOfPage":{"@id":"https:\/\/www.schramas.com\/winkel\/ziziphus-jujuba-giuggiolo-chinese-dadelboom-of-rode-dadel-7-liter-pot\/#primaryimage"},"image":{"@id":"https:\/\/www.schramas.com\/winkel\/ziziphus-jujuba-giuggiolo-chinese-dadelboom-of-rode-dadel-7-liter-pot\/#primaryimage"},"thumbnailUrl":"https:\/\/www.schramas.com\/wp-content\/uploads\/2023\/05\/Ziziphus-jujuba-Giuggiolo-7L.jpg","datePublished":"2023-05-09T09:05:42+00:00","dateModified":"2026-03-26T15:35:36+00:00","breadcrumb":{"@id":"https:\/\/www.schramas.com\/winkel\/ziziphus-jujuba-giuggiolo-chinese-dadelboom-of-rode-dadel-7-liter-pot\/#breadcrumb"},"inLanguage":"fr-FR","potentialAction":[{"@type":"ReadAction","target":["https:\/\/www.schramas.com\/winkel\/ziziphus-jujuba-giuggiolo-chinese-dadelboom-of-rode-dadel-7-liter-pot\/"]}]},{"@type":"ImageObject","inLanguage":"fr-FR","@id":"https:\/\/www.schramas.com\/winkel\/ziziphus-jujuba-giuggiolo-chinese-dadelboom-of-rode-dadel-7-liter-pot\/#primaryimage","url":"https:\/\/www.schramas.com\/wp-content\/uploads\/2023\/05\/Ziziphus-jujuba-Giuggiolo-7L.jpg","contentUrl":"https:\/\/www.schramas.com\/wp-content\/uploads\/2023\/05\/Ziziphus-jujuba-Giuggiolo-7L.jpg","width":1600,"height":1600},{"@type":"BreadcrumbList","@id":"https:\/\/www.schramas.com\/winkel\/ziziphus-jujuba-giuggiolo-chinese-dadelboom-of-rode-dadel-7-liter-pot\/#breadcrumb","itemListElement":[{"@type":"ListItem","position":1,"name":"Product","item":"https:\/\/www.schramas.com\/assortiment\/"},{"@type":"ListItem","position":2,"name":"Bomen &amp; Struiken","item":"https:\/\/www.schramas.com\/product-category\/bomen-struiken\/"},{"@type":"ListItem","position":3,"name":"Ziziphus jujuba &#8216;Giuggiolo&#8217; Chinese dadelboom of rode dadel, 3 liter pot"}]},{"@type":"WebSite","@id":"https:\/\/www.schramas.com\/#website","url":"https:\/\/www.schramas.com\/","name":"Schramas.com | Plantes de jardin faciles \u00e0 commander en ligne | En direct de notre p\u00e9pini\u00e8re","description":"","alternateName":"Schramas.com - Alle planten direct van de kweker","potentialAction":[{"@type":"SearchAction","target":{"@type":"EntryPoint","urlTemplate":"https:\/\/www.schramas.com\/?s={search_term_string}"},"query-input":{"@type":"PropertyValueSpecification","valueRequired":true,"valueName":"search_term_string"}}],"inLanguage":"fr-FR"}]}},"_links":{"self":[{"href":"https:\/\/www.schramas.com\/fr\/wp-json\/wp\/v2\/product\/25423","targetHints":{"allow":["GET"]}}],"collection":[{"href":"https:\/\/www.schramas.com\/fr\/wp-json\/wp\/v2\/product"}],"about":[{"href":"https:\/\/www.schramas.com\/fr\/wp-json\/wp\/v2\/types\/product"}],"version-history":[{"count":2,"href":"https:\/\/www.schramas.com\/fr\/wp-json\/wp\/v2\/product\/25423\/revisions"}],"predecessor-version":[{"id":39521,"href":"https:\/\/www.schramas.com\/fr\/wp-json\/wp\/v2\/product\/25423\/revisions\/39521"}],"wp:featuredmedia":[{"embeddable":true,"href":"https:\/\/www.schramas.com\/fr\/wp-json\/wp\/v2\/media\/25424"}],"wp:attachment":[{"href":"https:\/\/www.schramas.com\/fr\/wp-json\/wp\/v2\/media?parent=25423"}],"wp:term":[{"taxonomy":"product_brand","embeddable":true,"href":"https:\/\/www.schramas.com\/fr\/wp-json\/wp\/v2\/product_brand?post=25423"},{"taxonomy":"product_cat","embeddable":true,"href":"https:\/\/www.schramas.com\/fr\/wp-json\/wp\/v2\/product_cat?post=25423"},{"taxonomy":"product_tag","embeddable":true,"href":"https:\/\/www.schramas.com\/fr\/wp-json\/wp\/v2\/product_tag?post=25423"}],"curies":[{"name":"wp","href":"https:\/\/api.w.org\/{rel}","templated":true}]}}