{"id":25684,"date":"2023-05-17T15:40:55","date_gmt":"2023-05-17T13:40:55","guid":{"rendered":"https:\/\/www.schramas.com\/?post_type=product&#038;p=25684"},"modified":"2026-03-26T16:35:37","modified_gmt":"2026-03-26T15:35:37","slug":"couleurs-dete-melange-de-semences-6-especes-camomille-veritable-oeillet-dinde-melange-de-marguerites-melange-de-violettes-melange-de-portulac-melange-de-liseron-grimpant","status":"publish","type":"product","link":"https:\/\/www.schramas.com\/fr\/boutique\/couleurs-dete-melange-de-semences-6-especes-camomille-veritable-oeillet-dinde-melange-de-marguerites-melange-de-violettes-melange-de-portulac-melange-de-liseron-grimpant\/","title":{"rendered":"M\u00e9lange de couleurs d'\u00e9t\u00e9 - 6 esp\u00e8ces - Camomille commune, m\u00e9lange d'\u0153illets de jardin, marguerites, m\u00e9lange de violettes, m\u00e9lange de portulac, m\u00e9lange de lianes grimpantes"},"content":{"rendered":"<p>Apportez une touche color\u00e9e et vibrante \u00e0 votre jardin avec notre pack de graines Summer Colours Mix. Ce pack contient une s\u00e9lection de 6 magnifiques vari\u00e9t\u00e9s de fleurs qui offrent une floraison spectaculaire tout au long de la saison estivale. Chaque vari\u00e9t\u00e9 apporte ses propres couleurs et formes uniques, donnant \u00e0 votre jardin un aspect enchanteur et vibrant.<\/p>\n<p>Les graines contenues dans ce paquet sont les suivantes :<\/p>\n<ul>\n<li>Camomille v\u00e9ritable : Profitez des charmantes fleurs blanches et de l'ar\u00f4me d\u00e9licieux de la camomille v\u00e9ritable. Ces fleurs sont parfaites pour cr\u00e9er une atmosph\u00e8re apaisante dans votre jardin.<\/li>\n<li>M\u00e9lange d'\u0153illets de jardin : Faites fleurir votre jardin avec ce m\u00e9lange color\u00e9 d'\u0153illets de jardin. Avec leurs couleurs vari\u00e9es et leurs magnifiques p\u00e9tales, ils constituent un ajout vibrant et parfum\u00e9 \u00e0 votre jardin.<\/li>\n<li>Marguerites : Ajoutez une touche d'espi\u00e8glerie \u00e0 votre jardin avec les jolies marguerites. Avec leurs p\u00e9tales blancs et leur c\u0153ur jaune, elles apportent une touche de gaiet\u00e9 et attirent les papillons et les abeilles.<\/li>\n<li>M\u00e9lange de pens\u00e9es : Faites briller votre jardin avec les magnifiques couleurs du m\u00e9lange de pens\u00e9es. Ces fleurs sont id\u00e9ales pour \u00e9gayer les bordures, les pots et les jardini\u00e8res gr\u00e2ce \u00e0 leur floraison vibrante et accrocheuse.<\/li>\n<li>M\u00e9lange Portulak : Ajoutez une touche d'exotisme \u00e0 votre jardin avec le m\u00e9lange Portulak. Ces fleurs ont des p\u00e9tales aux couleurs vives et se plaisent dans les endroits ensoleill\u00e9s, ce qui les rend parfaites pour un jardin d'\u00e9t\u00e9.<\/li>\n<li>M\u00e9lange Climbing Finn : Cr\u00e9ez une toile de fond enchanteresse avec le m\u00e9lange Climbing Finn. Ces magnifiques fleurs grimpent et couvrent murs, cl\u00f4tures et pergolas de leurs fleurs color\u00e9es et de leur feuillage vert.<\/li>\n<li><\/li>\n<li>\n<ol>\n<li>Camomille commune : environ 50-75 graines<\/li>\n<li>M\u00e9lange d'\u0153illets d'Inde : environ 75-100 graines<\/li>\n<li>Marguerites : environ 100-125 graines<\/li>\n<li>M\u00e9lange de violettes : environ 50-75 graines<\/li>\n<li>M\u00e9lange Portulak : environ 100-125 graines<\/li>\n<li>M\u00e9lange finlandais grimpant : environ 10-15 graines<\/li>\n<\/ol>\n<p>Il s'agit d'estimations et la quantit\u00e9 r\u00e9elle de graines peut varier en fonction de la taille et du poids des graines.<\/li>\n<\/ul>\n<p>Apportez la beaut\u00e9 et la joie de l'\u00e9t\u00e9 dans votre jardin avec notre m\u00e9lange de graines Summer Colours Mix. Que vous soyez un jardinier exp\u00e9riment\u00e9 ou un d\u00e9butant, ce m\u00e9lange de fleurs transformera votre jardin en un paradis vibrant et color\u00e9. Commandez maintenant et profitez des magnifiques fleurs qui donneront vie \u00e0 votre jardin !<\/p>","protected":false},"excerpt":{"rendered":"<p>M\u00e9lange de couleurs d'\u00e9t\u00e9 paquet de semences<\/p>\n<p>6 types<\/p>\n<p>Semences italiennes<\/p>","protected":false},"featured_media":25685,"template":"","meta":{"_joinchat":[]},"product_brand":[],"product_cat":[1054,867,1051],"product_tag":[870,1065,1066],"class_list":{"0":"post-25684","1":"product","2":"type-product","3":"status-publish","4":"has-post-thumbnail","6":"product_cat-bloemen","7":"product_cat-pakket-deals","8":"product_cat-zaden","9":"product_tag-pakket","10":"product_tag-zaad","11":"product_tag-zaden","13":"first","14":"instock","15":"taxable","16":"shipping-taxable","17":"purchasable","18":"product-type-simple"},"yoast_head":"<!-- This site is optimized with the Yoast SEO plugin v24.2 - https:\/\/yoast.com\/wordpress\/plugins\/seo\/ -->\n<title>Zomerse kleuren mix-zaadpakket - 6 Soorten - Echte Kamille, Tuinanjer mix, Madeliefjes, Violen mix, Portulak mix, Klimmende Winde mix kopen | Planten eenvoudig online bestellen | Schramas.com<\/title>\n<meta name=\"robots\" content=\"index, follow, max-snippet:-1, max-image-preview:large, max-video-preview:-1\" \/>\n<link rel=\"canonical\" href=\"https:\/\/www.schramas.com\/fr\/boutique\/couleurs-dete-melange-de-semences-6-especes-camomille-veritable-oeillet-dinde-melange-de-marguerites-melange-de-violettes-melange-de-portulac-melange-de-liseron-grimpant\/\" \/>\n<meta property=\"og:locale\" content=\"fr_FR\" \/>\n<meta property=\"og:type\" content=\"article\" \/>\n<meta property=\"og:title\" content=\"Zomerse kleuren mix-zaadpakket - 6 Soorten - Echte Kamille, Tuinanjer mix, Madeliefjes, Violen mix, Portulak mix, Klimmende Winde mix kopen | Planten eenvoudig online bestellen | Schramas.com\" \/>\n<meta property=\"og:description\" content=\"Zomerse kleuren mix-zaadpakket  6 soorten  Italiaans zaad\" \/>\n<meta property=\"og:url\" content=\"https:\/\/www.schramas.com\/fr\/boutique\/couleurs-dete-melange-de-semences-6-especes-camomille-veritable-oeillet-dinde-melange-de-marguerites-melange-de-violettes-melange-de-portulac-melange-de-liseron-grimpant\/\" \/>\n<meta property=\"og:site_name\" content=\"Planten eenvoudig online bestellen | Schramas.com\" \/>\n<meta property=\"article:publisher\" content=\"https:\/\/www.facebook.com\/Schramascom-106872874153195\/\" \/>\n<meta property=\"article:modified_time\" content=\"2026-03-26T15:35:37+00:00\" \/>\n<meta property=\"og:image\" content=\"https:\/\/www.schramas.com\/wp-content\/uploads\/2023\/05\/Zomerse-kleuren-mix-zaadpakket.jpg\" \/>\n\t<meta property=\"og:image:width\" content=\"1600\" \/>\n\t<meta property=\"og:image:height\" content=\"1600\" \/>\n\t<meta property=\"og:image:type\" content=\"image\/jpeg\" \/>\n<meta name=\"twitter:card\" content=\"summary_large_image\" \/>\n<meta name=\"twitter:label1\" content=\"Dur\u00e9e de lecture estim\u00e9e\" \/>\n\t<meta name=\"twitter:data1\" content=\"2 minutes\" \/>\n<script type=\"application\/ld+json\" class=\"yoast-schema-graph\">{\"@context\":\"https:\/\/schema.org\",\"@graph\":[{\"@type\":[\"WebPage\",\"ItemPage\"],\"@id\":\"https:\/\/www.schramas.com\/winkel\/zomerse-kleuren-mix-zaadpakket-6-soorten-echte-kamille-tuinanjer-mix-madeliefjes-violen-mix-portulak-mix-klimmende-winde-mix\/\",\"url\":\"https:\/\/www.schramas.com\/winkel\/zomerse-kleuren-mix-zaadpakket-6-soorten-echte-kamille-tuinanjer-mix-madeliefjes-violen-mix-portulak-mix-klimmende-winde-mix\/\",\"name\":\"Zomerse kleuren mix-zaadpakket - 6 Soorten - Echte Kamille, Tuinanjer mix, Madeliefjes, Violen mix, Portulak mix, Klimmende Winde mix kopen | Planten eenvoudig online bestellen | Schramas.com\",\"isPartOf\":{\"@id\":\"https:\/\/www.schramas.com\/#website\"},\"primaryImageOfPage\":{\"@id\":\"https:\/\/www.schramas.com\/winkel\/zomerse-kleuren-mix-zaadpakket-6-soorten-echte-kamille-tuinanjer-mix-madeliefjes-violen-mix-portulak-mix-klimmende-winde-mix\/#primaryimage\"},\"image\":{\"@id\":\"https:\/\/www.schramas.com\/winkel\/zomerse-kleuren-mix-zaadpakket-6-soorten-echte-kamille-tuinanjer-mix-madeliefjes-violen-mix-portulak-mix-klimmende-winde-mix\/#primaryimage\"},\"thumbnailUrl\":\"https:\/\/www.schramas.com\/wp-content\/uploads\/2023\/05\/Zomerse-kleuren-mix-zaadpakket.jpg\",\"datePublished\":\"2023-05-17T13:40:55+00:00\",\"dateModified\":\"2026-03-26T15:35:37+00:00\",\"breadcrumb\":{\"@id\":\"https:\/\/www.schramas.com\/winkel\/zomerse-kleuren-mix-zaadpakket-6-soorten-echte-kamille-tuinanjer-mix-madeliefjes-violen-mix-portulak-mix-klimmende-winde-mix\/#breadcrumb\"},\"inLanguage\":\"fr-FR\",\"potentialAction\":[{\"@type\":\"ReadAction\",\"target\":[\"https:\/\/www.schramas.com\/winkel\/zomerse-kleuren-mix-zaadpakket-6-soorten-echte-kamille-tuinanjer-mix-madeliefjes-violen-mix-portulak-mix-klimmende-winde-mix\/\"]}]},{\"@type\":\"ImageObject\",\"inLanguage\":\"fr-FR\",\"@id\":\"https:\/\/www.schramas.com\/winkel\/zomerse-kleuren-mix-zaadpakket-6-soorten-echte-kamille-tuinanjer-mix-madeliefjes-violen-mix-portulak-mix-klimmende-winde-mix\/#primaryimage\",\"url\":\"https:\/\/www.schramas.com\/wp-content\/uploads\/2023\/05\/Zomerse-kleuren-mix-zaadpakket.jpg\",\"contentUrl\":\"https:\/\/www.schramas.com\/wp-content\/uploads\/2023\/05\/Zomerse-kleuren-mix-zaadpakket.jpg\",\"width\":1600,\"height\":1600},{\"@type\":\"BreadcrumbList\",\"@id\":\"https:\/\/www.schramas.com\/winkel\/zomerse-kleuren-mix-zaadpakket-6-soorten-echte-kamille-tuinanjer-mix-madeliefjes-violen-mix-portulak-mix-klimmende-winde-mix\/#breadcrumb\",\"itemListElement\":[{\"@type\":\"ListItem\",\"position\":1,\"name\":\"Product\",\"item\":\"https:\/\/www.schramas.com\/assortiment\/\"},{\"@type\":\"ListItem\",\"position\":2,\"name\":\"Zaden\",\"item\":\"https:\/\/www.schramas.com\/product-category\/zaden\/\"},{\"@type\":\"ListItem\",\"position\":3,\"name\":\"Zomerse kleuren mix-zaadpakket &#8211; 6 Soorten &#8211; Echte Kamille, Tuinanjer mix, Madeliefjes, Violen mix, Portulak mix, Klimmende Winde mix\"}]},{\"@type\":\"WebSite\",\"@id\":\"https:\/\/www.schramas.com\/#website\",\"url\":\"https:\/\/www.schramas.com\/\",\"name\":\"Schramas.com | Tuinplanten eenvoudig online bestellen | Direct van onze Kwekerij\",\"description\":\"\",\"alternateName\":\"Schramas.com - Alle planten direct van de kweker\",\"potentialAction\":[{\"@type\":\"SearchAction\",\"target\":{\"@type\":\"EntryPoint\",\"urlTemplate\":\"https:\/\/www.schramas.com\/?s={search_term_string}\"},\"query-input\":{\"@type\":\"PropertyValueSpecification\",\"valueRequired\":true,\"valueName\":\"search_term_string\"}}],\"inLanguage\":\"fr-FR\"}]}<\/script>\n<!-- \/ Yoast SEO plugin. -->","yoast_head_json":{"title":"M\u00e9lange de graines pour couleurs d'\u00e9t\u00e9 - 6 esp\u00e8ces - Camomille commune, M\u00e9lange d'\u0153illets de jardin, M\u00e9lange de marguerites, M\u00e9lange de violettes, M\u00e9lange de portulac, M\u00e9lange de vent grimpant acheter | Plantes faciles \u00e0 commander en ligne | Schramas.com","robots":{"index":"index","follow":"follow","max-snippet":"max-snippet:-1","max-image-preview":"max-image-preview:large","max-video-preview":"max-video-preview:-1"},"canonical":"https:\/\/www.schramas.com\/fr\/boutique\/couleurs-dete-melange-de-semences-6-especes-camomille-veritable-oeillet-dinde-melange-de-marguerites-melange-de-violettes-melange-de-portulac-melange-de-liseron-grimpant\/","og_locale":"fr_FR","og_type":"article","og_title":"Zomerse kleuren mix-zaadpakket - 6 Soorten - Echte Kamille, Tuinanjer mix, Madeliefjes, Violen mix, Portulak mix, Klimmende Winde mix kopen | Planten eenvoudig online bestellen | Schramas.com","og_description":"Zomerse kleuren mix-zaadpakket  6 soorten  Italiaans zaad","og_url":"https:\/\/www.schramas.com\/fr\/boutique\/couleurs-dete-melange-de-semences-6-especes-camomille-veritable-oeillet-dinde-melange-de-marguerites-melange-de-violettes-melange-de-portulac-melange-de-liseron-grimpant\/","og_site_name":"Planten eenvoudig online bestellen | Schramas.com","article_publisher":"https:\/\/www.facebook.com\/Schramascom-106872874153195\/","article_modified_time":"2026-03-26T15:35:37+00:00","og_image":[{"width":1600,"height":1600,"url":"https:\/\/www.schramas.com\/wp-content\/uploads\/2023\/05\/Zomerse-kleuren-mix-zaadpakket.jpg","type":"image\/jpeg"}],"twitter_card":"summary_large_image","twitter_misc":{"Dur\u00e9e de lecture estim\u00e9e":"2 minutes"},"schema":{"@context":"https:\/\/schema.org","@graph":[{"@type":["WebPage","ItemPage"],"@id":"https:\/\/www.schramas.com\/winkel\/zomerse-kleuren-mix-zaadpakket-6-soorten-echte-kamille-tuinanjer-mix-madeliefjes-violen-mix-portulak-mix-klimmende-winde-mix\/","url":"https:\/\/www.schramas.com\/winkel\/zomerse-kleuren-mix-zaadpakket-6-soorten-echte-kamille-tuinanjer-mix-madeliefjes-violen-mix-portulak-mix-klimmende-winde-mix\/","name":"M\u00e9lange de graines pour couleurs d'\u00e9t\u00e9 - 6 esp\u00e8ces - Camomille commune, M\u00e9lange d'\u0153illets de jardin, M\u00e9lange de marguerites, M\u00e9lange de violettes, M\u00e9lange de portulac, M\u00e9lange de vent grimpant acheter | Plantes faciles \u00e0 commander en ligne | Schramas.com","isPartOf":{"@id":"https:\/\/www.schramas.com\/#website"},"primaryImageOfPage":{"@id":"https:\/\/www.schramas.com\/winkel\/zomerse-kleuren-mix-zaadpakket-6-soorten-echte-kamille-tuinanjer-mix-madeliefjes-violen-mix-portulak-mix-klimmende-winde-mix\/#primaryimage"},"image":{"@id":"https:\/\/www.schramas.com\/winkel\/zomerse-kleuren-mix-zaadpakket-6-soorten-echte-kamille-tuinanjer-mix-madeliefjes-violen-mix-portulak-mix-klimmende-winde-mix\/#primaryimage"},"thumbnailUrl":"https:\/\/www.schramas.com\/wp-content\/uploads\/2023\/05\/Zomerse-kleuren-mix-zaadpakket.jpg","datePublished":"2023-05-17T13:40:55+00:00","dateModified":"2026-03-26T15:35:37+00:00","breadcrumb":{"@id":"https:\/\/www.schramas.com\/winkel\/zomerse-kleuren-mix-zaadpakket-6-soorten-echte-kamille-tuinanjer-mix-madeliefjes-violen-mix-portulak-mix-klimmende-winde-mix\/#breadcrumb"},"inLanguage":"fr-FR","potentialAction":[{"@type":"ReadAction","target":["https:\/\/www.schramas.com\/winkel\/zomerse-kleuren-mix-zaadpakket-6-soorten-echte-kamille-tuinanjer-mix-madeliefjes-violen-mix-portulak-mix-klimmende-winde-mix\/"]}]},{"@type":"ImageObject","inLanguage":"fr-FR","@id":"https:\/\/www.schramas.com\/winkel\/zomerse-kleuren-mix-zaadpakket-6-soorten-echte-kamille-tuinanjer-mix-madeliefjes-violen-mix-portulak-mix-klimmende-winde-mix\/#primaryimage","url":"https:\/\/www.schramas.com\/wp-content\/uploads\/2023\/05\/Zomerse-kleuren-mix-zaadpakket.jpg","contentUrl":"https:\/\/www.schramas.com\/wp-content\/uploads\/2023\/05\/Zomerse-kleuren-mix-zaadpakket.jpg","width":1600,"height":1600},{"@type":"BreadcrumbList","@id":"https:\/\/www.schramas.com\/winkel\/zomerse-kleuren-mix-zaadpakket-6-soorten-echte-kamille-tuinanjer-mix-madeliefjes-violen-mix-portulak-mix-klimmende-winde-mix\/#breadcrumb","itemListElement":[{"@type":"ListItem","position":1,"name":"Product","item":"https:\/\/www.schramas.com\/assortiment\/"},{"@type":"ListItem","position":2,"name":"Zaden","item":"https:\/\/www.schramas.com\/product-category\/zaden\/"},{"@type":"ListItem","position":3,"name":"Zomerse kleuren mix-zaadpakket &#8211; 6 Soorten &#8211; Echte Kamille, Tuinanjer mix, Madeliefjes, Violen mix, Portulak mix, Klimmende Winde mix"}]},{"@type":"WebSite","@id":"https:\/\/www.schramas.com\/#website","url":"https:\/\/www.schramas.com\/","name":"Schramas.com | Plantes de jardin faciles \u00e0 commander en ligne | En direct de notre p\u00e9pini\u00e8re","description":"","alternateName":"Schramas.com - Alle planten direct van de kweker","potentialAction":[{"@type":"SearchAction","target":{"@type":"EntryPoint","urlTemplate":"https:\/\/www.schramas.com\/?s={search_term_string}"},"query-input":{"@type":"PropertyValueSpecification","valueRequired":true,"valueName":"search_term_string"}}],"inLanguage":"fr-FR"}]}},"_links":{"self":[{"href":"https:\/\/www.schramas.com\/fr\/wp-json\/wp\/v2\/product\/25684","targetHints":{"allow":["GET"]}}],"collection":[{"href":"https:\/\/www.schramas.com\/fr\/wp-json\/wp\/v2\/product"}],"about":[{"href":"https:\/\/www.schramas.com\/fr\/wp-json\/wp\/v2\/types\/product"}],"version-history":[{"count":0,"href":"https:\/\/www.schramas.com\/fr\/wp-json\/wp\/v2\/product\/25684\/revisions"}],"wp:featuredmedia":[{"embeddable":true,"href":"https:\/\/www.schramas.com\/fr\/wp-json\/wp\/v2\/media\/25685"}],"wp:attachment":[{"href":"https:\/\/www.schramas.com\/fr\/wp-json\/wp\/v2\/media?parent=25684"}],"wp:term":[{"taxonomy":"product_brand","embeddable":true,"href":"https:\/\/www.schramas.com\/fr\/wp-json\/wp\/v2\/product_brand?post=25684"},{"taxonomy":"product_cat","embeddable":true,"href":"https:\/\/www.schramas.com\/fr\/wp-json\/wp\/v2\/product_cat?post=25684"},{"taxonomy":"product_tag","embeddable":true,"href":"https:\/\/www.schramas.com\/fr\/wp-json\/wp\/v2\/product_tag?post=25684"}],"curies":[{"name":"wp","href":"https:\/\/api.w.org\/{rel}","templated":true}]}}