{"id":25831,"date":"2023-05-23T11:08:59","date_gmt":"2023-05-23T09:08:59","guid":{"rendered":"https:\/\/www.schramas.com\/?post_type=product&#038;p=25831"},"modified":"2026-04-27T19:09:50","modified_gmt":"2026-04-27T17:09:50","slug":"pyrus-communis-gieser-ragout-dhomme-sauvage-poire-poirier-pot-de-5-litres","status":"publish","type":"product","link":"https:\/\/www.schramas.com\/fr\/boutique\/pyrus-communis-gieser-ragout-dhomme-sauvage-poire-poirier-pot-de-5-litres\/","title":{"rendered":"Pyrus communis 'Gieser Wildeman' Poirier \u00e0 rago\u00fbt, pot de 5 litres"},"content":{"rendered":"<p>D\u00e9couvrez la poire rago\u00fbt &#039;Gieser Wildeman&#039; dans notre pot de 5 litres. Ce poirier du Pyrus c. La vari\u00e9t\u00e9 Gieser Wildeman a \u00e9t\u00e9 sp\u00e9cialement s\u00e9lectionn\u00e9e pour pr\u00e9parer de d\u00e9licieuses compotes de poires cuites en rouge. Avec cette vari\u00e9t\u00e9 de poire \u00e0 rago\u00fbt couramment utilis\u00e9e, associ\u00e9e au poirier Saint R\u00e9my, vous apportez de savoureuses variations \u00e0 table sans avoir besoin de vin ni de colorants.<\/p>\n<p>La poire compot\u00e9e \u00abGieser Wildeman\u00bb a une forme caract\u00e9ristique et une petite taille. Les poires ont une couleur brun rouille sur fond vert-jaune et sont naturellement sucr\u00e9es. Cette douceur est si prononc\u00e9e que l\u2019ajout de sucre est pratiquement inutile.<\/p>\n<p>Le Pyrus communis &#039;Gieser Wildeman&#039; est autogame, ce qui signifie qu&#039;il est capable de produire des fruits sans pollinisateur. Pourtant, l&#039;exp\u00e9rience montre que la pollinisation crois\u00e9e avec une autre vari\u00e9t\u00e9 stimule l&#039;arbre et augmente le rendement.<\/p>\n<p>La p\u00e9riode de floraison du poirier &#039;Gieser Wildeman&#039; se situe en avril\/mai, lorsque de belles fleurs blanches ornent l&#039;arbre. Les fruits sont m\u00fbrs pour la cueillette en octobre, apr\u00e8s quoi vous pourrez profiter des possibilit\u00e9s culinaires.<\/p>\n<p>Le poirier \u00e0 rago\u00fbt &#039;Gieser Wildeman&#039; se sent mieux dans une position ensoleill\u00e9e \u00e0 mi-ombrag\u00e9e. Plus il y a de soleil, plus les poires seront juteuses. Cet arbre prosp\u00e8re dans divers sols de jardin, \u00e0 condition qu&#039;ils soient normalement drain\u00e9s.<\/p>","protected":false},"excerpt":{"rendered":"<p>Pyrus communis &#039;Gieser Wildeman&#039;<\/p>\n<p>Go\u00fbt : doux<\/p>\n<p>Hauteur maximale : 3 \u00e0 5 m\u00e8tres selon la taille et le type de porte-greffe.<\/p>\n<p>Convient aussi bien pour les terrasses que pour les terrains en plein air<\/p>\n<p>Autof\u00e9condation.<\/p>\n<p>Hauteur de livraison avec pot : +\/_100 cm<\/p>\n<p>Taille du pot : 5 litres.<\/p>","protected":false},"featured_media":25835,"template":"","meta":{"_joinchat":[]},"product_brand":[],"product_cat":[25],"product_tag":[590,572,351,316,328],"class_list":{"0":"post-25831","1":"product","2":"type-product","3":"status-publish","4":"has-post-thumbnail","6":"product_cat-pears","7":"product_tag-lang-houdbaar","8":"product_tag-peer","9":"product_tag-winterhard","10":"product_tag-zelfbestuivend","11":"product_tag-zoet","12":"pa_bloeimaanden-maart","13":"pa_bloeimaanden-april","14":"pa_ewd_uwcf_colors-groen-2","15":"pa_groeihoogte-300-cm","16":"pa_pot-met-pot","18":"first","19":"outofstock","20":"taxable","21":"shipping-taxable","22":"purchasable","23":"product-type-simple"},"yoast_head":"<!-- This site is optimized with the Yoast SEO plugin v24.2 - https:\/\/yoast.com\/wordpress\/plugins\/seo\/ -->\n<title>Pyrus communis &#039;Gieser Wildeman&#039; Stoofpeer- Perenboom, 5 liter pot kopen | Planten eenvoudig online bestellen | Schramas.com<\/title>\n<meta name=\"robots\" content=\"index, follow, max-snippet:-1, max-image-preview:large, max-video-preview:-1\" \/>\n<link rel=\"canonical\" href=\"https:\/\/www.schramas.com\/fr\/boutique\/pyrus-communis-gieser-ragout-dhomme-sauvage-poire-poirier-pot-de-5-litres\/\" \/>\n<meta property=\"og:locale\" content=\"fr_FR\" \/>\n<meta property=\"og:type\" content=\"article\" \/>\n<meta property=\"og:title\" content=\"Pyrus communis &#039;Gieser Wildeman&#039; Stoofpeer- Perenboom, 5 liter pot kopen | Planten eenvoudig online bestellen | Schramas.com\" \/>\n<meta property=\"og:description\" content=\"Pyrus communis &#039;Gieser Wildeman&#039;  Smaak: zoet  Hoogte max : 3- 5 meter afhankelijk van snoei en type onderstam.  Geschikt voor zowel patio als volle grond  Zelf bestuivend.  Leverhoogte incl. pot: +\/_100 cm  Pot maat: 5 liter.\" \/>\n<meta property=\"og:url\" content=\"https:\/\/www.schramas.com\/fr\/boutique\/pyrus-communis-gieser-ragout-dhomme-sauvage-poire-poirier-pot-de-5-litres\/\" \/>\n<meta property=\"og:site_name\" content=\"Planten eenvoudig online bestellen | Schramas.com\" \/>\n<meta property=\"article:publisher\" content=\"https:\/\/www.facebook.com\/Schramascom-106872874153195\/\" \/>\n<meta property=\"article:modified_time\" content=\"2026-04-27T17:09:50+00:00\" \/>\n<meta property=\"og:image\" content=\"http:\/\/www.schramas.com\/wp-content\/uploads\/2023\/05\/Pyrus-c.-Gieser-Wildeman.jpg\" \/>\n\t<meta property=\"og:image:width\" content=\"1600\" \/>\n\t<meta property=\"og:image:height\" content=\"1600\" \/>\n\t<meta property=\"og:image:type\" content=\"image\/jpeg\" \/>\n<meta name=\"twitter:card\" content=\"summary_large_image\" \/>\n<meta name=\"twitter:label1\" content=\"Dur\u00e9e de lecture estim\u00e9e\" \/>\n\t<meta name=\"twitter:data1\" content=\"1 minute\" \/>\n<script type=\"application\/ld+json\" class=\"yoast-schema-graph\">{\"@context\":\"https:\/\/schema.org\",\"@graph\":[{\"@type\":[\"WebPage\",\"ItemPage\"],\"@id\":\"https:\/\/www.schramas.com\/winkel\/pyrus-communis-gieser-wildeman-stoofpeer-perenboom-5-liter-pot\/\",\"url\":\"https:\/\/www.schramas.com\/winkel\/pyrus-communis-gieser-wildeman-stoofpeer-perenboom-5-liter-pot\/\",\"name\":\"Pyrus communis 'Gieser Wildeman' Stoofpeer- Perenboom, 5 liter pot kopen | Planten eenvoudig online bestellen | Schramas.com\",\"isPartOf\":{\"@id\":\"https:\/\/www.schramas.com\/#website\"},\"primaryImageOfPage\":{\"@id\":\"https:\/\/www.schramas.com\/winkel\/pyrus-communis-gieser-wildeman-stoofpeer-perenboom-5-liter-pot\/#primaryimage\"},\"image\":{\"@id\":\"https:\/\/www.schramas.com\/winkel\/pyrus-communis-gieser-wildeman-stoofpeer-perenboom-5-liter-pot\/#primaryimage\"},\"thumbnailUrl\":\"https:\/\/www.schramas.com\/wp-content\/uploads\/2023\/05\/Pyrus-c.-Gieser-Wildeman.jpg\",\"datePublished\":\"2023-05-23T09:08:59+00:00\",\"dateModified\":\"2026-04-27T17:09:50+00:00\",\"breadcrumb\":{\"@id\":\"https:\/\/www.schramas.com\/winkel\/pyrus-communis-gieser-wildeman-stoofpeer-perenboom-5-liter-pot\/#breadcrumb\"},\"inLanguage\":\"fr-FR\",\"potentialAction\":[{\"@type\":\"ReadAction\",\"target\":[\"https:\/\/www.schramas.com\/winkel\/pyrus-communis-gieser-wildeman-stoofpeer-perenboom-5-liter-pot\/\"]}]},{\"@type\":\"ImageObject\",\"inLanguage\":\"fr-FR\",\"@id\":\"https:\/\/www.schramas.com\/winkel\/pyrus-communis-gieser-wildeman-stoofpeer-perenboom-5-liter-pot\/#primaryimage\",\"url\":\"https:\/\/www.schramas.com\/wp-content\/uploads\/2023\/05\/Pyrus-c.-Gieser-Wildeman.jpg\",\"contentUrl\":\"https:\/\/www.schramas.com\/wp-content\/uploads\/2023\/05\/Pyrus-c.-Gieser-Wildeman.jpg\",\"width\":1600,\"height\":1600},{\"@type\":\"BreadcrumbList\",\"@id\":\"https:\/\/www.schramas.com\/winkel\/pyrus-communis-gieser-wildeman-stoofpeer-perenboom-5-liter-pot\/#breadcrumb\",\"itemListElement\":[{\"@type\":\"ListItem\",\"position\":1,\"name\":\"Product\",\"item\":\"https:\/\/www.schramas.com\/assortiment\/\"},{\"@type\":\"ListItem\",\"position\":2,\"name\":\"Bomen &amp; Struiken\",\"item\":\"https:\/\/www.schramas.com\/product-category\/bomen-struiken\/\"},{\"@type\":\"ListItem\",\"position\":3,\"name\":\"Fruitbomen\",\"item\":\"https:\/\/www.schramas.com\/product-category\/bomen-struiken\/fruitbomen\/\"},{\"@type\":\"ListItem\",\"position\":4,\"name\":\"Peren\",\"item\":\"https:\/\/www.schramas.com\/product-category\/bomen-struiken\/fruitbomen\/pears\/\"},{\"@type\":\"ListItem\",\"position\":5,\"name\":\"Pyrus communis &#8216;Gieser Wildeman&#8217; Stoofpeer- Perenboom, 5 liter pot\"}]},{\"@type\":\"WebSite\",\"@id\":\"https:\/\/www.schramas.com\/#website\",\"url\":\"https:\/\/www.schramas.com\/\",\"name\":\"Schramas.com | Tuinplanten eenvoudig online bestellen | Direct van onze Kwekerij\",\"description\":\"\",\"alternateName\":\"Schramas.com - Alle planten direct van de kweker\",\"potentialAction\":[{\"@type\":\"SearchAction\",\"target\":{\"@type\":\"EntryPoint\",\"urlTemplate\":\"https:\/\/www.schramas.com\/?s={search_term_string}\"},\"query-input\":{\"@type\":\"PropertyValueSpecification\",\"valueRequired\":true,\"valueName\":\"search_term_string\"}}],\"inLanguage\":\"fr-FR\"}]}<\/script>\n<!-- \/ Yoast SEO plugin. -->","yoast_head_json":{"title":"Achetez Pyrus communis &#039;Gieser Wildeman&#039; Poire \u00e0 rago\u00fbt - Poirier, pot de 5 litres | Commandez facilement des plantes en ligne | Schramas.com","robots":{"index":"index","follow":"follow","max-snippet":"max-snippet:-1","max-image-preview":"max-image-preview:large","max-video-preview":"max-video-preview:-1"},"canonical":"https:\/\/www.schramas.com\/fr\/boutique\/pyrus-communis-gieser-ragout-dhomme-sauvage-poire-poirier-pot-de-5-litres\/","og_locale":"fr_FR","og_type":"article","og_title":"Pyrus communis 'Gieser Wildeman' Stoofpeer- Perenboom, 5 liter pot kopen | Planten eenvoudig online bestellen | Schramas.com","og_description":"Pyrus communis 'Gieser Wildeman'  Smaak: zoet  Hoogte max : 3- 5 meter afhankelijk van snoei en type onderstam.  Geschikt voor zowel patio als volle grond  Zelf bestuivend.  Leverhoogte incl. pot: +\/_100 cm  Pot maat: 5 liter.","og_url":"https:\/\/www.schramas.com\/fr\/boutique\/pyrus-communis-gieser-ragout-dhomme-sauvage-poire-poirier-pot-de-5-litres\/","og_site_name":"Planten eenvoudig online bestellen | Schramas.com","article_publisher":"https:\/\/www.facebook.com\/Schramascom-106872874153195\/","article_modified_time":"2026-04-27T17:09:50+00:00","og_image":[{"width":1600,"height":1600,"url":"http:\/\/www.schramas.com\/wp-content\/uploads\/2023\/05\/Pyrus-c.-Gieser-Wildeman.jpg","type":"image\/jpeg"}],"twitter_card":"summary_large_image","twitter_misc":{"Dur\u00e9e de lecture estim\u00e9e":"1 minute"},"schema":{"@context":"https:\/\/schema.org","@graph":[{"@type":["WebPage","ItemPage"],"@id":"https:\/\/www.schramas.com\/winkel\/pyrus-communis-gieser-wildeman-stoofpeer-perenboom-5-liter-pot\/","url":"https:\/\/www.schramas.com\/winkel\/pyrus-communis-gieser-wildeman-stoofpeer-perenboom-5-liter-pot\/","name":"Achetez Pyrus communis &#039;Gieser Wildeman&#039; Poire \u00e0 rago\u00fbt - Poirier, pot de 5 litres | Commandez facilement des plantes en ligne | Schramas.com","isPartOf":{"@id":"https:\/\/www.schramas.com\/#website"},"primaryImageOfPage":{"@id":"https:\/\/www.schramas.com\/winkel\/pyrus-communis-gieser-wildeman-stoofpeer-perenboom-5-liter-pot\/#primaryimage"},"image":{"@id":"https:\/\/www.schramas.com\/winkel\/pyrus-communis-gieser-wildeman-stoofpeer-perenboom-5-liter-pot\/#primaryimage"},"thumbnailUrl":"https:\/\/www.schramas.com\/wp-content\/uploads\/2023\/05\/Pyrus-c.-Gieser-Wildeman.jpg","datePublished":"2023-05-23T09:08:59+00:00","dateModified":"2026-04-27T17:09:50+00:00","breadcrumb":{"@id":"https:\/\/www.schramas.com\/winkel\/pyrus-communis-gieser-wildeman-stoofpeer-perenboom-5-liter-pot\/#breadcrumb"},"inLanguage":"fr-FR","potentialAction":[{"@type":"ReadAction","target":["https:\/\/www.schramas.com\/winkel\/pyrus-communis-gieser-wildeman-stoofpeer-perenboom-5-liter-pot\/"]}]},{"@type":"ImageObject","inLanguage":"fr-FR","@id":"https:\/\/www.schramas.com\/winkel\/pyrus-communis-gieser-wildeman-stoofpeer-perenboom-5-liter-pot\/#primaryimage","url":"https:\/\/www.schramas.com\/wp-content\/uploads\/2023\/05\/Pyrus-c.-Gieser-Wildeman.jpg","contentUrl":"https:\/\/www.schramas.com\/wp-content\/uploads\/2023\/05\/Pyrus-c.-Gieser-Wildeman.jpg","width":1600,"height":1600},{"@type":"BreadcrumbList","@id":"https:\/\/www.schramas.com\/winkel\/pyrus-communis-gieser-wildeman-stoofpeer-perenboom-5-liter-pot\/#breadcrumb","itemListElement":[{"@type":"ListItem","position":1,"name":"Product","item":"https:\/\/www.schramas.com\/assortiment\/"},{"@type":"ListItem","position":2,"name":"Bomen &amp; Struiken","item":"https:\/\/www.schramas.com\/product-category\/bomen-struiken\/"},{"@type":"ListItem","position":3,"name":"Fruitbomen","item":"https:\/\/www.schramas.com\/product-category\/bomen-struiken\/fruitbomen\/"},{"@type":"ListItem","position":4,"name":"Peren","item":"https:\/\/www.schramas.com\/product-category\/bomen-struiken\/fruitbomen\/pears\/"},{"@type":"ListItem","position":5,"name":"Pyrus communis &#8216;Gieser Wildeman&#8217; Stoofpeer- Perenboom, 5 liter pot"}]},{"@type":"WebSite","@id":"https:\/\/www.schramas.com\/#website","url":"https:\/\/www.schramas.com\/","name":"Schramas.com | Plantes de jardin faciles \u00e0 commander en ligne | En direct de notre p\u00e9pini\u00e8re","description":"","alternateName":"Schramas.com - Alle planten direct van de kweker","potentialAction":[{"@type":"SearchAction","target":{"@type":"EntryPoint","urlTemplate":"https:\/\/www.schramas.com\/?s={search_term_string}"},"query-input":{"@type":"PropertyValueSpecification","valueRequired":true,"valueName":"search_term_string"}}],"inLanguage":"fr-FR"}]}},"_links":{"self":[{"href":"https:\/\/www.schramas.com\/fr\/wp-json\/wp\/v2\/product\/25831","targetHints":{"allow":["GET"]}}],"collection":[{"href":"https:\/\/www.schramas.com\/fr\/wp-json\/wp\/v2\/product"}],"about":[{"href":"https:\/\/www.schramas.com\/fr\/wp-json\/wp\/v2\/types\/product"}],"version-history":[{"count":1,"href":"https:\/\/www.schramas.com\/fr\/wp-json\/wp\/v2\/product\/25831\/revisions"}],"predecessor-version":[{"id":48104,"href":"https:\/\/www.schramas.com\/fr\/wp-json\/wp\/v2\/product\/25831\/revisions\/48104"}],"wp:featuredmedia":[{"embeddable":true,"href":"https:\/\/www.schramas.com\/fr\/wp-json\/wp\/v2\/media\/25835"}],"wp:attachment":[{"href":"https:\/\/www.schramas.com\/fr\/wp-json\/wp\/v2\/media?parent=25831"}],"wp:term":[{"taxonomy":"product_brand","embeddable":true,"href":"https:\/\/www.schramas.com\/fr\/wp-json\/wp\/v2\/product_brand?post=25831"},{"taxonomy":"product_cat","embeddable":true,"href":"https:\/\/www.schramas.com\/fr\/wp-json\/wp\/v2\/product_cat?post=25831"},{"taxonomy":"product_tag","embeddable":true,"href":"https:\/\/www.schramas.com\/fr\/wp-json\/wp\/v2\/product_tag?post=25831"}],"curies":[{"name":"wp","href":"https:\/\/api.w.org\/{rel}","templated":true}]}}