{"id":26258,"date":"2023-06-13T15:41:13","date_gmt":"2023-06-13T13:41:13","guid":{"rendered":"https:\/\/www.schramas.com\/?post_type=product&#038;p=26258"},"modified":"2026-03-26T16:35:43","modified_gmt":"2026-03-26T15:35:43","slug":"lot-de-3-arbres-fruitiers-exotiques-1-abricot-1-peche-1-nectarine-hauteur-90cm-5-litres-pot-mix-b","status":"publish","type":"product","link":"https:\/\/www.schramas.com\/fr\/boutique\/lot-de-3-arbres-fruitiers-exotiques-1-abricot-1-peche-1-nectarine-hauteur-90cm-5-litres-pot-mix-b\/","title":{"rendered":"Lot de 3 arbres fruitiers exotiques - 1 Abricot, 1 P\u00eache, 1 Nectarine - Hauteur +90cm - Pot de 5 Litres - M\u00e9lange B"},"content":{"rendered":"<p><strong>Vari\u00e9t\u00e9 d'abricot : Prunus armeniaca 'Luizet' abricot<\/strong><\/p>\n<p>Prunus Armeniaca 'Luizet' est un abricotier aux gros fruits sucr\u00e9s d'un beau jaune orang\u00e9. Autogame et fertile, il fleurit un peu plus longtemps que les autres abricotiers, avec des fleurs \u00e9toil\u00e9es rose p\u00e2le. En raison de la floraison pr\u00e9coce de l'abricotier, il est conseill\u00e9 de prot\u00e9ger les fleurs des gel\u00e9es nocturnes et de planter l'arbre dans un endroit abrit\u00e9 et ensoleill\u00e9. Rustique, il tol\u00e8re la s\u00e9cheresse et attire les abeilles et les papillons.<\/p>\n<p>&nbsp;<\/p>\n<p><strong>Sp\u00e9cifications du produit<\/strong><\/p>\n<ul>\n<li>Prunus Armeniaca 'Luizet', abricot<\/li>\n<li>Abricot<\/li>\n<li>Go\u00fbt : fruits doux et juteux avec un ar\u00f4me fin<\/li>\n<li>P\u00e9riode de fructification : ao\u00fbt<\/li>\n<li>Couleur du fruit : orange, ovale et rond, l\u00e9g\u00e8rement poilu<\/li>\n<li>Hauteur maximale : environ 3 \u00e0 5 m en pleine terre, selon la taille et le porte-greffe.<\/li>\n<li>Autopollinisation<\/li>\n<li>Convient aussi bien pour les terrasses que pour les espaces verts (dans un endroit abrit\u00e9 et ensoleill\u00e9).<\/li>\n<\/ul>\n<p>&nbsp;<\/p>\n<p><strong>Vari\u00e9t\u00e9 de p\u00eache : Prunus persica 'Donut' p\u00eacher sauvage<\/strong><\/p>\n<p>La c\u00e9l\u00e8bre p\u00eache plate ou sauvage qui est \u00e9galement juteuse et sucr\u00e9e ! Ce p\u00eacher pousse \u00e9galement tr\u00e8s bien en Europe. Nous recommandons un emplacement chaud et abrit\u00e9 et de le prot\u00e9ger du gel la premi\u00e8re ann\u00e9e. La p\u00eache sauvage plate offre beaucoup de saveur et se conserve facilement pendant la d\u00e9gustation. Rien que pour la floraison, ce p\u00eacher est merveilleux \u00e0 avoir dans son jardin ! Le p\u00eacher fleurit tr\u00e8s t\u00f4t dans l'ann\u00e9e (f\u00e9vrier-mars) et il est alors important de prot\u00e9ger la fleur du gel.  Les p\u00eachers sont autogames et peuvent donc \u00eatre cultiv\u00e9s seuls.<\/p>\n<p>&nbsp;<\/p>\n<p><strong>Sp\u00e9cifications du produit<\/strong><\/p>\n<ul>\n<li>Prunus persica 'Donut'<\/li>\n<li>Donut flat ou p\u00eache sauvage<\/li>\n<li>Go\u00fbt : doux.<\/li>\n<li>Couleur du fruit : jaune rouge.<\/li>\n<li>Convient aussi bien pour les terrasses que pour les terrains en plein air.<\/li>\n<li>autopollinisation<\/li>\n<li>Prot\u00e9ger du gel la premi\u00e8re ann\u00e9e.<\/li>\n<\/ul>\n<p>&nbsp;<\/p>\n<p><strong>Vari\u00e9t\u00e9 de nectarine : Nectarine Prunus Persica &#039;Fire Top&#039;<\/strong><\/p>\n<p>La nectarine &#039;Fire Top&#039; est un fruit jaune savoureux qui m\u00fbrit \u00e0 mi-saison. Le nectarinier a une feuille moyennement forte et semi-\u00e9rig\u00e9e, avec une bonne autopollinisation. Il fleurit magnifiquement avec des fleurs en forme de rose peu sensibles aux gel\u00e9es hivernales. Le fruit est de taille moyenne, rond. La peau est lisse et a une couleur rouge fonc\u00e9 brillante \u00e0 violette. La chair est tr\u00e8s jaune, l\u00e9g\u00e8rement rouge\u00e2tre autour du noyau, ferme et juteuse, avec un go\u00fbt \u00e9pic\u00e9-aromatique et une acidit\u00e9 id\u00e9ale. Le noyau peut \u00eatre partiellement d\u00e9tach\u00e9 et les fruits peuvent \u00eatre bien conserv\u00e9s. La r\u00e9colte a lieu fin juillet et les rendements sont \u00e9lev\u00e9s et r\u00e9guliers, mais un \u00e9claircissage des fruits est souvent n\u00e9cessaire.<\/p>\n<p>&nbsp;<\/p>\n<p><strong>Sp\u00e9cifications du produit<\/strong><\/p>\n<ul>\n<li>Prunus Persica &#039;Fire Top&#039;<\/li>\n<li>Go\u00fbt\u00a0: go\u00fbt \u00e9pic\u00e9-aromatique et acidit\u00e9 id\u00e9ale<\/li>\n<li>Couleur du fruit : rouge \u00e0 violet avec fond orange<\/li>\n<li>Hauteur maximale : 4-5 m\u00e8tres<\/li>\n<li>Convient aussi bien pour terrasse que pour terrain d\u00e9couvert \u2013 abrit\u00e9 et ensoleill\u00e9<\/li>\n<li>Autopollinisation<\/li>\n<li><\/li>\n<\/ul>\n<p>&nbsp;<\/p>","protected":false},"excerpt":{"rendered":"<p>Vari\u00e9t\u00e9 d'abricot : Prunus armeniaca 'Luizet' abricot<\/p>\n<p>Vari\u00e9t\u00e9 de p\u00eache : Prunus persica 'Donut' p\u00eacher sauvage<\/p>\n<p>Vari\u00e9t\u00e9 de nectarine : Nectarine Prunus Persica &#039;Fire Top&#039;<\/p>\n<p>Hauteur de livraison avec pot : env.<\/p>\n<p>Taille du pot : 5 litres<\/p>\n<p>Convient aussi bien pour les terrasses que pour les terrains en plein air<\/p>","protected":false},"featured_media":26259,"template":"","meta":{"_joinchat":[]},"product_brand":[],"product_cat":[262,1011,233,2391,867],"product_tag":[309,973,938,1022,576],"class_list":{"0":"post-26258","1":"product","2":"type-product","3":"status-publish","4":"has-post-thumbnail","6":"product_cat-bomen-struiken","7":"product_cat-fruit-deals","8":"product_cat-fruitbomen","9":"product_cat-mediterrane-en-exotische-fruitplanten","10":"product_cat-pakket-deals","11":"product_tag-abrikoos","12":"product_tag-exotisch","13":"product_tag-fruitbomen-set","14":"product_tag-nectarine","15":"product_tag-perzik","17":"first","18":"outofstock","19":"taxable","20":"shipping-taxable","21":"purchasable","22":"product-type-simple"},"yoast_head":"<!-- This site is optimized with the Yoast SEO plugin v24.2 - https:\/\/yoast.com\/wordpress\/plugins\/seo\/ -->\n<title>Set van 3 Exotische fruitbomen - 1 Abrikoos, 1 Perzik, 1 Nectarine - Hoogte +90cm - 5 Liter pot - Mix B kopen | Planten eenvoudig online bestellen | Schramas.com<\/title>\n<meta name=\"robots\" content=\"index, follow, max-snippet:-1, max-image-preview:large, max-video-preview:-1\" \/>\n<link rel=\"canonical\" href=\"https:\/\/www.schramas.com\/fr\/boutique\/lot-de-3-arbres-fruitiers-exotiques-1-abricot-1-peche-1-nectarine-hauteur-90cm-5-litres-pot-mix-b\/\" \/>\n<meta property=\"og:locale\" content=\"fr_FR\" \/>\n<meta property=\"og:type\" content=\"article\" \/>\n<meta property=\"og:title\" content=\"Set van 3 Exotische fruitbomen - 1 Abrikoos, 1 Perzik, 1 Nectarine - Hoogte +90cm - 5 Liter pot - Mix B kopen | Planten eenvoudig online bestellen | Schramas.com\" \/>\n<meta property=\"og:description\" content=\"Abrikoos vari\u00ebteit: Prunus armeniaca &#039;Luizet&#039; abrikoos  Perzik vari\u00ebteit: Prunus persica &#039;Donut&#039; wilde perzikboom  Nectarine vari\u00ebteit: Prunus Persica \u2018Fire Top\u2019 nectarine  Leverhoogte incl. pot: ca. 90 cm  Potmaat: 5 liter  Geschikt voor zowel patio als volle grond\" \/>\n<meta property=\"og:url\" content=\"https:\/\/www.schramas.com\/fr\/boutique\/lot-de-3-arbres-fruitiers-exotiques-1-abricot-1-peche-1-nectarine-hauteur-90cm-5-litres-pot-mix-b\/\" \/>\n<meta property=\"og:site_name\" content=\"Planten eenvoudig online bestellen | Schramas.com\" \/>\n<meta property=\"article:publisher\" content=\"https:\/\/www.facebook.com\/Schramascom-106872874153195\/\" \/>\n<meta property=\"article:modified_time\" content=\"2026-03-26T15:35:43+00:00\" \/>\n<meta property=\"og:image\" content=\"http:\/\/www.schramas.com\/wp-content\/uploads\/2023\/06\/Pakketdeal-Exotische-fruitbomen-set-3-5L-B.jpg\" \/>\n\t<meta property=\"og:image:width\" content=\"1600\" \/>\n\t<meta property=\"og:image:height\" content=\"1600\" \/>\n\t<meta property=\"og:image:type\" content=\"image\/jpeg\" \/>\n<meta name=\"twitter:card\" content=\"summary_large_image\" \/>\n<meta name=\"twitter:label1\" content=\"Dur\u00e9e de lecture estim\u00e9e\" \/>\n\t<meta name=\"twitter:data1\" content=\"2 minutes\" \/>\n<script type=\"application\/ld+json\" class=\"yoast-schema-graph\">{\"@context\":\"https:\/\/schema.org\",\"@graph\":[{\"@type\":[\"WebPage\",\"ItemPage\"],\"@id\":\"https:\/\/www.schramas.com\/winkel\/set-van-3-exotische-fruitbomen-1-abrikoos-1-perzik-1-nectarine-hoogte-90cm-5-liter-pot-mix-b\/\",\"url\":\"https:\/\/www.schramas.com\/winkel\/set-van-3-exotische-fruitbomen-1-abrikoos-1-perzik-1-nectarine-hoogte-90cm-5-liter-pot-mix-b\/\",\"name\":\"Set van 3 Exotische fruitbomen - 1 Abrikoos, 1 Perzik, 1 Nectarine - Hoogte +90cm - 5 Liter pot - Mix B kopen | Planten eenvoudig online bestellen | Schramas.com\",\"isPartOf\":{\"@id\":\"https:\/\/www.schramas.com\/#website\"},\"primaryImageOfPage\":{\"@id\":\"https:\/\/www.schramas.com\/winkel\/set-van-3-exotische-fruitbomen-1-abrikoos-1-perzik-1-nectarine-hoogte-90cm-5-liter-pot-mix-b\/#primaryimage\"},\"image\":{\"@id\":\"https:\/\/www.schramas.com\/winkel\/set-van-3-exotische-fruitbomen-1-abrikoos-1-perzik-1-nectarine-hoogte-90cm-5-liter-pot-mix-b\/#primaryimage\"},\"thumbnailUrl\":\"https:\/\/www.schramas.com\/wp-content\/uploads\/2023\/06\/Pakketdeal-Exotische-fruitbomen-set-3-5L-B.jpg\",\"datePublished\":\"2023-06-13T13:41:13+00:00\",\"dateModified\":\"2026-03-26T15:35:43+00:00\",\"breadcrumb\":{\"@id\":\"https:\/\/www.schramas.com\/winkel\/set-van-3-exotische-fruitbomen-1-abrikoos-1-perzik-1-nectarine-hoogte-90cm-5-liter-pot-mix-b\/#breadcrumb\"},\"inLanguage\":\"fr-FR\",\"potentialAction\":[{\"@type\":\"ReadAction\",\"target\":[\"https:\/\/www.schramas.com\/winkel\/set-van-3-exotische-fruitbomen-1-abrikoos-1-perzik-1-nectarine-hoogte-90cm-5-liter-pot-mix-b\/\"]}]},{\"@type\":\"ImageObject\",\"inLanguage\":\"fr-FR\",\"@id\":\"https:\/\/www.schramas.com\/winkel\/set-van-3-exotische-fruitbomen-1-abrikoos-1-perzik-1-nectarine-hoogte-90cm-5-liter-pot-mix-b\/#primaryimage\",\"url\":\"https:\/\/www.schramas.com\/wp-content\/uploads\/2023\/06\/Pakketdeal-Exotische-fruitbomen-set-3-5L-B.jpg\",\"contentUrl\":\"https:\/\/www.schramas.com\/wp-content\/uploads\/2023\/06\/Pakketdeal-Exotische-fruitbomen-set-3-5L-B.jpg\",\"width\":1600,\"height\":1600},{\"@type\":\"BreadcrumbList\",\"@id\":\"https:\/\/www.schramas.com\/winkel\/set-van-3-exotische-fruitbomen-1-abrikoos-1-perzik-1-nectarine-hoogte-90cm-5-liter-pot-mix-b\/#breadcrumb\",\"itemListElement\":[{\"@type\":\"ListItem\",\"position\":1,\"name\":\"Product\",\"item\":\"https:\/\/www.schramas.com\/assortiment\/\"},{\"@type\":\"ListItem\",\"position\":2,\"name\":\"Bomen &amp; Struiken\",\"item\":\"https:\/\/www.schramas.com\/product-category\/bomen-struiken\/\"},{\"@type\":\"ListItem\",\"position\":3,\"name\":\"Specials\",\"item\":\"https:\/\/www.schramas.com\/product-category\/bomen-struiken\/specials\/\"},{\"@type\":\"ListItem\",\"position\":4,\"name\":\"Mediterrane en Exotische Fruitplanten\",\"item\":\"https:\/\/www.schramas.com\/product-category\/bomen-struiken\/specials\/mediterrane-en-exotische-fruitplanten\/\"},{\"@type\":\"ListItem\",\"position\":5,\"name\":\"Set van 3 Exotische fruitbomen &#8211; 1 Abrikoos, 1 Perzik, 1 Nectarine &#8211; Hoogte +90cm &#8211; 5 Liter pot &#8211; Mix B\"}]},{\"@type\":\"WebSite\",\"@id\":\"https:\/\/www.schramas.com\/#website\",\"url\":\"https:\/\/www.schramas.com\/\",\"name\":\"Schramas.com | Tuinplanten eenvoudig online bestellen | Direct van onze Kwekerij\",\"description\":\"\",\"alternateName\":\"Schramas.com - Alle planten direct van de kweker\",\"potentialAction\":[{\"@type\":\"SearchAction\",\"target\":{\"@type\":\"EntryPoint\",\"urlTemplate\":\"https:\/\/www.schramas.com\/?s={search_term_string}\"},\"query-input\":{\"@type\":\"PropertyValueSpecification\",\"valueRequired\":true,\"valueName\":\"search_term_string\"}}],\"inLanguage\":\"fr-FR\"}]}<\/script>\n<!-- \/ Yoast SEO plugin. -->","yoast_head_json":{"title":"Lot de 3 Arbres fruitiers Exotiques - 1 Abricot, 1 P\u00eache, 1 Nectarine - Hauteur +90cm - Pot de 5 Litres - Acheter Mix B | Commandez facilement des plantes en ligne | Schramas.com","robots":{"index":"index","follow":"follow","max-snippet":"max-snippet:-1","max-image-preview":"max-image-preview:large","max-video-preview":"max-video-preview:-1"},"canonical":"https:\/\/www.schramas.com\/fr\/boutique\/lot-de-3-arbres-fruitiers-exotiques-1-abricot-1-peche-1-nectarine-hauteur-90cm-5-litres-pot-mix-b\/","og_locale":"fr_FR","og_type":"article","og_title":"Set van 3 Exotische fruitbomen - 1 Abrikoos, 1 Perzik, 1 Nectarine - Hoogte +90cm - 5 Liter pot - Mix B kopen | Planten eenvoudig online bestellen | Schramas.com","og_description":"Abrikoos vari\u00ebteit: Prunus armeniaca 'Luizet' abrikoos  Perzik vari\u00ebteit: Prunus persica 'Donut' wilde perzikboom  Nectarine vari\u00ebteit: Prunus Persica \u2018Fire Top\u2019 nectarine  Leverhoogte incl. pot: ca. 90 cm  Potmaat: 5 liter  Geschikt voor zowel patio als volle grond","og_url":"https:\/\/www.schramas.com\/fr\/boutique\/lot-de-3-arbres-fruitiers-exotiques-1-abricot-1-peche-1-nectarine-hauteur-90cm-5-litres-pot-mix-b\/","og_site_name":"Planten eenvoudig online bestellen | Schramas.com","article_publisher":"https:\/\/www.facebook.com\/Schramascom-106872874153195\/","article_modified_time":"2026-03-26T15:35:43+00:00","og_image":[{"width":1600,"height":1600,"url":"http:\/\/www.schramas.com\/wp-content\/uploads\/2023\/06\/Pakketdeal-Exotische-fruitbomen-set-3-5L-B.jpg","type":"image\/jpeg"}],"twitter_card":"summary_large_image","twitter_misc":{"Dur\u00e9e de lecture estim\u00e9e":"2 minutes"},"schema":{"@context":"https:\/\/schema.org","@graph":[{"@type":["WebPage","ItemPage"],"@id":"https:\/\/www.schramas.com\/winkel\/set-van-3-exotische-fruitbomen-1-abrikoos-1-perzik-1-nectarine-hoogte-90cm-5-liter-pot-mix-b\/","url":"https:\/\/www.schramas.com\/winkel\/set-van-3-exotische-fruitbomen-1-abrikoos-1-perzik-1-nectarine-hoogte-90cm-5-liter-pot-mix-b\/","name":"Lot de 3 Arbres fruitiers Exotiques - 1 Abricot, 1 P\u00eache, 1 Nectarine - Hauteur +90cm - Pot de 5 Litres - Acheter Mix B | Commandez facilement des plantes en ligne | Schramas.com","isPartOf":{"@id":"https:\/\/www.schramas.com\/#website"},"primaryImageOfPage":{"@id":"https:\/\/www.schramas.com\/winkel\/set-van-3-exotische-fruitbomen-1-abrikoos-1-perzik-1-nectarine-hoogte-90cm-5-liter-pot-mix-b\/#primaryimage"},"image":{"@id":"https:\/\/www.schramas.com\/winkel\/set-van-3-exotische-fruitbomen-1-abrikoos-1-perzik-1-nectarine-hoogte-90cm-5-liter-pot-mix-b\/#primaryimage"},"thumbnailUrl":"https:\/\/www.schramas.com\/wp-content\/uploads\/2023\/06\/Pakketdeal-Exotische-fruitbomen-set-3-5L-B.jpg","datePublished":"2023-06-13T13:41:13+00:00","dateModified":"2026-03-26T15:35:43+00:00","breadcrumb":{"@id":"https:\/\/www.schramas.com\/winkel\/set-van-3-exotische-fruitbomen-1-abrikoos-1-perzik-1-nectarine-hoogte-90cm-5-liter-pot-mix-b\/#breadcrumb"},"inLanguage":"fr-FR","potentialAction":[{"@type":"ReadAction","target":["https:\/\/www.schramas.com\/winkel\/set-van-3-exotische-fruitbomen-1-abrikoos-1-perzik-1-nectarine-hoogte-90cm-5-liter-pot-mix-b\/"]}]},{"@type":"ImageObject","inLanguage":"fr-FR","@id":"https:\/\/www.schramas.com\/winkel\/set-van-3-exotische-fruitbomen-1-abrikoos-1-perzik-1-nectarine-hoogte-90cm-5-liter-pot-mix-b\/#primaryimage","url":"https:\/\/www.schramas.com\/wp-content\/uploads\/2023\/06\/Pakketdeal-Exotische-fruitbomen-set-3-5L-B.jpg","contentUrl":"https:\/\/www.schramas.com\/wp-content\/uploads\/2023\/06\/Pakketdeal-Exotische-fruitbomen-set-3-5L-B.jpg","width":1600,"height":1600},{"@type":"BreadcrumbList","@id":"https:\/\/www.schramas.com\/winkel\/set-van-3-exotische-fruitbomen-1-abrikoos-1-perzik-1-nectarine-hoogte-90cm-5-liter-pot-mix-b\/#breadcrumb","itemListElement":[{"@type":"ListItem","position":1,"name":"Product","item":"https:\/\/www.schramas.com\/assortiment\/"},{"@type":"ListItem","position":2,"name":"Bomen &amp; Struiken","item":"https:\/\/www.schramas.com\/product-category\/bomen-struiken\/"},{"@type":"ListItem","position":3,"name":"Specials","item":"https:\/\/www.schramas.com\/product-category\/bomen-struiken\/specials\/"},{"@type":"ListItem","position":4,"name":"Mediterrane en Exotische Fruitplanten","item":"https:\/\/www.schramas.com\/product-category\/bomen-struiken\/specials\/mediterrane-en-exotische-fruitplanten\/"},{"@type":"ListItem","position":5,"name":"Set van 3 Exotische fruitbomen &#8211; 1 Abrikoos, 1 Perzik, 1 Nectarine &#8211; Hoogte +90cm &#8211; 5 Liter pot &#8211; Mix B"}]},{"@type":"WebSite","@id":"https:\/\/www.schramas.com\/#website","url":"https:\/\/www.schramas.com\/","name":"Schramas.com | Plantes de jardin faciles \u00e0 commander en ligne | En direct de notre p\u00e9pini\u00e8re","description":"","alternateName":"Schramas.com - Alle planten direct van de kweker","potentialAction":[{"@type":"SearchAction","target":{"@type":"EntryPoint","urlTemplate":"https:\/\/www.schramas.com\/?s={search_term_string}"},"query-input":{"@type":"PropertyValueSpecification","valueRequired":true,"valueName":"search_term_string"}}],"inLanguage":"fr-FR"}]}},"_links":{"self":[{"href":"https:\/\/www.schramas.com\/fr\/wp-json\/wp\/v2\/product\/26258","targetHints":{"allow":["GET"]}}],"collection":[{"href":"https:\/\/www.schramas.com\/fr\/wp-json\/wp\/v2\/product"}],"about":[{"href":"https:\/\/www.schramas.com\/fr\/wp-json\/wp\/v2\/types\/product"}],"version-history":[{"count":2,"href":"https:\/\/www.schramas.com\/fr\/wp-json\/wp\/v2\/product\/26258\/revisions"}],"predecessor-version":[{"id":46286,"href":"https:\/\/www.schramas.com\/fr\/wp-json\/wp\/v2\/product\/26258\/revisions\/46286"}],"wp:featuredmedia":[{"embeddable":true,"href":"https:\/\/www.schramas.com\/fr\/wp-json\/wp\/v2\/media\/26259"}],"wp:attachment":[{"href":"https:\/\/www.schramas.com\/fr\/wp-json\/wp\/v2\/media?parent=26258"}],"wp:term":[{"taxonomy":"product_brand","embeddable":true,"href":"https:\/\/www.schramas.com\/fr\/wp-json\/wp\/v2\/product_brand?post=26258"},{"taxonomy":"product_cat","embeddable":true,"href":"https:\/\/www.schramas.com\/fr\/wp-json\/wp\/v2\/product_cat?post=26258"},{"taxonomy":"product_tag","embeddable":true,"href":"https:\/\/www.schramas.com\/fr\/wp-json\/wp\/v2\/product_tag?post=26258"}],"curies":[{"name":"wp","href":"https:\/\/api.w.org\/{rel}","templated":true}]}}