{"id":27824,"date":"2023-09-12T14:31:59","date_gmt":"2023-09-12T12:31:59","guid":{"rendered":"https:\/\/www.schramas.com\/winkel\/actinidia-arguta-kens-red\/"},"modified":"2025-07-10T12:18:15","modified_gmt":"2025-07-10T10:18:15","slug":"actinidia-arguta-kens-ed","status":"publish","type":"product","link":"https:\/\/www.schramas.com\/fr\/boutique\/actinidia-arguta-kens-ed\/","title":{"rendered":"Actinidia arguta 'Ken's Red' (rouge de Ken)"},"content":{"rendered":"<p>Ken&#039;s Red&#039; est une d\u00e9licieuse vari\u00e9t\u00e9 d&#039;Actinidia arguta, ou kiwi commun. Ce cultivar autogame produit de d\u00e9licieux fruits au go\u00fbt sucr\u00e9 et juteux. Les fruits sont de forme ovale et ont une couleur verte vibrante. Gr\u00e2ce \u00e0 la pr\u00e9sence de petits poils sur la peau, ce kiwi est facile \u00e0 distinguer. \u00ab Ken&#039;s Red \u00bb est un excellent choix pour tout jardinier \u00e0 la recherche d&#039;une r\u00e9colte abondante de d\u00e9licieux kiwis.<\/p>","protected":false},"excerpt":{"rendered":"<p>Ken&#8217;s Red&#8217; is een verrukkelijke vari?teit van de Actinidia arguta, oftewel de gewone kiwi. Deze zelfbestuivende cultivar produceert heerlijke vruchten met een zoete en sappige smaak. De vruchten zijn ovaalvormig en hebben een levendige groene kleur. Dankzij de aanwezigheid van kleine haartjes op de schil is deze kiwi gemakkelijk te onderscheiden. &#8216;Ken&#8217;s Red&#8217; is een [&hellip;]<\/p>","protected":false},"featured_media":0,"template":"","meta":{"_joinchat":[]},"product_brand":[],"product_cat":[],"product_tag":[652,1023,316,328],"class_list":{"0":"post-27824","1":"product","2":"type-product","3":"status-publish","5":"product_tag-kiwi","6":"product_tag-sappig","7":"product_tag-zelfbestuivend","8":"product_tag-zoet","10":"first","11":"outofstock","12":"taxable","13":"shipping-taxable","14":"purchasable","15":"product-type-simple"},"yoast_head":"<!-- This site is optimized with the Yoast SEO plugin v24.2 - https:\/\/yoast.com\/wordpress\/plugins\/seo\/ -->\n<title>Actinidia arguta &#039;Ken&#039;s Red&#039; kopen | Planten eenvoudig online bestellen | Schramas.com<\/title>\n<meta name=\"robots\" content=\"index, follow, max-snippet:-1, max-image-preview:large, max-video-preview:-1\" \/>\n<link rel=\"canonical\" href=\"https:\/\/www.schramas.com\/fr\/boutique\/actinidia-arguta-kens-ed\/\" \/>\n<meta property=\"og:locale\" content=\"fr_FR\" \/>\n<meta property=\"og:type\" content=\"article\" \/>\n<meta property=\"og:title\" content=\"Actinidia arguta &#039;Ken&#039;s Red&#039; kopen | Planten eenvoudig online bestellen | Schramas.com\" \/>\n<meta property=\"og:description\" content=\"Ken&#8217;s Red&#8217; is een verrukkelijke vari?teit van de Actinidia arguta, oftewel de gewone kiwi. Deze zelfbestuivende cultivar produceert heerlijke vruchten met een zoete en sappige smaak. De vruchten zijn ovaalvormig en hebben een levendige groene kleur. Dankzij de aanwezigheid van kleine haartjes op de schil is deze kiwi gemakkelijk te onderscheiden. &#8216;Ken&#8217;s Red&#8217; is een [&hellip;]\" \/>\n<meta property=\"og:url\" content=\"https:\/\/www.schramas.com\/fr\/boutique\/actinidia-arguta-kens-ed\/\" \/>\n<meta property=\"og:site_name\" content=\"Planten eenvoudig online bestellen | Schramas.com\" \/>\n<meta property=\"article:publisher\" content=\"https:\/\/www.facebook.com\/Schramascom-106872874153195\/\" \/>\n<meta property=\"article:modified_time\" content=\"2025-07-10T10:18:15+00:00\" \/>\n<meta property=\"og:image\" content=\"https:\/\/www.schramas.com\/wp-content\/uploads\/2020\/11\/210913-Logo-ontwerp-versie-2-amazon-grijs.png\" \/>\n\t<meta property=\"og:image:width\" content=\"1446\" \/>\n\t<meta property=\"og:image:height\" content=\"700\" \/>\n\t<meta property=\"og:image:type\" content=\"image\/png\" \/>\n<meta name=\"twitter:card\" content=\"summary_large_image\" \/>\n<script type=\"application\/ld+json\" class=\"yoast-schema-graph\">{\"@context\":\"https:\/\/schema.org\",\"@graph\":[{\"@type\":[\"WebPage\",\"ItemPage\"],\"@id\":\"https:\/\/www.schramas.com\/winkel\/actinidia-arguta-kens-red\/\",\"url\":\"https:\/\/www.schramas.com\/winkel\/actinidia-arguta-kens-red\/\",\"name\":\"Actinidia arguta 'Ken's Red' kopen | Planten eenvoudig online bestellen | Schramas.com\",\"isPartOf\":{\"@id\":\"https:\/\/www.schramas.com\/#website\"},\"datePublished\":\"2023-09-12T12:31:59+00:00\",\"dateModified\":\"2025-07-10T10:18:15+00:00\",\"breadcrumb\":{\"@id\":\"https:\/\/www.schramas.com\/winkel\/actinidia-arguta-kens-red\/#breadcrumb\"},\"inLanguage\":\"fr-FR\",\"potentialAction\":[{\"@type\":\"ReadAction\",\"target\":[\"https:\/\/www.schramas.com\/winkel\/actinidia-arguta-kens-red\/\"]}]},{\"@type\":\"BreadcrumbList\",\"@id\":\"https:\/\/www.schramas.com\/winkel\/actinidia-arguta-kens-red\/#breadcrumb\",\"itemListElement\":[{\"@type\":\"ListItem\",\"position\":1,\"name\":\"Product\",\"item\":\"https:\/\/www.schramas.com\/assortiment\/\"},{\"@type\":\"ListItem\",\"position\":2,\"name\":\"Actinidia arguta &#8216;Ken&#8217;s Red&#8217;\"}]},{\"@type\":\"WebSite\",\"@id\":\"https:\/\/www.schramas.com\/#website\",\"url\":\"https:\/\/www.schramas.com\/\",\"name\":\"Schramas.com | Tuinplanten eenvoudig online bestellen | Direct van onze Kwekerij\",\"description\":\"\",\"alternateName\":\"Schramas.com - Alle planten direct van de kweker\",\"potentialAction\":[{\"@type\":\"SearchAction\",\"target\":{\"@type\":\"EntryPoint\",\"urlTemplate\":\"https:\/\/www.schramas.com\/?s={search_term_string}\"},\"query-input\":{\"@type\":\"PropertyValueSpecification\",\"valueRequired\":true,\"valueName\":\"search_term_string\"}}],\"inLanguage\":\"fr-FR\"}]}<\/script>\n<!-- \/ Yoast SEO plugin. -->","yoast_head_json":{"title":"Acheter Actinidia arguta &#039;Ken&#039;s Red&#039; | Commandez facilement des plantes en ligne | Schramas.com","robots":{"index":"index","follow":"follow","max-snippet":"max-snippet:-1","max-image-preview":"max-image-preview:large","max-video-preview":"max-video-preview:-1"},"canonical":"https:\/\/www.schramas.com\/fr\/boutique\/actinidia-arguta-kens-ed\/","og_locale":"fr_FR","og_type":"article","og_title":"Actinidia arguta 'Ken's Red' kopen | Planten eenvoudig online bestellen | Schramas.com","og_description":"Ken&#8217;s Red&#8217; is een verrukkelijke vari?teit van de Actinidia arguta, oftewel de gewone kiwi. Deze zelfbestuivende cultivar produceert heerlijke vruchten met een zoete en sappige smaak. De vruchten zijn ovaalvormig en hebben een levendige groene kleur. Dankzij de aanwezigheid van kleine haartjes op de schil is deze kiwi gemakkelijk te onderscheiden. &#8216;Ken&#8217;s Red&#8217; is een [&hellip;]","og_url":"https:\/\/www.schramas.com\/fr\/boutique\/actinidia-arguta-kens-ed\/","og_site_name":"Planten eenvoudig online bestellen | Schramas.com","article_publisher":"https:\/\/www.facebook.com\/Schramascom-106872874153195\/","article_modified_time":"2025-07-10T10:18:15+00:00","og_image":[{"width":1446,"height":700,"url":"https:\/\/www.schramas.com\/wp-content\/uploads\/2020\/11\/210913-Logo-ontwerp-versie-2-amazon-grijs.png","type":"image\/png"}],"twitter_card":"summary_large_image","schema":{"@context":"https:\/\/schema.org","@graph":[{"@type":["WebPage","ItemPage"],"@id":"https:\/\/www.schramas.com\/winkel\/actinidia-arguta-kens-red\/","url":"https:\/\/www.schramas.com\/winkel\/actinidia-arguta-kens-red\/","name":"Acheter Actinidia arguta &#039;Ken&#039;s Red&#039; | Commandez facilement des plantes en ligne | Schramas.com","isPartOf":{"@id":"https:\/\/www.schramas.com\/#website"},"datePublished":"2023-09-12T12:31:59+00:00","dateModified":"2025-07-10T10:18:15+00:00","breadcrumb":{"@id":"https:\/\/www.schramas.com\/winkel\/actinidia-arguta-kens-red\/#breadcrumb"},"inLanguage":"fr-FR","potentialAction":[{"@type":"ReadAction","target":["https:\/\/www.schramas.com\/winkel\/actinidia-arguta-kens-red\/"]}]},{"@type":"BreadcrumbList","@id":"https:\/\/www.schramas.com\/winkel\/actinidia-arguta-kens-red\/#breadcrumb","itemListElement":[{"@type":"ListItem","position":1,"name":"Product","item":"https:\/\/www.schramas.com\/assortiment\/"},{"@type":"ListItem","position":2,"name":"Actinidia arguta &#8216;Ken&#8217;s Red&#8217;"}]},{"@type":"WebSite","@id":"https:\/\/www.schramas.com\/#website","url":"https:\/\/www.schramas.com\/","name":"Schramas.com | Plantes de jardin faciles \u00e0 commander en ligne | En direct de notre p\u00e9pini\u00e8re","description":"","alternateName":"Schramas.com - Alle planten direct van de kweker","potentialAction":[{"@type":"SearchAction","target":{"@type":"EntryPoint","urlTemplate":"https:\/\/www.schramas.com\/?s={search_term_string}"},"query-input":{"@type":"PropertyValueSpecification","valueRequired":true,"valueName":"search_term_string"}}],"inLanguage":"fr-FR"}]}},"_links":{"self":[{"href":"https:\/\/www.schramas.com\/fr\/wp-json\/wp\/v2\/product\/27824","targetHints":{"allow":["GET"]}}],"collection":[{"href":"https:\/\/www.schramas.com\/fr\/wp-json\/wp\/v2\/product"}],"about":[{"href":"https:\/\/www.schramas.com\/fr\/wp-json\/wp\/v2\/types\/product"}],"version-history":[{"count":0,"href":"https:\/\/www.schramas.com\/fr\/wp-json\/wp\/v2\/product\/27824\/revisions"}],"wp:attachment":[{"href":"https:\/\/www.schramas.com\/fr\/wp-json\/wp\/v2\/media?parent=27824"}],"wp:term":[{"taxonomy":"product_brand","embeddable":true,"href":"https:\/\/www.schramas.com\/fr\/wp-json\/wp\/v2\/product_brand?post=27824"},{"taxonomy":"product_cat","embeddable":true,"href":"https:\/\/www.schramas.com\/fr\/wp-json\/wp\/v2\/product_cat?post=27824"},{"taxonomy":"product_tag","embeddable":true,"href":"https:\/\/www.schramas.com\/fr\/wp-json\/wp\/v2\/product_tag?post=27824"}],"curies":[{"name":"wp","href":"https:\/\/api.w.org\/{rel}","templated":true}]}}