{"id":27849,"date":"2023-09-12T14:32:02","date_gmt":"2023-09-12T12:32:02","guid":{"rendered":"https:\/\/www.schramas.com\/winkel\/fragaria-ananassa-tenira\/"},"modified":"2025-07-10T12:18:17","modified_gmt":"2025-07-10T10:18:17","slug":"fragaria-ananassa-tenira","status":"publish","type":"product","link":"https:\/\/www.schramas.com\/fr\/boutique\/fragaria-ananassa-tenira\/","title":{"rendered":"Fragaria ananassa 'Tenira'"},"content":{"rendered":"<p>Tenira' est une excellente vari\u00e9t\u00e9 de fraise, connue pour ses fruits gros et juteux. Ce cultivar produit des fraises d'un rouge profond et d'une saveur d\u00e9licieusement sucr\u00e9e. Les fruits sont id\u00e9aux pour la consommation fra\u00eeche et peuvent \u00e9galement \u00eatre utilis\u00e9s dans les confitures et les desserts. 'Tenira' est un ajout savoureux \u00e0 tout jardin.<\/p>","protected":false},"excerpt":{"rendered":"<p>Tenira' est une excellente vari\u00e9t\u00e9 de fraise, connue pour ses fruits gros et juteux. Ce cultivar produit des fraises d'un rouge profond et d'une saveur d\u00e9licieusement sucr\u00e9e. Les fruits sont id\u00e9aux pour la consommation fra\u00eeche et peuvent \u00e9galement \u00eatre utilis\u00e9s dans les confitures et les desserts. 'Tenira' est un ajout savoureux \u00e0 tout jardin.<\/p>","protected":false},"featured_media":0,"template":"","meta":{"_joinchat":[]},"product_brand":[],"product_cat":[],"product_tag":[919,1095,587,328],"class_list":{"0":"post-27849","1":"product","2":"type-product","3":"status-publish","5":"product_tag-aardbei","6":"product_tag-groot","7":"product_tag-rood","8":"product_tag-zoet","10":"first","11":"outofstock","12":"taxable","13":"shipping-taxable","14":"purchasable","15":"product-type-simple"},"yoast_head":"<!-- This site is optimized with the Yoast SEO plugin v24.2 - https:\/\/yoast.com\/wordpress\/plugins\/seo\/ -->\n<title>Fragaria ananassa &#039;Tenira&#039; kopen | Planten eenvoudig online bestellen | Schramas.com<\/title>\n<meta name=\"robots\" content=\"index, follow, max-snippet:-1, max-image-preview:large, max-video-preview:-1\" \/>\n<link rel=\"canonical\" href=\"https:\/\/www.schramas.com\/fr\/sv\/butik\/fragaria-ananassa-tenira\/\" \/>\n<meta property=\"og:locale\" content=\"fr_FR\" \/>\n<meta property=\"og:type\" content=\"article\" \/>\n<meta property=\"og:title\" content=\"Fragaria ananassa &#039;Tenira&#039; kopen | Planten eenvoudig online bestellen | Schramas.com\" \/>\n<meta property=\"og:description\" content=\"&#8216;Tenira&#8217; is een excellente vari?teit van aardbeien, bekend om zijn grote en sappige vruchten. Deze cultivar produceert aardbeien met een dieprode kleur en een heerlijk zoete smaak. De vruchten zijn ideaal voor vers gebruik en kunnen ook gebruikt worden in jams en desserts. &#8216;Tenira&#8217; is een smaakvolle aanwinst voor elke tuin.\" \/>\n<meta property=\"og:url\" content=\"https:\/\/www.schramas.com\/fr\/sv\/butik\/fragaria-ananassa-tenira\/\" \/>\n<meta property=\"og:site_name\" content=\"Planten eenvoudig online bestellen | Schramas.com\" \/>\n<meta property=\"article:publisher\" content=\"https:\/\/www.facebook.com\/Schramascom-106872874153195\/\" \/>\n<meta property=\"article:modified_time\" content=\"2025-07-10T10:18:17+00:00\" \/>\n<meta property=\"og:image\" content=\"https:\/\/www.schramas.com\/wp-content\/uploads\/2020\/11\/210913-Logo-ontwerp-versie-2-amazon-grijs.png\" \/>\n\t<meta property=\"og:image:width\" content=\"1446\" \/>\n\t<meta property=\"og:image:height\" content=\"700\" \/>\n\t<meta property=\"og:image:type\" content=\"image\/png\" \/>\n<meta name=\"twitter:card\" content=\"summary_large_image\" \/>\n<script type=\"application\/ld+json\" class=\"yoast-schema-graph\">{\"@context\":\"https:\/\/schema.org\",\"@graph\":[{\"@type\":[\"WebPage\",\"ItemPage\"],\"@id\":\"https:\/\/www.schramas.com\/sv\/butik\/fragaria-ananassa-tenira\/\",\"url\":\"https:\/\/www.schramas.com\/sv\/butik\/fragaria-ananassa-tenira\/\",\"name\":\"Fragaria ananassa 'Tenira' kopen | Planten eenvoudig online bestellen | Schramas.com\",\"isPartOf\":{\"@id\":\"https:\/\/www.schramas.com\/#website\"},\"datePublished\":\"2023-09-12T12:32:02+00:00\",\"dateModified\":\"2025-07-10T10:18:17+00:00\",\"breadcrumb\":{\"@id\":\"https:\/\/www.schramas.com\/sv\/butik\/fragaria-ananassa-tenira\/#breadcrumb\"},\"inLanguage\":\"fr-FR\",\"potentialAction\":[{\"@type\":\"ReadAction\",\"target\":[\"https:\/\/www.schramas.com\/sv\/butik\/fragaria-ananassa-tenira\/\"]}]},{\"@type\":\"BreadcrumbList\",\"@id\":\"https:\/\/www.schramas.com\/sv\/butik\/fragaria-ananassa-tenira\/#breadcrumb\",\"itemListElement\":[{\"@type\":\"ListItem\",\"position\":1,\"name\":\"Product\",\"item\":\"https:\/\/www.schramas.com\/assortiment\/\"},{\"@type\":\"ListItem\",\"position\":2,\"name\":\"Fragaria ananassa &#8216;Tenira&#8217;\"}]},{\"@type\":\"WebSite\",\"@id\":\"https:\/\/www.schramas.com\/#website\",\"url\":\"https:\/\/www.schramas.com\/\",\"name\":\"Schramas.com | Tuinplanten eenvoudig online bestellen | Direct van onze Kwekerij\",\"description\":\"\",\"alternateName\":\"Schramas.com - Alle planten direct van de kweker\",\"potentialAction\":[{\"@type\":\"SearchAction\",\"target\":{\"@type\":\"EntryPoint\",\"urlTemplate\":\"https:\/\/www.schramas.com\/?s={search_term_string}\"},\"query-input\":{\"@type\":\"PropertyValueSpecification\",\"valueRequired\":true,\"valueName\":\"search_term_string\"}}],\"inLanguage\":\"fr-FR\"}]}<\/script>\n<!-- \/ Yoast SEO plugin. -->","yoast_head_json":{"title":"Acheter Fragaria ananassa 'Tenira' | Plantes commande en ligne facile | Schramas.com","robots":{"index":"index","follow":"follow","max-snippet":"max-snippet:-1","max-image-preview":"max-image-preview:large","max-video-preview":"max-video-preview:-1"},"canonical":"https:\/\/www.schramas.com\/fr\/sv\/butik\/fragaria-ananassa-tenira\/","og_locale":"fr_FR","og_type":"article","og_title":"Fragaria ananassa 'Tenira' kopen | Planten eenvoudig online bestellen | Schramas.com","og_description":"&#8216;Tenira&#8217; is een excellente vari?teit van aardbeien, bekend om zijn grote en sappige vruchten. Deze cultivar produceert aardbeien met een dieprode kleur en een heerlijk zoete smaak. De vruchten zijn ideaal voor vers gebruik en kunnen ook gebruikt worden in jams en desserts. &#8216;Tenira&#8217; is een smaakvolle aanwinst voor elke tuin.","og_url":"https:\/\/www.schramas.com\/fr\/sv\/butik\/fragaria-ananassa-tenira\/","og_site_name":"Planten eenvoudig online bestellen | Schramas.com","article_publisher":"https:\/\/www.facebook.com\/Schramascom-106872874153195\/","article_modified_time":"2025-07-10T10:18:17+00:00","og_image":[{"width":1446,"height":700,"url":"https:\/\/www.schramas.com\/wp-content\/uploads\/2020\/11\/210913-Logo-ontwerp-versie-2-amazon-grijs.png","type":"image\/png"}],"twitter_card":"summary_large_image","schema":{"@context":"https:\/\/schema.org","@graph":[{"@type":["WebPage","ItemPage"],"@id":"https:\/\/www.schramas.com\/sv\/butik\/fragaria-ananassa-tenira\/","url":"https:\/\/www.schramas.com\/sv\/butik\/fragaria-ananassa-tenira\/","name":"Acheter Fragaria ananassa 'Tenira' | Plantes commande en ligne facile | Schramas.com","isPartOf":{"@id":"https:\/\/www.schramas.com\/#website"},"datePublished":"2023-09-12T12:32:02+00:00","dateModified":"2025-07-10T10:18:17+00:00","breadcrumb":{"@id":"https:\/\/www.schramas.com\/sv\/butik\/fragaria-ananassa-tenira\/#breadcrumb"},"inLanguage":"fr-FR","potentialAction":[{"@type":"ReadAction","target":["https:\/\/www.schramas.com\/sv\/butik\/fragaria-ananassa-tenira\/"]}]},{"@type":"BreadcrumbList","@id":"https:\/\/www.schramas.com\/sv\/butik\/fragaria-ananassa-tenira\/#breadcrumb","itemListElement":[{"@type":"ListItem","position":1,"name":"Product","item":"https:\/\/www.schramas.com\/assortiment\/"},{"@type":"ListItem","position":2,"name":"Fragaria ananassa &#8216;Tenira&#8217;"}]},{"@type":"WebSite","@id":"https:\/\/www.schramas.com\/#website","url":"https:\/\/www.schramas.com\/","name":"Schramas.com | Plantes de jardin faciles \u00e0 commander en ligne | En direct de notre p\u00e9pini\u00e8re","description":"","alternateName":"Schramas.com - Alle planten direct van de kweker","potentialAction":[{"@type":"SearchAction","target":{"@type":"EntryPoint","urlTemplate":"https:\/\/www.schramas.com\/?s={search_term_string}"},"query-input":{"@type":"PropertyValueSpecification","valueRequired":true,"valueName":"search_term_string"}}],"inLanguage":"fr-FR"}]}},"_links":{"self":[{"href":"https:\/\/www.schramas.com\/fr\/wp-json\/wp\/v2\/product\/27849","targetHints":{"allow":["GET"]}}],"collection":[{"href":"https:\/\/www.schramas.com\/fr\/wp-json\/wp\/v2\/product"}],"about":[{"href":"https:\/\/www.schramas.com\/fr\/wp-json\/wp\/v2\/types\/product"}],"version-history":[{"count":0,"href":"https:\/\/www.schramas.com\/fr\/wp-json\/wp\/v2\/product\/27849\/revisions"}],"wp:attachment":[{"href":"https:\/\/www.schramas.com\/fr\/wp-json\/wp\/v2\/media?parent=27849"}],"wp:term":[{"taxonomy":"product_brand","embeddable":true,"href":"https:\/\/www.schramas.com\/fr\/wp-json\/wp\/v2\/product_brand?post=27849"},{"taxonomy":"product_cat","embeddable":true,"href":"https:\/\/www.schramas.com\/fr\/wp-json\/wp\/v2\/product_cat?post=27849"},{"taxonomy":"product_tag","embeddable":true,"href":"https:\/\/www.schramas.com\/fr\/wp-json\/wp\/v2\/product_tag?post=27849"}],"curies":[{"name":"wp","href":"https:\/\/api.w.org\/{rel}","templated":true}]}}