{"id":27933,"date":"2023-09-12T14:32:19","date_gmt":"2023-09-12T12:32:19","guid":{"rendered":"https:\/\/www.schramas.com\/winkel\/prunus-domestica-reine-claude-doullins-pruim\/"},"modified":"2025-07-10T12:18:32","modified_gmt":"2025-07-10T10:18:32","slug":"prunus-domestica-reine-claude-doullins-prune","status":"publish","type":"product","link":"https:\/\/www.schramas.com\/fr\/boutique\/prunus-domestica-reine-claude-doullins-prune\/","title":{"rendered":"Prunus domestica 'Reine Claude d'Oullins' Prune"},"content":{"rendered":"<p>La \u00ab Reine Claude d&#039;Oullins \u00bb est une vari\u00e9t\u00e9 de prune aux fruits ovales et juteux au go\u00fbt riche et sucr\u00e9. Ce cultivar convient \u00e0 une utilisation fra\u00eeche et peut \u00eatre utilis\u00e9 dans les confitures et les desserts. Sa saveur riche fait de la \u00ab Reine Claude d&#039;Oullins \u00bb un choix populaire pour les amateurs de prunes.<\/p>","protected":false},"excerpt":{"rendered":"<p>La \u00ab Reine Claude d&#039;Oullins \u00bb est une vari\u00e9t\u00e9 de prune aux fruits ovales et juteux au go\u00fbt riche et sucr\u00e9. Ce cultivar convient \u00e0 une utilisation fra\u00eeche et peut \u00eatre utilis\u00e9 dans les confitures et les desserts. Sa saveur riche fait de la \u00ab Reine Claude d&#039;Oullins \u00bb un choix populaire pour les amateurs de prunes.<\/p>","protected":false},"featured_media":0,"template":"","meta":{"_joinchat":[]},"product_brand":[],"product_cat":[],"product_tag":[1173,573,1120,1023,328],"class_list":{"0":"post-27933","1":"product","2":"type-product","3":"status-publish","5":"product_tag-ovaal","6":"product_tag-pruim","7":"product_tag-rijke-smaak","8":"product_tag-sappig","9":"product_tag-zoet","11":"first","12":"outofstock","13":"taxable","14":"shipping-taxable","15":"purchasable","16":"product-type-simple"},"yoast_head":"<!-- This site is optimized with the Yoast SEO plugin v24.2 - https:\/\/yoast.com\/wordpress\/plugins\/seo\/ -->\n<title>Prunus domestica &#039;Reine Claude d&#039;Oullins&#039; Pruim kopen | Planten eenvoudig online bestellen | Schramas.com<\/title>\n<meta name=\"robots\" content=\"index, follow, max-snippet:-1, max-image-preview:large, max-video-preview:-1\" \/>\n<link rel=\"canonical\" href=\"https:\/\/www.schramas.com\/fr\/boutique\/prunus-domestica-reine-claude-doullins-prune\/\" \/>\n<meta property=\"og:locale\" content=\"fr_FR\" \/>\n<meta property=\"og:type\" content=\"article\" \/>\n<meta property=\"og:title\" content=\"Prunus domestica &#039;Reine Claude d&#039;Oullins&#039; Pruim kopen | Planten eenvoudig online bestellen | Schramas.com\" \/>\n<meta property=\"og:description\" content=\"&#8216;Reine Claude d&#8217;Oullins&#8217; is een pruimensoort met ovale, sappige vruchten en een rijke, zoete smaak. Deze cultivar is geschikt voor vers gebruik en kan worden verwerkt in jams en desserts. De rijke smaak maakt &#8216;Reine Claude d&#8217;Oullins&#8217; tot een gewilde keuze voor pruimenliefhebbers.\" \/>\n<meta property=\"og:url\" content=\"https:\/\/www.schramas.com\/fr\/boutique\/prunus-domestica-reine-claude-doullins-prune\/\" \/>\n<meta property=\"og:site_name\" content=\"Planten eenvoudig online bestellen | Schramas.com\" \/>\n<meta property=\"article:publisher\" content=\"https:\/\/www.facebook.com\/Schramascom-106872874153195\/\" \/>\n<meta property=\"article:modified_time\" content=\"2025-07-10T10:18:32+00:00\" \/>\n<meta property=\"og:image\" content=\"https:\/\/www.schramas.com\/wp-content\/uploads\/2020\/11\/210913-Logo-ontwerp-versie-2-amazon-grijs.png\" \/>\n\t<meta property=\"og:image:width\" content=\"1446\" \/>\n\t<meta property=\"og:image:height\" content=\"700\" \/>\n\t<meta property=\"og:image:type\" content=\"image\/png\" \/>\n<meta name=\"twitter:card\" content=\"summary_large_image\" \/>\n<script type=\"application\/ld+json\" class=\"yoast-schema-graph\">{\"@context\":\"https:\/\/schema.org\",\"@graph\":[{\"@type\":[\"WebPage\",\"ItemPage\"],\"@id\":\"https:\/\/www.schramas.com\/winkel\/prunus-domestica-reine-claude-doullins-pruim\/\",\"url\":\"https:\/\/www.schramas.com\/winkel\/prunus-domestica-reine-claude-doullins-pruim\/\",\"name\":\"Prunus domestica 'Reine Claude d'Oullins' Pruim kopen | Planten eenvoudig online bestellen | Schramas.com\",\"isPartOf\":{\"@id\":\"https:\/\/www.schramas.com\/#website\"},\"datePublished\":\"2023-09-12T12:32:19+00:00\",\"dateModified\":\"2025-07-10T10:18:32+00:00\",\"breadcrumb\":{\"@id\":\"https:\/\/www.schramas.com\/winkel\/prunus-domestica-reine-claude-doullins-pruim\/#breadcrumb\"},\"inLanguage\":\"fr-FR\",\"potentialAction\":[{\"@type\":\"ReadAction\",\"target\":[\"https:\/\/www.schramas.com\/winkel\/prunus-domestica-reine-claude-doullins-pruim\/\"]}]},{\"@type\":\"BreadcrumbList\",\"@id\":\"https:\/\/www.schramas.com\/winkel\/prunus-domestica-reine-claude-doullins-pruim\/#breadcrumb\",\"itemListElement\":[{\"@type\":\"ListItem\",\"position\":1,\"name\":\"Product\",\"item\":\"https:\/\/www.schramas.com\/assortiment\/\"},{\"@type\":\"ListItem\",\"position\":2,\"name\":\"Offerte aanvragen\",\"item\":\"https:\/\/www.schramas.com\/product-category\/offerte-aanvragen\/\"},{\"@type\":\"ListItem\",\"position\":3,\"name\":\"Prunus domestica &#8216;Reine Claude d&#8217;Oullins&#8217; Pruim\"}]},{\"@type\":\"WebSite\",\"@id\":\"https:\/\/www.schramas.com\/#website\",\"url\":\"https:\/\/www.schramas.com\/\",\"name\":\"Schramas.com | Tuinplanten eenvoudig online bestellen | Direct van onze Kwekerij\",\"description\":\"\",\"alternateName\":\"Schramas.com - Alle planten direct van de kweker\",\"potentialAction\":[{\"@type\":\"SearchAction\",\"target\":{\"@type\":\"EntryPoint\",\"urlTemplate\":\"https:\/\/www.schramas.com\/?s={search_term_string}\"},\"query-input\":{\"@type\":\"PropertyValueSpecification\",\"valueRequired\":true,\"valueName\":\"search_term_string\"}}],\"inLanguage\":\"fr-FR\"}]}<\/script>\n<!-- \/ Yoast SEO plugin. -->","yoast_head_json":{"title":"Acheter Prunus domestica &#039;Reine Claude d&#039;Oullins&#039; Prune | Commandez facilement des plantes en ligne | Schramas.com","robots":{"index":"index","follow":"follow","max-snippet":"max-snippet:-1","max-image-preview":"max-image-preview:large","max-video-preview":"max-video-preview:-1"},"canonical":"https:\/\/www.schramas.com\/fr\/boutique\/prunus-domestica-reine-claude-doullins-prune\/","og_locale":"fr_FR","og_type":"article","og_title":"Prunus domestica 'Reine Claude d'Oullins' Pruim kopen | Planten eenvoudig online bestellen | Schramas.com","og_description":"&#8216;Reine Claude d&#8217;Oullins&#8217; is een pruimensoort met ovale, sappige vruchten en een rijke, zoete smaak. Deze cultivar is geschikt voor vers gebruik en kan worden verwerkt in jams en desserts. De rijke smaak maakt &#8216;Reine Claude d&#8217;Oullins&#8217; tot een gewilde keuze voor pruimenliefhebbers.","og_url":"https:\/\/www.schramas.com\/fr\/boutique\/prunus-domestica-reine-claude-doullins-prune\/","og_site_name":"Planten eenvoudig online bestellen | Schramas.com","article_publisher":"https:\/\/www.facebook.com\/Schramascom-106872874153195\/","article_modified_time":"2025-07-10T10:18:32+00:00","og_image":[{"width":1446,"height":700,"url":"https:\/\/www.schramas.com\/wp-content\/uploads\/2020\/11\/210913-Logo-ontwerp-versie-2-amazon-grijs.png","type":"image\/png"}],"twitter_card":"summary_large_image","schema":{"@context":"https:\/\/schema.org","@graph":[{"@type":["WebPage","ItemPage"],"@id":"https:\/\/www.schramas.com\/winkel\/prunus-domestica-reine-claude-doullins-pruim\/","url":"https:\/\/www.schramas.com\/winkel\/prunus-domestica-reine-claude-doullins-pruim\/","name":"Acheter Prunus domestica &#039;Reine Claude d&#039;Oullins&#039; Prune | Commandez facilement des plantes en ligne | Schramas.com","isPartOf":{"@id":"https:\/\/www.schramas.com\/#website"},"datePublished":"2023-09-12T12:32:19+00:00","dateModified":"2025-07-10T10:18:32+00:00","breadcrumb":{"@id":"https:\/\/www.schramas.com\/winkel\/prunus-domestica-reine-claude-doullins-pruim\/#breadcrumb"},"inLanguage":"fr-FR","potentialAction":[{"@type":"ReadAction","target":["https:\/\/www.schramas.com\/winkel\/prunus-domestica-reine-claude-doullins-pruim\/"]}]},{"@type":"BreadcrumbList","@id":"https:\/\/www.schramas.com\/winkel\/prunus-domestica-reine-claude-doullins-pruim\/#breadcrumb","itemListElement":[{"@type":"ListItem","position":1,"name":"Product","item":"https:\/\/www.schramas.com\/assortiment\/"},{"@type":"ListItem","position":2,"name":"Offerte aanvragen","item":"https:\/\/www.schramas.com\/product-category\/offerte-aanvragen\/"},{"@type":"ListItem","position":3,"name":"Prunus domestica &#8216;Reine Claude d&#8217;Oullins&#8217; Pruim"}]},{"@type":"WebSite","@id":"https:\/\/www.schramas.com\/#website","url":"https:\/\/www.schramas.com\/","name":"Schramas.com | Plantes de jardin faciles \u00e0 commander en ligne | En direct de notre p\u00e9pini\u00e8re","description":"","alternateName":"Schramas.com - Alle planten direct van de kweker","potentialAction":[{"@type":"SearchAction","target":{"@type":"EntryPoint","urlTemplate":"https:\/\/www.schramas.com\/?s={search_term_string}"},"query-input":{"@type":"PropertyValueSpecification","valueRequired":true,"valueName":"search_term_string"}}],"inLanguage":"fr-FR"}]}},"_links":{"self":[{"href":"https:\/\/www.schramas.com\/fr\/wp-json\/wp\/v2\/product\/27933","targetHints":{"allow":["GET"]}}],"collection":[{"href":"https:\/\/www.schramas.com\/fr\/wp-json\/wp\/v2\/product"}],"about":[{"href":"https:\/\/www.schramas.com\/fr\/wp-json\/wp\/v2\/types\/product"}],"version-history":[{"count":0,"href":"https:\/\/www.schramas.com\/fr\/wp-json\/wp\/v2\/product\/27933\/revisions"}],"wp:attachment":[{"href":"https:\/\/www.schramas.com\/fr\/wp-json\/wp\/v2\/media?parent=27933"}],"wp:term":[{"taxonomy":"product_brand","embeddable":true,"href":"https:\/\/www.schramas.com\/fr\/wp-json\/wp\/v2\/product_brand?post=27933"},{"taxonomy":"product_cat","embeddable":true,"href":"https:\/\/www.schramas.com\/fr\/wp-json\/wp\/v2\/product_cat?post=27933"},{"taxonomy":"product_tag","embeddable":true,"href":"https:\/\/www.schramas.com\/fr\/wp-json\/wp\/v2\/product_tag?post=27933"}],"curies":[{"name":"wp","href":"https:\/\/api.w.org\/{rel}","templated":true}]}}