{"id":27980,"date":"2023-09-12T14:32:29","date_gmt":"2023-09-12T12:32:29","guid":{"rendered":"https:\/\/www.schramas.com\/winkel\/vitis-frankenthaler\/"},"modified":"2025-07-10T12:18:36","modified_gmt":"2025-07-10T10:18:36","slug":"vitis-frankenthaler","status":"publish","type":"product","link":"https:\/\/www.schramas.com\/fr\/boutique\/vitis-frankenthaler\/","title":{"rendered":"Vitis 'Frankenthaler' (vigne)"},"content":{"rendered":"<p>Frankenthaler\" est un arbuste \u00e0 raisins qui produit des raisins de taille moyenne, de couleur rose \u00e0 rouge-brun. Ce c\u00e9page est connu pour ses fruits sucr\u00e9s et aromatiques. Le 'Frankenthaler' convient \u00e0 l'usage frais et \u00e0 la fabrication de jus ou de vin. L'arbuste se d\u00e9veloppe bien sous notre climat et constitue un choix particulier pour les viticulteurs.<\/p>","protected":false},"excerpt":{"rendered":"<p>Frankenthaler\" est un arbuste \u00e0 raisins qui produit des raisins de taille moyenne, de couleur rose \u00e0 rouge-brun. Ce c\u00e9page est connu pour ses fruits sucr\u00e9s et aromatiques. Le 'Frankenthaler' convient \u00e0 l'usage frais et \u00e0 la fabrication de jus ou de vin. L'arbuste se d\u00e9veloppe bien sous notre climat et constitue un choix particulier pour les viticulteurs.<\/p>","protected":false},"featured_media":0,"template":"","meta":{"_joinchat":[]},"product_brand":[],"product_cat":[],"product_tag":[1101,1213,1214,1218,1216,1215,1067,328],"class_list":{"0":"post-27980","1":"product","2":"type-product","3":"status-publish","5":"product_tag-aromatisch","6":"product_tag-druivenstruik","7":"product_tag-middelgrote-druiven","8":"product_tag-roze-tot-roodbruin","9":"product_tag-sap","10":"product_tag-vers-gebruik","11":"product_tag-wijn","12":"product_tag-zoet","14":"first","15":"outofstock","16":"taxable","17":"shipping-taxable","18":"purchasable","19":"product-type-simple"},"yoast_head":"<!-- This site is optimized with the Yoast SEO plugin v24.2 - https:\/\/yoast.com\/wordpress\/plugins\/seo\/ -->\n<title>Vitis &#039;Frankenthaler&#039; (Druivenstruik) kopen | Planten eenvoudig online bestellen | Schramas.com<\/title>\n<meta name=\"robots\" content=\"index, follow, max-snippet:-1, max-image-preview:large, max-video-preview:-1\" \/>\n<link rel=\"canonical\" href=\"https:\/\/www.schramas.com\/fr\/boutique\/vitis-frankenthaler\/\" \/>\n<meta property=\"og:locale\" content=\"fr_FR\" \/>\n<meta property=\"og:type\" content=\"article\" \/>\n<meta property=\"og:title\" content=\"Vitis &#039;Frankenthaler&#039; (Druivenstruik) kopen | Planten eenvoudig online bestellen | Schramas.com\" \/>\n<meta property=\"og:description\" content=\"&#8216;Frankenthaler&#8217; is een druivenstruik met middelgrote, roze tot roodbruine druiven. Deze druivensoort staat bekend om zijn zoete en aromatische vruchten. &#8216;Frankenthaler&#8217; is geschikt voor vers gebruik en het maken van sap of wijn. De struik gedijt goed in ons klimaat en is een bijzondere keuze voor druivenkwekers.\" \/>\n<meta property=\"og:url\" content=\"https:\/\/www.schramas.com\/fr\/boutique\/vitis-frankenthaler\/\" \/>\n<meta property=\"og:site_name\" content=\"Planten eenvoudig online bestellen | Schramas.com\" \/>\n<meta property=\"article:publisher\" content=\"https:\/\/www.facebook.com\/Schramascom-106872874153195\/\" \/>\n<meta property=\"article:modified_time\" content=\"2025-07-10T10:18:36+00:00\" \/>\n<meta property=\"og:image\" content=\"https:\/\/www.schramas.com\/wp-content\/uploads\/2020\/11\/210913-Logo-ontwerp-versie-2-amazon-grijs.png\" \/>\n\t<meta property=\"og:image:width\" content=\"1446\" \/>\n\t<meta property=\"og:image:height\" content=\"700\" \/>\n\t<meta property=\"og:image:type\" content=\"image\/png\" \/>\n<meta name=\"twitter:card\" content=\"summary_large_image\" \/>\n<script type=\"application\/ld+json\" class=\"yoast-schema-graph\">{\"@context\":\"https:\/\/schema.org\",\"@graph\":[{\"@type\":[\"WebPage\",\"ItemPage\"],\"@id\":\"https:\/\/www.schramas.com\/winkel\/vitis-frankenthaler\/\",\"url\":\"https:\/\/www.schramas.com\/winkel\/vitis-frankenthaler\/\",\"name\":\"Vitis 'Frankenthaler' (Druivenstruik) kopen | Planten eenvoudig online bestellen | Schramas.com\",\"isPartOf\":{\"@id\":\"https:\/\/www.schramas.com\/#website\"},\"datePublished\":\"2023-09-12T12:32:29+00:00\",\"dateModified\":\"2025-07-10T10:18:36+00:00\",\"breadcrumb\":{\"@id\":\"https:\/\/www.schramas.com\/winkel\/vitis-frankenthaler\/#breadcrumb\"},\"inLanguage\":\"fr-FR\",\"potentialAction\":[{\"@type\":\"ReadAction\",\"target\":[\"https:\/\/www.schramas.com\/winkel\/vitis-frankenthaler\/\"]}]},{\"@type\":\"BreadcrumbList\",\"@id\":\"https:\/\/www.schramas.com\/winkel\/vitis-frankenthaler\/#breadcrumb\",\"itemListElement\":[{\"@type\":\"ListItem\",\"position\":1,\"name\":\"Product\",\"item\":\"https:\/\/www.schramas.com\/assortiment\/\"},{\"@type\":\"ListItem\",\"position\":2,\"name\":\"Vitis &#8216;Frankenthaler&#8217; (Druivenstruik)\"}]},{\"@type\":\"WebSite\",\"@id\":\"https:\/\/www.schramas.com\/#website\",\"url\":\"https:\/\/www.schramas.com\/\",\"name\":\"Schramas.com | Tuinplanten eenvoudig online bestellen | Direct van onze Kwekerij\",\"description\":\"\",\"alternateName\":\"Schramas.com - Alle planten direct van de kweker\",\"potentialAction\":[{\"@type\":\"SearchAction\",\"target\":{\"@type\":\"EntryPoint\",\"urlTemplate\":\"https:\/\/www.schramas.com\/?s={search_term_string}\"},\"query-input\":{\"@type\":\"PropertyValueSpecification\",\"valueRequired\":true,\"valueName\":\"search_term_string\"}}],\"inLanguage\":\"fr-FR\"}]}<\/script>\n<!-- \/ Yoast SEO plugin. -->","yoast_head_json":{"title":"Acheter Vitis 'Frankenthaler' (Grapevine) | Acheter des plantes facilement en ligne | Schramas.com","robots":{"index":"index","follow":"follow","max-snippet":"max-snippet:-1","max-image-preview":"max-image-preview:large","max-video-preview":"max-video-preview:-1"},"canonical":"https:\/\/www.schramas.com\/fr\/boutique\/vitis-frankenthaler\/","og_locale":"fr_FR","og_type":"article","og_title":"Vitis 'Frankenthaler' (Druivenstruik) kopen | Planten eenvoudig online bestellen | Schramas.com","og_description":"&#8216;Frankenthaler&#8217; is een druivenstruik met middelgrote, roze tot roodbruine druiven. Deze druivensoort staat bekend om zijn zoete en aromatische vruchten. &#8216;Frankenthaler&#8217; is geschikt voor vers gebruik en het maken van sap of wijn. De struik gedijt goed in ons klimaat en is een bijzondere keuze voor druivenkwekers.","og_url":"https:\/\/www.schramas.com\/fr\/boutique\/vitis-frankenthaler\/","og_site_name":"Planten eenvoudig online bestellen | Schramas.com","article_publisher":"https:\/\/www.facebook.com\/Schramascom-106872874153195\/","article_modified_time":"2025-07-10T10:18:36+00:00","og_image":[{"width":1446,"height":700,"url":"https:\/\/www.schramas.com\/wp-content\/uploads\/2020\/11\/210913-Logo-ontwerp-versie-2-amazon-grijs.png","type":"image\/png"}],"twitter_card":"summary_large_image","schema":{"@context":"https:\/\/schema.org","@graph":[{"@type":["WebPage","ItemPage"],"@id":"https:\/\/www.schramas.com\/winkel\/vitis-frankenthaler\/","url":"https:\/\/www.schramas.com\/winkel\/vitis-frankenthaler\/","name":"Acheter Vitis 'Frankenthaler' (Grapevine) | Acheter des plantes facilement en ligne | Schramas.com","isPartOf":{"@id":"https:\/\/www.schramas.com\/#website"},"datePublished":"2023-09-12T12:32:29+00:00","dateModified":"2025-07-10T10:18:36+00:00","breadcrumb":{"@id":"https:\/\/www.schramas.com\/winkel\/vitis-frankenthaler\/#breadcrumb"},"inLanguage":"fr-FR","potentialAction":[{"@type":"ReadAction","target":["https:\/\/www.schramas.com\/winkel\/vitis-frankenthaler\/"]}]},{"@type":"BreadcrumbList","@id":"https:\/\/www.schramas.com\/winkel\/vitis-frankenthaler\/#breadcrumb","itemListElement":[{"@type":"ListItem","position":1,"name":"Product","item":"https:\/\/www.schramas.com\/assortiment\/"},{"@type":"ListItem","position":2,"name":"Vitis &#8216;Frankenthaler&#8217; (Druivenstruik)"}]},{"@type":"WebSite","@id":"https:\/\/www.schramas.com\/#website","url":"https:\/\/www.schramas.com\/","name":"Schramas.com | Plantes de jardin faciles \u00e0 commander en ligne | En direct de notre p\u00e9pini\u00e8re","description":"","alternateName":"Schramas.com - Alle planten direct van de kweker","potentialAction":[{"@type":"SearchAction","target":{"@type":"EntryPoint","urlTemplate":"https:\/\/www.schramas.com\/?s={search_term_string}"},"query-input":{"@type":"PropertyValueSpecification","valueRequired":true,"valueName":"search_term_string"}}],"inLanguage":"fr-FR"}]}},"_links":{"self":[{"href":"https:\/\/www.schramas.com\/fr\/wp-json\/wp\/v2\/product\/27980","targetHints":{"allow":["GET"]}}],"collection":[{"href":"https:\/\/www.schramas.com\/fr\/wp-json\/wp\/v2\/product"}],"about":[{"href":"https:\/\/www.schramas.com\/fr\/wp-json\/wp\/v2\/types\/product"}],"version-history":[{"count":0,"href":"https:\/\/www.schramas.com\/fr\/wp-json\/wp\/v2\/product\/27980\/revisions"}],"wp:attachment":[{"href":"https:\/\/www.schramas.com\/fr\/wp-json\/wp\/v2\/media?parent=27980"}],"wp:term":[{"taxonomy":"product_brand","embeddable":true,"href":"https:\/\/www.schramas.com\/fr\/wp-json\/wp\/v2\/product_brand?post=27980"},{"taxonomy":"product_cat","embeddable":true,"href":"https:\/\/www.schramas.com\/fr\/wp-json\/wp\/v2\/product_cat?post=27980"},{"taxonomy":"product_tag","embeddable":true,"href":"https:\/\/www.schramas.com\/fr\/wp-json\/wp\/v2\/product_tag?post=27980"}],"curies":[{"name":"wp","href":"https:\/\/api.w.org\/{rel}","templated":true}]}}