{"id":28529,"date":"2023-09-26T15:03:27","date_gmt":"2023-09-26T13:03:27","guid":{"rendered":"https:\/\/www.schramas.com\/?post_type=product&#038;p=28529"},"modified":"2026-04-29T18:46:02","modified_gmt":"2026-04-29T16:46:02","slug":"rhododendron-catawbiense-grandiflorum-fleurs-roses-hauteur-40-50cm-pot-de-15-litres","status":"publish","type":"product","link":"https:\/\/www.schramas.com\/fr\/boutique\/rhododendron-catawbiense-grandiflorum-fleurs-roses-hauteur-40-50cm-pot-de-15-litres\/","title":{"rendered":"Rhododendron 'Catawbiense Grandiflorum' Fleurs roses - Hauteur 60cm - Pot de 1,5 litre"},"content":{"rendered":"<p>Cette beaut\u00e9 \u00e0 feuilles persistantes, le Rhododendron &#039;Catawbiense Grandiflorum&#039;, ajoute une beaut\u00e9 polyvalente \u00e0 votre jardin. Avec une hauteur et une largeur allant jusqu&#039;\u00e0 2 m\u00e8tres, il offre un ajout robuste \u00e0 votre espace ext\u00e9rieur.<\/p>\n<p>La p\u00e9riode de floraison de mai \u00e0 d\u00e9but juin enchante par l&#039;abondance de fleurs de couleur lilas qui ornent le jardin. Ce rhododendron prosp\u00e8re mieux \u00e0 l\u2019ombre partielle dans les endroits ensoleill\u00e9s et se sent chez lui \u00e0 la lisi\u00e8re des for\u00eats. Elle obtient ses meilleurs r\u00e9sultats de floraison dans un sol (forestier) acide et riche en humus.<\/p>\n<p>L&#039;entretien est simple : la taille est rarement n\u00e9cessaire, il suffit d&#039;enlever les fleurs fan\u00e9es pour conserver l&#039;\u00e9nergie de la plante. S&#039;il devient trop gros, vous pouvez tailler le vieux bois. Ne vous attendez pas \u00e0 des fleurs la premi\u00e8re ann\u00e9e, mais apr\u00e8s cela, le rhododendron refleurira abondamment.<\/p>","protected":false},"excerpt":{"rendered":"<p>Rhododendron &#039;Catawbiense Grandiflorum&#039; Rose<\/p>\n<p>Convient aussi bien pour les terrasses que pour les terrains en plein air.<\/p>\n<p>Inflorescence : ombelles de fleurs roses<\/p>\n<p>P\u00e9riode de floraison : mai-juin<\/p>\n<p>Hauteur de livraison avec pot : 40+ cm<\/p>\n<p>Hauteur maximale : environ 150 cm<\/p>","protected":false},"featured_media":28532,"template":"","meta":{"_joinchat":[]},"product_brand":[],"product_cat":[262,303,300,229,305],"product_tag":[499,1043,1041,536,495,1044,351,1042],"class_list":{"0":"post-28529","1":"product","2":"type-product","3":"status-publish","4":"has-post-thumbnail","6":"product_cat-bomen-struiken","7":"product_cat-groenblijvende-heesters","8":"product_cat-heesters","9":"product_cat-sierheesters","10":"product_cat-planten-heesters","11":"product_tag-groenblijvend","12":"product_tag-heidefamillie","13":"product_tag-rhododendron","14":"product_tag-roze","15":"product_tag-sierheester","16":"product_tag-wintergroen","17":"product_tag-winterhard","18":"product_tag-zure-grond","19":"pa_bloeimaanden-april","20":"pa_bloeimaanden-mei","21":"pa_ewd_uwcf_colors-groen-2","22":"pa_ewd_uwcf_colors-roze","23":"pa_ewd_uwcf_colors-wit","24":"pa_groeihoogte-150-200-cm","25":"pa_pot-zonder-pot","27":"first","28":"instock","29":"taxable","30":"shipping-taxable","31":"purchasable","32":"product-type-simple"},"yoast_head":"<!-- This site is optimized with the Yoast SEO plugin v24.2 - https:\/\/yoast.com\/wordpress\/plugins\/seo\/ -->\n<title>Rhododendron &#039;Catawbiense Grandiflorum&#039; Roze bloemen - Hoogte 60cm - 1,5 liter pot kopen | Planten eenvoudig online bestellen | Schramas.com<\/title>\n<meta name=\"robots\" content=\"index, follow, max-snippet:-1, max-image-preview:large, max-video-preview:-1\" \/>\n<link rel=\"canonical\" href=\"https:\/\/www.schramas.com\/fr\/boutique\/rhododendron-catawbiense-grandiflorum-fleurs-roses-hauteur-40-50cm-pot-de-15-litres\/\" \/>\n<meta property=\"og:locale\" content=\"fr_FR\" \/>\n<meta property=\"og:type\" content=\"article\" \/>\n<meta property=\"og:title\" content=\"Rhododendron &#039;Catawbiense Grandiflorum&#039; Roze bloemen - Hoogte 60cm - 1,5 liter pot kopen | Planten eenvoudig online bestellen | Schramas.com\" \/>\n<meta property=\"og:description\" content=\"Rhododendron &#039;Catawbiense Grandiflorum&#039; Roze  Geschikt voor zowel patio als volle grond.  Bloeiwijze: Roze bloemtuilen  Bloeitijd: mei-juni  Leverhoogte incl. pot: 40+ cm  Max. hoogte: circa 150 cm\" \/>\n<meta property=\"og:url\" content=\"https:\/\/www.schramas.com\/fr\/boutique\/rhododendron-catawbiense-grandiflorum-fleurs-roses-hauteur-40-50cm-pot-de-15-litres\/\" \/>\n<meta property=\"og:site_name\" content=\"Planten eenvoudig online bestellen | Schramas.com\" \/>\n<meta property=\"article:publisher\" content=\"https:\/\/www.facebook.com\/Schramascom-106872874153195\/\" \/>\n<meta property=\"article:modified_time\" content=\"2026-04-29T16:46:02+00:00\" \/>\n<meta property=\"og:image\" content=\"http:\/\/www.schramas.com\/wp-content\/uploads\/2023\/09\/Rhododendron-Catawbiense-Grandiflorum-sfeer.jpg\" \/>\n\t<meta property=\"og:image:width\" content=\"1600\" \/>\n\t<meta property=\"og:image:height\" content=\"1600\" \/>\n\t<meta property=\"og:image:type\" content=\"image\/jpeg\" \/>\n<meta name=\"twitter:card\" content=\"summary_large_image\" \/>\n<meta name=\"twitter:label1\" content=\"Dur\u00e9e de lecture estim\u00e9e\" \/>\n\t<meta name=\"twitter:data1\" content=\"1 minute\" \/>\n<script type=\"application\/ld+json\" class=\"yoast-schema-graph\">{\"@context\":\"https:\/\/schema.org\",\"@graph\":[{\"@type\":[\"WebPage\",\"ItemPage\"],\"@id\":\"https:\/\/www.schramas.com\/winkel\/rhododendron-catawbiense-grandiflorum-roze-bloemen-hoogte-40-50cm-15-liter-pot\/\",\"url\":\"https:\/\/www.schramas.com\/winkel\/rhododendron-catawbiense-grandiflorum-roze-bloemen-hoogte-40-50cm-15-liter-pot\/\",\"name\":\"Rhododendron 'Catawbiense Grandiflorum' Roze bloemen - Hoogte 60cm - 1,5 liter pot kopen | Planten eenvoudig online bestellen | Schramas.com\",\"isPartOf\":{\"@id\":\"https:\/\/www.schramas.com\/#website\"},\"primaryImageOfPage\":{\"@id\":\"https:\/\/www.schramas.com\/winkel\/rhododendron-catawbiense-grandiflorum-roze-bloemen-hoogte-40-50cm-15-liter-pot\/#primaryimage\"},\"image\":{\"@id\":\"https:\/\/www.schramas.com\/winkel\/rhododendron-catawbiense-grandiflorum-roze-bloemen-hoogte-40-50cm-15-liter-pot\/#primaryimage\"},\"thumbnailUrl\":\"https:\/\/www.schramas.com\/wp-content\/uploads\/2023\/09\/Rhododendron-Catawbiense-Grandiflorum-sfeer.jpg\",\"datePublished\":\"2023-09-26T13:03:27+00:00\",\"dateModified\":\"2026-04-29T16:46:02+00:00\",\"breadcrumb\":{\"@id\":\"https:\/\/www.schramas.com\/winkel\/rhododendron-catawbiense-grandiflorum-roze-bloemen-hoogte-40-50cm-15-liter-pot\/#breadcrumb\"},\"inLanguage\":\"fr-FR\",\"potentialAction\":[{\"@type\":\"ReadAction\",\"target\":[\"https:\/\/www.schramas.com\/winkel\/rhododendron-catawbiense-grandiflorum-roze-bloemen-hoogte-40-50cm-15-liter-pot\/\"]}]},{\"@type\":\"ImageObject\",\"inLanguage\":\"fr-FR\",\"@id\":\"https:\/\/www.schramas.com\/winkel\/rhododendron-catawbiense-grandiflorum-roze-bloemen-hoogte-40-50cm-15-liter-pot\/#primaryimage\",\"url\":\"https:\/\/www.schramas.com\/wp-content\/uploads\/2023\/09\/Rhododendron-Catawbiense-Grandiflorum-sfeer.jpg\",\"contentUrl\":\"https:\/\/www.schramas.com\/wp-content\/uploads\/2023\/09\/Rhododendron-Catawbiense-Grandiflorum-sfeer.jpg\",\"width\":1600,\"height\":1600},{\"@type\":\"BreadcrumbList\",\"@id\":\"https:\/\/www.schramas.com\/winkel\/rhododendron-catawbiense-grandiflorum-roze-bloemen-hoogte-40-50cm-15-liter-pot\/#breadcrumb\",\"itemListElement\":[{\"@type\":\"ListItem\",\"position\":1,\"name\":\"Product\",\"item\":\"https:\/\/www.schramas.com\/assortiment\/\"},{\"@type\":\"ListItem\",\"position\":2,\"name\":\"Bomen &amp; Struiken\",\"item\":\"https:\/\/www.schramas.com\/product-category\/bomen-struiken\/\"},{\"@type\":\"ListItem\",\"position\":3,\"name\":\"Rhododendron &#8216;Catawbiense Grandiflorum&#8217; Roze bloemen &#8211; Hoogte 60cm &#8211; 1,5 liter pot\"}]},{\"@type\":\"WebSite\",\"@id\":\"https:\/\/www.schramas.com\/#website\",\"url\":\"https:\/\/www.schramas.com\/\",\"name\":\"Schramas.com | Tuinplanten eenvoudig online bestellen | Direct van onze Kwekerij\",\"description\":\"\",\"alternateName\":\"Schramas.com - Alle planten direct van de kweker\",\"potentialAction\":[{\"@type\":\"SearchAction\",\"target\":{\"@type\":\"EntryPoint\",\"urlTemplate\":\"https:\/\/www.schramas.com\/?s={search_term_string}\"},\"query-input\":{\"@type\":\"PropertyValueSpecification\",\"valueRequired\":true,\"valueName\":\"search_term_string\"}}],\"inLanguage\":\"fr-FR\"}]}<\/script>\n<!-- \/ Yoast SEO plugin. -->","yoast_head_json":{"title":"Acheter Rhododendron &#039;Catawbiense Grandiflorum&#039; Fleurs roses - Hauteur 60cm - Pot de 1,5 litre | Commandez facilement des plantes en ligne | Schramas.com","robots":{"index":"index","follow":"follow","max-snippet":"max-snippet:-1","max-image-preview":"max-image-preview:large","max-video-preview":"max-video-preview:-1"},"canonical":"https:\/\/www.schramas.com\/fr\/boutique\/rhododendron-catawbiense-grandiflorum-fleurs-roses-hauteur-40-50cm-pot-de-15-litres\/","og_locale":"fr_FR","og_type":"article","og_title":"Rhododendron 'Catawbiense Grandiflorum' Roze bloemen - Hoogte 60cm - 1,5 liter pot kopen | Planten eenvoudig online bestellen | Schramas.com","og_description":"Rhododendron 'Catawbiense Grandiflorum' Roze  Geschikt voor zowel patio als volle grond.  Bloeiwijze: Roze bloemtuilen  Bloeitijd: mei-juni  Leverhoogte incl. pot: 40+ cm  Max. hoogte: circa 150 cm","og_url":"https:\/\/www.schramas.com\/fr\/boutique\/rhododendron-catawbiense-grandiflorum-fleurs-roses-hauteur-40-50cm-pot-de-15-litres\/","og_site_name":"Planten eenvoudig online bestellen | Schramas.com","article_publisher":"https:\/\/www.facebook.com\/Schramascom-106872874153195\/","article_modified_time":"2026-04-29T16:46:02+00:00","og_image":[{"width":1600,"height":1600,"url":"http:\/\/www.schramas.com\/wp-content\/uploads\/2023\/09\/Rhododendron-Catawbiense-Grandiflorum-sfeer.jpg","type":"image\/jpeg"}],"twitter_card":"summary_large_image","twitter_misc":{"Dur\u00e9e de lecture estim\u00e9e":"1 minute"},"schema":{"@context":"https:\/\/schema.org","@graph":[{"@type":["WebPage","ItemPage"],"@id":"https:\/\/www.schramas.com\/winkel\/rhododendron-catawbiense-grandiflorum-roze-bloemen-hoogte-40-50cm-15-liter-pot\/","url":"https:\/\/www.schramas.com\/winkel\/rhododendron-catawbiense-grandiflorum-roze-bloemen-hoogte-40-50cm-15-liter-pot\/","name":"Acheter Rhododendron &#039;Catawbiense Grandiflorum&#039; Fleurs roses - Hauteur 60cm - Pot de 1,5 litre | Commandez facilement des plantes en ligne | Schramas.com","isPartOf":{"@id":"https:\/\/www.schramas.com\/#website"},"primaryImageOfPage":{"@id":"https:\/\/www.schramas.com\/winkel\/rhododendron-catawbiense-grandiflorum-roze-bloemen-hoogte-40-50cm-15-liter-pot\/#primaryimage"},"image":{"@id":"https:\/\/www.schramas.com\/winkel\/rhododendron-catawbiense-grandiflorum-roze-bloemen-hoogte-40-50cm-15-liter-pot\/#primaryimage"},"thumbnailUrl":"https:\/\/www.schramas.com\/wp-content\/uploads\/2023\/09\/Rhododendron-Catawbiense-Grandiflorum-sfeer.jpg","datePublished":"2023-09-26T13:03:27+00:00","dateModified":"2026-04-29T16:46:02+00:00","breadcrumb":{"@id":"https:\/\/www.schramas.com\/winkel\/rhododendron-catawbiense-grandiflorum-roze-bloemen-hoogte-40-50cm-15-liter-pot\/#breadcrumb"},"inLanguage":"fr-FR","potentialAction":[{"@type":"ReadAction","target":["https:\/\/www.schramas.com\/winkel\/rhododendron-catawbiense-grandiflorum-roze-bloemen-hoogte-40-50cm-15-liter-pot\/"]}]},{"@type":"ImageObject","inLanguage":"fr-FR","@id":"https:\/\/www.schramas.com\/winkel\/rhododendron-catawbiense-grandiflorum-roze-bloemen-hoogte-40-50cm-15-liter-pot\/#primaryimage","url":"https:\/\/www.schramas.com\/wp-content\/uploads\/2023\/09\/Rhododendron-Catawbiense-Grandiflorum-sfeer.jpg","contentUrl":"https:\/\/www.schramas.com\/wp-content\/uploads\/2023\/09\/Rhododendron-Catawbiense-Grandiflorum-sfeer.jpg","width":1600,"height":1600},{"@type":"BreadcrumbList","@id":"https:\/\/www.schramas.com\/winkel\/rhododendron-catawbiense-grandiflorum-roze-bloemen-hoogte-40-50cm-15-liter-pot\/#breadcrumb","itemListElement":[{"@type":"ListItem","position":1,"name":"Product","item":"https:\/\/www.schramas.com\/assortiment\/"},{"@type":"ListItem","position":2,"name":"Bomen &amp; Struiken","item":"https:\/\/www.schramas.com\/product-category\/bomen-struiken\/"},{"@type":"ListItem","position":3,"name":"Rhododendron &#8216;Catawbiense Grandiflorum&#8217; Roze bloemen &#8211; Hoogte 60cm &#8211; 1,5 liter pot"}]},{"@type":"WebSite","@id":"https:\/\/www.schramas.com\/#website","url":"https:\/\/www.schramas.com\/","name":"Schramas.com | Plantes de jardin faciles \u00e0 commander en ligne | En direct de notre p\u00e9pini\u00e8re","description":"","alternateName":"Schramas.com - Alle planten direct van de kweker","potentialAction":[{"@type":"SearchAction","target":{"@type":"EntryPoint","urlTemplate":"https:\/\/www.schramas.com\/?s={search_term_string}"},"query-input":{"@type":"PropertyValueSpecification","valueRequired":true,"valueName":"search_term_string"}}],"inLanguage":"fr-FR"}]}},"_links":{"self":[{"href":"https:\/\/www.schramas.com\/fr\/wp-json\/wp\/v2\/product\/28529","targetHints":{"allow":["GET"]}}],"collection":[{"href":"https:\/\/www.schramas.com\/fr\/wp-json\/wp\/v2\/product"}],"about":[{"href":"https:\/\/www.schramas.com\/fr\/wp-json\/wp\/v2\/types\/product"}],"version-history":[{"count":1,"href":"https:\/\/www.schramas.com\/fr\/wp-json\/wp\/v2\/product\/28529\/revisions"}],"predecessor-version":[{"id":40916,"href":"https:\/\/www.schramas.com\/fr\/wp-json\/wp\/v2\/product\/28529\/revisions\/40916"}],"wp:featuredmedia":[{"embeddable":true,"href":"https:\/\/www.schramas.com\/fr\/wp-json\/wp\/v2\/media\/28532"}],"wp:attachment":[{"href":"https:\/\/www.schramas.com\/fr\/wp-json\/wp\/v2\/media?parent=28529"}],"wp:term":[{"taxonomy":"product_brand","embeddable":true,"href":"https:\/\/www.schramas.com\/fr\/wp-json\/wp\/v2\/product_brand?post=28529"},{"taxonomy":"product_cat","embeddable":true,"href":"https:\/\/www.schramas.com\/fr\/wp-json\/wp\/v2\/product_cat?post=28529"},{"taxonomy":"product_tag","embeddable":true,"href":"https:\/\/www.schramas.com\/fr\/wp-json\/wp\/v2\/product_tag?post=28529"}],"curies":[{"name":"wp","href":"https:\/\/api.w.org\/{rel}","templated":true}]}}