{"id":28534,"date":"2023-09-26T15:41:30","date_gmt":"2023-09-26T13:41:30","guid":{"rendered":"https:\/\/www.schramas.com\/?post_type=product&#038;p=28534"},"modified":"2026-04-19T11:13:25","modified_gmt":"2026-04-19T09:13:25","slug":"camellia-japonica-tricolore-trois-couleurs-hauteur-30-40cm-pot-de-15-litres","status":"publish","type":"product","link":"https:\/\/www.schramas.com\/fr\/boutique\/camellia-japonica-tricolore-trois-couleurs-hauteur-30-40cm-pot-de-15-litres\/","title":{"rendered":"Camellia japonica &#039;Tricolor&#039; Trois couleurs \u2013 Hauteur 40cm \u2013 Pot de 1,5 litre"},"content":{"rendered":"<p>Le Camelia japonica &#039;Tricolor&#039; est un bel arbuste \u00e0 feuilles persistantes qui combine trois couleurs dans un seul pot ! Avec ses fleurs doubles et sa valeur ornementale saisissante, cette beaut\u00e9 r\u00e9sistante \u00e0 l&#039;hiver attire tous les regards. Que ce soit en massif ou en pot, la plante se sent partout chez elle. Durant sa p\u00e9riode de floraison de f\u00e9vrier \u00e0 avril, ce cam\u00e9lia rustique vole la vedette sur votre balcon, terrasse ou dans le jardin.<\/p>\n<p>D&#039;une hauteur allant jusqu&#039;\u00e0 150 cm, cet arbuste ornemental ajoute de multiples couleurs \u00e0 votre espace ext\u00e9rieur. Il prosp\u00e8re mieux dans un endroit abrit\u00e9 et mi-ombrag\u00e9. Les soins sont minimes et la plante a un besoin modeste en eau.<\/p>\n<p>&nbsp;<\/p>","protected":false},"excerpt":{"rendered":"<p>Camelia japonica &#039;Tricolor&#039; Trois couleurs<\/p>\n<p>Convient aussi bien pour les terrasses que pour les terrains en plein air.<\/p>\n<p>Inflorescence : Trois couleurs<\/p>\n<p>P\u00e9riode de floraison : f\u00e9vrier-avril<\/p>\n<p>Hauteur de livraison avec pot : 30-40 cm<\/p>\n<p>Max. hauteur : environ 200 cm<\/p>","protected":false},"featured_media":28535,"template":"","meta":{"_joinchat":[]},"product_brand":[],"product_cat":[262,303,300,229,305],"product_tag":[1228,499,536,495,1229,1044,351],"class_list":{"0":"post-28534","1":"product","2":"type-product","3":"status-publish","4":"has-post-thumbnail","6":"product_cat-bomen-struiken","7":"product_cat-groenblijvende-heesters","8":"product_cat-heesters","9":"product_cat-sierheesters","10":"product_cat-planten-heesters","11":"product_tag-drie-kleuren","12":"product_tag-groenblijvend","13":"product_tag-roze","14":"product_tag-sierheester","15":"product_tag-tricolor","16":"product_tag-wintergroen","17":"product_tag-winterhard","18":"pa_bloeimaanden-april","19":"pa_bloeimaanden-mei","20":"pa_ewd_uwcf_colors-groen-2","21":"pa_ewd_uwcf_colors-roze","22":"pa_ewd_uwcf_colors-wit","23":"pa_groeihoogte-150-200-cm","24":"pa_pot-zonder-pot","26":"first","27":"instock","28":"taxable","29":"shipping-taxable","30":"purchasable","31":"product-type-simple"},"yoast_head":"<!-- This site is optimized with the Yoast SEO plugin v24.2 - https:\/\/yoast.com\/wordpress\/plugins\/seo\/ -->\n<title>Camellia japonica &#039;Tricolor&#039; Drie kleuren - Hoogte 40cm - 1,5 liter pot kopen | Planten eenvoudig online bestellen | Schramas.com<\/title>\n<meta name=\"robots\" content=\"index, follow, max-snippet:-1, max-image-preview:large, max-video-preview:-1\" \/>\n<link rel=\"canonical\" href=\"https:\/\/www.schramas.com\/fr\/boutique\/camellia-japonica-tricolore-trois-couleurs-hauteur-30-40cm-pot-de-15-litres\/\" \/>\n<meta property=\"og:locale\" content=\"fr_FR\" \/>\n<meta property=\"og:type\" content=\"article\" \/>\n<meta property=\"og:title\" content=\"Camellia japonica &#039;Tricolor&#039; Drie kleuren - Hoogte 40cm - 1,5 liter pot kopen | Planten eenvoudig online bestellen | Schramas.com\" \/>\n<meta property=\"og:description\" content=\"Camelia japonica &#039;Tricolor&#039; Drie kleuren  Geschikt voor zowel patio als volle grond.  Bloeiwijze: Drie kleuren  Bloeitijd: Februari-april  Leverhoogte incl. pot: 30-40 cm  Max. hoogte: circa 200 cm\" \/>\n<meta property=\"og:url\" content=\"https:\/\/www.schramas.com\/fr\/boutique\/camellia-japonica-tricolore-trois-couleurs-hauteur-30-40cm-pot-de-15-litres\/\" \/>\n<meta property=\"og:site_name\" content=\"Planten eenvoudig online bestellen | Schramas.com\" \/>\n<meta property=\"article:publisher\" content=\"https:\/\/www.facebook.com\/Schramascom-106872874153195\/\" \/>\n<meta property=\"article:modified_time\" content=\"2026-04-19T09:13:25+00:00\" \/>\n<meta property=\"og:image\" content=\"http:\/\/www.schramas.com\/wp-content\/uploads\/2023\/09\/Camelia-Tricolor-sfeer.jpg\" \/>\n\t<meta property=\"og:image:width\" content=\"1600\" \/>\n\t<meta property=\"og:image:height\" content=\"1600\" \/>\n\t<meta property=\"og:image:type\" content=\"image\/jpeg\" \/>\n<meta name=\"twitter:card\" content=\"summary_large_image\" \/>\n<meta name=\"twitter:label1\" content=\"Dur\u00e9e de lecture estim\u00e9e\" \/>\n\t<meta name=\"twitter:data1\" content=\"1 minute\" \/>\n<script type=\"application\/ld+json\" class=\"yoast-schema-graph\">{\"@context\":\"https:\/\/schema.org\",\"@graph\":[{\"@type\":[\"WebPage\",\"ItemPage\"],\"@id\":\"https:\/\/www.schramas.com\/winkel\/camelia-japonica-tricolor-drie-kleuren-hoogte-30-40cm-15-liter-pot\/\",\"url\":\"https:\/\/www.schramas.com\/winkel\/camelia-japonica-tricolor-drie-kleuren-hoogte-30-40cm-15-liter-pot\/\",\"name\":\"Camellia japonica 'Tricolor' Drie kleuren - Hoogte 40cm - 1,5 liter pot kopen | Planten eenvoudig online bestellen | Schramas.com\",\"isPartOf\":{\"@id\":\"https:\/\/www.schramas.com\/#website\"},\"primaryImageOfPage\":{\"@id\":\"https:\/\/www.schramas.com\/winkel\/camelia-japonica-tricolor-drie-kleuren-hoogte-30-40cm-15-liter-pot\/#primaryimage\"},\"image\":{\"@id\":\"https:\/\/www.schramas.com\/winkel\/camelia-japonica-tricolor-drie-kleuren-hoogte-30-40cm-15-liter-pot\/#primaryimage\"},\"thumbnailUrl\":\"https:\/\/www.schramas.com\/wp-content\/uploads\/2023\/09\/Camelia-Tricolor-sfeer.jpg\",\"datePublished\":\"2023-09-26T13:41:30+00:00\",\"dateModified\":\"2026-04-19T09:13:25+00:00\",\"breadcrumb\":{\"@id\":\"https:\/\/www.schramas.com\/winkel\/camelia-japonica-tricolor-drie-kleuren-hoogte-30-40cm-15-liter-pot\/#breadcrumb\"},\"inLanguage\":\"fr-FR\",\"potentialAction\":[{\"@type\":\"ReadAction\",\"target\":[\"https:\/\/www.schramas.com\/winkel\/camelia-japonica-tricolor-drie-kleuren-hoogte-30-40cm-15-liter-pot\/\"]}]},{\"@type\":\"ImageObject\",\"inLanguage\":\"fr-FR\",\"@id\":\"https:\/\/www.schramas.com\/winkel\/camelia-japonica-tricolor-drie-kleuren-hoogte-30-40cm-15-liter-pot\/#primaryimage\",\"url\":\"https:\/\/www.schramas.com\/wp-content\/uploads\/2023\/09\/Camelia-Tricolor-sfeer.jpg\",\"contentUrl\":\"https:\/\/www.schramas.com\/wp-content\/uploads\/2023\/09\/Camelia-Tricolor-sfeer.jpg\",\"width\":1600,\"height\":1600},{\"@type\":\"BreadcrumbList\",\"@id\":\"https:\/\/www.schramas.com\/winkel\/camelia-japonica-tricolor-drie-kleuren-hoogte-30-40cm-15-liter-pot\/#breadcrumb\",\"itemListElement\":[{\"@type\":\"ListItem\",\"position\":1,\"name\":\"Product\",\"item\":\"https:\/\/www.schramas.com\/assortiment\/\"},{\"@type\":\"ListItem\",\"position\":2,\"name\":\"Bomen &amp; Struiken\",\"item\":\"https:\/\/www.schramas.com\/product-category\/bomen-struiken\/\"},{\"@type\":\"ListItem\",\"position\":3,\"name\":\"Camellia japonica &#8216;Tricolor&#8217; Drie kleuren &#8211; Hoogte 40cm &#8211; 1,5 liter pot\"}]},{\"@type\":\"WebSite\",\"@id\":\"https:\/\/www.schramas.com\/#website\",\"url\":\"https:\/\/www.schramas.com\/\",\"name\":\"Schramas.com | Tuinplanten eenvoudig online bestellen | Direct van onze Kwekerij\",\"description\":\"\",\"alternateName\":\"Schramas.com - Alle planten direct van de kweker\",\"potentialAction\":[{\"@type\":\"SearchAction\",\"target\":{\"@type\":\"EntryPoint\",\"urlTemplate\":\"https:\/\/www.schramas.com\/?s={search_term_string}\"},\"query-input\":{\"@type\":\"PropertyValueSpecification\",\"valueRequired\":true,\"valueName\":\"search_term_string\"}}],\"inLanguage\":\"fr-FR\"}]}<\/script>\n<!-- \/ Yoast SEO plugin. -->","yoast_head_json":{"title":"Achetez Camellia japonica &#039;Tricolor&#039; Trois couleurs - Hauteur 40cm - Pot de 1,5 litre | Commandez facilement des plantes en ligne | Schramas.com","robots":{"index":"index","follow":"follow","max-snippet":"max-snippet:-1","max-image-preview":"max-image-preview:large","max-video-preview":"max-video-preview:-1"},"canonical":"https:\/\/www.schramas.com\/fr\/boutique\/camellia-japonica-tricolore-trois-couleurs-hauteur-30-40cm-pot-de-15-litres\/","og_locale":"fr_FR","og_type":"article","og_title":"Camellia japonica 'Tricolor' Drie kleuren - Hoogte 40cm - 1,5 liter pot kopen | Planten eenvoudig online bestellen | Schramas.com","og_description":"Camelia japonica 'Tricolor' Drie kleuren  Geschikt voor zowel patio als volle grond.  Bloeiwijze: Drie kleuren  Bloeitijd: Februari-april  Leverhoogte incl. pot: 30-40 cm  Max. hoogte: circa 200 cm","og_url":"https:\/\/www.schramas.com\/fr\/boutique\/camellia-japonica-tricolore-trois-couleurs-hauteur-30-40cm-pot-de-15-litres\/","og_site_name":"Planten eenvoudig online bestellen | Schramas.com","article_publisher":"https:\/\/www.facebook.com\/Schramascom-106872874153195\/","article_modified_time":"2026-04-19T09:13:25+00:00","og_image":[{"width":1600,"height":1600,"url":"http:\/\/www.schramas.com\/wp-content\/uploads\/2023\/09\/Camelia-Tricolor-sfeer.jpg","type":"image\/jpeg"}],"twitter_card":"summary_large_image","twitter_misc":{"Dur\u00e9e de lecture estim\u00e9e":"1 minute"},"schema":{"@context":"https:\/\/schema.org","@graph":[{"@type":["WebPage","ItemPage"],"@id":"https:\/\/www.schramas.com\/winkel\/camelia-japonica-tricolor-drie-kleuren-hoogte-30-40cm-15-liter-pot\/","url":"https:\/\/www.schramas.com\/winkel\/camelia-japonica-tricolor-drie-kleuren-hoogte-30-40cm-15-liter-pot\/","name":"Achetez Camellia japonica &#039;Tricolor&#039; Trois couleurs - Hauteur 40cm - Pot de 1,5 litre | Commandez facilement des plantes en ligne | Schramas.com","isPartOf":{"@id":"https:\/\/www.schramas.com\/#website"},"primaryImageOfPage":{"@id":"https:\/\/www.schramas.com\/winkel\/camelia-japonica-tricolor-drie-kleuren-hoogte-30-40cm-15-liter-pot\/#primaryimage"},"image":{"@id":"https:\/\/www.schramas.com\/winkel\/camelia-japonica-tricolor-drie-kleuren-hoogte-30-40cm-15-liter-pot\/#primaryimage"},"thumbnailUrl":"https:\/\/www.schramas.com\/wp-content\/uploads\/2023\/09\/Camelia-Tricolor-sfeer.jpg","datePublished":"2023-09-26T13:41:30+00:00","dateModified":"2026-04-19T09:13:25+00:00","breadcrumb":{"@id":"https:\/\/www.schramas.com\/winkel\/camelia-japonica-tricolor-drie-kleuren-hoogte-30-40cm-15-liter-pot\/#breadcrumb"},"inLanguage":"fr-FR","potentialAction":[{"@type":"ReadAction","target":["https:\/\/www.schramas.com\/winkel\/camelia-japonica-tricolor-drie-kleuren-hoogte-30-40cm-15-liter-pot\/"]}]},{"@type":"ImageObject","inLanguage":"fr-FR","@id":"https:\/\/www.schramas.com\/winkel\/camelia-japonica-tricolor-drie-kleuren-hoogte-30-40cm-15-liter-pot\/#primaryimage","url":"https:\/\/www.schramas.com\/wp-content\/uploads\/2023\/09\/Camelia-Tricolor-sfeer.jpg","contentUrl":"https:\/\/www.schramas.com\/wp-content\/uploads\/2023\/09\/Camelia-Tricolor-sfeer.jpg","width":1600,"height":1600},{"@type":"BreadcrumbList","@id":"https:\/\/www.schramas.com\/winkel\/camelia-japonica-tricolor-drie-kleuren-hoogte-30-40cm-15-liter-pot\/#breadcrumb","itemListElement":[{"@type":"ListItem","position":1,"name":"Product","item":"https:\/\/www.schramas.com\/assortiment\/"},{"@type":"ListItem","position":2,"name":"Bomen &amp; Struiken","item":"https:\/\/www.schramas.com\/product-category\/bomen-struiken\/"},{"@type":"ListItem","position":3,"name":"Camellia japonica &#8216;Tricolor&#8217; Drie kleuren &#8211; Hoogte 40cm &#8211; 1,5 liter pot"}]},{"@type":"WebSite","@id":"https:\/\/www.schramas.com\/#website","url":"https:\/\/www.schramas.com\/","name":"Schramas.com | Plantes de jardin faciles \u00e0 commander en ligne | En direct de notre p\u00e9pini\u00e8re","description":"","alternateName":"Schramas.com - Alle planten direct van de kweker","potentialAction":[{"@type":"SearchAction","target":{"@type":"EntryPoint","urlTemplate":"https:\/\/www.schramas.com\/?s={search_term_string}"},"query-input":{"@type":"PropertyValueSpecification","valueRequired":true,"valueName":"search_term_string"}}],"inLanguage":"fr-FR"}]}},"_links":{"self":[{"href":"https:\/\/www.schramas.com\/fr\/wp-json\/wp\/v2\/product\/28534","targetHints":{"allow":["GET"]}}],"collection":[{"href":"https:\/\/www.schramas.com\/fr\/wp-json\/wp\/v2\/product"}],"about":[{"href":"https:\/\/www.schramas.com\/fr\/wp-json\/wp\/v2\/types\/product"}],"version-history":[{"count":1,"href":"https:\/\/www.schramas.com\/fr\/wp-json\/wp\/v2\/product\/28534\/revisions"}],"predecessor-version":[{"id":45934,"href":"https:\/\/www.schramas.com\/fr\/wp-json\/wp\/v2\/product\/28534\/revisions\/45934"}],"wp:featuredmedia":[{"embeddable":true,"href":"https:\/\/www.schramas.com\/fr\/wp-json\/wp\/v2\/media\/28535"}],"wp:attachment":[{"href":"https:\/\/www.schramas.com\/fr\/wp-json\/wp\/v2\/media?parent=28534"}],"wp:term":[{"taxonomy":"product_brand","embeddable":true,"href":"https:\/\/www.schramas.com\/fr\/wp-json\/wp\/v2\/product_brand?post=28534"},{"taxonomy":"product_cat","embeddable":true,"href":"https:\/\/www.schramas.com\/fr\/wp-json\/wp\/v2\/product_cat?post=28534"},{"taxonomy":"product_tag","embeddable":true,"href":"https:\/\/www.schramas.com\/fr\/wp-json\/wp\/v2\/product_tag?post=28534"}],"curies":[{"name":"wp","href":"https:\/\/api.w.org\/{rel}","templated":true}]}}