{"id":28597,"date":"2023-09-27T14:02:06","date_gmt":"2023-09-27T12:02:06","guid":{"rendered":"https:\/\/www.schramas.com\/?post_type=product&#038;p=28597"},"modified":"2026-05-10T10:52:27","modified_gmt":"2026-05-10T08:52:27","slug":"set-de-4-mures-rubus-fruticosus-black-satin-thornless-evergreen-triple-crown-tayberry-hauteur-25cm-9cm-pot","status":"publish","type":"product","link":"https:\/\/www.schramas.com\/fr\/boutique\/set-de-4-mures-rubus-fruticosus-black-satin-thornless-evergreen-triple-crown-tayberry-hauteur-25cm-9cm-pot\/","title":{"rendered":"Lot de 4 M\u00fbres - Rubus fruticosus -Black Satin, Thornless Evergreen, Triple Crown, Tayberry - Hauteur 25cm - Pot de 9cm"},"content":{"rendered":"<div class=\"flex-1 overflow-hidden\">\n<div class=\"react-scroll-to-bottom--css-kbcqf-79elbk h-full dark:bg-gray-800\">\n<div class=\"react-scroll-to-bottom--css-kbcqf-1n7m0yu\">\n<div class=\"flex flex-col text-sm dark:bg-gray-800\">\n<div class=\"group w-full text-token-text-primary border-b border-black\/10 gizmo:border-0 dark:border-gray-900\/50 gizmo:dark:border-0 bg-gray-50 gizmo:bg-transparent dark:bg-[#444654] gizmo:dark:bg-transparent\" data-testid=\"conversation-turn-107\">\n<div class=\"p-4 justify-center text-base md:gap-6 md:py-6 m-auto\">\n<div class=\"flex flex-1 gap-4 text-base mx-auto md:gap-6 md:max-w-2xl lg:max-w-[38rem] xl:max-w-3xl }\">\n<div class=\"relative flex w-[calc(100%-50px)] flex-col gap-1 md:gap-3 lg:w-[calc(100%-115px)]\">\n<div class=\"flex flex-grow flex-col gap-3 max-w-full\">\n<div class=\"min-h-[20px] flex flex-col items-start gap-3 overflow-x-auto whitespace-pre-wrap break-words\">\n<div class=\"markdown prose w-full break-words dark:prose-invert light\">\n<p>Ce set contient quatre vari\u00e9t\u00e9s de m\u00fbres diff\u00e9rentes : 'Black Satin', 'Thornless Evergreen', 'Triple Crown' et 'Tayberry'. Chaque m\u00fbre a une hauteur de 25 cm et est pr\u00e9sent\u00e9e dans un pot de 9 cm.<\/p>\n<p><strong>Rubus fruticosus 'Black Satin' (Satin noir)<\/strong>M\u00fbre sans \u00e9pines : M\u00fbre sans \u00e9pines qui produit de d\u00e9licieux fruits juteux. Ces fruits noirs sont gros et ont une excellente saveur. Ils conviennent \u00e0 la consommation directe et peuvent \u00e9galement \u00eatre utilis\u00e9s dans les tartes. Cette m\u00fbre se pla\u00eet dans un endroit ensoleill\u00e9 et peut \u00e9galement pousser \u00e0 mi-ombre. La floraison a lieu en mai-juin, suivie de la fructification de juillet \u00e0 septembre. Avec des soins appropri\u00e9s et une taille annuelle, on peut s'attendre \u00e0 une bonne r\u00e9colte. Cette m\u00fbre est tr\u00e8s rustique et peut supporter des temp\u00e9ratures allant jusqu'\u00e0 -28 degr\u00e9s Celsius. Elle n'est pas sensible aux maladies et n\u00e9cessite peu de fertilisation.<\/p>\n<p><strong>Rubus fruticosus 'Thornless Evergreen' (\u00e0 feuilles persistantes sans \u00e9pines)<\/strong>M\u00fbre sans \u00e9pines : Cette m\u00fbre sans \u00e9pines porte des fruits de juillet \u00e0 octobre. Les fruits ont besoin de beaucoup de soleil et de temps pour m\u00fbrir. En automne, ils peuvent \u00eatre r\u00e9colt\u00e9s et utilis\u00e9s pour faire de la confiture, de la liqueur ou du jus. Cette m\u00fbre pousse de pr\u00e9f\u00e9rence sur un sol limoneux et se sent \u00e0 l'aise dans un endroit abrit\u00e9. En cas de gel, il est conseill\u00e9 de couvrir les plantes.<\/p>\n<p><strong>Rubus fruticosus \"Triple Crown\" (\u00e0 l'\u00e9tat sauvage)<\/strong>Cette vari\u00e9t\u00e9 de m\u00fbre sans \u00e9pines, relativement nouvelle, se distingue \u00e0 plusieurs \u00e9gards. Elle est tr\u00e8s productive avec de gros fruits savoureux. Les tiges robustes r\u00e9sistent bien aux maladies et au gel. Les fruits sont assez gros et ont une belle couleur. Ils sont faciles \u00e0 cueillir et peuvent \u00eatre consomm\u00e9s frais ou transform\u00e9s en confitures, vins et desserts, par exemple. Cette m\u00fbre n'est pas sensible aux maladies et n\u00e9cessite peu de fertilisation.<\/p>\n<p><strong>Rubus 'Tayberry'<\/strong>M\u00fbre : Croisement entre la m\u00fbre et la framboise. L\u00e9g\u00e8rement \u00e9pineux, avec de gros fruits rouge fonc\u00e9 deux fois plus gros que les framboises. Ils ont une saveur aigre-douce et peuvent \u00eatre utilis\u00e9s pour le jus, la d\u00e9coration ou la consommation directe. La r\u00e9colte a lieu en juillet-ao\u00fbt. Cette plante se d\u00e9veloppe mieux dans une position ensoleill\u00e9e et les vieilles branches doivent \u00eatre taill\u00e9es r\u00e9guli\u00e8rement.<\/p>\n<\/div>\n<\/div>\n<\/div>\n<\/div>\n<\/div>\n<\/div>\n<\/div>\n<p>&nbsp;<\/p>\n<\/div>\n<\/div>\n<\/div>\n<\/div>","protected":false},"excerpt":{"rendered":"<p>4x Rubus blackberry<\/p>\n<p>Black Satin', 'Thornless Evergreen', 'Triple Crown' et 'Tayberry'.<\/p>\n<p>Hauteur maximale d'environ 300-400 cm<\/p>\n<p>Feuilles caduques<\/p>\n<p>Hardy<\/p>\n<p>Livr\u00e9 dans un pot de 9 cm<\/p>","protected":false},"featured_media":28598,"template":"","meta":{"_joinchat":[]},"product_brand":[],"product_cat":[262,44,1011,234,867],"product_tag":[731,1244,1245,597],"class_list":{"0":"post-28597","1":"product","2":"type-product","3":"status-publish","4":"has-post-thumbnail","6":"product_cat-bomen-struiken","7":"product_cat-bramen","8":"product_cat-fruit-deals","9":"product_cat-fruitstruiken","10":"product_cat-pakket-deals","11":"product_tag-braam","12":"product_tag-bramen-mix","13":"product_tag-bramenplant","14":"product_tag-framboos","15":"pa_ewd_uwcf_colors-mixed","16":"pa_ewd_uwcf_colors-rood-2","17":"pa_groeihoogte-300-cm","18":"pa_pot-9-cm-pot","20":"first","21":"instock","22":"taxable","23":"shipping-taxable","24":"purchasable","25":"product-type-simple"},"yoast_head":"<!-- This site is optimized with the Yoast SEO plugin v24.2 - https:\/\/yoast.com\/wordpress\/plugins\/seo\/ -->\n<title>Set Van 4 Bramen - Rubus fruticosus -Black Satin, Thornless Evergreen, Triple Crown, Tayberry - Hoogte 25cm - 9cm pot kopen | Planten eenvoudig online bestellen | Schramas.com<\/title>\n<meta name=\"robots\" content=\"index, follow, max-snippet:-1, max-image-preview:large, max-video-preview:-1\" \/>\n<link rel=\"canonical\" href=\"https:\/\/www.schramas.com\/fr\/boutique\/set-de-4-mures-rubus-fruticosus-black-satin-thornless-evergreen-triple-crown-tayberry-hauteur-25cm-9cm-pot\/\" \/>\n<meta property=\"og:locale\" content=\"fr_FR\" \/>\n<meta property=\"og:type\" content=\"article\" \/>\n<meta property=\"og:title\" content=\"Set Van 4 Bramen - Rubus fruticosus -Black Satin, Thornless Evergreen, Triple Crown, Tayberry - Hoogte 25cm - 9cm pot kopen | Planten eenvoudig online bestellen | Schramas.com\" \/>\n<meta property=\"og:description\" content=\"4x Rubus braam  &#039;Black Satin&#039;, &#039;Thornless Evergreen&#039;, \u2018Triple Crown\u2019 en &#039;Tayberry&#039;  Max. hoogte ca. 300-400 cm  Bladverliezend  Winterhard  Geleverd in een 9cm pot\" \/>\n<meta property=\"og:url\" content=\"https:\/\/www.schramas.com\/fr\/boutique\/set-de-4-mures-rubus-fruticosus-black-satin-thornless-evergreen-triple-crown-tayberry-hauteur-25cm-9cm-pot\/\" \/>\n<meta property=\"og:site_name\" content=\"Planten eenvoudig online bestellen | Schramas.com\" \/>\n<meta property=\"article:publisher\" content=\"https:\/\/www.facebook.com\/Schramascom-106872874153195\/\" \/>\n<meta property=\"article:modified_time\" content=\"2026-05-10T08:52:27+00:00\" \/>\n<meta property=\"og:image\" content=\"http:\/\/www.schramas.com\/wp-content\/uploads\/2023\/09\/rubus-bramen-p9-pakketdeal-sfeer.jpg\" \/>\n\t<meta property=\"og:image:width\" content=\"1600\" \/>\n\t<meta property=\"og:image:height\" content=\"1600\" \/>\n\t<meta property=\"og:image:type\" content=\"image\/jpeg\" \/>\n<meta name=\"twitter:card\" content=\"summary_large_image\" \/>\n<meta name=\"twitter:label1\" content=\"Dur\u00e9e de lecture estim\u00e9e\" \/>\n\t<meta name=\"twitter:data1\" content=\"1 minute\" \/>\n<script type=\"application\/ld+json\" class=\"yoast-schema-graph\">{\"@context\":\"https:\/\/schema.org\",\"@graph\":[{\"@type\":[\"WebPage\",\"ItemPage\"],\"@id\":\"https:\/\/www.schramas.com\/winkel\/set-van-4-bramen-rubus-fruticosus-black-satin-thornless-evergreen-triple-crown-tayberry-hoogte-25cm-9cm-pot\/\",\"url\":\"https:\/\/www.schramas.com\/winkel\/set-van-4-bramen-rubus-fruticosus-black-satin-thornless-evergreen-triple-crown-tayberry-hoogte-25cm-9cm-pot\/\",\"name\":\"Set Van 4 Bramen - Rubus fruticosus -Black Satin, Thornless Evergreen, Triple Crown, Tayberry - Hoogte 25cm - 9cm pot kopen | Planten eenvoudig online bestellen | Schramas.com\",\"isPartOf\":{\"@id\":\"https:\/\/www.schramas.com\/#website\"},\"primaryImageOfPage\":{\"@id\":\"https:\/\/www.schramas.com\/winkel\/set-van-4-bramen-rubus-fruticosus-black-satin-thornless-evergreen-triple-crown-tayberry-hoogte-25cm-9cm-pot\/#primaryimage\"},\"image\":{\"@id\":\"https:\/\/www.schramas.com\/winkel\/set-van-4-bramen-rubus-fruticosus-black-satin-thornless-evergreen-triple-crown-tayberry-hoogte-25cm-9cm-pot\/#primaryimage\"},\"thumbnailUrl\":\"https:\/\/www.schramas.com\/wp-content\/uploads\/2023\/09\/rubus-bramen-p9-pakketdeal-sfeer.jpg\",\"datePublished\":\"2023-09-27T12:02:06+00:00\",\"dateModified\":\"2026-05-10T08:52:27+00:00\",\"breadcrumb\":{\"@id\":\"https:\/\/www.schramas.com\/winkel\/set-van-4-bramen-rubus-fruticosus-black-satin-thornless-evergreen-triple-crown-tayberry-hoogte-25cm-9cm-pot\/#breadcrumb\"},\"inLanguage\":\"fr-FR\",\"potentialAction\":[{\"@type\":\"ReadAction\",\"target\":[\"https:\/\/www.schramas.com\/winkel\/set-van-4-bramen-rubus-fruticosus-black-satin-thornless-evergreen-triple-crown-tayberry-hoogte-25cm-9cm-pot\/\"]}]},{\"@type\":\"ImageObject\",\"inLanguage\":\"fr-FR\",\"@id\":\"https:\/\/www.schramas.com\/winkel\/set-van-4-bramen-rubus-fruticosus-black-satin-thornless-evergreen-triple-crown-tayberry-hoogte-25cm-9cm-pot\/#primaryimage\",\"url\":\"https:\/\/www.schramas.com\/wp-content\/uploads\/2023\/09\/rubus-bramen-p9-pakketdeal-sfeer.jpg\",\"contentUrl\":\"https:\/\/www.schramas.com\/wp-content\/uploads\/2023\/09\/rubus-bramen-p9-pakketdeal-sfeer.jpg\",\"width\":1600,\"height\":1600},{\"@type\":\"BreadcrumbList\",\"@id\":\"https:\/\/www.schramas.com\/winkel\/set-van-4-bramen-rubus-fruticosus-black-satin-thornless-evergreen-triple-crown-tayberry-hoogte-25cm-9cm-pot\/#breadcrumb\",\"itemListElement\":[{\"@type\":\"ListItem\",\"position\":1,\"name\":\"Product\",\"item\":\"https:\/\/www.schramas.com\/assortiment\/\"},{\"@type\":\"ListItem\",\"position\":2,\"name\":\"Bomen &amp; Struiken\",\"item\":\"https:\/\/www.schramas.com\/product-category\/bomen-struiken\/\"},{\"@type\":\"ListItem\",\"position\":3,\"name\":\"Fruitstruiken\",\"item\":\"https:\/\/www.schramas.com\/de\/produktkategorie\/baume-und-straucher\/obststraucher\/\"},{\"@type\":\"ListItem\",\"position\":4,\"name\":\"Bramen\",\"item\":\"https:\/\/www.schramas.com\/product-category\/bomen-struiken\/fruitstruiken\/bramen\/\"},{\"@type\":\"ListItem\",\"position\":5,\"name\":\"Set Van 4 Bramen &#8211; Rubus fruticosus -Black Satin, Thornless Evergreen, Triple Crown, Tayberry &#8211; Hoogte 25cm &#8211; 9cm pot\"}]},{\"@type\":\"WebSite\",\"@id\":\"https:\/\/www.schramas.com\/#website\",\"url\":\"https:\/\/www.schramas.com\/\",\"name\":\"Schramas.com | Tuinplanten eenvoudig online bestellen | Direct van onze Kwekerij\",\"description\":\"\",\"alternateName\":\"Schramas.com - Alle planten direct van de kweker\",\"potentialAction\":[{\"@type\":\"SearchAction\",\"target\":{\"@type\":\"EntryPoint\",\"urlTemplate\":\"https:\/\/www.schramas.com\/?s={search_term_string}\"},\"query-input\":{\"@type\":\"PropertyValueSpecification\",\"valueRequired\":true,\"valueName\":\"search_term_string\"}}],\"inLanguage\":\"fr-FR\"}]}<\/script>\n<!-- \/ Yoast SEO plugin. -->","yoast_head_json":{"title":"Lot de 4 M\u00fbres - Rubus fruticosus -Black Satin, Thornless Evergreen, Triple Crown, Tayberry - Hauteur 25cm - Pot de 9cm acheter | Plantes facile \u00e0 commander en ligne | Schramas.com","robots":{"index":"index","follow":"follow","max-snippet":"max-snippet:-1","max-image-preview":"max-image-preview:large","max-video-preview":"max-video-preview:-1"},"canonical":"https:\/\/www.schramas.com\/fr\/boutique\/set-de-4-mures-rubus-fruticosus-black-satin-thornless-evergreen-triple-crown-tayberry-hauteur-25cm-9cm-pot\/","og_locale":"fr_FR","og_type":"article","og_title":"Set Van 4 Bramen - Rubus fruticosus -Black Satin, Thornless Evergreen, Triple Crown, Tayberry - Hoogte 25cm - 9cm pot kopen | Planten eenvoudig online bestellen | Schramas.com","og_description":"4x Rubus braam  'Black Satin', 'Thornless Evergreen', \u2018Triple Crown\u2019 en 'Tayberry'  Max. hoogte ca. 300-400 cm  Bladverliezend  Winterhard  Geleverd in een 9cm pot","og_url":"https:\/\/www.schramas.com\/fr\/boutique\/set-de-4-mures-rubus-fruticosus-black-satin-thornless-evergreen-triple-crown-tayberry-hauteur-25cm-9cm-pot\/","og_site_name":"Planten eenvoudig online bestellen | Schramas.com","article_publisher":"https:\/\/www.facebook.com\/Schramascom-106872874153195\/","article_modified_time":"2026-05-10T08:52:27+00:00","og_image":[{"width":1600,"height":1600,"url":"http:\/\/www.schramas.com\/wp-content\/uploads\/2023\/09\/rubus-bramen-p9-pakketdeal-sfeer.jpg","type":"image\/jpeg"}],"twitter_card":"summary_large_image","twitter_misc":{"Dur\u00e9e de lecture estim\u00e9e":"1 minute"},"schema":{"@context":"https:\/\/schema.org","@graph":[{"@type":["WebPage","ItemPage"],"@id":"https:\/\/www.schramas.com\/winkel\/set-van-4-bramen-rubus-fruticosus-black-satin-thornless-evergreen-triple-crown-tayberry-hoogte-25cm-9cm-pot\/","url":"https:\/\/www.schramas.com\/winkel\/set-van-4-bramen-rubus-fruticosus-black-satin-thornless-evergreen-triple-crown-tayberry-hoogte-25cm-9cm-pot\/","name":"Lot de 4 M\u00fbres - Rubus fruticosus -Black Satin, Thornless Evergreen, Triple Crown, Tayberry - Hauteur 25cm - Pot de 9cm acheter | Plantes facile \u00e0 commander en ligne | Schramas.com","isPartOf":{"@id":"https:\/\/www.schramas.com\/#website"},"primaryImageOfPage":{"@id":"https:\/\/www.schramas.com\/winkel\/set-van-4-bramen-rubus-fruticosus-black-satin-thornless-evergreen-triple-crown-tayberry-hoogte-25cm-9cm-pot\/#primaryimage"},"image":{"@id":"https:\/\/www.schramas.com\/winkel\/set-van-4-bramen-rubus-fruticosus-black-satin-thornless-evergreen-triple-crown-tayberry-hoogte-25cm-9cm-pot\/#primaryimage"},"thumbnailUrl":"https:\/\/www.schramas.com\/wp-content\/uploads\/2023\/09\/rubus-bramen-p9-pakketdeal-sfeer.jpg","datePublished":"2023-09-27T12:02:06+00:00","dateModified":"2026-05-10T08:52:27+00:00","breadcrumb":{"@id":"https:\/\/www.schramas.com\/winkel\/set-van-4-bramen-rubus-fruticosus-black-satin-thornless-evergreen-triple-crown-tayberry-hoogte-25cm-9cm-pot\/#breadcrumb"},"inLanguage":"fr-FR","potentialAction":[{"@type":"ReadAction","target":["https:\/\/www.schramas.com\/winkel\/set-van-4-bramen-rubus-fruticosus-black-satin-thornless-evergreen-triple-crown-tayberry-hoogte-25cm-9cm-pot\/"]}]},{"@type":"ImageObject","inLanguage":"fr-FR","@id":"https:\/\/www.schramas.com\/winkel\/set-van-4-bramen-rubus-fruticosus-black-satin-thornless-evergreen-triple-crown-tayberry-hoogte-25cm-9cm-pot\/#primaryimage","url":"https:\/\/www.schramas.com\/wp-content\/uploads\/2023\/09\/rubus-bramen-p9-pakketdeal-sfeer.jpg","contentUrl":"https:\/\/www.schramas.com\/wp-content\/uploads\/2023\/09\/rubus-bramen-p9-pakketdeal-sfeer.jpg","width":1600,"height":1600},{"@type":"BreadcrumbList","@id":"https:\/\/www.schramas.com\/winkel\/set-van-4-bramen-rubus-fruticosus-black-satin-thornless-evergreen-triple-crown-tayberry-hoogte-25cm-9cm-pot\/#breadcrumb","itemListElement":[{"@type":"ListItem","position":1,"name":"Product","item":"https:\/\/www.schramas.com\/assortiment\/"},{"@type":"ListItem","position":2,"name":"Bomen &amp; Struiken","item":"https:\/\/www.schramas.com\/product-category\/bomen-struiken\/"},{"@type":"ListItem","position":3,"name":"Fruitstruiken","item":"https:\/\/www.schramas.com\/de\/produktkategorie\/baume-und-straucher\/obststraucher\/"},{"@type":"ListItem","position":4,"name":"Bramen","item":"https:\/\/www.schramas.com\/product-category\/bomen-struiken\/fruitstruiken\/bramen\/"},{"@type":"ListItem","position":5,"name":"Set Van 4 Bramen &#8211; Rubus fruticosus -Black Satin, Thornless Evergreen, Triple Crown, Tayberry &#8211; Hoogte 25cm &#8211; 9cm pot"}]},{"@type":"WebSite","@id":"https:\/\/www.schramas.com\/#website","url":"https:\/\/www.schramas.com\/","name":"Schramas.com | Plantes de jardin faciles \u00e0 commander en ligne | En direct de notre p\u00e9pini\u00e8re","description":"","alternateName":"Schramas.com - Alle planten direct van de kweker","potentialAction":[{"@type":"SearchAction","target":{"@type":"EntryPoint","urlTemplate":"https:\/\/www.schramas.com\/?s={search_term_string}"},"query-input":{"@type":"PropertyValueSpecification","valueRequired":true,"valueName":"search_term_string"}}],"inLanguage":"fr-FR"}]}},"_links":{"self":[{"href":"https:\/\/www.schramas.com\/fr\/wp-json\/wp\/v2\/product\/28597","targetHints":{"allow":["GET"]}}],"collection":[{"href":"https:\/\/www.schramas.com\/fr\/wp-json\/wp\/v2\/product"}],"about":[{"href":"https:\/\/www.schramas.com\/fr\/wp-json\/wp\/v2\/types\/product"}],"version-history":[{"count":1,"href":"https:\/\/www.schramas.com\/fr\/wp-json\/wp\/v2\/product\/28597\/revisions"}],"predecessor-version":[{"id":50646,"href":"https:\/\/www.schramas.com\/fr\/wp-json\/wp\/v2\/product\/28597\/revisions\/50646"}],"wp:featuredmedia":[{"embeddable":true,"href":"https:\/\/www.schramas.com\/fr\/wp-json\/wp\/v2\/media\/28598"}],"wp:attachment":[{"href":"https:\/\/www.schramas.com\/fr\/wp-json\/wp\/v2\/media?parent=28597"}],"wp:term":[{"taxonomy":"product_brand","embeddable":true,"href":"https:\/\/www.schramas.com\/fr\/wp-json\/wp\/v2\/product_brand?post=28597"},{"taxonomy":"product_cat","embeddable":true,"href":"https:\/\/www.schramas.com\/fr\/wp-json\/wp\/v2\/product_cat?post=28597"},{"taxonomy":"product_tag","embeddable":true,"href":"https:\/\/www.schramas.com\/fr\/wp-json\/wp\/v2\/product_tag?post=28597"}],"curies":[{"name":"wp","href":"https:\/\/api.w.org\/{rel}","templated":true}]}}