{"id":29262,"date":"2023-10-27T17:50:19","date_gmt":"2023-10-27T15:50:19","guid":{"rendered":"https:\/\/www.schramas.com\/?post_type=product&#038;p=29262"},"modified":"2026-03-26T16:36:09","modified_gmt":"2026-03-26T15:36:09","slug":"magnolia-kobus-magnolia-du-nord-du-japon-hauteur-100cm-pot-14cm","status":"publish","type":"product","link":"https:\/\/www.schramas.com\/fr\/boutique\/magnolia-kobus-magnolia-du-nord-du-japon-hauteur-100cm-pot-14cm\/","title":{"rendered":"Magnolia kobus - Magnolia japonais du nord - Hauteur 100cm - Pot de 14cm"},"content":{"rendered":"<div class=\"group final-completion w-full text-token-text-primary border-b border-black\/10 gizmo:border-0 dark:border-gray-900\/50 gizmo:dark:border-0 bg-gray-50 gizmo:bg-transparent dark:bg-[#444654] gizmo:dark:bg-transparent\" data-testid=\"conversation-turn-292\">\n<div class=\"p-4 gizmo:py-2 justify-center text-base md:gap-6 md:py-6 m-auto\">\n<div class=\"flex flex-1 gap-4 text-base mx-auto md:gap-6 gizmo:gap-3 gizmo:md:px-5 gizmo:lg:px-1 gizmo:xl:px-5 md:max-w-2xl lg:max-w-[38rem] gizmo:md:max-w-3xl gizmo:lg:max-w-[40rem] gizmo:xl:max-w-[48rem] xl:max-w-3xl }\">\n<div class=\"relative flex w-[calc(100%-50px)] flex-col gizmo:w-full lg:w-[calc(100%-115px)] agent-turn\">\n<div class=\"flex-col gap-1 md:gap-3\">\n<div class=\"flex flex-grow flex-col gap-3 max-w-full\">\n<div class=\"min-h-[20px] flex flex-col items-start gap-3 whitespace-pre-wrap break-words overflow-x-auto\">\n<div class=\"markdown prose w-full break-words dark:prose-invert light\">\n<p>Le magnolia kobus, \u00e9galement connu sous le nom de castor ou faux tulipier, enchante par sa floraison luxuriante de grandes fleurs d&#039;un blanc pur vers le mois d&#039;avril. \u00c0 mesure que l\u2019arbre vieillit, cette floraison devient encore plus riche et abondante. Les feuilles vert fonc\u00e9 prennent g\u00e9n\u00e9ralement une belle couleur jaune en automne. Des fruits rouges peuvent \u00e9galement appara\u00eetre apr\u00e8s la floraison. Ce magnolia pousse r\u00e9guli\u00e8rement et convient donc \u00e9galement aux petits jardins.<\/p>\n<p>Bien que Magnolia kobus puisse \u00e9ventuellement atteindre une hauteur de 8 \u00e0 10 m\u00e8tres, sa croissance est lente et principalement dress\u00e9e au d\u00e9but. Ce n\u2019est qu\u2019\u00e0 un \u00e2ge plus avanc\u00e9 que la couronne s\u2019\u00e9largit pour prendre une large forme ovo\u00efde. Les branches lisses portent des bourgeons poilus et laineux. Les feuilles, de forme courte et obovale, deviennent d&#039;un beau jaune en automne. Les fleurs, compl\u00e8tement ouvertes, apparaissent avant l&#039;\u00e9mergence des feuilles et ont un diam\u00e8tre d&#039;environ 10 cm. Attention aux gel\u00e9es nocturnes qui peuvent endommager les fleurs. Bien que les jeunes sp\u00e9cimens de M. kobus ne fleurissent pas abondamment, ils se d\u00e9veloppent de mani\u00e8re prolifique au fil des ann\u00e9es. Les semis devront peut-\u00eatre attendre un peu plus longtemps pour fleurir. Apr\u00e8s la floraison, des gousses rouge fonc\u00e9 apparaissent, d&#039;o\u00f9 \u00e9mergent les graines rose-rouge. Les racines de cet arbre poussent superficiellement et profond\u00e9ment dans le sol.<\/p>\n<p>Magnolia kobus est tr\u00e8s rustique et prosp\u00e8re mieux dans une position ensoleill\u00e9e.<\/p>\n<\/div>\n<\/div>\n<\/div>\n<div class=\"flex justify-between empty:hidden gizmo:justify-start gizmo:gap-3 lg:block gizmo:lg:flex\">\n<div class=\"text-gray-400 flex self-end lg:self-center justify-center gizmo:lg:justify-start mt-2 gizmo:mt-0 visible lg:gap-1 lg:absolute lg:top-0 lg:translate-x-full lg:right-0 lg:mt-0 lg:pl-2 gap-2 md:gap-3\">\n<p>&nbsp;<\/p>\n<div class=\"flex gap-1 gizmo:gap-3\"><\/div>\n<\/div>\n<\/div>\n<\/div>\n<\/div>\n<\/div>\n<\/div>\n<\/div>","protected":false},"excerpt":{"rendered":"<p>Magnolia kobus<\/p>\n<p>Magnolia du nord du Japon ou castor<\/p>\n<p>Hauteur maximale : 8 m\u00e8tres<\/p>\n<p>Hauteur de livraison avec pot : environ 100 cm<\/p>\n<p>Taille du pot : pot de 14 cm<\/p>","protected":false},"featured_media":29259,"template":"","meta":{"_joinchat":[]},"product_brand":[],"product_cat":[262,867,1012,3193,290,229],"product_tag":[1328,1563,1566,1562,1519,1564,1518,1565,876],"class_list":{"0":"post-29262","1":"product","2":"type-product","3":"status-publish","4":"has-post-thumbnail","6":"product_cat-bomen-struiken","7":"product_cat-pakket-deals","8":"product_cat-overige-deals","9":"product_cat-sierbomen","10":"product_cat-sierheester","11":"product_cat-sierheesters","12":"product_tag-tuinbeplanting","13":"product_tag-bevallige-bloesems","14":"product_tag-bladverliezende-bomen","15":"product_tag-bloeiende-bomen","16":"product_tag-landschapsarchitectuur","17":"product_tag-sierbomen","18":"product_tag-tuinontwerp","19":"product_tag-voorjaarsbloei","20":"product_tag-witte-bloemen","21":"pa_ewd_uwcf_colors-rood-2","22":"pa_groeihoogte-200-300-cm","23":"pa_pot-zonder-pot","25":"first","26":"instock","27":"taxable","28":"shipping-taxable","29":"purchasable","30":"product-type-simple"},"yoast_head":"<!-- This site is optimized with the Yoast SEO plugin v24.2 - https:\/\/yoast.com\/wordpress\/plugins\/seo\/ -->\n<title>Magnolia kobus - Noordelijke Japanse magnolia - Hoogte 100cm - 14cm pot kopen | Planten eenvoudig online bestellen | Schramas.com<\/title>\n<meta name=\"robots\" content=\"index, follow, max-snippet:-1, max-image-preview:large, max-video-preview:-1\" \/>\n<link rel=\"canonical\" href=\"https:\/\/www.schramas.com\/fr\/boutique\/magnolia-kobus-magnolia-du-nord-du-japon-hauteur-100cm-pot-14cm\/\" \/>\n<meta property=\"og:locale\" content=\"fr_FR\" \/>\n<meta property=\"og:type\" content=\"article\" \/>\n<meta property=\"og:title\" content=\"Magnolia kobus - Noordelijke Japanse magnolia - Hoogte 100cm - 14cm pot kopen | Planten eenvoudig online bestellen | Schramas.com\" \/>\n<meta property=\"og:description\" content=\"Magnolia kobus  Noordelijke Japanse magnolia of Beverboom  Hoogte max: 8 meter  Leverhoogte incl. pot: circa 100 cm  Potmaat: 14cm pot\" \/>\n<meta property=\"og:url\" content=\"https:\/\/www.schramas.com\/fr\/boutique\/magnolia-kobus-magnolia-du-nord-du-japon-hauteur-100cm-pot-14cm\/\" \/>\n<meta property=\"og:site_name\" content=\"Planten eenvoudig online bestellen | Schramas.com\" \/>\n<meta property=\"article:publisher\" content=\"https:\/\/www.facebook.com\/Schramascom-106872874153195\/\" \/>\n<meta property=\"article:modified_time\" content=\"2026-03-26T15:36:09+00:00\" \/>\n<meta property=\"og:image\" content=\"http:\/\/www.schramas.com\/wp-content\/uploads\/2023\/10\/Mangolia-kobus-sfeer.jpg\" \/>\n\t<meta property=\"og:image:width\" content=\"855\" \/>\n\t<meta property=\"og:image:height\" content=\"858\" \/>\n\t<meta property=\"og:image:type\" content=\"image\/jpeg\" \/>\n<meta name=\"twitter:card\" content=\"summary_large_image\" \/>\n<meta name=\"twitter:label1\" content=\"Dur\u00e9e de lecture estim\u00e9e\" \/>\n\t<meta name=\"twitter:data1\" content=\"1 minute\" \/>\n<script type=\"application\/ld+json\" class=\"yoast-schema-graph\">{\"@context\":\"https:\/\/schema.org\",\"@graph\":[{\"@type\":[\"WebPage\",\"ItemPage\"],\"@id\":\"https:\/\/www.schramas.com\/winkel\/magnolia-kobus-noordelijke-japanse-magnolia-hoogte-100cm-14cm-pot\/\",\"url\":\"https:\/\/www.schramas.com\/winkel\/magnolia-kobus-noordelijke-japanse-magnolia-hoogte-100cm-14cm-pot\/\",\"name\":\"Magnolia kobus - Noordelijke Japanse magnolia - Hoogte 100cm - 14cm pot kopen | Planten eenvoudig online bestellen | Schramas.com\",\"isPartOf\":{\"@id\":\"https:\/\/www.schramas.com\/#website\"},\"primaryImageOfPage\":{\"@id\":\"https:\/\/www.schramas.com\/winkel\/magnolia-kobus-noordelijke-japanse-magnolia-hoogte-100cm-14cm-pot\/#primaryimage\"},\"image\":{\"@id\":\"https:\/\/www.schramas.com\/winkel\/magnolia-kobus-noordelijke-japanse-magnolia-hoogte-100cm-14cm-pot\/#primaryimage\"},\"thumbnailUrl\":\"https:\/\/www.schramas.com\/wp-content\/uploads\/2023\/10\/Mangolia-kobus-sfeer.jpg\",\"datePublished\":\"2023-10-27T15:50:19+00:00\",\"dateModified\":\"2026-03-26T15:36:09+00:00\",\"breadcrumb\":{\"@id\":\"https:\/\/www.schramas.com\/winkel\/magnolia-kobus-noordelijke-japanse-magnolia-hoogte-100cm-14cm-pot\/#breadcrumb\"},\"inLanguage\":\"fr-FR\",\"potentialAction\":[{\"@type\":\"ReadAction\",\"target\":[\"https:\/\/www.schramas.com\/winkel\/magnolia-kobus-noordelijke-japanse-magnolia-hoogte-100cm-14cm-pot\/\"]}]},{\"@type\":\"ImageObject\",\"inLanguage\":\"fr-FR\",\"@id\":\"https:\/\/www.schramas.com\/winkel\/magnolia-kobus-noordelijke-japanse-magnolia-hoogte-100cm-14cm-pot\/#primaryimage\",\"url\":\"https:\/\/www.schramas.com\/wp-content\/uploads\/2023\/10\/Mangolia-kobus-sfeer.jpg\",\"contentUrl\":\"https:\/\/www.schramas.com\/wp-content\/uploads\/2023\/10\/Mangolia-kobus-sfeer.jpg\",\"width\":855,\"height\":858},{\"@type\":\"BreadcrumbList\",\"@id\":\"https:\/\/www.schramas.com\/winkel\/magnolia-kobus-noordelijke-japanse-magnolia-hoogte-100cm-14cm-pot\/#breadcrumb\",\"itemListElement\":[{\"@type\":\"ListItem\",\"position\":1,\"name\":\"Product\",\"item\":\"https:\/\/www.schramas.com\/assortiment\/\"},{\"@type\":\"ListItem\",\"position\":2,\"name\":\"Bomen &amp; Struiken\",\"item\":\"https:\/\/www.schramas.com\/product-category\/bomen-struiken\/\"},{\"@type\":\"ListItem\",\"position\":3,\"name\":\"Magnolia kobus &#8211; Noordelijke Japanse magnolia &#8211; Hoogte 100cm &#8211; 14cm pot\"}]},{\"@type\":\"WebSite\",\"@id\":\"https:\/\/www.schramas.com\/#website\",\"url\":\"https:\/\/www.schramas.com\/\",\"name\":\"Schramas.com | Tuinplanten eenvoudig online bestellen | Direct van onze Kwekerij\",\"description\":\"\",\"alternateName\":\"Schramas.com - Alle planten direct van de kweker\",\"potentialAction\":[{\"@type\":\"SearchAction\",\"target\":{\"@type\":\"EntryPoint\",\"urlTemplate\":\"https:\/\/www.schramas.com\/?s={search_term_string}\"},\"query-input\":{\"@type\":\"PropertyValueSpecification\",\"valueRequired\":true,\"valueName\":\"search_term_string\"}}],\"inLanguage\":\"fr-FR\"}]}<\/script>\n<!-- \/ Yoast SEO plugin. -->","yoast_head_json":{"title":"Achetez Magnolia kobus - Magnolia du nord du Japon - Hauteur 100cm - Pot 14cm | Commandez facilement des plantes en ligne | Schramas.com","robots":{"index":"index","follow":"follow","max-snippet":"max-snippet:-1","max-image-preview":"max-image-preview:large","max-video-preview":"max-video-preview:-1"},"canonical":"https:\/\/www.schramas.com\/fr\/boutique\/magnolia-kobus-magnolia-du-nord-du-japon-hauteur-100cm-pot-14cm\/","og_locale":"fr_FR","og_type":"article","og_title":"Magnolia kobus - Noordelijke Japanse magnolia - Hoogte 100cm - 14cm pot kopen | Planten eenvoudig online bestellen | Schramas.com","og_description":"Magnolia kobus  Noordelijke Japanse magnolia of Beverboom  Hoogte max: 8 meter  Leverhoogte incl. pot: circa 100 cm  Potmaat: 14cm pot","og_url":"https:\/\/www.schramas.com\/fr\/boutique\/magnolia-kobus-magnolia-du-nord-du-japon-hauteur-100cm-pot-14cm\/","og_site_name":"Planten eenvoudig online bestellen | Schramas.com","article_publisher":"https:\/\/www.facebook.com\/Schramascom-106872874153195\/","article_modified_time":"2026-03-26T15:36:09+00:00","og_image":[{"width":855,"height":858,"url":"http:\/\/www.schramas.com\/wp-content\/uploads\/2023\/10\/Mangolia-kobus-sfeer.jpg","type":"image\/jpeg"}],"twitter_card":"summary_large_image","twitter_misc":{"Dur\u00e9e de lecture estim\u00e9e":"1 minute"},"schema":{"@context":"https:\/\/schema.org","@graph":[{"@type":["WebPage","ItemPage"],"@id":"https:\/\/www.schramas.com\/winkel\/magnolia-kobus-noordelijke-japanse-magnolia-hoogte-100cm-14cm-pot\/","url":"https:\/\/www.schramas.com\/winkel\/magnolia-kobus-noordelijke-japanse-magnolia-hoogte-100cm-14cm-pot\/","name":"Achetez Magnolia kobus - Magnolia du nord du Japon - Hauteur 100cm - Pot 14cm | Commandez facilement des plantes en ligne | Schramas.com","isPartOf":{"@id":"https:\/\/www.schramas.com\/#website"},"primaryImageOfPage":{"@id":"https:\/\/www.schramas.com\/winkel\/magnolia-kobus-noordelijke-japanse-magnolia-hoogte-100cm-14cm-pot\/#primaryimage"},"image":{"@id":"https:\/\/www.schramas.com\/winkel\/magnolia-kobus-noordelijke-japanse-magnolia-hoogte-100cm-14cm-pot\/#primaryimage"},"thumbnailUrl":"https:\/\/www.schramas.com\/wp-content\/uploads\/2023\/10\/Mangolia-kobus-sfeer.jpg","datePublished":"2023-10-27T15:50:19+00:00","dateModified":"2026-03-26T15:36:09+00:00","breadcrumb":{"@id":"https:\/\/www.schramas.com\/winkel\/magnolia-kobus-noordelijke-japanse-magnolia-hoogte-100cm-14cm-pot\/#breadcrumb"},"inLanguage":"fr-FR","potentialAction":[{"@type":"ReadAction","target":["https:\/\/www.schramas.com\/winkel\/magnolia-kobus-noordelijke-japanse-magnolia-hoogte-100cm-14cm-pot\/"]}]},{"@type":"ImageObject","inLanguage":"fr-FR","@id":"https:\/\/www.schramas.com\/winkel\/magnolia-kobus-noordelijke-japanse-magnolia-hoogte-100cm-14cm-pot\/#primaryimage","url":"https:\/\/www.schramas.com\/wp-content\/uploads\/2023\/10\/Mangolia-kobus-sfeer.jpg","contentUrl":"https:\/\/www.schramas.com\/wp-content\/uploads\/2023\/10\/Mangolia-kobus-sfeer.jpg","width":855,"height":858},{"@type":"BreadcrumbList","@id":"https:\/\/www.schramas.com\/winkel\/magnolia-kobus-noordelijke-japanse-magnolia-hoogte-100cm-14cm-pot\/#breadcrumb","itemListElement":[{"@type":"ListItem","position":1,"name":"Product","item":"https:\/\/www.schramas.com\/assortiment\/"},{"@type":"ListItem","position":2,"name":"Bomen &amp; Struiken","item":"https:\/\/www.schramas.com\/product-category\/bomen-struiken\/"},{"@type":"ListItem","position":3,"name":"Magnolia kobus &#8211; Noordelijke Japanse magnolia &#8211; Hoogte 100cm &#8211; 14cm pot"}]},{"@type":"WebSite","@id":"https:\/\/www.schramas.com\/#website","url":"https:\/\/www.schramas.com\/","name":"Schramas.com | Plantes de jardin faciles \u00e0 commander en ligne | En direct de notre p\u00e9pini\u00e8re","description":"","alternateName":"Schramas.com - Alle planten direct van de kweker","potentialAction":[{"@type":"SearchAction","target":{"@type":"EntryPoint","urlTemplate":"https:\/\/www.schramas.com\/?s={search_term_string}"},"query-input":{"@type":"PropertyValueSpecification","valueRequired":true,"valueName":"search_term_string"}}],"inLanguage":"fr-FR"}]}},"_links":{"self":[{"href":"https:\/\/www.schramas.com\/fr\/wp-json\/wp\/v2\/product\/29262","targetHints":{"allow":["GET"]}}],"collection":[{"href":"https:\/\/www.schramas.com\/fr\/wp-json\/wp\/v2\/product"}],"about":[{"href":"https:\/\/www.schramas.com\/fr\/wp-json\/wp\/v2\/types\/product"}],"version-history":[{"count":1,"href":"https:\/\/www.schramas.com\/fr\/wp-json\/wp\/v2\/product\/29262\/revisions"}],"predecessor-version":[{"id":54307,"href":"https:\/\/www.schramas.com\/fr\/wp-json\/wp\/v2\/product\/29262\/revisions\/54307"}],"wp:featuredmedia":[{"embeddable":true,"href":"https:\/\/www.schramas.com\/fr\/wp-json\/wp\/v2\/media\/29259"}],"wp:attachment":[{"href":"https:\/\/www.schramas.com\/fr\/wp-json\/wp\/v2\/media?parent=29262"}],"wp:term":[{"taxonomy":"product_brand","embeddable":true,"href":"https:\/\/www.schramas.com\/fr\/wp-json\/wp\/v2\/product_brand?post=29262"},{"taxonomy":"product_cat","embeddable":true,"href":"https:\/\/www.schramas.com\/fr\/wp-json\/wp\/v2\/product_cat?post=29262"},{"taxonomy":"product_tag","embeddable":true,"href":"https:\/\/www.schramas.com\/fr\/wp-json\/wp\/v2\/product_tag?post=29262"}],"curies":[{"name":"wp","href":"https:\/\/api.w.org\/{rel}","templated":true}]}}