{"id":36457,"date":"2023-12-29T14:03:41","date_gmt":"2023-12-29T13:03:41","guid":{"rendered":"https:\/\/www.schramas.com\/?post_type=product&#038;p=36457"},"modified":"2025-07-10T12:19:08","modified_gmt":"2025-07-10T10:19:08","slug":"extraits-de-cadeaux-pour-le-pommier-elstar","status":"publish","type":"product","link":"https:\/\/www.schramas.com\/fr\/boutique\/extraits-de-cadeaux-pour-le-pommier-elstar\/","title":{"rendered":"Elstar Apple Tree Gift + Extras"},"content":{"rendered":"<p>Un beau cadeau vert : Bien s\u00fbr, nous connaissons tous l'\"Elstar\" ! C'est toujours l'une des vari\u00e9t\u00e9s de pommes les plus vendues dans les magasins. C'est une pomme juteuse et croquante \u00e0 la chair blanc cr\u00e8me. Son ar\u00f4me et sa saveur sont frais et d\u00e9licieusement sucr\u00e9s. La plupart des pommes Elstar sont de couleur vert-jaune avec une touche de rouge vif. Cette pomme vous est propos\u00e9e par schramas.com en pot de 5 litres pour une hauteur de 80-100 cm.<\/p>\n<p>&nbsp;<\/p>\n<p>Cadeau - Extras :<\/p>\n<ul>\n<li style=\"list-style-type: none\">\n<ul>\n<li><strong>B\u00e2ton de bambou :<\/strong> Soutenez la croissance de votre pommier et donnez-lui la force dont il a besoin pour se d\u00e9velopper sainement.<\/li>\n<li><strong>Carte de plantes avec recette<\/strong><\/li>\n<li><strong>Sac de jute (Emballage cadeau)<\/strong><\/li>\n<li><strong>Sac de fumier :<\/strong> Donnez \u00e0 votre pommier un bon d\u00e9part gr\u00e2ce au sac d'engrais inclus.<\/li>\n<li><strong>Ch\u00e8que-cadeau de 5,5 euros :<\/strong> Recevez un ch\u00e8que cadeau d'une valeur de 5,5 \u20ac \u00e0 d\u00e9penser sur notre site web.<\/li>\n<\/ul>\n<\/li>\n<\/ul>","protected":false},"excerpt":{"rendered":"<p>Malus domestica 'Elstar' - Un beau cadeau vert<\/p>\n<p>Vari\u00e9t\u00e9 de pomme tr\u00e8s populaire.<\/p>\n<p>Hauteur maximale : 2,5 \u00e0 3 m\u00e8tres<\/p>\n<p>convient aussi bien pour les terrasses que pour les terrains en plein air<\/p>\n<p>Taille du pot : 5 litres.<\/p>\n<p>&nbsp;<\/p>\n<p>PLUS EXTRA'S<\/p>","protected":false},"featured_media":36459,"template":"","meta":{"_joinchat":[]},"product_brand":[],"product_cat":[1713],"product_tag":[569,582,584,352,1014,583,351,316],"class_list":{"0":"post-36457","1":"product","2":"type-product","3":"status-publish","4":"has-post-thumbnail","6":"product_cat-cadeau-producten","7":"product_tag-appel","8":"product_tag-elstar","9":"product_tag-fris-zoet","10":"product_tag-geent","11":"product_tag-plantensteun","12":"product_tag-rood-geel","13":"product_tag-winterhard","14":"product_tag-zelfbestuivend","15":"pa_bloeimaanden-maart","16":"pa_bloeimaanden-april","17":"pa_groeihoogte-200-300-cm","18":"pa_pot-met-pot","20":"first","21":"outofstock","22":"taxable","23":"shipping-taxable","24":"purchasable","25":"product-type-simple"},"yoast_head":"<!-- This site is optimized with the Yoast SEO plugin v24.2 - https:\/\/yoast.com\/wordpress\/plugins\/seo\/ -->\n<title>Elstar Appelboom Geschenk + Extra&#039;s kopen | Planten eenvoudig online bestellen | Schramas.com<\/title>\n<meta name=\"robots\" content=\"index, follow, max-snippet:-1, max-image-preview:large, max-video-preview:-1\" \/>\n<link rel=\"canonical\" href=\"https:\/\/www.schramas.com\/fr\/boutique\/extraits-de-cadeaux-pour-le-pommier-elstar\/\" \/>\n<meta property=\"og:locale\" content=\"fr_FR\" \/>\n<meta property=\"og:type\" content=\"article\" \/>\n<meta property=\"og:title\" content=\"Elstar Appelboom Geschenk + Extra&#039;s kopen | Planten eenvoudig online bestellen | Schramas.com\" \/>\n<meta property=\"og:description\" content=\"Malus domestica &#039;Elstar&#039; - Een Prachtig Groen Cadeau  Zeer populaire appelsoort.  Hoogte max: 2,5 tot 3 meter  geschikt voor zowel patio als volle grond  Pot maat: 5 liter.  &nbsp;  PLUS EXTRA&#039;S\" \/>\n<meta property=\"og:url\" content=\"https:\/\/www.schramas.com\/fr\/boutique\/extraits-de-cadeaux-pour-le-pommier-elstar\/\" \/>\n<meta property=\"og:site_name\" content=\"Planten eenvoudig online bestellen | Schramas.com\" \/>\n<meta property=\"article:publisher\" content=\"https:\/\/www.facebook.com\/Schramascom-106872874153195\/\" \/>\n<meta property=\"article:modified_time\" content=\"2025-07-10T10:19:08+00:00\" \/>\n<meta property=\"og:image\" content=\"https:\/\/www.schramas.com\/wp-content\/uploads\/2023\/12\/Elstar-gift-1.jpg\" \/>\n\t<meta property=\"og:image:width\" content=\"1200\" \/>\n\t<meta property=\"og:image:height\" content=\"1200\" \/>\n\t<meta property=\"og:image:type\" content=\"image\/jpeg\" \/>\n<meta name=\"twitter:card\" content=\"summary_large_image\" \/>\n<meta name=\"twitter:label1\" content=\"Dur\u00e9e de lecture estim\u00e9e\" \/>\n\t<meta name=\"twitter:data1\" content=\"1 minute\" \/>\n<script type=\"application\/ld+json\" class=\"yoast-schema-graph\">{\"@context\":\"https:\/\/schema.org\",\"@graph\":[{\"@type\":[\"WebPage\",\"ItemPage\"],\"@id\":\"https:\/\/www.schramas.com\/winkel\/elstar-appelboom-geschenk-extras\/\",\"url\":\"https:\/\/www.schramas.com\/winkel\/elstar-appelboom-geschenk-extras\/\",\"name\":\"Elstar Appelboom Geschenk + Extra's kopen | Planten eenvoudig online bestellen | Schramas.com\",\"isPartOf\":{\"@id\":\"https:\/\/www.schramas.com\/#website\"},\"primaryImageOfPage\":{\"@id\":\"https:\/\/www.schramas.com\/winkel\/elstar-appelboom-geschenk-extras\/#primaryimage\"},\"image\":{\"@id\":\"https:\/\/www.schramas.com\/winkel\/elstar-appelboom-geschenk-extras\/#primaryimage\"},\"thumbnailUrl\":\"https:\/\/www.schramas.com\/wp-content\/uploads\/2023\/12\/Elstar-gift-1.jpg\",\"datePublished\":\"2023-12-29T13:03:41+00:00\",\"dateModified\":\"2025-07-10T10:19:08+00:00\",\"breadcrumb\":{\"@id\":\"https:\/\/www.schramas.com\/winkel\/elstar-appelboom-geschenk-extras\/#breadcrumb\"},\"inLanguage\":\"fr-FR\",\"potentialAction\":[{\"@type\":\"ReadAction\",\"target\":[\"https:\/\/www.schramas.com\/winkel\/elstar-appelboom-geschenk-extras\/\"]}]},{\"@type\":\"ImageObject\",\"inLanguage\":\"fr-FR\",\"@id\":\"https:\/\/www.schramas.com\/winkel\/elstar-appelboom-geschenk-extras\/#primaryimage\",\"url\":\"https:\/\/www.schramas.com\/wp-content\/uploads\/2023\/12\/Elstar-gift-1.jpg\",\"contentUrl\":\"https:\/\/www.schramas.com\/wp-content\/uploads\/2023\/12\/Elstar-gift-1.jpg\",\"width\":1200,\"height\":1200},{\"@type\":\"BreadcrumbList\",\"@id\":\"https:\/\/www.schramas.com\/winkel\/elstar-appelboom-geschenk-extras\/#breadcrumb\",\"itemListElement\":[{\"@type\":\"ListItem\",\"position\":1,\"name\":\"Product\",\"item\":\"https:\/\/www.schramas.com\/assortiment\/\"},{\"@type\":\"ListItem\",\"position\":2,\"name\":\"Cadeau producten\",\"item\":\"https:\/\/www.schramas.com\/product-category\/cadeau-producten\/\"},{\"@type\":\"ListItem\",\"position\":3,\"name\":\"Elstar Appelboom Geschenk + Extra&#8217;s\"}]},{\"@type\":\"WebSite\",\"@id\":\"https:\/\/www.schramas.com\/#website\",\"url\":\"https:\/\/www.schramas.com\/\",\"name\":\"Schramas.com | Tuinplanten eenvoudig online bestellen | Direct van onze Kwekerij\",\"description\":\"\",\"alternateName\":\"Schramas.com - Alle planten direct van de kweker\",\"potentialAction\":[{\"@type\":\"SearchAction\",\"target\":{\"@type\":\"EntryPoint\",\"urlTemplate\":\"https:\/\/www.schramas.com\/?s={search_term_string}\"},\"query-input\":{\"@type\":\"PropertyValueSpecification\",\"valueRequired\":true,\"valueName\":\"search_term_string\"}}],\"inLanguage\":\"fr-FR\"}]}<\/script>\n<!-- \/ Yoast SEO plugin. -->","yoast_head_json":{"title":"Elstar Apple Tree Gift + Buy Extras | Plants easy online ordering | Schramas.com","robots":{"index":"index","follow":"follow","max-snippet":"max-snippet:-1","max-image-preview":"max-image-preview:large","max-video-preview":"max-video-preview:-1"},"canonical":"https:\/\/www.schramas.com\/fr\/boutique\/extraits-de-cadeaux-pour-le-pommier-elstar\/","og_locale":"fr_FR","og_type":"article","og_title":"Elstar Appelboom Geschenk + Extra's kopen | Planten eenvoudig online bestellen | Schramas.com","og_description":"Malus domestica 'Elstar' - Een Prachtig Groen Cadeau  Zeer populaire appelsoort.  Hoogte max: 2,5 tot 3 meter  geschikt voor zowel patio als volle grond  Pot maat: 5 liter.  &nbsp;  PLUS EXTRA'S","og_url":"https:\/\/www.schramas.com\/fr\/boutique\/extraits-de-cadeaux-pour-le-pommier-elstar\/","og_site_name":"Planten eenvoudig online bestellen | Schramas.com","article_publisher":"https:\/\/www.facebook.com\/Schramascom-106872874153195\/","article_modified_time":"2025-07-10T10:19:08+00:00","og_image":[{"width":1200,"height":1200,"url":"https:\/\/www.schramas.com\/wp-content\/uploads\/2023\/12\/Elstar-gift-1.jpg","type":"image\/jpeg"}],"twitter_card":"summary_large_image","twitter_misc":{"Dur\u00e9e de lecture estim\u00e9e":"1 minute"},"schema":{"@context":"https:\/\/schema.org","@graph":[{"@type":["WebPage","ItemPage"],"@id":"https:\/\/www.schramas.com\/winkel\/elstar-appelboom-geschenk-extras\/","url":"https:\/\/www.schramas.com\/winkel\/elstar-appelboom-geschenk-extras\/","name":"Elstar Apple Tree Gift + Buy Extras | Plants easy online ordering | Schramas.com","isPartOf":{"@id":"https:\/\/www.schramas.com\/#website"},"primaryImageOfPage":{"@id":"https:\/\/www.schramas.com\/winkel\/elstar-appelboom-geschenk-extras\/#primaryimage"},"image":{"@id":"https:\/\/www.schramas.com\/winkel\/elstar-appelboom-geschenk-extras\/#primaryimage"},"thumbnailUrl":"https:\/\/www.schramas.com\/wp-content\/uploads\/2023\/12\/Elstar-gift-1.jpg","datePublished":"2023-12-29T13:03:41+00:00","dateModified":"2025-07-10T10:19:08+00:00","breadcrumb":{"@id":"https:\/\/www.schramas.com\/winkel\/elstar-appelboom-geschenk-extras\/#breadcrumb"},"inLanguage":"fr-FR","potentialAction":[{"@type":"ReadAction","target":["https:\/\/www.schramas.com\/winkel\/elstar-appelboom-geschenk-extras\/"]}]},{"@type":"ImageObject","inLanguage":"fr-FR","@id":"https:\/\/www.schramas.com\/winkel\/elstar-appelboom-geschenk-extras\/#primaryimage","url":"https:\/\/www.schramas.com\/wp-content\/uploads\/2023\/12\/Elstar-gift-1.jpg","contentUrl":"https:\/\/www.schramas.com\/wp-content\/uploads\/2023\/12\/Elstar-gift-1.jpg","width":1200,"height":1200},{"@type":"BreadcrumbList","@id":"https:\/\/www.schramas.com\/winkel\/elstar-appelboom-geschenk-extras\/#breadcrumb","itemListElement":[{"@type":"ListItem","position":1,"name":"Product","item":"https:\/\/www.schramas.com\/assortiment\/"},{"@type":"ListItem","position":2,"name":"Cadeau producten","item":"https:\/\/www.schramas.com\/product-category\/cadeau-producten\/"},{"@type":"ListItem","position":3,"name":"Elstar Appelboom Geschenk + Extra&#8217;s"}]},{"@type":"WebSite","@id":"https:\/\/www.schramas.com\/#website","url":"https:\/\/www.schramas.com\/","name":"Schramas.com | Plantes de jardin faciles \u00e0 commander en ligne | En direct de notre p\u00e9pini\u00e8re","description":"","alternateName":"Schramas.com - Alle planten direct van de kweker","potentialAction":[{"@type":"SearchAction","target":{"@type":"EntryPoint","urlTemplate":"https:\/\/www.schramas.com\/?s={search_term_string}"},"query-input":{"@type":"PropertyValueSpecification","valueRequired":true,"valueName":"search_term_string"}}],"inLanguage":"fr-FR"}]}},"_links":{"self":[{"href":"https:\/\/www.schramas.com\/fr\/wp-json\/wp\/v2\/product\/36457","targetHints":{"allow":["GET"]}}],"collection":[{"href":"https:\/\/www.schramas.com\/fr\/wp-json\/wp\/v2\/product"}],"about":[{"href":"https:\/\/www.schramas.com\/fr\/wp-json\/wp\/v2\/types\/product"}],"version-history":[{"count":1,"href":"https:\/\/www.schramas.com\/fr\/wp-json\/wp\/v2\/product\/36457\/revisions"}],"predecessor-version":[{"id":42718,"href":"https:\/\/www.schramas.com\/fr\/wp-json\/wp\/v2\/product\/36457\/revisions\/42718"}],"wp:featuredmedia":[{"embeddable":true,"href":"https:\/\/www.schramas.com\/fr\/wp-json\/wp\/v2\/media\/36459"}],"wp:attachment":[{"href":"https:\/\/www.schramas.com\/fr\/wp-json\/wp\/v2\/media?parent=36457"}],"wp:term":[{"taxonomy":"product_brand","embeddable":true,"href":"https:\/\/www.schramas.com\/fr\/wp-json\/wp\/v2\/product_brand?post=36457"},{"taxonomy":"product_cat","embeddable":true,"href":"https:\/\/www.schramas.com\/fr\/wp-json\/wp\/v2\/product_cat?post=36457"},{"taxonomy":"product_tag","embeddable":true,"href":"https:\/\/www.schramas.com\/fr\/wp-json\/wp\/v2\/product_tag?post=36457"}],"curies":[{"name":"wp","href":"https:\/\/api.w.org\/{rel}","templated":true}]}}