{"id":40202,"date":"2024-05-07T14:00:59","date_gmt":"2024-05-07T12:00:59","guid":{"rendered":"https:\/\/www.schramas.com\/?post_type=product&#038;p=40202"},"modified":"2026-03-26T16:36:17","modified_gmt":"2026-03-26T15:36:17","slug":"corylus-tonda-gentile-delle-langhe-noisette-italienne-hauteur-40cm-pot-12cm","status":"publish","type":"product","link":"https:\/\/www.schramas.com\/fr\/boutique\/corylus-tonda-gentile-delle-langhe-noisette-italienne-hauteur-40cm-pot-12cm\/","title":{"rendered":"Corylus 'Tonda gentile delle Langhe' - Noisette italienne - Hauteur 40cm - Pot de 12cm"},"content":{"rendered":"<div class=\"group final-completion w-full text-token-text-primary border-b border-black\/10 gizmo:border-0 dark:border-gray-900\/50 gizmo:dark:border-0 bg-gray-50 gizmo:bg-transparent dark:bg-[#444654] gizmo:dark:bg-transparent\" data-testid=\"conversation-turn-292\">\n<div class=\"p-4 gizmo:py-2 justify-center text-base md:gap-6 md:py-6 m-auto\">\n<div class=\"flex flex-1 gap-4 text-base mx-auto md:gap-6 gizmo:gap-3 gizmo:md:px-5 gizmo:lg:px-1 gizmo:xl:px-5 md:max-w-2xl lg:max-w-[38rem] gizmo:md:max-w-3xl gizmo:lg:max-w-[40rem] gizmo:xl:max-w-[48rem] xl:max-w-3xl }\">\n<div class=\"relative flex w-[calc(100%-50px)] flex-col gizmo:w-full lg:w-[calc(100%-115px)] agent-turn\">\n<div class=\"flex-col gap-1 md:gap-3\">\n<div class=\"flex flex-grow flex-col gap-3 max-w-full\">\n<div class=\"min-h-[20px] flex flex-col items-start gap-3 whitespace-pre-wrap break-words overflow-x-auto\">\n<div class=\"markdown prose w-full break-words dark:prose-invert light\">\n<p>Le Corylus 'Tonda Gentile delle Langhe' est un savoureux hybride de noisetier, connu pour ses d\u00e9licieuses noix largement utilis\u00e9es dans la cuisine italienne. Cet arbre \u00e0 feuilles caduques de taille moyenne peut atteindre une hauteur de 3 \u00e0 5 m\u00e8tres et produit de grosses noix rondes \u00e0 la coquille fine et au go\u00fbt de noisette prononc\u00e9. Les noix sont appr\u00e9ci\u00e9es pour leur polyvalence culinaire et sont souvent utilis\u00e9es dans les g\u00e2teaux, le chocolat et divers plats.<\/p>\n<p>Connue pour sa rusticit\u00e9, cette noisette peut prosp\u00e9rer dans une grande vari\u00e9t\u00e9 de climats, y compris dans les r\u00e9gions froides o\u00f9 elle peut tol\u00e9rer des temp\u00e9ratures allant jusqu'\u00e0 -20\u00b0C. De plus, cette s\u00e9lection italienne est tr\u00e8s tol\u00e9rante \u00e0 la s\u00e9cheresse, ce qui en fait un choix r\u00e9sistant pour divers jardins.<\/p>\n<p>Avec un bon pollinisateur comme Tonda Romana, ces vari\u00e9t\u00e9s de noyers peuvent donner d'excellents fruits. Les noix sont d'excellente qualit\u00e9 et commencent \u00e0 tomber vers la mi-septembre. Ces plantes mesurent actuellement 30 \u00e0 50 cm de haut et sont livr\u00e9es dans un pot de 12 cm.<\/p>\n<\/div>\n<\/div>\n<\/div>\n<\/div>\n<\/div>\n<\/div>\n<\/div>\n<\/div>","protected":false},"excerpt":{"rendered":"<p>Corylus Tonda gentile delle Langhe<\/p>\n<p>noisette<\/p>\n<p>Hauteur maximale : 3-5m<\/p>\n<p>Hauteur de livraison, pot compris : environ 40 cm<\/p>\n<p>Taille du pot : Pot de 12 cm<\/p>","protected":false},"featured_media":40209,"template":"","meta":{"_joinchat":[]},"product_brand":[],"product_cat":[262,233,1033,1031,3193],"product_tag":[1736,1735,1497,1277,1034,1734,1731,610,351],"class_list":{"0":"post-40202","1":"product","2":"type-product","3":"status-publish","4":"has-post-thumbnail","6":"product_cat-bomen-struiken","7":"product_cat-fruitbomen","8":"product_cat-hazelnoten","9":"product_cat-notenbomen","10":"product_cat-sierbomen","11":"product_tag-bestuiver","12":"product_tag-culinaire-noten","13":"product_tag-droogtetolerant","14":"product_tag-fruitboom","15":"product_tag-hazelnoot","16":"product_tag-italiaanse-keuken","17":"product_tag-nootachtige-smaak","18":"product_tag-tuinplant","19":"product_tag-winterhard","20":"pa_ewd_uwcf_colors-groen-2","21":"pa_groeihoogte-60-150-cm","22":"pa_pot-zonder-pot","24":"first","25":"outofstock","26":"taxable","27":"shipping-taxable","28":"purchasable","29":"product-type-simple"},"yoast_head":"<!-- This site is optimized with the Yoast SEO plugin v24.2 - https:\/\/yoast.com\/wordpress\/plugins\/seo\/ -->\n<title>Corylus \u2018Tonda gentile delle Langhe\u2019 - Italiaanse hazelnoot - Hoogte 40cm - 12cm pot kopen | Planten eenvoudig online bestellen | Schramas.com<\/title>\n<meta name=\"robots\" content=\"index, follow, max-snippet:-1, max-image-preview:large, max-video-preview:-1\" \/>\n<link rel=\"canonical\" href=\"https:\/\/www.schramas.com\/fr\/boutique\/corylus-tonda-gentile-delle-langhe-noisette-italienne-hauteur-40cm-pot-12cm\/\" \/>\n<meta property=\"og:locale\" content=\"fr_FR\" \/>\n<meta property=\"og:type\" content=\"article\" \/>\n<meta property=\"og:title\" content=\"Corylus \u2018Tonda gentile delle Langhe\u2019 - Italiaanse hazelnoot - Hoogte 40cm - 12cm pot kopen | Planten eenvoudig online bestellen | Schramas.com\" \/>\n<meta property=\"og:description\" content=\"Corylus Tonda gentile delle Langhe  hazelaar  Hoogte max: 3-5m  Leverhoogte incl. pot: circa 40cm  Potmaat: 12cm pot\" \/>\n<meta property=\"og:url\" content=\"https:\/\/www.schramas.com\/fr\/boutique\/corylus-tonda-gentile-delle-langhe-noisette-italienne-hauteur-40cm-pot-12cm\/\" \/>\n<meta property=\"og:site_name\" content=\"Planten eenvoudig online bestellen | Schramas.com\" \/>\n<meta property=\"article:publisher\" content=\"https:\/\/www.facebook.com\/Schramascom-106872874153195\/\" \/>\n<meta property=\"article:modified_time\" content=\"2026-03-26T15:36:17+00:00\" \/>\n<meta property=\"og:image\" content=\"http:\/\/www.schramas.com\/wp-content\/uploads\/2024\/05\/Corylus-Tonda-Gentille-delle-langhe-sfeer.jpg\" \/>\n\t<meta property=\"og:image:width\" content=\"1200\" \/>\n\t<meta property=\"og:image:height\" content=\"1200\" \/>\n\t<meta property=\"og:image:type\" content=\"image\/jpeg\" \/>\n<meta name=\"twitter:card\" content=\"summary_large_image\" \/>\n<meta name=\"twitter:label1\" content=\"Dur\u00e9e de lecture estim\u00e9e\" \/>\n\t<meta name=\"twitter:data1\" content=\"1 minute\" \/>\n<script type=\"application\/ld+json\" class=\"yoast-schema-graph\">{\"@context\":\"https:\/\/schema.org\",\"@graph\":[{\"@type\":[\"WebPage\",\"ItemPage\"],\"@id\":\"https:\/\/www.schramas.com\/winkel\/corylus-tonda-gentile-delle-langhe-italiaanse-hazelnoot-hoogte-40cm-12cm-pot\/\",\"url\":\"https:\/\/www.schramas.com\/winkel\/corylus-tonda-gentile-delle-langhe-italiaanse-hazelnoot-hoogte-40cm-12cm-pot\/\",\"name\":\"Corylus \u2018Tonda gentile delle Langhe\u2019 - Italiaanse hazelnoot - Hoogte 40cm - 12cm pot kopen | Planten eenvoudig online bestellen | Schramas.com\",\"isPartOf\":{\"@id\":\"https:\/\/www.schramas.com\/#website\"},\"primaryImageOfPage\":{\"@id\":\"https:\/\/www.schramas.com\/winkel\/corylus-tonda-gentile-delle-langhe-italiaanse-hazelnoot-hoogte-40cm-12cm-pot\/#primaryimage\"},\"image\":{\"@id\":\"https:\/\/www.schramas.com\/winkel\/corylus-tonda-gentile-delle-langhe-italiaanse-hazelnoot-hoogte-40cm-12cm-pot\/#primaryimage\"},\"thumbnailUrl\":\"https:\/\/www.schramas.com\/wp-content\/uploads\/2024\/05\/Corylus-Tonda-Gentille-delle-langhe-sfeer.jpg\",\"datePublished\":\"2024-05-07T12:00:59+00:00\",\"dateModified\":\"2026-03-26T15:36:17+00:00\",\"breadcrumb\":{\"@id\":\"https:\/\/www.schramas.com\/winkel\/corylus-tonda-gentile-delle-langhe-italiaanse-hazelnoot-hoogte-40cm-12cm-pot\/#breadcrumb\"},\"inLanguage\":\"fr-FR\",\"potentialAction\":[{\"@type\":\"ReadAction\",\"target\":[\"https:\/\/www.schramas.com\/winkel\/corylus-tonda-gentile-delle-langhe-italiaanse-hazelnoot-hoogte-40cm-12cm-pot\/\"]}]},{\"@type\":\"ImageObject\",\"inLanguage\":\"fr-FR\",\"@id\":\"https:\/\/www.schramas.com\/winkel\/corylus-tonda-gentile-delle-langhe-italiaanse-hazelnoot-hoogte-40cm-12cm-pot\/#primaryimage\",\"url\":\"https:\/\/www.schramas.com\/wp-content\/uploads\/2024\/05\/Corylus-Tonda-Gentille-delle-langhe-sfeer.jpg\",\"contentUrl\":\"https:\/\/www.schramas.com\/wp-content\/uploads\/2024\/05\/Corylus-Tonda-Gentille-delle-langhe-sfeer.jpg\",\"width\":1200,\"height\":1200},{\"@type\":\"BreadcrumbList\",\"@id\":\"https:\/\/www.schramas.com\/winkel\/corylus-tonda-gentile-delle-langhe-italiaanse-hazelnoot-hoogte-40cm-12cm-pot\/#breadcrumb\",\"itemListElement\":[{\"@type\":\"ListItem\",\"position\":1,\"name\":\"Product\",\"item\":\"https:\/\/www.schramas.com\/assortiment\/\"},{\"@type\":\"ListItem\",\"position\":2,\"name\":\"Bomen &amp; Struiken\",\"item\":\"https:\/\/www.schramas.com\/product-category\/bomen-struiken\/\"},{\"@type\":\"ListItem\",\"position\":3,\"name\":\"Notenbomen\",\"item\":\"https:\/\/www.schramas.com\/product-category\/bomen-struiken\/notenbomen\/\"},{\"@type\":\"ListItem\",\"position\":4,\"name\":\"Hazelnoten\",\"item\":\"https:\/\/www.schramas.com\/product-category\/bomen-struiken\/notenbomen\/hazelnoten\/\"},{\"@type\":\"ListItem\",\"position\":5,\"name\":\"Corylus \u2018Tonda gentile delle Langhe\u2019 &#8211; Italiaanse hazelnoot &#8211; Hoogte 40cm &#8211; 12cm pot\"}]},{\"@type\":\"WebSite\",\"@id\":\"https:\/\/www.schramas.com\/#website\",\"url\":\"https:\/\/www.schramas.com\/\",\"name\":\"Schramas.com | Tuinplanten eenvoudig online bestellen | Direct van onze Kwekerij\",\"description\":\"\",\"alternateName\":\"Schramas.com - Alle planten direct van de kweker\",\"potentialAction\":[{\"@type\":\"SearchAction\",\"target\":{\"@type\":\"EntryPoint\",\"urlTemplate\":\"https:\/\/www.schramas.com\/?s={search_term_string}\"},\"query-input\":{\"@type\":\"PropertyValueSpecification\",\"valueRequired\":true,\"valueName\":\"search_term_string\"}}],\"inLanguage\":\"fr-FR\"}]}<\/script>\n<!-- \/ Yoast SEO plugin. -->","yoast_head_json":{"title":"Corylus 'Tonda gentile delle Langhe' - Noisette italienne - Hauteur 40cm - Acheter pot 12cm | Plantes faciles en ligne | Schramas.com","robots":{"index":"index","follow":"follow","max-snippet":"max-snippet:-1","max-image-preview":"max-image-preview:large","max-video-preview":"max-video-preview:-1"},"canonical":"https:\/\/www.schramas.com\/fr\/boutique\/corylus-tonda-gentile-delle-langhe-noisette-italienne-hauteur-40cm-pot-12cm\/","og_locale":"fr_FR","og_type":"article","og_title":"Corylus \u2018Tonda gentile delle Langhe\u2019 - Italiaanse hazelnoot - Hoogte 40cm - 12cm pot kopen | Planten eenvoudig online bestellen | Schramas.com","og_description":"Corylus Tonda gentile delle Langhe  hazelaar  Hoogte max: 3-5m  Leverhoogte incl. pot: circa 40cm  Potmaat: 12cm pot","og_url":"https:\/\/www.schramas.com\/fr\/boutique\/corylus-tonda-gentile-delle-langhe-noisette-italienne-hauteur-40cm-pot-12cm\/","og_site_name":"Planten eenvoudig online bestellen | Schramas.com","article_publisher":"https:\/\/www.facebook.com\/Schramascom-106872874153195\/","article_modified_time":"2026-03-26T15:36:17+00:00","og_image":[{"width":1200,"height":1200,"url":"http:\/\/www.schramas.com\/wp-content\/uploads\/2024\/05\/Corylus-Tonda-Gentille-delle-langhe-sfeer.jpg","type":"image\/jpeg"}],"twitter_card":"summary_large_image","twitter_misc":{"Dur\u00e9e de lecture estim\u00e9e":"1 minute"},"schema":{"@context":"https:\/\/schema.org","@graph":[{"@type":["WebPage","ItemPage"],"@id":"https:\/\/www.schramas.com\/winkel\/corylus-tonda-gentile-delle-langhe-italiaanse-hazelnoot-hoogte-40cm-12cm-pot\/","url":"https:\/\/www.schramas.com\/winkel\/corylus-tonda-gentile-delle-langhe-italiaanse-hazelnoot-hoogte-40cm-12cm-pot\/","name":"Corylus 'Tonda gentile delle Langhe' - Noisette italienne - Hauteur 40cm - Acheter pot 12cm | Plantes faciles en ligne | Schramas.com","isPartOf":{"@id":"https:\/\/www.schramas.com\/#website"},"primaryImageOfPage":{"@id":"https:\/\/www.schramas.com\/winkel\/corylus-tonda-gentile-delle-langhe-italiaanse-hazelnoot-hoogte-40cm-12cm-pot\/#primaryimage"},"image":{"@id":"https:\/\/www.schramas.com\/winkel\/corylus-tonda-gentile-delle-langhe-italiaanse-hazelnoot-hoogte-40cm-12cm-pot\/#primaryimage"},"thumbnailUrl":"https:\/\/www.schramas.com\/wp-content\/uploads\/2024\/05\/Corylus-Tonda-Gentille-delle-langhe-sfeer.jpg","datePublished":"2024-05-07T12:00:59+00:00","dateModified":"2026-03-26T15:36:17+00:00","breadcrumb":{"@id":"https:\/\/www.schramas.com\/winkel\/corylus-tonda-gentile-delle-langhe-italiaanse-hazelnoot-hoogte-40cm-12cm-pot\/#breadcrumb"},"inLanguage":"fr-FR","potentialAction":[{"@type":"ReadAction","target":["https:\/\/www.schramas.com\/winkel\/corylus-tonda-gentile-delle-langhe-italiaanse-hazelnoot-hoogte-40cm-12cm-pot\/"]}]},{"@type":"ImageObject","inLanguage":"fr-FR","@id":"https:\/\/www.schramas.com\/winkel\/corylus-tonda-gentile-delle-langhe-italiaanse-hazelnoot-hoogte-40cm-12cm-pot\/#primaryimage","url":"https:\/\/www.schramas.com\/wp-content\/uploads\/2024\/05\/Corylus-Tonda-Gentille-delle-langhe-sfeer.jpg","contentUrl":"https:\/\/www.schramas.com\/wp-content\/uploads\/2024\/05\/Corylus-Tonda-Gentille-delle-langhe-sfeer.jpg","width":1200,"height":1200},{"@type":"BreadcrumbList","@id":"https:\/\/www.schramas.com\/winkel\/corylus-tonda-gentile-delle-langhe-italiaanse-hazelnoot-hoogte-40cm-12cm-pot\/#breadcrumb","itemListElement":[{"@type":"ListItem","position":1,"name":"Product","item":"https:\/\/www.schramas.com\/assortiment\/"},{"@type":"ListItem","position":2,"name":"Bomen &amp; Struiken","item":"https:\/\/www.schramas.com\/product-category\/bomen-struiken\/"},{"@type":"ListItem","position":3,"name":"Notenbomen","item":"https:\/\/www.schramas.com\/product-category\/bomen-struiken\/notenbomen\/"},{"@type":"ListItem","position":4,"name":"Hazelnoten","item":"https:\/\/www.schramas.com\/product-category\/bomen-struiken\/notenbomen\/hazelnoten\/"},{"@type":"ListItem","position":5,"name":"Corylus \u2018Tonda gentile delle Langhe\u2019 &#8211; Italiaanse hazelnoot &#8211; Hoogte 40cm &#8211; 12cm pot"}]},{"@type":"WebSite","@id":"https:\/\/www.schramas.com\/#website","url":"https:\/\/www.schramas.com\/","name":"Schramas.com | Plantes de jardin faciles \u00e0 commander en ligne | En direct de notre p\u00e9pini\u00e8re","description":"","alternateName":"Schramas.com - Alle planten direct van de kweker","potentialAction":[{"@type":"SearchAction","target":{"@type":"EntryPoint","urlTemplate":"https:\/\/www.schramas.com\/?s={search_term_string}"},"query-input":{"@type":"PropertyValueSpecification","valueRequired":true,"valueName":"search_term_string"}}],"inLanguage":"fr-FR"}]}},"_links":{"self":[{"href":"https:\/\/www.schramas.com\/fr\/wp-json\/wp\/v2\/product\/40202","targetHints":{"allow":["GET"]}}],"collection":[{"href":"https:\/\/www.schramas.com\/fr\/wp-json\/wp\/v2\/product"}],"about":[{"href":"https:\/\/www.schramas.com\/fr\/wp-json\/wp\/v2\/types\/product"}],"version-history":[{"count":3,"href":"https:\/\/www.schramas.com\/fr\/wp-json\/wp\/v2\/product\/40202\/revisions"}],"predecessor-version":[{"id":40213,"href":"https:\/\/www.schramas.com\/fr\/wp-json\/wp\/v2\/product\/40202\/revisions\/40213"}],"wp:featuredmedia":[{"embeddable":true,"href":"https:\/\/www.schramas.com\/fr\/wp-json\/wp\/v2\/media\/40209"}],"wp:attachment":[{"href":"https:\/\/www.schramas.com\/fr\/wp-json\/wp\/v2\/media?parent=40202"}],"wp:term":[{"taxonomy":"product_brand","embeddable":true,"href":"https:\/\/www.schramas.com\/fr\/wp-json\/wp\/v2\/product_brand?post=40202"},{"taxonomy":"product_cat","embeddable":true,"href":"https:\/\/www.schramas.com\/fr\/wp-json\/wp\/v2\/product_cat?post=40202"},{"taxonomy":"product_tag","embeddable":true,"href":"https:\/\/www.schramas.com\/fr\/wp-json\/wp\/v2\/product_tag?post=40202"}],"curies":[{"name":"wp","href":"https:\/\/api.w.org\/{rel}","templated":true}]}}