{"id":40458,"date":"2024-05-14T10:25:27","date_gmt":"2024-05-14T08:25:27","guid":{"rendered":"https:\/\/www.schramas.com\/?post_type=product&#038;p=40458"},"modified":"2026-03-26T16:36:19","modified_gmt":"2026-03-26T15:36:19","slug":"cucumis-metuliferus-kiwano-horned-melon-annuel-hauteur-70cm-pot-de-2-litres","status":"publish","type":"product","link":"https:\/\/www.schramas.com\/fr\/boutique\/cucumis-metuliferus-kiwano-horned-melon-annuel-hauteur-70cm-pot-de-2-litres\/","title":{"rendered":"Cucumis metuliferus Kiwano - melon \u00e0 cornes - Annuelle - Hauteur 70cm - Pot de 2 litres"},"content":{"rendered":"<p>D\u00e9couvrez le monde exotique du melon \u00e0 cornes, \u00e9galement connu sous le nom de kiwano (Cucumis metuliferus). Cette plante inhabituelle appartient \u00e0 la famille des concombres (Cucurbitaceae) et est connue pour son fruit unique, ovale et allong\u00e9, dot\u00e9 de cornes caract\u00e9ristiques. Originaire du Kalahari, en Afrique, le melon \u00e0 cornes s'est r\u00e9pandu dans le monde entier gr\u00e2ce \u00e0 sa saveur intrigante et \u00e0 son apparence frappante.<\/p>\n<p>Introduit sur le march\u00e9 au d\u00e9but des ann\u00e9es 1980 en provenance de Nouvelle-Z\u00e9lande, le kiwano est une v\u00e9ritable d\u00e9couverte pour les amateurs de fruits exotiques. Bien que son nom rappelle celui du kiwi, le melon \u00e0 cornes n'est pas un parent de ce fruit. N\u00e9anmoins, ils partagent la sc\u00e8ne en tant que d\u00e9lices exotiques de Nouvelle-Z\u00e9lande.<\/p>\n<p>La peau ferme du melon \u00e0 cornes varie du vert-orange \u00e0 l'orange vif, tandis que la chair juteuse est vert vif, parsem\u00e9e de graines. La saveur du kiwano est rafra\u00eechissante et aqueuse, avec une combinaison subtile de banane, de melon et de concombre. Contrairement au concombre, le melon \u00e0 cornes se consomme m\u00fbr. Il se conserve tr\u00e8s bien pendant six mois.<\/p>\n<p>Cette plante herbac\u00e9e annuelle s'\u00e9panouit dans les jardins ou les serres et apporte une touche d'exotisme. La chair du fruit \u00e9pineux, verte et juteuse, offre une exp\u00e9rience gustative d\u00e9lectable qui se marie parfaitement avec les plats sal\u00e9s et sucr\u00e9s.<\/p>\n<div class=\"flex flex-grow flex-col max-w-full\">\n<div class=\"min-h-[20px] text-message flex flex-col items-start whitespace-pre-wrap break-words [.text-message+&amp;]:mt-5 juice:w-full juice:items-end overflow-x-auto gap-3\" dir=\"auto\" data-message-author-role=\"assistant\" data-message-id=\"c1f363df-43c3-460f-81e8-eb7712492206\">\n<div class=\"markdown prose w-full break-words dark:prose-invert light\">\n<p>Dans les serres, assurez la pollinisation en gardant les portes et les fen\u00eatres ouvertes pendant la journ\u00e9e. R\u00e9colte \u00e0 partir de juin et jusqu'\u00e0 la fin de l'\u00e9t\u00e9.<\/p>\n<\/div>\n<\/div>\n<\/div>\n<p>Avec sa saveur unique, son apparence frappante et sa polyvalence en cuisine, le melon \u00e0 cornes est un must pour les amateurs de fruits inhabituels.<\/p>","protected":false},"excerpt":{"rendered":"<p>Cucumis metuliferus Kiwano<\/p>\n<p>Melon cornu<\/p>\n<p>Go\u00fbt : go\u00fbt frais.<\/p>\n<p>Couleur du fruit : orange<\/p>\n<p>Hauteur maximale : 1,5 m\u00e8tre<\/p>\n<p>Hauteur de livraison, pot compris : environ 70 cm<\/p>\n<p>Taille du pot : 2 litres<\/p>","protected":false},"featured_media":40462,"template":"","meta":{"_joinchat":[]},"product_brand":[],"product_cat":[262,234,2391,294],"product_tag":[1763,1756,1762,1759,1758,1757,1760,1761,1275],"class_list":{"0":"post-40458","1":"product","2":"type-product","3":"status-publish","4":"has-post-thumbnail","6":"product_cat-bomen-struiken","7":"product_cat-fruitstruiken","8":"product_cat-mediterrane-en-exotische-fruitplanten","9":"product_cat-specials","10":"product_tag-afrikaanse-oorsprong","11":"product_tag-cucumis-metuliferus","12":"product_tag-eenjarige-plant","13":"product_tag-exotisch-fruit","14":"product_tag-gehoornde-meloen","15":"product_tag-kiwano","16":"product_tag-komkommerfamilie","17":"product_tag-smaakervaring","18":"product_tag-tuinieren","19":"pa_ewd_uwcf_colors-oranje","20":"pa_groeihoogte-60-150-cm","21":"pa_pot-zonder-pot","23":"first","24":"outofstock","25":"taxable","26":"shipping-taxable","27":"purchasable","28":"product-type-simple"},"yoast_head":"<!-- This site is optimized with the Yoast SEO plugin v24.2 - https:\/\/yoast.com\/wordpress\/plugins\/seo\/ -->\n<title>Cucumis metuliferus Kiwano - gehoornde meloen - Eenjarig - Hoogte 70cm - 2 liter pot kopen | Planten eenvoudig online bestellen | Schramas.com<\/title>\n<meta name=\"robots\" content=\"index, follow, max-snippet:-1, max-image-preview:large, max-video-preview:-1\" \/>\n<link rel=\"canonical\" href=\"https:\/\/www.schramas.com\/fr\/boutique\/cucumis-metuliferus-kiwano-horned-melon-annuel-hauteur-70cm-pot-de-2-litres\/\" \/>\n<meta property=\"og:locale\" content=\"fr_FR\" \/>\n<meta property=\"og:type\" content=\"article\" \/>\n<meta property=\"og:title\" content=\"Cucumis metuliferus Kiwano - gehoornde meloen - Eenjarig - Hoogte 70cm - 2 liter pot kopen | Planten eenvoudig online bestellen | Schramas.com\" \/>\n<meta property=\"og:description\" content=\"Cucumis metuliferus Kiwano  Gehoornde meloen  Smaak: frisse smaak.  Kleur vrucht: oranje  Hoogte max: 1,5 meter  Leverhoogte incl. pot: ca. 70cm  Pot maat: 2 liter\" \/>\n<meta property=\"og:url\" content=\"https:\/\/www.schramas.com\/fr\/boutique\/cucumis-metuliferus-kiwano-horned-melon-annuel-hauteur-70cm-pot-de-2-litres\/\" \/>\n<meta property=\"og:site_name\" content=\"Planten eenvoudig online bestellen | Schramas.com\" \/>\n<meta property=\"article:publisher\" content=\"https:\/\/www.facebook.com\/Schramascom-106872874153195\/\" \/>\n<meta property=\"article:modified_time\" content=\"2026-03-26T15:36:19+00:00\" \/>\n<meta property=\"og:image\" content=\"http:\/\/www.schramas.com\/wp-content\/uploads\/2024\/05\/Kiwano-sfeer.jpg\" \/>\n\t<meta property=\"og:image:width\" content=\"1200\" \/>\n\t<meta property=\"og:image:height\" content=\"1200\" \/>\n\t<meta property=\"og:image:type\" content=\"image\/jpeg\" \/>\n<meta name=\"twitter:card\" content=\"summary_large_image\" \/>\n<meta name=\"twitter:label1\" content=\"Dur\u00e9e de lecture estim\u00e9e\" \/>\n\t<meta name=\"twitter:data1\" content=\"1 minute\" \/>\n<script type=\"application\/ld+json\" class=\"yoast-schema-graph\">{\"@context\":\"https:\/\/schema.org\",\"@graph\":[{\"@type\":[\"WebPage\",\"ItemPage\"],\"@id\":\"https:\/\/www.schramas.com\/winkel\/cucumis-metuliferus-kiwano-gehoornde-meloen-eenjarig-hoogte-70cm-2-liter-pot\/\",\"url\":\"https:\/\/www.schramas.com\/winkel\/cucumis-metuliferus-kiwano-gehoornde-meloen-eenjarig-hoogte-70cm-2-liter-pot\/\",\"name\":\"Cucumis metuliferus Kiwano - gehoornde meloen - Eenjarig - Hoogte 70cm - 2 liter pot kopen | Planten eenvoudig online bestellen | Schramas.com\",\"isPartOf\":{\"@id\":\"https:\/\/www.schramas.com\/#website\"},\"primaryImageOfPage\":{\"@id\":\"https:\/\/www.schramas.com\/winkel\/cucumis-metuliferus-kiwano-gehoornde-meloen-eenjarig-hoogte-70cm-2-liter-pot\/#primaryimage\"},\"image\":{\"@id\":\"https:\/\/www.schramas.com\/winkel\/cucumis-metuliferus-kiwano-gehoornde-meloen-eenjarig-hoogte-70cm-2-liter-pot\/#primaryimage\"},\"thumbnailUrl\":\"https:\/\/www.schramas.com\/wp-content\/uploads\/2024\/05\/Kiwano-sfeer.jpg\",\"datePublished\":\"2024-05-14T08:25:27+00:00\",\"dateModified\":\"2026-03-26T15:36:19+00:00\",\"breadcrumb\":{\"@id\":\"https:\/\/www.schramas.com\/winkel\/cucumis-metuliferus-kiwano-gehoornde-meloen-eenjarig-hoogte-70cm-2-liter-pot\/#breadcrumb\"},\"inLanguage\":\"fr-FR\",\"potentialAction\":[{\"@type\":\"ReadAction\",\"target\":[\"https:\/\/www.schramas.com\/winkel\/cucumis-metuliferus-kiwano-gehoornde-meloen-eenjarig-hoogte-70cm-2-liter-pot\/\"]}]},{\"@type\":\"ImageObject\",\"inLanguage\":\"fr-FR\",\"@id\":\"https:\/\/www.schramas.com\/winkel\/cucumis-metuliferus-kiwano-gehoornde-meloen-eenjarig-hoogte-70cm-2-liter-pot\/#primaryimage\",\"url\":\"https:\/\/www.schramas.com\/wp-content\/uploads\/2024\/05\/Kiwano-sfeer.jpg\",\"contentUrl\":\"https:\/\/www.schramas.com\/wp-content\/uploads\/2024\/05\/Kiwano-sfeer.jpg\",\"width\":1200,\"height\":1200},{\"@type\":\"BreadcrumbList\",\"@id\":\"https:\/\/www.schramas.com\/winkel\/cucumis-metuliferus-kiwano-gehoornde-meloen-eenjarig-hoogte-70cm-2-liter-pot\/#breadcrumb\",\"itemListElement\":[{\"@type\":\"ListItem\",\"position\":1,\"name\":\"Product\",\"item\":\"https:\/\/www.schramas.com\/assortiment\/\"},{\"@type\":\"ListItem\",\"position\":2,\"name\":\"Bomen &amp; Struiken\",\"item\":\"https:\/\/www.schramas.com\/product-category\/bomen-struiken\/\"},{\"@type\":\"ListItem\",\"position\":3,\"name\":\"Specials\",\"item\":\"https:\/\/www.schramas.com\/product-category\/bomen-struiken\/specials\/\"},{\"@type\":\"ListItem\",\"position\":4,\"name\":\"Mediterrane en Exotische Fruitplanten\",\"item\":\"https:\/\/www.schramas.com\/product-category\/bomen-struiken\/specials\/mediterrane-en-exotische-fruitplanten\/\"},{\"@type\":\"ListItem\",\"position\":5,\"name\":\"Cucumis metuliferus Kiwano &#8211; gehoornde meloen &#8211; Eenjarig &#8211; Hoogte 70cm &#8211; 2 liter pot\"}]},{\"@type\":\"WebSite\",\"@id\":\"https:\/\/www.schramas.com\/#website\",\"url\":\"https:\/\/www.schramas.com\/\",\"name\":\"Schramas.com | Tuinplanten eenvoudig online bestellen | Direct van onze Kwekerij\",\"description\":\"\",\"alternateName\":\"Schramas.com - Alle planten direct van de kweker\",\"potentialAction\":[{\"@type\":\"SearchAction\",\"target\":{\"@type\":\"EntryPoint\",\"urlTemplate\":\"https:\/\/www.schramas.com\/?s={search_term_string}\"},\"query-input\":{\"@type\":\"PropertyValueSpecification\",\"valueRequired\":true,\"valueName\":\"search_term_string\"}}],\"inLanguage\":\"fr-FR\"}]}<\/script>\n<!-- \/ Yoast SEO plugin. -->","yoast_head_json":{"title":"Cucumis metuliferus Kiwano - melon \u00e0 cornes - Annuelle - Hauteur 70cm - Acheter pot de 2 litres | Plantes faciles en ligne | Schramas.com","robots":{"index":"index","follow":"follow","max-snippet":"max-snippet:-1","max-image-preview":"max-image-preview:large","max-video-preview":"max-video-preview:-1"},"canonical":"https:\/\/www.schramas.com\/fr\/boutique\/cucumis-metuliferus-kiwano-horned-melon-annuel-hauteur-70cm-pot-de-2-litres\/","og_locale":"fr_FR","og_type":"article","og_title":"Cucumis metuliferus Kiwano - gehoornde meloen - Eenjarig - Hoogte 70cm - 2 liter pot kopen | Planten eenvoudig online bestellen | Schramas.com","og_description":"Cucumis metuliferus Kiwano  Gehoornde meloen  Smaak: frisse smaak.  Kleur vrucht: oranje  Hoogte max: 1,5 meter  Leverhoogte incl. pot: ca. 70cm  Pot maat: 2 liter","og_url":"https:\/\/www.schramas.com\/fr\/boutique\/cucumis-metuliferus-kiwano-horned-melon-annuel-hauteur-70cm-pot-de-2-litres\/","og_site_name":"Planten eenvoudig online bestellen | Schramas.com","article_publisher":"https:\/\/www.facebook.com\/Schramascom-106872874153195\/","article_modified_time":"2026-03-26T15:36:19+00:00","og_image":[{"width":1200,"height":1200,"url":"http:\/\/www.schramas.com\/wp-content\/uploads\/2024\/05\/Kiwano-sfeer.jpg","type":"image\/jpeg"}],"twitter_card":"summary_large_image","twitter_misc":{"Dur\u00e9e de lecture estim\u00e9e":"1 minute"},"schema":{"@context":"https:\/\/schema.org","@graph":[{"@type":["WebPage","ItemPage"],"@id":"https:\/\/www.schramas.com\/winkel\/cucumis-metuliferus-kiwano-gehoornde-meloen-eenjarig-hoogte-70cm-2-liter-pot\/","url":"https:\/\/www.schramas.com\/winkel\/cucumis-metuliferus-kiwano-gehoornde-meloen-eenjarig-hoogte-70cm-2-liter-pot\/","name":"Cucumis metuliferus Kiwano - melon \u00e0 cornes - Annuelle - Hauteur 70cm - Acheter pot de 2 litres | Plantes faciles en ligne | Schramas.com","isPartOf":{"@id":"https:\/\/www.schramas.com\/#website"},"primaryImageOfPage":{"@id":"https:\/\/www.schramas.com\/winkel\/cucumis-metuliferus-kiwano-gehoornde-meloen-eenjarig-hoogte-70cm-2-liter-pot\/#primaryimage"},"image":{"@id":"https:\/\/www.schramas.com\/winkel\/cucumis-metuliferus-kiwano-gehoornde-meloen-eenjarig-hoogte-70cm-2-liter-pot\/#primaryimage"},"thumbnailUrl":"https:\/\/www.schramas.com\/wp-content\/uploads\/2024\/05\/Kiwano-sfeer.jpg","datePublished":"2024-05-14T08:25:27+00:00","dateModified":"2026-03-26T15:36:19+00:00","breadcrumb":{"@id":"https:\/\/www.schramas.com\/winkel\/cucumis-metuliferus-kiwano-gehoornde-meloen-eenjarig-hoogte-70cm-2-liter-pot\/#breadcrumb"},"inLanguage":"fr-FR","potentialAction":[{"@type":"ReadAction","target":["https:\/\/www.schramas.com\/winkel\/cucumis-metuliferus-kiwano-gehoornde-meloen-eenjarig-hoogte-70cm-2-liter-pot\/"]}]},{"@type":"ImageObject","inLanguage":"fr-FR","@id":"https:\/\/www.schramas.com\/winkel\/cucumis-metuliferus-kiwano-gehoornde-meloen-eenjarig-hoogte-70cm-2-liter-pot\/#primaryimage","url":"https:\/\/www.schramas.com\/wp-content\/uploads\/2024\/05\/Kiwano-sfeer.jpg","contentUrl":"https:\/\/www.schramas.com\/wp-content\/uploads\/2024\/05\/Kiwano-sfeer.jpg","width":1200,"height":1200},{"@type":"BreadcrumbList","@id":"https:\/\/www.schramas.com\/winkel\/cucumis-metuliferus-kiwano-gehoornde-meloen-eenjarig-hoogte-70cm-2-liter-pot\/#breadcrumb","itemListElement":[{"@type":"ListItem","position":1,"name":"Product","item":"https:\/\/www.schramas.com\/assortiment\/"},{"@type":"ListItem","position":2,"name":"Bomen &amp; Struiken","item":"https:\/\/www.schramas.com\/product-category\/bomen-struiken\/"},{"@type":"ListItem","position":3,"name":"Specials","item":"https:\/\/www.schramas.com\/product-category\/bomen-struiken\/specials\/"},{"@type":"ListItem","position":4,"name":"Mediterrane en Exotische Fruitplanten","item":"https:\/\/www.schramas.com\/product-category\/bomen-struiken\/specials\/mediterrane-en-exotische-fruitplanten\/"},{"@type":"ListItem","position":5,"name":"Cucumis metuliferus Kiwano &#8211; gehoornde meloen &#8211; Eenjarig &#8211; Hoogte 70cm &#8211; 2 liter pot"}]},{"@type":"WebSite","@id":"https:\/\/www.schramas.com\/#website","url":"https:\/\/www.schramas.com\/","name":"Schramas.com | Plantes de jardin faciles \u00e0 commander en ligne | En direct de notre p\u00e9pini\u00e8re","description":"","alternateName":"Schramas.com - Alle planten direct van de kweker","potentialAction":[{"@type":"SearchAction","target":{"@type":"EntryPoint","urlTemplate":"https:\/\/www.schramas.com\/?s={search_term_string}"},"query-input":{"@type":"PropertyValueSpecification","valueRequired":true,"valueName":"search_term_string"}}],"inLanguage":"fr-FR"}]}},"_links":{"self":[{"href":"https:\/\/www.schramas.com\/fr\/wp-json\/wp\/v2\/product\/40458","targetHints":{"allow":["GET"]}}],"collection":[{"href":"https:\/\/www.schramas.com\/fr\/wp-json\/wp\/v2\/product"}],"about":[{"href":"https:\/\/www.schramas.com\/fr\/wp-json\/wp\/v2\/types\/product"}],"version-history":[{"count":3,"href":"https:\/\/www.schramas.com\/fr\/wp-json\/wp\/v2\/product\/40458\/revisions"}],"predecessor-version":[{"id":40464,"href":"https:\/\/www.schramas.com\/fr\/wp-json\/wp\/v2\/product\/40458\/revisions\/40464"}],"wp:featuredmedia":[{"embeddable":true,"href":"https:\/\/www.schramas.com\/fr\/wp-json\/wp\/v2\/media\/40462"}],"wp:attachment":[{"href":"https:\/\/www.schramas.com\/fr\/wp-json\/wp\/v2\/media?parent=40458"}],"wp:term":[{"taxonomy":"product_brand","embeddable":true,"href":"https:\/\/www.schramas.com\/fr\/wp-json\/wp\/v2\/product_brand?post=40458"},{"taxonomy":"product_cat","embeddable":true,"href":"https:\/\/www.schramas.com\/fr\/wp-json\/wp\/v2\/product_cat?post=40458"},{"taxonomy":"product_tag","embeddable":true,"href":"https:\/\/www.schramas.com\/fr\/wp-json\/wp\/v2\/product_tag?post=40458"}],"curies":[{"name":"wp","href":"https:\/\/api.w.org\/{rel}","templated":true}]}}