{"id":40486,"date":"2024-05-14T13:09:29","date_gmt":"2024-05-14T11:09:29","guid":{"rendered":"https:\/\/www.schramas.com\/?post_type=product&#038;p=40486"},"modified":"2026-03-26T16:36:20","modified_gmt":"2026-03-26T15:36:20","slug":"lonicera-caerulea-purple-sweet-honeyberry-hauteur-70cm-pot-de-2-litres","status":"publish","type":"product","link":"https:\/\/www.schramas.com\/fr\/boutique\/lonicera-caerulea-purple-sweet-honeyberry-hauteur-70cm-pot-de-2-litres\/","title":{"rendered":"Lonicera caerulea 'Purple sweet' - honeyberry - Hauteur 70cm - Pot de 2 litres"},"content":{"rendered":"<p>D\u00e9couvrez la d\u00e9licieuse Lonicera caerulea 'Purple Sweet'\u00ae, une vari\u00e9t\u00e9 d\u00e9lectable de myrtille qui porte bien son nom. Contrairement \u00e0 de nombreux autres fruits \u00e0 miel, cette vari\u00e9t\u00e9 est connue pour son excellente saveur. Avec une saveur sucr\u00e9e et riche, pleine de vitamines et d'antioxydants, 'Purple Sweet'\u00ae est un vrai d\u00e9lice pour les papilles.<\/p>\n<p>Cette myrtille est un r\u00e9gal non seulement pour le go\u00fbt, mais aussi pour le jardinier. D\u00e9velopp\u00e9e par nos soins, elle pousse facilement et n'est pas sensible aux maladies, ce qui en fait un ajout fiable \u00e0 tout jardin. Pour profiter des d\u00e9licieuses baies, il est recommand\u00e9 de prot\u00e9ger le buisson des oiseaux, qui, tout comme vous, appr\u00e9cieront cette friandise. Avec Lonicera caerulea 'Purple Sweet'\u00ae, vous apportez non seulement le go\u00fbt, mais aussi la sant\u00e9 et la commodit\u00e9 dans votre maison.<\/p>","protected":false},"excerpt":{"rendered":"<p>Lonicera caerula 'Purple sweet' (doux pourpre)<\/p>\n<p>Myrtille<\/p>\n<p>Go\u00fbt : doux<\/p>\n<p>Couleur du fruit : bleu violet<\/p>\n<p>Hauteur maximale : 1,5-1,8 m\u00e8tres<\/p>\n<p>Convient aussi bien pour les terrasses que pour les terrains en plein air<\/p>\n<p>Hauteur de livraison avec pot : +\/_50 cm<\/p>\n<p>Taille du pot : 2 litres.<\/p>","protected":false},"featured_media":40477,"template":"","meta":{"_joinchat":[]},"product_brand":[],"product_cat":[262,234,46],"product_tag":[643,676,953,656,351,328],"class_list":{"0":"post-40486","1":"product","2":"type-product","3":"status-publish","4":"has-post-thumbnail","6":"product_cat-bomen-struiken","7":"product_cat-fruitstruiken","8":"product_cat-lonicera","9":"product_tag-honingbes","10":"product_tag-lonicera","11":"product_tag-rebecca","12":"product_tag-vitamine","13":"product_tag-winterhard","14":"product_tag-zoet","15":"pa_bloeimaanden-maart","16":"pa_bloeimaanden-april","17":"pa_groeihoogte-150-200-cm","18":"pa_pot-9-cm-pot","20":"first","21":"outofstock","22":"taxable","23":"shipping-taxable","24":"purchasable","25":"product-type-simple"},"yoast_head":"<!-- This site is optimized with the Yoast SEO plugin v24.2 - https:\/\/yoast.com\/wordpress\/plugins\/seo\/ -->\n<title>Lonicera caerulea &#039;Purple sweet&#039; - honingbes - Hoogte 70cm - 2 liter pot kopen | Planten eenvoudig online bestellen | Schramas.com<\/title>\n<meta name=\"robots\" content=\"index, follow, max-snippet:-1, max-image-preview:large, max-video-preview:-1\" \/>\n<link rel=\"canonical\" href=\"https:\/\/www.schramas.com\/fr\/boutique\/lonicera-caerulea-purple-sweet-honeyberry-hauteur-70cm-pot-de-2-litres\/\" \/>\n<meta property=\"og:locale\" content=\"fr_FR\" \/>\n<meta property=\"og:type\" content=\"article\" \/>\n<meta property=\"og:title\" content=\"Lonicera caerulea &#039;Purple sweet&#039; - honingbes - Hoogte 70cm - 2 liter pot kopen | Planten eenvoudig online bestellen | Schramas.com\" \/>\n<meta property=\"og:description\" content=\"Lonicera caerula &#039;Purple sweet&#039;  Honingbes  Smaak: zoet  Kleur vrucht: blauw paars  Hoogte max: 1,5-1,8 meter  Geschikt voor zowel patio als volle grond  Leverhoogte incl. pot: +\/_50 cm  Pot maat: 2 liter.\" \/>\n<meta property=\"og:url\" content=\"https:\/\/www.schramas.com\/fr\/boutique\/lonicera-caerulea-purple-sweet-honeyberry-hauteur-70cm-pot-de-2-litres\/\" \/>\n<meta property=\"og:site_name\" content=\"Planten eenvoudig online bestellen | Schramas.com\" \/>\n<meta property=\"article:publisher\" content=\"https:\/\/www.facebook.com\/Schramascom-106872874153195\/\" \/>\n<meta property=\"article:modified_time\" content=\"2026-03-26T15:36:20+00:00\" \/>\n<meta property=\"og:image\" content=\"http:\/\/www.schramas.com\/wp-content\/uploads\/2024\/05\/Lonicera-Rebecca-sfeer.jpg\" \/>\n\t<meta property=\"og:image:width\" content=\"1200\" \/>\n\t<meta property=\"og:image:height\" content=\"1200\" \/>\n\t<meta property=\"og:image:type\" content=\"image\/jpeg\" \/>\n<meta name=\"twitter:card\" content=\"summary_large_image\" \/>\n<meta name=\"twitter:label1\" content=\"Dur\u00e9e de lecture estim\u00e9e\" \/>\n\t<meta name=\"twitter:data1\" content=\"1 minute\" \/>\n<script type=\"application\/ld+json\" class=\"yoast-schema-graph\">{\"@context\":\"https:\/\/schema.org\",\"@graph\":[{\"@type\":[\"WebPage\",\"ItemPage\"],\"@id\":\"https:\/\/www.schramas.com\/winkel\/lonicera-caerulea-purple-sweet-honingbes-hoogte-70cm-2-liter-pot\/\",\"url\":\"https:\/\/www.schramas.com\/winkel\/lonicera-caerulea-purple-sweet-honingbes-hoogte-70cm-2-liter-pot\/\",\"name\":\"Lonicera caerulea 'Purple sweet' - honingbes - Hoogte 70cm - 2 liter pot kopen | Planten eenvoudig online bestellen | Schramas.com\",\"isPartOf\":{\"@id\":\"https:\/\/www.schramas.com\/#website\"},\"primaryImageOfPage\":{\"@id\":\"https:\/\/www.schramas.com\/winkel\/lonicera-caerulea-purple-sweet-honingbes-hoogte-70cm-2-liter-pot\/#primaryimage\"},\"image\":{\"@id\":\"https:\/\/www.schramas.com\/winkel\/lonicera-caerulea-purple-sweet-honingbes-hoogte-70cm-2-liter-pot\/#primaryimage\"},\"thumbnailUrl\":\"https:\/\/www.schramas.com\/wp-content\/uploads\/2024\/05\/Lonicera-Rebecca-sfeer.jpg\",\"datePublished\":\"2024-05-14T11:09:29+00:00\",\"dateModified\":\"2026-03-26T15:36:20+00:00\",\"breadcrumb\":{\"@id\":\"https:\/\/www.schramas.com\/winkel\/lonicera-caerulea-purple-sweet-honingbes-hoogte-70cm-2-liter-pot\/#breadcrumb\"},\"inLanguage\":\"fr-FR\",\"potentialAction\":[{\"@type\":\"ReadAction\",\"target\":[\"https:\/\/www.schramas.com\/winkel\/lonicera-caerulea-purple-sweet-honingbes-hoogte-70cm-2-liter-pot\/\"]}]},{\"@type\":\"ImageObject\",\"inLanguage\":\"fr-FR\",\"@id\":\"https:\/\/www.schramas.com\/winkel\/lonicera-caerulea-purple-sweet-honingbes-hoogte-70cm-2-liter-pot\/#primaryimage\",\"url\":\"https:\/\/www.schramas.com\/wp-content\/uploads\/2024\/05\/Lonicera-Rebecca-sfeer.jpg\",\"contentUrl\":\"https:\/\/www.schramas.com\/wp-content\/uploads\/2024\/05\/Lonicera-Rebecca-sfeer.jpg\",\"width\":1200,\"height\":1200},{\"@type\":\"BreadcrumbList\",\"@id\":\"https:\/\/www.schramas.com\/winkel\/lonicera-caerulea-purple-sweet-honingbes-hoogte-70cm-2-liter-pot\/#breadcrumb\",\"itemListElement\":[{\"@type\":\"ListItem\",\"position\":1,\"name\":\"Product\",\"item\":\"https:\/\/www.schramas.com\/assortiment\/\"},{\"@type\":\"ListItem\",\"position\":2,\"name\":\"Bomen &amp; Struiken\",\"item\":\"https:\/\/www.schramas.com\/product-category\/bomen-struiken\/\"},{\"@type\":\"ListItem\",\"position\":3,\"name\":\"Fruitstruiken\",\"item\":\"https:\/\/www.schramas.com\/de\/produktkategorie\/baume-und-straucher\/obststraucher\/\"},{\"@type\":\"ListItem\",\"position\":4,\"name\":\"Honingbessen\",\"item\":\"https:\/\/www.schramas.com\/de\/produktkategorie\/baume-und-straucher\/obststraucher\/lonicera\/\"},{\"@type\":\"ListItem\",\"position\":5,\"name\":\"Lonicera caerulea &#8216;Purple sweet&#8217; &#8211; honingbes &#8211; Hoogte 70cm &#8211; 2 liter pot\"}]},{\"@type\":\"WebSite\",\"@id\":\"https:\/\/www.schramas.com\/#website\",\"url\":\"https:\/\/www.schramas.com\/\",\"name\":\"Schramas.com | Tuinplanten eenvoudig online bestellen | Direct van onze Kwekerij\",\"description\":\"\",\"alternateName\":\"Schramas.com - Alle planten direct van de kweker\",\"potentialAction\":[{\"@type\":\"SearchAction\",\"target\":{\"@type\":\"EntryPoint\",\"urlTemplate\":\"https:\/\/www.schramas.com\/?s={search_term_string}\"},\"query-input\":{\"@type\":\"PropertyValueSpecification\",\"valueRequired\":true,\"valueName\":\"search_term_string\"}}],\"inLanguage\":\"fr-FR\"}]}<\/script>\n<!-- \/ Yoast SEO plugin. -->","yoast_head_json":{"title":"Lonicera caerulea 'Purple sweet' - Miel - Hauteur 70cm - Acheter pot 2 litres | Plantes faciles en ligne | Schramas.com","robots":{"index":"index","follow":"follow","max-snippet":"max-snippet:-1","max-image-preview":"max-image-preview:large","max-video-preview":"max-video-preview:-1"},"canonical":"https:\/\/www.schramas.com\/fr\/boutique\/lonicera-caerulea-purple-sweet-honeyberry-hauteur-70cm-pot-de-2-litres\/","og_locale":"fr_FR","og_type":"article","og_title":"Lonicera caerulea 'Purple sweet' - honingbes - Hoogte 70cm - 2 liter pot kopen | Planten eenvoudig online bestellen | Schramas.com","og_description":"Lonicera caerula 'Purple sweet'  Honingbes  Smaak: zoet  Kleur vrucht: blauw paars  Hoogte max: 1,5-1,8 meter  Geschikt voor zowel patio als volle grond  Leverhoogte incl. pot: +\/_50 cm  Pot maat: 2 liter.","og_url":"https:\/\/www.schramas.com\/fr\/boutique\/lonicera-caerulea-purple-sweet-honeyberry-hauteur-70cm-pot-de-2-litres\/","og_site_name":"Planten eenvoudig online bestellen | Schramas.com","article_publisher":"https:\/\/www.facebook.com\/Schramascom-106872874153195\/","article_modified_time":"2026-03-26T15:36:20+00:00","og_image":[{"width":1200,"height":1200,"url":"http:\/\/www.schramas.com\/wp-content\/uploads\/2024\/05\/Lonicera-Rebecca-sfeer.jpg","type":"image\/jpeg"}],"twitter_card":"summary_large_image","twitter_misc":{"Dur\u00e9e de lecture estim\u00e9e":"1 minute"},"schema":{"@context":"https:\/\/schema.org","@graph":[{"@type":["WebPage","ItemPage"],"@id":"https:\/\/www.schramas.com\/winkel\/lonicera-caerulea-purple-sweet-honingbes-hoogte-70cm-2-liter-pot\/","url":"https:\/\/www.schramas.com\/winkel\/lonicera-caerulea-purple-sweet-honingbes-hoogte-70cm-2-liter-pot\/","name":"Lonicera caerulea 'Purple sweet' - Miel - Hauteur 70cm - Acheter pot 2 litres | Plantes faciles en ligne | Schramas.com","isPartOf":{"@id":"https:\/\/www.schramas.com\/#website"},"primaryImageOfPage":{"@id":"https:\/\/www.schramas.com\/winkel\/lonicera-caerulea-purple-sweet-honingbes-hoogte-70cm-2-liter-pot\/#primaryimage"},"image":{"@id":"https:\/\/www.schramas.com\/winkel\/lonicera-caerulea-purple-sweet-honingbes-hoogte-70cm-2-liter-pot\/#primaryimage"},"thumbnailUrl":"https:\/\/www.schramas.com\/wp-content\/uploads\/2024\/05\/Lonicera-Rebecca-sfeer.jpg","datePublished":"2024-05-14T11:09:29+00:00","dateModified":"2026-03-26T15:36:20+00:00","breadcrumb":{"@id":"https:\/\/www.schramas.com\/winkel\/lonicera-caerulea-purple-sweet-honingbes-hoogte-70cm-2-liter-pot\/#breadcrumb"},"inLanguage":"fr-FR","potentialAction":[{"@type":"ReadAction","target":["https:\/\/www.schramas.com\/winkel\/lonicera-caerulea-purple-sweet-honingbes-hoogte-70cm-2-liter-pot\/"]}]},{"@type":"ImageObject","inLanguage":"fr-FR","@id":"https:\/\/www.schramas.com\/winkel\/lonicera-caerulea-purple-sweet-honingbes-hoogte-70cm-2-liter-pot\/#primaryimage","url":"https:\/\/www.schramas.com\/wp-content\/uploads\/2024\/05\/Lonicera-Rebecca-sfeer.jpg","contentUrl":"https:\/\/www.schramas.com\/wp-content\/uploads\/2024\/05\/Lonicera-Rebecca-sfeer.jpg","width":1200,"height":1200},{"@type":"BreadcrumbList","@id":"https:\/\/www.schramas.com\/winkel\/lonicera-caerulea-purple-sweet-honingbes-hoogte-70cm-2-liter-pot\/#breadcrumb","itemListElement":[{"@type":"ListItem","position":1,"name":"Product","item":"https:\/\/www.schramas.com\/assortiment\/"},{"@type":"ListItem","position":2,"name":"Bomen &amp; Struiken","item":"https:\/\/www.schramas.com\/product-category\/bomen-struiken\/"},{"@type":"ListItem","position":3,"name":"Fruitstruiken","item":"https:\/\/www.schramas.com\/de\/produktkategorie\/baume-und-straucher\/obststraucher\/"},{"@type":"ListItem","position":4,"name":"Honingbessen","item":"https:\/\/www.schramas.com\/de\/produktkategorie\/baume-und-straucher\/obststraucher\/lonicera\/"},{"@type":"ListItem","position":5,"name":"Lonicera caerulea &#8216;Purple sweet&#8217; &#8211; honingbes &#8211; Hoogte 70cm &#8211; 2 liter pot"}]},{"@type":"WebSite","@id":"https:\/\/www.schramas.com\/#website","url":"https:\/\/www.schramas.com\/","name":"Schramas.com | Plantes de jardin faciles \u00e0 commander en ligne | En direct de notre p\u00e9pini\u00e8re","description":"","alternateName":"Schramas.com - Alle planten direct van de kweker","potentialAction":[{"@type":"SearchAction","target":{"@type":"EntryPoint","urlTemplate":"https:\/\/www.schramas.com\/?s={search_term_string}"},"query-input":{"@type":"PropertyValueSpecification","valueRequired":true,"valueName":"search_term_string"}}],"inLanguage":"fr-FR"}]}},"_links":{"self":[{"href":"https:\/\/www.schramas.com\/fr\/wp-json\/wp\/v2\/product\/40486","targetHints":{"allow":["GET"]}}],"collection":[{"href":"https:\/\/www.schramas.com\/fr\/wp-json\/wp\/v2\/product"}],"about":[{"href":"https:\/\/www.schramas.com\/fr\/wp-json\/wp\/v2\/types\/product"}],"version-history":[{"count":3,"href":"https:\/\/www.schramas.com\/fr\/wp-json\/wp\/v2\/product\/40486\/revisions"}],"predecessor-version":[{"id":40493,"href":"https:\/\/www.schramas.com\/fr\/wp-json\/wp\/v2\/product\/40486\/revisions\/40493"}],"wp:featuredmedia":[{"embeddable":true,"href":"https:\/\/www.schramas.com\/fr\/wp-json\/wp\/v2\/media\/40477"}],"wp:attachment":[{"href":"https:\/\/www.schramas.com\/fr\/wp-json\/wp\/v2\/media?parent=40486"}],"wp:term":[{"taxonomy":"product_brand","embeddable":true,"href":"https:\/\/www.schramas.com\/fr\/wp-json\/wp\/v2\/product_brand?post=40486"},{"taxonomy":"product_cat","embeddable":true,"href":"https:\/\/www.schramas.com\/fr\/wp-json\/wp\/v2\/product_cat?post=40486"},{"taxonomy":"product_tag","embeddable":true,"href":"https:\/\/www.schramas.com\/fr\/wp-json\/wp\/v2\/product_tag?post=40486"}],"curies":[{"name":"wp","href":"https:\/\/api.w.org\/{rel}","templated":true}]}}