{"id":40574,"date":"2024-05-16T15:13:55","date_gmt":"2024-05-16T13:13:55","guid":{"rendered":"https:\/\/www.schramas.com\/?post_type=product&#038;p=40574"},"modified":"2026-04-17T15:15:36","modified_gmt":"2026-04-17T13:15:36","slug":"ficus-carica-figuier-de-dalmatie-pot-de-2-litres","status":"publish","type":"product","link":"https:\/\/www.schramas.com\/fr\/boutique\/ficus-carica-figuier-de-dalmatie-pot-de-2-litres\/","title":{"rendered":"Ficus carica 'Dalmatia' Figuier, pot de 2 litres"},"content":{"rendered":"<p>Le Ficus carica &#039;Dalmatia&#039; ou &#039;Pr\u00e9coce de Dalmatie&#039;, \u00e9galement connu sous le nom de Figue commune, appartient \u00e0 la famille des Morac\u00e9es. Cet arbuste polyvalent peut atteindre 3 m\u00e8tres de haut et se caract\u00e9rise par de grandes feuilles vert fonc\u00e9. Durant les mois d&#039;avril et mai, la &#039;Dalmatie&#039; fleurit avec de petites fleurs vertes, suivies du d\u00e9veloppement des fruits qui m\u00fbrissent vers septembre.<\/p>\n<p>Les fruits du Ficus carica &#039;Dalmatia&#039; sont gros et ont une peau vert-jaune avec une chair rouge juteuse. Cette vari\u00e9t\u00e9 est connue pour porter ses fruits t\u00f4t dans la saison, mais cela peut \u00eatre un d\u00e9fi lors des gel\u00e9es printani\u00e8res. Il est possible de cultiver ce figuier en pot.<\/p>\n<p>Les fruits assez gros sont de couleur vert-jaune et ont une chair rouge sucr\u00e9e et juteuse. Les vendanges commencent en juillet. Il est important d\u2019utiliser des sp\u00e9cimens coup\u00e9s, car les sp\u00e9cimens sem\u00e9s ne produisent pratiquement aucun fruit.<\/p>\n<p>Le Ficus carica &#039;Dalmatia&#039; prosp\u00e8re mieux dans un sol bien drain\u00e9 et dans un endroit chaud et ensoleill\u00e9. Cet arbre m\u00e9diterran\u00e9en peut hiverner ici, \u00e0 condition d&#039;\u00eatre couvert ou abrit\u00e9 entre des murs orient\u00e9s sud ou sud-ouest. La &#039;Dalmatie&#039; r\u00e9siste \u00e0 l&#039;hiver jusqu&#039;\u00e0 -12\u00b0C.<\/p>\n<p>Ce cultivar n\u00e9cessite g\u00e9n\u00e9ralement peu ou pas de taille. Le Ficus carica &#039;Dalmatie&#039; sur tige porte ses fruits deux fois par an : la premi\u00e8re fois en juillet et la deuxi\u00e8me fois en septembre et octobre. La deuxi\u00e8me r\u00e9colte se compose de nombreux fruits \u00e0 la peau verte et \u00e0 la chair rouge vif, au go\u00fbt merveilleusement sucr\u00e9.<\/p>","protected":false},"excerpt":{"rendered":"<p>Ficus carica &#039;Dalmatie&#039;<\/p>\n<p>Go\u00fbt : doux<\/p>\n<p>Couleur : fruits vert-jaune<\/p>\n<p>Hauteur maximale : environ 3 m\u00e8tres<\/p>\n<p>Hauteur de livraison, pot compris : environ 80 cm<\/p>\n<p>Taille du pot : 2 litres<\/p>\n<p>Convient pour les balcons, les terrasses et les espaces verts.<\/p>","protected":false},"featured_media":40577,"template":"","meta":{"_joinchat":[]},"product_brand":[],"product_cat":[262,233,38],"product_tag":[1321,1237,1391,1764,1277,1789,1784,1787,1791,1785,1793,1788,1200,1786,353,1792,804,1790,890,351,1780],"class_list":{"0":"post-40574","1":"product","2":"type-product","3":"status-publish","4":"has-post-thumbnail","6":"product_cat-bomen-struiken","7":"product_cat-fruitbomen","8":"product_cat-vijgen","9":"product_tag-vorstbestendig","10":"product_tag-dalmatie","11":"product_tag-doorlatende-grond","12":"product_tag-ficus-carica","13":"product_tag-fruitboom","14":"product_tag-gestekte-exemplaren","15":"product_tag-gewone-vijg","16":"product_tag-groengele-schil","17":"product_tag-juli","18":"product_tag-mediterrane-plant","19":"product_tag-oktober","20":"product_tag-oogstbaar","21":"product_tag-potplant","22":"product_tag-precoce-de-dalmatie","23":"product_tag-rood-vruchtvlees","24":"product_tag-september","25":"product_tag-snoeien","26":"product_tag-twee-oogsten","27":"product_tag-vijgenboom","28":"product_tag-winterhard","29":"product_tag-zonnige-locatie","30":"pa_bloeimaanden-juli","31":"pa_bloeimaanden-augustus","32":"pa_bloeimaanden-september","33":"pa_ewd_uwcf_colors-groen-2","34":"pa_groeihoogte-300-cm","35":"pa_pot-zonder-pot","37":"first","38":"instock","39":"taxable","40":"shipping-taxable","41":"purchasable","42":"product-type-simple"},"yoast_head":"<!-- This site is optimized with the Yoast SEO plugin v24.2 - https:\/\/yoast.com\/wordpress\/plugins\/seo\/ -->\n<title>Ficus carica &#039;Dalmati\u00eb&#039; Vijgenboom, 2 liter pot kopen | Planten eenvoudig online bestellen | Schramas.com<\/title>\n<meta name=\"robots\" content=\"index, follow, max-snippet:-1, max-image-preview:large, max-video-preview:-1\" \/>\n<link rel=\"canonical\" href=\"https:\/\/www.schramas.com\/fr\/boutique\/ficus-carica-figuier-de-dalmatie-pot-de-2-litres\/\" \/>\n<meta property=\"og:locale\" content=\"fr_FR\" \/>\n<meta property=\"og:type\" content=\"article\" \/>\n<meta property=\"og:title\" content=\"Ficus carica &#039;Dalmati\u00eb&#039; Vijgenboom, 2 liter pot kopen | Planten eenvoudig online bestellen | Schramas.com\" \/>\n<meta property=\"og:description\" content=\"Ficus carica &#039;Dalmati\u00eb&#039;  Smaak: zoet  Kleur: groen-gele vruchten  Hoogte max.: ca. 3 meter  Leverhoogte incl. pot: ca. 80 cm  Potmaat: 2 liter  Geschikt voor zowel balkon, patio als volle grond\" \/>\n<meta property=\"og:url\" content=\"https:\/\/www.schramas.com\/fr\/boutique\/ficus-carica-figuier-de-dalmatie-pot-de-2-litres\/\" \/>\n<meta property=\"og:site_name\" content=\"Planten eenvoudig online bestellen | Schramas.com\" \/>\n<meta property=\"article:publisher\" content=\"https:\/\/www.facebook.com\/Schramascom-106872874153195\/\" \/>\n<meta property=\"article:modified_time\" content=\"2026-04-17T13:15:36+00:00\" \/>\n<meta property=\"og:image\" content=\"http:\/\/www.schramas.com\/wp-content\/uploads\/2024\/05\/Ficus-Dalmatie-sfeer-2.jpg\" \/>\n\t<meta property=\"og:image:width\" content=\"1200\" \/>\n\t<meta property=\"og:image:height\" content=\"1200\" \/>\n\t<meta property=\"og:image:type\" content=\"image\/jpeg\" \/>\n<meta name=\"twitter:card\" content=\"summary_large_image\" \/>\n<meta name=\"twitter:label1\" content=\"Dur\u00e9e de lecture estim\u00e9e\" \/>\n\t<meta name=\"twitter:data1\" content=\"1 minute\" \/>\n<script type=\"application\/ld+json\" class=\"yoast-schema-graph\">{\"@context\":\"https:\/\/schema.org\",\"@graph\":[{\"@type\":[\"WebPage\",\"ItemPage\"],\"@id\":\"https:\/\/www.schramas.com\/winkel\/ficus-carica-dalmatie-vijgenboom-2-liter-pot\/\",\"url\":\"https:\/\/www.schramas.com\/winkel\/ficus-carica-dalmatie-vijgenboom-2-liter-pot\/\",\"name\":\"Ficus carica 'Dalmati\u00eb' Vijgenboom, 2 liter pot kopen | Planten eenvoudig online bestellen | Schramas.com\",\"isPartOf\":{\"@id\":\"https:\/\/www.schramas.com\/#website\"},\"primaryImageOfPage\":{\"@id\":\"https:\/\/www.schramas.com\/winkel\/ficus-carica-dalmatie-vijgenboom-2-liter-pot\/#primaryimage\"},\"image\":{\"@id\":\"https:\/\/www.schramas.com\/winkel\/ficus-carica-dalmatie-vijgenboom-2-liter-pot\/#primaryimage\"},\"thumbnailUrl\":\"https:\/\/www.schramas.com\/wp-content\/uploads\/2024\/05\/Ficus-Dalmatie-sfeer-2.jpg\",\"datePublished\":\"2024-05-16T13:13:55+00:00\",\"dateModified\":\"2026-04-17T13:15:36+00:00\",\"breadcrumb\":{\"@id\":\"https:\/\/www.schramas.com\/winkel\/ficus-carica-dalmatie-vijgenboom-2-liter-pot\/#breadcrumb\"},\"inLanguage\":\"fr-FR\",\"potentialAction\":[{\"@type\":\"ReadAction\",\"target\":[\"https:\/\/www.schramas.com\/winkel\/ficus-carica-dalmatie-vijgenboom-2-liter-pot\/\"]}]},{\"@type\":\"ImageObject\",\"inLanguage\":\"fr-FR\",\"@id\":\"https:\/\/www.schramas.com\/winkel\/ficus-carica-dalmatie-vijgenboom-2-liter-pot\/#primaryimage\",\"url\":\"https:\/\/www.schramas.com\/wp-content\/uploads\/2024\/05\/Ficus-Dalmatie-sfeer-2.jpg\",\"contentUrl\":\"https:\/\/www.schramas.com\/wp-content\/uploads\/2024\/05\/Ficus-Dalmatie-sfeer-2.jpg\",\"width\":1200,\"height\":1200},{\"@type\":\"BreadcrumbList\",\"@id\":\"https:\/\/www.schramas.com\/winkel\/ficus-carica-dalmatie-vijgenboom-2-liter-pot\/#breadcrumb\",\"itemListElement\":[{\"@type\":\"ListItem\",\"position\":1,\"name\":\"Product\",\"item\":\"https:\/\/www.schramas.com\/assortiment\/\"},{\"@type\":\"ListItem\",\"position\":2,\"name\":\"Bomen &amp; Struiken\",\"item\":\"https:\/\/www.schramas.com\/product-category\/bomen-struiken\/\"},{\"@type\":\"ListItem\",\"position\":3,\"name\":\"Ficus carica &#8216;Dalmati\u00eb&#8217; Vijgenboom, 2 liter pot\"}]},{\"@type\":\"WebSite\",\"@id\":\"https:\/\/www.schramas.com\/#website\",\"url\":\"https:\/\/www.schramas.com\/\",\"name\":\"Schramas.com | Tuinplanten eenvoudig online bestellen | Direct van onze Kwekerij\",\"description\":\"\",\"alternateName\":\"Schramas.com - Alle planten direct van de kweker\",\"potentialAction\":[{\"@type\":\"SearchAction\",\"target\":{\"@type\":\"EntryPoint\",\"urlTemplate\":\"https:\/\/www.schramas.com\/?s={search_term_string}\"},\"query-input\":{\"@type\":\"PropertyValueSpecification\",\"valueRequired\":true,\"valueName\":\"search_term_string\"}}],\"inLanguage\":\"fr-FR\"}]}<\/script>\n<!-- \/ Yoast SEO plugin. -->","yoast_head_json":{"title":"Achetez Ficus carica &#039;Dalmatia&#039; Figuier, pot de 2 litres | Commandez facilement des plantes en ligne | Schramas.com","robots":{"index":"index","follow":"follow","max-snippet":"max-snippet:-1","max-image-preview":"max-image-preview:large","max-video-preview":"max-video-preview:-1"},"canonical":"https:\/\/www.schramas.com\/fr\/boutique\/ficus-carica-figuier-de-dalmatie-pot-de-2-litres\/","og_locale":"fr_FR","og_type":"article","og_title":"Ficus carica 'Dalmati\u00eb' Vijgenboom, 2 liter pot kopen | Planten eenvoudig online bestellen | Schramas.com","og_description":"Ficus carica 'Dalmati\u00eb'  Smaak: zoet  Kleur: groen-gele vruchten  Hoogte max.: ca. 3 meter  Leverhoogte incl. pot: ca. 80 cm  Potmaat: 2 liter  Geschikt voor zowel balkon, patio als volle grond","og_url":"https:\/\/www.schramas.com\/fr\/boutique\/ficus-carica-figuier-de-dalmatie-pot-de-2-litres\/","og_site_name":"Planten eenvoudig online bestellen | Schramas.com","article_publisher":"https:\/\/www.facebook.com\/Schramascom-106872874153195\/","article_modified_time":"2026-04-17T13:15:36+00:00","og_image":[{"width":1200,"height":1200,"url":"http:\/\/www.schramas.com\/wp-content\/uploads\/2024\/05\/Ficus-Dalmatie-sfeer-2.jpg","type":"image\/jpeg"}],"twitter_card":"summary_large_image","twitter_misc":{"Dur\u00e9e de lecture estim\u00e9e":"1 minute"},"schema":{"@context":"https:\/\/schema.org","@graph":[{"@type":["WebPage","ItemPage"],"@id":"https:\/\/www.schramas.com\/winkel\/ficus-carica-dalmatie-vijgenboom-2-liter-pot\/","url":"https:\/\/www.schramas.com\/winkel\/ficus-carica-dalmatie-vijgenboom-2-liter-pot\/","name":"Achetez Ficus carica &#039;Dalmatia&#039; Figuier, pot de 2 litres | Commandez facilement des plantes en ligne | Schramas.com","isPartOf":{"@id":"https:\/\/www.schramas.com\/#website"},"primaryImageOfPage":{"@id":"https:\/\/www.schramas.com\/winkel\/ficus-carica-dalmatie-vijgenboom-2-liter-pot\/#primaryimage"},"image":{"@id":"https:\/\/www.schramas.com\/winkel\/ficus-carica-dalmatie-vijgenboom-2-liter-pot\/#primaryimage"},"thumbnailUrl":"https:\/\/www.schramas.com\/wp-content\/uploads\/2024\/05\/Ficus-Dalmatie-sfeer-2.jpg","datePublished":"2024-05-16T13:13:55+00:00","dateModified":"2026-04-17T13:15:36+00:00","breadcrumb":{"@id":"https:\/\/www.schramas.com\/winkel\/ficus-carica-dalmatie-vijgenboom-2-liter-pot\/#breadcrumb"},"inLanguage":"fr-FR","potentialAction":[{"@type":"ReadAction","target":["https:\/\/www.schramas.com\/winkel\/ficus-carica-dalmatie-vijgenboom-2-liter-pot\/"]}]},{"@type":"ImageObject","inLanguage":"fr-FR","@id":"https:\/\/www.schramas.com\/winkel\/ficus-carica-dalmatie-vijgenboom-2-liter-pot\/#primaryimage","url":"https:\/\/www.schramas.com\/wp-content\/uploads\/2024\/05\/Ficus-Dalmatie-sfeer-2.jpg","contentUrl":"https:\/\/www.schramas.com\/wp-content\/uploads\/2024\/05\/Ficus-Dalmatie-sfeer-2.jpg","width":1200,"height":1200},{"@type":"BreadcrumbList","@id":"https:\/\/www.schramas.com\/winkel\/ficus-carica-dalmatie-vijgenboom-2-liter-pot\/#breadcrumb","itemListElement":[{"@type":"ListItem","position":1,"name":"Product","item":"https:\/\/www.schramas.com\/assortiment\/"},{"@type":"ListItem","position":2,"name":"Bomen &amp; Struiken","item":"https:\/\/www.schramas.com\/product-category\/bomen-struiken\/"},{"@type":"ListItem","position":3,"name":"Ficus carica &#8216;Dalmati\u00eb&#8217; Vijgenboom, 2 liter pot"}]},{"@type":"WebSite","@id":"https:\/\/www.schramas.com\/#website","url":"https:\/\/www.schramas.com\/","name":"Schramas.com | Plantes de jardin faciles \u00e0 commander en ligne | En direct de notre p\u00e9pini\u00e8re","description":"","alternateName":"Schramas.com - Alle planten direct van de kweker","potentialAction":[{"@type":"SearchAction","target":{"@type":"EntryPoint","urlTemplate":"https:\/\/www.schramas.com\/?s={search_term_string}"},"query-input":{"@type":"PropertyValueSpecification","valueRequired":true,"valueName":"search_term_string"}}],"inLanguage":"fr-FR"}]}},"_links":{"self":[{"href":"https:\/\/www.schramas.com\/fr\/wp-json\/wp\/v2\/product\/40574","targetHints":{"allow":["GET"]}}],"collection":[{"href":"https:\/\/www.schramas.com\/fr\/wp-json\/wp\/v2\/product"}],"about":[{"href":"https:\/\/www.schramas.com\/fr\/wp-json\/wp\/v2\/types\/product"}],"version-history":[{"count":3,"href":"https:\/\/www.schramas.com\/fr\/wp-json\/wp\/v2\/product\/40574\/revisions"}],"predecessor-version":[{"id":40582,"href":"https:\/\/www.schramas.com\/fr\/wp-json\/wp\/v2\/product\/40574\/revisions\/40582"}],"wp:featuredmedia":[{"embeddable":true,"href":"https:\/\/www.schramas.com\/fr\/wp-json\/wp\/v2\/media\/40577"}],"wp:attachment":[{"href":"https:\/\/www.schramas.com\/fr\/wp-json\/wp\/v2\/media?parent=40574"}],"wp:term":[{"taxonomy":"product_brand","embeddable":true,"href":"https:\/\/www.schramas.com\/fr\/wp-json\/wp\/v2\/product_brand?post=40574"},{"taxonomy":"product_cat","embeddable":true,"href":"https:\/\/www.schramas.com\/fr\/wp-json\/wp\/v2\/product_cat?post=40574"},{"taxonomy":"product_tag","embeddable":true,"href":"https:\/\/www.schramas.com\/fr\/wp-json\/wp\/v2\/product_tag?post=40574"}],"curies":[{"name":"wp","href":"https:\/\/api.w.org\/{rel}","templated":true}]}}