{"id":41146,"date":"2024-05-30T08:44:00","date_gmt":"2024-05-30T06:44:00","guid":{"rendered":"https:\/\/www.schramas.com\/?post_type=product&#038;p=41146"},"modified":"2026-05-04T06:52:44","modified_gmt":"2026-05-04T04:52:44","slug":"buddleja-davidii-pink-delight-butterfly-bush-pot-de-3-litres","status":"publish","type":"product","link":"https:\/\/www.schramas.com\/fr\/boutique\/buddleja-davidii-pink-delight-butterfly-bush-pot-de-3-litres\/","title":{"rendered":"Buddleja davidii 'Pink Delight', Arbre \u00e0 papillons, pot de 3 litres"},"content":{"rendered":"<p>Buddleja davidii 'Pink Delight', \u00e9galement connu sous le nom d'arbuste \u00e0 papillons, est un ajout remarquable \u00e0 tout jardin gr\u00e2ce \u00e0 ses magnifiques fleurs roses en forme de panache. Mesurant entre 200 et 250 cm de haut, cet arbuste attire de nombreux papillons, abeilles et bourdons pendant la p\u00e9riode estivale, faisant de votre jardin un endroit vivant et color\u00e9.<\/p>\n<h4>Caract\u00e9ristiques :<\/h4>\n<ul>\n<li><strong>Fleurir<\/strong>: Fleurit en juillet et ao\u00fbt avec de grandes panicules roses.<\/li>\n<li><strong>Hauteur<\/strong>: Atteint une taille de 200 \u00e0 250 cm.<\/li>\n<li><strong>Localisation<\/strong>: Pr\u00e9f\u00e8re un endroit chaud et ensoleill\u00e9 dans la bordure.<\/li>\n<\/ul>\n<h4>Entretien :<\/h4>\n<ul>\n<li><strong>\u00c9lagage<\/strong>: Buddleja davidii 'Pink Delight' fleurit sur du bois annuel et il est pr\u00e9f\u00e9rable de le tailler en avril, apr\u00e8s le gel. Taillez le buisson \u00e0 environ 50-60 cm au-dessus du sol. Cela favorise l'apparition de nouvelles pousses et assure une floraison luxuriante.<\/li>\n<li><strong>Soins pendant la saison<\/strong>La floraison peut \u00eatre prolong\u00e9e en coupant les panicules \u00e9puis\u00e9es. Laissez les derni\u00e8res panicules fleuries jusqu'au printemps prochain pour que la plante n'ait pas l'air d\u00e9nud\u00e9e.<\/li>\n<li><strong>Taille de rajeunissement<\/strong>: Une taille r\u00e9guli\u00e8re est n\u00e9cessaire pour maintenir une floraison abondante.<\/li>\n<\/ul>\n<h4>Informations compl\u00e9mentaires :<\/h4>\n<ul>\n<li><strong>Richement fleuri<\/strong>Cette vari\u00e9t\u00e9 est connue comme \u00e9tant le plus beau buisson papillon \u00e0 fleurs roses avec une floraison tr\u00e8s riche.<\/li>\n<li><strong>Faune et flore<\/strong>: Outre les papillons, Buddleja davidii 'Pink Delight' attire \u00e9galement les abeilles et les bourdons, faisant de votre jardin un paradis pour les insectes.<\/li>\n<li><strong>Hardy<\/strong>Le papillon n'est pas un arbre \u00e0 feuillage persistant, mais il est tr\u00e8s r\u00e9sistant.<\/li>\n<\/ul>\n<p>Buddleja davidii 'Pink Delight' est un bel ajout fonctionnel \u00e0 votre jardin. Ses fleurs roses enchanteresses et son attrait pour les papillons et les abeilles en font un favori des amateurs de jardinage. Plantez cet arbuste dans un endroit ensoleill\u00e9 et profitez de la floraison luxuriante et de la vie dynamique du jardin qu'il attire.<\/p>","protected":false},"excerpt":{"rendered":"<p>Buddleja davidii 'Pink Delight' (rose)<\/p>\n<p>Arbre \u00e0 papillons<\/p>\n<p>Couleur de la fleur : rose<\/p>\n<p>Hauteur maximale : 2,5 m\u00e8tres<\/p>\n<p>Plante de gestation pour les abeilles et les papillons<\/p>\n<p>hauteur de livraison : 70 cm.<\/p>\n<p>Taille du pot : Pot de 3L<\/p>","protected":false},"featured_media":41148,"template":"","meta":{"_joinchat":[]},"product_brand":[],"product_cat":[302,300,229,305,230],"product_tag":[1924,1919,1367,1369,1916,1922,1920,1923,1354,1406,1407,495,1921,1925,610,1918,622,351,1917,1085],"class_list":{"0":"post-41146","1":"product","2":"type-product","3":"status-publish","4":"has-post-thumbnail","6":"product_cat-bladverliezende-heesters","7":"product_cat-heesters","8":"product_cat-sierheesters","9":"product_cat-planten-heesters","10":"product_cat-vlinderstruik","11":"product_tag-3-liter-pot","12":"product_tag-bijen-aantrekken","13":"product_tag-bloempluimen","14":"product_tag-borderplant","15":"product_tag-buddleja-davidii-pink-delight","16":"product_tag-eenjarig-hout","17":"product_tag-hommels-aantrekken","18":"product_tag-insectenvriendelijk","19":"product_tag-onderhoudsvriendelijk","20":"product_tag-rijkbloeiend","21":"product_tag-roze-bloemen","22":"product_tag-sierheester","23":"product_tag-snoeien-in-april","24":"product_tag-tuinbloem","25":"product_tag-tuinplant","26":"product_tag-vlinders-aantrekken","27":"product_tag-vlinderstruik","28":"product_tag-winterhard","29":"product_tag-zomerbloei","30":"product_tag-zonnige-standplaats","31":"pa_bloeimaanden-juli","32":"pa_bloeimaanden-december","33":"pa_ewd_uwcf_colors-roze","34":"pa_groeihoogte-200-300-cm","35":"pa_pot-met-pot","37":"first","38":"instock","39":"taxable","40":"shipping-taxable","41":"purchasable","42":"product-type-simple"},"yoast_head":"<!-- This site is optimized with the Yoast SEO plugin v24.2 - https:\/\/yoast.com\/wordpress\/plugins\/seo\/ -->\n<title>Buddleja davidii \u2018Pink Delight\u2019, Vlinderstruik, 3 liter pot kopen | Planten eenvoudig online bestellen | Schramas.com<\/title>\n<meta name=\"robots\" content=\"index, follow, max-snippet:-1, max-image-preview:large, max-video-preview:-1\" \/>\n<link rel=\"canonical\" href=\"https:\/\/www.schramas.com\/fr\/boutique\/buddleja-davidii-pink-delight-butterfly-bush-pot-de-3-litres\/\" \/>\n<meta property=\"og:locale\" content=\"fr_FR\" \/>\n<meta property=\"og:type\" content=\"article\" \/>\n<meta property=\"og:title\" content=\"Buddleja davidii \u2018Pink Delight\u2019, Vlinderstruik, 3 liter pot kopen | Planten eenvoudig online bestellen | Schramas.com\" \/>\n<meta property=\"og:description\" content=\"Buddleja davidii \u2018Pink Delight\u2019  Vlinderstruik  Kleur bloewijze: roze  Max hoogte: 2.5 meter  Drachtplant voor bijen en vlinders  leveringshoogte: 70 cm.  Potmaat : 3L pot\" \/>\n<meta property=\"og:url\" content=\"https:\/\/www.schramas.com\/fr\/boutique\/buddleja-davidii-pink-delight-butterfly-bush-pot-de-3-litres\/\" \/>\n<meta property=\"og:site_name\" content=\"Planten eenvoudig online bestellen | Schramas.com\" \/>\n<meta property=\"article:publisher\" content=\"https:\/\/www.facebook.com\/Schramascom-106872874153195\/\" \/>\n<meta property=\"article:modified_time\" content=\"2026-05-04T04:52:44+00:00\" \/>\n<meta property=\"og:image\" content=\"http:\/\/www.schramas.com\/wp-content\/uploads\/2024\/05\/Buddleja-Pink-Delight-sfeer.jpg\" \/>\n\t<meta property=\"og:image:width\" content=\"1200\" \/>\n\t<meta property=\"og:image:height\" content=\"1200\" \/>\n\t<meta property=\"og:image:type\" content=\"image\/jpeg\" \/>\n<meta name=\"twitter:card\" content=\"summary_large_image\" \/>\n<meta name=\"twitter:label1\" content=\"Dur\u00e9e de lecture estim\u00e9e\" \/>\n\t<meta name=\"twitter:data1\" content=\"1 minute\" \/>\n<script type=\"application\/ld+json\" class=\"yoast-schema-graph\">{\"@context\":\"https:\/\/schema.org\",\"@graph\":[{\"@type\":[\"WebPage\",\"ItemPage\"],\"@id\":\"https:\/\/www.schramas.com\/winkel\/buddleja-davidii-pink-delight-vlinderstruik-3-liter-pot\/\",\"url\":\"https:\/\/www.schramas.com\/winkel\/buddleja-davidii-pink-delight-vlinderstruik-3-liter-pot\/\",\"name\":\"Buddleja davidii \u2018Pink Delight\u2019, Vlinderstruik, 3 liter pot kopen | Planten eenvoudig online bestellen | Schramas.com\",\"isPartOf\":{\"@id\":\"https:\/\/www.schramas.com\/#website\"},\"primaryImageOfPage\":{\"@id\":\"https:\/\/www.schramas.com\/winkel\/buddleja-davidii-pink-delight-vlinderstruik-3-liter-pot\/#primaryimage\"},\"image\":{\"@id\":\"https:\/\/www.schramas.com\/winkel\/buddleja-davidii-pink-delight-vlinderstruik-3-liter-pot\/#primaryimage\"},\"thumbnailUrl\":\"https:\/\/www.schramas.com\/wp-content\/uploads\/2024\/05\/Buddleja-Pink-Delight-sfeer.jpg\",\"datePublished\":\"2024-05-30T06:44:00+00:00\",\"dateModified\":\"2026-05-04T04:52:44+00:00\",\"breadcrumb\":{\"@id\":\"https:\/\/www.schramas.com\/winkel\/buddleja-davidii-pink-delight-vlinderstruik-3-liter-pot\/#breadcrumb\"},\"inLanguage\":\"fr-FR\",\"potentialAction\":[{\"@type\":\"ReadAction\",\"target\":[\"https:\/\/www.schramas.com\/winkel\/buddleja-davidii-pink-delight-vlinderstruik-3-liter-pot\/\"]}]},{\"@type\":\"ImageObject\",\"inLanguage\":\"fr-FR\",\"@id\":\"https:\/\/www.schramas.com\/winkel\/buddleja-davidii-pink-delight-vlinderstruik-3-liter-pot\/#primaryimage\",\"url\":\"https:\/\/www.schramas.com\/wp-content\/uploads\/2024\/05\/Buddleja-Pink-Delight-sfeer.jpg\",\"contentUrl\":\"https:\/\/www.schramas.com\/wp-content\/uploads\/2024\/05\/Buddleja-Pink-Delight-sfeer.jpg\",\"width\":1200,\"height\":1200},{\"@type\":\"BreadcrumbList\",\"@id\":\"https:\/\/www.schramas.com\/winkel\/buddleja-davidii-pink-delight-vlinderstruik-3-liter-pot\/#breadcrumb\",\"itemListElement\":[{\"@type\":\"ListItem\",\"position\":1,\"name\":\"Product\",\"item\":\"https:\/\/www.schramas.com\/assortiment\/\"},{\"@type\":\"ListItem\",\"position\":2,\"name\":\"Tuinplanten\",\"item\":\"https:\/\/www.schramas.com\/product-category\/planten-heesters\/\"},{\"@type\":\"ListItem\",\"position\":3,\"name\":\"Buddleja davidii \u2018Pink Delight\u2019, Vlinderstruik, 3 liter pot\"}]},{\"@type\":\"WebSite\",\"@id\":\"https:\/\/www.schramas.com\/#website\",\"url\":\"https:\/\/www.schramas.com\/\",\"name\":\"Schramas.com | Tuinplanten eenvoudig online bestellen | Direct van onze Kwekerij\",\"description\":\"\",\"alternateName\":\"Schramas.com - Alle planten direct van de kweker\",\"potentialAction\":[{\"@type\":\"SearchAction\",\"target\":{\"@type\":\"EntryPoint\",\"urlTemplate\":\"https:\/\/www.schramas.com\/?s={search_term_string}\"},\"query-input\":{\"@type\":\"PropertyValueSpecification\",\"valueRequired\":true,\"valueName\":\"search_term_string\"}}],\"inLanguage\":\"fr-FR\"}]}<\/script>\n<!-- \/ Yoast SEO plugin. -->","yoast_head_json":{"title":"Buddleja davidii 'Pink Delight', arbuste \u00e0 papillons, pot de 3 litres acheter | Plantes faciles \u00e0 commander en ligne | Schramas.com","robots":{"index":"index","follow":"follow","max-snippet":"max-snippet:-1","max-image-preview":"max-image-preview:large","max-video-preview":"max-video-preview:-1"},"canonical":"https:\/\/www.schramas.com\/fr\/boutique\/buddleja-davidii-pink-delight-butterfly-bush-pot-de-3-litres\/","og_locale":"fr_FR","og_type":"article","og_title":"Buddleja davidii \u2018Pink Delight\u2019, Vlinderstruik, 3 liter pot kopen | Planten eenvoudig online bestellen | Schramas.com","og_description":"Buddleja davidii \u2018Pink Delight\u2019  Vlinderstruik  Kleur bloewijze: roze  Max hoogte: 2.5 meter  Drachtplant voor bijen en vlinders  leveringshoogte: 70 cm.  Potmaat : 3L pot","og_url":"https:\/\/www.schramas.com\/fr\/boutique\/buddleja-davidii-pink-delight-butterfly-bush-pot-de-3-litres\/","og_site_name":"Planten eenvoudig online bestellen | Schramas.com","article_publisher":"https:\/\/www.facebook.com\/Schramascom-106872874153195\/","article_modified_time":"2026-05-04T04:52:44+00:00","og_image":[{"width":1200,"height":1200,"url":"http:\/\/www.schramas.com\/wp-content\/uploads\/2024\/05\/Buddleja-Pink-Delight-sfeer.jpg","type":"image\/jpeg"}],"twitter_card":"summary_large_image","twitter_misc":{"Dur\u00e9e de lecture estim\u00e9e":"1 minute"},"schema":{"@context":"https:\/\/schema.org","@graph":[{"@type":["WebPage","ItemPage"],"@id":"https:\/\/www.schramas.com\/winkel\/buddleja-davidii-pink-delight-vlinderstruik-3-liter-pot\/","url":"https:\/\/www.schramas.com\/winkel\/buddleja-davidii-pink-delight-vlinderstruik-3-liter-pot\/","name":"Buddleja davidii 'Pink Delight', arbuste \u00e0 papillons, pot de 3 litres acheter | Plantes faciles \u00e0 commander en ligne | Schramas.com","isPartOf":{"@id":"https:\/\/www.schramas.com\/#website"},"primaryImageOfPage":{"@id":"https:\/\/www.schramas.com\/winkel\/buddleja-davidii-pink-delight-vlinderstruik-3-liter-pot\/#primaryimage"},"image":{"@id":"https:\/\/www.schramas.com\/winkel\/buddleja-davidii-pink-delight-vlinderstruik-3-liter-pot\/#primaryimage"},"thumbnailUrl":"https:\/\/www.schramas.com\/wp-content\/uploads\/2024\/05\/Buddleja-Pink-Delight-sfeer.jpg","datePublished":"2024-05-30T06:44:00+00:00","dateModified":"2026-05-04T04:52:44+00:00","breadcrumb":{"@id":"https:\/\/www.schramas.com\/winkel\/buddleja-davidii-pink-delight-vlinderstruik-3-liter-pot\/#breadcrumb"},"inLanguage":"fr-FR","potentialAction":[{"@type":"ReadAction","target":["https:\/\/www.schramas.com\/winkel\/buddleja-davidii-pink-delight-vlinderstruik-3-liter-pot\/"]}]},{"@type":"ImageObject","inLanguage":"fr-FR","@id":"https:\/\/www.schramas.com\/winkel\/buddleja-davidii-pink-delight-vlinderstruik-3-liter-pot\/#primaryimage","url":"https:\/\/www.schramas.com\/wp-content\/uploads\/2024\/05\/Buddleja-Pink-Delight-sfeer.jpg","contentUrl":"https:\/\/www.schramas.com\/wp-content\/uploads\/2024\/05\/Buddleja-Pink-Delight-sfeer.jpg","width":1200,"height":1200},{"@type":"BreadcrumbList","@id":"https:\/\/www.schramas.com\/winkel\/buddleja-davidii-pink-delight-vlinderstruik-3-liter-pot\/#breadcrumb","itemListElement":[{"@type":"ListItem","position":1,"name":"Product","item":"https:\/\/www.schramas.com\/assortiment\/"},{"@type":"ListItem","position":2,"name":"Tuinplanten","item":"https:\/\/www.schramas.com\/product-category\/planten-heesters\/"},{"@type":"ListItem","position":3,"name":"Buddleja davidii \u2018Pink Delight\u2019, Vlinderstruik, 3 liter pot"}]},{"@type":"WebSite","@id":"https:\/\/www.schramas.com\/#website","url":"https:\/\/www.schramas.com\/","name":"Schramas.com | Plantes de jardin faciles \u00e0 commander en ligne | En direct de notre p\u00e9pini\u00e8re","description":"","alternateName":"Schramas.com - Alle planten direct van de kweker","potentialAction":[{"@type":"SearchAction","target":{"@type":"EntryPoint","urlTemplate":"https:\/\/www.schramas.com\/?s={search_term_string}"},"query-input":{"@type":"PropertyValueSpecification","valueRequired":true,"valueName":"search_term_string"}}],"inLanguage":"fr-FR"}]}},"_links":{"self":[{"href":"https:\/\/www.schramas.com\/fr\/wp-json\/wp\/v2\/product\/41146","targetHints":{"allow":["GET"]}}],"collection":[{"href":"https:\/\/www.schramas.com\/fr\/wp-json\/wp\/v2\/product"}],"about":[{"href":"https:\/\/www.schramas.com\/fr\/wp-json\/wp\/v2\/types\/product"}],"version-history":[{"count":3,"href":"https:\/\/www.schramas.com\/fr\/wp-json\/wp\/v2\/product\/41146\/revisions"}],"predecessor-version":[{"id":41153,"href":"https:\/\/www.schramas.com\/fr\/wp-json\/wp\/v2\/product\/41146\/revisions\/41153"}],"wp:featuredmedia":[{"embeddable":true,"href":"https:\/\/www.schramas.com\/fr\/wp-json\/wp\/v2\/media\/41148"}],"wp:attachment":[{"href":"https:\/\/www.schramas.com\/fr\/wp-json\/wp\/v2\/media?parent=41146"}],"wp:term":[{"taxonomy":"product_brand","embeddable":true,"href":"https:\/\/www.schramas.com\/fr\/wp-json\/wp\/v2\/product_brand?post=41146"},{"taxonomy":"product_cat","embeddable":true,"href":"https:\/\/www.schramas.com\/fr\/wp-json\/wp\/v2\/product_cat?post=41146"},{"taxonomy":"product_tag","embeddable":true,"href":"https:\/\/www.schramas.com\/fr\/wp-json\/wp\/v2\/product_tag?post=41146"}],"curies":[{"name":"wp","href":"https:\/\/api.w.org\/{rel}","templated":true}]}}