{"id":41170,"date":"2024-05-30T10:20:37","date_gmt":"2024-05-30T08:20:37","guid":{"rendered":"https:\/\/www.schramas.com\/?post_type=product&#038;p=41170"},"modified":"2026-05-05T02:24:08","modified_gmt":"2026-05-05T00:24:08","slug":"buddleja-davidii-white-profusion-butterfly-bush-pot-de-3-litres","status":"publish","type":"product","link":"https:\/\/www.schramas.com\/fr\/boutique\/buddleja-davidii-white-profusion-butterfly-bush-pot-de-3-litres\/","title":{"rendered":"Buddleja davidii 'White Profusion', Arbre \u00e0 papillons, pot de 3 litres"},"content":{"rendered":"<p>Buddleja davidii 'White Profusion', mieux connu sous le nom de 'Butterfly Bush', est un bel arbuste ornemental qui orne votre jardin de ses fleurs d'un blanc pur. Ce cultivar est connu pour ses panicules de fleurs particuli\u00e8rement longues et robustes, ce qui en fait l'arbuste \u00e0 papillons blanc \u00e0 plus grandes fleurs. Pendant sa p\u00e9riode de floraison, de juillet \u00e0 ao\u00fbt, il attire de nombreux papillons, abeilles et autres insectes b\u00e9n\u00e9fiques, faisant de votre jardin un endroit vivant.<\/p>\n<h4>Caract\u00e9ristiques :<\/h4>\n<ul>\n<li><strong>Fleurir<\/strong>: Fleurit en juillet-ao\u00fbt avec des panicules longues et robustes d'un blanc pur.<\/li>\n<li><strong>Hauteur<\/strong>: Atteint une taille de 200 \u00e0 250 cm.<\/li>\n<li><strong>Localisation<\/strong>Pr\u00e9f\u00e8re un endroit ensoleill\u00e9 et un sol bien drain\u00e9.<\/li>\n<li><strong>Fleurs<\/strong>Les panicules de fleurs d'un blanc pur sont tr\u00e8s attrayantes pour les papillons et les abeilles.<\/li>\n<\/ul>\n<h4>Entretien :<\/h4>\n<ul>\n<li><strong>\u00c9lagage<\/strong>: Buddleja davidii 'White Profusion' fleurit sur du bois annuel. Au printemps, apr\u00e8s les gel\u00e9es, taillez toutes les branches jusqu'\u00e0 environ 50 \u00e0 60 cm au-dessus du sol. Cela favorise la nouvelle croissance et assure une floraison abondante la m\u00eame ann\u00e9e.<\/li>\n<li><strong>Soins pendant la saison<\/strong>La floraison peut \u00eatre prolong\u00e9e en coupant r\u00e9guli\u00e8rement les panicules \u00e9puis\u00e9es. Laissez les derni\u00e8res panicules fleuries jusqu'au printemps prochain pour \u00e9viter que la plante n'ait l'air d\u00e9nud\u00e9e.<\/li>\n<\/ul>\n<h4>Informations compl\u00e9mentaires :<\/h4>\n<ul>\n<li><strong>Faune et flore<\/strong>Le buisson \u00e0 papillons : Outre les papillons, ce buisson \u00e0 papillons attire \u00e9galement les abeilles et d'autres insectes utiles, faisant de votre jardin un paradis pour ces pollinisateurs.<\/li>\n<li><strong>Hardy<\/strong>: Buddleja davidii 'White Profusion' est bien r\u00e9sistant, mais il n'est pas persistant, ce qui signifie qu'il perd ses feuilles en hiver.<\/li>\n<li><strong>Valeur ornementale<\/strong>Arbuste \u00e0 fleurs blanches : Les fleurs d'un blanc pur font de cet arbuste une attraction frappante dans n'importe quel jardin. Pour une production optimale de nectar et pour attirer les papillons, plantez cet arbuste dans un endroit ensoleill\u00e9.<\/li>\n<\/ul>\n<p>Buddleja davidii 'White Profusion' est un excellent choix pour les jardiniers qui souhaitent embellir leur jardin avec une plante color\u00e9e et favorable aux insectes. Ses fleurs blanches \u00e9clatantes et son attrait pour les papillons et les abeilles en font l'un des arbustes \u00e0 papillons pr\u00e9f\u00e9r\u00e9s. Plantez cet arbuste dans un endroit ensoleill\u00e9 et profitez de la floraison luxuriante et de la vie dynamique du jardin qu'il attire.<\/p>","protected":false},"excerpt":{"rendered":"<p>Buddleja davidii 'Profusion blanche'<\/p>\n<p>Arbre \u00e0 papillons<\/p>\n<p>Couleur de la fleur : Blanc<\/p>\n<p>Hauteur maximale : 2 m\u00e8tres<\/p>\n<p>Plante de gestation pour les abeilles et les papillons<\/p>\n<p>hauteur de livraison : 70 cm.<\/p>\n<p>Taille du pot : Pot de 3L<\/p>","protected":false},"featured_media":41176,"template":"","meta":{"_joinchat":[]},"product_brand":[],"product_cat":[302,300,229,305,230],"product_tag":[1924,1919,1369,1933,1353,1923,1929,1354,1406,495,1928,1925,610,1918,622,351,876,1917,1930,1085],"class_list":{"0":"post-41170","1":"product","2":"type-product","3":"status-publish","4":"has-post-thumbnail","6":"product_cat-bladverliezende-heesters","7":"product_cat-heesters","8":"product_cat-sierheesters","9":"product_cat-planten-heesters","10":"product_cat-vlinderstruik","11":"product_tag-3-liter-pot","12":"product_tag-bijen-aantrekken","13":"product_tag-borderplant","14":"product_tag-buddleja-davidii-white-profusion","15":"product_tag-goed-doorlatende-bodem","16":"product_tag-insectenvriendelijk","17":"product_tag-nectarvorming","18":"product_tag-onderhoudsvriendelijk","19":"product_tag-rijkbloeiend","20":"product_tag-sierheester","21":"product_tag-snoeien-in-het-voorjaar","22":"product_tag-tuinbloem","23":"product_tag-tuinplant","24":"product_tag-vlinders-aantrekken","25":"product_tag-vlinderstruik","26":"product_tag-winterhard","27":"product_tag-witte-bloemen","28":"product_tag-zomerbloei","29":"product_tag-zomerbloem","30":"product_tag-zonnige-standplaats","31":"pa_bloeimaanden-juli","32":"pa_bloeimaanden-december","33":"pa_ewd_uwcf_colors-rood-2","34":"pa_groeihoogte-200-300-cm","35":"pa_pot-met-pot","37":"first","38":"instock","39":"taxable","40":"shipping-taxable","41":"purchasable","42":"product-type-simple"},"yoast_head":"<!-- This site is optimized with the Yoast SEO plugin v24.2 - https:\/\/yoast.com\/wordpress\/plugins\/seo\/ -->\n<title>Buddleja davidii \u2018White Profusion\u2019, Vlinderstruik, 3 liter pot kopen | Planten eenvoudig online bestellen | Schramas.com<\/title>\n<meta name=\"robots\" content=\"index, follow, max-snippet:-1, max-image-preview:large, max-video-preview:-1\" \/>\n<link rel=\"canonical\" href=\"https:\/\/www.schramas.com\/fr\/boutique\/buddleja-davidii-white-profusion-butterfly-bush-pot-de-3-litres\/\" \/>\n<meta property=\"og:locale\" content=\"fr_FR\" \/>\n<meta property=\"og:type\" content=\"article\" \/>\n<meta property=\"og:title\" content=\"Buddleja davidii \u2018White Profusion\u2019, Vlinderstruik, 3 liter pot kopen | Planten eenvoudig online bestellen | Schramas.com\" \/>\n<meta property=\"og:description\" content=\"Buddleja davidii \u2018White Profusion\u2019  Vlinderstruik  Kleur bloewijze: Wit  Max hoogte: 2 meter  Drachtplant voor bijen en vlinders  leveringshoogte: 70 cm.  Potmaat : 3L pot\" \/>\n<meta property=\"og:url\" content=\"https:\/\/www.schramas.com\/fr\/boutique\/buddleja-davidii-white-profusion-butterfly-bush-pot-de-3-litres\/\" \/>\n<meta property=\"og:site_name\" content=\"Planten eenvoudig online bestellen | Schramas.com\" \/>\n<meta property=\"article:publisher\" content=\"https:\/\/www.facebook.com\/Schramascom-106872874153195\/\" \/>\n<meta property=\"article:modified_time\" content=\"2026-05-05T00:24:08+00:00\" \/>\n<meta property=\"og:image\" content=\"http:\/\/www.schramas.com\/wp-content\/uploads\/2024\/05\/Buddleja-White-profusion-sfeer.jpg\" \/>\n\t<meta property=\"og:image:width\" content=\"1200\" \/>\n\t<meta property=\"og:image:height\" content=\"1200\" \/>\n\t<meta property=\"og:image:type\" content=\"image\/jpeg\" \/>\n<meta name=\"twitter:card\" content=\"summary_large_image\" \/>\n<meta name=\"twitter:label1\" content=\"Dur\u00e9e de lecture estim\u00e9e\" \/>\n\t<meta name=\"twitter:data1\" content=\"1 minute\" \/>\n<script type=\"application\/ld+json\" class=\"yoast-schema-graph\">{\"@context\":\"https:\/\/schema.org\",\"@graph\":[{\"@type\":[\"WebPage\",\"ItemPage\"],\"@id\":\"https:\/\/www.schramas.com\/winkel\/buddleja-davidii-white-profusion-vlinderstruik-3-liter-pot\/\",\"url\":\"https:\/\/www.schramas.com\/winkel\/buddleja-davidii-white-profusion-vlinderstruik-3-liter-pot\/\",\"name\":\"Buddleja davidii \u2018White Profusion\u2019, Vlinderstruik, 3 liter pot kopen | Planten eenvoudig online bestellen | Schramas.com\",\"isPartOf\":{\"@id\":\"https:\/\/www.schramas.com\/#website\"},\"primaryImageOfPage\":{\"@id\":\"https:\/\/www.schramas.com\/winkel\/buddleja-davidii-white-profusion-vlinderstruik-3-liter-pot\/#primaryimage\"},\"image\":{\"@id\":\"https:\/\/www.schramas.com\/winkel\/buddleja-davidii-white-profusion-vlinderstruik-3-liter-pot\/#primaryimage\"},\"thumbnailUrl\":\"https:\/\/www.schramas.com\/wp-content\/uploads\/2024\/05\/Buddleja-White-profusion-sfeer.jpg\",\"datePublished\":\"2024-05-30T08:20:37+00:00\",\"dateModified\":\"2026-05-05T00:24:08+00:00\",\"breadcrumb\":{\"@id\":\"https:\/\/www.schramas.com\/winkel\/buddleja-davidii-white-profusion-vlinderstruik-3-liter-pot\/#breadcrumb\"},\"inLanguage\":\"fr-FR\",\"potentialAction\":[{\"@type\":\"ReadAction\",\"target\":[\"https:\/\/www.schramas.com\/winkel\/buddleja-davidii-white-profusion-vlinderstruik-3-liter-pot\/\"]}]},{\"@type\":\"ImageObject\",\"inLanguage\":\"fr-FR\",\"@id\":\"https:\/\/www.schramas.com\/winkel\/buddleja-davidii-white-profusion-vlinderstruik-3-liter-pot\/#primaryimage\",\"url\":\"https:\/\/www.schramas.com\/wp-content\/uploads\/2024\/05\/Buddleja-White-profusion-sfeer.jpg\",\"contentUrl\":\"https:\/\/www.schramas.com\/wp-content\/uploads\/2024\/05\/Buddleja-White-profusion-sfeer.jpg\",\"width\":1200,\"height\":1200},{\"@type\":\"BreadcrumbList\",\"@id\":\"https:\/\/www.schramas.com\/winkel\/buddleja-davidii-white-profusion-vlinderstruik-3-liter-pot\/#breadcrumb\",\"itemListElement\":[{\"@type\":\"ListItem\",\"position\":1,\"name\":\"Product\",\"item\":\"https:\/\/www.schramas.com\/assortiment\/\"},{\"@type\":\"ListItem\",\"position\":2,\"name\":\"Tuinplanten\",\"item\":\"https:\/\/www.schramas.com\/product-category\/planten-heesters\/\"},{\"@type\":\"ListItem\",\"position\":3,\"name\":\"Buddleja davidii \u2018White Profusion\u2019, Vlinderstruik, 3 liter pot\"}]},{\"@type\":\"WebSite\",\"@id\":\"https:\/\/www.schramas.com\/#website\",\"url\":\"https:\/\/www.schramas.com\/\",\"name\":\"Schramas.com | Tuinplanten eenvoudig online bestellen | Direct van onze Kwekerij\",\"description\":\"\",\"alternateName\":\"Schramas.com - Alle planten direct van de kweker\",\"potentialAction\":[{\"@type\":\"SearchAction\",\"target\":{\"@type\":\"EntryPoint\",\"urlTemplate\":\"https:\/\/www.schramas.com\/?s={search_term_string}\"},\"query-input\":{\"@type\":\"PropertyValueSpecification\",\"valueRequired\":true,\"valueName\":\"search_term_string\"}}],\"inLanguage\":\"fr-FR\"}]}<\/script>\n<!-- \/ Yoast SEO plugin. -->","yoast_head_json":{"title":"Acheter Buddleja davidii 'White Profusion', Arbre \u00e0 papillons, pot de 3 litres | Acheter des plantes en ligne | Schramas.com","robots":{"index":"index","follow":"follow","max-snippet":"max-snippet:-1","max-image-preview":"max-image-preview:large","max-video-preview":"max-video-preview:-1"},"canonical":"https:\/\/www.schramas.com\/fr\/boutique\/buddleja-davidii-white-profusion-butterfly-bush-pot-de-3-litres\/","og_locale":"fr_FR","og_type":"article","og_title":"Buddleja davidii \u2018White Profusion\u2019, Vlinderstruik, 3 liter pot kopen | Planten eenvoudig online bestellen | Schramas.com","og_description":"Buddleja davidii \u2018White Profusion\u2019  Vlinderstruik  Kleur bloewijze: Wit  Max hoogte: 2 meter  Drachtplant voor bijen en vlinders  leveringshoogte: 70 cm.  Potmaat : 3L pot","og_url":"https:\/\/www.schramas.com\/fr\/boutique\/buddleja-davidii-white-profusion-butterfly-bush-pot-de-3-litres\/","og_site_name":"Planten eenvoudig online bestellen | Schramas.com","article_publisher":"https:\/\/www.facebook.com\/Schramascom-106872874153195\/","article_modified_time":"2026-05-05T00:24:08+00:00","og_image":[{"width":1200,"height":1200,"url":"http:\/\/www.schramas.com\/wp-content\/uploads\/2024\/05\/Buddleja-White-profusion-sfeer.jpg","type":"image\/jpeg"}],"twitter_card":"summary_large_image","twitter_misc":{"Dur\u00e9e de lecture estim\u00e9e":"1 minute"},"schema":{"@context":"https:\/\/schema.org","@graph":[{"@type":["WebPage","ItemPage"],"@id":"https:\/\/www.schramas.com\/winkel\/buddleja-davidii-white-profusion-vlinderstruik-3-liter-pot\/","url":"https:\/\/www.schramas.com\/winkel\/buddleja-davidii-white-profusion-vlinderstruik-3-liter-pot\/","name":"Acheter Buddleja davidii 'White Profusion', Arbre \u00e0 papillons, pot de 3 litres | Acheter des plantes en ligne | Schramas.com","isPartOf":{"@id":"https:\/\/www.schramas.com\/#website"},"primaryImageOfPage":{"@id":"https:\/\/www.schramas.com\/winkel\/buddleja-davidii-white-profusion-vlinderstruik-3-liter-pot\/#primaryimage"},"image":{"@id":"https:\/\/www.schramas.com\/winkel\/buddleja-davidii-white-profusion-vlinderstruik-3-liter-pot\/#primaryimage"},"thumbnailUrl":"https:\/\/www.schramas.com\/wp-content\/uploads\/2024\/05\/Buddleja-White-profusion-sfeer.jpg","datePublished":"2024-05-30T08:20:37+00:00","dateModified":"2026-05-05T00:24:08+00:00","breadcrumb":{"@id":"https:\/\/www.schramas.com\/winkel\/buddleja-davidii-white-profusion-vlinderstruik-3-liter-pot\/#breadcrumb"},"inLanguage":"fr-FR","potentialAction":[{"@type":"ReadAction","target":["https:\/\/www.schramas.com\/winkel\/buddleja-davidii-white-profusion-vlinderstruik-3-liter-pot\/"]}]},{"@type":"ImageObject","inLanguage":"fr-FR","@id":"https:\/\/www.schramas.com\/winkel\/buddleja-davidii-white-profusion-vlinderstruik-3-liter-pot\/#primaryimage","url":"https:\/\/www.schramas.com\/wp-content\/uploads\/2024\/05\/Buddleja-White-profusion-sfeer.jpg","contentUrl":"https:\/\/www.schramas.com\/wp-content\/uploads\/2024\/05\/Buddleja-White-profusion-sfeer.jpg","width":1200,"height":1200},{"@type":"BreadcrumbList","@id":"https:\/\/www.schramas.com\/winkel\/buddleja-davidii-white-profusion-vlinderstruik-3-liter-pot\/#breadcrumb","itemListElement":[{"@type":"ListItem","position":1,"name":"Product","item":"https:\/\/www.schramas.com\/assortiment\/"},{"@type":"ListItem","position":2,"name":"Tuinplanten","item":"https:\/\/www.schramas.com\/product-category\/planten-heesters\/"},{"@type":"ListItem","position":3,"name":"Buddleja davidii \u2018White Profusion\u2019, Vlinderstruik, 3 liter pot"}]},{"@type":"WebSite","@id":"https:\/\/www.schramas.com\/#website","url":"https:\/\/www.schramas.com\/","name":"Schramas.com | Plantes de jardin faciles \u00e0 commander en ligne | En direct de notre p\u00e9pini\u00e8re","description":"","alternateName":"Schramas.com - Alle planten direct van de kweker","potentialAction":[{"@type":"SearchAction","target":{"@type":"EntryPoint","urlTemplate":"https:\/\/www.schramas.com\/?s={search_term_string}"},"query-input":{"@type":"PropertyValueSpecification","valueRequired":true,"valueName":"search_term_string"}}],"inLanguage":"fr-FR"}]}},"_links":{"self":[{"href":"https:\/\/www.schramas.com\/fr\/wp-json\/wp\/v2\/product\/41170","targetHints":{"allow":["GET"]}}],"collection":[{"href":"https:\/\/www.schramas.com\/fr\/wp-json\/wp\/v2\/product"}],"about":[{"href":"https:\/\/www.schramas.com\/fr\/wp-json\/wp\/v2\/types\/product"}],"version-history":[{"count":3,"href":"https:\/\/www.schramas.com\/fr\/wp-json\/wp\/v2\/product\/41170\/revisions"}],"predecessor-version":[{"id":41181,"href":"https:\/\/www.schramas.com\/fr\/wp-json\/wp\/v2\/product\/41170\/revisions\/41181"}],"wp:featuredmedia":[{"embeddable":true,"href":"https:\/\/www.schramas.com\/fr\/wp-json\/wp\/v2\/media\/41176"}],"wp:attachment":[{"href":"https:\/\/www.schramas.com\/fr\/wp-json\/wp\/v2\/media?parent=41170"}],"wp:term":[{"taxonomy":"product_brand","embeddable":true,"href":"https:\/\/www.schramas.com\/fr\/wp-json\/wp\/v2\/product_brand?post=41170"},{"taxonomy":"product_cat","embeddable":true,"href":"https:\/\/www.schramas.com\/fr\/wp-json\/wp\/v2\/product_cat?post=41170"},{"taxonomy":"product_tag","embeddable":true,"href":"https:\/\/www.schramas.com\/fr\/wp-json\/wp\/v2\/product_tag?post=41170"}],"curies":[{"name":"wp","href":"https:\/\/api.w.org\/{rel}","templated":true}]}}