{"id":41243,"date":"2024-05-30T15:57:56","date_gmt":"2024-05-30T13:57:56","guid":{"rendered":"https:\/\/www.schramas.com\/?post_type=product&#038;p=41243"},"modified":"2026-04-29T08:50:22","modified_gmt":"2026-04-29T06:50:22","slug":"cornus-rutfan-cornouiller-stardust-pot-2-litres","status":"publish","type":"product","link":"https:\/\/www.schramas.com\/fr\/boutique\/cornus-rutfan-cornouiller-stardust-pot-2-litres\/","title":{"rendered":"Cornus 'Rutfan' (STARDUST), Cornouiller, pot de 2 litres"},"content":{"rendered":"<p>Cornus 'Rutfan', \u00e9galement connu sous le nom de STARDUST, est un magnifique arbuste ornemental qui ornera votre jardin d'une abondance de fleurs blanc cr\u00e8me de la mi-mai \u00e0 la fin juin. Ce cornouiller \u00e0 grandes fleurs est un choix id\u00e9al pour ceux qui recherchent une plante aux couleurs \u00e9clatantes en \u00e9t\u00e9 et en automne.<\/p>\n<h4>Caract\u00e9ristiques :<\/h4>\n<ul>\n<li><strong>Fleurir<\/strong>STARDUST : Les fleurs de la STARDUST apparaissent de la mi-mai \u00e0 la fin juin et sont entour\u00e9es de quatre larges bract\u00e9es blanc cr\u00e8me qui ont l'apparence d'un bol. L'inflorescence est remarquable et riche, la taille des fleurs variant de 6 \u00e0 10 cm.<\/li>\n<li><strong>Feuille<\/strong>Cornus 'Rutfan' : Les feuilles ovales vert fonc\u00e9 du Cornus 'Rutfan' mesurent de 6 \u00e0 10 cm de long et donnent une apparence luxuriante et pleine tout au long de la saison de croissance. En automne, les feuilles se transforment en un rouge profond, ce qui ajoute \u00e0 l'attrait visuel.<\/li>\n<li><strong>Hauteur<\/strong>Ce cornouiller peut atteindre une hauteur de 200 \u00e0 500 cm, en fonction des conditions de croissance et des pratiques de taille.<\/li>\n<\/ul>\n<h4>Croissance et entretien :<\/h4>\n<ul>\n<li><strong>Formulaire<\/strong>Cornus 'Rutfan' : Le Cornus 'Rutfan' pousse d'abord \u00e0 la verticale, puis s'\u00e9largit l\u00e9g\u00e8rement, cr\u00e9ant une forme de plante \u00e9l\u00e9gante et \u00e9quilibr\u00e9e.<\/li>\n<li><strong>Localisation<\/strong>Ce cornouiller se pla\u00eet aussi bien au soleil qu'\u00e0 la mi-ombre. Un emplacement ensoleill\u00e9 favorise une floraison et une couleur automnale plus intenses.<\/li>\n<li><strong>Pruneau<\/strong>Taille : Il est pr\u00e9f\u00e9rable de proc\u00e9der \u00e0 la taille imm\u00e9diatement apr\u00e8s la floraison. Veillez \u00e0 lubrifier les plaies de taille avec de la p\u00e2te pour plaies afin de prot\u00e9ger la plante contre les maladies et les champignons.<\/li>\n<li><strong>Rusticit\u00e9<\/strong>La STARDUST est tr\u00e8s rustique et peut survivre sans probl\u00e8me aux mois d'hiver froids.<\/li>\n<\/ul>\n<h4>Particularit\u00e9s :<\/h4>\n<ul>\n<li><strong>Couleur d'automne<\/strong>: Outre sa belle floraison printani\u00e8re, le Cornus 'Rutfan' offre une coloration automnale \u00e9poustouflante avec des feuilles d'un rouge profond.<\/li>\n<li><strong>Fruits<\/strong>Ce cultivar ne produit pas de fruits, ce qui signifie qu'il n'y a pas de d\u00e9g\u00e2ts dus \u00e0 la chute des baies.<\/li>\n<li><strong>Fleurs st\u00e9riles<\/strong>Les fleurs du STARDUST sont st\u00e9riles, comme dans tous les hybrides de Rutgerensis, et ne forment donc pas de graines.<\/li>\n<\/ul>\n<h4>Utilisation :<\/h4>\n<p>Le Cornus 'Rutfan' est parfait comme plante solitaire ou comme \u00e9l\u00e9ment d'une bordure mixte. Avec son port \u00e9rig\u00e9 et sa forme plus large par la suite, il convient aussi bien aux petits qu'aux grands jardins. Ce cornouiller offre un int\u00e9r\u00eat tout au long de l'ann\u00e9e, de sa riche floraison au printemps et au d\u00e9but de l'\u00e9t\u00e9 \u00e0 ses couleurs automnales saisissantes.<\/p>","protected":false},"excerpt":{"rendered":"<p>Cornus 'Rutfan' (STARDUST)<\/p>\n<p>Cornouiller<\/p>\n<p>Couleur de la fleur : Blanc cr\u00e8me rose<\/p>\n<p>Hauteur maximale : 4 m\u00e8tres<\/p>\n<p>hauteur de livraison : 100 cm<\/p>\n<p>Taille du pot : pot de 2L<\/p>","protected":false},"featured_media":41259,"template":"","meta":{"_joinchat":[]},"product_brand":[],"product_cat":[302,300,3193,229,305],"product_tag":[1980,1976,1979,1351,1836,1490,1978,1354,495,1467,1977,610,351,1476],"class_list":{"0":"post-41243","1":"product","2":"type-product","3":"status-publish","4":"has-post-thumbnail","6":"product_cat-bladverliezende-heesters","7":"product_cat-heesters","8":"product_cat-sierbomen","9":"product_cat-sierheesters","10":"product_cat-planten-heesters","11":"product_tag-bloei-mei-juni","12":"product_tag-cornus-rutfan","13":"product_tag-cremewitte-bloemen","14":"product_tag-halfschaduw","15":"product_tag-herfstkleur","16":"product_tag-herfstverkleuring","17":"product_tag-kornoelje","18":"product_tag-onderhoudsvriendelijk","19":"product_tag-sierheester","20":"product_tag-solitairplant","21":"product_tag-stardust","22":"product_tag-tuinplant","23":"product_tag-winterhard","24":"product_tag-zon","25":"pa_ewd_uwcf_colors-wit","26":"pa_groeihoogte-300-cm","27":"pa_pot-zonder-pot","29":"first","30":"outofstock","31":"taxable","32":"shipping-taxable","33":"purchasable","34":"product-type-simple"},"yoast_head":"<!-- This site is optimized with the Yoast SEO plugin v24.2 - https:\/\/yoast.com\/wordpress\/plugins\/seo\/ -->\n<title>Cornus &#039;Rutfan&#039; (STARDUST), Kornoelje, 2 liter pot kopen | Planten eenvoudig online bestellen | Schramas.com<\/title>\n<meta name=\"robots\" content=\"index, follow, max-snippet:-1, max-image-preview:large, max-video-preview:-1\" \/>\n<link rel=\"canonical\" href=\"https:\/\/www.schramas.com\/fr\/boutique\/cornus-rutfan-cornouiller-stardust-pot-2-litres\/\" \/>\n<meta property=\"og:locale\" content=\"fr_FR\" \/>\n<meta property=\"og:type\" content=\"article\" \/>\n<meta property=\"og:title\" content=\"Cornus &#039;Rutfan&#039; (STARDUST), Kornoelje, 2 liter pot kopen | Planten eenvoudig online bestellen | Schramas.com\" \/>\n<meta property=\"og:description\" content=\"Cornus &#039;Rutfan&#039; (STARDUST)  Kornoelje  Kleur bloewijze: Cremewit roze  Max hoogte: 4 meter  leveringshoogte: 100 cm  Potmaat : 2L pot\" \/>\n<meta property=\"og:url\" content=\"https:\/\/www.schramas.com\/fr\/boutique\/cornus-rutfan-cornouiller-stardust-pot-2-litres\/\" \/>\n<meta property=\"og:site_name\" content=\"Planten eenvoudig online bestellen | Schramas.com\" \/>\n<meta property=\"article:publisher\" content=\"https:\/\/www.facebook.com\/Schramascom-106872874153195\/\" \/>\n<meta property=\"article:modified_time\" content=\"2026-04-29T06:50:22+00:00\" \/>\n<meta property=\"og:image\" content=\"http:\/\/www.schramas.com\/wp-content\/uploads\/2024\/05\/Cornus-stardust-of-Stellar-pink-sfeer.jpg\" \/>\n\t<meta property=\"og:image:width\" content=\"1200\" \/>\n\t<meta property=\"og:image:height\" content=\"1200\" \/>\n\t<meta property=\"og:image:type\" content=\"image\/jpeg\" \/>\n<meta name=\"twitter:card\" content=\"summary_large_image\" \/>\n<meta name=\"twitter:label1\" content=\"Dur\u00e9e de lecture estim\u00e9e\" \/>\n\t<meta name=\"twitter:data1\" content=\"1 minute\" \/>\n<script type=\"application\/ld+json\" class=\"yoast-schema-graph\">{\"@context\":\"https:\/\/schema.org\",\"@graph\":[{\"@type\":[\"WebPage\",\"ItemPage\"],\"@id\":\"https:\/\/www.schramas.com\/winkel\/cornus-rutfan-stardust-kornoelje-2-liter-pot\/\",\"url\":\"https:\/\/www.schramas.com\/winkel\/cornus-rutfan-stardust-kornoelje-2-liter-pot\/\",\"name\":\"Cornus 'Rutfan' (STARDUST), Kornoelje, 2 liter pot kopen | Planten eenvoudig online bestellen | Schramas.com\",\"isPartOf\":{\"@id\":\"https:\/\/www.schramas.com\/#website\"},\"primaryImageOfPage\":{\"@id\":\"https:\/\/www.schramas.com\/winkel\/cornus-rutfan-stardust-kornoelje-2-liter-pot\/#primaryimage\"},\"image\":{\"@id\":\"https:\/\/www.schramas.com\/winkel\/cornus-rutfan-stardust-kornoelje-2-liter-pot\/#primaryimage\"},\"thumbnailUrl\":\"https:\/\/www.schramas.com\/wp-content\/uploads\/2024\/05\/Cornus-stardust-of-Stellar-pink-sfeer.jpg\",\"datePublished\":\"2024-05-30T13:57:56+00:00\",\"dateModified\":\"2026-04-29T06:50:22+00:00\",\"breadcrumb\":{\"@id\":\"https:\/\/www.schramas.com\/winkel\/cornus-rutfan-stardust-kornoelje-2-liter-pot\/#breadcrumb\"},\"inLanguage\":\"fr-FR\",\"potentialAction\":[{\"@type\":\"ReadAction\",\"target\":[\"https:\/\/www.schramas.com\/winkel\/cornus-rutfan-stardust-kornoelje-2-liter-pot\/\"]}]},{\"@type\":\"ImageObject\",\"inLanguage\":\"fr-FR\",\"@id\":\"https:\/\/www.schramas.com\/winkel\/cornus-rutfan-stardust-kornoelje-2-liter-pot\/#primaryimage\",\"url\":\"https:\/\/www.schramas.com\/wp-content\/uploads\/2024\/05\/Cornus-stardust-of-Stellar-pink-sfeer.jpg\",\"contentUrl\":\"https:\/\/www.schramas.com\/wp-content\/uploads\/2024\/05\/Cornus-stardust-of-Stellar-pink-sfeer.jpg\",\"width\":1200,\"height\":1200},{\"@type\":\"BreadcrumbList\",\"@id\":\"https:\/\/www.schramas.com\/winkel\/cornus-rutfan-stardust-kornoelje-2-liter-pot\/#breadcrumb\",\"itemListElement\":[{\"@type\":\"ListItem\",\"position\":1,\"name\":\"Product\",\"item\":\"https:\/\/www.schramas.com\/assortiment\/\"},{\"@type\":\"ListItem\",\"position\":2,\"name\":\"Tuinplanten\",\"item\":\"https:\/\/www.schramas.com\/product-category\/planten-heesters\/\"},{\"@type\":\"ListItem\",\"position\":3,\"name\":\"Cornus &#8216;Rutfan&#8217; (STARDUST), Kornoelje, 2 liter pot\"}]},{\"@type\":\"WebSite\",\"@id\":\"https:\/\/www.schramas.com\/#website\",\"url\":\"https:\/\/www.schramas.com\/\",\"name\":\"Schramas.com | Tuinplanten eenvoudig online bestellen | Direct van onze Kwekerij\",\"description\":\"\",\"alternateName\":\"Schramas.com - Alle planten direct van de kweker\",\"potentialAction\":[{\"@type\":\"SearchAction\",\"target\":{\"@type\":\"EntryPoint\",\"urlTemplate\":\"https:\/\/www.schramas.com\/?s={search_term_string}\"},\"query-input\":{\"@type\":\"PropertyValueSpecification\",\"valueRequired\":true,\"valueName\":\"search_term_string\"}}],\"inLanguage\":\"fr-FR\"}]}<\/script>\n<!-- \/ Yoast SEO plugin. -->","yoast_head_json":{"title":"Cornus 'Rutfan' (STARDUST), Cornouiller, acheter pot de 2 litres | Acheter des plantes en ligne | Schramas.com","robots":{"index":"index","follow":"follow","max-snippet":"max-snippet:-1","max-image-preview":"max-image-preview:large","max-video-preview":"max-video-preview:-1"},"canonical":"https:\/\/www.schramas.com\/fr\/boutique\/cornus-rutfan-cornouiller-stardust-pot-2-litres\/","og_locale":"fr_FR","og_type":"article","og_title":"Cornus 'Rutfan' (STARDUST), Kornoelje, 2 liter pot kopen | Planten eenvoudig online bestellen | Schramas.com","og_description":"Cornus 'Rutfan' (STARDUST)  Kornoelje  Kleur bloewijze: Cremewit roze  Max hoogte: 4 meter  leveringshoogte: 100 cm  Potmaat : 2L pot","og_url":"https:\/\/www.schramas.com\/fr\/boutique\/cornus-rutfan-cornouiller-stardust-pot-2-litres\/","og_site_name":"Planten eenvoudig online bestellen | Schramas.com","article_publisher":"https:\/\/www.facebook.com\/Schramascom-106872874153195\/","article_modified_time":"2026-04-29T06:50:22+00:00","og_image":[{"width":1200,"height":1200,"url":"http:\/\/www.schramas.com\/wp-content\/uploads\/2024\/05\/Cornus-stardust-of-Stellar-pink-sfeer.jpg","type":"image\/jpeg"}],"twitter_card":"summary_large_image","twitter_misc":{"Dur\u00e9e de lecture estim\u00e9e":"1 minute"},"schema":{"@context":"https:\/\/schema.org","@graph":[{"@type":["WebPage","ItemPage"],"@id":"https:\/\/www.schramas.com\/winkel\/cornus-rutfan-stardust-kornoelje-2-liter-pot\/","url":"https:\/\/www.schramas.com\/winkel\/cornus-rutfan-stardust-kornoelje-2-liter-pot\/","name":"Cornus 'Rutfan' (STARDUST), Cornouiller, acheter pot de 2 litres | Acheter des plantes en ligne | Schramas.com","isPartOf":{"@id":"https:\/\/www.schramas.com\/#website"},"primaryImageOfPage":{"@id":"https:\/\/www.schramas.com\/winkel\/cornus-rutfan-stardust-kornoelje-2-liter-pot\/#primaryimage"},"image":{"@id":"https:\/\/www.schramas.com\/winkel\/cornus-rutfan-stardust-kornoelje-2-liter-pot\/#primaryimage"},"thumbnailUrl":"https:\/\/www.schramas.com\/wp-content\/uploads\/2024\/05\/Cornus-stardust-of-Stellar-pink-sfeer.jpg","datePublished":"2024-05-30T13:57:56+00:00","dateModified":"2026-04-29T06:50:22+00:00","breadcrumb":{"@id":"https:\/\/www.schramas.com\/winkel\/cornus-rutfan-stardust-kornoelje-2-liter-pot\/#breadcrumb"},"inLanguage":"fr-FR","potentialAction":[{"@type":"ReadAction","target":["https:\/\/www.schramas.com\/winkel\/cornus-rutfan-stardust-kornoelje-2-liter-pot\/"]}]},{"@type":"ImageObject","inLanguage":"fr-FR","@id":"https:\/\/www.schramas.com\/winkel\/cornus-rutfan-stardust-kornoelje-2-liter-pot\/#primaryimage","url":"https:\/\/www.schramas.com\/wp-content\/uploads\/2024\/05\/Cornus-stardust-of-Stellar-pink-sfeer.jpg","contentUrl":"https:\/\/www.schramas.com\/wp-content\/uploads\/2024\/05\/Cornus-stardust-of-Stellar-pink-sfeer.jpg","width":1200,"height":1200},{"@type":"BreadcrumbList","@id":"https:\/\/www.schramas.com\/winkel\/cornus-rutfan-stardust-kornoelje-2-liter-pot\/#breadcrumb","itemListElement":[{"@type":"ListItem","position":1,"name":"Product","item":"https:\/\/www.schramas.com\/assortiment\/"},{"@type":"ListItem","position":2,"name":"Tuinplanten","item":"https:\/\/www.schramas.com\/product-category\/planten-heesters\/"},{"@type":"ListItem","position":3,"name":"Cornus &#8216;Rutfan&#8217; (STARDUST), Kornoelje, 2 liter pot"}]},{"@type":"WebSite","@id":"https:\/\/www.schramas.com\/#website","url":"https:\/\/www.schramas.com\/","name":"Schramas.com | Plantes de jardin faciles \u00e0 commander en ligne | En direct de notre p\u00e9pini\u00e8re","description":"","alternateName":"Schramas.com - Alle planten direct van de kweker","potentialAction":[{"@type":"SearchAction","target":{"@type":"EntryPoint","urlTemplate":"https:\/\/www.schramas.com\/?s={search_term_string}"},"query-input":{"@type":"PropertyValueSpecification","valueRequired":true,"valueName":"search_term_string"}}],"inLanguage":"fr-FR"}]}},"_links":{"self":[{"href":"https:\/\/www.schramas.com\/fr\/wp-json\/wp\/v2\/product\/41243","targetHints":{"allow":["GET"]}}],"collection":[{"href":"https:\/\/www.schramas.com\/fr\/wp-json\/wp\/v2\/product"}],"about":[{"href":"https:\/\/www.schramas.com\/fr\/wp-json\/wp\/v2\/types\/product"}],"version-history":[{"count":3,"href":"https:\/\/www.schramas.com\/fr\/wp-json\/wp\/v2\/product\/41243\/revisions"}],"predecessor-version":[{"id":41264,"href":"https:\/\/www.schramas.com\/fr\/wp-json\/wp\/v2\/product\/41243\/revisions\/41264"}],"wp:featuredmedia":[{"embeddable":true,"href":"https:\/\/www.schramas.com\/fr\/wp-json\/wp\/v2\/media\/41259"}],"wp:attachment":[{"href":"https:\/\/www.schramas.com\/fr\/wp-json\/wp\/v2\/media?parent=41243"}],"wp:term":[{"taxonomy":"product_brand","embeddable":true,"href":"https:\/\/www.schramas.com\/fr\/wp-json\/wp\/v2\/product_brand?post=41243"},{"taxonomy":"product_cat","embeddable":true,"href":"https:\/\/www.schramas.com\/fr\/wp-json\/wp\/v2\/product_cat?post=41243"},{"taxonomy":"product_tag","embeddable":true,"href":"https:\/\/www.schramas.com\/fr\/wp-json\/wp\/v2\/product_tag?post=41243"}],"curies":[{"name":"wp","href":"https:\/\/api.w.org\/{rel}","templated":true}]}}