{"id":41400,"date":"2024-06-04T14:31:31","date_gmt":"2024-06-04T12:31:31","guid":{"rendered":"https:\/\/www.schramas.com\/?post_type=product&#038;p=41400"},"modified":"2026-05-04T21:41:39","modified_gmt":"2026-05-04T19:41:39","slug":"lot-de-3-lamproie-pennisetum-alopecuroides-viridescens-hauteur-40cm-pot-2-litres","status":"publish","type":"product","link":"https:\/\/www.schramas.com\/fr\/boutique\/lot-de-3-lamproie-pennisetum-alopecuroides-viridescens-hauteur-40cm-pot-2-litres\/","title":{"rendered":"Lot de 3 Pennisetum alopecuroides 'Viridescens' - Hauteur 40cm - Pot de 2 litres"},"content":{"rendered":"<p>Cet ensemble de 3 gramin\u00e9es Lampepoetsers est une belle gramin\u00e9e ornementale aux feuilles \u00e9troites de couleur vert fonc\u00e9 avec une teinte violet clair. Les plantes atteignent une hauteur maximale de 40 cm et fleurissent d\u00e8s la fin de l&#039;\u00e9t\u00e9 avec des \u00e9pis floraux rose clair \u00e0 rose pourpre qui peuvent rester sur la plante jusqu&#039;au c\u0153ur de l&#039;hiver et devenir gris argent\u00e9.<\/p>\n<p>Le &#039;Viridescens&#039; pousse avec un feuillage retombant, naturellement dans une belle forme sph\u00e9rique. Cette gramin\u00e9e ornementale est rustique et perd ses feuilles \u00e0 la fin de l&#039;hiver. Les feuilles vertes changent de couleur en vert-jaune \u00e0 l&#039;automne, faisant de cette plante un ajout color\u00e9 \u00e0 votre jardin d&#039;automne.<\/p>\n<p><strong>Paquet :<\/strong><\/p>\n<ul>\n<li>3 x Lamproie (Pennisetum alopecuroides &#039;Viridescens&#039;) en pots de 17 cm<\/li>\n<li>Hauteur : environ 40 cm<\/li>\n<li>Mois de floraison : fin de l&#039;\u00e9t\u00e9 au d\u00e9but de l&#039;automne<\/li>\n<\/ul>\n<p><strong>Caract\u00e9ristiques :<\/strong><\/p>\n<ul>\n<li>Hardy<\/li>\n<li>Plante \u00e0 feuilles caduques<\/li>\n<li>Atteint une hauteur d&#039;environ 75 cm<\/li>\n<li>Pousse avec un feuillage en surplomb, naturellement en belle forme de boule<\/li>\n<li>Magnifique en plein soleil, mais aussi \u00e0 l&#039;ombre<\/li>\n<li>Feuilles \u00e9troites de couleur vert fonc\u00e9 avec une teinte violet clair<\/li>\n<li>\u00c9pis de fleurs l\u00e9gers \u00e0 la fin de l\u2019\u00e9t\u00e9 et au d\u00e9but de l\u2019automne<\/li>\n<\/ul>\n<p><strong>Entretien et maintenance :<\/strong><\/p>\n<ul>\n<li>Donnez aux gramin\u00e9es un sol bien drain\u00e9 et un peu d&#039;eau<\/li>\n<li>Taillez les plantes au printemps pour encourager une nouvelle croissance<\/li>\n<li>Augmenter l'humidit\u00e9 en \u00e9t\u00e9 pour \u00e9viter la d\u00e9shydratation<\/li>\n<li>Taillez les plantes en automne pour maintenir la silhouette en hiver.<\/li>\n<\/ul>","protected":false},"excerpt":{"rendered":"<p>3x Pennisetum alopecuroides &#039;Viridescens&#039;<\/p>\n<p>Lampe polish grass<\/p>\n<p>Hauteur max : 75cm<\/p>\n<p>Hauteur de livraison, pot compris : environ 40 cm<\/p>\n<p>Taille du pot : 17cm<\/p>","protected":false},"featured_media":41402,"template":"","meta":{"_joinchat":[]},"product_brand":[],"product_cat":[867,1012,226,305],"product_tag":[1998,1434,1994,2003,1719,2000,2002,1995,1991,2005,2001,1996,1997,627,1993,2004,1914,1999,351,1917],"class_list":{"0":"post-41400","1":"product","2":"type-product","3":"status-publish","4":"has-post-thumbnail","6":"product_cat-pakket-deals","7":"product_cat-overige-deals","8":"product_cat-siergrassen","9":"product_cat-planten-heesters","10":"product_tag-bladverliezende-plant","11":"product_tag-bloeiende-plant","12":"product_tag-border","13":"product_tag-goudbruin-blad","14":"product_tag-gras","15":"product_tag-heesters","16":"product_tag-herfstbloei","17":"product_tag-inrichten","18":"product_tag-lampepoetsersgras","19":"product_tag-overhangend-loof","20":"product_tag-pennisetum-alopecuroides-viridescens","21":"product_tag-plantenbak","22":"product_tag-potten","23":"product_tag-siergras","24":"product_tag-siergrassen","25":"product_tag-smal-blad","26":"product_tag-tuin","27":"product_tag-vaste-planten","28":"product_tag-winterhard","29":"product_tag-zomerbloei","30":"pa_ewd_uwcf_colors-groen-2","31":"pa_groeihoogte-50-100-cm","32":"pa_pot-zonder-pot","34":"first","35":"instock","36":"taxable","37":"shipping-taxable","38":"purchasable","39":"product-type-simple"},"yoast_head":"<!-- This site is optimized with the Yoast SEO plugin v24.2 - https:\/\/yoast.com\/wordpress\/plugins\/seo\/ -->\n<title>Set van 3 Lampepoetsersgras - Pennisetum alopecuroides &#039;Viridescens&#039; \u2013 Hoogte 40cm \u2013 2 liter pot kopen | Planten eenvoudig online bestellen | Schramas.com<\/title>\n<meta name=\"robots\" content=\"index, follow, max-snippet:-1, max-image-preview:large, max-video-preview:-1\" \/>\n<link rel=\"canonical\" href=\"https:\/\/www.schramas.com\/fr\/boutique\/lot-de-3-lamproie-pennisetum-alopecuroides-viridescens-hauteur-40cm-pot-2-litres\/\" \/>\n<meta property=\"og:locale\" content=\"fr_FR\" \/>\n<meta property=\"og:type\" content=\"article\" \/>\n<meta property=\"og:title\" content=\"Set van 3 Lampepoetsersgras - Pennisetum alopecuroides &#039;Viridescens&#039; \u2013 Hoogte 40cm \u2013 2 liter pot kopen | Planten eenvoudig online bestellen | Schramas.com\" \/>\n<meta property=\"og:description\" content=\"3x Pennisetum alopecuroides &#039;Viridescens&#039;  Lampepoetsersgras  Hoogte max: 75cm  Leverhoogte incl. pot: circa 40 cm  Potmaat: 17cm\" \/>\n<meta property=\"og:url\" content=\"https:\/\/www.schramas.com\/fr\/boutique\/lot-de-3-lamproie-pennisetum-alopecuroides-viridescens-hauteur-40cm-pot-2-litres\/\" \/>\n<meta property=\"og:site_name\" content=\"Planten eenvoudig online bestellen | Schramas.com\" \/>\n<meta property=\"article:publisher\" content=\"https:\/\/www.facebook.com\/Schramascom-106872874153195\/\" \/>\n<meta property=\"article:modified_time\" content=\"2026-05-04T19:41:39+00:00\" \/>\n<meta property=\"og:image\" content=\"https:\/\/www.schramas.com\/wp-content\/uploads\/2024\/06\/pennisetum-viridescens-sfeer.jpg\" \/>\n\t<meta property=\"og:image:width\" content=\"1200\" \/>\n\t<meta property=\"og:image:height\" content=\"1200\" \/>\n\t<meta property=\"og:image:type\" content=\"image\/jpeg\" \/>\n<meta name=\"twitter:card\" content=\"summary_large_image\" \/>\n<meta name=\"twitter:label1\" content=\"Dur\u00e9e de lecture estim\u00e9e\" \/>\n\t<meta name=\"twitter:data1\" content=\"1 minute\" \/>\n<script type=\"application\/ld+json\" class=\"yoast-schema-graph\">{\"@context\":\"https:\/\/schema.org\",\"@graph\":[{\"@type\":[\"WebPage\",\"ItemPage\"],\"@id\":\"https:\/\/www.schramas.com\/winkel\/set-van-3-lampepoetsersgras-pennisetum-alopecuroides-viridescens-hoogte-40cm-2-liter-pot\/\",\"url\":\"https:\/\/www.schramas.com\/winkel\/set-van-3-lampepoetsersgras-pennisetum-alopecuroides-viridescens-hoogte-40cm-2-liter-pot\/\",\"name\":\"Set van 3 Lampepoetsersgras - Pennisetum alopecuroides 'Viridescens' \u2013 Hoogte 40cm \u2013 2 liter pot kopen | Planten eenvoudig online bestellen | Schramas.com\",\"isPartOf\":{\"@id\":\"https:\/\/www.schramas.com\/#website\"},\"primaryImageOfPage\":{\"@id\":\"https:\/\/www.schramas.com\/winkel\/set-van-3-lampepoetsersgras-pennisetum-alopecuroides-viridescens-hoogte-40cm-2-liter-pot\/#primaryimage\"},\"image\":{\"@id\":\"https:\/\/www.schramas.com\/winkel\/set-van-3-lampepoetsersgras-pennisetum-alopecuroides-viridescens-hoogte-40cm-2-liter-pot\/#primaryimage\"},\"thumbnailUrl\":\"https:\/\/www.schramas.com\/wp-content\/uploads\/2024\/06\/pennisetum-viridescens-sfeer.jpg\",\"datePublished\":\"2024-06-04T12:31:31+00:00\",\"dateModified\":\"2026-05-04T19:41:39+00:00\",\"breadcrumb\":{\"@id\":\"https:\/\/www.schramas.com\/winkel\/set-van-3-lampepoetsersgras-pennisetum-alopecuroides-viridescens-hoogte-40cm-2-liter-pot\/#breadcrumb\"},\"inLanguage\":\"fr-FR\",\"potentialAction\":[{\"@type\":\"ReadAction\",\"target\":[\"https:\/\/www.schramas.com\/winkel\/set-van-3-lampepoetsersgras-pennisetum-alopecuroides-viridescens-hoogte-40cm-2-liter-pot\/\"]}]},{\"@type\":\"ImageObject\",\"inLanguage\":\"fr-FR\",\"@id\":\"https:\/\/www.schramas.com\/winkel\/set-van-3-lampepoetsersgras-pennisetum-alopecuroides-viridescens-hoogte-40cm-2-liter-pot\/#primaryimage\",\"url\":\"https:\/\/www.schramas.com\/wp-content\/uploads\/2024\/06\/pennisetum-viridescens-sfeer.jpg\",\"contentUrl\":\"https:\/\/www.schramas.com\/wp-content\/uploads\/2024\/06\/pennisetum-viridescens-sfeer.jpg\",\"width\":1200,\"height\":1200},{\"@type\":\"BreadcrumbList\",\"@id\":\"https:\/\/www.schramas.com\/winkel\/set-van-3-lampepoetsersgras-pennisetum-alopecuroides-viridescens-hoogte-40cm-2-liter-pot\/#breadcrumb\",\"itemListElement\":[{\"@type\":\"ListItem\",\"position\":1,\"name\":\"Product\",\"item\":\"https:\/\/www.schramas.com\/assortiment\/\"},{\"@type\":\"ListItem\",\"position\":2,\"name\":\"Tuinplanten\",\"item\":\"https:\/\/www.schramas.com\/product-category\/planten-heesters\/\"},{\"@type\":\"ListItem\",\"position\":3,\"name\":\"Set van 3 Lampepoetsersgras &#8211; Pennisetum alopecuroides &#8216;Viridescens&#8217; \u2013 Hoogte 40cm \u2013 2 liter pot\"}]},{\"@type\":\"WebSite\",\"@id\":\"https:\/\/www.schramas.com\/#website\",\"url\":\"https:\/\/www.schramas.com\/\",\"name\":\"Schramas.com | Tuinplanten eenvoudig online bestellen | Direct van onze Kwekerij\",\"description\":\"\",\"alternateName\":\"Schramas.com - Alle planten direct van de kweker\",\"potentialAction\":[{\"@type\":\"SearchAction\",\"target\":{\"@type\":\"EntryPoint\",\"urlTemplate\":\"https:\/\/www.schramas.com\/?s={search_term_string}\"},\"query-input\":{\"@type\":\"PropertyValueSpecification\",\"valueRequired\":true,\"valueName\":\"search_term_string\"}}],\"inLanguage\":\"fr-FR\"}]}<\/script>\n<!-- \/ Yoast SEO plugin. -->","yoast_head_json":{"title":"Achetez lot de 3 Lampoon Grass - Pennisetum alopecuroides &#039;Viridescens&#039; \u2013 Hauteur 40cm \u2013 Pot de 2 litres | Commandez facilement des plantes en ligne | Schramas.com","robots":{"index":"index","follow":"follow","max-snippet":"max-snippet:-1","max-image-preview":"max-image-preview:large","max-video-preview":"max-video-preview:-1"},"canonical":"https:\/\/www.schramas.com\/fr\/boutique\/lot-de-3-lamproie-pennisetum-alopecuroides-viridescens-hauteur-40cm-pot-2-litres\/","og_locale":"fr_FR","og_type":"article","og_title":"Set van 3 Lampepoetsersgras - Pennisetum alopecuroides 'Viridescens' \u2013 Hoogte 40cm \u2013 2 liter pot kopen | Planten eenvoudig online bestellen | Schramas.com","og_description":"3x Pennisetum alopecuroides 'Viridescens'  Lampepoetsersgras  Hoogte max: 75cm  Leverhoogte incl. pot: circa 40 cm  Potmaat: 17cm","og_url":"https:\/\/www.schramas.com\/fr\/boutique\/lot-de-3-lamproie-pennisetum-alopecuroides-viridescens-hauteur-40cm-pot-2-litres\/","og_site_name":"Planten eenvoudig online bestellen | Schramas.com","article_publisher":"https:\/\/www.facebook.com\/Schramascom-106872874153195\/","article_modified_time":"2026-05-04T19:41:39+00:00","og_image":[{"width":1200,"height":1200,"url":"https:\/\/www.schramas.com\/wp-content\/uploads\/2024\/06\/pennisetum-viridescens-sfeer.jpg","type":"image\/jpeg"}],"twitter_card":"summary_large_image","twitter_misc":{"Dur\u00e9e de lecture estim\u00e9e":"1 minute"},"schema":{"@context":"https:\/\/schema.org","@graph":[{"@type":["WebPage","ItemPage"],"@id":"https:\/\/www.schramas.com\/winkel\/set-van-3-lampepoetsersgras-pennisetum-alopecuroides-viridescens-hoogte-40cm-2-liter-pot\/","url":"https:\/\/www.schramas.com\/winkel\/set-van-3-lampepoetsersgras-pennisetum-alopecuroides-viridescens-hoogte-40cm-2-liter-pot\/","name":"Achetez lot de 3 Lampoon Grass - Pennisetum alopecuroides &#039;Viridescens&#039; \u2013 Hauteur 40cm \u2013 Pot de 2 litres | Commandez facilement des plantes en ligne | Schramas.com","isPartOf":{"@id":"https:\/\/www.schramas.com\/#website"},"primaryImageOfPage":{"@id":"https:\/\/www.schramas.com\/winkel\/set-van-3-lampepoetsersgras-pennisetum-alopecuroides-viridescens-hoogte-40cm-2-liter-pot\/#primaryimage"},"image":{"@id":"https:\/\/www.schramas.com\/winkel\/set-van-3-lampepoetsersgras-pennisetum-alopecuroides-viridescens-hoogte-40cm-2-liter-pot\/#primaryimage"},"thumbnailUrl":"https:\/\/www.schramas.com\/wp-content\/uploads\/2024\/06\/pennisetum-viridescens-sfeer.jpg","datePublished":"2024-06-04T12:31:31+00:00","dateModified":"2026-05-04T19:41:39+00:00","breadcrumb":{"@id":"https:\/\/www.schramas.com\/winkel\/set-van-3-lampepoetsersgras-pennisetum-alopecuroides-viridescens-hoogte-40cm-2-liter-pot\/#breadcrumb"},"inLanguage":"fr-FR","potentialAction":[{"@type":"ReadAction","target":["https:\/\/www.schramas.com\/winkel\/set-van-3-lampepoetsersgras-pennisetum-alopecuroides-viridescens-hoogte-40cm-2-liter-pot\/"]}]},{"@type":"ImageObject","inLanguage":"fr-FR","@id":"https:\/\/www.schramas.com\/winkel\/set-van-3-lampepoetsersgras-pennisetum-alopecuroides-viridescens-hoogte-40cm-2-liter-pot\/#primaryimage","url":"https:\/\/www.schramas.com\/wp-content\/uploads\/2024\/06\/pennisetum-viridescens-sfeer.jpg","contentUrl":"https:\/\/www.schramas.com\/wp-content\/uploads\/2024\/06\/pennisetum-viridescens-sfeer.jpg","width":1200,"height":1200},{"@type":"BreadcrumbList","@id":"https:\/\/www.schramas.com\/winkel\/set-van-3-lampepoetsersgras-pennisetum-alopecuroides-viridescens-hoogte-40cm-2-liter-pot\/#breadcrumb","itemListElement":[{"@type":"ListItem","position":1,"name":"Product","item":"https:\/\/www.schramas.com\/assortiment\/"},{"@type":"ListItem","position":2,"name":"Tuinplanten","item":"https:\/\/www.schramas.com\/product-category\/planten-heesters\/"},{"@type":"ListItem","position":3,"name":"Set van 3 Lampepoetsersgras &#8211; Pennisetum alopecuroides &#8216;Viridescens&#8217; \u2013 Hoogte 40cm \u2013 2 liter pot"}]},{"@type":"WebSite","@id":"https:\/\/www.schramas.com\/#website","url":"https:\/\/www.schramas.com\/","name":"Schramas.com | Plantes de jardin faciles \u00e0 commander en ligne | En direct de notre p\u00e9pini\u00e8re","description":"","alternateName":"Schramas.com - Alle planten direct van de kweker","potentialAction":[{"@type":"SearchAction","target":{"@type":"EntryPoint","urlTemplate":"https:\/\/www.schramas.com\/?s={search_term_string}"},"query-input":{"@type":"PropertyValueSpecification","valueRequired":true,"valueName":"search_term_string"}}],"inLanguage":"fr-FR"}]}},"_links":{"self":[{"href":"https:\/\/www.schramas.com\/fr\/wp-json\/wp\/v2\/product\/41400","targetHints":{"allow":["GET"]}}],"collection":[{"href":"https:\/\/www.schramas.com\/fr\/wp-json\/wp\/v2\/product"}],"about":[{"href":"https:\/\/www.schramas.com\/fr\/wp-json\/wp\/v2\/types\/product"}],"version-history":[{"count":3,"href":"https:\/\/www.schramas.com\/fr\/wp-json\/wp\/v2\/product\/41400\/revisions"}],"predecessor-version":[{"id":41406,"href":"https:\/\/www.schramas.com\/fr\/wp-json\/wp\/v2\/product\/41400\/revisions\/41406"}],"wp:featuredmedia":[{"embeddable":true,"href":"https:\/\/www.schramas.com\/fr\/wp-json\/wp\/v2\/media\/41402"}],"wp:attachment":[{"href":"https:\/\/www.schramas.com\/fr\/wp-json\/wp\/v2\/media?parent=41400"}],"wp:term":[{"taxonomy":"product_brand","embeddable":true,"href":"https:\/\/www.schramas.com\/fr\/wp-json\/wp\/v2\/product_brand?post=41400"},{"taxonomy":"product_cat","embeddable":true,"href":"https:\/\/www.schramas.com\/fr\/wp-json\/wp\/v2\/product_cat?post=41400"},{"taxonomy":"product_tag","embeddable":true,"href":"https:\/\/www.schramas.com\/fr\/wp-json\/wp\/v2\/product_tag?post=41400"}],"curies":[{"name":"wp","href":"https:\/\/api.w.org\/{rel}","templated":true}]}}