{"id":41414,"date":"2024-06-04T15:02:35","date_gmt":"2024-06-04T13:02:35","guid":{"rendered":"https:\/\/www.schramas.com\/?post_type=product&#038;p=41414"},"modified":"2026-04-26T15:07:18","modified_gmt":"2026-04-26T13:07:18","slug":"set-de-3-tussilage-pennisetum-alopecuroides-goldstrich-hauteur-40cm-pot-de-2-litres","status":"publish","type":"product","link":"https:\/\/www.schramas.com\/fr\/boutique\/set-de-3-tussilage-pennisetum-alopecuroides-goldstrich-hauteur-40cm-pot-de-2-litres\/","title":{"rendered":"Lot de 3 gramin\u00e9es Lampe poinsettia - Pennisetum alopecuroides 'Goldstrich' - Hauteur 40cm - Pot de 2 litres"},"content":{"rendered":"<p>Ce lot de 3 gramin\u00e9es Lampepoets est une belle gramin\u00e9e ornementale avec des tiges dor\u00e9es et des \u00e9pis beiges. Les plantes font partie de la famille des Poac\u00e9es et se caract\u00e9risent par leurs beaux \u00e9pis \u00e9pais et leurs feuilles caduques. Ces plantes sont attrayantes du printemps \u00e0 l'automne, formant une belle fontaine de feuilles fines par\u00e9es de belles couleurs automnales. Elles font in\u00e9vitablement penser \u00e0 de grandes chenilles soyeuses et gracieusement courb\u00e9es.<\/p>\n<p><strong>Caract\u00e9ristiques :<\/strong><\/p>\n<ul>\n<li>Hauteur : environ 40 cm<\/li>\n<li>Tiges dor\u00e9es avec \u00e9pis beiges<\/li>\n<li>Feuilles caduques<\/li>\n<li>Pousse de mani\u00e8re compacte et peut \u00eatre utilis\u00e9e dans les massifs, les bordures et les plates-bandes.<\/li>\n<li>Aime les sols bien drain\u00e9s et la chaleur<\/li>\n<li>Ne couper qu'apr\u00e8s l'hiver<\/li>\n<li>Belle fontaine de feuillage en \u00e9t\u00e9<\/li>\n<\/ul>\n<p><strong>Paquet :<\/strong><\/p>\n<ul>\n<li>3 x Pennisetum alopecuroides 'Goldstrich' en pots de 17cm<\/li>\n<li>Hauteur : environ 40 cm<\/li>\n<li>Mois de floraison : Juillet, ao\u00fbt et septembre<\/li>\n<\/ul>\n<p><strong>Entretien et maintenance :<\/strong><\/p>\n<ul>\n<li>Donnez aux plantes un sol bien drain\u00e9 et un peu d'eau.<\/li>\n<li>Tailler les plantes apr\u00e8s l'hiver pour favoriser les nouvelles pousses.<\/li>\n<li>Augmenter l'humidit\u00e9 en \u00e9t\u00e9 pour \u00e9viter la d\u00e9shydratation<\/li>\n<li>Taillez les plantes en automne pour maintenir la silhouette en hiver.<\/li>\n<\/ul>","protected":false},"excerpt":{"rendered":"<p>3x Pennisetum alopecuroides 'Goldstrich' (Pennisetum alopecuroides 'Goldstrich')<\/p>\n<p>Lampe polish grass<\/p>\n<p>Hauteur max : 75cm<\/p>\n<p>Hauteur de livraison, pot compris : environ 30-40 cm<\/p>\n<p>Taille du pot : 17cm<\/p>","protected":false},"featured_media":41418,"template":"","meta":{"_joinchat":[]},"product_brand":[],"product_cat":[867,1012,226,305],"product_tag":[1998,1434,1994,2011,1719,2000,2002,1995,1991,2010,1996,1997,627,1993,1914,1999,351,2012,1917],"class_list":{"0":"post-41414","1":"product","2":"type-product","3":"status-publish","4":"has-post-thumbnail","6":"product_cat-pakket-deals","7":"product_cat-overige-deals","8":"product_cat-siergrassen","9":"product_cat-planten-heesters","10":"product_tag-bladverliezende-plant","11":"product_tag-bloeiende-plant","12":"product_tag-border","13":"product_tag-goudgele-bloemstelen","14":"product_tag-gras","15":"product_tag-heesters","16":"product_tag-herfstbloei","17":"product_tag-inrichten","18":"product_tag-lampepoetsersgras","19":"product_tag-pennisetum-alopecuroides-goldstrich","20":"product_tag-plantenbak","21":"product_tag-potten","22":"product_tag-siergras","23":"product_tag-siergrassen","24":"product_tag-tuin","25":"product_tag-vaste-planten","26":"product_tag-winterhard","27":"product_tag-witte-bloeiwijzen-met-bruine-reflecties","28":"product_tag-zomerbloei","29":"pa_ewd_uwcf_colors-groen-2","30":"pa_groeihoogte-50-100-cm","31":"pa_pot-zonder-pot","33":"first","34":"instock","35":"taxable","36":"shipping-taxable","37":"purchasable","38":"product-type-simple"},"yoast_head":"<!-- This site is optimized with the Yoast SEO plugin v24.2 - https:\/\/yoast.com\/wordpress\/plugins\/seo\/ -->\n<title>Set van 3 Lampepoetsersgras - Pennisetum alopecuroides &#039;Goldstrich&#039; \u2013 Hoogte 40cm \u2013 2 liter pot kopen | Planten eenvoudig online bestellen | Schramas.com<\/title>\n<meta name=\"robots\" content=\"index, follow, max-snippet:-1, max-image-preview:large, max-video-preview:-1\" \/>\n<link rel=\"canonical\" href=\"https:\/\/www.schramas.com\/fr\/boutique\/set-de-3-tussilage-pennisetum-alopecuroides-goldstrich-hauteur-40cm-pot-de-2-litres\/\" \/>\n<meta property=\"og:locale\" content=\"fr_FR\" \/>\n<meta property=\"og:type\" content=\"article\" \/>\n<meta property=\"og:title\" content=\"Set van 3 Lampepoetsersgras - Pennisetum alopecuroides &#039;Goldstrich&#039; \u2013 Hoogte 40cm \u2013 2 liter pot kopen | Planten eenvoudig online bestellen | Schramas.com\" \/>\n<meta property=\"og:description\" content=\"3x Pennisetum alopecuroides &#039;Goldstrich&#039;  Lampepoetsersgras  Hoogte max: 75cm  Leverhoogte incl. pot: circa 30-40 cm  Potmaat: 17cm\" \/>\n<meta property=\"og:url\" content=\"https:\/\/www.schramas.com\/fr\/boutique\/set-de-3-tussilage-pennisetum-alopecuroides-goldstrich-hauteur-40cm-pot-de-2-litres\/\" \/>\n<meta property=\"og:site_name\" content=\"Planten eenvoudig online bestellen | Schramas.com\" \/>\n<meta property=\"article:publisher\" content=\"https:\/\/www.facebook.com\/Schramascom-106872874153195\/\" \/>\n<meta property=\"article:modified_time\" content=\"2026-04-26T13:07:18+00:00\" \/>\n<meta property=\"og:image\" content=\"https:\/\/www.schramas.com\/wp-content\/uploads\/2024\/06\/Pennisetium-Goldstrich-sfeer.jpg\" \/>\n\t<meta property=\"og:image:width\" content=\"1200\" \/>\n\t<meta property=\"og:image:height\" content=\"1200\" \/>\n\t<meta property=\"og:image:type\" content=\"image\/jpeg\" \/>\n<meta name=\"twitter:card\" content=\"summary_large_image\" \/>\n<meta name=\"twitter:label1\" content=\"Dur\u00e9e de lecture estim\u00e9e\" \/>\n\t<meta name=\"twitter:data1\" content=\"1 minute\" \/>\n<script type=\"application\/ld+json\" class=\"yoast-schema-graph\">{\"@context\":\"https:\/\/schema.org\",\"@graph\":[{\"@type\":[\"WebPage\",\"ItemPage\"],\"@id\":\"https:\/\/www.schramas.com\/winkel\/set-van-3-lampepoetsersgras-pennisetum-alopecuroides-goldstrich-hoogte-40cm-2-liter-pot\/\",\"url\":\"https:\/\/www.schramas.com\/winkel\/set-van-3-lampepoetsersgras-pennisetum-alopecuroides-goldstrich-hoogte-40cm-2-liter-pot\/\",\"name\":\"Set van 3 Lampepoetsersgras - Pennisetum alopecuroides 'Goldstrich' \u2013 Hoogte 40cm \u2013 2 liter pot kopen | Planten eenvoudig online bestellen | Schramas.com\",\"isPartOf\":{\"@id\":\"https:\/\/www.schramas.com\/#website\"},\"primaryImageOfPage\":{\"@id\":\"https:\/\/www.schramas.com\/winkel\/set-van-3-lampepoetsersgras-pennisetum-alopecuroides-goldstrich-hoogte-40cm-2-liter-pot\/#primaryimage\"},\"image\":{\"@id\":\"https:\/\/www.schramas.com\/winkel\/set-van-3-lampepoetsersgras-pennisetum-alopecuroides-goldstrich-hoogte-40cm-2-liter-pot\/#primaryimage\"},\"thumbnailUrl\":\"https:\/\/www.schramas.com\/wp-content\/uploads\/2024\/06\/Pennisetium-Goldstrich-sfeer.jpg\",\"datePublished\":\"2024-06-04T13:02:35+00:00\",\"dateModified\":\"2026-04-26T13:07:18+00:00\",\"breadcrumb\":{\"@id\":\"https:\/\/www.schramas.com\/winkel\/set-van-3-lampepoetsersgras-pennisetum-alopecuroides-goldstrich-hoogte-40cm-2-liter-pot\/#breadcrumb\"},\"inLanguage\":\"fr-FR\",\"potentialAction\":[{\"@type\":\"ReadAction\",\"target\":[\"https:\/\/www.schramas.com\/winkel\/set-van-3-lampepoetsersgras-pennisetum-alopecuroides-goldstrich-hoogte-40cm-2-liter-pot\/\"]}]},{\"@type\":\"ImageObject\",\"inLanguage\":\"fr-FR\",\"@id\":\"https:\/\/www.schramas.com\/winkel\/set-van-3-lampepoetsersgras-pennisetum-alopecuroides-goldstrich-hoogte-40cm-2-liter-pot\/#primaryimage\",\"url\":\"https:\/\/www.schramas.com\/wp-content\/uploads\/2024\/06\/Pennisetium-Goldstrich-sfeer.jpg\",\"contentUrl\":\"https:\/\/www.schramas.com\/wp-content\/uploads\/2024\/06\/Pennisetium-Goldstrich-sfeer.jpg\",\"width\":1200,\"height\":1200},{\"@type\":\"BreadcrumbList\",\"@id\":\"https:\/\/www.schramas.com\/winkel\/set-van-3-lampepoetsersgras-pennisetum-alopecuroides-goldstrich-hoogte-40cm-2-liter-pot\/#breadcrumb\",\"itemListElement\":[{\"@type\":\"ListItem\",\"position\":1,\"name\":\"Product\",\"item\":\"https:\/\/www.schramas.com\/assortiment\/\"},{\"@type\":\"ListItem\",\"position\":2,\"name\":\"Tuinplanten\",\"item\":\"https:\/\/www.schramas.com\/product-category\/planten-heesters\/\"},{\"@type\":\"ListItem\",\"position\":3,\"name\":\"Set van 3 Lampepoetsersgras &#8211; Pennisetum alopecuroides &#8216;Goldstrich&#8217; \u2013 Hoogte 40cm \u2013 2 liter pot\"}]},{\"@type\":\"WebSite\",\"@id\":\"https:\/\/www.schramas.com\/#website\",\"url\":\"https:\/\/www.schramas.com\/\",\"name\":\"Schramas.com | Tuinplanten eenvoudig online bestellen | Direct van onze Kwekerij\",\"description\":\"\",\"alternateName\":\"Schramas.com - Alle planten direct van de kweker\",\"potentialAction\":[{\"@type\":\"SearchAction\",\"target\":{\"@type\":\"EntryPoint\",\"urlTemplate\":\"https:\/\/www.schramas.com\/?s={search_term_string}\"},\"query-input\":{\"@type\":\"PropertyValueSpecification\",\"valueRequired\":true,\"valueName\":\"search_term_string\"}}],\"inLanguage\":\"fr-FR\"}]}<\/script>\n<!-- \/ Yoast SEO plugin. -->","yoast_head_json":{"title":"Lot de 3 Lampepoetsgrass - Pennisetum alopecuroides 'Goldstrich' - Hauteur 40cm - Acheter pot de 2 litres | Plantes commande en ligne facile | Schramas.com","robots":{"index":"index","follow":"follow","max-snippet":"max-snippet:-1","max-image-preview":"max-image-preview:large","max-video-preview":"max-video-preview:-1"},"canonical":"https:\/\/www.schramas.com\/fr\/boutique\/set-de-3-tussilage-pennisetum-alopecuroides-goldstrich-hauteur-40cm-pot-de-2-litres\/","og_locale":"fr_FR","og_type":"article","og_title":"Set van 3 Lampepoetsersgras - Pennisetum alopecuroides 'Goldstrich' \u2013 Hoogte 40cm \u2013 2 liter pot kopen | Planten eenvoudig online bestellen | Schramas.com","og_description":"3x Pennisetum alopecuroides 'Goldstrich'  Lampepoetsersgras  Hoogte max: 75cm  Leverhoogte incl. pot: circa 30-40 cm  Potmaat: 17cm","og_url":"https:\/\/www.schramas.com\/fr\/boutique\/set-de-3-tussilage-pennisetum-alopecuroides-goldstrich-hauteur-40cm-pot-de-2-litres\/","og_site_name":"Planten eenvoudig online bestellen | Schramas.com","article_publisher":"https:\/\/www.facebook.com\/Schramascom-106872874153195\/","article_modified_time":"2026-04-26T13:07:18+00:00","og_image":[{"width":1200,"height":1200,"url":"https:\/\/www.schramas.com\/wp-content\/uploads\/2024\/06\/Pennisetium-Goldstrich-sfeer.jpg","type":"image\/jpeg"}],"twitter_card":"summary_large_image","twitter_misc":{"Dur\u00e9e de lecture estim\u00e9e":"1 minute"},"schema":{"@context":"https:\/\/schema.org","@graph":[{"@type":["WebPage","ItemPage"],"@id":"https:\/\/www.schramas.com\/winkel\/set-van-3-lampepoetsersgras-pennisetum-alopecuroides-goldstrich-hoogte-40cm-2-liter-pot\/","url":"https:\/\/www.schramas.com\/winkel\/set-van-3-lampepoetsersgras-pennisetum-alopecuroides-goldstrich-hoogte-40cm-2-liter-pot\/","name":"Lot de 3 Lampepoetsgrass - Pennisetum alopecuroides 'Goldstrich' - Hauteur 40cm - Acheter pot de 2 litres | Plantes commande en ligne facile | Schramas.com","isPartOf":{"@id":"https:\/\/www.schramas.com\/#website"},"primaryImageOfPage":{"@id":"https:\/\/www.schramas.com\/winkel\/set-van-3-lampepoetsersgras-pennisetum-alopecuroides-goldstrich-hoogte-40cm-2-liter-pot\/#primaryimage"},"image":{"@id":"https:\/\/www.schramas.com\/winkel\/set-van-3-lampepoetsersgras-pennisetum-alopecuroides-goldstrich-hoogte-40cm-2-liter-pot\/#primaryimage"},"thumbnailUrl":"https:\/\/www.schramas.com\/wp-content\/uploads\/2024\/06\/Pennisetium-Goldstrich-sfeer.jpg","datePublished":"2024-06-04T13:02:35+00:00","dateModified":"2026-04-26T13:07:18+00:00","breadcrumb":{"@id":"https:\/\/www.schramas.com\/winkel\/set-van-3-lampepoetsersgras-pennisetum-alopecuroides-goldstrich-hoogte-40cm-2-liter-pot\/#breadcrumb"},"inLanguage":"fr-FR","potentialAction":[{"@type":"ReadAction","target":["https:\/\/www.schramas.com\/winkel\/set-van-3-lampepoetsersgras-pennisetum-alopecuroides-goldstrich-hoogte-40cm-2-liter-pot\/"]}]},{"@type":"ImageObject","inLanguage":"fr-FR","@id":"https:\/\/www.schramas.com\/winkel\/set-van-3-lampepoetsersgras-pennisetum-alopecuroides-goldstrich-hoogte-40cm-2-liter-pot\/#primaryimage","url":"https:\/\/www.schramas.com\/wp-content\/uploads\/2024\/06\/Pennisetium-Goldstrich-sfeer.jpg","contentUrl":"https:\/\/www.schramas.com\/wp-content\/uploads\/2024\/06\/Pennisetium-Goldstrich-sfeer.jpg","width":1200,"height":1200},{"@type":"BreadcrumbList","@id":"https:\/\/www.schramas.com\/winkel\/set-van-3-lampepoetsersgras-pennisetum-alopecuroides-goldstrich-hoogte-40cm-2-liter-pot\/#breadcrumb","itemListElement":[{"@type":"ListItem","position":1,"name":"Product","item":"https:\/\/www.schramas.com\/assortiment\/"},{"@type":"ListItem","position":2,"name":"Tuinplanten","item":"https:\/\/www.schramas.com\/product-category\/planten-heesters\/"},{"@type":"ListItem","position":3,"name":"Set van 3 Lampepoetsersgras &#8211; Pennisetum alopecuroides &#8216;Goldstrich&#8217; \u2013 Hoogte 40cm \u2013 2 liter pot"}]},{"@type":"WebSite","@id":"https:\/\/www.schramas.com\/#website","url":"https:\/\/www.schramas.com\/","name":"Schramas.com | Plantes de jardin faciles \u00e0 commander en ligne | En direct de notre p\u00e9pini\u00e8re","description":"","alternateName":"Schramas.com - Alle planten direct van de kweker","potentialAction":[{"@type":"SearchAction","target":{"@type":"EntryPoint","urlTemplate":"https:\/\/www.schramas.com\/?s={search_term_string}"},"query-input":{"@type":"PropertyValueSpecification","valueRequired":true,"valueName":"search_term_string"}}],"inLanguage":"fr-FR"}]}},"_links":{"self":[{"href":"https:\/\/www.schramas.com\/fr\/wp-json\/wp\/v2\/product\/41414","targetHints":{"allow":["GET"]}}],"collection":[{"href":"https:\/\/www.schramas.com\/fr\/wp-json\/wp\/v2\/product"}],"about":[{"href":"https:\/\/www.schramas.com\/fr\/wp-json\/wp\/v2\/types\/product"}],"version-history":[{"count":3,"href":"https:\/\/www.schramas.com\/fr\/wp-json\/wp\/v2\/product\/41414\/revisions"}],"predecessor-version":[{"id":41420,"href":"https:\/\/www.schramas.com\/fr\/wp-json\/wp\/v2\/product\/41414\/revisions\/41420"}],"wp:featuredmedia":[{"embeddable":true,"href":"https:\/\/www.schramas.com\/fr\/wp-json\/wp\/v2\/media\/41418"}],"wp:attachment":[{"href":"https:\/\/www.schramas.com\/fr\/wp-json\/wp\/v2\/media?parent=41414"}],"wp:term":[{"taxonomy":"product_brand","embeddable":true,"href":"https:\/\/www.schramas.com\/fr\/wp-json\/wp\/v2\/product_brand?post=41414"},{"taxonomy":"product_cat","embeddable":true,"href":"https:\/\/www.schramas.com\/fr\/wp-json\/wp\/v2\/product_cat?post=41414"},{"taxonomy":"product_tag","embeddable":true,"href":"https:\/\/www.schramas.com\/fr\/wp-json\/wp\/v2\/product_tag?post=41414"}],"curies":[{"name":"wp","href":"https:\/\/api.w.org\/{rel}","templated":true}]}}