{"id":42596,"date":"2024-07-23T14:33:57","date_gmt":"2024-07-23T12:33:57","guid":{"rendered":"https:\/\/www.schramas.com\/?post_type=product&#038;p=42596"},"modified":"2026-04-24T07:41:55","modified_gmt":"2026-04-24T05:41:55","slug":"set-de-3-groseilles-a-maquereau-ribes-uva-crispa-hinnonmaki-hauteur-20cm-pot-9cm","status":"publish","type":"product","link":"https:\/\/www.schramas.com\/fr\/boutique\/set-de-3-groseilles-a-maquereau-ribes-uva-crispa-hinnonmaki-hauteur-20cm-pot-9cm\/","title":{"rendered":"Lot de 3 groseilles \u00e0 maquereau - Ribes uva-crispa 'Hinnonmaki' - Hauteur 20cm - Pot de 9cm"},"content":{"rendered":"<p>Ce lot de trois groseilles \u00e0 maquereau comprend les vari\u00e9t\u00e9s 'Hinnonmaki Red', 'Hinnonmaki Green' et 'Hinnonmaki Yellow'. Ces arbustes productifs sont parfaits pour les jardiniers qui veulent profiter d'une r\u00e9colte abondante de baies d\u00e9licieuses et saines. Les groseilles \u00e0 maquereau sont tr\u00e8s similaires en termes de croissance, de saveur et d'entretien, mais leur couleur varie.<\/p>\n<p><strong>Caract\u00e9ristiques g\u00e9n\u00e9rales :<\/strong><\/p>\n<ul>\n<li><strong>P\u00e9riode de floraison :<\/strong> Les arbustes fleurissent en avril\/mai avec de jolies fleurs blanches.<\/li>\n<li><strong>P\u00e9riode de r\u00e9colte :<\/strong> Les baies peuvent \u00eatre cueillies \u00e0 partir de juillet, la vari\u00e9t\u00e9 jaune m\u00fbrissant un peu plus tard, en ao\u00fbt.<\/li>\n<li><strong>Pitch :<\/strong> Ces groseilles \u00e0 maquereau se d\u00e9veloppent mieux en plein soleil ou \u00e0 mi-ombre.<\/li>\n<li><strong>Le fond :<\/strong> Elles pr\u00e9f\u00e8rent les sols bien drain\u00e9s et ne supportent pas les sols humides prolong\u00e9s.<\/li>\n<li><strong>Hauteur :<\/strong> Les arbustes peuvent atteindre une hauteur maximale d'environ 175 cm.<\/li>\n<li><strong>Autof\u00e9condation :<\/strong> Toutes les vari\u00e9t\u00e9s sont autogames et n'ont pas besoin d'autres pollinisateurs pour donner des fruits.<\/li>\n<li><strong>R\u00e9sistance aux maladies :<\/strong> Les arbustes r\u00e9sistent bien aux maladies.<\/li>\n<li><strong>Utilisation :<\/strong> Les baies sont directement comestibles et peuvent \u00e9galement \u00eatre incorpor\u00e9es dans divers plats tels que les confitures, les jus et les desserts.<\/li>\n<\/ul>\n<p>Avec ce lot de trois groseilles \u00e0 maquereau, vous pouvez profiter d'une diversit\u00e9 de couleurs et de saveurs tout en enrichissant votre jardin avec des arbustes fruitiers attrayants et sains.<\/p>","protected":false},"excerpt":{"rendered":"<p>Ribes uva-crispa 'Hinnonmaki'<\/p>\n<p>Couleur des fruits : rouge, vert, jaune<\/p>\n<p>Convient aussi bien pour les terrasses que pour les terrains en plein air<\/p>\n<p>Hardy.<\/p>\n<p>Hauteur de livraison, pot compris : 15-20 cm<\/p>\n<p>Taille du pot : Pot de 9 cm<\/p>","protected":false},"featured_media":42599,"template":"","meta":{"_joinchat":[]},"product_brand":[],"product_cat":[262,1011,234,43,867],"product_tag":[2063,2061,1358,2060,2059,1351,2057,1100,2055,2056,2058,2052,610,1390,316,2062,1128,2064],"class_list":{"0":"post-42596","1":"product","2":"type-product","3":"status-publish","4":"has-post-thumbnail","6":"product_cat-bomen-struiken","7":"product_cat-fruit-deals","8":"product_cat-fruitstruiken","9":"product_cat-kruisbessen","10":"product_cat-pakket-deals","11":"product_tag-direct-eetbaar","12":"product_tag-eetbare-bessen","13":"product_tag-fruitstruik","14":"product_tag-gele-kruisbes","15":"product_tag-groene-kruisbes","16":"product_tag-halfschaduw","17":"product_tag-hinnonmaki","18":"product_tag-jam","19":"product_tag-kruisbessen","20":"product_tag-ribes-uva-crispa","21":"product_tag-rode-kruisbes","22":"product_tag-sappen","23":"product_tag-tuinplant","24":"product_tag-volle-zon","25":"product_tag-zelfbestuivend","26":"product_tag-ziekteresistent","27":"product_tag-zoetzure-smaak","28":"product_tag-zomerbessen","29":"pa_ewd_uwcf_colors-groen-2","30":"pa_groeihoogte-150-200-cm","31":"pa_pot-9-cm-pot","33":"first","34":"instock","35":"taxable","36":"shipping-taxable","37":"purchasable","38":"product-type-simple"},"yoast_head":"<!-- This site is optimized with the Yoast SEO plugin v24.2 - https:\/\/yoast.com\/wordpress\/plugins\/seo\/ -->\n<title>Set van 3 kruisbessen - Ribes uva-crispa &#039;Hinnonmaki&#039; \u2013 Hoogte 20cm \u2013 9cm pot kopen | Planten eenvoudig online bestellen | Schramas.com<\/title>\n<meta name=\"robots\" content=\"index, follow, max-snippet:-1, max-image-preview:large, max-video-preview:-1\" \/>\n<link rel=\"canonical\" href=\"https:\/\/www.schramas.com\/fr\/boutique\/set-de-3-groseilles-a-maquereau-ribes-uva-crispa-hinnonmaki-hauteur-20cm-pot-9cm\/\" \/>\n<meta property=\"og:locale\" content=\"fr_FR\" \/>\n<meta property=\"og:type\" content=\"article\" \/>\n<meta property=\"og:title\" content=\"Set van 3 kruisbessen - Ribes uva-crispa &#039;Hinnonmaki&#039; \u2013 Hoogte 20cm \u2013 9cm pot kopen | Planten eenvoudig online bestellen | Schramas.com\" \/>\n<meta property=\"og:description\" content=\"Ribes uva-crispa &#039;Hinnonmaki&#039;  Kleur vrucht: rood, groen, geel  Geschikt voor zowel patio als volle grond  Winterhard.  Leverhoogte incl. pot: 15-20 cm  Pot maat: 9cm pot\" \/>\n<meta property=\"og:url\" content=\"https:\/\/www.schramas.com\/fr\/boutique\/set-de-3-groseilles-a-maquereau-ribes-uva-crispa-hinnonmaki-hauteur-20cm-pot-9cm\/\" \/>\n<meta property=\"og:site_name\" content=\"Planten eenvoudig online bestellen | Schramas.com\" \/>\n<meta property=\"article:publisher\" content=\"https:\/\/www.facebook.com\/Schramascom-106872874153195\/\" \/>\n<meta property=\"article:modified_time\" content=\"2026-04-24T05:41:55+00:00\" \/>\n<meta property=\"og:image\" content=\"http:\/\/www.schramas.com\/wp-content\/uploads\/2024\/07\/Kruisbessen-set-p9-sfeer.jpg\" \/>\n\t<meta property=\"og:image:width\" content=\"1200\" \/>\n\t<meta property=\"og:image:height\" content=\"1200\" \/>\n\t<meta property=\"og:image:type\" content=\"image\/jpeg\" \/>\n<meta name=\"twitter:card\" content=\"summary_large_image\" \/>\n<meta name=\"twitter:label1\" content=\"Dur\u00e9e de lecture estim\u00e9e\" \/>\n\t<meta name=\"twitter:data1\" content=\"1 minute\" \/>\n<script type=\"application\/ld+json\" class=\"yoast-schema-graph\">{\"@context\":\"https:\/\/schema.org\",\"@graph\":[{\"@type\":[\"WebPage\",\"ItemPage\"],\"@id\":\"https:\/\/www.schramas.com\/winkel\/set-van-3-kruisbessen-ribes-uva-crispa-hinnonmaki-hoogte-20cm-9cm-pot\/\",\"url\":\"https:\/\/www.schramas.com\/winkel\/set-van-3-kruisbessen-ribes-uva-crispa-hinnonmaki-hoogte-20cm-9cm-pot\/\",\"name\":\"Set van 3 kruisbessen - Ribes uva-crispa 'Hinnonmaki' \u2013 Hoogte 20cm \u2013 9cm pot kopen | Planten eenvoudig online bestellen | Schramas.com\",\"isPartOf\":{\"@id\":\"https:\/\/www.schramas.com\/#website\"},\"primaryImageOfPage\":{\"@id\":\"https:\/\/www.schramas.com\/winkel\/set-van-3-kruisbessen-ribes-uva-crispa-hinnonmaki-hoogte-20cm-9cm-pot\/#primaryimage\"},\"image\":{\"@id\":\"https:\/\/www.schramas.com\/winkel\/set-van-3-kruisbessen-ribes-uva-crispa-hinnonmaki-hoogte-20cm-9cm-pot\/#primaryimage\"},\"thumbnailUrl\":\"https:\/\/www.schramas.com\/wp-content\/uploads\/2024\/07\/Kruisbessen-set-p9-sfeer.jpg\",\"datePublished\":\"2024-07-23T12:33:57+00:00\",\"dateModified\":\"2026-04-24T05:41:55+00:00\",\"breadcrumb\":{\"@id\":\"https:\/\/www.schramas.com\/winkel\/set-van-3-kruisbessen-ribes-uva-crispa-hinnonmaki-hoogte-20cm-9cm-pot\/#breadcrumb\"},\"inLanguage\":\"fr-FR\",\"potentialAction\":[{\"@type\":\"ReadAction\",\"target\":[\"https:\/\/www.schramas.com\/winkel\/set-van-3-kruisbessen-ribes-uva-crispa-hinnonmaki-hoogte-20cm-9cm-pot\/\"]}]},{\"@type\":\"ImageObject\",\"inLanguage\":\"fr-FR\",\"@id\":\"https:\/\/www.schramas.com\/winkel\/set-van-3-kruisbessen-ribes-uva-crispa-hinnonmaki-hoogte-20cm-9cm-pot\/#primaryimage\",\"url\":\"https:\/\/www.schramas.com\/wp-content\/uploads\/2024\/07\/Kruisbessen-set-p9-sfeer.jpg\",\"contentUrl\":\"https:\/\/www.schramas.com\/wp-content\/uploads\/2024\/07\/Kruisbessen-set-p9-sfeer.jpg\",\"width\":1200,\"height\":1200},{\"@type\":\"BreadcrumbList\",\"@id\":\"https:\/\/www.schramas.com\/winkel\/set-van-3-kruisbessen-ribes-uva-crispa-hinnonmaki-hoogte-20cm-9cm-pot\/#breadcrumb\",\"itemListElement\":[{\"@type\":\"ListItem\",\"position\":1,\"name\":\"Product\",\"item\":\"https:\/\/www.schramas.com\/assortiment\/\"},{\"@type\":\"ListItem\",\"position\":2,\"name\":\"Pakketdeals\",\"item\":\"https:\/\/www.schramas.com\/product-category\/pakket-deals\/\"},{\"@type\":\"ListItem\",\"position\":3,\"name\":\"Set van 3 kruisbessen &#8211; Ribes uva-crispa &#8216;Hinnonmaki&#8217; \u2013 Hoogte 20cm \u2013 9cm pot\"}]},{\"@type\":\"WebSite\",\"@id\":\"https:\/\/www.schramas.com\/#website\",\"url\":\"https:\/\/www.schramas.com\/\",\"name\":\"Schramas.com | Tuinplanten eenvoudig online bestellen | Direct van onze Kwekerij\",\"description\":\"\",\"alternateName\":\"Schramas.com - Alle planten direct van de kweker\",\"potentialAction\":[{\"@type\":\"SearchAction\",\"target\":{\"@type\":\"EntryPoint\",\"urlTemplate\":\"https:\/\/www.schramas.com\/?s={search_term_string}\"},\"query-input\":{\"@type\":\"PropertyValueSpecification\",\"valueRequired\":true,\"valueName\":\"search_term_string\"}}],\"inLanguage\":\"fr-FR\"}]}<\/script>\n<!-- \/ Yoast SEO plugin. -->","yoast_head_json":{"title":"Lot de 3 groseilles \u00e0 maquereau - Ribes uva-crispa 'Hinnonmaki' - Hauteur 20cm - Pot de 9cm achat | Acheter des plantes facilement en ligne | Schramas.com","robots":{"index":"index","follow":"follow","max-snippet":"max-snippet:-1","max-image-preview":"max-image-preview:large","max-video-preview":"max-video-preview:-1"},"canonical":"https:\/\/www.schramas.com\/fr\/boutique\/set-de-3-groseilles-a-maquereau-ribes-uva-crispa-hinnonmaki-hauteur-20cm-pot-9cm\/","og_locale":"fr_FR","og_type":"article","og_title":"Set van 3 kruisbessen - Ribes uva-crispa 'Hinnonmaki' \u2013 Hoogte 20cm \u2013 9cm pot kopen | Planten eenvoudig online bestellen | Schramas.com","og_description":"Ribes uva-crispa 'Hinnonmaki'  Kleur vrucht: rood, groen, geel  Geschikt voor zowel patio als volle grond  Winterhard.  Leverhoogte incl. pot: 15-20 cm  Pot maat: 9cm pot","og_url":"https:\/\/www.schramas.com\/fr\/boutique\/set-de-3-groseilles-a-maquereau-ribes-uva-crispa-hinnonmaki-hauteur-20cm-pot-9cm\/","og_site_name":"Planten eenvoudig online bestellen | Schramas.com","article_publisher":"https:\/\/www.facebook.com\/Schramascom-106872874153195\/","article_modified_time":"2026-04-24T05:41:55+00:00","og_image":[{"width":1200,"height":1200,"url":"http:\/\/www.schramas.com\/wp-content\/uploads\/2024\/07\/Kruisbessen-set-p9-sfeer.jpg","type":"image\/jpeg"}],"twitter_card":"summary_large_image","twitter_misc":{"Dur\u00e9e de lecture estim\u00e9e":"1 minute"},"schema":{"@context":"https:\/\/schema.org","@graph":[{"@type":["WebPage","ItemPage"],"@id":"https:\/\/www.schramas.com\/winkel\/set-van-3-kruisbessen-ribes-uva-crispa-hinnonmaki-hoogte-20cm-9cm-pot\/","url":"https:\/\/www.schramas.com\/winkel\/set-van-3-kruisbessen-ribes-uva-crispa-hinnonmaki-hoogte-20cm-9cm-pot\/","name":"Lot de 3 groseilles \u00e0 maquereau - Ribes uva-crispa 'Hinnonmaki' - Hauteur 20cm - Pot de 9cm achat | Acheter des plantes facilement en ligne | Schramas.com","isPartOf":{"@id":"https:\/\/www.schramas.com\/#website"},"primaryImageOfPage":{"@id":"https:\/\/www.schramas.com\/winkel\/set-van-3-kruisbessen-ribes-uva-crispa-hinnonmaki-hoogte-20cm-9cm-pot\/#primaryimage"},"image":{"@id":"https:\/\/www.schramas.com\/winkel\/set-van-3-kruisbessen-ribes-uva-crispa-hinnonmaki-hoogte-20cm-9cm-pot\/#primaryimage"},"thumbnailUrl":"https:\/\/www.schramas.com\/wp-content\/uploads\/2024\/07\/Kruisbessen-set-p9-sfeer.jpg","datePublished":"2024-07-23T12:33:57+00:00","dateModified":"2026-04-24T05:41:55+00:00","breadcrumb":{"@id":"https:\/\/www.schramas.com\/winkel\/set-van-3-kruisbessen-ribes-uva-crispa-hinnonmaki-hoogte-20cm-9cm-pot\/#breadcrumb"},"inLanguage":"fr-FR","potentialAction":[{"@type":"ReadAction","target":["https:\/\/www.schramas.com\/winkel\/set-van-3-kruisbessen-ribes-uva-crispa-hinnonmaki-hoogte-20cm-9cm-pot\/"]}]},{"@type":"ImageObject","inLanguage":"fr-FR","@id":"https:\/\/www.schramas.com\/winkel\/set-van-3-kruisbessen-ribes-uva-crispa-hinnonmaki-hoogte-20cm-9cm-pot\/#primaryimage","url":"https:\/\/www.schramas.com\/wp-content\/uploads\/2024\/07\/Kruisbessen-set-p9-sfeer.jpg","contentUrl":"https:\/\/www.schramas.com\/wp-content\/uploads\/2024\/07\/Kruisbessen-set-p9-sfeer.jpg","width":1200,"height":1200},{"@type":"BreadcrumbList","@id":"https:\/\/www.schramas.com\/winkel\/set-van-3-kruisbessen-ribes-uva-crispa-hinnonmaki-hoogte-20cm-9cm-pot\/#breadcrumb","itemListElement":[{"@type":"ListItem","position":1,"name":"Product","item":"https:\/\/www.schramas.com\/assortiment\/"},{"@type":"ListItem","position":2,"name":"Pakketdeals","item":"https:\/\/www.schramas.com\/product-category\/pakket-deals\/"},{"@type":"ListItem","position":3,"name":"Set van 3 kruisbessen &#8211; Ribes uva-crispa &#8216;Hinnonmaki&#8217; \u2013 Hoogte 20cm \u2013 9cm pot"}]},{"@type":"WebSite","@id":"https:\/\/www.schramas.com\/#website","url":"https:\/\/www.schramas.com\/","name":"Schramas.com | Plantes de jardin faciles \u00e0 commander en ligne | En direct de notre p\u00e9pini\u00e8re","description":"","alternateName":"Schramas.com - Alle planten direct van de kweker","potentialAction":[{"@type":"SearchAction","target":{"@type":"EntryPoint","urlTemplate":"https:\/\/www.schramas.com\/?s={search_term_string}"},"query-input":{"@type":"PropertyValueSpecification","valueRequired":true,"valueName":"search_term_string"}}],"inLanguage":"fr-FR"}]}},"_links":{"self":[{"href":"https:\/\/www.schramas.com\/fr\/wp-json\/wp\/v2\/product\/42596","targetHints":{"allow":["GET"]}}],"collection":[{"href":"https:\/\/www.schramas.com\/fr\/wp-json\/wp\/v2\/product"}],"about":[{"href":"https:\/\/www.schramas.com\/fr\/wp-json\/wp\/v2\/types\/product"}],"version-history":[{"count":3,"href":"https:\/\/www.schramas.com\/fr\/wp-json\/wp\/v2\/product\/42596\/revisions"}],"predecessor-version":[{"id":42604,"href":"https:\/\/www.schramas.com\/fr\/wp-json\/wp\/v2\/product\/42596\/revisions\/42604"}],"wp:featuredmedia":[{"embeddable":true,"href":"https:\/\/www.schramas.com\/fr\/wp-json\/wp\/v2\/media\/42599"}],"wp:attachment":[{"href":"https:\/\/www.schramas.com\/fr\/wp-json\/wp\/v2\/media?parent=42596"}],"wp:term":[{"taxonomy":"product_brand","embeddable":true,"href":"https:\/\/www.schramas.com\/fr\/wp-json\/wp\/v2\/product_brand?post=42596"},{"taxonomy":"product_cat","embeddable":true,"href":"https:\/\/www.schramas.com\/fr\/wp-json\/wp\/v2\/product_cat?post=42596"},{"taxonomy":"product_tag","embeddable":true,"href":"https:\/\/www.schramas.com\/fr\/wp-json\/wp\/v2\/product_tag?post=42596"}],"curies":[{"name":"wp","href":"https:\/\/api.w.org\/{rel}","templated":true}]}}