{"id":46153,"date":"2025-01-07T11:45:33","date_gmt":"2025-01-07T10:45:33","guid":{"rendered":"https:\/\/www.schramas.com\/?post_type=product&#038;p=46153"},"modified":"2026-04-19T15:09:25","modified_gmt":"2026-04-19T13:09:25","slug":"cydonia-oblonga-coing-champion-pot-de-5-litres","status":"publish","type":"product","link":"https:\/\/www.schramas.com\/fr\/boutique\/cydonia-oblonga-coing-champion-pot-de-5-litres\/","title":{"rendered":"Cydonia oblonga &#039;Champion&#039;, Coingier, pot de 5 litres"},"content":{"rendered":"<p>Le <strong>Cydonia oblonga &#039;Champion&#039;<\/strong> est un coing robuste connu pour son riche rendement fruitier et son aspect d\u00e9coratif. Cet arbre produit des fruits en forme de poire \u00e0 la peau vert-jaune, souvent recouverts d&#039;un poil velout\u00e9. Les fruits ont une chair ferme et jaune vif qui prend une belle couleur rose-rouge \u00e0 la cuisson. Bien que les fruits ne soient pas comestibles crus, ils sont excellents pour faire des compotes, des confitures, des rago\u00fbts et m\u00eame des ajouts \u00e0 la compote de pommes.<\/p>\n<p>Le &#039;Champion&#039; fleurit en mai et juin avec de belles fleurs rose clair \u00e0 blanches qui attirent les abeilles et les papillons, ce qui en fait une plante de jardin pr\u00e9cieuse. L&#039;arbre est autogame et facile \u00e0 entretenir, ce qui le rend adapt\u00e9 aussi bien aux jardiniers d\u00e9butants qu&#039;exp\u00e9riment\u00e9s. Les fruits m\u00fbrissent de septembre \u00e0 octobre et d\u00e9gagent un parfum merveilleux.<\/p>\n<p>Cet arbre prosp\u00e8re mieux dans une position ensoleill\u00e9e dans un sol humide et bien drain\u00e9. Gr\u00e2ce \u00e0 sa forme de croissance compacte et irr\u00e9guli\u00e8re, il convient aussi bien aux petits jardins qu&#039;aux vergers. La \u00ab Champion \u00bb est l&#039;une des vari\u00e9t\u00e9s les plus anciennes et les plus fiables, introduite en 1870, et est toujours tr\u00e8s appr\u00e9ci\u00e9e pour son rendement abondant et sa polyvalence.<\/p>","protected":false},"excerpt":{"rendered":"<p>Cydonia oblonga &#039;Champion&#039;<\/p>\n<p>Coing<\/p>\n<p>Hauteur maximale : 5 m\u00e8tres<\/p>\n<p>Hardy<\/p>\n<p>Hauteur de livraison 100cm<\/p>\n<p>Bocal de 5 litres<\/p>","protected":false},"featured_media":59082,"template":"","meta":{"_joinchat":[]},"product_brand":[],"product_cat":[262,233,2390,3193],"product_tag":[503,2274,2039,2278,2213,1809,1277,2288,2241,2281,2289,2282,2284,1098,1280,2283,2285,2279,2286,1504,504,2287,1073,2280,1476],"class_list":{"0":"post-46153","1":"product","2":"type-product","3":"status-publish","4":"has-post-thumbnail","6":"product_cat-bomen-struiken","7":"product_cat-fruitbomen","8":"product_cat-kweeperen","9":"product_cat-sierbomen","10":"product_tag-bijenplant","11":"product_tag-compacte-boom","12":"product_tag-culinaire-toepassingen","13":"product_tag-cydonia-oblonga-champion","14":"product_tag-decoratieve-boom","15":"product_tag-eetbare-tuin","16":"product_tag-fruitboom","17":"product_tag-geurige-vruchten","18":"product_tag-herfstfruit","19":"product_tag-herfstvruchten","20":"product_tag-historische-kweepeer","21":"product_tag-jam-maken","22":"product_tag-koken-met-kweepeer","23":"product_tag-kweepeer","24":"product_tag-kweepeerboom","25":"product_tag-kweepeercompote","26":"product_tag-oude-fruitrassen","27":"product_tag-peervormige-vruchten","28":"product_tag-rijke-oogst","29":"product_tag-tuinboom","30":"product_tag-vlinderplant","31":"product_tag-vochtige-grond","32":"product_tag-witte-bloesem","33":"product_tag-zelfbestuiver","34":"product_tag-zon","35":"pa_ewd_uwcf_colors-groen-2","36":"pa_groeihoogte-200-300-cm","37":"pa_pot-5-liter-pot","39":"first","40":"instock","41":"featured","42":"taxable","43":"shipping-taxable","44":"purchasable","45":"product-type-simple"},"yoast_head":"<!-- This site is optimized with the Yoast SEO plugin v24.2 - https:\/\/yoast.com\/wordpress\/plugins\/seo\/ -->\n<title>Cydonia oblonga &#039;Champion&#039;, Kweepeerboom , 5 liter pot kopen | Planten eenvoudig online bestellen | Schramas.com<\/title>\n<meta name=\"robots\" content=\"index, follow, max-snippet:-1, max-image-preview:large, max-video-preview:-1\" \/>\n<link rel=\"canonical\" href=\"https:\/\/www.schramas.com\/fr\/boutique\/cydonia-oblonga-coing-champion-pot-de-5-litres\/\" \/>\n<meta property=\"og:locale\" content=\"fr_FR\" \/>\n<meta property=\"og:type\" content=\"article\" \/>\n<meta property=\"og:title\" content=\"Cydonia oblonga &#039;Champion&#039;, Kweepeerboom , 5 liter pot kopen | Planten eenvoudig online bestellen | Schramas.com\" \/>\n<meta property=\"og:description\" content=\"Cydonia oblonga &#039;Champion&#039;  Kweepeer  Hoogte max: 5 meter  Winterhard  Leverhoogte 100cm  5 liter pot\" \/>\n<meta property=\"og:url\" content=\"https:\/\/www.schramas.com\/fr\/boutique\/cydonia-oblonga-coing-champion-pot-de-5-litres\/\" \/>\n<meta property=\"og:site_name\" content=\"Planten eenvoudig online bestellen | Schramas.com\" \/>\n<meta property=\"article:publisher\" content=\"https:\/\/www.facebook.com\/Schramascom-106872874153195\/\" \/>\n<meta property=\"article:modified_time\" content=\"2026-04-19T13:09:25+00:00\" \/>\n<meta property=\"og:image\" content=\"http:\/\/www.schramas.com\/wp-content\/uploads\/2025\/01\/Untitled.webp\" \/>\n\t<meta property=\"og:image:width\" content=\"800\" \/>\n\t<meta property=\"og:image:height\" content=\"800\" \/>\n\t<meta property=\"og:image:type\" content=\"image\/webp\" \/>\n<meta name=\"twitter:card\" content=\"summary_large_image\" \/>\n<meta name=\"twitter:label1\" content=\"Dur\u00e9e de lecture estim\u00e9e\" \/>\n\t<meta name=\"twitter:data1\" content=\"1 minute\" \/>\n<script type=\"application\/ld+json\" class=\"yoast-schema-graph\">{\"@context\":\"https:\/\/schema.org\",\"@graph\":[{\"@type\":[\"WebPage\",\"ItemPage\"],\"@id\":\"https:\/\/www.schramas.com\/winkel\/cydonia-oblonga-champion-kweepeerboom-5-liter-pot\/\",\"url\":\"https:\/\/www.schramas.com\/winkel\/cydonia-oblonga-champion-kweepeerboom-5-liter-pot\/\",\"name\":\"Cydonia oblonga 'Champion', Kweepeerboom , 5 liter pot kopen | Planten eenvoudig online bestellen | Schramas.com\",\"isPartOf\":{\"@id\":\"https:\/\/www.schramas.com\/#website\"},\"primaryImageOfPage\":{\"@id\":\"https:\/\/www.schramas.com\/winkel\/cydonia-oblonga-champion-kweepeerboom-5-liter-pot\/#primaryimage\"},\"image\":{\"@id\":\"https:\/\/www.schramas.com\/winkel\/cydonia-oblonga-champion-kweepeerboom-5-liter-pot\/#primaryimage\"},\"thumbnailUrl\":\"https:\/\/www.schramas.com\/wp-content\/uploads\/2025\/01\/Untitled.webp\",\"datePublished\":\"2025-01-07T10:45:33+00:00\",\"dateModified\":\"2026-04-19T13:09:25+00:00\",\"breadcrumb\":{\"@id\":\"https:\/\/www.schramas.com\/winkel\/cydonia-oblonga-champion-kweepeerboom-5-liter-pot\/#breadcrumb\"},\"inLanguage\":\"fr-FR\",\"potentialAction\":[{\"@type\":\"ReadAction\",\"target\":[\"https:\/\/www.schramas.com\/winkel\/cydonia-oblonga-champion-kweepeerboom-5-liter-pot\/\"]}]},{\"@type\":\"ImageObject\",\"inLanguage\":\"fr-FR\",\"@id\":\"https:\/\/www.schramas.com\/winkel\/cydonia-oblonga-champion-kweepeerboom-5-liter-pot\/#primaryimage\",\"url\":\"https:\/\/www.schramas.com\/wp-content\/uploads\/2025\/01\/Untitled.webp\",\"contentUrl\":\"https:\/\/www.schramas.com\/wp-content\/uploads\/2025\/01\/Untitled.webp\",\"width\":800,\"height\":800},{\"@type\":\"BreadcrumbList\",\"@id\":\"https:\/\/www.schramas.com\/winkel\/cydonia-oblonga-champion-kweepeerboom-5-liter-pot\/#breadcrumb\",\"itemListElement\":[{\"@type\":\"ListItem\",\"position\":1,\"name\":\"Product\",\"item\":\"https:\/\/www.schramas.com\/assortiment\/\"},{\"@type\":\"ListItem\",\"position\":2,\"name\":\"Bomen &amp; Struiken\",\"item\":\"https:\/\/www.schramas.com\/product-category\/bomen-struiken\/\"},{\"@type\":\"ListItem\",\"position\":3,\"name\":\"Cydonia oblonga &#8216;Champion&#8217;, Kweepeerboom , 5 liter pot\"}]},{\"@type\":\"WebSite\",\"@id\":\"https:\/\/www.schramas.com\/#website\",\"url\":\"https:\/\/www.schramas.com\/\",\"name\":\"Schramas.com | Tuinplanten eenvoudig online bestellen | Direct van onze Kwekerij\",\"description\":\"\",\"alternateName\":\"Schramas.com - Alle planten direct van de kweker\",\"potentialAction\":[{\"@type\":\"SearchAction\",\"target\":{\"@type\":\"EntryPoint\",\"urlTemplate\":\"https:\/\/www.schramas.com\/?s={search_term_string}\"},\"query-input\":{\"@type\":\"PropertyValueSpecification\",\"valueRequired\":true,\"valueName\":\"search_term_string\"}}],\"inLanguage\":\"fr-FR\"}]}<\/script>\n<!-- \/ Yoast SEO plugin. -->","yoast_head_json":{"title":"Achetez Cydonia oblonga &#039;Champion&#039;, Coingier, pot de 5 litres | Commandez facilement des plantes en ligne | Schramas.com","robots":{"index":"index","follow":"follow","max-snippet":"max-snippet:-1","max-image-preview":"max-image-preview:large","max-video-preview":"max-video-preview:-1"},"canonical":"https:\/\/www.schramas.com\/fr\/boutique\/cydonia-oblonga-coing-champion-pot-de-5-litres\/","og_locale":"fr_FR","og_type":"article","og_title":"Cydonia oblonga 'Champion', Kweepeerboom , 5 liter pot kopen | Planten eenvoudig online bestellen | Schramas.com","og_description":"Cydonia oblonga 'Champion'  Kweepeer  Hoogte max: 5 meter  Winterhard  Leverhoogte 100cm  5 liter pot","og_url":"https:\/\/www.schramas.com\/fr\/boutique\/cydonia-oblonga-coing-champion-pot-de-5-litres\/","og_site_name":"Planten eenvoudig online bestellen | Schramas.com","article_publisher":"https:\/\/www.facebook.com\/Schramascom-106872874153195\/","article_modified_time":"2026-04-19T13:09:25+00:00","og_image":[{"width":800,"height":800,"url":"http:\/\/www.schramas.com\/wp-content\/uploads\/2025\/01\/Untitled.webp","type":"image\/webp"}],"twitter_card":"summary_large_image","twitter_misc":{"Dur\u00e9e de lecture estim\u00e9e":"1 minute"},"schema":{"@context":"https:\/\/schema.org","@graph":[{"@type":["WebPage","ItemPage"],"@id":"https:\/\/www.schramas.com\/winkel\/cydonia-oblonga-champion-kweepeerboom-5-liter-pot\/","url":"https:\/\/www.schramas.com\/winkel\/cydonia-oblonga-champion-kweepeerboom-5-liter-pot\/","name":"Achetez Cydonia oblonga &#039;Champion&#039;, Coingier, pot de 5 litres | Commandez facilement des plantes en ligne | Schramas.com","isPartOf":{"@id":"https:\/\/www.schramas.com\/#website"},"primaryImageOfPage":{"@id":"https:\/\/www.schramas.com\/winkel\/cydonia-oblonga-champion-kweepeerboom-5-liter-pot\/#primaryimage"},"image":{"@id":"https:\/\/www.schramas.com\/winkel\/cydonia-oblonga-champion-kweepeerboom-5-liter-pot\/#primaryimage"},"thumbnailUrl":"https:\/\/www.schramas.com\/wp-content\/uploads\/2025\/01\/Untitled.webp","datePublished":"2025-01-07T10:45:33+00:00","dateModified":"2026-04-19T13:09:25+00:00","breadcrumb":{"@id":"https:\/\/www.schramas.com\/winkel\/cydonia-oblonga-champion-kweepeerboom-5-liter-pot\/#breadcrumb"},"inLanguage":"fr-FR","potentialAction":[{"@type":"ReadAction","target":["https:\/\/www.schramas.com\/winkel\/cydonia-oblonga-champion-kweepeerboom-5-liter-pot\/"]}]},{"@type":"ImageObject","inLanguage":"fr-FR","@id":"https:\/\/www.schramas.com\/winkel\/cydonia-oblonga-champion-kweepeerboom-5-liter-pot\/#primaryimage","url":"https:\/\/www.schramas.com\/wp-content\/uploads\/2025\/01\/Untitled.webp","contentUrl":"https:\/\/www.schramas.com\/wp-content\/uploads\/2025\/01\/Untitled.webp","width":800,"height":800},{"@type":"BreadcrumbList","@id":"https:\/\/www.schramas.com\/winkel\/cydonia-oblonga-champion-kweepeerboom-5-liter-pot\/#breadcrumb","itemListElement":[{"@type":"ListItem","position":1,"name":"Product","item":"https:\/\/www.schramas.com\/assortiment\/"},{"@type":"ListItem","position":2,"name":"Bomen &amp; Struiken","item":"https:\/\/www.schramas.com\/product-category\/bomen-struiken\/"},{"@type":"ListItem","position":3,"name":"Cydonia oblonga &#8216;Champion&#8217;, Kweepeerboom , 5 liter pot"}]},{"@type":"WebSite","@id":"https:\/\/www.schramas.com\/#website","url":"https:\/\/www.schramas.com\/","name":"Schramas.com | Plantes de jardin faciles \u00e0 commander en ligne | En direct de notre p\u00e9pini\u00e8re","description":"","alternateName":"Schramas.com - Alle planten direct van de kweker","potentialAction":[{"@type":"SearchAction","target":{"@type":"EntryPoint","urlTemplate":"https:\/\/www.schramas.com\/?s={search_term_string}"},"query-input":{"@type":"PropertyValueSpecification","valueRequired":true,"valueName":"search_term_string"}}],"inLanguage":"fr-FR"}]}},"_links":{"self":[{"href":"https:\/\/www.schramas.com\/fr\/wp-json\/wp\/v2\/product\/46153","targetHints":{"allow":["GET"]}}],"collection":[{"href":"https:\/\/www.schramas.com\/fr\/wp-json\/wp\/v2\/product"}],"about":[{"href":"https:\/\/www.schramas.com\/fr\/wp-json\/wp\/v2\/types\/product"}],"version-history":[{"count":1,"href":"https:\/\/www.schramas.com\/fr\/wp-json\/wp\/v2\/product\/46153\/revisions"}],"predecessor-version":[{"id":46155,"href":"https:\/\/www.schramas.com\/fr\/wp-json\/wp\/v2\/product\/46153\/revisions\/46155"}],"wp:featuredmedia":[{"embeddable":true,"href":"https:\/\/www.schramas.com\/fr\/wp-json\/wp\/v2\/media\/59082"}],"wp:attachment":[{"href":"https:\/\/www.schramas.com\/fr\/wp-json\/wp\/v2\/media?parent=46153"}],"wp:term":[{"taxonomy":"product_brand","embeddable":true,"href":"https:\/\/www.schramas.com\/fr\/wp-json\/wp\/v2\/product_brand?post=46153"},{"taxonomy":"product_cat","embeddable":true,"href":"https:\/\/www.schramas.com\/fr\/wp-json\/wp\/v2\/product_cat?post=46153"},{"taxonomy":"product_tag","embeddable":true,"href":"https:\/\/www.schramas.com\/fr\/wp-json\/wp\/v2\/product_tag?post=46153"}],"curies":[{"name":"wp","href":"https:\/\/api.w.org\/{rel}","templated":true}]}}