{"id":46178,"date":"2025-01-07T14:06:12","date_gmt":"2025-01-07T13:06:12","guid":{"rendered":"https:\/\/www.schramas.com\/?post_type=product&#038;p=46178"},"modified":"2026-03-26T16:36:58","modified_gmt":"2026-03-26T15:36:58","slug":"pyrus-communis-triomphe-de-vienne-poirier-pot-5-litres","status":"publish","type":"product","link":"https:\/\/www.schramas.com\/fr\/boutique\/pyrus-communis-triomphe-de-vienne-poirier-pot-5-litres\/","title":{"rendered":"Pyrus communis &#039;Triomphe de Vienne&#039;, Poirier, pot de 5 litres"},"content":{"rendered":"<p>Le <strong>Pyrus communis &#039;Triomphe de Vienne&#039;<\/strong> est une poire fran\u00e7aise classique connue pour ses gros fruits impressionnants et son port gracieux. Originaire de 1864, ce poirier est appr\u00e9ci\u00e9 aussi bien des producteurs professionnels que des amateurs de jardins priv\u00e9s depuis plus d&#039;un si\u00e8cle et demi.<\/p>\n<p><strong>Fruits<\/strong><\/p>\n<p>Les poires du \u00ab Triomphe de Vienne \u00bb sont grosses \u00e0 tr\u00e8s grosses et peuvent peser jusqu&#039;\u00e0 500 grammes pi\u00e8ce. Ils ont une peau verd\u00e2tre avec un motif de couleur bronze et une chair douce blanc-jaune. Le go\u00fbt est juteux, doux et agr\u00e9ablement sucr\u00e9. Cela rend la poire id\u00e9ale comme poire \u00e0 la main, m\u00eame si sa courte dur\u00e9e de conservation la rend particuli\u00e8rement adapt\u00e9e \u00e0 la consommation directe. La maturit\u00e9 de cueillette est atteinte dans la premi\u00e8re quinzaine de septembre.<\/p>\n<p><strong>Floraison et pollinisation<\/strong><\/p>\n<p>Cet arbre fleurit d\u00e9but mai avec de belles fleurs blanches. Le &#039;Triomphe de Vienne&#039; n&#039;est pas autogame et a donc besoin d&#039;un autre poirier \u00e0 proximit\u00e9 pour une bonne r\u00e9colte. Les pollinisateurs appropri\u00e9s sont\u00a0:<\/p>\n<ul>\n<li><strong>Beurr\u00e9 Hardy<\/strong><\/li>\n<li><strong>Charneux<\/strong><\/li>\n<li><strong>Doyenne du Comice<\/strong><\/li>\n<li><strong>Williams<\/strong><\/li>\n<\/ul>\n<p><strong>Croissance et localisation<\/strong><\/p>\n<p>L&#039;arbre pousse mod\u00e9r\u00e9ment fort et forme une large couronne pyramidale semi-ouverte pouvant atteindre une hauteur de 4 \u00e0 7 m\u00e8tres. Pendant la fructification, les branches s&#039;affaissent l\u00e9g\u00e8rement et gracieusement. Pour une croissance optimale, une exposition ensoleill\u00e9e dans un sol bien drain\u00e9 et pas trop humide est recommand\u00e9e.<\/p>\n<p><strong>D\u00e9tails<\/strong><\/p>\n<ul>\n<li>Origine : Introduit en 1864 par M. Jean Colland, France.<\/li>\n<li>Belles fleurs blanches au printemps.<\/li>\n<li>Convient aux jardins priv\u00e9s et \u00e0 la culture commerciale.<\/li>\n<li>Poire manuelle typique avec une courte dur\u00e9e de conservation, parfaite pour la consommation directe.<\/li>\n<\/ul>","protected":false},"excerpt":{"rendered":"<p>Pyrus communis &#039;Triomphe de Vienne&#039;<\/p>\n<p>Poirier<\/p>\n<p>Hauteur maximale : 3,5 m\u00e8tres<\/p>\n<p>Hardy<\/p>\n<p>Non autogame<\/p>\n<p>Hauteur de livraison 100cm<\/p>\n<p>Bocal de 5 litres<\/p>","protected":false},"featured_media":59096,"template":"","meta":{"_joinchat":[]},"product_brand":[],"product_cat":[262,233,25],"product_tag":[2346,2330,2342,2343,2213,2347,1599,2326,2348,2340,1205,2296,2344,2269,1981,2339,2341,2335,2345,1504,939,1073,1085],"class_list":{"0":"post-46178","1":"product","2":"type-product","3":"status-publish","4":"has-post-thumbnail","6":"product_cat-bomen-struiken","7":"product_cat-fruitbomen","8":"product_cat-pears","9":"product_tag-5-liter-pot","10":"product_tag-beurre-hardy","11":"product_tag-breed-piramidale-kroon","12":"product_tag-charneux","13":"product_tag-decoratieve-boom","14":"product_tag-directe-consumptie","15":"product_tag-doyenne-du-comice","16":"product_tag-franse-handpeer","17":"product_tag-fruitboom-voor-particuliere-tuin","18":"product_tag-grote-peren","19":"product_tag-grote-vruchten","20":"product_tag-historische-boom","21":"product_tag-klassieke-fruitboom","22":"product_tag-niet-zelfbestuivend","23":"product_tag-perenboom","24":"product_tag-pyrus-communis-triomphe-de-vienne","25":"product_tag-sappig-en-zoet","26":"product_tag-september-oogst","27":"product_tag-sierlijke-takken","28":"product_tag-tuinboom","29":"product_tag-williams","30":"product_tag-witte-bloesem","31":"product_tag-zonnige-standplaats","32":"pa_ewd_uwcf_colors-groen-2","33":"pa_groeihoogte-200-300-cm","34":"pa_pot-5-liter-pot","36":"first","37":"instock","38":"taxable","39":"shipping-taxable","40":"purchasable","41":"product-type-simple"},"yoast_head":"<!-- This site is optimized with the Yoast SEO plugin v24.2 - https:\/\/yoast.com\/wordpress\/plugins\/seo\/ -->\n<title>Pyrus communis \u2018Triomphe de Vienne\u2019, Perenboom, 5 liter pot kopen | Planten eenvoudig online bestellen | Schramas.com<\/title>\n<meta name=\"robots\" content=\"index, follow, max-snippet:-1, max-image-preview:large, max-video-preview:-1\" \/>\n<link rel=\"canonical\" href=\"https:\/\/www.schramas.com\/fr\/boutique\/pyrus-communis-triomphe-de-vienne-poirier-pot-5-litres\/\" \/>\n<meta property=\"og:locale\" content=\"fr_FR\" \/>\n<meta property=\"og:type\" content=\"article\" \/>\n<meta property=\"og:title\" content=\"Pyrus communis \u2018Triomphe de Vienne\u2019, Perenboom, 5 liter pot kopen | Planten eenvoudig online bestellen | Schramas.com\" \/>\n<meta property=\"og:description\" content=\"Pyrus communis \u2018Triomphe de Vienne\u2019  Perenboom  Hoogte max: 3,5 meter  Winterhard  Niet zelfbestuivend  Leverhoogte 100cm  5 liter pot\" \/>\n<meta property=\"og:url\" content=\"https:\/\/www.schramas.com\/fr\/boutique\/pyrus-communis-triomphe-de-vienne-poirier-pot-5-litres\/\" \/>\n<meta property=\"og:site_name\" content=\"Planten eenvoudig online bestellen | Schramas.com\" \/>\n<meta property=\"article:publisher\" content=\"https:\/\/www.facebook.com\/Schramascom-106872874153195\/\" \/>\n<meta property=\"article:modified_time\" content=\"2026-03-26T15:36:58+00:00\" \/>\n<meta property=\"og:image\" content=\"http:\/\/www.schramas.com\/wp-content\/uploads\/2025\/01\/triomph-de-vienne-productfoto.webp\" \/>\n\t<meta property=\"og:image:width\" content=\"800\" \/>\n\t<meta property=\"og:image:height\" content=\"800\" \/>\n\t<meta property=\"og:image:type\" content=\"image\/webp\" \/>\n<meta name=\"twitter:card\" content=\"summary_large_image\" \/>\n<meta name=\"twitter:label1\" content=\"Dur\u00e9e de lecture estim\u00e9e\" \/>\n\t<meta name=\"twitter:data1\" content=\"1 minute\" \/>\n<script type=\"application\/ld+json\" class=\"yoast-schema-graph\">{\"@context\":\"https:\/\/schema.org\",\"@graph\":[{\"@type\":[\"WebPage\",\"ItemPage\"],\"@id\":\"https:\/\/www.schramas.com\/winkel\/pyrus-communis-triomphe-de-vienne-perenboom-5-liter-pot\/\",\"url\":\"https:\/\/www.schramas.com\/winkel\/pyrus-communis-triomphe-de-vienne-perenboom-5-liter-pot\/\",\"name\":\"Pyrus communis \u2018Triomphe de Vienne\u2019, Perenboom, 5 liter pot kopen | Planten eenvoudig online bestellen | Schramas.com\",\"isPartOf\":{\"@id\":\"https:\/\/www.schramas.com\/#website\"},\"primaryImageOfPage\":{\"@id\":\"https:\/\/www.schramas.com\/winkel\/pyrus-communis-triomphe-de-vienne-perenboom-5-liter-pot\/#primaryimage\"},\"image\":{\"@id\":\"https:\/\/www.schramas.com\/winkel\/pyrus-communis-triomphe-de-vienne-perenboom-5-liter-pot\/#primaryimage\"},\"thumbnailUrl\":\"https:\/\/www.schramas.com\/wp-content\/uploads\/2025\/01\/triomph-de-vienne-productfoto.webp\",\"datePublished\":\"2025-01-07T13:06:12+00:00\",\"dateModified\":\"2026-03-26T15:36:58+00:00\",\"breadcrumb\":{\"@id\":\"https:\/\/www.schramas.com\/winkel\/pyrus-communis-triomphe-de-vienne-perenboom-5-liter-pot\/#breadcrumb\"},\"inLanguage\":\"fr-FR\",\"potentialAction\":[{\"@type\":\"ReadAction\",\"target\":[\"https:\/\/www.schramas.com\/winkel\/pyrus-communis-triomphe-de-vienne-perenboom-5-liter-pot\/\"]}]},{\"@type\":\"ImageObject\",\"inLanguage\":\"fr-FR\",\"@id\":\"https:\/\/www.schramas.com\/winkel\/pyrus-communis-triomphe-de-vienne-perenboom-5-liter-pot\/#primaryimage\",\"url\":\"https:\/\/www.schramas.com\/wp-content\/uploads\/2025\/01\/triomph-de-vienne-productfoto.webp\",\"contentUrl\":\"https:\/\/www.schramas.com\/wp-content\/uploads\/2025\/01\/triomph-de-vienne-productfoto.webp\",\"width\":800,\"height\":800},{\"@type\":\"BreadcrumbList\",\"@id\":\"https:\/\/www.schramas.com\/winkel\/pyrus-communis-triomphe-de-vienne-perenboom-5-liter-pot\/#breadcrumb\",\"itemListElement\":[{\"@type\":\"ListItem\",\"position\":1,\"name\":\"Product\",\"item\":\"https:\/\/www.schramas.com\/assortiment\/\"},{\"@type\":\"ListItem\",\"position\":2,\"name\":\"Bomen &amp; Struiken\",\"item\":\"https:\/\/www.schramas.com\/product-category\/bomen-struiken\/\"},{\"@type\":\"ListItem\",\"position\":3,\"name\":\"Pyrus communis \u2018Triomphe de Vienne\u2019, Perenboom, 5 liter pot\"}]},{\"@type\":\"WebSite\",\"@id\":\"https:\/\/www.schramas.com\/#website\",\"url\":\"https:\/\/www.schramas.com\/\",\"name\":\"Schramas.com | Tuinplanten eenvoudig online bestellen | Direct van onze Kwekerij\",\"description\":\"\",\"alternateName\":\"Schramas.com - Alle planten direct van de kweker\",\"potentialAction\":[{\"@type\":\"SearchAction\",\"target\":{\"@type\":\"EntryPoint\",\"urlTemplate\":\"https:\/\/www.schramas.com\/?s={search_term_string}\"},\"query-input\":{\"@type\":\"PropertyValueSpecification\",\"valueRequired\":true,\"valueName\":\"search_term_string\"}}],\"inLanguage\":\"fr-FR\"}]}<\/script>\n<!-- \/ Yoast SEO plugin. -->","yoast_head_json":{"title":"Achetez Pyrus communis &#039;Triomphe de Vienne&#039;, Poirier, pot de 5 litres | Commandez facilement des plantes en ligne | Schramas.com","robots":{"index":"index","follow":"follow","max-snippet":"max-snippet:-1","max-image-preview":"max-image-preview:large","max-video-preview":"max-video-preview:-1"},"canonical":"https:\/\/www.schramas.com\/fr\/boutique\/pyrus-communis-triomphe-de-vienne-poirier-pot-5-litres\/","og_locale":"fr_FR","og_type":"article","og_title":"Pyrus communis \u2018Triomphe de Vienne\u2019, Perenboom, 5 liter pot kopen | Planten eenvoudig online bestellen | Schramas.com","og_description":"Pyrus communis \u2018Triomphe de Vienne\u2019  Perenboom  Hoogte max: 3,5 meter  Winterhard  Niet zelfbestuivend  Leverhoogte 100cm  5 liter pot","og_url":"https:\/\/www.schramas.com\/fr\/boutique\/pyrus-communis-triomphe-de-vienne-poirier-pot-5-litres\/","og_site_name":"Planten eenvoudig online bestellen | Schramas.com","article_publisher":"https:\/\/www.facebook.com\/Schramascom-106872874153195\/","article_modified_time":"2026-03-26T15:36:58+00:00","og_image":[{"width":800,"height":800,"url":"http:\/\/www.schramas.com\/wp-content\/uploads\/2025\/01\/triomph-de-vienne-productfoto.webp","type":"image\/webp"}],"twitter_card":"summary_large_image","twitter_misc":{"Dur\u00e9e de lecture estim\u00e9e":"1 minute"},"schema":{"@context":"https:\/\/schema.org","@graph":[{"@type":["WebPage","ItemPage"],"@id":"https:\/\/www.schramas.com\/winkel\/pyrus-communis-triomphe-de-vienne-perenboom-5-liter-pot\/","url":"https:\/\/www.schramas.com\/winkel\/pyrus-communis-triomphe-de-vienne-perenboom-5-liter-pot\/","name":"Achetez Pyrus communis &#039;Triomphe de Vienne&#039;, Poirier, pot de 5 litres | Commandez facilement des plantes en ligne | Schramas.com","isPartOf":{"@id":"https:\/\/www.schramas.com\/#website"},"primaryImageOfPage":{"@id":"https:\/\/www.schramas.com\/winkel\/pyrus-communis-triomphe-de-vienne-perenboom-5-liter-pot\/#primaryimage"},"image":{"@id":"https:\/\/www.schramas.com\/winkel\/pyrus-communis-triomphe-de-vienne-perenboom-5-liter-pot\/#primaryimage"},"thumbnailUrl":"https:\/\/www.schramas.com\/wp-content\/uploads\/2025\/01\/triomph-de-vienne-productfoto.webp","datePublished":"2025-01-07T13:06:12+00:00","dateModified":"2026-03-26T15:36:58+00:00","breadcrumb":{"@id":"https:\/\/www.schramas.com\/winkel\/pyrus-communis-triomphe-de-vienne-perenboom-5-liter-pot\/#breadcrumb"},"inLanguage":"fr-FR","potentialAction":[{"@type":"ReadAction","target":["https:\/\/www.schramas.com\/winkel\/pyrus-communis-triomphe-de-vienne-perenboom-5-liter-pot\/"]}]},{"@type":"ImageObject","inLanguage":"fr-FR","@id":"https:\/\/www.schramas.com\/winkel\/pyrus-communis-triomphe-de-vienne-perenboom-5-liter-pot\/#primaryimage","url":"https:\/\/www.schramas.com\/wp-content\/uploads\/2025\/01\/triomph-de-vienne-productfoto.webp","contentUrl":"https:\/\/www.schramas.com\/wp-content\/uploads\/2025\/01\/triomph-de-vienne-productfoto.webp","width":800,"height":800},{"@type":"BreadcrumbList","@id":"https:\/\/www.schramas.com\/winkel\/pyrus-communis-triomphe-de-vienne-perenboom-5-liter-pot\/#breadcrumb","itemListElement":[{"@type":"ListItem","position":1,"name":"Product","item":"https:\/\/www.schramas.com\/assortiment\/"},{"@type":"ListItem","position":2,"name":"Bomen &amp; Struiken","item":"https:\/\/www.schramas.com\/product-category\/bomen-struiken\/"},{"@type":"ListItem","position":3,"name":"Pyrus communis \u2018Triomphe de Vienne\u2019, Perenboom, 5 liter pot"}]},{"@type":"WebSite","@id":"https:\/\/www.schramas.com\/#website","url":"https:\/\/www.schramas.com\/","name":"Schramas.com | Plantes de jardin faciles \u00e0 commander en ligne | En direct de notre p\u00e9pini\u00e8re","description":"","alternateName":"Schramas.com - Alle planten direct van de kweker","potentialAction":[{"@type":"SearchAction","target":{"@type":"EntryPoint","urlTemplate":"https:\/\/www.schramas.com\/?s={search_term_string}"},"query-input":{"@type":"PropertyValueSpecification","valueRequired":true,"valueName":"search_term_string"}}],"inLanguage":"fr-FR"}]}},"_links":{"self":[{"href":"https:\/\/www.schramas.com\/fr\/wp-json\/wp\/v2\/product\/46178","targetHints":{"allow":["GET"]}}],"collection":[{"href":"https:\/\/www.schramas.com\/fr\/wp-json\/wp\/v2\/product"}],"about":[{"href":"https:\/\/www.schramas.com\/fr\/wp-json\/wp\/v2\/types\/product"}],"version-history":[{"count":1,"href":"https:\/\/www.schramas.com\/fr\/wp-json\/wp\/v2\/product\/46178\/revisions"}],"predecessor-version":[{"id":46180,"href":"https:\/\/www.schramas.com\/fr\/wp-json\/wp\/v2\/product\/46178\/revisions\/46180"}],"wp:featuredmedia":[{"embeddable":true,"href":"https:\/\/www.schramas.com\/fr\/wp-json\/wp\/v2\/media\/59096"}],"wp:attachment":[{"href":"https:\/\/www.schramas.com\/fr\/wp-json\/wp\/v2\/media?parent=46178"}],"wp:term":[{"taxonomy":"product_brand","embeddable":true,"href":"https:\/\/www.schramas.com\/fr\/wp-json\/wp\/v2\/product_brand?post=46178"},{"taxonomy":"product_cat","embeddable":true,"href":"https:\/\/www.schramas.com\/fr\/wp-json\/wp\/v2\/product_cat?post=46178"},{"taxonomy":"product_tag","embeddable":true,"href":"https:\/\/www.schramas.com\/fr\/wp-json\/wp\/v2\/product_tag?post=46178"}],"curies":[{"name":"wp","href":"https:\/\/api.w.org\/{rel}","templated":true}]}}