{"id":47464,"date":"2025-02-27T14:59:27","date_gmt":"2025-02-27T13:59:27","guid":{"rendered":"https:\/\/www.schramas.com\/?post_type=product&#038;p=47464"},"modified":"2026-02-19T10:34:16","modified_gmt":"2026-02-19T09:34:16","slug":"coing-cydonia-oblonga-greffable-de-8-mm","status":"publish","type":"product","link":"https:\/\/www.schramas.com\/fr\/boutique\/coing-cydonia-oblonga-greffable-de-8-mm\/","title":{"rendered":"Cydonia oblonga Coing A 8 mm+ greffable"},"content":{"rendered":"","protected":false},"excerpt":{"rendered":"","protected":false},"featured_media":8080,"template":"","meta":{"_joinchat":[]},"product_brand":[],"product_cat":[266,261],"product_tag":[568,572,1015],"class_list":{"0":"post-47464","1":"product","2":"type-product","3":"status-publish","4":"has-post-thumbnail","6":"product_cat-pyrus","7":"product_cat-zelf-kweken","8":"product_tag-onderstam","9":"product_tag-peer","10":"product_tag-rootstock","12":"first","13":"outofstock","14":"taxable","15":"shipping-taxable","16":"purchasable","17":"product-type-simple"},"yoast_head":"<!-- This site is optimized with the Yoast SEO plugin v24.2 - https:\/\/yoast.com\/wordpress\/plugins\/seo\/ -->\n<title>Cydonia oblonga Kwee A 8mm+ entbaar kopen | Planten eenvoudig online bestellen | Schramas.com<\/title>\n<meta name=\"robots\" content=\"index, follow, max-snippet:-1, max-image-preview:large, max-video-preview:-1\" \/>\n<link rel=\"canonical\" href=\"https:\/\/www.schramas.com\/fr\/boutique\/coing-cydonia-oblonga-greffable-de-8-mm\/\" \/>\n<meta property=\"og:locale\" content=\"fr_FR\" \/>\n<meta property=\"og:type\" content=\"article\" \/>\n<meta property=\"og:title\" content=\"Cydonia oblonga Kwee A 8mm+ entbaar kopen | Planten eenvoudig online bestellen | Schramas.com\" \/>\n<meta property=\"og:url\" content=\"https:\/\/www.schramas.com\/fr\/boutique\/coing-cydonia-oblonga-greffable-de-8-mm\/\" \/>\n<meta property=\"og:site_name\" content=\"Planten eenvoudig online bestellen | Schramas.com\" \/>\n<meta property=\"article:publisher\" content=\"https:\/\/www.facebook.com\/Schramascom-106872874153195\/\" \/>\n<meta property=\"article:modified_time\" content=\"2026-02-19T09:34:16+00:00\" \/>\n<meta property=\"og:image\" content=\"http:\/\/www.schramas.com\/wp-content\/uploads\/2019\/11\/Quince-Mcp2-scaled.jpg\" \/>\n\t<meta property=\"og:image:width\" content=\"2560\" \/>\n\t<meta property=\"og:image:height\" content=\"1920\" \/>\n\t<meta property=\"og:image:type\" content=\"image\/jpeg\" \/>\n<meta name=\"twitter:card\" content=\"summary_large_image\" \/>\n<script type=\"application\/ld+json\" class=\"yoast-schema-graph\">{\"@context\":\"https:\/\/schema.org\",\"@graph\":[{\"@type\":[\"WebPage\",\"ItemPage\"],\"@id\":\"https:\/\/www.schramas.com\/winkel\/cydonia-oblonga-kwee-a-8mm-entbaar\/\",\"url\":\"https:\/\/www.schramas.com\/winkel\/cydonia-oblonga-kwee-a-8mm-entbaar\/\",\"name\":\"Cydonia oblonga Kwee A 8mm+ entbaar kopen | Planten eenvoudig online bestellen | Schramas.com\",\"isPartOf\":{\"@id\":\"https:\/\/www.schramas.com\/#website\"},\"primaryImageOfPage\":{\"@id\":\"https:\/\/www.schramas.com\/winkel\/cydonia-oblonga-kwee-a-8mm-entbaar\/#primaryimage\"},\"image\":{\"@id\":\"https:\/\/www.schramas.com\/winkel\/cydonia-oblonga-kwee-a-8mm-entbaar\/#primaryimage\"},\"thumbnailUrl\":\"https:\/\/www.schramas.com\/wp-content\/uploads\/2019\/11\/Quince-Mcp2-scaled.jpg\",\"datePublished\":\"2025-02-27T13:59:27+00:00\",\"dateModified\":\"2026-02-19T09:34:16+00:00\",\"breadcrumb\":{\"@id\":\"https:\/\/www.schramas.com\/winkel\/cydonia-oblonga-kwee-a-8mm-entbaar\/#breadcrumb\"},\"inLanguage\":\"fr-FR\",\"potentialAction\":[{\"@type\":\"ReadAction\",\"target\":[\"https:\/\/www.schramas.com\/winkel\/cydonia-oblonga-kwee-a-8mm-entbaar\/\"]}]},{\"@type\":\"ImageObject\",\"inLanguage\":\"fr-FR\",\"@id\":\"https:\/\/www.schramas.com\/winkel\/cydonia-oblonga-kwee-a-8mm-entbaar\/#primaryimage\",\"url\":\"https:\/\/www.schramas.com\/wp-content\/uploads\/2019\/11\/Quince-Mcp2-scaled.jpg\",\"contentUrl\":\"https:\/\/www.schramas.com\/wp-content\/uploads\/2019\/11\/Quince-Mcp2-scaled.jpg\",\"width\":2560,\"height\":1920},{\"@type\":\"BreadcrumbList\",\"@id\":\"https:\/\/www.schramas.com\/winkel\/cydonia-oblonga-kwee-a-8mm-entbaar\/#breadcrumb\",\"itemListElement\":[{\"@type\":\"ListItem\",\"position\":1,\"name\":\"Product\",\"item\":\"https:\/\/www.schramas.com\/assortiment\/\"},{\"@type\":\"ListItem\",\"position\":2,\"name\":\"Zelf kweken \/ Onderstammen\",\"item\":\"https:\/\/www.schramas.com\/product-category\/zelf-kweken\/\"},{\"@type\":\"ListItem\",\"position\":3,\"name\":\"Onderstammen voor Peren\",\"item\":\"https:\/\/www.schramas.com\/product-category\/zelf-kweken\/pyrus\/\"},{\"@type\":\"ListItem\",\"position\":4,\"name\":\"Cydonia oblonga Kwee A 8mm+ entbaar\"}]},{\"@type\":\"WebSite\",\"@id\":\"https:\/\/www.schramas.com\/#website\",\"url\":\"https:\/\/www.schramas.com\/\",\"name\":\"Schramas.com | Tuinplanten eenvoudig online bestellen | Direct van onze Kwekerij\",\"description\":\"\",\"alternateName\":\"Schramas.com - Alle planten direct van de kweker\",\"potentialAction\":[{\"@type\":\"SearchAction\",\"target\":{\"@type\":\"EntryPoint\",\"urlTemplate\":\"https:\/\/www.schramas.com\/?s={search_term_string}\"},\"query-input\":{\"@type\":\"PropertyValueSpecification\",\"valueRequired\":true,\"valueName\":\"search_term_string\"}}],\"inLanguage\":\"fr-FR\"}]}<\/script>\n<!-- \/ Yoast SEO plugin. -->","yoast_head_json":{"title":"Acheter Cydonia oblonga Coing A 8mm+ greffable | Commandez facilement des plantes en ligne | Schramas.com","robots":{"index":"index","follow":"follow","max-snippet":"max-snippet:-1","max-image-preview":"max-image-preview:large","max-video-preview":"max-video-preview:-1"},"canonical":"https:\/\/www.schramas.com\/fr\/boutique\/coing-cydonia-oblonga-greffable-de-8-mm\/","og_locale":"fr_FR","og_type":"article","og_title":"Cydonia oblonga Kwee A 8mm+ entbaar kopen | Planten eenvoudig online bestellen | Schramas.com","og_url":"https:\/\/www.schramas.com\/fr\/boutique\/coing-cydonia-oblonga-greffable-de-8-mm\/","og_site_name":"Planten eenvoudig online bestellen | Schramas.com","article_publisher":"https:\/\/www.facebook.com\/Schramascom-106872874153195\/","article_modified_time":"2026-02-19T09:34:16+00:00","og_image":[{"width":2560,"height":1920,"url":"http:\/\/www.schramas.com\/wp-content\/uploads\/2019\/11\/Quince-Mcp2-scaled.jpg","type":"image\/jpeg"}],"twitter_card":"summary_large_image","schema":{"@context":"https:\/\/schema.org","@graph":[{"@type":["WebPage","ItemPage"],"@id":"https:\/\/www.schramas.com\/winkel\/cydonia-oblonga-kwee-a-8mm-entbaar\/","url":"https:\/\/www.schramas.com\/winkel\/cydonia-oblonga-kwee-a-8mm-entbaar\/","name":"Acheter Cydonia oblonga Coing A 8mm+ greffable | Commandez facilement des plantes en ligne | Schramas.com","isPartOf":{"@id":"https:\/\/www.schramas.com\/#website"},"primaryImageOfPage":{"@id":"https:\/\/www.schramas.com\/winkel\/cydonia-oblonga-kwee-a-8mm-entbaar\/#primaryimage"},"image":{"@id":"https:\/\/www.schramas.com\/winkel\/cydonia-oblonga-kwee-a-8mm-entbaar\/#primaryimage"},"thumbnailUrl":"https:\/\/www.schramas.com\/wp-content\/uploads\/2019\/11\/Quince-Mcp2-scaled.jpg","datePublished":"2025-02-27T13:59:27+00:00","dateModified":"2026-02-19T09:34:16+00:00","breadcrumb":{"@id":"https:\/\/www.schramas.com\/winkel\/cydonia-oblonga-kwee-a-8mm-entbaar\/#breadcrumb"},"inLanguage":"fr-FR","potentialAction":[{"@type":"ReadAction","target":["https:\/\/www.schramas.com\/winkel\/cydonia-oblonga-kwee-a-8mm-entbaar\/"]}]},{"@type":"ImageObject","inLanguage":"fr-FR","@id":"https:\/\/www.schramas.com\/winkel\/cydonia-oblonga-kwee-a-8mm-entbaar\/#primaryimage","url":"https:\/\/www.schramas.com\/wp-content\/uploads\/2019\/11\/Quince-Mcp2-scaled.jpg","contentUrl":"https:\/\/www.schramas.com\/wp-content\/uploads\/2019\/11\/Quince-Mcp2-scaled.jpg","width":2560,"height":1920},{"@type":"BreadcrumbList","@id":"https:\/\/www.schramas.com\/winkel\/cydonia-oblonga-kwee-a-8mm-entbaar\/#breadcrumb","itemListElement":[{"@type":"ListItem","position":1,"name":"Product","item":"https:\/\/www.schramas.com\/assortiment\/"},{"@type":"ListItem","position":2,"name":"Zelf kweken \/ Onderstammen","item":"https:\/\/www.schramas.com\/product-category\/zelf-kweken\/"},{"@type":"ListItem","position":3,"name":"Onderstammen voor Peren","item":"https:\/\/www.schramas.com\/product-category\/zelf-kweken\/pyrus\/"},{"@type":"ListItem","position":4,"name":"Cydonia oblonga Kwee A 8mm+ entbaar"}]},{"@type":"WebSite","@id":"https:\/\/www.schramas.com\/#website","url":"https:\/\/www.schramas.com\/","name":"Schramas.com | Plantes de jardin faciles \u00e0 commander en ligne | En direct de notre p\u00e9pini\u00e8re","description":"","alternateName":"Schramas.com - Alle planten direct van de kweker","potentialAction":[{"@type":"SearchAction","target":{"@type":"EntryPoint","urlTemplate":"https:\/\/www.schramas.com\/?s={search_term_string}"},"query-input":{"@type":"PropertyValueSpecification","valueRequired":true,"valueName":"search_term_string"}}],"inLanguage":"fr-FR"}]}},"_links":{"self":[{"href":"https:\/\/www.schramas.com\/fr\/wp-json\/wp\/v2\/product\/47464","targetHints":{"allow":["GET"]}}],"collection":[{"href":"https:\/\/www.schramas.com\/fr\/wp-json\/wp\/v2\/product"}],"about":[{"href":"https:\/\/www.schramas.com\/fr\/wp-json\/wp\/v2\/types\/product"}],"version-history":[{"count":1,"href":"https:\/\/www.schramas.com\/fr\/wp-json\/wp\/v2\/product\/47464\/revisions"}],"predecessor-version":[{"id":47465,"href":"https:\/\/www.schramas.com\/fr\/wp-json\/wp\/v2\/product\/47464\/revisions\/47465"}],"wp:featuredmedia":[{"embeddable":true,"href":"https:\/\/www.schramas.com\/fr\/wp-json\/wp\/v2\/media\/8080"}],"wp:attachment":[{"href":"https:\/\/www.schramas.com\/fr\/wp-json\/wp\/v2\/media?parent=47464"}],"wp:term":[{"taxonomy":"product_brand","embeddable":true,"href":"https:\/\/www.schramas.com\/fr\/wp-json\/wp\/v2\/product_brand?post=47464"},{"taxonomy":"product_cat","embeddable":true,"href":"https:\/\/www.schramas.com\/fr\/wp-json\/wp\/v2\/product_cat?post=47464"},{"taxonomy":"product_tag","embeddable":true,"href":"https:\/\/www.schramas.com\/fr\/wp-json\/wp\/v2\/product_tag?post=47464"}],"curies":[{"name":"wp","href":"https:\/\/api.w.org\/{rel}","templated":true}]}}