{"id":48108,"date":"2025-03-11T09:01:07","date_gmt":"2025-03-11T08:01:07","guid":{"rendered":"https:\/\/www.schramas.com\/?post_type=product&#038;p=48108"},"modified":"2026-03-26T16:37:08","modified_gmt":"2026-03-26T15:37:08","slug":"delphinium-magic-fountain-deep-rose-white-bee-ridderspoor-wortelgoed-5-stuks","status":"publish","type":"product","link":"https:\/\/www.schramas.com\/fr\/boutique\/delphinium-magic-fountain-deep-rose-white-bee-ridderspoor-wortelgoed-5-stuks\/","title":{"rendered":"Delphinium 'Magic Fountain Deep Rose White Bee' - Pieds d'alouette - Porte-greffes - 5 pi\u00e8ces"},"content":{"rendered":"<div>\n<p class=\"break-words\">De Delphinium &#8216;Magic Fountain Deep Rose White Bee&#8217;, ook wel Ridderspoor genoemd, is een makkelijke vaste plant die in de zomer mooi bloeit. Hij heeft stevige stengels met korte trossen violetroze bloemen en een wit hartje, ook wel \u2018witte bij\u2019 genoemd. De plant wordt ongeveer 90 cm hoog en heeft groen, verdeeld blad. Van juni tot augustus geniet je van de bloemen.<\/p>\n<p class=\"break-words\">Deze Ridderspoor staat graag in goed doorlatende grond en is goed bestand tegen kou in de winter. Perfect voor in de tuin om wat kleur en hoogte toe te voegen!<\/p>\n<\/div>","protected":false},"excerpt":{"rendered":"<p>5x Delphinium &#8216;Magic Fountain Deep Rose White Bee&#8217;<\/p>\n<p>Pieds d'alouette<\/p>\n<p>Hauteur : 100cm<\/p>\n<p>M\u00e9thode de livraison : Racines<\/p>\n<p>&nbsp;<\/p>","protected":false},"featured_media":48109,"template":"","meta":{"_joinchat":[]},"product_brand":[],"product_cat":[305,306],"product_tag":[2504,2505,2493,1454,2503,2500,2495,610,784,2501,351,2502],"class_list":{"0":"post-48108","1":"product","2":"type-product","3":"status-publish","4":"has-post-thumbnail","6":"product_cat-planten-heesters","7":"product_cat-vaste-planten","8":"product_tag-90-cm-hoog","9":"product_tag-bloemstengels","10":"product_tag-delphinium","11":"product_tag-goed-doorlatende-grond","12":"product_tag-juni-augustus","13":"product_tag-magic-fountain-deep-rose-white-bee","14":"product_tag-ridderspoor","15":"product_tag-tuinplant","16":"product_tag-vaste-plant","17":"product_tag-violetroze-bloemen","18":"product_tag-winterhard","19":"product_tag-witte-bij","20":"pa_pot-naaktwortelig","22":"first","23":"outofstock","24":"taxable","25":"shipping-taxable","26":"purchasable","27":"product-type-simple"},"yoast_head":"<!-- This site is optimized with the Yoast SEO plugin v24.2 - https:\/\/yoast.com\/wordpress\/plugins\/seo\/ -->\n<title>Delphinium &#039;Magic Fountain Deep Rose White Bee&#039; - Ridderspoor - Wortelgoed - 5 stuks kopen | Planten eenvoudig online bestellen | Schramas.com<\/title>\n<meta name=\"robots\" content=\"index, follow, max-snippet:-1, max-image-preview:large, max-video-preview:-1\" \/>\n<link rel=\"canonical\" href=\"https:\/\/www.schramas.com\/fr\/boutique\/delphinium-magic-fountain-deep-rose-white-bee-ridderspoor-wortelgoed-5-stuks\/\" \/>\n<meta property=\"og:locale\" content=\"fr_FR\" \/>\n<meta property=\"og:type\" content=\"article\" \/>\n<meta property=\"og:title\" content=\"Delphinium &#039;Magic Fountain Deep Rose White Bee&#039; - Ridderspoor - Wortelgoed - 5 stuks kopen | Planten eenvoudig online bestellen | Schramas.com\" \/>\n<meta property=\"og:description\" content=\"5x Delphinium &#039;Magic Fountain Deep Rose White Bee&#039;  Ridderspoor  Hoogte: 100cm  Leverwijze: Wortelgoed  &nbsp;\" \/>\n<meta property=\"og:url\" content=\"https:\/\/www.schramas.com\/fr\/boutique\/delphinium-magic-fountain-deep-rose-white-bee-ridderspoor-wortelgoed-5-stuks\/\" \/>\n<meta property=\"og:site_name\" content=\"Planten eenvoudig online bestellen | Schramas.com\" \/>\n<meta property=\"article:publisher\" content=\"https:\/\/www.facebook.com\/Schramascom-106872874153195\/\" \/>\n<meta property=\"article:modified_time\" content=\"2026-03-26T15:37:08+00:00\" \/>\n<meta property=\"og:image\" content=\"http:\/\/www.schramas.com\/wp-content\/uploads\/2025\/03\/Deep-Rose-White-Bee.webp\" \/>\n\t<meta property=\"og:image:width\" content=\"500\" \/>\n\t<meta property=\"og:image:height\" content=\"500\" \/>\n\t<meta property=\"og:image:type\" content=\"image\/webp\" \/>\n<meta name=\"twitter:card\" content=\"summary_large_image\" \/>\n<meta name=\"twitter:label1\" content=\"Dur\u00e9e de lecture estim\u00e9e\" \/>\n\t<meta name=\"twitter:data1\" content=\"1 minute\" \/>\n<script type=\"application\/ld+json\" class=\"yoast-schema-graph\">{\"@context\":\"https:\/\/schema.org\",\"@graph\":[{\"@type\":[\"WebPage\",\"ItemPage\"],\"@id\":\"https:\/\/www.schramas.com\/winkel\/delphinium-magic-fountain-deep-rose-white-bee-ridderspoor-wortelgoed-5-stuks\/\",\"url\":\"https:\/\/www.schramas.com\/winkel\/delphinium-magic-fountain-deep-rose-white-bee-ridderspoor-wortelgoed-5-stuks\/\",\"name\":\"Delphinium 'Magic Fountain Deep Rose White Bee' - Ridderspoor - Wortelgoed - 5 stuks kopen | Planten eenvoudig online bestellen | Schramas.com\",\"isPartOf\":{\"@id\":\"https:\/\/www.schramas.com\/#website\"},\"primaryImageOfPage\":{\"@id\":\"https:\/\/www.schramas.com\/winkel\/delphinium-magic-fountain-deep-rose-white-bee-ridderspoor-wortelgoed-5-stuks\/#primaryimage\"},\"image\":{\"@id\":\"https:\/\/www.schramas.com\/winkel\/delphinium-magic-fountain-deep-rose-white-bee-ridderspoor-wortelgoed-5-stuks\/#primaryimage\"},\"thumbnailUrl\":\"https:\/\/www.schramas.com\/wp-content\/uploads\/2025\/03\/Deep-Rose-White-Bee.webp\",\"datePublished\":\"2025-03-11T08:01:07+00:00\",\"dateModified\":\"2026-03-26T15:37:08+00:00\",\"breadcrumb\":{\"@id\":\"https:\/\/www.schramas.com\/winkel\/delphinium-magic-fountain-deep-rose-white-bee-ridderspoor-wortelgoed-5-stuks\/#breadcrumb\"},\"inLanguage\":\"fr-FR\",\"potentialAction\":[{\"@type\":\"ReadAction\",\"target\":[\"https:\/\/www.schramas.com\/winkel\/delphinium-magic-fountain-deep-rose-white-bee-ridderspoor-wortelgoed-5-stuks\/\"]}]},{\"@type\":\"ImageObject\",\"inLanguage\":\"fr-FR\",\"@id\":\"https:\/\/www.schramas.com\/winkel\/delphinium-magic-fountain-deep-rose-white-bee-ridderspoor-wortelgoed-5-stuks\/#primaryimage\",\"url\":\"https:\/\/www.schramas.com\/wp-content\/uploads\/2025\/03\/Deep-Rose-White-Bee.webp\",\"contentUrl\":\"https:\/\/www.schramas.com\/wp-content\/uploads\/2025\/03\/Deep-Rose-White-Bee.webp\",\"width\":500,\"height\":500},{\"@type\":\"BreadcrumbList\",\"@id\":\"https:\/\/www.schramas.com\/winkel\/delphinium-magic-fountain-deep-rose-white-bee-ridderspoor-wortelgoed-5-stuks\/#breadcrumb\",\"itemListElement\":[{\"@type\":\"ListItem\",\"position\":1,\"name\":\"Product\",\"item\":\"https:\/\/www.schramas.com\/assortiment\/\"},{\"@type\":\"ListItem\",\"position\":2,\"name\":\"Tuinplanten\",\"item\":\"https:\/\/www.schramas.com\/product-category\/planten-heesters\/\"},{\"@type\":\"ListItem\",\"position\":3,\"name\":\"Delphinium &#8216;Magic Fountain Deep Rose White Bee&#8217; &#8211; Ridderspoor &#8211; Wortelgoed &#8211; 5 stuks\"}]},{\"@type\":\"WebSite\",\"@id\":\"https:\/\/www.schramas.com\/#website\",\"url\":\"https:\/\/www.schramas.com\/\",\"name\":\"Schramas.com | Tuinplanten eenvoudig online bestellen | Direct van onze Kwekerij\",\"description\":\"\",\"alternateName\":\"Schramas.com - Alle planten direct van de kweker\",\"potentialAction\":[{\"@type\":\"SearchAction\",\"target\":{\"@type\":\"EntryPoint\",\"urlTemplate\":\"https:\/\/www.schramas.com\/?s={search_term_string}\"},\"query-input\":{\"@type\":\"PropertyValueSpecification\",\"valueRequired\":true,\"valueName\":\"search_term_string\"}}],\"inLanguage\":\"fr-FR\"}]}<\/script>\n<!-- \/ Yoast SEO plugin. -->","yoast_head_json":{"title":"Delphinium 'Magic Fountain Deep Rose White Bee' - Ridderspoor - Wortelgoed - 5 stuks kopen | Planten eenvoudig online bestellen | Schramas.com","robots":{"index":"index","follow":"follow","max-snippet":"max-snippet:-1","max-image-preview":"max-image-preview:large","max-video-preview":"max-video-preview:-1"},"canonical":"https:\/\/www.schramas.com\/fr\/boutique\/delphinium-magic-fountain-deep-rose-white-bee-ridderspoor-wortelgoed-5-stuks\/","og_locale":"fr_FR","og_type":"article","og_title":"Delphinium 'Magic Fountain Deep Rose White Bee' - Ridderspoor - Wortelgoed - 5 stuks kopen | Planten eenvoudig online bestellen | Schramas.com","og_description":"5x Delphinium 'Magic Fountain Deep Rose White Bee'  Ridderspoor  Hoogte: 100cm  Leverwijze: Wortelgoed  &nbsp;","og_url":"https:\/\/www.schramas.com\/fr\/boutique\/delphinium-magic-fountain-deep-rose-white-bee-ridderspoor-wortelgoed-5-stuks\/","og_site_name":"Planten eenvoudig online bestellen | Schramas.com","article_publisher":"https:\/\/www.facebook.com\/Schramascom-106872874153195\/","article_modified_time":"2026-03-26T15:37:08+00:00","og_image":[{"width":500,"height":500,"url":"http:\/\/www.schramas.com\/wp-content\/uploads\/2025\/03\/Deep-Rose-White-Bee.webp","type":"image\/webp"}],"twitter_card":"summary_large_image","twitter_misc":{"Dur\u00e9e de lecture estim\u00e9e":"1 minute"},"schema":{"@context":"https:\/\/schema.org","@graph":[{"@type":["WebPage","ItemPage"],"@id":"https:\/\/www.schramas.com\/winkel\/delphinium-magic-fountain-deep-rose-white-bee-ridderspoor-wortelgoed-5-stuks\/","url":"https:\/\/www.schramas.com\/winkel\/delphinium-magic-fountain-deep-rose-white-bee-ridderspoor-wortelgoed-5-stuks\/","name":"Delphinium 'Magic Fountain Deep Rose White Bee' - Ridderspoor - Wortelgoed - 5 stuks kopen | Planten eenvoudig online bestellen | Schramas.com","isPartOf":{"@id":"https:\/\/www.schramas.com\/#website"},"primaryImageOfPage":{"@id":"https:\/\/www.schramas.com\/winkel\/delphinium-magic-fountain-deep-rose-white-bee-ridderspoor-wortelgoed-5-stuks\/#primaryimage"},"image":{"@id":"https:\/\/www.schramas.com\/winkel\/delphinium-magic-fountain-deep-rose-white-bee-ridderspoor-wortelgoed-5-stuks\/#primaryimage"},"thumbnailUrl":"https:\/\/www.schramas.com\/wp-content\/uploads\/2025\/03\/Deep-Rose-White-Bee.webp","datePublished":"2025-03-11T08:01:07+00:00","dateModified":"2026-03-26T15:37:08+00:00","breadcrumb":{"@id":"https:\/\/www.schramas.com\/winkel\/delphinium-magic-fountain-deep-rose-white-bee-ridderspoor-wortelgoed-5-stuks\/#breadcrumb"},"inLanguage":"fr-FR","potentialAction":[{"@type":"ReadAction","target":["https:\/\/www.schramas.com\/winkel\/delphinium-magic-fountain-deep-rose-white-bee-ridderspoor-wortelgoed-5-stuks\/"]}]},{"@type":"ImageObject","inLanguage":"fr-FR","@id":"https:\/\/www.schramas.com\/winkel\/delphinium-magic-fountain-deep-rose-white-bee-ridderspoor-wortelgoed-5-stuks\/#primaryimage","url":"https:\/\/www.schramas.com\/wp-content\/uploads\/2025\/03\/Deep-Rose-White-Bee.webp","contentUrl":"https:\/\/www.schramas.com\/wp-content\/uploads\/2025\/03\/Deep-Rose-White-Bee.webp","width":500,"height":500},{"@type":"BreadcrumbList","@id":"https:\/\/www.schramas.com\/winkel\/delphinium-magic-fountain-deep-rose-white-bee-ridderspoor-wortelgoed-5-stuks\/#breadcrumb","itemListElement":[{"@type":"ListItem","position":1,"name":"Product","item":"https:\/\/www.schramas.com\/assortiment\/"},{"@type":"ListItem","position":2,"name":"Tuinplanten","item":"https:\/\/www.schramas.com\/product-category\/planten-heesters\/"},{"@type":"ListItem","position":3,"name":"Delphinium &#8216;Magic Fountain Deep Rose White Bee&#8217; &#8211; Ridderspoor &#8211; Wortelgoed &#8211; 5 stuks"}]},{"@type":"WebSite","@id":"https:\/\/www.schramas.com\/#website","url":"https:\/\/www.schramas.com\/","name":"Schramas.com | Plantes de jardin faciles \u00e0 commander en ligne | En direct de notre p\u00e9pini\u00e8re","description":"","alternateName":"Schramas.com - Alle planten direct van de kweker","potentialAction":[{"@type":"SearchAction","target":{"@type":"EntryPoint","urlTemplate":"https:\/\/www.schramas.com\/?s={search_term_string}"},"query-input":{"@type":"PropertyValueSpecification","valueRequired":true,"valueName":"search_term_string"}}],"inLanguage":"fr-FR"}]}},"_links":{"self":[{"href":"https:\/\/www.schramas.com\/fr\/wp-json\/wp\/v2\/product\/48108","targetHints":{"allow":["GET"]}}],"collection":[{"href":"https:\/\/www.schramas.com\/fr\/wp-json\/wp\/v2\/product"}],"about":[{"href":"https:\/\/www.schramas.com\/fr\/wp-json\/wp\/v2\/types\/product"}],"version-history":[{"count":1,"href":"https:\/\/www.schramas.com\/fr\/wp-json\/wp\/v2\/product\/48108\/revisions"}],"predecessor-version":[{"id":48111,"href":"https:\/\/www.schramas.com\/fr\/wp-json\/wp\/v2\/product\/48108\/revisions\/48111"}],"wp:featuredmedia":[{"embeddable":true,"href":"https:\/\/www.schramas.com\/fr\/wp-json\/wp\/v2\/media\/48109"}],"wp:attachment":[{"href":"https:\/\/www.schramas.com\/fr\/wp-json\/wp\/v2\/media?parent=48108"}],"wp:term":[{"taxonomy":"product_brand","embeddable":true,"href":"https:\/\/www.schramas.com\/fr\/wp-json\/wp\/v2\/product_brand?post=48108"},{"taxonomy":"product_cat","embeddable":true,"href":"https:\/\/www.schramas.com\/fr\/wp-json\/wp\/v2\/product_cat?post=48108"},{"taxonomy":"product_tag","embeddable":true,"href":"https:\/\/www.schramas.com\/fr\/wp-json\/wp\/v2\/product_tag?post=48108"}],"curies":[{"name":"wp","href":"https:\/\/api.w.org\/{rel}","templated":true}]}}