{"id":48119,"date":"2025-03-11T10:31:12","date_gmt":"2025-03-11T09:31:12","guid":{"rendered":"https:\/\/www.schramas.com\/?post_type=product&#038;p=48119"},"modified":"2026-03-26T16:37:09","modified_gmt":"2026-03-26T15:37:09","slug":"echinacea-purpurea-magnus-sunshade-rootstock-5-pieces","status":"publish","type":"product","link":"https:\/\/www.schramas.com\/fr\/boutique\/echinacea-purpurea-magnus-sunshade-rootstock-5-pieces\/","title":{"rendered":"Echinacea purpurea 'Magnus' - Tournesol - Porte-greffes - 5 pi\u00e8ces"},"content":{"rendered":"<div>\n<p class=\"break-words\">Echinacea purpurea 'Magnus', \u00e9galement connu sous le nom de Tournesol, est une plante vivace facile \u00e0 cultiver avec de grandes fleurs rose vif \u00e0 rose rouge\u00e2tre et un centre brun-orange. Elle fleurit de juillet \u00e0 septembre et mesure de 80 \u00e0 100 cm de haut. Les fleurs mesurent environ 10 cm de large, ce qui est plus grand que le tournesol commun, et attirent les abeilles et les papillons. Elles sont \u00e9galement magnifiques comme fleurs coup\u00e9es.<\/p>\n<p class=\"break-words\">Cette plante aime un emplacement ensoleill\u00e9, un sol bien arros\u00e9 et pas trop humide en hiver. Elle r\u00e9siste bien au gel, \u00e0 la brise marine et \u00e0 l'air pollu\u00e9. Associez-la \u00e0 des plantes telles que le g\u00e9ranium, la quenouille, la sauge ou les gramin\u00e9es ornementales pour cr\u00e9er un jardin amusant. Un choix fort et joyeux !<\/p>\n<\/div>","protected":false},"excerpt":{"rendered":"<p>5x Echinacea purpurea 'Magnus'<\/p>\n<p>Chapeau de soleil<\/p>\n<p>Hauteur : 100cm<\/p>\n<p>M\u00e9thode de livraison : Racines<\/p>\n<p>&nbsp;<\/p>","protected":false},"featured_media":48449,"template":"","meta":{"_joinchat":[]},"product_brand":[],"product_cat":[305,306],"product_tag":[1321,2443,503,2507,1454,2510,2508,1407,1993,1442,610,784,504,1390,2509],"class_list":{"0":"post-48119","1":"product","2":"type-product","3":"status-publish","4":"has-post-thumbnail","6":"product_cat-planten-heesters","7":"product_cat-vaste-planten","8":"product_tag-vorstbestendig","9":"product_tag-80-100-cm-hoog","10":"product_tag-bijenplant","11":"product_tag-echinacea-purpurea","12":"product_tag-goed-doorlatende-grond","13":"product_tag-juli-september","14":"product_tag-magnus","15":"product_tag-roze-bloemen","16":"product_tag-siergrassen","17":"product_tag-snijbloem","18":"product_tag-tuinplant","19":"product_tag-vaste-plant","20":"product_tag-vlinderplant","21":"product_tag-volle-zon","22":"product_tag-zonnehoed","23":"pa_pot-naaktwortelig","25":"first","26":"instock","27":"taxable","28":"shipping-taxable","29":"purchasable","30":"product-type-simple"},"yoast_head":"<!-- This site is optimized with the Yoast SEO plugin v24.2 - https:\/\/yoast.com\/wordpress\/plugins\/seo\/ -->\n<title>Echinacea purpurea &#039;Magnus&#039; - Zonnehoed - Wortelgoed - 5 stuks kopen | Planten eenvoudig online bestellen | Schramas.com<\/title>\n<meta name=\"robots\" content=\"index, follow, max-snippet:-1, max-image-preview:large, max-video-preview:-1\" \/>\n<link rel=\"canonical\" href=\"https:\/\/www.schramas.com\/fr\/boutique\/echinacea-purpurea-magnus-sunshade-rootstock-5-pieces\/\" \/>\n<meta property=\"og:locale\" content=\"fr_FR\" \/>\n<meta property=\"og:type\" content=\"article\" \/>\n<meta property=\"og:title\" content=\"Echinacea purpurea &#039;Magnus&#039; - Zonnehoed - Wortelgoed - 5 stuks kopen | Planten eenvoudig online bestellen | Schramas.com\" \/>\n<meta property=\"og:description\" content=\"5x Echinacea purpurea &#039;Magnus&#039;  Zonnehoed  Hoogte: 100cm  Leverwijze: Wortelgoed  &nbsp;\" \/>\n<meta property=\"og:url\" content=\"https:\/\/www.schramas.com\/fr\/boutique\/echinacea-purpurea-magnus-sunshade-rootstock-5-pieces\/\" \/>\n<meta property=\"og:site_name\" content=\"Planten eenvoudig online bestellen | Schramas.com\" \/>\n<meta property=\"article:publisher\" content=\"https:\/\/www.facebook.com\/Schramascom-106872874153195\/\" \/>\n<meta property=\"article:modified_time\" content=\"2026-03-26T15:37:09+00:00\" \/>\n<meta property=\"og:image\" content=\"https:\/\/www.schramas.com\/wp-content\/uploads\/2025\/03\/Echinacea-purpurea-Magnus.webp\" \/>\n\t<meta property=\"og:image:width\" content=\"500\" \/>\n\t<meta property=\"og:image:height\" content=\"500\" \/>\n\t<meta property=\"og:image:type\" content=\"image\/webp\" \/>\n<meta name=\"twitter:card\" content=\"summary_large_image\" \/>\n<meta name=\"twitter:label1\" content=\"Dur\u00e9e de lecture estim\u00e9e\" \/>\n\t<meta name=\"twitter:data1\" content=\"1 minute\" \/>\n<script type=\"application\/ld+json\" class=\"yoast-schema-graph\">{\"@context\":\"https:\/\/schema.org\",\"@graph\":[{\"@type\":[\"WebPage\",\"ItemPage\"],\"@id\":\"https:\/\/www.schramas.com\/winkel\/echinacea-purpurea-magnus-zonnehoed-wortelgoed-5-stuks\/\",\"url\":\"https:\/\/www.schramas.com\/winkel\/echinacea-purpurea-magnus-zonnehoed-wortelgoed-5-stuks\/\",\"name\":\"Echinacea purpurea 'Magnus' - Zonnehoed - Wortelgoed - 5 stuks kopen | Planten eenvoudig online bestellen | Schramas.com\",\"isPartOf\":{\"@id\":\"https:\/\/www.schramas.com\/#website\"},\"primaryImageOfPage\":{\"@id\":\"https:\/\/www.schramas.com\/winkel\/echinacea-purpurea-magnus-zonnehoed-wortelgoed-5-stuks\/#primaryimage\"},\"image\":{\"@id\":\"https:\/\/www.schramas.com\/winkel\/echinacea-purpurea-magnus-zonnehoed-wortelgoed-5-stuks\/#primaryimage\"},\"thumbnailUrl\":\"https:\/\/www.schramas.com\/wp-content\/uploads\/2025\/03\/Echinacea-purpurea-Magnus.webp\",\"datePublished\":\"2025-03-11T09:31:12+00:00\",\"dateModified\":\"2026-03-26T15:37:09+00:00\",\"breadcrumb\":{\"@id\":\"https:\/\/www.schramas.com\/winkel\/echinacea-purpurea-magnus-zonnehoed-wortelgoed-5-stuks\/#breadcrumb\"},\"inLanguage\":\"fr-FR\",\"potentialAction\":[{\"@type\":\"ReadAction\",\"target\":[\"https:\/\/www.schramas.com\/winkel\/echinacea-purpurea-magnus-zonnehoed-wortelgoed-5-stuks\/\"]}]},{\"@type\":\"ImageObject\",\"inLanguage\":\"fr-FR\",\"@id\":\"https:\/\/www.schramas.com\/winkel\/echinacea-purpurea-magnus-zonnehoed-wortelgoed-5-stuks\/#primaryimage\",\"url\":\"https:\/\/www.schramas.com\/wp-content\/uploads\/2025\/03\/Echinacea-purpurea-Magnus.webp\",\"contentUrl\":\"https:\/\/www.schramas.com\/wp-content\/uploads\/2025\/03\/Echinacea-purpurea-Magnus.webp\",\"width\":500,\"height\":500},{\"@type\":\"BreadcrumbList\",\"@id\":\"https:\/\/www.schramas.com\/winkel\/echinacea-purpurea-magnus-zonnehoed-wortelgoed-5-stuks\/#breadcrumb\",\"itemListElement\":[{\"@type\":\"ListItem\",\"position\":1,\"name\":\"Product\",\"item\":\"https:\/\/www.schramas.com\/assortiment\/\"},{\"@type\":\"ListItem\",\"position\":2,\"name\":\"Tuinplanten\",\"item\":\"https:\/\/www.schramas.com\/product-category\/planten-heesters\/\"},{\"@type\":\"ListItem\",\"position\":3,\"name\":\"Echinacea purpurea &#8216;Magnus&#8217; &#8211; Zonnehoed &#8211; Wortelgoed &#8211; 5 stuks\"}]},{\"@type\":\"WebSite\",\"@id\":\"https:\/\/www.schramas.com\/#website\",\"url\":\"https:\/\/www.schramas.com\/\",\"name\":\"Schramas.com | Tuinplanten eenvoudig online bestellen | Direct van onze Kwekerij\",\"description\":\"\",\"alternateName\":\"Schramas.com - Alle planten direct van de kweker\",\"potentialAction\":[{\"@type\":\"SearchAction\",\"target\":{\"@type\":\"EntryPoint\",\"urlTemplate\":\"https:\/\/www.schramas.com\/?s={search_term_string}\"},\"query-input\":{\"@type\":\"PropertyValueSpecification\",\"valueRequired\":true,\"valueName\":\"search_term_string\"}}],\"inLanguage\":\"fr-FR\"}]}<\/script>\n<!-- \/ Yoast SEO plugin. -->","yoast_head_json":{"title":"Echinacea purpurea 'Magnus' - Sunhat - Porte-greffes - achat 5 plantes | Commande en ligne facile | Schramas.com","robots":{"index":"index","follow":"follow","max-snippet":"max-snippet:-1","max-image-preview":"max-image-preview:large","max-video-preview":"max-video-preview:-1"},"canonical":"https:\/\/www.schramas.com\/fr\/boutique\/echinacea-purpurea-magnus-sunshade-rootstock-5-pieces\/","og_locale":"fr_FR","og_type":"article","og_title":"Echinacea purpurea 'Magnus' - Zonnehoed - Wortelgoed - 5 stuks kopen | Planten eenvoudig online bestellen | Schramas.com","og_description":"5x Echinacea purpurea 'Magnus'  Zonnehoed  Hoogte: 100cm  Leverwijze: Wortelgoed  &nbsp;","og_url":"https:\/\/www.schramas.com\/fr\/boutique\/echinacea-purpurea-magnus-sunshade-rootstock-5-pieces\/","og_site_name":"Planten eenvoudig online bestellen | Schramas.com","article_publisher":"https:\/\/www.facebook.com\/Schramascom-106872874153195\/","article_modified_time":"2026-03-26T15:37:09+00:00","og_image":[{"width":500,"height":500,"url":"https:\/\/www.schramas.com\/wp-content\/uploads\/2025\/03\/Echinacea-purpurea-Magnus.webp","type":"image\/webp"}],"twitter_card":"summary_large_image","twitter_misc":{"Dur\u00e9e de lecture estim\u00e9e":"1 minute"},"schema":{"@context":"https:\/\/schema.org","@graph":[{"@type":["WebPage","ItemPage"],"@id":"https:\/\/www.schramas.com\/winkel\/echinacea-purpurea-magnus-zonnehoed-wortelgoed-5-stuks\/","url":"https:\/\/www.schramas.com\/winkel\/echinacea-purpurea-magnus-zonnehoed-wortelgoed-5-stuks\/","name":"Echinacea purpurea 'Magnus' - Sunhat - Porte-greffes - achat 5 plantes | Commande en ligne facile | Schramas.com","isPartOf":{"@id":"https:\/\/www.schramas.com\/#website"},"primaryImageOfPage":{"@id":"https:\/\/www.schramas.com\/winkel\/echinacea-purpurea-magnus-zonnehoed-wortelgoed-5-stuks\/#primaryimage"},"image":{"@id":"https:\/\/www.schramas.com\/winkel\/echinacea-purpurea-magnus-zonnehoed-wortelgoed-5-stuks\/#primaryimage"},"thumbnailUrl":"https:\/\/www.schramas.com\/wp-content\/uploads\/2025\/03\/Echinacea-purpurea-Magnus.webp","datePublished":"2025-03-11T09:31:12+00:00","dateModified":"2026-03-26T15:37:09+00:00","breadcrumb":{"@id":"https:\/\/www.schramas.com\/winkel\/echinacea-purpurea-magnus-zonnehoed-wortelgoed-5-stuks\/#breadcrumb"},"inLanguage":"fr-FR","potentialAction":[{"@type":"ReadAction","target":["https:\/\/www.schramas.com\/winkel\/echinacea-purpurea-magnus-zonnehoed-wortelgoed-5-stuks\/"]}]},{"@type":"ImageObject","inLanguage":"fr-FR","@id":"https:\/\/www.schramas.com\/winkel\/echinacea-purpurea-magnus-zonnehoed-wortelgoed-5-stuks\/#primaryimage","url":"https:\/\/www.schramas.com\/wp-content\/uploads\/2025\/03\/Echinacea-purpurea-Magnus.webp","contentUrl":"https:\/\/www.schramas.com\/wp-content\/uploads\/2025\/03\/Echinacea-purpurea-Magnus.webp","width":500,"height":500},{"@type":"BreadcrumbList","@id":"https:\/\/www.schramas.com\/winkel\/echinacea-purpurea-magnus-zonnehoed-wortelgoed-5-stuks\/#breadcrumb","itemListElement":[{"@type":"ListItem","position":1,"name":"Product","item":"https:\/\/www.schramas.com\/assortiment\/"},{"@type":"ListItem","position":2,"name":"Tuinplanten","item":"https:\/\/www.schramas.com\/product-category\/planten-heesters\/"},{"@type":"ListItem","position":3,"name":"Echinacea purpurea &#8216;Magnus&#8217; &#8211; Zonnehoed &#8211; Wortelgoed &#8211; 5 stuks"}]},{"@type":"WebSite","@id":"https:\/\/www.schramas.com\/#website","url":"https:\/\/www.schramas.com\/","name":"Schramas.com | Plantes de jardin faciles \u00e0 commander en ligne | En direct de notre p\u00e9pini\u00e8re","description":"","alternateName":"Schramas.com - Alle planten direct van de kweker","potentialAction":[{"@type":"SearchAction","target":{"@type":"EntryPoint","urlTemplate":"https:\/\/www.schramas.com\/?s={search_term_string}"},"query-input":{"@type":"PropertyValueSpecification","valueRequired":true,"valueName":"search_term_string"}}],"inLanguage":"fr-FR"}]}},"_links":{"self":[{"href":"https:\/\/www.schramas.com\/fr\/wp-json\/wp\/v2\/product\/48119","targetHints":{"allow":["GET"]}}],"collection":[{"href":"https:\/\/www.schramas.com\/fr\/wp-json\/wp\/v2\/product"}],"about":[{"href":"https:\/\/www.schramas.com\/fr\/wp-json\/wp\/v2\/types\/product"}],"version-history":[{"count":1,"href":"https:\/\/www.schramas.com\/fr\/wp-json\/wp\/v2\/product\/48119\/revisions"}],"predecessor-version":[{"id":48450,"href":"https:\/\/www.schramas.com\/fr\/wp-json\/wp\/v2\/product\/48119\/revisions\/48450"}],"wp:featuredmedia":[{"embeddable":true,"href":"https:\/\/www.schramas.com\/fr\/wp-json\/wp\/v2\/media\/48449"}],"wp:attachment":[{"href":"https:\/\/www.schramas.com\/fr\/wp-json\/wp\/v2\/media?parent=48119"}],"wp:term":[{"taxonomy":"product_brand","embeddable":true,"href":"https:\/\/www.schramas.com\/fr\/wp-json\/wp\/v2\/product_brand?post=48119"},{"taxonomy":"product_cat","embeddable":true,"href":"https:\/\/www.schramas.com\/fr\/wp-json\/wp\/v2\/product_cat?post=48119"},{"taxonomy":"product_tag","embeddable":true,"href":"https:\/\/www.schramas.com\/fr\/wp-json\/wp\/v2\/product_tag?post=48119"}],"curies":[{"name":"wp","href":"https:\/\/api.w.org\/{rel}","templated":true}]}}