{"id":52309,"date":"2025-05-20T13:44:44","date_gmt":"2025-05-20T11:44:44","guid":{"rendered":"https:\/\/www.schramas.com\/?post_type=product&#038;p=52309"},"modified":"2026-03-26T16:37:30","modified_gmt":"2026-03-26T15:37:30","slug":"sambucus-nigra-black-tower-zwarte-vlier-3-liter-pot","status":"publish","type":"product","link":"https:\/\/www.schramas.com\/fr\/boutique\/sambucus-nigra-black-tower-zwarte-vlier-3-liter-pot\/","title":{"rendered":"Sorbaria sorbifolia 'Sem', Pomme de pin, pot de 3 litres"},"content":{"rendered":"<p class=\"\" data-start=\"90\" data-end=\"449\"><strong data-start=\"90\" data-end=\"119\">Sorbaria sorbifolia &#8216;Sem&#8217;<\/strong>, \u00e9galement connu sous le nom de <strong data-start=\"129\" data-end=\"155\">Lijsterbesspirea &#8216;Sem&#8217;<\/strong>, is een compacte, opvallende sierheester met prachtig geveerd blad dat het hele seizoen van kleur verandert. In het voorjaar loopt de plant uit met jonge bladeren in een warm brons, die vervolgens verkleuren naar frisgroen in de zomer en in de herfst een schitterende oranjerode gloed krijgen.<\/p>\n<p class=\"\" data-start=\"451\" data-end=\"763\">Deze struik groeit compact tot ongeveer <strong data-start=\"491\" data-end=\"513\">1 \u00e0 1,5 meter hoog<\/strong> en vormt geen woekerende worteluitlopers zoals sommige andere Sorbaria\u2019s. Dat maakt \u2018Sem\u2019 bijzonder geschikt voor kleinere tuinen, borders, of zelfs als <strong data-start=\"667\" data-end=\"704\">kuipplant op het balkon of terras<\/strong>. Ook naast een vijver komt deze plant goed tot zijn recht.<\/p>\n<p class=\"\" data-start=\"765\" data-end=\"1000\">In de zomer, meestal <strong data-start=\"786\" data-end=\"809\">in juli en augustus<\/strong>, bloeit &#8216;Sem&#8217; met luchtige <strong data-start=\"837\" data-end=\"864\">cr\u00e8mewitte bloempluimen<\/strong> die elegant boven het blad uitsteken. De combinatie van kleur, bladstructuur en bloei maakt deze plant een echte blikvanger in de tuin.<\/p>\n<p class=\"\" data-start=\"1002\" data-end=\"1229\">\u2018Sem\u2019 is zeer <strong data-start=\"1016\" data-end=\"1030\">robuste<\/strong>, groeit in vrijwel elke goed doorlatende tuingrond en doet het zowel in de zon als halfschaduw. Een onderhoudsvriendelijke, niet-woekerende sierheester die kleur en structuur toevoegt aan elke tuin.<\/p>","protected":false},"excerpt":{"rendered":"<p>Sorbaria sorbifolia &#8216;Sem&#8217;<\/p>\n<p>Lijsterbesspirea<\/p>\n<p>Couleur de la fleur : Blanc<\/p>\n<p>Max hoogte: 1,5 meter<\/p>\n<p>hauteur de livraison : 60-70 cm.<\/p>\n<p>Taille du pot : Pot de 3L<\/p>","protected":false},"featured_media":52318,"template":"","meta":{"_joinchat":[]},"product_brand":[],"product_cat":[302,300,229,305],"product_tag":[1924,1540,1515,2679,2815,2811,1351,1836,1951,1799,2810,2813,1561,2809,495,2808,1541,610,784,2814,351,2812,1476],"class_list":{"0":"post-52309","1":"product","2":"type-product","3":"status-publish","4":"has-post-thumbnail","6":"product_cat-bladverliezende-heesters","7":"product_cat-heesters","8":"product_cat-sierheesters","9":"product_cat-planten-heesters","10":"product_tag-3-liter-pot","11":"product_tag-balkonplant","12":"product_tag-bladverkleuring","13":"product_tag-compacte-struik","14":"product_tag-decoratieve-heester","15":"product_tag-geveerd-blad","16":"product_tag-halfschaduw","17":"product_tag-herfstkleur","18":"product_tag-kleine-tuin","19":"product_tag-kuipplant","20":"product_tag-lijsterbesspirea","21":"product_tag-niet-woekerend","22":"product_tag-onderhoudsarm","23":"product_tag-sem","24":"product_tag-sierheester","25":"product_tag-sorbaria-sorbifolia","26":"product_tag-terrasplant","27":"product_tag-tuinplant","28":"product_tag-vaste-plant","29":"product_tag-vijvertuin","30":"product_tag-winterhard","31":"product_tag-witte-pluimbloemen","32":"product_tag-zon","33":"pa_bloeimaanden-juli","34":"pa_bloeimaanden-december","35":"pa_ewd_uwcf_colors-rood-2","36":"pa_groeihoogte-200-300-cm","37":"pa_pot-met-pot","39":"first","40":"instock","41":"taxable","42":"shipping-taxable","43":"purchasable","44":"product-type-simple"},"yoast_head":"<!-- This site is optimized with the Yoast SEO plugin v24.2 - https:\/\/yoast.com\/wordpress\/plugins\/seo\/ -->\n<title>Sorbaria sorbifolia &#039;Sem&#039;, Lijsterbesspirea, 3 liter pot kopen | Planten eenvoudig online bestellen | Schramas.com<\/title>\n<meta name=\"robots\" content=\"index, follow, max-snippet:-1, max-image-preview:large, max-video-preview:-1\" \/>\n<link rel=\"canonical\" href=\"https:\/\/www.schramas.com\/fr\/boutique\/sambucus-nigra-black-tower-zwarte-vlier-3-liter-pot\/\" \/>\n<meta property=\"og:locale\" content=\"fr_FR\" \/>\n<meta property=\"og:type\" content=\"article\" \/>\n<meta property=\"og:title\" content=\"Sorbaria sorbifolia &#039;Sem&#039;, Lijsterbesspirea, 3 liter pot kopen | Planten eenvoudig online bestellen | Schramas.com\" \/>\n<meta property=\"og:description\" content=\"Sorbaria sorbifolia &#039;Sem&#039;  Lijsterbesspirea  Kleur bloewijze: Wit  Max hoogte: 1,5 meter  leveringshoogte: 60-70 cm.  Potmaat : 3L pot\" \/>\n<meta property=\"og:url\" content=\"https:\/\/www.schramas.com\/fr\/boutique\/sambucus-nigra-black-tower-zwarte-vlier-3-liter-pot\/\" \/>\n<meta property=\"og:site_name\" content=\"Planten eenvoudig online bestellen | Schramas.com\" \/>\n<meta property=\"article:publisher\" content=\"https:\/\/www.facebook.com\/Schramascom-106872874153195\/\" \/>\n<meta property=\"article:modified_time\" content=\"2026-03-26T15:37:30+00:00\" \/>\n<meta property=\"og:image\" content=\"http:\/\/www.schramas.com\/wp-content\/uploads\/2025\/05\/Sorbaria-sorbifolia-sem-sfeer.webp\" \/>\n\t<meta property=\"og:image:width\" content=\"800\" \/>\n\t<meta property=\"og:image:height\" content=\"800\" \/>\n\t<meta property=\"og:image:type\" content=\"image\/webp\" \/>\n<meta name=\"twitter:card\" content=\"summary_large_image\" \/>\n<meta name=\"twitter:label1\" content=\"Dur\u00e9e de lecture estim\u00e9e\" \/>\n\t<meta name=\"twitter:data1\" content=\"1 minute\" \/>\n<script type=\"application\/ld+json\" class=\"yoast-schema-graph\">{\"@context\":\"https:\/\/schema.org\",\"@graph\":[{\"@type\":[\"WebPage\",\"ItemPage\"],\"@id\":\"https:\/\/www.schramas.com\/winkel\/sambucus-nigra-black-tower-zwarte-vlier-3-liter-pot\/\",\"url\":\"https:\/\/www.schramas.com\/winkel\/sambucus-nigra-black-tower-zwarte-vlier-3-liter-pot\/\",\"name\":\"Sorbaria sorbifolia 'Sem', Lijsterbesspirea, 3 liter pot kopen | Planten eenvoudig online bestellen | Schramas.com\",\"isPartOf\":{\"@id\":\"https:\/\/www.schramas.com\/#website\"},\"primaryImageOfPage\":{\"@id\":\"https:\/\/www.schramas.com\/winkel\/sambucus-nigra-black-tower-zwarte-vlier-3-liter-pot\/#primaryimage\"},\"image\":{\"@id\":\"https:\/\/www.schramas.com\/winkel\/sambucus-nigra-black-tower-zwarte-vlier-3-liter-pot\/#primaryimage\"},\"thumbnailUrl\":\"https:\/\/www.schramas.com\/wp-content\/uploads\/2025\/05\/Sorbaria-sorbifolia-sem-sfeer.webp\",\"datePublished\":\"2025-05-20T11:44:44+00:00\",\"dateModified\":\"2026-03-26T15:37:30+00:00\",\"breadcrumb\":{\"@id\":\"https:\/\/www.schramas.com\/winkel\/sambucus-nigra-black-tower-zwarte-vlier-3-liter-pot\/#breadcrumb\"},\"inLanguage\":\"fr-FR\",\"potentialAction\":[{\"@type\":\"ReadAction\",\"target\":[\"https:\/\/www.schramas.com\/winkel\/sambucus-nigra-black-tower-zwarte-vlier-3-liter-pot\/\"]}]},{\"@type\":\"ImageObject\",\"inLanguage\":\"fr-FR\",\"@id\":\"https:\/\/www.schramas.com\/winkel\/sambucus-nigra-black-tower-zwarte-vlier-3-liter-pot\/#primaryimage\",\"url\":\"https:\/\/www.schramas.com\/wp-content\/uploads\/2025\/05\/Sorbaria-sorbifolia-sem-sfeer.webp\",\"contentUrl\":\"https:\/\/www.schramas.com\/wp-content\/uploads\/2025\/05\/Sorbaria-sorbifolia-sem-sfeer.webp\",\"width\":800,\"height\":800},{\"@type\":\"BreadcrumbList\",\"@id\":\"https:\/\/www.schramas.com\/winkel\/sambucus-nigra-black-tower-zwarte-vlier-3-liter-pot\/#breadcrumb\",\"itemListElement\":[{\"@type\":\"ListItem\",\"position\":1,\"name\":\"Product\",\"item\":\"https:\/\/www.schramas.com\/assortiment\/\"},{\"@type\":\"ListItem\",\"position\":2,\"name\":\"Tuinplanten\",\"item\":\"https:\/\/www.schramas.com\/product-category\/planten-heesters\/\"},{\"@type\":\"ListItem\",\"position\":3,\"name\":\"Sorbaria sorbifolia &#8216;Sem&#8217;, Lijsterbesspirea, 3 liter pot\"}]},{\"@type\":\"WebSite\",\"@id\":\"https:\/\/www.schramas.com\/#website\",\"url\":\"https:\/\/www.schramas.com\/\",\"name\":\"Schramas.com | Tuinplanten eenvoudig online bestellen | Direct van onze Kwekerij\",\"description\":\"\",\"alternateName\":\"Schramas.com - Alle planten direct van de kweker\",\"potentialAction\":[{\"@type\":\"SearchAction\",\"target\":{\"@type\":\"EntryPoint\",\"urlTemplate\":\"https:\/\/www.schramas.com\/?s={search_term_string}\"},\"query-input\":{\"@type\":\"PropertyValueSpecification\",\"valueRequired\":true,\"valueName\":\"search_term_string\"}}],\"inLanguage\":\"fr-FR\"}]}<\/script>\n<!-- \/ Yoast SEO plugin. -->","yoast_head_json":{"title":"Sorbaria sorbifolia 'Sem', Lijsterbesspirea, 3 liter pot kopen | Planten eenvoudig online bestellen | Schramas.com","robots":{"index":"index","follow":"follow","max-snippet":"max-snippet:-1","max-image-preview":"max-image-preview:large","max-video-preview":"max-video-preview:-1"},"canonical":"https:\/\/www.schramas.com\/fr\/boutique\/sambucus-nigra-black-tower-zwarte-vlier-3-liter-pot\/","og_locale":"fr_FR","og_type":"article","og_title":"Sorbaria sorbifolia 'Sem', Lijsterbesspirea, 3 liter pot kopen | Planten eenvoudig online bestellen | Schramas.com","og_description":"Sorbaria sorbifolia 'Sem'  Lijsterbesspirea  Kleur bloewijze: Wit  Max hoogte: 1,5 meter  leveringshoogte: 60-70 cm.  Potmaat : 3L pot","og_url":"https:\/\/www.schramas.com\/fr\/boutique\/sambucus-nigra-black-tower-zwarte-vlier-3-liter-pot\/","og_site_name":"Planten eenvoudig online bestellen | Schramas.com","article_publisher":"https:\/\/www.facebook.com\/Schramascom-106872874153195\/","article_modified_time":"2026-03-26T15:37:30+00:00","og_image":[{"width":800,"height":800,"url":"http:\/\/www.schramas.com\/wp-content\/uploads\/2025\/05\/Sorbaria-sorbifolia-sem-sfeer.webp","type":"image\/webp"}],"twitter_card":"summary_large_image","twitter_misc":{"Dur\u00e9e de lecture estim\u00e9e":"1 minute"},"schema":{"@context":"https:\/\/schema.org","@graph":[{"@type":["WebPage","ItemPage"],"@id":"https:\/\/www.schramas.com\/winkel\/sambucus-nigra-black-tower-zwarte-vlier-3-liter-pot\/","url":"https:\/\/www.schramas.com\/winkel\/sambucus-nigra-black-tower-zwarte-vlier-3-liter-pot\/","name":"Sorbaria sorbifolia 'Sem', Lijsterbesspirea, 3 liter pot kopen | Planten eenvoudig online bestellen | Schramas.com","isPartOf":{"@id":"https:\/\/www.schramas.com\/#website"},"primaryImageOfPage":{"@id":"https:\/\/www.schramas.com\/winkel\/sambucus-nigra-black-tower-zwarte-vlier-3-liter-pot\/#primaryimage"},"image":{"@id":"https:\/\/www.schramas.com\/winkel\/sambucus-nigra-black-tower-zwarte-vlier-3-liter-pot\/#primaryimage"},"thumbnailUrl":"https:\/\/www.schramas.com\/wp-content\/uploads\/2025\/05\/Sorbaria-sorbifolia-sem-sfeer.webp","datePublished":"2025-05-20T11:44:44+00:00","dateModified":"2026-03-26T15:37:30+00:00","breadcrumb":{"@id":"https:\/\/www.schramas.com\/winkel\/sambucus-nigra-black-tower-zwarte-vlier-3-liter-pot\/#breadcrumb"},"inLanguage":"fr-FR","potentialAction":[{"@type":"ReadAction","target":["https:\/\/www.schramas.com\/winkel\/sambucus-nigra-black-tower-zwarte-vlier-3-liter-pot\/"]}]},{"@type":"ImageObject","inLanguage":"fr-FR","@id":"https:\/\/www.schramas.com\/winkel\/sambucus-nigra-black-tower-zwarte-vlier-3-liter-pot\/#primaryimage","url":"https:\/\/www.schramas.com\/wp-content\/uploads\/2025\/05\/Sorbaria-sorbifolia-sem-sfeer.webp","contentUrl":"https:\/\/www.schramas.com\/wp-content\/uploads\/2025\/05\/Sorbaria-sorbifolia-sem-sfeer.webp","width":800,"height":800},{"@type":"BreadcrumbList","@id":"https:\/\/www.schramas.com\/winkel\/sambucus-nigra-black-tower-zwarte-vlier-3-liter-pot\/#breadcrumb","itemListElement":[{"@type":"ListItem","position":1,"name":"Product","item":"https:\/\/www.schramas.com\/assortiment\/"},{"@type":"ListItem","position":2,"name":"Tuinplanten","item":"https:\/\/www.schramas.com\/product-category\/planten-heesters\/"},{"@type":"ListItem","position":3,"name":"Sorbaria sorbifolia &#8216;Sem&#8217;, Lijsterbesspirea, 3 liter pot"}]},{"@type":"WebSite","@id":"https:\/\/www.schramas.com\/#website","url":"https:\/\/www.schramas.com\/","name":"Schramas.com | Plantes de jardin faciles \u00e0 commander en ligne | En direct de notre p\u00e9pini\u00e8re","description":"","alternateName":"Schramas.com - Alle planten direct van de kweker","potentialAction":[{"@type":"SearchAction","target":{"@type":"EntryPoint","urlTemplate":"https:\/\/www.schramas.com\/?s={search_term_string}"},"query-input":{"@type":"PropertyValueSpecification","valueRequired":true,"valueName":"search_term_string"}}],"inLanguage":"fr-FR"}]}},"_links":{"self":[{"href":"https:\/\/www.schramas.com\/fr\/wp-json\/wp\/v2\/product\/52309","targetHints":{"allow":["GET"]}}],"collection":[{"href":"https:\/\/www.schramas.com\/fr\/wp-json\/wp\/v2\/product"}],"about":[{"href":"https:\/\/www.schramas.com\/fr\/wp-json\/wp\/v2\/types\/product"}],"version-history":[{"count":3,"href":"https:\/\/www.schramas.com\/fr\/wp-json\/wp\/v2\/product\/52309\/revisions"}],"predecessor-version":[{"id":52323,"href":"https:\/\/www.schramas.com\/fr\/wp-json\/wp\/v2\/product\/52309\/revisions\/52323"}],"wp:featuredmedia":[{"embeddable":true,"href":"https:\/\/www.schramas.com\/fr\/wp-json\/wp\/v2\/media\/52318"}],"wp:attachment":[{"href":"https:\/\/www.schramas.com\/fr\/wp-json\/wp\/v2\/media?parent=52309"}],"wp:term":[{"taxonomy":"product_brand","embeddable":true,"href":"https:\/\/www.schramas.com\/fr\/wp-json\/wp\/v2\/product_brand?post=52309"},{"taxonomy":"product_cat","embeddable":true,"href":"https:\/\/www.schramas.com\/fr\/wp-json\/wp\/v2\/product_cat?post=52309"},{"taxonomy":"product_tag","embeddable":true,"href":"https:\/\/www.schramas.com\/fr\/wp-json\/wp\/v2\/product_tag?post=52309"}],"curies":[{"name":"wp","href":"https:\/\/api.w.org\/{rel}","templated":true}]}}