{"id":52491,"date":"2025-05-22T16:28:14","date_gmt":"2025-05-22T14:28:14","guid":{"rendered":"https:\/\/www.schramas.com\/?post_type=product&#038;p=52491"},"modified":"2026-04-29T08:07:18","modified_gmt":"2026-04-29T06:07:18","slug":"lot-de-4-mures-morus-alba-x-rubra-milanowek-hauteur-25cm-pot-9cm","status":"publish","type":"product","link":"https:\/\/www.schramas.com\/fr\/boutique\/lot-de-4-mures-morus-alba-x-rubra-milanowek-hauteur-25cm-pot-9cm\/","title":{"rendered":"Lot de 4 M\u00fbriers - Morus alba x rubra 'Milanowek' - Hauteur 25cm - Pot de 9cm"},"content":{"rendered":"<p data-start=\"111\" data-end=\"541\">Le <em data-start=\"114\" data-end=\"134\">Morus alba x rubra<\/em> \u2018Milanowek\u2019 est un m\u00fbrier hybride robuste et r\u00e9sistant, connu pour sa r\u00e9colte abondante et sa saveur d\u00e9licieuse. Cette vari\u00e9t\u00e9 combine le meilleur du m\u00fbrier blanc et du m\u00fbrier rouge et est id\u00e9ale \u00e0 la fois pour le jardinier et pour la plantation dans les for\u00eats vivri\u00e8res. D\u00e8s la troisi\u00e8me ann\u00e9e apr\u00e8s la plantation, cet arbre commence \u00e0 produire de gros fruits allong\u00e9s, d'un violet profond, \u00e0 la saveur intens\u00e9ment sucr\u00e9e et aromatique.<\/p>\n<p data-start=\"543\" data-end=\"808\">La p\u00e9riode de r\u00e9colte du \u2018Milanowek\u2019 est particuli\u00e8rement longue, de juin \u00e0 fin septembre. L'arbre atteint finalement une hauteur de 4 \u00e0 6 m\u00e8tres et d\u00e9veloppe une forme fantaisiste caract\u00e9ristique. Les feuilles sont grandes et d\u00e9coratives et fournissent beaucoup d'ombre.<\/p>\n<p data-start=\"810\" data-end=\"1115\">Ce m\u00fbrier est r\u00e9sistant au froid hivernal, mais les jeunes plants peuvent b\u00e9n\u00e9ficier d'une protection en cas de fortes gel\u00e9es. Lors d'hivers doux, comme en 2020\/2021, \u2018Milanowek\u2019 s'est av\u00e9r\u00e9 parfaitement rustique. Pour de meilleurs r\u00e9sultats, plantez l'arbre dans un endroit ensoleill\u00e9 \u00e0 semi-ombrag\u00e9, dans un sol bien drain\u00e9.<\/p>\n<p data-start=\"1117\" data-end=\"1292\">Ces fruits sont non seulement d\u00e9licieux \u00e0 manger frais, mais ils sont aussi parfaits pour faire des confitures, des jus ou pour \u00eatre congel\u00e9s. En outre, ils regorgent d'antioxydants, de vitamines et de min\u00e9raux.<\/p>\n<p data-start=\"1299\" data-end=\"1314\"><strong data-start=\"1299\" data-end=\"1314\">Points forts :<\/strong><\/p>\n<ul data-start=\"1315\" data-end=\"1535\">\n<li data-start=\"1315\" data-end=\"1356\">\n<p data-start=\"1317\" data-end=\"1356\">Extr\u00eamement productive et longue saison de r\u00e9colte<\/p>\n<\/li>\n<li data-start=\"1357\" data-end=\"1403\">\n<p data-start=\"1359\" data-end=\"1403\">Gros fruits sucr\u00e9s de juin \u00e0 septembre<\/p>\n<\/li>\n<li data-start=\"1404\" data-end=\"1447\">\n<p data-start=\"1406\" data-end=\"1447\">Rustique et adapt\u00e9 aux for\u00eats vivri\u00e8res<\/p>\n<\/li>\n<li data-start=\"1448\" data-end=\"1491\">\n<p data-start=\"1450\" data-end=\"1491\">Feuille d\u00e9corative et belle forme naturelle<\/p>\n<\/li>\n<li data-start=\"1492\" data-end=\"1535\">\n<p data-start=\"1494\" data-end=\"1535\">Riche en nutriments et en antioxydants<\/p>\n<\/li>\n<\/ul>","protected":false},"excerpt":{"rendered":"<p>4x Morus alba x rubra \u2018Milanowek\u2019<\/p>\n<p>M\u00fbrier<\/p>\n<p>Max. hauteur environ 400 cm<\/p>\n<p>Feuilles caduques<\/p>\n<p>Hardy<\/p>\n<p>Livr\u00e9 dans un pot de 9 cm<\/p>","protected":false},"featured_media":52492,"template":"","meta":{"_joinchat":[]},"product_brand":[],"product_cat":[262,1011,233,999,867],"product_tag":[2856,2842,1105,1809,1277,1358,1392,2917,2920,2921,2914,2916,2915,2642,610,2922,2919,351,316,2918,2895],"class_list":{"0":"post-52491","1":"product","2":"type-product","3":"status-publish","4":"has-post-thumbnail","6":"product_cat-bomen-struiken","7":"product_cat-fruit-deals","8":"product_cat-fruitbomen","9":"product_cat-moerbeien","10":"product_cat-pakket-deals","11":"product_tag-25cm-hoog","12":"product_tag-9cm-pot","13":"product_tag-antioxidanten","14":"product_tag-eetbare-tuin","15":"product_tag-fruitboom","16":"product_tag-fruitstruik","17":"product_tag-gezonde-bessen","18":"product_tag-grote-moerbeien","19":"product_tag-lange-oogst","20":"product_tag-moerbeiboom","21":"product_tag-moerbeien","22":"product_tag-morus-alba-x-rubra","23":"product_tag-morus-milanowek","24":"product_tag-set-van-4","25":"product_tag-tuinplant","26":"product_tag-vitaminerijke-vrucht","27":"product_tag-voedselbos-plant","28":"product_tag-winterhard","29":"product_tag-zelfbestuivend","30":"product_tag-zoete-moerbei","31":"product_tag-zomerfruit","32":"pa_ewd_uwcf_colors-groen-2","33":"pa_groeihoogte-300-cm","34":"pa_pot-9-cm-pot","36":"first","37":"instock","38":"taxable","39":"shipping-taxable","40":"purchasable","41":"product-type-simple"},"yoast_head":"<!-- This site is optimized with the Yoast SEO plugin v24.2 - https:\/\/yoast.com\/wordpress\/plugins\/seo\/ -->\n<title>Set Van 4 Moerbeien \u2013 Morus alba x rubra &#039;Milanowek&#039; \u2013 Hoogte 25cm \u2013 9cm pot kopen | Planten eenvoudig online bestellen | Schramas.com<\/title>\n<meta name=\"robots\" content=\"index, follow, max-snippet:-1, max-image-preview:large, max-video-preview:-1\" \/>\n<link rel=\"canonical\" href=\"https:\/\/www.schramas.com\/fr\/boutique\/lot-de-4-mures-morus-alba-x-rubra-milanowek-hauteur-25cm-pot-9cm\/\" \/>\n<meta property=\"og:locale\" content=\"fr_FR\" \/>\n<meta property=\"og:type\" content=\"article\" \/>\n<meta property=\"og:title\" content=\"Set Van 4 Moerbeien \u2013 Morus alba x rubra &#039;Milanowek&#039; \u2013 Hoogte 25cm \u2013 9cm pot kopen | Planten eenvoudig online bestellen | Schramas.com\" \/>\n<meta property=\"og:description\" content=\"4x Morus alba x rubra &#039;Milanowek&#039;  Moerbei  Max. hoogte ca. 400 cm  Bladverliezend  Winterhard  Geleverd in een 9cm pot\" \/>\n<meta property=\"og:url\" content=\"https:\/\/www.schramas.com\/fr\/boutique\/lot-de-4-mures-morus-alba-x-rubra-milanowek-hauteur-25cm-pot-9cm\/\" \/>\n<meta property=\"og:site_name\" content=\"Planten eenvoudig online bestellen | Schramas.com\" \/>\n<meta property=\"article:publisher\" content=\"https:\/\/www.facebook.com\/Schramascom-106872874153195\/\" \/>\n<meta property=\"article:modified_time\" content=\"2026-04-29T06:07:18+00:00\" \/>\n<meta property=\"og:image\" content=\"http:\/\/www.schramas.com\/wp-content\/uploads\/2025\/05\/Morus-Milanowek-sfeer.webp\" \/>\n\t<meta property=\"og:image:width\" content=\"800\" \/>\n\t<meta property=\"og:image:height\" content=\"800\" \/>\n\t<meta property=\"og:image:type\" content=\"image\/webp\" \/>\n<meta name=\"twitter:card\" content=\"summary_large_image\" \/>\n<meta name=\"twitter:label1\" content=\"Dur\u00e9e de lecture estim\u00e9e\" \/>\n\t<meta name=\"twitter:data1\" content=\"1 minute\" \/>\n<script type=\"application\/ld+json\" class=\"yoast-schema-graph\">{\"@context\":\"https:\/\/schema.org\",\"@graph\":[{\"@type\":[\"WebPage\",\"ItemPage\"],\"@id\":\"https:\/\/www.schramas.com\/winkel\/set-van-4-moerbeien-morus-alba-x-rubra-milanowek-hoogte-25cm-9cm-pot\/\",\"url\":\"https:\/\/www.schramas.com\/winkel\/set-van-4-moerbeien-morus-alba-x-rubra-milanowek-hoogte-25cm-9cm-pot\/\",\"name\":\"Set Van 4 Moerbeien \u2013 Morus alba x rubra 'Milanowek' \u2013 Hoogte 25cm \u2013 9cm pot kopen | Planten eenvoudig online bestellen | Schramas.com\",\"isPartOf\":{\"@id\":\"https:\/\/www.schramas.com\/#website\"},\"primaryImageOfPage\":{\"@id\":\"https:\/\/www.schramas.com\/winkel\/set-van-4-moerbeien-morus-alba-x-rubra-milanowek-hoogte-25cm-9cm-pot\/#primaryimage\"},\"image\":{\"@id\":\"https:\/\/www.schramas.com\/winkel\/set-van-4-moerbeien-morus-alba-x-rubra-milanowek-hoogte-25cm-9cm-pot\/#primaryimage\"},\"thumbnailUrl\":\"https:\/\/www.schramas.com\/wp-content\/uploads\/2025\/05\/Morus-Milanowek-sfeer.webp\",\"datePublished\":\"2025-05-22T14:28:14+00:00\",\"dateModified\":\"2026-04-29T06:07:18+00:00\",\"breadcrumb\":{\"@id\":\"https:\/\/www.schramas.com\/winkel\/set-van-4-moerbeien-morus-alba-x-rubra-milanowek-hoogte-25cm-9cm-pot\/#breadcrumb\"},\"inLanguage\":\"fr-FR\",\"potentialAction\":[{\"@type\":\"ReadAction\",\"target\":[\"https:\/\/www.schramas.com\/winkel\/set-van-4-moerbeien-morus-alba-x-rubra-milanowek-hoogte-25cm-9cm-pot\/\"]}]},{\"@type\":\"ImageObject\",\"inLanguage\":\"fr-FR\",\"@id\":\"https:\/\/www.schramas.com\/winkel\/set-van-4-moerbeien-morus-alba-x-rubra-milanowek-hoogte-25cm-9cm-pot\/#primaryimage\",\"url\":\"https:\/\/www.schramas.com\/wp-content\/uploads\/2025\/05\/Morus-Milanowek-sfeer.webp\",\"contentUrl\":\"https:\/\/www.schramas.com\/wp-content\/uploads\/2025\/05\/Morus-Milanowek-sfeer.webp\",\"width\":800,\"height\":800},{\"@type\":\"BreadcrumbList\",\"@id\":\"https:\/\/www.schramas.com\/winkel\/set-van-4-moerbeien-morus-alba-x-rubra-milanowek-hoogte-25cm-9cm-pot\/#breadcrumb\",\"itemListElement\":[{\"@type\":\"ListItem\",\"position\":1,\"name\":\"Product\",\"item\":\"https:\/\/www.schramas.com\/assortiment\/\"},{\"@type\":\"ListItem\",\"position\":2,\"name\":\"Pakketdeals\",\"item\":\"https:\/\/www.schramas.com\/product-category\/pakket-deals\/\"},{\"@type\":\"ListItem\",\"position\":3,\"name\":\"Set Van 4 Moerbeien \u2013 Morus alba x rubra &#8216;Milanowek&#8217; \u2013 Hoogte 25cm \u2013 9cm pot\"}]},{\"@type\":\"WebSite\",\"@id\":\"https:\/\/www.schramas.com\/#website\",\"url\":\"https:\/\/www.schramas.com\/\",\"name\":\"Schramas.com | Tuinplanten eenvoudig online bestellen | Direct van onze Kwekerij\",\"description\":\"\",\"alternateName\":\"Schramas.com - Alle planten direct van de kweker\",\"potentialAction\":[{\"@type\":\"SearchAction\",\"target\":{\"@type\":\"EntryPoint\",\"urlTemplate\":\"https:\/\/www.schramas.com\/?s={search_term_string}\"},\"query-input\":{\"@type\":\"PropertyValueSpecification\",\"valueRequired\":true,\"valueName\":\"search_term_string\"}}],\"inLanguage\":\"fr-FR\"}]}<\/script>\n<!-- \/ Yoast SEO plugin. -->","yoast_head_json":{"title":"Lot de 4 M\u00fbriers - Morus alba x rubra 'Milanowek' - Hauteur 25cm - Pot de 9cm achat | Plantes commande en ligne facile | Schramas.com","robots":{"index":"index","follow":"follow","max-snippet":"max-snippet:-1","max-image-preview":"max-image-preview:large","max-video-preview":"max-video-preview:-1"},"canonical":"https:\/\/www.schramas.com\/fr\/boutique\/lot-de-4-mures-morus-alba-x-rubra-milanowek-hauteur-25cm-pot-9cm\/","og_locale":"fr_FR","og_type":"article","og_title":"Set Van 4 Moerbeien \u2013 Morus alba x rubra 'Milanowek' \u2013 Hoogte 25cm \u2013 9cm pot kopen | Planten eenvoudig online bestellen | Schramas.com","og_description":"4x Morus alba x rubra 'Milanowek'  Moerbei  Max. hoogte ca. 400 cm  Bladverliezend  Winterhard  Geleverd in een 9cm pot","og_url":"https:\/\/www.schramas.com\/fr\/boutique\/lot-de-4-mures-morus-alba-x-rubra-milanowek-hauteur-25cm-pot-9cm\/","og_site_name":"Planten eenvoudig online bestellen | Schramas.com","article_publisher":"https:\/\/www.facebook.com\/Schramascom-106872874153195\/","article_modified_time":"2026-04-29T06:07:18+00:00","og_image":[{"width":800,"height":800,"url":"http:\/\/www.schramas.com\/wp-content\/uploads\/2025\/05\/Morus-Milanowek-sfeer.webp","type":"image\/webp"}],"twitter_card":"summary_large_image","twitter_misc":{"Dur\u00e9e de lecture estim\u00e9e":"1 minute"},"schema":{"@context":"https:\/\/schema.org","@graph":[{"@type":["WebPage","ItemPage"],"@id":"https:\/\/www.schramas.com\/winkel\/set-van-4-moerbeien-morus-alba-x-rubra-milanowek-hoogte-25cm-9cm-pot\/","url":"https:\/\/www.schramas.com\/winkel\/set-van-4-moerbeien-morus-alba-x-rubra-milanowek-hoogte-25cm-9cm-pot\/","name":"Lot de 4 M\u00fbriers - Morus alba x rubra 'Milanowek' - Hauteur 25cm - Pot de 9cm achat | Plantes commande en ligne facile | Schramas.com","isPartOf":{"@id":"https:\/\/www.schramas.com\/#website"},"primaryImageOfPage":{"@id":"https:\/\/www.schramas.com\/winkel\/set-van-4-moerbeien-morus-alba-x-rubra-milanowek-hoogte-25cm-9cm-pot\/#primaryimage"},"image":{"@id":"https:\/\/www.schramas.com\/winkel\/set-van-4-moerbeien-morus-alba-x-rubra-milanowek-hoogte-25cm-9cm-pot\/#primaryimage"},"thumbnailUrl":"https:\/\/www.schramas.com\/wp-content\/uploads\/2025\/05\/Morus-Milanowek-sfeer.webp","datePublished":"2025-05-22T14:28:14+00:00","dateModified":"2026-04-29T06:07:18+00:00","breadcrumb":{"@id":"https:\/\/www.schramas.com\/winkel\/set-van-4-moerbeien-morus-alba-x-rubra-milanowek-hoogte-25cm-9cm-pot\/#breadcrumb"},"inLanguage":"fr-FR","potentialAction":[{"@type":"ReadAction","target":["https:\/\/www.schramas.com\/winkel\/set-van-4-moerbeien-morus-alba-x-rubra-milanowek-hoogte-25cm-9cm-pot\/"]}]},{"@type":"ImageObject","inLanguage":"fr-FR","@id":"https:\/\/www.schramas.com\/winkel\/set-van-4-moerbeien-morus-alba-x-rubra-milanowek-hoogte-25cm-9cm-pot\/#primaryimage","url":"https:\/\/www.schramas.com\/wp-content\/uploads\/2025\/05\/Morus-Milanowek-sfeer.webp","contentUrl":"https:\/\/www.schramas.com\/wp-content\/uploads\/2025\/05\/Morus-Milanowek-sfeer.webp","width":800,"height":800},{"@type":"BreadcrumbList","@id":"https:\/\/www.schramas.com\/winkel\/set-van-4-moerbeien-morus-alba-x-rubra-milanowek-hoogte-25cm-9cm-pot\/#breadcrumb","itemListElement":[{"@type":"ListItem","position":1,"name":"Product","item":"https:\/\/www.schramas.com\/assortiment\/"},{"@type":"ListItem","position":2,"name":"Pakketdeals","item":"https:\/\/www.schramas.com\/product-category\/pakket-deals\/"},{"@type":"ListItem","position":3,"name":"Set Van 4 Moerbeien \u2013 Morus alba x rubra &#8216;Milanowek&#8217; \u2013 Hoogte 25cm \u2013 9cm pot"}]},{"@type":"WebSite","@id":"https:\/\/www.schramas.com\/#website","url":"https:\/\/www.schramas.com\/","name":"Schramas.com | Plantes de jardin faciles \u00e0 commander en ligne | En direct de notre p\u00e9pini\u00e8re","description":"","alternateName":"Schramas.com - Alle planten direct van de kweker","potentialAction":[{"@type":"SearchAction","target":{"@type":"EntryPoint","urlTemplate":"https:\/\/www.schramas.com\/?s={search_term_string}"},"query-input":{"@type":"PropertyValueSpecification","valueRequired":true,"valueName":"search_term_string"}}],"inLanguage":"fr-FR"}]}},"_links":{"self":[{"href":"https:\/\/www.schramas.com\/fr\/wp-json\/wp\/v2\/product\/52491","targetHints":{"allow":["GET"]}}],"collection":[{"href":"https:\/\/www.schramas.com\/fr\/wp-json\/wp\/v2\/product"}],"about":[{"href":"https:\/\/www.schramas.com\/fr\/wp-json\/wp\/v2\/types\/product"}],"version-history":[{"count":1,"href":"https:\/\/www.schramas.com\/fr\/wp-json\/wp\/v2\/product\/52491\/revisions"}],"predecessor-version":[{"id":52496,"href":"https:\/\/www.schramas.com\/fr\/wp-json\/wp\/v2\/product\/52491\/revisions\/52496"}],"wp:featuredmedia":[{"embeddable":true,"href":"https:\/\/www.schramas.com\/fr\/wp-json\/wp\/v2\/media\/52492"}],"wp:attachment":[{"href":"https:\/\/www.schramas.com\/fr\/wp-json\/wp\/v2\/media?parent=52491"}],"wp:term":[{"taxonomy":"product_brand","embeddable":true,"href":"https:\/\/www.schramas.com\/fr\/wp-json\/wp\/v2\/product_brand?post=52491"},{"taxonomy":"product_cat","embeddable":true,"href":"https:\/\/www.schramas.com\/fr\/wp-json\/wp\/v2\/product_cat?post=52491"},{"taxonomy":"product_tag","embeddable":true,"href":"https:\/\/www.schramas.com\/fr\/wp-json\/wp\/v2\/product_tag?post=52491"}],"curies":[{"name":"wp","href":"https:\/\/api.w.org\/{rel}","templated":true}]}}