{"id":5262,"date":"2018-12-13T14:09:09","date_gmt":"2018-12-13T13:09:09","guid":{"rendered":"https:\/\/schramas.nl\/?post_type=product&#038;p=5262"},"modified":"2026-04-24T18:02:21","modified_gmt":"2026-04-24T16:02:21","slug":"rouge-delicieux","status":"publish","type":"product","link":"https:\/\/www.schramas.com\/fr\/boutique\/rouge-delicieux\/","title":{"rendered":"Malus domestica 'Red Spur Delicious' Pommier nain, pot de 3 litres"},"content":{"rendered":"<p>Red Spur Delicious est une d\u00e9licieuse pomme rouge sucr\u00e9e de taille moyenne, comme la c\u00e9l\u00e8bre Red Delicious. Le pommier reste petit et est donc aussi appel\u00e9 pomme naine. Un produit id\u00e9al non seulement pour planter dans le jardin, mais aussi pour planter en pot sur le balcon ou la terrasse en raison de sa taille.<\/p>","protected":false},"excerpt":{"rendered":"<p>Malus domestica &#039;Red Spur D\u00e9licieux&#039;<\/p>\n<p>Go\u00fbt : frais et doux.<\/p>\n<p>Couleur du fruit : Pomme rouge \u00e0 chair blanche.<\/p>\n<p>Hauteur maximale : 2 m\u00e8tres<\/p>\n<p>convient aussi bien pour les terrasses que pour les terrains en plein air<\/p>\n<p>Hauteur de livraison avec pot : env.<\/p>\n<p>Taille du pot : 3 litres.<\/p>","protected":false},"featured_media":21445,"template":"","meta":{"_joinchat":[]},"product_brand":[],"product_cat":[20,262,1716,233],"product_tag":[569,584,352,698,587,351,316],"class_list":{"0":"post-5262","1":"product","2":"type-product","3":"status-publish","4":"has-post-thumbnail","6":"product_cat-appels","7":"product_cat-bomen-struiken","8":"product_cat-dwerg-fruit","9":"product_cat-fruitbomen","10":"product_tag-appel","11":"product_tag-fris-zoet","12":"product_tag-geent","13":"product_tag-red-spud-deliscious","14":"product_tag-rood","15":"product_tag-winterhard","16":"product_tag-zelfbestuivend","17":"pa_bloeimaanden-maart","18":"pa_bloeimaanden-april","19":"pa_ewd_uwcf_colors-rood-2","20":"pa_groeihoogte-200-300-cm","21":"pa_groeihoogte-300-cm","22":"pa_pot-met-pot","24":"first","25":"outofstock","26":"taxable","27":"shipping-taxable","28":"purchasable","29":"product-type-simple"},"yoast_head":"<!-- This site is optimized with the Yoast SEO plugin v24.2 - https:\/\/yoast.com\/wordpress\/plugins\/seo\/ -->\n<title>Malus domestica &#039;Red Spur Delicious&#039; Dwergappelboom, 3 liter pot kopen | Planten eenvoudig online bestellen | Schramas.com<\/title>\n<meta name=\"robots\" content=\"index, follow, max-snippet:-1, max-image-preview:large, max-video-preview:-1\" \/>\n<link rel=\"canonical\" href=\"https:\/\/www.schramas.com\/fr\/boutique\/rouge-delicieux\/\" \/>\n<meta property=\"og:locale\" content=\"fr_FR\" \/>\n<meta property=\"og:type\" content=\"article\" \/>\n<meta property=\"og:title\" content=\"Malus domestica &#039;Red Spur Delicious&#039; Dwergappelboom, 3 liter pot kopen | Planten eenvoudig online bestellen | Schramas.com\" \/>\n<meta property=\"og:description\" content=\"Malus domestica \u2018Red Spur Delicious\u2019  Smaak: fris- zoet.  Kleur vrucht: Rode appel met wit vruchtvlees.  Hoogte max: 2 meter  geschikt voor zowel patio als volle grond  Leverhoogte incl. pot: Circa 90 cm  Pot maat: 3 liter.\" \/>\n<meta property=\"og:url\" content=\"https:\/\/www.schramas.com\/fr\/boutique\/rouge-delicieux\/\" \/>\n<meta property=\"og:site_name\" content=\"Planten eenvoudig online bestellen | Schramas.com\" \/>\n<meta property=\"article:publisher\" content=\"https:\/\/www.facebook.com\/Schramascom-106872874153195\/\" \/>\n<meta property=\"article:modified_time\" content=\"2026-04-24T16:02:21+00:00\" \/>\n<meta property=\"og:image\" content=\"http:\/\/www.schramas.com\/wp-content\/uploads\/2018\/12\/red-spur-del-sfeer-3-liter.jpg\" \/>\n\t<meta property=\"og:image:width\" content=\"1200\" \/>\n\t<meta property=\"og:image:height\" content=\"1200\" \/>\n\t<meta property=\"og:image:type\" content=\"image\/jpeg\" \/>\n<meta name=\"twitter:card\" content=\"summary_large_image\" \/>\n<meta name=\"twitter:label1\" content=\"Dur\u00e9e de lecture estim\u00e9e\" \/>\n\t<meta name=\"twitter:data1\" content=\"1 minute\" \/>\n<script type=\"application\/ld+json\" class=\"yoast-schema-graph\">{\"@context\":\"https:\/\/schema.org\",\"@graph\":[{\"@type\":[\"WebPage\",\"ItemPage\"],\"@id\":\"https:\/\/www.schramas.com\/winkel\/red-delicious\/\",\"url\":\"https:\/\/www.schramas.com\/winkel\/red-delicious\/\",\"name\":\"Malus domestica 'Red Spur Delicious' Dwergappelboom, 3 liter pot kopen | Planten eenvoudig online bestellen | Schramas.com\",\"isPartOf\":{\"@id\":\"https:\/\/www.schramas.com\/#website\"},\"primaryImageOfPage\":{\"@id\":\"https:\/\/www.schramas.com\/winkel\/red-delicious\/#primaryimage\"},\"image\":{\"@id\":\"https:\/\/www.schramas.com\/winkel\/red-delicious\/#primaryimage\"},\"thumbnailUrl\":\"https:\/\/www.schramas.com\/wp-content\/uploads\/2018\/12\/red-spur-del-sfeer-3-liter.jpg\",\"datePublished\":\"2018-12-13T13:09:09+00:00\",\"dateModified\":\"2026-04-24T16:02:21+00:00\",\"breadcrumb\":{\"@id\":\"https:\/\/www.schramas.com\/winkel\/red-delicious\/#breadcrumb\"},\"inLanguage\":\"fr-FR\",\"potentialAction\":[{\"@type\":\"ReadAction\",\"target\":[\"https:\/\/www.schramas.com\/winkel\/red-delicious\/\"]}]},{\"@type\":\"ImageObject\",\"inLanguage\":\"fr-FR\",\"@id\":\"https:\/\/www.schramas.com\/winkel\/red-delicious\/#primaryimage\",\"url\":\"https:\/\/www.schramas.com\/wp-content\/uploads\/2018\/12\/red-spur-del-sfeer-3-liter.jpg\",\"contentUrl\":\"https:\/\/www.schramas.com\/wp-content\/uploads\/2018\/12\/red-spur-del-sfeer-3-liter.jpg\",\"width\":1200,\"height\":1200},{\"@type\":\"BreadcrumbList\",\"@id\":\"https:\/\/www.schramas.com\/winkel\/red-delicious\/#breadcrumb\",\"itemListElement\":[{\"@type\":\"ListItem\",\"position\":1,\"name\":\"Product\",\"item\":\"https:\/\/www.schramas.com\/assortiment\/\"},{\"@type\":\"ListItem\",\"position\":2,\"name\":\"Bomen &amp; Struiken\",\"item\":\"https:\/\/www.schramas.com\/product-category\/bomen-struiken\/\"},{\"@type\":\"ListItem\",\"position\":3,\"name\":\"Fruitbomen\",\"item\":\"https:\/\/www.schramas.com\/product-category\/bomen-struiken\/fruitbomen\/\"},{\"@type\":\"ListItem\",\"position\":4,\"name\":\"Appels\",\"item\":\"https:\/\/www.schramas.com\/product-category\/bomen-struiken\/fruitbomen\/appels\/\"},{\"@type\":\"ListItem\",\"position\":5,\"name\":\"Malus domestica &#8216;Red Spur Delicious&#8217; Dwergappelboom, 3 liter pot\"}]},{\"@type\":\"WebSite\",\"@id\":\"https:\/\/www.schramas.com\/#website\",\"url\":\"https:\/\/www.schramas.com\/\",\"name\":\"Schramas.com | Tuinplanten eenvoudig online bestellen | Direct van onze Kwekerij\",\"description\":\"\",\"alternateName\":\"Schramas.com - Alle planten direct van de kweker\",\"potentialAction\":[{\"@type\":\"SearchAction\",\"target\":{\"@type\":\"EntryPoint\",\"urlTemplate\":\"https:\/\/www.schramas.com\/?s={search_term_string}\"},\"query-input\":{\"@type\":\"PropertyValueSpecification\",\"valueRequired\":true,\"valueName\":\"search_term_string\"}}],\"inLanguage\":\"fr-FR\"}]}<\/script>\n<!-- \/ Yoast SEO plugin. -->","yoast_head_json":{"title":"Achetez Malus domestica &#039;Red Spur Delicious&#039; Pommier nain, pot de 3 litres | Commandez facilement des plantes en ligne | Schramas.com","robots":{"index":"index","follow":"follow","max-snippet":"max-snippet:-1","max-image-preview":"max-image-preview:large","max-video-preview":"max-video-preview:-1"},"canonical":"https:\/\/www.schramas.com\/fr\/boutique\/rouge-delicieux\/","og_locale":"fr_FR","og_type":"article","og_title":"Malus domestica 'Red Spur Delicious' Dwergappelboom, 3 liter pot kopen | Planten eenvoudig online bestellen | Schramas.com","og_description":"Malus domestica \u2018Red Spur Delicious\u2019  Smaak: fris- zoet.  Kleur vrucht: Rode appel met wit vruchtvlees.  Hoogte max: 2 meter  geschikt voor zowel patio als volle grond  Leverhoogte incl. pot: Circa 90 cm  Pot maat: 3 liter.","og_url":"https:\/\/www.schramas.com\/fr\/boutique\/rouge-delicieux\/","og_site_name":"Planten eenvoudig online bestellen | Schramas.com","article_publisher":"https:\/\/www.facebook.com\/Schramascom-106872874153195\/","article_modified_time":"2026-04-24T16:02:21+00:00","og_image":[{"width":1200,"height":1200,"url":"http:\/\/www.schramas.com\/wp-content\/uploads\/2018\/12\/red-spur-del-sfeer-3-liter.jpg","type":"image\/jpeg"}],"twitter_card":"summary_large_image","twitter_misc":{"Dur\u00e9e de lecture estim\u00e9e":"1 minute"},"schema":{"@context":"https:\/\/schema.org","@graph":[{"@type":["WebPage","ItemPage"],"@id":"https:\/\/www.schramas.com\/winkel\/red-delicious\/","url":"https:\/\/www.schramas.com\/winkel\/red-delicious\/","name":"Achetez Malus domestica &#039;Red Spur Delicious&#039; Pommier nain, pot de 3 litres | Commandez facilement des plantes en ligne | Schramas.com","isPartOf":{"@id":"https:\/\/www.schramas.com\/#website"},"primaryImageOfPage":{"@id":"https:\/\/www.schramas.com\/winkel\/red-delicious\/#primaryimage"},"image":{"@id":"https:\/\/www.schramas.com\/winkel\/red-delicious\/#primaryimage"},"thumbnailUrl":"https:\/\/www.schramas.com\/wp-content\/uploads\/2018\/12\/red-spur-del-sfeer-3-liter.jpg","datePublished":"2018-12-13T13:09:09+00:00","dateModified":"2026-04-24T16:02:21+00:00","breadcrumb":{"@id":"https:\/\/www.schramas.com\/winkel\/red-delicious\/#breadcrumb"},"inLanguage":"fr-FR","potentialAction":[{"@type":"ReadAction","target":["https:\/\/www.schramas.com\/winkel\/red-delicious\/"]}]},{"@type":"ImageObject","inLanguage":"fr-FR","@id":"https:\/\/www.schramas.com\/winkel\/red-delicious\/#primaryimage","url":"https:\/\/www.schramas.com\/wp-content\/uploads\/2018\/12\/red-spur-del-sfeer-3-liter.jpg","contentUrl":"https:\/\/www.schramas.com\/wp-content\/uploads\/2018\/12\/red-spur-del-sfeer-3-liter.jpg","width":1200,"height":1200},{"@type":"BreadcrumbList","@id":"https:\/\/www.schramas.com\/winkel\/red-delicious\/#breadcrumb","itemListElement":[{"@type":"ListItem","position":1,"name":"Product","item":"https:\/\/www.schramas.com\/assortiment\/"},{"@type":"ListItem","position":2,"name":"Bomen &amp; Struiken","item":"https:\/\/www.schramas.com\/product-category\/bomen-struiken\/"},{"@type":"ListItem","position":3,"name":"Fruitbomen","item":"https:\/\/www.schramas.com\/product-category\/bomen-struiken\/fruitbomen\/"},{"@type":"ListItem","position":4,"name":"Appels","item":"https:\/\/www.schramas.com\/product-category\/bomen-struiken\/fruitbomen\/appels\/"},{"@type":"ListItem","position":5,"name":"Malus domestica &#8216;Red Spur Delicious&#8217; Dwergappelboom, 3 liter pot"}]},{"@type":"WebSite","@id":"https:\/\/www.schramas.com\/#website","url":"https:\/\/www.schramas.com\/","name":"Schramas.com | Plantes de jardin faciles \u00e0 commander en ligne | En direct de notre p\u00e9pini\u00e8re","description":"","alternateName":"Schramas.com - Alle planten direct van de kweker","potentialAction":[{"@type":"SearchAction","target":{"@type":"EntryPoint","urlTemplate":"https:\/\/www.schramas.com\/?s={search_term_string}"},"query-input":{"@type":"PropertyValueSpecification","valueRequired":true,"valueName":"search_term_string"}}],"inLanguage":"fr-FR"}]}},"_links":{"self":[{"href":"https:\/\/www.schramas.com\/fr\/wp-json\/wp\/v2\/product\/5262","targetHints":{"allow":["GET"]}}],"collection":[{"href":"https:\/\/www.schramas.com\/fr\/wp-json\/wp\/v2\/product"}],"about":[{"href":"https:\/\/www.schramas.com\/fr\/wp-json\/wp\/v2\/types\/product"}],"version-history":[{"count":1,"href":"https:\/\/www.schramas.com\/fr\/wp-json\/wp\/v2\/product\/5262\/revisions"}],"predecessor-version":[{"id":66616,"href":"https:\/\/www.schramas.com\/fr\/wp-json\/wp\/v2\/product\/5262\/revisions\/66616"}],"wp:featuredmedia":[{"embeddable":true,"href":"https:\/\/www.schramas.com\/fr\/wp-json\/wp\/v2\/media\/21445"}],"wp:attachment":[{"href":"https:\/\/www.schramas.com\/fr\/wp-json\/wp\/v2\/media?parent=5262"}],"wp:term":[{"taxonomy":"product_brand","embeddable":true,"href":"https:\/\/www.schramas.com\/fr\/wp-json\/wp\/v2\/product_brand?post=5262"},{"taxonomy":"product_cat","embeddable":true,"href":"https:\/\/www.schramas.com\/fr\/wp-json\/wp\/v2\/product_cat?post=5262"},{"taxonomy":"product_tag","embeddable":true,"href":"https:\/\/www.schramas.com\/fr\/wp-json\/wp\/v2\/product_tag?post=5262"}],"curies":[{"name":"wp","href":"https:\/\/api.w.org\/{rel}","templated":true}]}}