{"id":53658,"date":"2011-06-17T15:39:28","date_gmt":"2011-06-17T13:39:28","guid":{"rendered":"https:\/\/www.schramas.com\/?post_type=product&#038;p=53658"},"modified":"2026-04-14T15:41:08","modified_gmt":"2026-04-14T13:41:08","slug":"set-de-3-camellia-camellia-japonica-kramers-supreme-lady-campbell-bonomiana-hauteur-30cm-9cm-pot","status":"publish","type":"product","link":"https:\/\/www.schramas.com\/fr\/boutique\/set-de-3-camellia-camellia-japonica-kramers-supreme-lady-campbell-bonomiana-hauteur-30cm-9cm-pot\/","title":{"rendered":"Lot de 3 Camellia - Camellia japonica 'Kramer's Supreme', 'Lady Campbell', 'Bonomiana' - Hauteur 30cm - Pot de 9cm"},"content":{"rendered":"<p data-start=\"111\" data-end=\"574\">Le pr\u00e9sent <strong data-start=\"116\" data-end=\"150\">ensemble de trois Camellia japonica<\/strong>-Les vari\u00e9t\u00e9s d'orangerie apportent de la couleur, de l'\u00e9l\u00e9gance et de la structure au jardin, m\u00eame lorsque de nombreuses autres plantes sont encore en dormance. Chaque vari\u00e9t\u00e9 a une forme et une couleur de fleur uniques, mais elles partagent certaines caract\u00e9ristiques fortes : des feuilles vertes fonc\u00e9es et brillantes qui restent en place m\u00eame en hiver, un port compact et une floraison abondante au d\u00e9but du printemps. Id\u00e9ales pour les bordures, les endroits ombrag\u00e9s ou les pots d'ornement sur la terrasse ou le balcon.<\/p>\n<p data-start=\"581\" data-end=\"628\">1. <strong data-start=\"588\" data-end=\"628\">Camellia japonica \u2018Kramer's Supreme\u2019<\/strong><\/p>\n<ul data-start=\"629\" data-end=\"838\">\n<li data-start=\"629\" data-end=\"655\">\n<p data-start=\"631\" data-end=\"655\"><strong data-start=\"631\" data-end=\"645\">Couleur des fleurs<\/strong>Rouge fonc\u00e9 : Rouge fonc\u00e9<\/p>\n<\/li>\n<li data-start=\"656\" data-end=\"685\">\n<p data-start=\"658\" data-end=\"685\"><strong data-start=\"658\" data-end=\"667\">Fleurir<\/strong>: F\u00e9vrier - Mars<\/p>\n<\/li>\n<li data-start=\"686\" data-end=\"757\">\n<p data-start=\"688\" data-end=\"757\"><strong data-start=\"688\" data-end=\"701\">Forme de la fleur<\/strong>: Grande, doublement remplie, en forme de pivoine (jusqu'\u00e0 12 cm de diam\u00e8tre)<\/p>\n<\/li>\n<li data-start=\"758\" data-end=\"802\">\n<p data-start=\"760\" data-end=\"802\"><strong data-start=\"760\" data-end=\"778\">D\u00e9tails<\/strong>Fleurs l\u00e9g\u00e8rement parfum\u00e9es : Fleurs l\u00e9g\u00e8rement parfum\u00e9es<\/p>\n<\/li>\n<li data-start=\"803\" data-end=\"838\">\n<p data-start=\"805\" data-end=\"838\"><strong data-start=\"805\" data-end=\"819\">Habitude de croissance<\/strong>: dress\u00e9e et buissonnante<\/p>\n<\/li>\n<\/ul>\n<p data-start=\"840\" data-end=\"1059\">\u2018Kramer's Supreme\u2019 est l'un des cam\u00e9lias les plus appr\u00e9ci\u00e9s pour ses grandes fleurs d'un rouge intense, dont la texture rappelle celle des pivoines. Les feuilles robustes et coriaces donnent un aspect manucur\u00e9 tout au long de l'ann\u00e9e.<\/p>\n<p data-start=\"1066\" data-end=\"1110\">2. <strong data-start=\"1073\" data-end=\"1110\">Camellia japonica \u2018Lady Campbell\u2019<\/strong><\/p>\n<ul data-start=\"1111\" data-end=\"1319\">\n<li data-start=\"1111\" data-end=\"1149\">\n<p data-start=\"1113\" data-end=\"1149\"><strong data-start=\"1113\" data-end=\"1127\">Couleur des fleurs<\/strong>: Rose \u00e0 cramoisi<\/p>\n<\/li>\n<li data-start=\"1150\" data-end=\"1174\">\n<p data-start=\"1152\" data-end=\"1174\"><strong data-start=\"1152\" data-end=\"1161\">Fleurir<\/strong>P\u00e9riode d'essai : mars - mai<\/p>\n<\/li>\n<li data-start=\"1175\" data-end=\"1211\">\n<p data-start=\"1177\" data-end=\"1211\"><strong data-start=\"1177\" data-end=\"1190\">Forme de la fleur<\/strong>: Cors\u00e9, compact<\/p>\n<\/li>\n<li data-start=\"1212\" data-end=\"1268\">\n<p data-start=\"1214\" data-end=\"1268\"><strong data-start=\"1214\" data-end=\"1232\">D\u00e9tails<\/strong>Tr\u00e8s florif\u00e8re et de croissance compacte<\/p>\n<\/li>\n<li data-start=\"1269\" data-end=\"1319\">\n<p data-start=\"1271\" data-end=\"1319\"><strong data-start=\"1271\" data-end=\"1285\">Habitude de croissance<\/strong>: Compact, vertical (jusqu'\u00e0 2 m)<\/p>\n<\/li>\n<\/ul>\n<p data-start=\"1321\" data-end=\"1496\">\u2018Lady Campbell\u2019 est connu pour sa longue p\u00e9riode de floraison et son abondance de fleurs. Il est parfait pour les petits jardins ou comme arbuste d'accent gr\u00e2ce \u00e0 sa forme compacte.<\/p>\n<p data-start=\"1503\" data-end=\"1543\">3. <strong data-start=\"1510\" data-end=\"1543\">Camellia japonica \u2018Bonomiana\u2019<\/strong><\/p>\n<ul data-start=\"1544\" data-end=\"1766\">\n<li data-start=\"1544\" data-end=\"1594\">\n<p data-start=\"1546\" data-end=\"1594\"><strong data-start=\"1546\" data-end=\"1560\">Couleur des fleurs<\/strong>Le nom de l'animal : blanc-rose avec des rayures pourpres<\/p>\n<\/li>\n<li data-start=\"1595\" data-end=\"1624\">\n<p data-start=\"1597\" data-end=\"1624\"><strong data-start=\"1597\" data-end=\"1606\">Fleurir<\/strong>: F\u00e9vrier - Avril<\/p>\n<\/li>\n<li data-start=\"1625\" data-end=\"1674\">\n<p data-start=\"1627\" data-end=\"1674\"><strong data-start=\"1627\" data-end=\"1640\">Forme de la fleur<\/strong>Grand, rembourr\u00e9 (7-10 cm de diam\u00e8tre)<\/p>\n<\/li>\n<li data-start=\"1675\" data-end=\"1728\">\n<p data-start=\"1677\" data-end=\"1728\"><strong data-start=\"1677\" data-end=\"1695\">D\u00e9tails<\/strong>P\u00e9tales ray\u00e9s uniques<\/p>\n<\/li>\n<li data-start=\"1729\" data-end=\"1766\">\n<p data-start=\"1731\" data-end=\"1766\"><strong data-start=\"1731\" data-end=\"1745\">Habitude de croissance<\/strong>: Compact et gracieux<\/p>\n<\/li>\n<\/ul>\n<p data-start=\"1768\" data-end=\"1929\">\u2018Bonomiana\u2019 attire particuli\u00e8rement l'attention gr\u00e2ce \u00e0 ses fleurs marbr\u00e9es. La combinaison de blanc, de rose et de rouge donne \u00e0 ce cam\u00e9lia un caract\u00e8re saisissant et enjou\u00e9.<\/p>\n<p data-start=\"1936\" data-end=\"1964\">Entretien et emplacement<\/p>\n<p data-start=\"1965\" data-end=\"2239\">Les trois cam\u00e9lias pr\u00e9f\u00e8rent un emplacement dans le jardin. <strong data-start=\"2023\" data-end=\"2054\">mi-ombre \u00e0 pleine ombre<\/strong> avec <strong data-start=\"2059\" data-end=\"2096\">sol bien drain\u00e9, l\u00e9g\u00e8rement acide<\/strong>. Un emplacement abrit\u00e9 permet d'\u00e9viter que les bourgeons floraux ne soient endommag\u00e9s par le gel. Veillez \u00e0 ce que les racines ne soient pas mouill\u00e9es pendant de longues p\u00e9riodes, surtout en hiver.<\/p>\n<ul data-start=\"2241\" data-end=\"2495\">\n<li data-start=\"2241\" data-end=\"2334\">\n<p data-start=\"2243\" data-end=\"2334\"><strong data-start=\"2243\" data-end=\"2261\">Rusticit\u00e9<\/strong>: Assez ou bien rustique (jusqu'\u00e0 environ -12 \u00b0C \u00e0 l'abri)<\/p>\n<\/li>\n<li data-start=\"2335\" data-end=\"2395\">\n<p data-start=\"2337\" data-end=\"2395\"><strong data-start=\"2337\" data-end=\"2348\">\u00c9lagage<\/strong>: Si n\u00e9cessaire apr\u00e8s la floraison, pour maintenir la forme<\/p>\n<\/li>\n<li data-start=\"2396\" data-end=\"2495\">\n<p data-start=\"2398\" data-end=\"2495\"><strong data-start=\"2398\" data-end=\"2411\">Maintenance<\/strong>Les exigences sont faibles, une fertilisation r\u00e9guli\u00e8re au printemps favorise la floraison et la qualit\u00e9 du feuillage.<\/p>\n<\/li>\n<\/ul>\n<p data-start=\"2502\" data-end=\"2526\">Sp\u00e9cifications du produit<\/p>\n<ul data-start=\"2527\" data-end=\"2869\">\n<li data-start=\"2527\" data-end=\"2569\">\n<p data-start=\"2529\" data-end=\"2569\"><strong data-start=\"2529\" data-end=\"2546\">Nom latin<\/strong>: <em data-start=\"2548\" data-end=\"2567\">Camellia japonica<\/em><\/p>\n<\/li>\n<li data-start=\"2570\" data-end=\"2622\">\n<p data-start=\"2572\" data-end=\"2622\"><strong data-start=\"2572\" data-end=\"2589\">Formulaire de livraison<\/strong>: Lot de 3 plantes dans un pot de 9 cm<\/p>\n<\/li>\n<li data-start=\"2623\" data-end=\"2661\">\n<p data-start=\"2625\" data-end=\"2661\"><strong data-start=\"2625\" data-end=\"2648\">Hauteur \u00e0 la livraison<\/strong>: env. 30 cm<\/p>\n<\/li>\n<li data-start=\"2662\" data-end=\"2723\">\n<p data-start=\"2664\" data-end=\"2723\"><strong data-start=\"2664\" data-end=\"2672\">Feuille<\/strong>Vert fonc\u00e9, brillant, coriace (\u00e0 feuilles persistantes)<\/p>\n<\/li>\n<li data-start=\"2724\" data-end=\"2801\">\n<p data-start=\"2726\" data-end=\"2801\"><strong data-start=\"2726\" data-end=\"2737\">Utilisation<\/strong>: Bordures, pots, jardins d'ombre, solitaire ou en groupe<\/p>\n<\/li>\n<li data-start=\"2802\" data-end=\"2869\">\n<p data-start=\"2804\" data-end=\"2869\"><strong data-start=\"2804\" data-end=\"2827\">P\u00e9riode de floraison totale<\/strong>: F\u00e9vrier \u00e0 mai (selon les esp\u00e8ces)<\/p>\n<\/li>\n<\/ul>","protected":false},"excerpt":{"rendered":"<p>3x Camellia japonica<\/p>\n<p>Inflorescence : Rouge, rose et blanc<\/p>\n<p>Hauteur maximale : environ 200 cm<\/p>\n<p>R\u00e9sistant jusqu'\u00e0 -21C<\/p>\n<p>Hauteur de livraison, pot compris : environ 30 cm<\/p>\n<p>Taille du pot : 9cm<\/p>","protected":false},"featured_media":53659,"template":"","meta":{"_joinchat":[]},"product_brand":[],"product_cat":[303,300,867,1012,229,305],"product_tag":[2675,3137,3139,3138,3140,3142,3132,3133,3056,3135,3136,1360,3143,495,3141,2999,3134],"class_list":{"0":"post-53658","1":"product","2":"type-product","3":"status-publish","4":"has-post-thumbnail","6":"product_cat-groenblijvende-heesters","7":"product_cat-heesters","8":"product_cat-pakket-deals","9":"product_cat-overige-deals","10":"product_cat-sierheesters","11":"product_cat-planten-heesters","12":"product_tag-bloeiende-kuipplant","13":"product_tag-bonomiana","14":"product_tag-camelia-gestreept","15":"product_tag-camelia-rood","16":"product_tag-camelia-roze","17":"product_tag-camelia-tuin","18":"product_tag-camellia-japonica","19":"product_tag-camellia-set","20":"product_tag-groenblijvende-struik","21":"product_tag-kramers-supreme","22":"product_tag-lady-campbell","23":"product_tag-schaduwplant","24":"product_tag-set-camelias","25":"product_tag-sierheester","26":"product_tag-tuinplant-halfschaduw","27":"product_tag-vroege-bloeier","28":"product_tag-winterbloeiende-struiken","29":"pa_ewd_uwcf_colors-groen-2","30":"pa_groeihoogte-300-cm","31":"pa_pot-9-cm-pot","33":"first","34":"outofstock","35":"taxable","36":"shipping-taxable","37":"purchasable","38":"product-type-simple"},"yoast_head":"<!-- This site is optimized with the Yoast SEO plugin v24.2 - https:\/\/yoast.com\/wordpress\/plugins\/seo\/ -->\n<title>Set van 3 Camellia - Camellia japonica &#039;Kramer&#039;s Supreme&#039;, &#039;Lady Campbell&#039;, &#039;Bonomiana&#039; - Hoogte 30cm - 9cm pot kopen | Planten eenvoudig online bestellen | Schramas.com<\/title>\n<meta name=\"robots\" content=\"index, follow, max-snippet:-1, max-image-preview:large, max-video-preview:-1\" \/>\n<link rel=\"canonical\" href=\"https:\/\/www.schramas.com\/fr\/boutique\/set-de-3-camellia-camellia-japonica-kramers-supreme-lady-campbell-bonomiana-hauteur-30cm-9cm-pot\/\" \/>\n<meta property=\"og:locale\" content=\"fr_FR\" \/>\n<meta property=\"og:type\" content=\"article\" \/>\n<meta property=\"og:title\" content=\"Set van 3 Camellia - Camellia japonica &#039;Kramer&#039;s Supreme&#039;, &#039;Lady Campbell&#039;, &#039;Bonomiana&#039; - Hoogte 30cm - 9cm pot kopen | Planten eenvoudig online bestellen | Schramas.com\" \/>\n<meta property=\"og:description\" content=\"3x Camellia japonica  Bloeiwijze: Rood, roze en wit  Hoogte max: circa 200cm  Winterhard tot -21C  Leverhoogte incl. pot: circa 30 cm  Potmaat: 9cm\" \/>\n<meta property=\"og:url\" content=\"https:\/\/www.schramas.com\/fr\/boutique\/set-de-3-camellia-camellia-japonica-kramers-supreme-lady-campbell-bonomiana-hauteur-30cm-9cm-pot\/\" \/>\n<meta property=\"og:site_name\" content=\"Planten eenvoudig online bestellen | Schramas.com\" \/>\n<meta property=\"article:publisher\" content=\"https:\/\/www.facebook.com\/Schramascom-106872874153195\/\" \/>\n<meta property=\"article:modified_time\" content=\"2026-04-14T13:41:08+00:00\" \/>\n<meta property=\"og:image\" content=\"http:\/\/www.schramas.com\/wp-content\/uploads\/2025\/06\/Camellia-set.webp\" \/>\n\t<meta property=\"og:image:width\" content=\"800\" \/>\n\t<meta property=\"og:image:height\" content=\"800\" \/>\n\t<meta property=\"og:image:type\" content=\"image\/webp\" \/>\n<meta name=\"twitter:card\" content=\"summary_large_image\" \/>\n<meta name=\"twitter:label1\" content=\"Dur\u00e9e de lecture estim\u00e9e\" \/>\n\t<meta name=\"twitter:data1\" content=\"1 minute\" \/>\n<script type=\"application\/ld+json\" class=\"yoast-schema-graph\">{\"@context\":\"https:\/\/schema.org\",\"@graph\":[{\"@type\":[\"WebPage\",\"ItemPage\"],\"@id\":\"https:\/\/www.schramas.com\/winkel\/set-van-3-camellia-camellia-japonica-kramers-supreme-lady-campbell-bonomiana-hoogte-30cm-9cm-pot\/\",\"url\":\"https:\/\/www.schramas.com\/winkel\/set-van-3-camellia-camellia-japonica-kramers-supreme-lady-campbell-bonomiana-hoogte-30cm-9cm-pot\/\",\"name\":\"Set van 3 Camellia - Camellia japonica 'Kramer's Supreme', 'Lady Campbell', 'Bonomiana' - Hoogte 30cm - 9cm pot kopen | Planten eenvoudig online bestellen | Schramas.com\",\"isPartOf\":{\"@id\":\"https:\/\/www.schramas.com\/#website\"},\"primaryImageOfPage\":{\"@id\":\"https:\/\/www.schramas.com\/winkel\/set-van-3-camellia-camellia-japonica-kramers-supreme-lady-campbell-bonomiana-hoogte-30cm-9cm-pot\/#primaryimage\"},\"image\":{\"@id\":\"https:\/\/www.schramas.com\/winkel\/set-van-3-camellia-camellia-japonica-kramers-supreme-lady-campbell-bonomiana-hoogte-30cm-9cm-pot\/#primaryimage\"},\"thumbnailUrl\":\"https:\/\/www.schramas.com\/wp-content\/uploads\/2025\/06\/Camellia-set.webp\",\"datePublished\":\"2011-06-17T13:39:28+00:00\",\"dateModified\":\"2026-04-14T13:41:08+00:00\",\"breadcrumb\":{\"@id\":\"https:\/\/www.schramas.com\/winkel\/set-van-3-camellia-camellia-japonica-kramers-supreme-lady-campbell-bonomiana-hoogte-30cm-9cm-pot\/#breadcrumb\"},\"inLanguage\":\"fr-FR\",\"potentialAction\":[{\"@type\":\"ReadAction\",\"target\":[\"https:\/\/www.schramas.com\/winkel\/set-van-3-camellia-camellia-japonica-kramers-supreme-lady-campbell-bonomiana-hoogte-30cm-9cm-pot\/\"]}]},{\"@type\":\"ImageObject\",\"inLanguage\":\"fr-FR\",\"@id\":\"https:\/\/www.schramas.com\/winkel\/set-van-3-camellia-camellia-japonica-kramers-supreme-lady-campbell-bonomiana-hoogte-30cm-9cm-pot\/#primaryimage\",\"url\":\"https:\/\/www.schramas.com\/wp-content\/uploads\/2025\/06\/Camellia-set.webp\",\"contentUrl\":\"https:\/\/www.schramas.com\/wp-content\/uploads\/2025\/06\/Camellia-set.webp\",\"width\":800,\"height\":800},{\"@type\":\"BreadcrumbList\",\"@id\":\"https:\/\/www.schramas.com\/winkel\/set-van-3-camellia-camellia-japonica-kramers-supreme-lady-campbell-bonomiana-hoogte-30cm-9cm-pot\/#breadcrumb\",\"itemListElement\":[{\"@type\":\"ListItem\",\"position\":1,\"name\":\"Product\",\"item\":\"https:\/\/www.schramas.com\/assortiment\/\"},{\"@type\":\"ListItem\",\"position\":2,\"name\":\"Pakketdeals\",\"item\":\"https:\/\/www.schramas.com\/product-category\/pakket-deals\/\"},{\"@type\":\"ListItem\",\"position\":3,\"name\":\"Set van 3 Camellia &#8211; Camellia japonica &#8216;Kramer&#8217;s Supreme&#8217;, &#8216;Lady Campbell&#8217;, &#8216;Bonomiana&#8217; &#8211; Hoogte 30cm &#8211; 9cm pot\"}]},{\"@type\":\"WebSite\",\"@id\":\"https:\/\/www.schramas.com\/#website\",\"url\":\"https:\/\/www.schramas.com\/\",\"name\":\"Schramas.com | Tuinplanten eenvoudig online bestellen | Direct van onze Kwekerij\",\"description\":\"\",\"alternateName\":\"Schramas.com - Alle planten direct van de kweker\",\"potentialAction\":[{\"@type\":\"SearchAction\",\"target\":{\"@type\":\"EntryPoint\",\"urlTemplate\":\"https:\/\/www.schramas.com\/?s={search_term_string}\"},\"query-input\":{\"@type\":\"PropertyValueSpecification\",\"valueRequired\":true,\"valueName\":\"search_term_string\"}}],\"inLanguage\":\"fr-FR\"}]}<\/script>\n<!-- \/ Yoast SEO plugin. -->","yoast_head_json":{"title":"Lot de 3 Camellia - Camellia japonica 'Kramer's Supreme', 'Lady Campbell', 'Bonomiana' - Hauteur 30cm - Pot de 9cm achat | Acheter des plantes facilement en ligne | Schramas.com","robots":{"index":"index","follow":"follow","max-snippet":"max-snippet:-1","max-image-preview":"max-image-preview:large","max-video-preview":"max-video-preview:-1"},"canonical":"https:\/\/www.schramas.com\/fr\/boutique\/set-de-3-camellia-camellia-japonica-kramers-supreme-lady-campbell-bonomiana-hauteur-30cm-9cm-pot\/","og_locale":"fr_FR","og_type":"article","og_title":"Set van 3 Camellia - Camellia japonica 'Kramer's Supreme', 'Lady Campbell', 'Bonomiana' - Hoogte 30cm - 9cm pot kopen | Planten eenvoudig online bestellen | Schramas.com","og_description":"3x Camellia japonica  Bloeiwijze: Rood, roze en wit  Hoogte max: circa 200cm  Winterhard tot -21C  Leverhoogte incl. pot: circa 30 cm  Potmaat: 9cm","og_url":"https:\/\/www.schramas.com\/fr\/boutique\/set-de-3-camellia-camellia-japonica-kramers-supreme-lady-campbell-bonomiana-hauteur-30cm-9cm-pot\/","og_site_name":"Planten eenvoudig online bestellen | Schramas.com","article_publisher":"https:\/\/www.facebook.com\/Schramascom-106872874153195\/","article_modified_time":"2026-04-14T13:41:08+00:00","og_image":[{"width":800,"height":800,"url":"http:\/\/www.schramas.com\/wp-content\/uploads\/2025\/06\/Camellia-set.webp","type":"image\/webp"}],"twitter_card":"summary_large_image","twitter_misc":{"Dur\u00e9e de lecture estim\u00e9e":"1 minute"},"schema":{"@context":"https:\/\/schema.org","@graph":[{"@type":["WebPage","ItemPage"],"@id":"https:\/\/www.schramas.com\/winkel\/set-van-3-camellia-camellia-japonica-kramers-supreme-lady-campbell-bonomiana-hoogte-30cm-9cm-pot\/","url":"https:\/\/www.schramas.com\/winkel\/set-van-3-camellia-camellia-japonica-kramers-supreme-lady-campbell-bonomiana-hoogte-30cm-9cm-pot\/","name":"Lot de 3 Camellia - Camellia japonica 'Kramer's Supreme', 'Lady Campbell', 'Bonomiana' - Hauteur 30cm - Pot de 9cm achat | Acheter des plantes facilement en ligne | Schramas.com","isPartOf":{"@id":"https:\/\/www.schramas.com\/#website"},"primaryImageOfPage":{"@id":"https:\/\/www.schramas.com\/winkel\/set-van-3-camellia-camellia-japonica-kramers-supreme-lady-campbell-bonomiana-hoogte-30cm-9cm-pot\/#primaryimage"},"image":{"@id":"https:\/\/www.schramas.com\/winkel\/set-van-3-camellia-camellia-japonica-kramers-supreme-lady-campbell-bonomiana-hoogte-30cm-9cm-pot\/#primaryimage"},"thumbnailUrl":"https:\/\/www.schramas.com\/wp-content\/uploads\/2025\/06\/Camellia-set.webp","datePublished":"2011-06-17T13:39:28+00:00","dateModified":"2026-04-14T13:41:08+00:00","breadcrumb":{"@id":"https:\/\/www.schramas.com\/winkel\/set-van-3-camellia-camellia-japonica-kramers-supreme-lady-campbell-bonomiana-hoogte-30cm-9cm-pot\/#breadcrumb"},"inLanguage":"fr-FR","potentialAction":[{"@type":"ReadAction","target":["https:\/\/www.schramas.com\/winkel\/set-van-3-camellia-camellia-japonica-kramers-supreme-lady-campbell-bonomiana-hoogte-30cm-9cm-pot\/"]}]},{"@type":"ImageObject","inLanguage":"fr-FR","@id":"https:\/\/www.schramas.com\/winkel\/set-van-3-camellia-camellia-japonica-kramers-supreme-lady-campbell-bonomiana-hoogte-30cm-9cm-pot\/#primaryimage","url":"https:\/\/www.schramas.com\/wp-content\/uploads\/2025\/06\/Camellia-set.webp","contentUrl":"https:\/\/www.schramas.com\/wp-content\/uploads\/2025\/06\/Camellia-set.webp","width":800,"height":800},{"@type":"BreadcrumbList","@id":"https:\/\/www.schramas.com\/winkel\/set-van-3-camellia-camellia-japonica-kramers-supreme-lady-campbell-bonomiana-hoogte-30cm-9cm-pot\/#breadcrumb","itemListElement":[{"@type":"ListItem","position":1,"name":"Product","item":"https:\/\/www.schramas.com\/assortiment\/"},{"@type":"ListItem","position":2,"name":"Pakketdeals","item":"https:\/\/www.schramas.com\/product-category\/pakket-deals\/"},{"@type":"ListItem","position":3,"name":"Set van 3 Camellia &#8211; Camellia japonica &#8216;Kramer&#8217;s Supreme&#8217;, &#8216;Lady Campbell&#8217;, &#8216;Bonomiana&#8217; &#8211; Hoogte 30cm &#8211; 9cm pot"}]},{"@type":"WebSite","@id":"https:\/\/www.schramas.com\/#website","url":"https:\/\/www.schramas.com\/","name":"Schramas.com | Plantes de jardin faciles \u00e0 commander en ligne | En direct de notre p\u00e9pini\u00e8re","description":"","alternateName":"Schramas.com - Alle planten direct van de kweker","potentialAction":[{"@type":"SearchAction","target":{"@type":"EntryPoint","urlTemplate":"https:\/\/www.schramas.com\/?s={search_term_string}"},"query-input":{"@type":"PropertyValueSpecification","valueRequired":true,"valueName":"search_term_string"}}],"inLanguage":"fr-FR"}]}},"_links":{"self":[{"href":"https:\/\/www.schramas.com\/fr\/wp-json\/wp\/v2\/product\/53658","targetHints":{"allow":["GET"]}}],"collection":[{"href":"https:\/\/www.schramas.com\/fr\/wp-json\/wp\/v2\/product"}],"about":[{"href":"https:\/\/www.schramas.com\/fr\/wp-json\/wp\/v2\/types\/product"}],"version-history":[{"count":2,"href":"https:\/\/www.schramas.com\/fr\/wp-json\/wp\/v2\/product\/53658\/revisions"}],"predecessor-version":[{"id":59576,"href":"https:\/\/www.schramas.com\/fr\/wp-json\/wp\/v2\/product\/53658\/revisions\/59576"}],"wp:featuredmedia":[{"embeddable":true,"href":"https:\/\/www.schramas.com\/fr\/wp-json\/wp\/v2\/media\/53659"}],"wp:attachment":[{"href":"https:\/\/www.schramas.com\/fr\/wp-json\/wp\/v2\/media?parent=53658"}],"wp:term":[{"taxonomy":"product_brand","embeddable":true,"href":"https:\/\/www.schramas.com\/fr\/wp-json\/wp\/v2\/product_brand?post=53658"},{"taxonomy":"product_cat","embeddable":true,"href":"https:\/\/www.schramas.com\/fr\/wp-json\/wp\/v2\/product_cat?post=53658"},{"taxonomy":"product_tag","embeddable":true,"href":"https:\/\/www.schramas.com\/fr\/wp-json\/wp\/v2\/product_tag?post=53658"}],"curies":[{"name":"wp","href":"https:\/\/api.w.org\/{rel}","templated":true}]}}