{"id":54243,"date":"2025-07-03T08:57:40","date_gmt":"2025-07-03T06:57:40","guid":{"rendered":"https:\/\/www.schramas.com\/?post_type=product&#038;p=54243"},"modified":"2026-04-29T20:05:37","modified_gmt":"2026-04-29T18:05:37","slug":"cercis-canadensis-arbre-de-judee-americain-hauteur-100cm-pot-de-2-litres","status":"publish","type":"product","link":"https:\/\/www.schramas.com\/fr\/boutique\/cercis-canadensis-arbre-de-judee-americain-hauteur-100cm-pot-de-2-litres\/","title":{"rendered":"Cercis canadensis, Arbre de Jud\u00e9e Am\u00e9ricain, Hauteur 100cm, Pot de 2 litres"},"content":{"rendered":"<p data-start=\"395\" data-end=\"463\"><strong data-start=\"395\" data-end=\"463\">Cercis canadensis - Arbre de Jud\u00e9e Am\u00e9ricain - 100 cm de haut - Pot de 2L<\/strong><\/p>\n<p data-start=\"465\" data-end=\"752\">Vous \u00eates \u00e0 la recherche d'une plante printani\u00e8re attrayante pour le jardin ? Les <em data-start=\"530\" data-end=\"549\">Cercis canadensis<\/em>ou arbre de Jud\u00e9e am\u00e9ricain, offre une combinaison unique de floraison pr\u00e9coce, de valeur ornementale et de croissance compacte. Id\u00e9al pour ceux qui veulent donner \u00e0 leur jardin un accent naturel, sans prendre beaucoup de place.<\/p>\n<p data-start=\"754\" data-end=\"1236\"><strong data-start=\"754\" data-end=\"795\">Pourquoi choisir Cercis canadensis ?<\/strong><br data-start=\"795\" data-end=\"798\" \/>\u2714 Floraison d\u00e8s avril sur le bois nu - fleurs rose pourpre frappantes sur les branches comme sur les tiges.<br data-start=\"882\" data-end=\"885\" \/>\u2714 Forme des gousses d\u00e9coratives qui persistent en hiver<br data-start=\"947\" data-end=\"950\" \/>\u2714 Convient comme arbre compact ou grand arbuste - convient \u00e9galement aux jardins plus petits<br data-start=\"1024\" data-end=\"1027\" \/>\u2714 Pousse bien dans un endroit ensoleill\u00e9 et abrit\u00e9 avec un sol nutritif<br data-start=\"1090\" data-end=\"1093\" \/>\u2714 Tr\u00e8s rustique (jusqu'\u00e0 -30\u00b0C), n\u00e9cessite peu d'entretien<br data-start=\"1147\" data-end=\"1150\" \/>\u2714 Disponible en pot robuste de 2 litres et 100 cm de hauteur : plantation rapide, r\u00e9sultat rapide.<\/p>\n<p data-start=\"1238\" data-end=\"1469\"><strong data-start=\"1238\" data-end=\"1258\">Une combinaison intelligente ?<\/strong><br data-start=\"1258\" data-end=\"1261\" \/>Combinez ce solitaire avec des arbres \u00e0 feuilles persistantes tels que <em data-start=\"1309\" data-end=\"1316\">Rhododendron<\/em>ou des plantes de contraste telles que <em data-start=\"1343\" data-end=\"1356\">Cornus sericea<\/em> ou <em data-start=\"1360\" data-end=\"1382\">Hydrangea paniculata<\/em>. Pour une bordure riche en fleurs au printemps et en \u00e9t\u00e9, ajoutez \u00e9galement <em data-start=\"1444\" data-end=\"1452\">Allium<\/em> ou <em data-start=\"1456\" data-end=\"1464\">Salvia<\/em> de l'orteil.<\/p>\n<p data-start=\"1471\" data-end=\"1700\"><strong data-start=\"1471\" data-end=\"1499\">Conseil pour une floraison optimale :<\/strong> Donnez de l'eau en plus pendant les p\u00e9riodes de s\u00e9cheresse. Un \u00e9t\u00e9 chaud favorise le bourgeonnement pour l'ann\u00e9e suivante. La taille ? De pr\u00e9f\u00e9rence en juin ou juillet - l'air et la lumi\u00e8re favorisent la structure et la floraison.<\/p>\n<p data-start=\"1702\" data-end=\"1917\"><strong data-start=\"1702\" data-end=\"1720\">Sp\u00e9cifications :<\/strong><br data-start=\"1720\" data-end=\"1723\" \/>- Hauteur \u00e0 la livraison : environ 100 cm<br data-start=\"1756\" data-end=\"1759\" \/>- Taille du pot : 2 litres<br data-start=\"1777\" data-end=\"1780\" \/>- Forme de croissance : arbuste \u00e0 plusieurs tiges<br data-start=\"1816\" data-end=\"1819\" \/>- Rustique : jusqu'\u00e0 -30\u00b0C (zone 4)<br data-start=\"1851\" data-end=\"1854\" \/>- Nom latin : Cercis canadensis<br data-start=\"1888\" data-end=\"1891\" \/>- Origine : Am\u00e9rique du Nord<\/p>\n<p data-start=\"1919\" data-end=\"1982\">\ud83c\udf31 <em data-start=\"1922\" data-end=\"1982\">Directement disponible dans notre p\u00e9pini\u00e8re - stock limit\u00e9 !<\/em><\/p>\n<p data-start=\"1984\" data-end=\"2059\"><strong data-start=\"1984\" data-end=\"2059\">Commandez d\u00e8s maintenant votre Cercis canadensis et offrez \u00e0 votre jardin une floraison pr\u00e9coce.<\/strong><\/p>","protected":false},"excerpt":{"rendered":"<p>Cercis canadensis, arbre de Jud\u00e9e am\u00e9ricain<\/p>\n<p>Hauteur maximale : 8 m\u00e8tres<\/p>\n<p>Hardy<\/p>\n<p>Hauteur de livraison 100 cm<\/p>\n<p>Bocal de 2 litres<\/p>","protected":false},"featured_media":54255,"template":"","meta":{"_joinchat":[]},"product_brand":[],"product_cat":[3193],"product_tag":[3181,3182,3184,3185,3191,3183,3190,3180,1351,3186,3071,610,3188,3187,3189,3192],"class_list":{"0":"post-54243","1":"product","2":"type-product","3":"status-publish","4":"has-post-thumbnail","6":"product_cat-sierbomen","7":"product_tag-amerikaanse-judasboom","8":"product_tag-bloeiende-boom-kopen","9":"product_tag-boom-met-peulen","10":"product_tag-boom-met-roze-bloemen","11":"product_tag-boom-snoeien-zomer","12":"product_tag-boom-voor-kleine-tuin","13":"product_tag-boom-voor-zonrijke-plek","14":"product_tag-cercis-canadensis","15":"product_tag-halfschaduw","16":"product_tag-meerstammige-sierboom","17":"product_tag-solitair-boom","18":"product_tag-tuinplant","19":"product_tag-tuinplant-bloei-april","20":"product_tag-voorjaarsbloeiende-boom","21":"product_tag-winterharde-boom","22":"product_tag-zonminnende-boom","23":"pa_bloeimaanden-april","24":"pa_ewd_uwcf_colors-groen-2","25":"pa_ewd_uwcf_colors-roze","26":"pa_groeihoogte-300-cm","27":"pa_pot-zonder-pot","29":"first","30":"instock","31":"taxable","32":"shipping-taxable","33":"purchasable","34":"product-type-simple"},"yoast_head":"<!-- This site is optimized with the Yoast SEO plugin v24.2 - https:\/\/yoast.com\/wordpress\/plugins\/seo\/ -->\n<title>Cercis canadensis, Amerikaanse Judasboom, Hoogte 100cm, 2 liter pot kopen | Planten eenvoudig online bestellen | Schramas.com<\/title>\n<meta name=\"robots\" content=\"index, follow, max-snippet:-1, max-image-preview:large, max-video-preview:-1\" \/>\n<link rel=\"canonical\" href=\"https:\/\/www.schramas.com\/fr\/boutique\/cercis-canadensis-arbre-de-judee-americain-hauteur-100cm-pot-de-2-litres\/\" \/>\n<meta property=\"og:locale\" content=\"fr_FR\" \/>\n<meta property=\"og:type\" content=\"article\" \/>\n<meta property=\"og:title\" content=\"Cercis canadensis, Amerikaanse Judasboom, Hoogte 100cm, 2 liter pot kopen | Planten eenvoudig online bestellen | Schramas.com\" \/>\n<meta property=\"og:description\" content=\"Cercis canadensis, Amerikaanse Judasboom  Hoogte max: 8 meter  Winterhard  Leverhoogte 100 cm  2 liter pot\" \/>\n<meta property=\"og:url\" content=\"https:\/\/www.schramas.com\/fr\/boutique\/cercis-canadensis-arbre-de-judee-americain-hauteur-100cm-pot-de-2-litres\/\" \/>\n<meta property=\"og:site_name\" content=\"Planten eenvoudig online bestellen | Schramas.com\" \/>\n<meta property=\"article:publisher\" content=\"https:\/\/www.facebook.com\/Schramascom-106872874153195\/\" \/>\n<meta property=\"article:modified_time\" content=\"2026-04-29T18:05:37+00:00\" \/>\n<meta property=\"og:image\" content=\"http:\/\/www.schramas.com\/wp-content\/uploads\/2025\/07\/Cercis-canadensis.webp\" \/>\n\t<meta property=\"og:image:width\" content=\"800\" \/>\n\t<meta property=\"og:image:height\" content=\"800\" \/>\n\t<meta property=\"og:image:type\" content=\"image\/webp\" \/>\n<meta name=\"twitter:card\" content=\"summary_large_image\" \/>\n<meta name=\"twitter:label1\" content=\"Dur\u00e9e de lecture estim\u00e9e\" \/>\n\t<meta name=\"twitter:data1\" content=\"1 minute\" \/>\n<script type=\"application\/ld+json\" class=\"yoast-schema-graph\">{\"@context\":\"https:\/\/schema.org\",\"@graph\":[{\"@type\":[\"WebPage\",\"ItemPage\"],\"@id\":\"https:\/\/www.schramas.com\/winkel\/cercis-canadensis-amerikaanse-judasboom-hoogte-100cm-2-liter-pot\/\",\"url\":\"https:\/\/www.schramas.com\/winkel\/cercis-canadensis-amerikaanse-judasboom-hoogte-100cm-2-liter-pot\/\",\"name\":\"Cercis canadensis, Amerikaanse Judasboom, Hoogte 100cm, 2 liter pot kopen | Planten eenvoudig online bestellen | Schramas.com\",\"isPartOf\":{\"@id\":\"https:\/\/www.schramas.com\/#website\"},\"primaryImageOfPage\":{\"@id\":\"https:\/\/www.schramas.com\/winkel\/cercis-canadensis-amerikaanse-judasboom-hoogte-100cm-2-liter-pot\/#primaryimage\"},\"image\":{\"@id\":\"https:\/\/www.schramas.com\/winkel\/cercis-canadensis-amerikaanse-judasboom-hoogte-100cm-2-liter-pot\/#primaryimage\"},\"thumbnailUrl\":\"https:\/\/www.schramas.com\/wp-content\/uploads\/2025\/07\/Cercis-canadensis.webp\",\"datePublished\":\"2025-07-03T06:57:40+00:00\",\"dateModified\":\"2026-04-29T18:05:37+00:00\",\"breadcrumb\":{\"@id\":\"https:\/\/www.schramas.com\/winkel\/cercis-canadensis-amerikaanse-judasboom-hoogte-100cm-2-liter-pot\/#breadcrumb\"},\"inLanguage\":\"fr-FR\",\"potentialAction\":[{\"@type\":\"ReadAction\",\"target\":[\"https:\/\/www.schramas.com\/winkel\/cercis-canadensis-amerikaanse-judasboom-hoogte-100cm-2-liter-pot\/\"]}]},{\"@type\":\"ImageObject\",\"inLanguage\":\"fr-FR\",\"@id\":\"https:\/\/www.schramas.com\/winkel\/cercis-canadensis-amerikaanse-judasboom-hoogte-100cm-2-liter-pot\/#primaryimage\",\"url\":\"https:\/\/www.schramas.com\/wp-content\/uploads\/2025\/07\/Cercis-canadensis.webp\",\"contentUrl\":\"https:\/\/www.schramas.com\/wp-content\/uploads\/2025\/07\/Cercis-canadensis.webp\",\"width\":800,\"height\":800},{\"@type\":\"BreadcrumbList\",\"@id\":\"https:\/\/www.schramas.com\/winkel\/cercis-canadensis-amerikaanse-judasboom-hoogte-100cm-2-liter-pot\/#breadcrumb\",\"itemListElement\":[{\"@type\":\"ListItem\",\"position\":1,\"name\":\"Product\",\"item\":\"https:\/\/www.schramas.com\/assortiment\/\"},{\"@type\":\"ListItem\",\"position\":2,\"name\":\"Bomen &amp; Struiken\",\"item\":\"https:\/\/www.schramas.com\/product-category\/bomen-struiken\/\"},{\"@type\":\"ListItem\",\"position\":3,\"name\":\"Sierbomen\",\"item\":\"https:\/\/www.schramas.com\/product-category\/bomen-struiken\/sierbomen\/\"},{\"@type\":\"ListItem\",\"position\":4,\"name\":\"Cercis canadensis, Amerikaanse Judasboom, Hoogte 100cm, 2 liter pot\"}]},{\"@type\":\"WebSite\",\"@id\":\"https:\/\/www.schramas.com\/#website\",\"url\":\"https:\/\/www.schramas.com\/\",\"name\":\"Schramas.com | Tuinplanten eenvoudig online bestellen | Direct van onze Kwekerij\",\"description\":\"\",\"alternateName\":\"Schramas.com - Alle planten direct van de kweker\",\"potentialAction\":[{\"@type\":\"SearchAction\",\"target\":{\"@type\":\"EntryPoint\",\"urlTemplate\":\"https:\/\/www.schramas.com\/?s={search_term_string}\"},\"query-input\":{\"@type\":\"PropertyValueSpecification\",\"valueRequired\":true,\"valueName\":\"search_term_string\"}}],\"inLanguage\":\"fr-FR\"}]}<\/script>\n<!-- \/ Yoast SEO plugin. -->","yoast_head_json":{"title":"Acheter Cercis canadensis, Arbre de Jud\u00e9e Am\u00e9ricain, Hauteur 100cm, Pot de 2 litres | Plantes faciles en ligne | Schramas.com","robots":{"index":"index","follow":"follow","max-snippet":"max-snippet:-1","max-image-preview":"max-image-preview:large","max-video-preview":"max-video-preview:-1"},"canonical":"https:\/\/www.schramas.com\/fr\/boutique\/cercis-canadensis-arbre-de-judee-americain-hauteur-100cm-pot-de-2-litres\/","og_locale":"fr_FR","og_type":"article","og_title":"Cercis canadensis, Amerikaanse Judasboom, Hoogte 100cm, 2 liter pot kopen | Planten eenvoudig online bestellen | Schramas.com","og_description":"Cercis canadensis, Amerikaanse Judasboom  Hoogte max: 8 meter  Winterhard  Leverhoogte 100 cm  2 liter pot","og_url":"https:\/\/www.schramas.com\/fr\/boutique\/cercis-canadensis-arbre-de-judee-americain-hauteur-100cm-pot-de-2-litres\/","og_site_name":"Planten eenvoudig online bestellen | Schramas.com","article_publisher":"https:\/\/www.facebook.com\/Schramascom-106872874153195\/","article_modified_time":"2026-04-29T18:05:37+00:00","og_image":[{"width":800,"height":800,"url":"http:\/\/www.schramas.com\/wp-content\/uploads\/2025\/07\/Cercis-canadensis.webp","type":"image\/webp"}],"twitter_card":"summary_large_image","twitter_misc":{"Dur\u00e9e de lecture estim\u00e9e":"1 minute"},"schema":{"@context":"https:\/\/schema.org","@graph":[{"@type":["WebPage","ItemPage"],"@id":"https:\/\/www.schramas.com\/winkel\/cercis-canadensis-amerikaanse-judasboom-hoogte-100cm-2-liter-pot\/","url":"https:\/\/www.schramas.com\/winkel\/cercis-canadensis-amerikaanse-judasboom-hoogte-100cm-2-liter-pot\/","name":"Acheter Cercis canadensis, Arbre de Jud\u00e9e Am\u00e9ricain, Hauteur 100cm, Pot de 2 litres | Plantes faciles en ligne | Schramas.com","isPartOf":{"@id":"https:\/\/www.schramas.com\/#website"},"primaryImageOfPage":{"@id":"https:\/\/www.schramas.com\/winkel\/cercis-canadensis-amerikaanse-judasboom-hoogte-100cm-2-liter-pot\/#primaryimage"},"image":{"@id":"https:\/\/www.schramas.com\/winkel\/cercis-canadensis-amerikaanse-judasboom-hoogte-100cm-2-liter-pot\/#primaryimage"},"thumbnailUrl":"https:\/\/www.schramas.com\/wp-content\/uploads\/2025\/07\/Cercis-canadensis.webp","datePublished":"2025-07-03T06:57:40+00:00","dateModified":"2026-04-29T18:05:37+00:00","breadcrumb":{"@id":"https:\/\/www.schramas.com\/winkel\/cercis-canadensis-amerikaanse-judasboom-hoogte-100cm-2-liter-pot\/#breadcrumb"},"inLanguage":"fr-FR","potentialAction":[{"@type":"ReadAction","target":["https:\/\/www.schramas.com\/winkel\/cercis-canadensis-amerikaanse-judasboom-hoogte-100cm-2-liter-pot\/"]}]},{"@type":"ImageObject","inLanguage":"fr-FR","@id":"https:\/\/www.schramas.com\/winkel\/cercis-canadensis-amerikaanse-judasboom-hoogte-100cm-2-liter-pot\/#primaryimage","url":"https:\/\/www.schramas.com\/wp-content\/uploads\/2025\/07\/Cercis-canadensis.webp","contentUrl":"https:\/\/www.schramas.com\/wp-content\/uploads\/2025\/07\/Cercis-canadensis.webp","width":800,"height":800},{"@type":"BreadcrumbList","@id":"https:\/\/www.schramas.com\/winkel\/cercis-canadensis-amerikaanse-judasboom-hoogte-100cm-2-liter-pot\/#breadcrumb","itemListElement":[{"@type":"ListItem","position":1,"name":"Product","item":"https:\/\/www.schramas.com\/assortiment\/"},{"@type":"ListItem","position":2,"name":"Bomen &amp; Struiken","item":"https:\/\/www.schramas.com\/product-category\/bomen-struiken\/"},{"@type":"ListItem","position":3,"name":"Sierbomen","item":"https:\/\/www.schramas.com\/product-category\/bomen-struiken\/sierbomen\/"},{"@type":"ListItem","position":4,"name":"Cercis canadensis, Amerikaanse Judasboom, Hoogte 100cm, 2 liter pot"}]},{"@type":"WebSite","@id":"https:\/\/www.schramas.com\/#website","url":"https:\/\/www.schramas.com\/","name":"Schramas.com | Plantes de jardin faciles \u00e0 commander en ligne | En direct de notre p\u00e9pini\u00e8re","description":"","alternateName":"Schramas.com - Alle planten direct van de kweker","potentialAction":[{"@type":"SearchAction","target":{"@type":"EntryPoint","urlTemplate":"https:\/\/www.schramas.com\/?s={search_term_string}"},"query-input":{"@type":"PropertyValueSpecification","valueRequired":true,"valueName":"search_term_string"}}],"inLanguage":"fr-FR"}]}},"_links":{"self":[{"href":"https:\/\/www.schramas.com\/fr\/wp-json\/wp\/v2\/product\/54243","targetHints":{"allow":["GET"]}}],"collection":[{"href":"https:\/\/www.schramas.com\/fr\/wp-json\/wp\/v2\/product"}],"about":[{"href":"https:\/\/www.schramas.com\/fr\/wp-json\/wp\/v2\/types\/product"}],"version-history":[{"count":2,"href":"https:\/\/www.schramas.com\/fr\/wp-json\/wp\/v2\/product\/54243\/revisions"}],"predecessor-version":[{"id":54256,"href":"https:\/\/www.schramas.com\/fr\/wp-json\/wp\/v2\/product\/54243\/revisions\/54256"}],"wp:featuredmedia":[{"embeddable":true,"href":"https:\/\/www.schramas.com\/fr\/wp-json\/wp\/v2\/media\/54255"}],"wp:attachment":[{"href":"https:\/\/www.schramas.com\/fr\/wp-json\/wp\/v2\/media?parent=54243"}],"wp:term":[{"taxonomy":"product_brand","embeddable":true,"href":"https:\/\/www.schramas.com\/fr\/wp-json\/wp\/v2\/product_brand?post=54243"},{"taxonomy":"product_cat","embeddable":true,"href":"https:\/\/www.schramas.com\/fr\/wp-json\/wp\/v2\/product_cat?post=54243"},{"taxonomy":"product_tag","embeddable":true,"href":"https:\/\/www.schramas.com\/fr\/wp-json\/wp\/v2\/product_tag?post=54243"}],"curies":[{"name":"wp","href":"https:\/\/api.w.org\/{rel}","templated":true}]}}