{"id":56941,"date":"2025-07-11T15:52:17","date_gmt":"2025-07-11T13:52:17","guid":{"rendered":"https:\/\/www.schramas.com\/?post_type=product&#038;p=56941"},"modified":"2026-03-26T16:37:52","modified_gmt":"2026-03-26T15:37:52","slug":"sono-3-in-1-professionele-snoeiset-japans-sk5-staal","status":"publish","type":"product","link":"https:\/\/www.schramas.com\/fr\/boutique\/sono-3-in-1-professionele-snoeiset-japans-sk5-staal\/","title":{"rendered":"SONO\u00ae 3-in-1 Set d'\u00e9lagage professionnel - Acier japonais SK5"},"content":{"rendered":"<p><em data-start=\"563\" data-end=\"674\">Hoogwaardige snoeischaar, inklapbare zaag en oogstschaar in \u00e9\u00e9n set \u2013 perfect voor elke tuinier of fruitteler<\/em><\/p>\n<p>Maak het onderhoud van je tuin, boomgaard of kas makkelijker dan ooit met de <strong data-start=\"753\" data-end=\"792\">SONO\u00ae 3-in-1 Professionele Snoeiset<\/strong>. Deze complete set bestaat uit een <strong data-start=\"828\" data-end=\"851\">scherpe snoeischaar<\/strong>, een <strong data-start=\"857\" data-end=\"886\">krachtige inklapbare zaag<\/strong> en een <strong data-start=\"894\" data-end=\"915\">fijne oogstschaar<\/strong> \u2013 ideaal voor het snoeien van fruitbomen, struiken, bloemen en kruiden.<\/p>\n<p>Alle onderdelen zijn gemaakt van <strong data-start=\"1022\" data-end=\"1047\">hoogwaardig SK5 staal<\/strong> en andere duurzame materialen voor maximale snijprecisie, comfort en een lange levensduur. Of je nu een ervaren tuinier bent of professioneel werkt als fruitteler: deze <strong data-start=\"1217\" data-end=\"1240\">tuingereedschap-set<\/strong> is onmisbaar bij elke snoeibeurt.<\/p>\n<p><strong data-start=\"1288\" data-end=\"1331\">Wat zit er in de SONO\u00ae 3-in-1 Snoeiset?<\/strong><\/p>\n<p><strong data-start=\"1340\" data-end=\"1397\">Inklapbare Zaag (Model J140) \u2013 Voor dikkere takken<\/strong><\/p>\n<ul data-start=\"1398\" data-end=\"1639\">\n<li data-start=\"1398\" data-end=\"1420\"><strong data-start=\"1400\" data-end=\"1411\">Longueur :<\/strong> 220 mm<\/li>\n<li data-start=\"1421\" data-end=\"1497\"><strong data-start=\"1423\" data-end=\"1437\">Materiaal:<\/strong> Japans gehard SK5 staal met treble-ground zaagtandprofiel<\/li>\n<li data-start=\"1498\" data-end=\"1596\"><strong data-start=\"1500\" data-end=\"1518\">Caract\u00e9ristiques :<\/strong> Inklapbaar met stevige vergrendeling, ergonomisch handvat met antislip grip<\/li>\n<li data-start=\"1597\" data-end=\"1639\"><strong data-start=\"1599\" data-end=\"1618\">Zaagcapaciteit:<\/strong> Takken tot 80 mm dik<\/li>\n<\/ul>\n<p>Perfect voor het grove werk zoals het snoeien van dikke takken en struiken. Compact mee te nemen en veilig op te bergen.<\/p>\n<p><strong data-start=\"1770\" data-end=\"1840\">Professionele Snoeischaar (J335) \u2013 Voor krachtig en nauwkeurig snoeien<\/strong><\/p>\n<ul data-start=\"1841\" data-end=\"2065\">\n<li data-start=\"1841\" data-end=\"1863\"><strong data-start=\"1843\" data-end=\"1854\">Longueur :<\/strong> 200 mm<\/li>\n<li data-start=\"1864\" data-end=\"1928\"><strong data-start=\"1866\" data-end=\"1880\">Rayon sup\u00e9rieur :<\/strong> Japans SK5 staal met Teflon anti-kleefcoating<\/li>\n<li data-start=\"1929\" data-end=\"1983\"><strong data-start=\"1931\" data-end=\"1945\">Feuille de fond :<\/strong> Carbon 50c staal met chrome plating<\/li>\n<li data-start=\"1984\" data-end=\"2038\"><strong data-start=\"1986\" data-end=\"1998\">Poign\u00e9e :<\/strong> Lichtgewicht aluminium met PVC-grepen<\/li>\n<li data-start=\"2039\" data-end=\"2065\"><strong data-start=\"2041\" data-end=\"2056\">S\u00e9curit\u00e9:<\/strong> Duimslot<\/li>\n<\/ul>\n<p>Deze snoeischaar is geschikt voor het snoeien van fruitbomen, struiken en planten. De scherpe bladen zorgen voor een zuivere snede zonder rafels.<\/p>\n<p><strong data-start=\"2221\" data-end=\"2281\">Oogst- en Snoeischaar (Model J53) \u2013 Voor precisiewerk<\/strong><\/p>\n<ul data-start=\"2282\" data-end=\"2451\">\n<li data-start=\"2282\" data-end=\"2304\"><strong data-start=\"2284\" data-end=\"2295\">Longueur :<\/strong> 185 mm<\/li>\n<li data-start=\"2305\" data-end=\"2367\"><strong data-start=\"2307\" data-end=\"2318\">Bladen:<\/strong> Hoog carbon SK5 staal met harde chrome coating<\/li>\n<li data-start=\"2368\" data-end=\"2412\"><strong data-start=\"2370\" data-end=\"2382\">Poign\u00e9e :<\/strong> Metalen kern met PVC-grepen<\/li>\n<li data-start=\"2413\" data-end=\"2451\"><strong data-start=\"2415\" data-end=\"2425\">Extra :<\/strong> Crochet pour fixation \u00e0 ressort<\/li>\n<\/ul>\n<p>Ideaal voor het oogsten van bloemen, druiven, kruiden en andere fijne planten. Licht en wendbaar voor optimaal gebruiksgemak.<\/p>\n<p><strong data-start=\"2592\" data-end=\"2635\">Voordelen van de SONO\u00ae 3-in-1 Snoeiset:<\/strong><\/p>\n<ul data-start=\"2636\" data-end=\"2952\">\n<li data-start=\"2636\" data-end=\"2701\">Alles-in-\u00e9\u00e9n <strong data-start=\"2651\" data-end=\"2701\">tuingereedschap voor snoeien, zagen en oogsten<\/strong><\/li>\n<li data-start=\"2702\" data-end=\"2764\"><strong data-start=\"2704\" data-end=\"2731\">Professionele kwaliteit<\/strong>, geschikt voor intensief gebruik<\/li>\n<li data-start=\"2765\" data-end=\"2824\">Ergonomisch ontwerp voor <strong data-start=\"2792\" data-end=\"2824\">comfortabel en veilig werken<\/strong><\/li>\n<li data-start=\"2825\" data-end=\"2886\"><strong data-start=\"2827\" data-end=\"2850\">Duurzame materialen<\/strong> zoals Japans SK5 staal en aluminium<\/li>\n<li data-start=\"2887\" data-end=\"2952\"><strong data-start=\"2889\" data-end=\"2917\">Geschikt voor fruitteelt<\/strong>, siertuinen, volkstuinen en kassen<\/li>\n<\/ul>\n<p><strong data-start=\"2966\" data-end=\"2997\">Veelgebruikte toepassingen:<\/strong><\/p>\n<ul data-start=\"2998\" data-end=\"3209\">\n<li data-start=\"2998\" data-end=\"3049\">Snoeien van fruitbomen, druiven, bessenstruiken<\/li>\n<li data-start=\"3050\" data-end=\"3106\">Terugsnoeien van rozen, lavendel, coniferen en buxus<\/li>\n<li data-start=\"3107\" data-end=\"3157\">Oogsten van bloemen, kruiden en jonge scheuten<\/li>\n<li data-start=\"3158\" data-end=\"3209\">Zagen van dikkere takken in boomgaard of siertuin<\/li>\n<\/ul>\n<p><strong data-start=\"3216\" data-end=\"3292\">Zoek je een betrouwbare en professionele snoeiset die jarenlang meegaat?<\/strong><br data-start=\"3292\" data-end=\"3295\" \/><strong data-start=\"3295\" data-end=\"3396\">Bestel dan nu de SONO\u00ae 3-in-1 Tuinset \u2013 jouw complete oplossing voor al het snoeiwerk in de tuin.<\/strong><\/p>","protected":false},"excerpt":{"rendered":"<p>Model: J53, J140, J335<\/p>\n<p>Lengte: 185mm, 220 mm ,200mm<\/p>\n<p>Snoeischaren: Metalen handvatten met zwarte afwerking en PVC-grepen<\/p>\n<p>Snoeizaag: kunststof ergonomisch handvat met antislip grip<\/p>\n<p>Extra : Crochet pour la fixation du ressort<\/p>","protected":false},"featured_media":56945,"template":"","meta":{"_joinchat":[]},"product_brand":[],"product_cat":[137,142],"product_tag":[2138,2135,2134,2132,2128,2130,2137,2129,2103,2133,2131,2136,2139],"class_list":{"0":"post-56941","1":"product","2":"type-product","3":"status-publish","4":"has-post-thumbnail","6":"product_cat-accessoires","7":"product_cat-gereedschap","8":"product_tag-abs-handvat","9":"product_tag-duurzame-zaag","10":"product_tag-ergonomisch-handvat","11":"product_tag-gehard-staal","12":"product_tag-inklapbare-zaag","13":"product_tag-professionele-zaag","14":"product_tag-scherpe-zaag","15":"product_tag-sk5-staal-zaag","16":"product_tag-snoeigereedschap","17":"product_tag-treble-ground-zaagtandprofiel","18":"product_tag-tuinzaag","19":"product_tag-veilige-inklapzaag","20":"product_tag-vergrendelbare-zaag","22":"first","23":"outofstock","24":"taxable","25":"shipping-taxable","26":"purchasable","27":"product-type-simple"},"yoast_head":"<!-- This site is optimized with the Yoast SEO plugin v24.2 - https:\/\/yoast.com\/wordpress\/plugins\/seo\/ -->\n<title>SONO\u00ae 3-in-1 Professionele Snoeiset - Japans SK5 Staal kopen | Planten eenvoudig online bestellen | Schramas.com<\/title>\n<meta name=\"robots\" content=\"index, follow, max-snippet:-1, max-image-preview:large, max-video-preview:-1\" \/>\n<link rel=\"canonical\" href=\"https:\/\/www.schramas.com\/fr\/boutique\/sono-3-in-1-professionele-snoeiset-japans-sk5-staal\/\" \/>\n<meta property=\"og:locale\" content=\"fr_FR\" \/>\n<meta property=\"og:type\" content=\"article\" \/>\n<meta property=\"og:title\" content=\"SONO\u00ae 3-in-1 Professionele Snoeiset - Japans SK5 Staal kopen | Planten eenvoudig online bestellen | Schramas.com\" \/>\n<meta property=\"og:description\" content=\"Model: J53, J140, J335  Lengte: 185mm, 220 mm ,200mm  Snoeischaren: Metalen handvatten met zwarte afwerking en PVC-grepen  Snoeizaag: kunststof ergonomisch handvat met antislip grip  Extra: Haak voor veerbevestiging\" \/>\n<meta property=\"og:url\" content=\"https:\/\/www.schramas.com\/fr\/boutique\/sono-3-in-1-professionele-snoeiset-japans-sk5-staal\/\" \/>\n<meta property=\"og:site_name\" content=\"Planten eenvoudig online bestellen | Schramas.com\" \/>\n<meta property=\"article:publisher\" content=\"https:\/\/www.facebook.com\/Schramascom-106872874153195\/\" \/>\n<meta property=\"article:modified_time\" content=\"2026-03-26T15:37:52+00:00\" \/>\n<meta property=\"og:image\" content=\"http:\/\/www.schramas.com\/wp-content\/uploads\/2025\/07\/snoeipakket.webp\" \/>\n\t<meta property=\"og:image:width\" content=\"800\" \/>\n\t<meta property=\"og:image:height\" content=\"800\" \/>\n\t<meta property=\"og:image:type\" content=\"image\/webp\" \/>\n<meta name=\"twitter:card\" content=\"summary_large_image\" \/>\n<meta name=\"twitter:label1\" content=\"Dur\u00e9e de lecture estim\u00e9e\" \/>\n\t<meta name=\"twitter:data1\" content=\"1 minute\" \/>\n<script type=\"application\/ld+json\" class=\"yoast-schema-graph\">{\"@context\":\"https:\/\/schema.org\",\"@graph\":[{\"@type\":[\"WebPage\",\"ItemPage\"],\"@id\":\"https:\/\/www.schramas.com\/winkel\/sono-3-in-1-professionele-snoeiset-japans-sk5-staal\/\",\"url\":\"https:\/\/www.schramas.com\/winkel\/sono-3-in-1-professionele-snoeiset-japans-sk5-staal\/\",\"name\":\"SONO\u00ae 3-in-1 Professionele Snoeiset - Japans SK5 Staal kopen | Planten eenvoudig online bestellen | Schramas.com\",\"isPartOf\":{\"@id\":\"https:\/\/www.schramas.com\/#website\"},\"primaryImageOfPage\":{\"@id\":\"https:\/\/www.schramas.com\/winkel\/sono-3-in-1-professionele-snoeiset-japans-sk5-staal\/#primaryimage\"},\"image\":{\"@id\":\"https:\/\/www.schramas.com\/winkel\/sono-3-in-1-professionele-snoeiset-japans-sk5-staal\/#primaryimage\"},\"thumbnailUrl\":\"https:\/\/www.schramas.com\/wp-content\/uploads\/2025\/07\/snoeipakket.webp\",\"datePublished\":\"2025-07-11T13:52:17+00:00\",\"dateModified\":\"2026-03-26T15:37:52+00:00\",\"breadcrumb\":{\"@id\":\"https:\/\/www.schramas.com\/winkel\/sono-3-in-1-professionele-snoeiset-japans-sk5-staal\/#breadcrumb\"},\"inLanguage\":\"fr-FR\",\"potentialAction\":[{\"@type\":\"ReadAction\",\"target\":[\"https:\/\/www.schramas.com\/winkel\/sono-3-in-1-professionele-snoeiset-japans-sk5-staal\/\"]}]},{\"@type\":\"ImageObject\",\"inLanguage\":\"fr-FR\",\"@id\":\"https:\/\/www.schramas.com\/winkel\/sono-3-in-1-professionele-snoeiset-japans-sk5-staal\/#primaryimage\",\"url\":\"https:\/\/www.schramas.com\/wp-content\/uploads\/2025\/07\/snoeipakket.webp\",\"contentUrl\":\"https:\/\/www.schramas.com\/wp-content\/uploads\/2025\/07\/snoeipakket.webp\",\"width\":800,\"height\":800},{\"@type\":\"BreadcrumbList\",\"@id\":\"https:\/\/www.schramas.com\/winkel\/sono-3-in-1-professionele-snoeiset-japans-sk5-staal\/#breadcrumb\",\"itemListElement\":[{\"@type\":\"ListItem\",\"position\":1,\"name\":\"Product\",\"item\":\"https:\/\/www.schramas.com\/assortiment\/\"},{\"@type\":\"ListItem\",\"position\":2,\"name\":\"Accessoires\",\"item\":\"https:\/\/www.schramas.com\/product-category\/accessoires\/\"},{\"@type\":\"ListItem\",\"position\":3,\"name\":\"Tuingereedschap\",\"item\":\"https:\/\/www.schramas.com\/product-category\/accessoires\/gereedschap\/\"},{\"@type\":\"ListItem\",\"position\":4,\"name\":\"SONO\u00ae 3-in-1 Professionele Snoeiset &#8211; Japans SK5 Staal\"}]},{\"@type\":\"WebSite\",\"@id\":\"https:\/\/www.schramas.com\/#website\",\"url\":\"https:\/\/www.schramas.com\/\",\"name\":\"Schramas.com | Tuinplanten eenvoudig online bestellen | Direct van onze Kwekerij\",\"description\":\"\",\"alternateName\":\"Schramas.com - Alle planten direct van de kweker\",\"potentialAction\":[{\"@type\":\"SearchAction\",\"target\":{\"@type\":\"EntryPoint\",\"urlTemplate\":\"https:\/\/www.schramas.com\/?s={search_term_string}\"},\"query-input\":{\"@type\":\"PropertyValueSpecification\",\"valueRequired\":true,\"valueName\":\"search_term_string\"}}],\"inLanguage\":\"fr-FR\"}]}<\/script>\n<!-- \/ Yoast SEO plugin. -->","yoast_head_json":{"title":"SONO\u00ae 3-in-1 Professionele Snoeiset - Japans SK5 Staal kopen | Planten eenvoudig online bestellen | Schramas.com","robots":{"index":"index","follow":"follow","max-snippet":"max-snippet:-1","max-image-preview":"max-image-preview:large","max-video-preview":"max-video-preview:-1"},"canonical":"https:\/\/www.schramas.com\/fr\/boutique\/sono-3-in-1-professionele-snoeiset-japans-sk5-staal\/","og_locale":"fr_FR","og_type":"article","og_title":"SONO\u00ae 3-in-1 Professionele Snoeiset - Japans SK5 Staal kopen | Planten eenvoudig online bestellen | Schramas.com","og_description":"Model: J53, J140, J335  Lengte: 185mm, 220 mm ,200mm  Snoeischaren: Metalen handvatten met zwarte afwerking en PVC-grepen  Snoeizaag: kunststof ergonomisch handvat met antislip grip  Extra: Haak voor veerbevestiging","og_url":"https:\/\/www.schramas.com\/fr\/boutique\/sono-3-in-1-professionele-snoeiset-japans-sk5-staal\/","og_site_name":"Planten eenvoudig online bestellen | Schramas.com","article_publisher":"https:\/\/www.facebook.com\/Schramascom-106872874153195\/","article_modified_time":"2026-03-26T15:37:52+00:00","og_image":[{"width":800,"height":800,"url":"http:\/\/www.schramas.com\/wp-content\/uploads\/2025\/07\/snoeipakket.webp","type":"image\/webp"}],"twitter_card":"summary_large_image","twitter_misc":{"Dur\u00e9e de lecture estim\u00e9e":"1 minute"},"schema":{"@context":"https:\/\/schema.org","@graph":[{"@type":["WebPage","ItemPage"],"@id":"https:\/\/www.schramas.com\/winkel\/sono-3-in-1-professionele-snoeiset-japans-sk5-staal\/","url":"https:\/\/www.schramas.com\/winkel\/sono-3-in-1-professionele-snoeiset-japans-sk5-staal\/","name":"SONO\u00ae 3-in-1 Professionele Snoeiset - Japans SK5 Staal kopen | Planten eenvoudig online bestellen | Schramas.com","isPartOf":{"@id":"https:\/\/www.schramas.com\/#website"},"primaryImageOfPage":{"@id":"https:\/\/www.schramas.com\/winkel\/sono-3-in-1-professionele-snoeiset-japans-sk5-staal\/#primaryimage"},"image":{"@id":"https:\/\/www.schramas.com\/winkel\/sono-3-in-1-professionele-snoeiset-japans-sk5-staal\/#primaryimage"},"thumbnailUrl":"https:\/\/www.schramas.com\/wp-content\/uploads\/2025\/07\/snoeipakket.webp","datePublished":"2025-07-11T13:52:17+00:00","dateModified":"2026-03-26T15:37:52+00:00","breadcrumb":{"@id":"https:\/\/www.schramas.com\/winkel\/sono-3-in-1-professionele-snoeiset-japans-sk5-staal\/#breadcrumb"},"inLanguage":"fr-FR","potentialAction":[{"@type":"ReadAction","target":["https:\/\/www.schramas.com\/winkel\/sono-3-in-1-professionele-snoeiset-japans-sk5-staal\/"]}]},{"@type":"ImageObject","inLanguage":"fr-FR","@id":"https:\/\/www.schramas.com\/winkel\/sono-3-in-1-professionele-snoeiset-japans-sk5-staal\/#primaryimage","url":"https:\/\/www.schramas.com\/wp-content\/uploads\/2025\/07\/snoeipakket.webp","contentUrl":"https:\/\/www.schramas.com\/wp-content\/uploads\/2025\/07\/snoeipakket.webp","width":800,"height":800},{"@type":"BreadcrumbList","@id":"https:\/\/www.schramas.com\/winkel\/sono-3-in-1-professionele-snoeiset-japans-sk5-staal\/#breadcrumb","itemListElement":[{"@type":"ListItem","position":1,"name":"Product","item":"https:\/\/www.schramas.com\/assortiment\/"},{"@type":"ListItem","position":2,"name":"Accessoires","item":"https:\/\/www.schramas.com\/product-category\/accessoires\/"},{"@type":"ListItem","position":3,"name":"Tuingereedschap","item":"https:\/\/www.schramas.com\/product-category\/accessoires\/gereedschap\/"},{"@type":"ListItem","position":4,"name":"SONO\u00ae 3-in-1 Professionele Snoeiset &#8211; Japans SK5 Staal"}]},{"@type":"WebSite","@id":"https:\/\/www.schramas.com\/#website","url":"https:\/\/www.schramas.com\/","name":"Schramas.com | Plantes de jardin faciles \u00e0 commander en ligne | En direct de notre p\u00e9pini\u00e8re","description":"","alternateName":"Schramas.com - Alle planten direct van de kweker","potentialAction":[{"@type":"SearchAction","target":{"@type":"EntryPoint","urlTemplate":"https:\/\/www.schramas.com\/?s={search_term_string}"},"query-input":{"@type":"PropertyValueSpecification","valueRequired":true,"valueName":"search_term_string"}}],"inLanguage":"fr-FR"}]}},"_links":{"self":[{"href":"https:\/\/www.schramas.com\/fr\/wp-json\/wp\/v2\/product\/56941","targetHints":{"allow":["GET"]}}],"collection":[{"href":"https:\/\/www.schramas.com\/fr\/wp-json\/wp\/v2\/product"}],"about":[{"href":"https:\/\/www.schramas.com\/fr\/wp-json\/wp\/v2\/types\/product"}],"version-history":[{"count":4,"href":"https:\/\/www.schramas.com\/fr\/wp-json\/wp\/v2\/product\/56941\/revisions"}],"predecessor-version":[{"id":57984,"href":"https:\/\/www.schramas.com\/fr\/wp-json\/wp\/v2\/product\/56941\/revisions\/57984"}],"wp:featuredmedia":[{"embeddable":true,"href":"https:\/\/www.schramas.com\/fr\/wp-json\/wp\/v2\/media\/56945"}],"wp:attachment":[{"href":"https:\/\/www.schramas.com\/fr\/wp-json\/wp\/v2\/media?parent=56941"}],"wp:term":[{"taxonomy":"product_brand","embeddable":true,"href":"https:\/\/www.schramas.com\/fr\/wp-json\/wp\/v2\/product_brand?post=56941"},{"taxonomy":"product_cat","embeddable":true,"href":"https:\/\/www.schramas.com\/fr\/wp-json\/wp\/v2\/product_cat?post=56941"},{"taxonomy":"product_tag","embeddable":true,"href":"https:\/\/www.schramas.com\/fr\/wp-json\/wp\/v2\/product_tag?post=56941"}],"curies":[{"name":"wp","href":"https:\/\/api.w.org\/{rel}","templated":true}]}}