{"id":58296,"date":"2025-08-21T11:11:33","date_gmt":"2025-08-21T09:11:33","guid":{"rendered":"https:\/\/www.schramas.com\/?post_type=product&#038;p=58296"},"modified":"2026-04-13T20:06:46","modified_gmt":"2026-04-13T18:06:46","slug":"malus-domestica-ballerina-flamenco-zuilappelboom-kneusje-7-liter-pot-hoogte-80-100-cm","status":"publish","type":"product","link":"https:\/\/www.schramas.com\/fr\/boutique\/malus-domestica-ballerina-flamenco-zuilappelboom-kneusje-7-liter-pot-hoogte-80-100-cm\/","title":{"rendered":"Malus domestica Ballerina \u2018Flamenco\u2019 pommier colonnaire, Kneus, pot de 7 litres"},"content":{"rendered":"<p data-start=\"91\" data-end=\"512\">De Malus domestica Ballerina &#8216;Flamenco&#8217; is een echte zuilappelboom die stijlvol \u00e9n functioneel is in elke tuin. Met zijn unieke, opgaande groeivorm groeit deze appelboom strak omhoog zonder brede vertakkingen. Hierdoor is hij uitermate geschikt voor kleine tuinen, smalle borders, terrassen of zelfs grote potten op balkons. De vruchten verschijnen direct langs de stam, wat zorgt voor een decoratief \u00e9n praktisch effect.<\/p>\n<p>Deze Appelboom is een kneusje, dat wil zeggen dat deze boom wat minder mooi is dan de kwaliteit die meestal wordt verwacht, het kan bijvoorbeeld dat deze boom een kromme stam heeft, of dat het topje van deze plant is afgebroken. Met het goed verzorgen van deze planten heeft u na enige tijd weer een mooie appelboom, alleen is er wel wat moeite voor nodig.<\/p>\n<h4 data-start=\"519\" data-end=\"546\">Caract\u00e9ristiques principales<\/h4>\n<ul data-start=\"548\" data-end=\"852\">\n<li data-start=\"548\" data-end=\"612\">\n<p data-start=\"550\" data-end=\"612\"><strong data-start=\"550\" data-end=\"580\">Compacte zuilvormige groei<\/strong> \u2013 ideaal voor beperkte ruimte<\/p>\n<\/li>\n<li data-start=\"613\" data-end=\"671\">\n<p data-start=\"615\" data-end=\"671\"><strong data-start=\"615\" data-end=\"636\">Donkerrode appels<\/strong> met een aangename zoetzure smaak<\/p>\n<\/li>\n<li data-start=\"672\" data-end=\"746\">\n<p data-start=\"674\" data-end=\"746\"><strong data-start=\"674\" data-end=\"702\">Decoratief \u00e9n productief<\/strong> \u2013 vormt een prachtige verticale fruitwand<\/p>\n<\/li>\n<li data-start=\"747\" data-end=\"803\">\n<p data-start=\"749\" data-end=\"803\"><strong data-start=\"749\" data-end=\"776\">Gemakkelijke verzorging<\/strong> \u2013 nauwelijks snoei nodig<\/p>\n<\/li>\n<li data-start=\"804\" data-end=\"852\">\n<p data-start=\"806\" data-end=\"852\">Perfect als solitair of in rijbeplanting<\/p>\n<\/li>\n<\/ul>\n<p>&nbsp;<\/p>\n<h4 data-start=\"1291\" data-end=\"1305\">Application<\/h4>\n<p data-start=\"1307\" data-end=\"1537\">De \u2018Flamenco\u2019 is ideaal voor moderne tuinen en stadstuinen waar ruimte schaars is. Plaats hem als natuurlijke afscheiding, als verticale blikvanger in een plantenbak of combineer meerdere zuilappelbomen voor een stijlvol fruitpad.<\/p>\n<h3 data-start=\"1544\" data-end=\"1591\"><\/h3>\n<h4 data-start=\"1544\" data-end=\"1591\">Waarom kiezen voor de \u2018Flamenco\u2019 zuilappel?<\/h4>\n<ul data-start=\"1593\" data-end=\"1806\">\n<li data-start=\"1593\" data-end=\"1640\">\n<p data-start=\"1595\" data-end=\"1640\">Maximale fruitopbrengst met minimale ruimte<\/p>\n<\/li>\n<li data-start=\"1641\" data-end=\"1716\">\n<p data-start=\"1643\" data-end=\"1716\">Donkerrode, aromatische appels met een fijne balans tussen zoet en zuur<\/p>\n<\/li>\n<li data-start=\"1717\" data-end=\"1743\">\n<p data-start=\"1719\" data-end=\"1743\">Weinig onderhoud nodig<\/p>\n<\/li>\n<li data-start=\"1744\" data-end=\"1771\">\n<p data-start=\"1746\" data-end=\"1771\">Sfeervol \u00e9n functioneel<\/p>\n<\/li>\n<li data-start=\"1772\" data-end=\"1806\">\n<p data-start=\"1774\" data-end=\"1806\">Ook geschikt voor containerteelt<\/p>\n<\/li>\n<\/ul>","protected":false},"excerpt":{"rendered":"<p>Malus domestica &#039;flamenco&#039;<\/p>\n<p>Echte zuil-appel<\/p>\n<p>go\u00fbt : sucr\u00e9<\/p>\n<p>couleur des fruits : rouge<\/p>\n<p>Hauteur maximale : 2,5-3 m\u00e8tres<\/p>\n<p>Convient aussi bien pour les terrasses que pour les terrains en plein air.<\/p>\n<p>Autogame. Bien que cette ballerine soit autogame, nous recommandons toujours de placer une pomme ornementale Malus \u00e0 moins de 10 m\u00e8tres de l&#039;arbre pour plus de pollinisation crois\u00e9e.<\/p>\n<p>Hauteur de livraison, pot compris : +\/_80-100 cm<\/p>\n<p>Taille du pot : 7 litres<\/p>","protected":false},"featured_media":58297,"template":"","meta":{"_joinchat":[]},"product_brand":[],"product_cat":[20,262,233,152],"product_tag":[569,3484,3109,3482,3477,3478,3480,705,3475,3085,3481,709,584,352,3476,3483,587,3479,3403,351,316,3474,706],"class_list":{"0":"post-58296","1":"product","2":"type-product","3":"status-publish","4":"has-post-thumbnail","6":"product_cat-appels","7":"product_cat-bomen-struiken","8":"product_cat-fruitbomen","9":"product_cat-zuilfruit","10":"product_tag-appel","11":"product_tag-appelboom-7-liter-pot","12":"product_tag-appelboom-klein-formaat","13":"product_tag-appelboom-stadstuin","14":"product_tag-appelboom-voor-balkon","15":"product_tag-appelboom-voor-pot","16":"product_tag-appelboom-zoetzure-smaak","17":"product_tag-ballerina","18":"product_tag-ballerina-appelboom","19":"product_tag-compacte-appelboom","20":"product_tag-donkerrode-appels","21":"product_tag-flamenco","22":"product_tag-fris-zoet","23":"product_tag-geent","24":"product_tag-malus-domestica-flamenco","25":"product_tag-onderhoudsarme-appelboom","26":"product_tag-rood","27":"product_tag-smalle-appelboom","28":"product_tag-verticale-fruitteelt","29":"product_tag-winterhard","30":"product_tag-zelfbestuivend","31":"product_tag-zuilappelboom-flamenco","32":"product_tag-zuilvorm","33":"pa_bloeimaanden-maart","34":"pa_bloeimaanden-april","35":"pa_ewd_uwcf_colors-rood-2","36":"pa_groeihoogte-200-300-cm","37":"pa_pot-7-liter-pot","39":"first","40":"instock","41":"sale","42":"taxable","43":"shipping-taxable","44":"purchasable","45":"product-type-simple"},"yoast_head":"<!-- This site is optimized with the Yoast SEO plugin v24.2 - https:\/\/yoast.com\/wordpress\/plugins\/seo\/ -->\n<title>Malus domestica Ballerina &#039;Flamenco&#039; zuilappelboom, Kneusje, 7 liter pot kopen | Planten eenvoudig online bestellen | Schramas.com<\/title>\n<meta name=\"robots\" content=\"index, follow, max-snippet:-1, max-image-preview:large, max-video-preview:-1\" \/>\n<link rel=\"canonical\" href=\"https:\/\/www.schramas.com\/fr\/boutique\/malus-domestica-ballerina-flamenco-zuilappelboom-kneusje-7-liter-pot-hoogte-80-100-cm\/\" \/>\n<meta property=\"og:locale\" content=\"fr_FR\" \/>\n<meta property=\"og:type\" content=\"article\" \/>\n<meta property=\"og:title\" content=\"Malus domestica Ballerina &#039;Flamenco&#039; zuilappelboom, Kneusje, 7 liter pot kopen | Planten eenvoudig online bestellen | Schramas.com\" \/>\n<meta property=\"og:description\" content=\"Malus domestica &#039;flamenco&#039;  Echte zuil-appel  smaak: zoet  kleur vrucht: rood  Hoogte maximaal: 2,5- 3 meter  Geschikt voor zowel patio als volle grond.  Zelf bestuivend. Hoewel deze ballerina zelf bestuivend is raden wij altijd aan een malus sierappel binnen 10 meter van de boom te plaatsen voor meer kruisbestuiving.  Leverhoogte incl. pot: +\/_80-100 cm  Pot maat: 7 liter\" \/>\n<meta property=\"og:url\" content=\"https:\/\/www.schramas.com\/fr\/boutique\/malus-domestica-ballerina-flamenco-zuilappelboom-kneusje-7-liter-pot-hoogte-80-100-cm\/\" \/>\n<meta property=\"og:site_name\" content=\"Planten eenvoudig online bestellen | Schramas.com\" \/>\n<meta property=\"article:publisher\" content=\"https:\/\/www.facebook.com\/Schramascom-106872874153195\/\" \/>\n<meta property=\"article:modified_time\" content=\"2026-04-13T18:06:46+00:00\" \/>\n<meta property=\"og:image\" content=\"http:\/\/www.schramas.com\/wp-content\/uploads\/2025\/08\/Malus-domestica-Flamenco-Kneus-sfeer.webp\" \/>\n\t<meta property=\"og:image:width\" content=\"800\" \/>\n\t<meta property=\"og:image:height\" content=\"800\" \/>\n\t<meta property=\"og:image:type\" content=\"image\/webp\" \/>\n<meta name=\"twitter:card\" content=\"summary_large_image\" \/>\n<meta name=\"twitter:label1\" content=\"Dur\u00e9e de lecture estim\u00e9e\" \/>\n\t<meta name=\"twitter:data1\" content=\"1 minute\" \/>\n<script type=\"application\/ld+json\" class=\"yoast-schema-graph\">{\"@context\":\"https:\/\/schema.org\",\"@graph\":[{\"@type\":[\"WebPage\",\"ItemPage\"],\"@id\":\"https:\/\/www.schramas.com\/winkel\/malus-domestica-ballerina-flamenco-zuilappelboom-kneusje-7-liter-pot-hoogte-80-100-cm\/\",\"url\":\"https:\/\/www.schramas.com\/winkel\/malus-domestica-ballerina-flamenco-zuilappelboom-kneusje-7-liter-pot-hoogte-80-100-cm\/\",\"name\":\"Malus domestica Ballerina 'Flamenco' zuilappelboom, Kneusje, 7 liter pot kopen | Planten eenvoudig online bestellen | Schramas.com\",\"isPartOf\":{\"@id\":\"https:\/\/www.schramas.com\/#website\"},\"primaryImageOfPage\":{\"@id\":\"https:\/\/www.schramas.com\/winkel\/malus-domestica-ballerina-flamenco-zuilappelboom-kneusje-7-liter-pot-hoogte-80-100-cm\/#primaryimage\"},\"image\":{\"@id\":\"https:\/\/www.schramas.com\/winkel\/malus-domestica-ballerina-flamenco-zuilappelboom-kneusje-7-liter-pot-hoogte-80-100-cm\/#primaryimage\"},\"thumbnailUrl\":\"https:\/\/www.schramas.com\/wp-content\/uploads\/2025\/08\/Malus-domestica-Flamenco-Kneus-sfeer.webp\",\"datePublished\":\"2025-08-21T09:11:33+00:00\",\"dateModified\":\"2026-04-13T18:06:46+00:00\",\"breadcrumb\":{\"@id\":\"https:\/\/www.schramas.com\/winkel\/malus-domestica-ballerina-flamenco-zuilappelboom-kneusje-7-liter-pot-hoogte-80-100-cm\/#breadcrumb\"},\"inLanguage\":\"fr-FR\",\"potentialAction\":[{\"@type\":\"ReadAction\",\"target\":[\"https:\/\/www.schramas.com\/winkel\/malus-domestica-ballerina-flamenco-zuilappelboom-kneusje-7-liter-pot-hoogte-80-100-cm\/\"]}]},{\"@type\":\"ImageObject\",\"inLanguage\":\"fr-FR\",\"@id\":\"https:\/\/www.schramas.com\/winkel\/malus-domestica-ballerina-flamenco-zuilappelboom-kneusje-7-liter-pot-hoogte-80-100-cm\/#primaryimage\",\"url\":\"https:\/\/www.schramas.com\/wp-content\/uploads\/2025\/08\/Malus-domestica-Flamenco-Kneus-sfeer.webp\",\"contentUrl\":\"https:\/\/www.schramas.com\/wp-content\/uploads\/2025\/08\/Malus-domestica-Flamenco-Kneus-sfeer.webp\",\"width\":800,\"height\":800},{\"@type\":\"BreadcrumbList\",\"@id\":\"https:\/\/www.schramas.com\/winkel\/malus-domestica-ballerina-flamenco-zuilappelboom-kneusje-7-liter-pot-hoogte-80-100-cm\/#breadcrumb\",\"itemListElement\":[{\"@type\":\"ListItem\",\"position\":1,\"name\":\"Product\",\"item\":\"https:\/\/www.schramas.com\/assortiment\/\"},{\"@type\":\"ListItem\",\"position\":2,\"name\":\"Bomen &amp; Struiken\",\"item\":\"https:\/\/www.schramas.com\/product-category\/bomen-struiken\/\"},{\"@type\":\"ListItem\",\"position\":3,\"name\":\"Specials\",\"item\":\"https:\/\/www.schramas.com\/product-category\/bomen-struiken\/specials\/\"},{\"@type\":\"ListItem\",\"position\":4,\"name\":\"Pilaar\/zuil fruit\",\"item\":\"https:\/\/www.schramas.com\/product-category\/bomen-struiken\/specials\/zuilfruit\/\"},{\"@type\":\"ListItem\",\"position\":5,\"name\":\"Malus domestica Ballerina &#8216;Flamenco&#8217; zuilappelboom, Kneusje, 7 liter pot\"}]},{\"@type\":\"WebSite\",\"@id\":\"https:\/\/www.schramas.com\/#website\",\"url\":\"https:\/\/www.schramas.com\/\",\"name\":\"Schramas.com | Tuinplanten eenvoudig online bestellen | Direct van onze Kwekerij\",\"description\":\"\",\"alternateName\":\"Schramas.com - Alle planten direct van de kweker\",\"potentialAction\":[{\"@type\":\"SearchAction\",\"target\":{\"@type\":\"EntryPoint\",\"urlTemplate\":\"https:\/\/www.schramas.com\/?s={search_term_string}\"},\"query-input\":{\"@type\":\"PropertyValueSpecification\",\"valueRequired\":true,\"valueName\":\"search_term_string\"}}],\"inLanguage\":\"fr-FR\"}]}<\/script>\n<!-- \/ Yoast SEO plugin. -->","yoast_head_json":{"title":"Malus domestica Ballerina 'Flamenco' zuilappelboom, Kneusje, 7 liter pot kopen | Planten eenvoudig online bestellen | Schramas.com","robots":{"index":"index","follow":"follow","max-snippet":"max-snippet:-1","max-image-preview":"max-image-preview:large","max-video-preview":"max-video-preview:-1"},"canonical":"https:\/\/www.schramas.com\/fr\/boutique\/malus-domestica-ballerina-flamenco-zuilappelboom-kneusje-7-liter-pot-hoogte-80-100-cm\/","og_locale":"fr_FR","og_type":"article","og_title":"Malus domestica Ballerina 'Flamenco' zuilappelboom, Kneusje, 7 liter pot kopen | Planten eenvoudig online bestellen | Schramas.com","og_description":"Malus domestica 'flamenco'  Echte zuil-appel  smaak: zoet  kleur vrucht: rood  Hoogte maximaal: 2,5- 3 meter  Geschikt voor zowel patio als volle grond.  Zelf bestuivend. Hoewel deze ballerina zelf bestuivend is raden wij altijd aan een malus sierappel binnen 10 meter van de boom te plaatsen voor meer kruisbestuiving.  Leverhoogte incl. pot: +\/_80-100 cm  Pot maat: 7 liter","og_url":"https:\/\/www.schramas.com\/fr\/boutique\/malus-domestica-ballerina-flamenco-zuilappelboom-kneusje-7-liter-pot-hoogte-80-100-cm\/","og_site_name":"Planten eenvoudig online bestellen | Schramas.com","article_publisher":"https:\/\/www.facebook.com\/Schramascom-106872874153195\/","article_modified_time":"2026-04-13T18:06:46+00:00","og_image":[{"width":800,"height":800,"url":"http:\/\/www.schramas.com\/wp-content\/uploads\/2025\/08\/Malus-domestica-Flamenco-Kneus-sfeer.webp","type":"image\/webp"}],"twitter_card":"summary_large_image","twitter_misc":{"Dur\u00e9e de lecture estim\u00e9e":"1 minute"},"schema":{"@context":"https:\/\/schema.org","@graph":[{"@type":["WebPage","ItemPage"],"@id":"https:\/\/www.schramas.com\/winkel\/malus-domestica-ballerina-flamenco-zuilappelboom-kneusje-7-liter-pot-hoogte-80-100-cm\/","url":"https:\/\/www.schramas.com\/winkel\/malus-domestica-ballerina-flamenco-zuilappelboom-kneusje-7-liter-pot-hoogte-80-100-cm\/","name":"Malus domestica Ballerina 'Flamenco' zuilappelboom, Kneusje, 7 liter pot kopen | Planten eenvoudig online bestellen | Schramas.com","isPartOf":{"@id":"https:\/\/www.schramas.com\/#website"},"primaryImageOfPage":{"@id":"https:\/\/www.schramas.com\/winkel\/malus-domestica-ballerina-flamenco-zuilappelboom-kneusje-7-liter-pot-hoogte-80-100-cm\/#primaryimage"},"image":{"@id":"https:\/\/www.schramas.com\/winkel\/malus-domestica-ballerina-flamenco-zuilappelboom-kneusje-7-liter-pot-hoogte-80-100-cm\/#primaryimage"},"thumbnailUrl":"https:\/\/www.schramas.com\/wp-content\/uploads\/2025\/08\/Malus-domestica-Flamenco-Kneus-sfeer.webp","datePublished":"2025-08-21T09:11:33+00:00","dateModified":"2026-04-13T18:06:46+00:00","breadcrumb":{"@id":"https:\/\/www.schramas.com\/winkel\/malus-domestica-ballerina-flamenco-zuilappelboom-kneusje-7-liter-pot-hoogte-80-100-cm\/#breadcrumb"},"inLanguage":"fr-FR","potentialAction":[{"@type":"ReadAction","target":["https:\/\/www.schramas.com\/winkel\/malus-domestica-ballerina-flamenco-zuilappelboom-kneusje-7-liter-pot-hoogte-80-100-cm\/"]}]},{"@type":"ImageObject","inLanguage":"fr-FR","@id":"https:\/\/www.schramas.com\/winkel\/malus-domestica-ballerina-flamenco-zuilappelboom-kneusje-7-liter-pot-hoogte-80-100-cm\/#primaryimage","url":"https:\/\/www.schramas.com\/wp-content\/uploads\/2025\/08\/Malus-domestica-Flamenco-Kneus-sfeer.webp","contentUrl":"https:\/\/www.schramas.com\/wp-content\/uploads\/2025\/08\/Malus-domestica-Flamenco-Kneus-sfeer.webp","width":800,"height":800},{"@type":"BreadcrumbList","@id":"https:\/\/www.schramas.com\/winkel\/malus-domestica-ballerina-flamenco-zuilappelboom-kneusje-7-liter-pot-hoogte-80-100-cm\/#breadcrumb","itemListElement":[{"@type":"ListItem","position":1,"name":"Product","item":"https:\/\/www.schramas.com\/assortiment\/"},{"@type":"ListItem","position":2,"name":"Bomen &amp; Struiken","item":"https:\/\/www.schramas.com\/product-category\/bomen-struiken\/"},{"@type":"ListItem","position":3,"name":"Specials","item":"https:\/\/www.schramas.com\/product-category\/bomen-struiken\/specials\/"},{"@type":"ListItem","position":4,"name":"Pilaar\/zuil fruit","item":"https:\/\/www.schramas.com\/product-category\/bomen-struiken\/specials\/zuilfruit\/"},{"@type":"ListItem","position":5,"name":"Malus domestica Ballerina &#8216;Flamenco&#8217; zuilappelboom, Kneusje, 7 liter pot"}]},{"@type":"WebSite","@id":"https:\/\/www.schramas.com\/#website","url":"https:\/\/www.schramas.com\/","name":"Schramas.com | Plantes de jardin faciles \u00e0 commander en ligne | En direct de notre p\u00e9pini\u00e8re","description":"","alternateName":"Schramas.com - Alle planten direct van de kweker","potentialAction":[{"@type":"SearchAction","target":{"@type":"EntryPoint","urlTemplate":"https:\/\/www.schramas.com\/?s={search_term_string}"},"query-input":{"@type":"PropertyValueSpecification","valueRequired":true,"valueName":"search_term_string"}}],"inLanguage":"fr-FR"}]}},"_links":{"self":[{"href":"https:\/\/www.schramas.com\/fr\/wp-json\/wp\/v2\/product\/58296","targetHints":{"allow":["GET"]}}],"collection":[{"href":"https:\/\/www.schramas.com\/fr\/wp-json\/wp\/v2\/product"}],"about":[{"href":"https:\/\/www.schramas.com\/fr\/wp-json\/wp\/v2\/types\/product"}],"version-history":[{"count":5,"href":"https:\/\/www.schramas.com\/fr\/wp-json\/wp\/v2\/product\/58296\/revisions"}],"predecessor-version":[{"id":65610,"href":"https:\/\/www.schramas.com\/fr\/wp-json\/wp\/v2\/product\/58296\/revisions\/65610"}],"wp:featuredmedia":[{"embeddable":true,"href":"https:\/\/www.schramas.com\/fr\/wp-json\/wp\/v2\/media\/58297"}],"wp:attachment":[{"href":"https:\/\/www.schramas.com\/fr\/wp-json\/wp\/v2\/media?parent=58296"}],"wp:term":[{"taxonomy":"product_brand","embeddable":true,"href":"https:\/\/www.schramas.com\/fr\/wp-json\/wp\/v2\/product_brand?post=58296"},{"taxonomy":"product_cat","embeddable":true,"href":"https:\/\/www.schramas.com\/fr\/wp-json\/wp\/v2\/product_cat?post=58296"},{"taxonomy":"product_tag","embeddable":true,"href":"https:\/\/www.schramas.com\/fr\/wp-json\/wp\/v2\/product_tag?post=58296"}],"curies":[{"name":"wp","href":"https:\/\/api.w.org\/{rel}","templated":true}]}}