{"id":5897,"date":"2019-10-01T15:38:31","date_gmt":"2019-10-01T13:38:31","guid":{"rendered":"http:\/\/www.schramas.com\/?post_type=product&#038;p=5897"},"modified":"2026-03-26T16:33:24","modified_gmt":"2026-03-26T15:33:24","slug":"myrtille-vaccinium-corymbosum-goldtraube","status":"publish","type":"product","link":"https:\/\/www.schramas.com\/fr\/boutique\/myrtille-vaccinium-corymbosum-goldtraube\/","title":{"rendered":"Vaccinium corymbosum 'Goldtraube' myrtille, pots de 3 x 9 cm"},"content":{"rendered":"<p>Le Goldtraube donne beaucoup de fruits ! Les baies sont de taille moyenne et ont un tr\u00e8s bon go\u00fbt. La baie est tr\u00e8s r\u00e9sistante aux maladies et finit par atteindre une hauteur de 1,5 \u00e0 2 m\u00e8tres. Les myrtilles sont tr\u00e8s saines gr\u00e2ce \u00e0 leur teneur \u00e9lev\u00e9e en vitamine E et en antioxydants. La Goldtraube est une vari\u00e9t\u00e9 mi-tardive, ce qui signifie que les baies m\u00fbrissent en juillet-ao\u00fbt.<\/p>\n<p>Nous livrons ce bleuet en pots de 3 x 9 cm, la hauteur des plants est d&#039;environ 20 cm. Pour jardin, potager ou balcon de schramas.com<\/p>","protected":false},"excerpt":{"rendered":"<p>Vaainium corymbosum 'goldtraube'<\/p>\n<p>Myrtille<\/p>\n<p>Go\u00fbt : doux<\/p>\n<p>Couleur fruits bleu fonc\u00e9.<\/p>\n<p>Hauteur maximale : 1,5 - 2 m\u00e8tres.<\/p>\n<p>Convient aussi bien pour les terrasses que pour les terrains en plein air<\/p>\n<p>Autof\u00e9condation.<\/p>\n<p>Aime les sols acides.<\/p>\n<p>Hardy.<\/p>\n<p>Hauteur de livraison avec pot : +\/_25 cm<\/p>\n<p>Taille du pot : 9 cm.<\/p>","protected":false},"featured_media":20522,"template":"","meta":{"_joinchat":[]},"product_brand":[],"product_cat":[40,262,234],"product_tag":[640,667,666,663,656,351,316],"class_list":{"0":"post-5897","1":"product","2":"type-product","3":"status-publish","4":"has-post-thumbnail","6":"product_cat-blauwe-bessen","7":"product_cat-bomen-struiken","8":"product_cat-fruitstruiken","9":"product_tag-blauwe-bes","10":"product_tag-gold-traube","11":"product_tag-middel","12":"product_tag-vaccinium","13":"product_tag-vitamine","14":"product_tag-winterhard","15":"product_tag-zelfbestuivend","16":"pa_bloeimaanden-mei","17":"pa_groeihoogte-60-150-cm","18":"pa_pot-9-cm-pot","20":"first","21":"instock","22":"taxable","23":"shipping-taxable","24":"purchasable","25":"product-type-simple"},"yoast_head":"<!-- This site is optimized with the Yoast SEO plugin v24.2 - https:\/\/yoast.com\/wordpress\/plugins\/seo\/ -->\n<title>Vaccinium corymbosum &#039;Goldtraube&#039; blauwe bes, 3 x 9 cm potjes kopen | Planten eenvoudig online bestellen | Schramas.com<\/title>\n<meta name=\"robots\" content=\"index, follow, max-snippet:-1, max-image-preview:large, max-video-preview:-1\" \/>\n<link rel=\"canonical\" href=\"https:\/\/www.schramas.com\/fr\/sv\/butik\/blabar-vaccinium-corymbosum-guldtraube\/\" \/>\n<meta property=\"og:locale\" content=\"fr_FR\" \/>\n<meta property=\"og:type\" content=\"article\" \/>\n<meta property=\"og:title\" content=\"Vaccinium corymbosum &#039;Goldtraube&#039; blauwe bes, 3 x 9 cm potjes kopen | Planten eenvoudig online bestellen | Schramas.com\" \/>\n<meta property=\"og:description\" content=\"Vaainium corymbosum &#039;goldtraube&#039;  Blauwe bes  Smaak: zoet  Kleur vrucht donker blauw.  Hoogte max: 1,5 - 2\u00a0 meter.  Geschikt voor zowel patio als volle grond  Zelf bestuivend.  Houd van zure grond.  Winterhard.  Leverhoogte incl. pot: +\/_25 cm  Pot maat: 9 cm.\" \/>\n<meta property=\"og:url\" content=\"https:\/\/www.schramas.com\/fr\/sv\/butik\/blabar-vaccinium-corymbosum-guldtraube\/\" \/>\n<meta property=\"og:site_name\" content=\"Planten eenvoudig online bestellen | Schramas.com\" \/>\n<meta property=\"article:publisher\" content=\"https:\/\/www.facebook.com\/Schramascom-106872874153195\/\" \/>\n<meta property=\"article:modified_time\" content=\"2026-03-26T15:33:24+00:00\" \/>\n<meta property=\"og:image\" content=\"https:\/\/www.schramas.com\/wp-content\/uploads\/2022\/09\/goldtraube-sfeer-9cm.jpg\" \/>\n\t<meta property=\"og:image:width\" content=\"1200\" \/>\n\t<meta property=\"og:image:height\" content=\"1200\" \/>\n\t<meta property=\"og:image:type\" content=\"image\/jpeg\" \/>\n<meta name=\"twitter:card\" content=\"summary_large_image\" \/>\n<script type=\"application\/ld+json\" class=\"yoast-schema-graph\">{\"@context\":\"https:\/\/schema.org\",\"@graph\":[{\"@type\":[\"WebPage\",\"ItemPage\"],\"@id\":\"https:\/\/www.schramas.com\/sv\/butik\/blabar-vaccinium-corymbosum-guldtraube\/\",\"url\":\"https:\/\/www.schramas.com\/sv\/butik\/blabar-vaccinium-corymbosum-guldtraube\/\",\"name\":\"Vaccinium corymbosum 'Goldtraube' blauwe bes, 3 x 9 cm potjes kopen | Planten eenvoudig online bestellen | Schramas.com\",\"isPartOf\":{\"@id\":\"https:\/\/www.schramas.com\/#website\"},\"primaryImageOfPage\":{\"@id\":\"https:\/\/www.schramas.com\/sv\/butik\/blabar-vaccinium-corymbosum-guldtraube\/#primaryimage\"},\"image\":{\"@id\":\"https:\/\/www.schramas.com\/sv\/butik\/blabar-vaccinium-corymbosum-guldtraube\/#primaryimage\"},\"thumbnailUrl\":\"https:\/\/www.schramas.com\/wp-content\/uploads\/2022\/09\/goldtraube-sfeer-9cm.jpg\",\"datePublished\":\"2019-10-01T13:38:31+00:00\",\"dateModified\":\"2026-03-26T15:33:24+00:00\",\"breadcrumb\":{\"@id\":\"https:\/\/www.schramas.com\/sv\/butik\/blabar-vaccinium-corymbosum-guldtraube\/#breadcrumb\"},\"inLanguage\":\"fr-FR\",\"potentialAction\":[{\"@type\":\"ReadAction\",\"target\":[\"https:\/\/www.schramas.com\/sv\/butik\/blabar-vaccinium-corymbosum-guldtraube\/\"]}]},{\"@type\":\"ImageObject\",\"inLanguage\":\"fr-FR\",\"@id\":\"https:\/\/www.schramas.com\/sv\/butik\/blabar-vaccinium-corymbosum-guldtraube\/#primaryimage\",\"url\":\"https:\/\/www.schramas.com\/wp-content\/uploads\/2022\/09\/goldtraube-sfeer-9cm.jpg\",\"contentUrl\":\"https:\/\/www.schramas.com\/wp-content\/uploads\/2022\/09\/goldtraube-sfeer-9cm.jpg\",\"width\":1200,\"height\":1200},{\"@type\":\"BreadcrumbList\",\"@id\":\"https:\/\/www.schramas.com\/sv\/butik\/blabar-vaccinium-corymbosum-guldtraube\/#breadcrumb\",\"itemListElement\":[{\"@type\":\"ListItem\",\"position\":1,\"name\":\"Product\",\"item\":\"https:\/\/www.schramas.com\/assortiment\/\"},{\"@type\":\"ListItem\",\"position\":2,\"name\":\"Bomen &amp; Struiken\",\"item\":\"https:\/\/www.schramas.com\/product-category\/bomen-struiken\/\"},{\"@type\":\"ListItem\",\"position\":3,\"name\":\"Fruitstruiken\",\"item\":\"https:\/\/www.schramas.com\/de\/produktkategorie\/baume-und-straucher\/obststraucher\/\"},{\"@type\":\"ListItem\",\"position\":4,\"name\":\"Blauwe bessen\",\"item\":\"https:\/\/www.schramas.com\/de\/produktkategorie\/baume-und-straucher\/obststraucher\/blaubeeren\/\"},{\"@type\":\"ListItem\",\"position\":5,\"name\":\"Vaccinium corymbosum &#8216;Goldtraube&#8217; blauwe bes, 3 x 9 cm potjes\"}]},{\"@type\":\"WebSite\",\"@id\":\"https:\/\/www.schramas.com\/#website\",\"url\":\"https:\/\/www.schramas.com\/\",\"name\":\"Schramas.com | Tuinplanten eenvoudig online bestellen | Direct van onze Kwekerij\",\"description\":\"\",\"alternateName\":\"Schramas.com - Alle planten direct van de kweker\",\"potentialAction\":[{\"@type\":\"SearchAction\",\"target\":{\"@type\":\"EntryPoint\",\"urlTemplate\":\"https:\/\/www.schramas.com\/?s={search_term_string}\"},\"query-input\":{\"@type\":\"PropertyValueSpecification\",\"valueRequired\":true,\"valueName\":\"search_term_string\"}}],\"inLanguage\":\"fr-FR\"}]}<\/script>\n<!-- \/ Yoast SEO plugin. -->","yoast_head_json":{"title":"Achetez Myrtille Vaccinium corymbosum &#039;Goldtraube&#039;, pots de 3 x 9 cm | Commandez facilement des plantes en ligne | Schramas.com","robots":{"index":"index","follow":"follow","max-snippet":"max-snippet:-1","max-image-preview":"max-image-preview:large","max-video-preview":"max-video-preview:-1"},"canonical":"https:\/\/www.schramas.com\/fr\/sv\/butik\/blabar-vaccinium-corymbosum-guldtraube\/","og_locale":"fr_FR","og_type":"article","og_title":"Vaccinium corymbosum 'Goldtraube' blauwe bes, 3 x 9 cm potjes kopen | Planten eenvoudig online bestellen | Schramas.com","og_description":"Vaainium corymbosum 'goldtraube'  Blauwe bes  Smaak: zoet  Kleur vrucht donker blauw.  Hoogte max: 1,5 - 2\u00a0 meter.  Geschikt voor zowel patio als volle grond  Zelf bestuivend.  Houd van zure grond.  Winterhard.  Leverhoogte incl. pot: +\/_25 cm  Pot maat: 9 cm.","og_url":"https:\/\/www.schramas.com\/fr\/sv\/butik\/blabar-vaccinium-corymbosum-guldtraube\/","og_site_name":"Planten eenvoudig online bestellen | Schramas.com","article_publisher":"https:\/\/www.facebook.com\/Schramascom-106872874153195\/","article_modified_time":"2026-03-26T15:33:24+00:00","og_image":[{"width":1200,"height":1200,"url":"https:\/\/www.schramas.com\/wp-content\/uploads\/2022\/09\/goldtraube-sfeer-9cm.jpg","type":"image\/jpeg"}],"twitter_card":"summary_large_image","schema":{"@context":"https:\/\/schema.org","@graph":[{"@type":["WebPage","ItemPage"],"@id":"https:\/\/www.schramas.com\/sv\/butik\/blabar-vaccinium-corymbosum-guldtraube\/","url":"https:\/\/www.schramas.com\/sv\/butik\/blabar-vaccinium-corymbosum-guldtraube\/","name":"Achetez Myrtille Vaccinium corymbosum &#039;Goldtraube&#039;, pots de 3 x 9 cm | Commandez facilement des plantes en ligne | Schramas.com","isPartOf":{"@id":"https:\/\/www.schramas.com\/#website"},"primaryImageOfPage":{"@id":"https:\/\/www.schramas.com\/sv\/butik\/blabar-vaccinium-corymbosum-guldtraube\/#primaryimage"},"image":{"@id":"https:\/\/www.schramas.com\/sv\/butik\/blabar-vaccinium-corymbosum-guldtraube\/#primaryimage"},"thumbnailUrl":"https:\/\/www.schramas.com\/wp-content\/uploads\/2022\/09\/goldtraube-sfeer-9cm.jpg","datePublished":"2019-10-01T13:38:31+00:00","dateModified":"2026-03-26T15:33:24+00:00","breadcrumb":{"@id":"https:\/\/www.schramas.com\/sv\/butik\/blabar-vaccinium-corymbosum-guldtraube\/#breadcrumb"},"inLanguage":"fr-FR","potentialAction":[{"@type":"ReadAction","target":["https:\/\/www.schramas.com\/sv\/butik\/blabar-vaccinium-corymbosum-guldtraube\/"]}]},{"@type":"ImageObject","inLanguage":"fr-FR","@id":"https:\/\/www.schramas.com\/sv\/butik\/blabar-vaccinium-corymbosum-guldtraube\/#primaryimage","url":"https:\/\/www.schramas.com\/wp-content\/uploads\/2022\/09\/goldtraube-sfeer-9cm.jpg","contentUrl":"https:\/\/www.schramas.com\/wp-content\/uploads\/2022\/09\/goldtraube-sfeer-9cm.jpg","width":1200,"height":1200},{"@type":"BreadcrumbList","@id":"https:\/\/www.schramas.com\/sv\/butik\/blabar-vaccinium-corymbosum-guldtraube\/#breadcrumb","itemListElement":[{"@type":"ListItem","position":1,"name":"Product","item":"https:\/\/www.schramas.com\/assortiment\/"},{"@type":"ListItem","position":2,"name":"Bomen &amp; Struiken","item":"https:\/\/www.schramas.com\/product-category\/bomen-struiken\/"},{"@type":"ListItem","position":3,"name":"Fruitstruiken","item":"https:\/\/www.schramas.com\/de\/produktkategorie\/baume-und-straucher\/obststraucher\/"},{"@type":"ListItem","position":4,"name":"Blauwe bessen","item":"https:\/\/www.schramas.com\/de\/produktkategorie\/baume-und-straucher\/obststraucher\/blaubeeren\/"},{"@type":"ListItem","position":5,"name":"Vaccinium corymbosum &#8216;Goldtraube&#8217; blauwe bes, 3 x 9 cm potjes"}]},{"@type":"WebSite","@id":"https:\/\/www.schramas.com\/#website","url":"https:\/\/www.schramas.com\/","name":"Schramas.com | Plantes de jardin faciles \u00e0 commander en ligne | En direct de notre p\u00e9pini\u00e8re","description":"","alternateName":"Schramas.com - Alle planten direct van de kweker","potentialAction":[{"@type":"SearchAction","target":{"@type":"EntryPoint","urlTemplate":"https:\/\/www.schramas.com\/?s={search_term_string}"},"query-input":{"@type":"PropertyValueSpecification","valueRequired":true,"valueName":"search_term_string"}}],"inLanguage":"fr-FR"}]}},"_links":{"self":[{"href":"https:\/\/www.schramas.com\/fr\/wp-json\/wp\/v2\/product\/5897","targetHints":{"allow":["GET"]}}],"collection":[{"href":"https:\/\/www.schramas.com\/fr\/wp-json\/wp\/v2\/product"}],"about":[{"href":"https:\/\/www.schramas.com\/fr\/wp-json\/wp\/v2\/types\/product"}],"version-history":[{"count":1,"href":"https:\/\/www.schramas.com\/fr\/wp-json\/wp\/v2\/product\/5897\/revisions"}],"predecessor-version":[{"id":44880,"href":"https:\/\/www.schramas.com\/fr\/wp-json\/wp\/v2\/product\/5897\/revisions\/44880"}],"wp:featuredmedia":[{"embeddable":true,"href":"https:\/\/www.schramas.com\/fr\/wp-json\/wp\/v2\/media\/20522"}],"wp:attachment":[{"href":"https:\/\/www.schramas.com\/fr\/wp-json\/wp\/v2\/media?parent=5897"}],"wp:term":[{"taxonomy":"product_brand","embeddable":true,"href":"https:\/\/www.schramas.com\/fr\/wp-json\/wp\/v2\/product_brand?post=5897"},{"taxonomy":"product_cat","embeddable":true,"href":"https:\/\/www.schramas.com\/fr\/wp-json\/wp\/v2\/product_cat?post=5897"},{"taxonomy":"product_tag","embeddable":true,"href":"https:\/\/www.schramas.com\/fr\/wp-json\/wp\/v2\/product_tag?post=5897"}],"curies":[{"name":"wp","href":"https:\/\/api.w.org\/{rel}","templated":true}]}}